{"id":11705,"date":"2018-07-25T08:41:21","date_gmt":"2018-07-25T10:41:21","guid":{"rendered":"http:\/\/rubineta.com\/?page_id=11705"},"modified":"2022-12-15T09:29:34","modified_gmt":"2022-12-15T11:29:34","slug":"we-offer-clients","status":"publish","type":"page","link":"https:\/\/rubineta.com\/en\/we-offer-clients\/","title":{"rendered":"We Offer For Clients"},"content":{"rendered":"<div id=\"pl-11705\"  class=\"panel-layout\" ><div id=\"pg-11705-0\"  class=\"panel-grid panel-has-style\" ><div class=\"panel-row-style panel-row-style-for-11705-0\" ><div id=\"pgc-11705-0-0\"  class=\"panel-grid-cell\" ><div class=\"client-icons panel-cell-style panel-cell-style-for-11705-0-0\" ><div id=\"panel-11705-0-0-0\" class=\"so-panel widget widget_sow-image panel-first-child\" data-index=\"0\" ><div class=\"animate panel-widget-style panel-widget-style-for-11705-0-0-0\" ><div\n\t\t\t\n\t\t\tclass=\"so-widget-sow-image so-widget-sow-image-default-ec555a4be1b6-11705\"\n\t\t\t\n\t\t>\n\n<div class=\"sow-image-container\">\n\t\t<img loading=\"lazy\" decoding=\"async\" src=\"data:image\/gif;base64,R0lGODdhAQABAPAAAP\/\/\/wAAACwAAAAAAQABAEACAkQBADs=\" data-lazy-src=\"https:\/\/rubineta.com\/wp-content\/uploads\/2018\/07\/patvirtinta-kokybe.png\" width=\"128\" height=\"128\" data-lazy-srcset=\"https:\/\/rubineta.com\/wp-content\/uploads\/2018\/07\/patvirtinta-kokybe.png 128w, https:\/\/rubineta.com\/wp-content\/uploads\/2018\/07\/patvirtinta-kokybe-100x100.png 100w, https:\/\/rubineta.com\/wp-content\/uploads\/2018\/07\/patvirtinta-kokybe-72x72.png 72w\" data-lazy-sizes=\"auto, (max-width: 128px) 100vw, 128px\" title=\"Patvirtinta kokyb\u0117\" alt=\"\" \t\tclass=\"so-widget-image\"\/><noscript><img loading=\"lazy\" decoding=\"async\" src=\"https:\/\/rubineta.com\/wp-content\/uploads\/2018\/07\/patvirtinta-kokybe.png\" width=\"128\" height=\"128\" srcset=\"https:\/\/rubineta.com\/wp-content\/uploads\/2018\/07\/patvirtinta-kokybe.png 128w, https:\/\/rubineta.com\/wp-content\/uploads\/2018\/07\/patvirtinta-kokybe-100x100.png 100w, https:\/\/rubineta.com\/wp-content\/uploads\/2018\/07\/patvirtinta-kokybe-72x72.png 72w\" sizes=\"auto, (max-width: 128px) 100vw, 128px\" title=\"Patvirtinta kokyb\u0117\" alt=\"\" \t\tclass=\"so-widget-image\"\/><\/noscript>\n\t<\/div>\n\n<\/div><\/div><\/div><div id=\"panel-11705-0-0-1\" class=\"so-panel widget widget_sow-editor panel-last-child\" data-index=\"1\" ><div\n\t\t\t\n\t\t\tclass=\"so-widget-sow-editor so-widget-sow-editor-base\"\n\t\t\t\n\t\t>\n<div class=\"siteorigin-widget-tinymce textwidget\">\n\t<h3><strong>High Quality <\/strong><\/h3>\n<div class=\"dash style-dark\"><\/div>\n<p>\u201cTriple Check\u201d quality control system for design, production and assembly, 100% product testing<\/p>\n<\/div>\n<\/div><\/div><\/div><\/div><div id=\"pgc-11705-0-1\"  class=\"panel-grid-cell\" ><div class=\"client-icons panel-cell-style panel-cell-style-for-11705-0-1\" ><div id=\"panel-11705-0-1-0\" class=\"so-panel widget widget_sow-image panel-first-child\" data-index=\"2\" ><div class=\"animate panel-widget-style panel-widget-style-for-11705-0-1-0\" ><div\n\t\t\t\n\t\t\tclass=\"so-widget-sow-image so-widget-sow-image-default-ec555a4be1b6-11705\"\n\t\t\t\n\t\t>\n\n<div class=\"sow-image-container\">\n\t\t<img loading=\"lazy\" decoding=\"async\" src=\"data:image\/gif;base64,R0lGODdhAQABAPAAAP\/\/\/wAAACwAAAAAAQABAEACAkQBADs=\" data-lazy-src=\"https:\/\/rubineta.com\/wp-content\/uploads\/2018\/07\/platus-asortimentas.png\" width=\"128\" height=\"128\" data-lazy-srcset=\"https:\/\/rubineta.com\/wp-content\/uploads\/2018\/07\/platus-asortimentas.png 128w, https:\/\/rubineta.com\/wp-content\/uploads\/2018\/07\/platus-asortimentas-100x100.png 100w, https:\/\/rubineta.com\/wp-content\/uploads\/2018\/07\/platus-asortimentas-72x72.png 72w\" data-lazy-sizes=\"auto, (max-width: 128px) 100vw, 128px\" title=\"Patvirtinta kokyb\u0117\" alt=\"platus asortimentas\" \t\tclass=\"so-widget-image\"\/><noscript><img loading=\"lazy\" decoding=\"async\" src=\"https:\/\/rubineta.com\/wp-content\/uploads\/2018\/07\/platus-asortimentas.png\" width=\"128\" height=\"128\" srcset=\"https:\/\/rubineta.com\/wp-content\/uploads\/2018\/07\/platus-asortimentas.png 128w, https:\/\/rubineta.com\/wp-content\/uploads\/2018\/07\/platus-asortimentas-100x100.png 100w, https:\/\/rubineta.com\/wp-content\/uploads\/2018\/07\/platus-asortimentas-72x72.png 72w\" sizes=\"auto, (max-width: 128px) 100vw, 128px\" title=\"Patvirtinta kokyb\u0117\" alt=\"platus asortimentas\" \t\tclass=\"so-widget-image\"\/><\/noscript>\n\t<\/div>\n\n<\/div><\/div><\/div><div id=\"panel-11705-0-1-1\" class=\"so-panel widget widget_sow-editor panel-last-child\" data-index=\"3\" ><div\n\t\t\t\n\t\t\tclass=\"so-widget-sow-editor so-widget-sow-editor-base\"\n\t\t\t\n\t\t>\n<div class=\"siteorigin-widget-tinymce textwidget\">\n\t<h3><strong>Wide Assortment<\/strong><\/h3>\n<p><div class=\"dash style-dark\"><\/div><br \/>\nWe help to form the most popular assortment for the client, which will ensure stable profit and quick turnover of products<\/p>\n<\/div>\n<\/div><\/div><\/div><\/div><div id=\"pgc-11705-0-2\"  class=\"panel-grid-cell\" ><div class=\"client-icons panel-cell-style panel-cell-style-for-11705-0-2\" ><div id=\"panel-11705-0-2-0\" class=\"so-panel widget widget_sow-image panel-first-child\" data-index=\"4\" ><div class=\"animate panel-widget-style panel-widget-style-for-11705-0-2-0\" ><div\n\t\t\t\n\t\t\tclass=\"so-widget-sow-image so-widget-sow-image-default-ec555a4be1b6-11705\"\n\t\t\t\n\t\t>\n\n<div class=\"sow-image-container\">\n\t\t<img loading=\"lazy\" decoding=\"async\" src=\"data:image\/gif;base64,R0lGODdhAQABAPAAAP\/\/\/wAAACwAAAAAAQABAEACAkQBADs=\" data-lazy-src=\"https:\/\/rubineta.com\/wp-content\/uploads\/2018\/07\/pristatymas.png\" width=\"128\" height=\"128\" data-lazy-srcset=\"https:\/\/rubineta.com\/wp-content\/uploads\/2018\/07\/pristatymas.png 128w, https:\/\/rubineta.com\/wp-content\/uploads\/2018\/07\/pristatymas-100x100.png 100w, https:\/\/rubineta.com\/wp-content\/uploads\/2018\/07\/pristatymas-72x72.png 72w\" data-lazy-sizes=\"auto, (max-width: 128px) 100vw, 128px\" title=\"Patvirtinta kokyb\u0117 \" alt=\"pristatymas\" \t\tclass=\"so-widget-image\"\/><noscript><img loading=\"lazy\" decoding=\"async\" src=\"https:\/\/rubineta.com\/wp-content\/uploads\/2018\/07\/pristatymas.png\" width=\"128\" height=\"128\" srcset=\"https:\/\/rubineta.com\/wp-content\/uploads\/2018\/07\/pristatymas.png 128w, https:\/\/rubineta.com\/wp-content\/uploads\/2018\/07\/pristatymas-100x100.png 100w, https:\/\/rubineta.com\/wp-content\/uploads\/2018\/07\/pristatymas-72x72.png 72w\" sizes=\"auto, (max-width: 128px) 100vw, 128px\" title=\"Patvirtinta kokyb\u0117 \" alt=\"pristatymas\" \t\tclass=\"so-widget-image\"\/><\/noscript>\n\t<\/div>\n\n<\/div><\/div><\/div><div id=\"panel-11705-0-2-1\" class=\"so-panel widget widget_sow-editor panel-last-child\" data-index=\"5\" ><div\n\t\t\t\n\t\t\tclass=\"so-widget-sow-editor so-widget-sow-editor-base\"\n\t\t\t\n\t\t>\n<div class=\"siteorigin-widget-tinymce textwidget\">\n\t<h3><strong>Prompt Delivery<\/strong><\/h3>\n<div class=\"dash style-dark\"><\/div>\n<p>We respond promptly to requests from our partners and deliver our products safely<\/p>\n<\/div>\n<\/div><\/div><\/div><\/div><\/div><\/div><div id=\"pg-11705-1\"  class=\"panel-grid panel-has-style\" ><div class=\"panel-row-style panel-row-style-for-11705-1\" ><div id=\"pgc-11705-1-0\"  class=\"panel-grid-cell\" ><div class=\"client-icons panel-cell-style panel-cell-style-for-11705-1-0\" ><div id=\"panel-11705-1-0-0\" class=\"so-panel widget widget_sow-image panel-first-child\" data-index=\"6\" ><div class=\"animate panel-widget-style panel-widget-style-for-11705-1-0-0\" ><div\n\t\t\t\n\t\t\tclass=\"so-widget-sow-image so-widget-sow-image-default-ec555a4be1b6-11705\"\n\t\t\t\n\t\t>\n\n<div class=\"sow-image-container\">\n\t\t<img loading=\"lazy\" decoding=\"async\" src=\"data:image\/gif;base64,R0lGODdhAQABAPAAAP\/\/\/wAAACwAAAAAAQABAEACAkQBADs=\" data-lazy-src=\"https:\/\/rubineta.com\/wp-content\/uploads\/2018\/07\/pardavimai.png\" width=\"128\" height=\"128\" data-lazy-srcset=\"https:\/\/rubineta.com\/wp-content\/uploads\/2018\/07\/pardavimai.png 128w, https:\/\/rubineta.com\/wp-content\/uploads\/2018\/07\/pardavimai-100x100.png 100w, https:\/\/rubineta.com\/wp-content\/uploads\/2018\/07\/pardavimai-72x72.png 72w\" data-lazy-sizes=\"auto, (max-width: 128px) 100vw, 128px\" title=\"Patvirtinta kokyb\u0117 \" alt=\"pardavimai\" \t\tclass=\"so-widget-image\"\/><noscript><img loading=\"lazy\" decoding=\"async\" src=\"https:\/\/rubineta.com\/wp-content\/uploads\/2018\/07\/pardavimai.png\" width=\"128\" height=\"128\" srcset=\"https:\/\/rubineta.com\/wp-content\/uploads\/2018\/07\/pardavimai.png 128w, https:\/\/rubineta.com\/wp-content\/uploads\/2018\/07\/pardavimai-100x100.png 100w, https:\/\/rubineta.com\/wp-content\/uploads\/2018\/07\/pardavimai-72x72.png 72w\" sizes=\"auto, (max-width: 128px) 100vw, 128px\" title=\"Patvirtinta kokyb\u0117 \" alt=\"pardavimai\" \t\tclass=\"so-widget-image\"\/><\/noscript>\n\t<\/div>\n\n<\/div><\/div><\/div><div id=\"panel-11705-1-0-1\" class=\"so-panel widget widget_sow-editor panel-last-child\" data-index=\"7\" ><div\n\t\t\t\n\t\t\tclass=\"so-widget-sow-editor so-widget-sow-editor-base\"\n\t\t\t\n\t\t>\n<div class=\"siteorigin-widget-tinymce textwidget\">\n\t<h3><strong>Sales Promotion<\/strong><\/h3>\n<div class=\"dash style-dark\"><\/div>\n<p>We provide a proven business model of sales, trainings and motivate your sellers, provide marketing materials.<\/p>\n<\/div>\n<\/div><\/div><\/div><\/div><div id=\"pgc-11705-1-1\"  class=\"panel-grid-cell\" ><div class=\"client-icons panel-cell-style panel-cell-style-for-11705-1-1\" ><div id=\"panel-11705-1-1-0\" class=\"so-panel widget widget_sow-image panel-first-child\" data-index=\"8\" ><div class=\"animate panel-widget-style panel-widget-style-for-11705-1-1-0\" ><div\n\t\t\t\n\t\t\tclass=\"so-widget-sow-image so-widget-sow-image-default-ec555a4be1b6-11705\"\n\t\t\t\n\t\t>\n\n<div class=\"sow-image-container\">\n\t\t<img loading=\"lazy\" decoding=\"async\" src=\"data:image\/gif;base64,R0lGODdhAQABAPAAAP\/\/\/wAAACwAAAAAAQABAEACAkQBADs=\" data-lazy-src=\"https:\/\/rubineta.com\/wp-content\/uploads\/2018\/07\/garantinis-aptarnavimas.png\" width=\"128\" height=\"128\" data-lazy-srcset=\"https:\/\/rubineta.com\/wp-content\/uploads\/2018\/07\/garantinis-aptarnavimas.png 128w, https:\/\/rubineta.com\/wp-content\/uploads\/2018\/07\/garantinis-aptarnavimas-100x100.png 100w, https:\/\/rubineta.com\/wp-content\/uploads\/2018\/07\/garantinis-aptarnavimas-72x72.png 72w\" data-lazy-sizes=\"auto, (max-width: 128px) 100vw, 128px\" title=\"Patvirtinta kokyb\u0117 \" alt=\"\" \t\tclass=\"so-widget-image\"\/><noscript><img loading=\"lazy\" decoding=\"async\" src=\"https:\/\/rubineta.com\/wp-content\/uploads\/2018\/07\/garantinis-aptarnavimas.png\" width=\"128\" height=\"128\" srcset=\"https:\/\/rubineta.com\/wp-content\/uploads\/2018\/07\/garantinis-aptarnavimas.png 128w, https:\/\/rubineta.com\/wp-content\/uploads\/2018\/07\/garantinis-aptarnavimas-100x100.png 100w, https:\/\/rubineta.com\/wp-content\/uploads\/2018\/07\/garantinis-aptarnavimas-72x72.png 72w\" sizes=\"auto, (max-width: 128px) 100vw, 128px\" title=\"Patvirtinta kokyb\u0117 \" alt=\"\" \t\tclass=\"so-widget-image\"\/><\/noscript>\n\t<\/div>\n\n<\/div><\/div><\/div><div id=\"panel-11705-1-1-1\" class=\"so-panel widget widget_sow-editor panel-last-child\" data-index=\"9\" ><div\n\t\t\t\n\t\t\tclass=\"so-widget-sow-editor so-widget-sow-editor-base\"\n\t\t\t\n\t\t>\n<div class=\"siteorigin-widget-tinymce textwidget\">\n\t<h3><strong>Warranty Service<\/strong><\/h3>\n<div class=\"dash style-dark\"><\/div>\n<p>We open service centers in your region for warranty and post-warranty service.<\/p>\n<\/div>\n<\/div><\/div><\/div><\/div><div id=\"pgc-11705-1-2\"  class=\"panel-grid-cell\" ><div class=\"client-icons panel-cell-style panel-cell-style-for-11705-1-2\" ><div id=\"panel-11705-1-2-0\" class=\"so-panel widget widget_sow-image panel-first-child\" data-index=\"10\" ><div class=\"animate panel-widget-style panel-widget-style-for-11705-1-2-0\" ><div\n\t\t\t\n\t\t\tclass=\"so-widget-sow-image so-widget-sow-image-default-ec555a4be1b6-11705\"\n\t\t\t\n\t\t>\n\n<div class=\"sow-image-container\">\n\t\t<img loading=\"lazy\" decoding=\"async\" src=\"data:image\/gif;base64,R0lGODdhAQABAPAAAP\/\/\/wAAACwAAAAAAQABAEACAkQBADs=\" data-lazy-src=\"https:\/\/rubineta.com\/wp-content\/uploads\/2018\/07\/draudimas.png\" width=\"128\" height=\"128\" data-lazy-srcset=\"https:\/\/rubineta.com\/wp-content\/uploads\/2018\/07\/draudimas.png 128w, https:\/\/rubineta.com\/wp-content\/uploads\/2018\/07\/draudimas-100x100.png 100w, https:\/\/rubineta.com\/wp-content\/uploads\/2018\/07\/draudimas-72x72.png 72w\" data-lazy-sizes=\"auto, (max-width: 128px) 100vw, 128px\" title=\"Patvirtinta kokyb\u0117 \" alt=\"\" \t\tclass=\"so-widget-image\"\/><noscript><img loading=\"lazy\" decoding=\"async\" src=\"https:\/\/rubineta.com\/wp-content\/uploads\/2018\/07\/draudimas.png\" width=\"128\" height=\"128\" srcset=\"https:\/\/rubineta.com\/wp-content\/uploads\/2018\/07\/draudimas.png 128w, https:\/\/rubineta.com\/wp-content\/uploads\/2018\/07\/draudimas-100x100.png 100w, https:\/\/rubineta.com\/wp-content\/uploads\/2018\/07\/draudimas-72x72.png 72w\" sizes=\"auto, (max-width: 128px) 100vw, 128px\" title=\"Patvirtinta kokyb\u0117 \" alt=\"\" \t\tclass=\"so-widget-image\"\/><\/noscript>\n\t<\/div>\n\n<\/div><\/div><\/div><div id=\"panel-11705-1-2-1\" class=\"so-panel widget widget_sow-editor panel-last-child\" data-index=\"11\" ><div\n\t\t\t\n\t\t\tclass=\"so-widget-sow-editor so-widget-sow-editor-base\"\n\t\t\t\n\t\t>\n<div class=\"siteorigin-widget-tinymce textwidget\">\n\t<h3><strong>Civil Liability Insurance<\/strong><\/h3>\n<div class=\"dash style-dark\"><\/div>\n<p>Compensation of damage to property under current civil liability insurance. <\/p>\n<\/div>\n<\/div><\/div><\/div><\/div><\/div><\/div><div id=\"pg-11705-2\"  class=\"panel-grid panel-has-style\" ><div class=\"siteorigin-panels-stretch panel-row-style panel-row-style-for-11705-2\" data-stretch-type=\"full\" ><div id=\"pgc-11705-2-0\"  class=\"panel-grid-cell panel-grid-cell-mobile-last\" ><div id=\"panel-11705-2-0-0\" class=\"so-panel widget widget_sow-editor panel-first-child panel-last-child\" data-index=\"12\" ><div class=\"shadow-box panel-widget-style panel-widget-style-for-11705-2-0-0\" ><div\n\t\t\t\n\t\t\tclass=\"so-widget-sow-editor so-widget-sow-editor-base\"\n\t\t\t\n\t\t>\n<div class=\"siteorigin-widget-tinymce textwidget\">\n\t<span class=\"subtitle dash-true style-dark\">WANT TO BECOME OUR PARTNER?<\/span>\n<h2><strong>Fill the form and we will contact you!<\/strong><\/h2>\n<div class=\"siteorigin-widget-tinymce textwidget\">\n<div class=\"wpcf7 no-js\" id=\"wpcf7-f16269-o1\" lang=\"lt-LT\" dir=\"ltr\" data-wpcf7-id=\"16269\">\n<div class=\"screen-reader-response\"><p role=\"status\" aria-live=\"polite\" aria-atomic=\"true\"><\/p> <ul><\/ul><\/div>\n<form action=\"\/en\/wp-json\/wp\/v2\/pages\/11705#wpcf7-f16269-o1\" method=\"post\" class=\"wpcf7-form init\" aria-label=\"Kontakt\u0173 forma\" novalidate=\"novalidate\" data-status=\"init\">\n<div style=\"display: none;\">\n<input type=\"hidden\" name=\"_wpcf7\" value=\"16269\" \/>\n<input type=\"hidden\" name=\"_wpcf7_version\" value=\"6.0.1\" \/>\n<input type=\"hidden\" name=\"_wpcf7_locale\" value=\"lt_LT\" \/>\n<input type=\"hidden\" name=\"_wpcf7_unit_tag\" value=\"wpcf7-f16269-o1\" \/>\n<input type=\"hidden\" name=\"_wpcf7_container_post\" value=\"0\" \/>\n<input type=\"hidden\" name=\"_wpcf7_posted_data_hash\" value=\"\" \/>\n<input type=\"hidden\" name=\"_wpcf7_recaptcha_response\" value=\"\" \/>\n<\/div>\n<p><label> Your company name*<br \/>\n<span class=\"wpcf7-form-control-wrap\" data-name=\"text-817\"><input size=\"40\" maxlength=\"400\" class=\"wpcf7-form-control wpcf7-text wpcf7-validates-as-required custom-registration\" aria-required=\"true\" aria-invalid=\"false\" value=\"\" type=\"text\" name=\"text-817\" \/><\/span> <\/label>\n<\/p>\n<p><label> Your name, surname*<br \/>\n<span class=\"wpcf7-form-control-wrap\" data-name=\"text-818\"><input size=\"40\" maxlength=\"400\" class=\"wpcf7-form-control wpcf7-text wpcf7-validates-as-required custom-registration\" aria-required=\"true\" aria-invalid=\"false\" value=\"\" type=\"text\" name=\"text-818\" \/><\/span> <\/label>\n<\/p>\n<p><label> Email*<br \/>\n<span class=\"wpcf7-form-control-wrap\" data-name=\"email-482\"><input size=\"40\" maxlength=\"400\" class=\"wpcf7-form-control wpcf7-email wpcf7-validates-as-required wpcf7-text wpcf7-validates-as-email custom-registration\" aria-required=\"true\" aria-invalid=\"false\" value=\"\" type=\"email\" name=\"email-482\" \/><\/span> <\/label>\n<\/p>\n<p><label> Phone number*<br \/>\n<span class=\"wpcf7-form-control-wrap\" data-name=\"tel-65\"><input size=\"40\" maxlength=\"400\" class=\"wpcf7-form-control wpcf7-tel wpcf7-validates-as-required wpcf7-text wpcf7-validates-as-tel custom-registration\" aria-required=\"true\" aria-invalid=\"false\" value=\"\" type=\"tel\" name=\"tel-65\" \/><\/span> <\/label>\n<\/p>\n<p><label> Area*<br \/>\n<span class=\"wpcf7-form-control-wrap\" data-name=\"menu-788\"><select class=\"wpcf7-form-control wpcf7-select wpcf7-validates-as-required custom-registration\" aria-required=\"true\" aria-invalid=\"false\" name=\"menu-788\"><option value=\"Faucets\">Faucets<\/option><option value=\"Other products\">Other products<\/option><\/select><\/span> <\/label>\n<\/p>\n<p><label> Quantity*<br \/>\n<span class=\"wpcf7-form-control-wrap\" data-name=\"menu-789\"><select class=\"wpcf7-form-control wpcf7-select wpcf7-validates-as-required custom-registration\" aria-required=\"true\" aria-invalid=\"false\" name=\"menu-789\"><option value=\"250 - 1250\">250 - 1250<\/option><option value=\"1250 - 2500\">1250 - 2500<\/option><option value=\"&lt;2500\">&lt;2500<\/option><\/select><\/span> <\/label>\n<\/p>\n<p><label>Message<\/label><br \/>\n<span class=\"wpcf7-form-control-wrap\" data-name=\"your-message\"><textarea cols=\"5\" rows=\"1\" maxlength=\"2000\" class=\"wpcf7-form-control wpcf7-textarea wpcf7-validates-as-required\" aria-required=\"true\" aria-invalid=\"false\" name=\"your-message\"><\/textarea><\/span>\n<\/p>\n<p><span class=\"wpcf7-form-control-wrap\" data-name=\"acceptance-228\"><span class=\"wpcf7-form-control wpcf7-acceptance\"><span class=\"wpcf7-list-item\"><label><input type=\"checkbox\" name=\"acceptance-228\" value=\"1\" class=\"custom-acceptance\" aria-invalid=\"false\" \/><span class=\"wpcf7-list-item-label\">I agree that my personal data will be processed in accordance with the privacy policy of Rubineta. You can always revoke this consent by writing an email to hello@rubineta.com<\/span><\/label><\/span><\/span><\/span>\n<\/p>\n<p><input class=\"wpcf7-form-control wpcf7-submit has-spinner\" type=\"submit\" value=\"Registration\" \/>\n<\/p>\n<p>*Required fields\n<\/p><div class=\"wpcf7-response-output\" aria-hidden=\"true\"><\/div>\n<\/form>\n<\/div>\n<\/div>\n<\/div>\n<\/div><\/div><\/div><\/div><div id=\"pgc-11705-2-1\"  class=\"panel-grid-cell panel-grid-cell-empty\" ><\/div><\/div><\/div><\/div>","protected":false},"excerpt":{"rendered":"<p>High Quality \u201cTriple Check\u201d quality control system for design, production and assembly, 100% product testing Wide Assortment We help to [&hellip;]<\/p>\n","protected":false},"author":1,"featured_media":0,"parent":0,"menu_order":0,"comment_status":"closed","ping_status":"closed","template":"","meta":{"footnotes":""},"class_list":["post-11705","page","type-page","status-publish","hentry"],"yoast_head":"<!-- This site is optimized with the Yoast SEO plugin v23.9 - https:\/\/yoast.com\/wordpress\/plugins\/seo\/ -->\n<title>We Offer For Clients | RUBINETA<\/title>\n<meta name=\"description\" content=\"RUBINETA su visais savo klientais stengiasi u\u017emegzti ilgalaikius, glaud\u017eius, abipusiai naudingus partneryst\u0117s ry\u0161ius ir kartu siekti bendro tikslo.\" \/>\n<meta name=\"robots\" content=\"index, follow, max-snippet:-1, max-image-preview:large, max-video-preview:-1\" \/>\n<link rel=\"canonical\" href=\"https:\/\/rubineta.com\/lv\/we-offer-clients\/\" \/>\n<meta name=\"twitter:label1\" content=\"Est. reading time\" \/>\n\t<meta name=\"twitter:data1\" content=\"3 minutes\" \/>\n<script type=\"application\/ld+json\" class=\"yoast-schema-graph\">{\"@context\":\"https:\/\/schema.org\",\"@graph\":[{\"@type\":\"WebPage\",\"@id\":\"https:\/\/rubineta.com\/lv\/we-offer-clients\/\",\"url\":\"https:\/\/rubineta.com\/lv\/we-offer-clients\/\",\"name\":\"[:lt]Klientams si\u016blome[:en]We Offer For Clients[:ru]\u041c\u044b \u043f\u0440\u0435\u0434\u043b\u0430\u0433\u0430\u0435\u043c \u043a\u043b\u0438\u0435\u043d\u0442\u0430\u043c[:lv]Klientiem[:] | RUBINETA\",\"isPartOf\":{\"@id\":\"https:\/\/rubineta.com\/#website\"},\"datePublished\":\"2018-07-25T10:41:21+00:00\",\"dateModified\":\"2022-12-15T11:29:34+00:00\",\"description\":\"RUBINETA su visais savo klientais stengiasi u\u017emegzti ilgalaikius, glaud\u017eius, abipusiai naudingus partneryst\u0117s ry\u0161ius ir kartu siekti bendro tikslo.\",\"breadcrumb\":{\"@id\":\"https:\/\/rubineta.com\/lv\/we-offer-clients\/#breadcrumb\"},\"inLanguage\":\"en-US\",\"potentialAction\":[{\"@type\":\"ReadAction\",\"target\":[\"https:\/\/rubineta.com\/lv\/we-offer-clients\/\"]}]},{\"@type\":\"BreadcrumbList\",\"@id\":\"https:\/\/rubineta.com\/lv\/we-offer-clients\/#breadcrumb\",\"itemListElement\":[{\"@type\":\"ListItem\",\"position\":1,\"name\":\"Home\",\"item\":\"https:\/\/rubineta.com\/lv\/\"},{\"@type\":\"ListItem\",\"position\":2,\"name\":\"Klientiem\"}]},{\"@type\":\"WebSite\",\"@id\":\"https:\/\/rubineta.com\/#website\",\"url\":\"https:\/\/rubineta.com\/\",\"name\":\"Rubineta - Quality And Reliable Sanitary Fittings\",\"description\":\"High Quality And Reliable Faucets\",\"publisher\":{\"@id\":\"https:\/\/rubineta.com\/#organization\"},\"potentialAction\":[{\"@type\":\"SearchAction\",\"target\":{\"@type\":\"EntryPoint\",\"urlTemplate\":\"https:\/\/rubineta.com\/?s={search_term_string}\"},\"query-input\":{\"@type\":\"PropertyValueSpecification\",\"valueRequired\":true,\"valueName\":\"search_term_string\"}}],\"inLanguage\":\"en-US\"},{\"@type\":\"Organization\",\"@id\":\"https:\/\/rubineta.com\/#organization\",\"name\":\"RUBINETA\",\"url\":\"https:\/\/rubineta.com\/\",\"logo\":{\"@type\":\"ImageObject\",\"inLanguage\":\"en-US\",\"@id\":\"https:\/\/rubineta.com\/#\/schema\/logo\/image\/\",\"url\":\"https:\/\/rubineta.com\/wp-content\/uploads\/2020\/07\/RUBINETA-logo.jpg\",\"contentUrl\":\"https:\/\/rubineta.com\/wp-content\/uploads\/2020\/07\/RUBINETA-logo.jpg\",\"width\":825,\"height\":456,\"caption\":\"RUBINETA\"},\"image\":{\"@id\":\"https:\/\/rubineta.com\/#\/schema\/logo\/image\/\"}}]}<\/script>\n<!-- \/ Yoast SEO plugin. -->","yoast_head_json":{"title":"[:lt]Klientams si\u016blome[:en]We Offer For Clients[:ru]\u041c\u044b \u043f\u0440\u0435\u0434\u043b\u0430\u0433\u0430\u0435\u043c \u043a\u043b\u0438\u0435\u043d\u0442\u0430\u043c[:lv]Klientiem[:] | RUBINETA","description":"RUBINETA su visais savo klientais stengiasi u\u017emegzti ilgalaikius, glaud\u017eius, abipusiai naudingus partneryst\u0117s ry\u0161ius ir kartu siekti bendro tikslo.","robots":{"index":"index","follow":"follow","max-snippet":"max-snippet:-1","max-image-preview":"max-image-preview:large","max-video-preview":"max-video-preview:-1"},"canonical":"https:\/\/rubineta.com\/lv\/we-offer-clients\/","twitter_misc":{"Est. reading time":"3 minutes"},"schema":{"@context":"https:\/\/schema.org","@graph":[{"@type":"WebPage","@id":"https:\/\/rubineta.com\/lv\/we-offer-clients\/","url":"https:\/\/rubineta.com\/lv\/we-offer-clients\/","name":"[:lt]Klientams si\u016blome[:en]We Offer For Clients[:ru]\u041c\u044b \u043f\u0440\u0435\u0434\u043b\u0430\u0433\u0430\u0435\u043c \u043a\u043b\u0438\u0435\u043d\u0442\u0430\u043c[:lv]Klientiem[:] | RUBINETA","isPartOf":{"@id":"https:\/\/rubineta.com\/#website"},"datePublished":"2018-07-25T10:41:21+00:00","dateModified":"2022-12-15T11:29:34+00:00","description":"RUBINETA su visais savo klientais stengiasi u\u017emegzti ilgalaikius, glaud\u017eius, abipusiai naudingus partneryst\u0117s ry\u0161ius ir kartu siekti bendro tikslo.","breadcrumb":{"@id":"https:\/\/rubineta.com\/lv\/we-offer-clients\/#breadcrumb"},"inLanguage":"en-US","potentialAction":[{"@type":"ReadAction","target":["https:\/\/rubineta.com\/lv\/we-offer-clients\/"]}]},{"@type":"BreadcrumbList","@id":"https:\/\/rubineta.com\/lv\/we-offer-clients\/#breadcrumb","itemListElement":[{"@type":"ListItem","position":1,"name":"Home","item":"https:\/\/rubineta.com\/lv\/"},{"@type":"ListItem","position":2,"name":"Klientiem"}]},{"@type":"WebSite","@id":"https:\/\/rubineta.com\/#website","url":"https:\/\/rubineta.com\/","name":"Rubineta - Quality And Reliable Sanitary Fittings","description":"High Quality And Reliable Faucets","publisher":{"@id":"https:\/\/rubineta.com\/#organization"},"potentialAction":[{"@type":"SearchAction","target":{"@type":"EntryPoint","urlTemplate":"https:\/\/rubineta.com\/?s={search_term_string}"},"query-input":{"@type":"PropertyValueSpecification","valueRequired":true,"valueName":"search_term_string"}}],"inLanguage":"en-US"},{"@type":"Organization","@id":"https:\/\/rubineta.com\/#organization","name":"RUBINETA","url":"https:\/\/rubineta.com\/","logo":{"@type":"ImageObject","inLanguage":"en-US","@id":"https:\/\/rubineta.com\/#\/schema\/logo\/image\/","url":"https:\/\/rubineta.com\/wp-content\/uploads\/2020\/07\/RUBINETA-logo.jpg","contentUrl":"https:\/\/rubineta.com\/wp-content\/uploads\/2020\/07\/RUBINETA-logo.jpg","width":825,"height":456,"caption":"RUBINETA"},"image":{"@id":"https:\/\/rubineta.com\/#\/schema\/logo\/image\/"}}]}},"_links":{"self":[{"href":"https:\/\/rubineta.com\/en\/wp-json\/wp\/v2\/pages\/11705","targetHints":{"allow":["GET"]}}],"collection":[{"href":"https:\/\/rubineta.com\/en\/wp-json\/wp\/v2\/pages"}],"about":[{"href":"https:\/\/rubineta.com\/en\/wp-json\/wp\/v2\/types\/page"}],"author":[{"embeddable":true,"href":"https:\/\/rubineta.com\/en\/wp-json\/wp\/v2\/users\/1"}],"replies":[{"embeddable":true,"href":"https:\/\/rubineta.com\/en\/wp-json\/wp\/v2\/comments?post=11705"}],"version-history":[{"count":2,"href":"https:\/\/rubineta.com\/en\/wp-json\/wp\/v2\/pages\/11705\/revisions"}],"predecessor-version":[{"id":25543,"href":"https:\/\/rubineta.com\/en\/wp-json\/wp\/v2\/pages\/11705\/revisions\/25543"}],"wp:attachment":[{"href":"https:\/\/rubineta.com\/en\/wp-json\/wp\/v2\/media?parent=11705"}],"curies":[{"name":"wp","href":"https:\/\/api.w.org\/{rel}","templated":true}]}}