{"id":11992,"date":"2018-07-31T07:02:27","date_gmt":"2018-07-31T09:02:27","guid":{"rendered":"http:\/\/rubineta.com\/?page_id=11992"},"modified":"2022-01-10T07:10:02","modified_gmt":"2022-01-10T09:10:02","slug":"apie-rubineta","status":"publish","type":"page","link":"https:\/\/rubineta.com\/en\/apie-rubineta\/","title":{"rendered":"About RUBINETA"},"content":{"rendered":"<div id=\"pl-11992\"  class=\"panel-layout\" ><div id=\"pg-11992-0\"  class=\"panel-grid panel-has-style\" ><div class=\"panel-row-style panel-row-style-for-11992-0\" ><div id=\"pgc-11992-0-0\"  class=\"panel-grid-cell\" ><div id=\"panel-11992-0-0-0\" class=\"so-panel widget widget_nav_menu panel-first-child panel-last-child\" data-index=\"0\" ><div class=\"produktas-sidebar panel-widget-style panel-widget-style-for-11992-0-0-0\" ><h3 class=\"widget-title\">Get acquainted<\/h3><div class=\"menu-apie-imone-container\"><ul id=\"menu-apie-imone\" class=\"menu\"><li id=\"menu-item-16190\" class=\"menu-item menu-item-type-post_type menu-item-object-page menu-item-16190\"><a href=\"https:\/\/rubineta.com\/en\/apie-rubineta\/\">About Company<\/a><\/li>\n<li id=\"menu-item-16187\" class=\"menu-item menu-item-type-post_type menu-item-object-page menu-item-16187\"><a href=\"https:\/\/rubineta.com\/en\/timeline\/\">Timeline<\/a><\/li>\n<li id=\"menu-item-16189\" class=\"menu-item menu-item-type-post_type menu-item-object-page menu-item-16189\"><a href=\"https:\/\/rubineta.com\/en\/kaip-gimsta-rubineta-maisytuvai\/\">How RUBINETA faucets are made<\/a><\/li>\n<li id=\"menu-item-16188\" class=\"menu-item menu-item-type-post_type menu-item-object-page menu-item-16188\"><a href=\"https:\/\/rubineta.com\/en\/career\/\">Career<\/a><\/li>\n<\/ul><\/div><\/div><\/div><\/div><div id=\"pgc-11992-0-1\"  class=\"panel-grid-cell\" ><div id=\"panel-11992-0-1-0\" class=\"so-panel widget widget_sow-editor panel-first-child\" data-index=\"1\" ><div class=\"shadow-box download-btn  panel-widget-style panel-widget-style-for-11992-0-1-0\" ><div\n\t\t\t\n\t\t\tclass=\"so-widget-sow-editor so-widget-sow-editor-base\"\n\t\t\t\n\t\t>\n<div class=\"siteorigin-widget-tinymce textwidget\">\n\t<h2><strong>United team of professionals<br \/>\n<\/strong><\/h2>\n<div class=\"dash style-dark\"><\/div>\n<p>RUBINETA is the largest manufacturer of sanitary fittings and accessories in the Baltic States.<\/p>\n<p>RUBINETA was established in 1999 in Vilnius, Lithuania. For over 20 years, our company has been successful in developing and manufacturing reliable and durable sanitary fittings. RUBINETA offers complete bathroom and kitchen water supply system solutions - from water faucets to shower enclosures and bathroom accessories. RUBINETA products are sold in more than 30 countries all over the world.<br \/>\nRUBINETA is an integrated team of professionals consisting of designers, engineers, marketing and sales specialists, who purposefully move towards a common goal. Maximum attention is paid to the quality and continuous improvement of manufactured products.<\/p>\n<\/div>\n<\/div><\/div><\/div><div id=\"panel-11992-0-1-1\" class=\"so-panel widget widget_media_video panel-last-child\" data-index=\"2\" ><div style=\"width:100%;\" class=\"wp-video\"><!--[if lt IE 9]><script>document.createElement('video');<\/script><![endif]-->\n<video class=\"wp-video-shortcode\" id=\"video-11992-1\" preload=\"metadata\" controls=\"controls\"><source type=\"video\/youtube\" src=\"https:\/\/www.youtube.com\/watch?v=wROY1Lv9nz4&#038;_=1\" \/><a href=\"https:\/\/www.youtube.com\/watch?v=wROY1Lv9nz4\">https:\/\/www.youtube.com\/watch?v=wROY1Lv9nz4<\/a><\/video><\/div><\/div><\/div><\/div><\/div><div id=\"pg-11992-1\"  class=\"panel-grid panel-has-style\" ><div class=\"cta-home cta-dark siteorigin-panels-stretch lazy rocket-lazyload panel-row-style panel-row-style-for-11992-1\" data-stretch-type=\"full\" data-bg=\"https:\/\/rubineta.com\/wp-content\/uploads\/2018\/08\/rubineta-modena-cta.png\" ><div id=\"pgc-11992-1-0\"  class=\"panel-grid-cell panel-grid-cell-mobile-last\" ><div id=\"panel-11992-1-0-0\" class=\"so-panel widget widget_black-studio-tinymce widget_black_studio_tinymce panel-first-child panel-last-child\" data-index=\"3\" ><div class=\"animate animate-1 panel-widget-style panel-widget-style-for-11992-1-0-0\" ><div class=\"textwidget\"><p><span class=\"subtitle dash-true style-dark\">RUBINETA PRODUCTS<\/span><\/p>\n<h2>View our product catalog<\/h2>\n<p><a href=\"\/series\/\" class=\"btn btn-btn-read-more arrow-right\" target=\"_self\"><span>Read more<\/span><\/a><\/p>\n<\/div><\/div><\/div><\/div><div id=\"pgc-11992-1-1\"  class=\"panel-grid-cell panel-grid-cell-empty\" ><\/div><\/div><\/div><\/div>","protected":false},"excerpt":{"rendered":"<p>United team of professionals RUBINETA is the largest manufacturer of sanitary fittings and accessories in the Baltic States. RUBINETA was [&hellip;]<\/p>\n","protected":false},"author":1,"featured_media":0,"parent":0,"menu_order":0,"comment_status":"closed","ping_status":"closed","template":"","meta":{"footnotes":""},"class_list":["post-11992","page","type-page","status-publish","hentry"],"yoast_head":"<!-- This site is optimized with the Yoast SEO plugin v23.9 - https:\/\/yoast.com\/wordpress\/plugins\/seo\/ -->\n<title>Apie RUBINET\u0104 | Lietuvos gamybos \u012fmon\u0117s \u012fk\u016brimas, istorija<\/title>\n<meta name=\"description\" content=\"Lietuvos gamybos \u012fmon\u0117s \u012fk\u016brimas, istorija. RUBINETA \u2013 rinkoje jau nuo 1999 met\u0173, \u017einomi daugelyje Europos bei NVS \u0161ali\u0173.\" \/>\n<meta name=\"robots\" content=\"index, follow, max-snippet:-1, max-image-preview:large, max-video-preview:-1\" \/>\n<link rel=\"canonical\" href=\"https:\/\/rubineta.com\/apie-rubineta\/\" \/>\n<meta name=\"twitter:label1\" content=\"Est. reading time\" \/>\n\t<meta name=\"twitter:data1\" content=\"2 minutes\" \/>\n<script type=\"application\/ld+json\" class=\"yoast-schema-graph\">{\"@context\":\"https:\/\/schema.org\",\"@graph\":[{\"@type\":\"WebPage\",\"@id\":\"https:\/\/rubineta.com\/apie-rubineta\/\",\"url\":\"https:\/\/rubineta.com\/apie-rubineta\/\",\"name\":\"Apie RUBINET\u0104 | Lietuvos gamybos \u012fmon\u0117s \u012fk\u016brimas, istorija\",\"isPartOf\":{\"@id\":\"https:\/\/rubineta.com\/#website\"},\"datePublished\":\"2018-07-31T09:02:27+00:00\",\"dateModified\":\"2022-01-10T09:10:02+00:00\",\"description\":\"Lietuvos gamybos \u012fmon\u0117s \u012fk\u016brimas, istorija. RUBINETA \u2013 rinkoje jau nuo 1999 met\u0173, \u017einomi daugelyje Europos bei NVS \u0161ali\u0173.\",\"breadcrumb\":{\"@id\":\"https:\/\/rubineta.com\/apie-rubineta\/#breadcrumb\"},\"inLanguage\":\"en-US\",\"potentialAction\":[{\"@type\":\"ReadAction\",\"target\":[\"https:\/\/rubineta.com\/apie-rubineta\/\"]}]},{\"@type\":\"BreadcrumbList\",\"@id\":\"https:\/\/rubineta.com\/apie-rubineta\/#breadcrumb\",\"itemListElement\":[{\"@type\":\"ListItem\",\"position\":1,\"name\":\"Home\",\"item\":\"https:\/\/rubineta.com\/lv\/\"},{\"@type\":\"ListItem\",\"position\":2,\"name\":\"Apie RUBINET\u0104\"}]},{\"@type\":\"WebSite\",\"@id\":\"https:\/\/rubineta.com\/#website\",\"url\":\"https:\/\/rubineta.com\/\",\"name\":\"Rubineta - Quality And Reliable Sanitary Fittings\",\"description\":\"High Quality And Reliable Faucets\",\"publisher\":{\"@id\":\"https:\/\/rubineta.com\/#organization\"},\"potentialAction\":[{\"@type\":\"SearchAction\",\"target\":{\"@type\":\"EntryPoint\",\"urlTemplate\":\"https:\/\/rubineta.com\/?s={search_term_string}\"},\"query-input\":{\"@type\":\"PropertyValueSpecification\",\"valueRequired\":true,\"valueName\":\"search_term_string\"}}],\"inLanguage\":\"en-US\"},{\"@type\":\"Organization\",\"@id\":\"https:\/\/rubineta.com\/#organization\",\"name\":\"RUBINETA\",\"url\":\"https:\/\/rubineta.com\/\",\"logo\":{\"@type\":\"ImageObject\",\"inLanguage\":\"en-US\",\"@id\":\"https:\/\/rubineta.com\/#\/schema\/logo\/image\/\",\"url\":\"https:\/\/rubineta.com\/wp-content\/uploads\/2020\/07\/RUBINETA-logo.jpg\",\"contentUrl\":\"https:\/\/rubineta.com\/wp-content\/uploads\/2020\/07\/RUBINETA-logo.jpg\",\"width\":825,\"height\":456,\"caption\":\"RUBINETA\"},\"image\":{\"@id\":\"https:\/\/rubineta.com\/#\/schema\/logo\/image\/\"}}]}<\/script>\n<!-- \/ Yoast SEO plugin. -->","yoast_head_json":{"title":"Apie RUBINET\u0104 | Lietuvos gamybos \u012fmon\u0117s \u012fk\u016brimas, istorija","description":"Lietuvos gamybos \u012fmon\u0117s \u012fk\u016brimas, istorija. RUBINETA \u2013 rinkoje jau nuo 1999 met\u0173, \u017einomi daugelyje Europos bei NVS \u0161ali\u0173.","robots":{"index":"index","follow":"follow","max-snippet":"max-snippet:-1","max-image-preview":"max-image-preview:large","max-video-preview":"max-video-preview:-1"},"canonical":"https:\/\/rubineta.com\/apie-rubineta\/","twitter_misc":{"Est. reading time":"2 minutes"},"schema":{"@context":"https:\/\/schema.org","@graph":[{"@type":"WebPage","@id":"https:\/\/rubineta.com\/apie-rubineta\/","url":"https:\/\/rubineta.com\/apie-rubineta\/","name":"Apie RUBINET\u0104 | Lietuvos gamybos \u012fmon\u0117s \u012fk\u016brimas, istorija","isPartOf":{"@id":"https:\/\/rubineta.com\/#website"},"datePublished":"2018-07-31T09:02:27+00:00","dateModified":"2022-01-10T09:10:02+00:00","description":"Lietuvos gamybos \u012fmon\u0117s \u012fk\u016brimas, istorija. RUBINETA \u2013 rinkoje jau nuo 1999 met\u0173, \u017einomi daugelyje Europos bei NVS \u0161ali\u0173.","breadcrumb":{"@id":"https:\/\/rubineta.com\/apie-rubineta\/#breadcrumb"},"inLanguage":"en-US","potentialAction":[{"@type":"ReadAction","target":["https:\/\/rubineta.com\/apie-rubineta\/"]}]},{"@type":"BreadcrumbList","@id":"https:\/\/rubineta.com\/apie-rubineta\/#breadcrumb","itemListElement":[{"@type":"ListItem","position":1,"name":"Home","item":"https:\/\/rubineta.com\/lv\/"},{"@type":"ListItem","position":2,"name":"Apie RUBINET\u0104"}]},{"@type":"WebSite","@id":"https:\/\/rubineta.com\/#website","url":"https:\/\/rubineta.com\/","name":"Rubineta - Quality And Reliable Sanitary Fittings","description":"High Quality And Reliable Faucets","publisher":{"@id":"https:\/\/rubineta.com\/#organization"},"potentialAction":[{"@type":"SearchAction","target":{"@type":"EntryPoint","urlTemplate":"https:\/\/rubineta.com\/?s={search_term_string}"},"query-input":{"@type":"PropertyValueSpecification","valueRequired":true,"valueName":"search_term_string"}}],"inLanguage":"en-US"},{"@type":"Organization","@id":"https:\/\/rubineta.com\/#organization","name":"RUBINETA","url":"https:\/\/rubineta.com\/","logo":{"@type":"ImageObject","inLanguage":"en-US","@id":"https:\/\/rubineta.com\/#\/schema\/logo\/image\/","url":"https:\/\/rubineta.com\/wp-content\/uploads\/2020\/07\/RUBINETA-logo.jpg","contentUrl":"https:\/\/rubineta.com\/wp-content\/uploads\/2020\/07\/RUBINETA-logo.jpg","width":825,"height":456,"caption":"RUBINETA"},"image":{"@id":"https:\/\/rubineta.com\/#\/schema\/logo\/image\/"}}]}},"_links":{"self":[{"href":"https:\/\/rubineta.com\/en\/wp-json\/wp\/v2\/pages\/11992","targetHints":{"allow":["GET"]}}],"collection":[{"href":"https:\/\/rubineta.com\/en\/wp-json\/wp\/v2\/pages"}],"about":[{"href":"https:\/\/rubineta.com\/en\/wp-json\/wp\/v2\/types\/page"}],"author":[{"embeddable":true,"href":"https:\/\/rubineta.com\/en\/wp-json\/wp\/v2\/users\/1"}],"replies":[{"embeddable":true,"href":"https:\/\/rubineta.com\/en\/wp-json\/wp\/v2\/comments?post=11992"}],"version-history":[{"count":12,"href":"https:\/\/rubineta.com\/en\/wp-json\/wp\/v2\/pages\/11992\/revisions"}],"predecessor-version":[{"id":24643,"href":"https:\/\/rubineta.com\/en\/wp-json\/wp\/v2\/pages\/11992\/revisions\/24643"}],"wp:attachment":[{"href":"https:\/\/rubineta.com\/en\/wp-json\/wp\/v2\/media?parent=11992"}],"curies":[{"name":"wp","href":"https:\/\/api.w.org\/{rel}","templated":true}]}}