{"id":12312,"date":"2018-08-13T03:33:19","date_gmt":"2018-08-13T05:33:19","guid":{"rendered":"http:\/\/rubineta.com\/?page_id=12312"},"modified":"2023-01-12T12:25:16","modified_gmt":"2023-01-12T14:25:16","slug":"representative-offices","status":"publish","type":"page","link":"https:\/\/rubineta.com\/en\/representative-offices\/","title":{"rendered":"Atstovyb\u0117s"},"content":{"rendered":"<div id=\"pl-12312\"  class=\"panel-layout\" ><div id=\"pg-12312-0\"  class=\"panel-grid panel-has-style\" ><div class=\"contacts atstovai-logo panel-row-style panel-row-style-for-12312-0\" ><div id=\"pgc-12312-0-0\"  class=\"panel-grid-cell\" ><div id=\"panel-12312-0-0-0\" class=\"so-panel widget widget_nav_menu panel-first-child panel-last-child\" data-index=\"0\" ><div class=\"produktas-sidebar panel-widget-style panel-widget-style-for-12312-0-0-0\" ><h3 class=\"widget-title\">Contact information<\/h3><div class=\"menu-kontaktine-info-container\"><ul id=\"menu-kontaktine-info\" class=\"menu\"><li id=\"menu-item-12305\" class=\"menu-item menu-item-type-post_type menu-item-object-page menu-item-12305\"><a href=\"https:\/\/rubineta.com\/en\/rubineta-kontaktai\/\">RUBINETA contacts<\/a><\/li>\n<li id=\"menu-item-12341\" class=\"menu-item menu-item-type-post_type menu-item-object-page menu-item-12341\"><a href=\"https:\/\/rubineta.com\/en\/representative-offices\/\">RUBINETA representatives<\/a><\/li>\n<li id=\"menu-item-12346\" class=\"menu-item menu-item-type-post_type menu-item-object-page menu-item-12346\"><a href=\"https:\/\/rubineta.com\/en\/warranty-service\/\">Warranty services<\/a><\/li>\n<li id=\"menu-item-12384\" class=\"menu-item menu-item-type-post_type menu-item-object-page menu-item-12384\"><a href=\"https:\/\/rubineta.com\/en\/career-contacts\/\">Career<\/a><\/li>\n<\/ul><\/div><\/div><\/div><\/div><div id=\"pgc-12312-0-1\"  class=\"panel-grid-cell panel-grid-cell-mobile-last\" ><div id=\"panel-12312-0-1-0\" class=\"so-panel widget widget_sow-editor panel-first-child\" data-index=\"1\" ><div class=\"animate animate-1 panel-widget-style panel-widget-style-for-12312-0-1-0\" ><div\n\t\t\t\n\t\t\tclass=\"so-widget-sow-editor so-widget-sow-editor-base\"\n\t\t\t\n\t\t>\n<div class=\"siteorigin-widget-tinymce textwidget\">\n\t<p><span class=\"subtitle dash-true style-dark\">TRADE REPRESENTATIVE<\/span><\/p>\n<h2>Lithuania<\/h2><\/p>\n<\/div>\n<\/div><\/div><\/div><div id=\"panel-12312-0-1-1\" class=\"so-panel widget widget_sow-image\" data-index=\"2\" ><div\n\t\t\t\n\t\t\tclass=\"so-widget-sow-image so-widget-sow-image-default-c43113e78d82-12312\"\n\t\t\t\n\t\t>\n\n<div class=\"sow-image-container\">\n\t\t<img loading=\"lazy\" decoding=\"async\" src=\"data:image\/gif;base64,R0lGODdhAQABAPAAAP\/\/\/wAAACwAAAAAAQABAEACAkQBADs=\" data-lazy-src=\"https:\/\/rubineta.com\/wp-content\/uploads\/2018\/08\/merlana-logo.jpg\" width=\"185\" height=\"30\" data-lazy-sizes=\"auto, (max-width: 185px) 100vw, 185px\" title=\"merlana logo\" alt=\"merlana logo\" \t\tclass=\"so-widget-image\"\/><noscript><img loading=\"lazy\" decoding=\"async\" src=\"https:\/\/rubineta.com\/wp-content\/uploads\/2018\/08\/merlana-logo.jpg\" width=\"185\" height=\"30\" sizes=\"auto, (max-width: 185px) 100vw, 185px\" title=\"merlana logo\" alt=\"merlana logo\" \t\tclass=\"so-widget-image\"\/><\/noscript>\n\t<\/div>\n\n<\/div><\/div><div id=\"panel-12312-0-1-2\" class=\"so-panel widget widget_interico_feature_box\" data-index=\"3\" ><div class=\"contact-icons panel-widget-style panel-widget-style-for-12312-0-1-2\" >\n\t\t<!-- Begin Feature box -->\n\t\t\n\t\t\t<div class=\"feature-box icon-large-left box-unboxed\">\n\n\t\t\t\t\t\t\t\t\t<i class=\"fa fa-map-marker\"><\/i>\n\t\t\t\t\n\t\t\t\t<div class=\"content-wrapper\">\n\n\t\t\t\t\t\t\t\t\t\t\t<h3 class=\"feature-title\">Address<\/h3>\n\t\t\t\t\t\n\t\t\t\t\t\t\t\t\t\t\t<p class=\"feature-text\">Motor\u0173 g. 6, LT-02190 Vilnius, Lithuania<\/p>\n\t\t\t\t\t\n\t\t\t\t\t\n\t\t\t\t<\/div>\n\n\t\t\t<\/div>\n\n\t\t\t\t<!-- End Feature box -->\n\n\t\t<\/div><\/div><div id=\"panel-12312-0-1-3\" class=\"so-panel widget widget_interico_feature_box\" data-index=\"4\" ><div class=\"contact-icons panel-widget-style panel-widget-style-for-12312-0-1-3\" >\n\t\t<!-- Begin Feature box -->\n\t\t\t\t\t<a href=\"tel:+37052130759\">\n\t\t\n\t\t\t<div class=\"feature-box icon-large-left box-unboxed\">\n\n\t\t\t\t\t\t\t\t\t<i class=\"fa fa-phone\"><\/i>\n\t\t\t\t\n\t\t\t\t<div class=\"content-wrapper\">\n\n\t\t\t\t\t\t\t\t\t\t\t<h3 class=\"feature-title\">Phone<\/h3>\n\t\t\t\t\t\n\t\t\t\t\t\t\t\t\t\t\t<p class=\"feature-text\"> +370 5 2329329<\/p>\n\t\t\t\t\t\n\t\t\t\t\t\n\t\t\t\t<\/div>\n\n\t\t\t<\/div>\n\n\t\t\t\t\t<\/a>\n\t\t\t\t<!-- End Feature box -->\n\n\t\t<\/div><\/div><div id=\"panel-12312-0-1-4\" class=\"so-panel widget widget_interico_feature_box\" data-index=\"5\" ><div class=\"contact-icons panel-widget-style panel-widget-style-for-12312-0-1-4\" >\n\t\t<!-- Begin Feature box -->\n\t\t\t\t\t<a href=\"mailto:santechnika@merlana.lt\">\n\t\t\n\t\t\t<div class=\"feature-box icon-large-left box-unboxed\">\n\n\t\t\t\t\t\t\t\t\t<i class=\"fa fa-envelope\"><\/i>\n\t\t\t\t\n\t\t\t\t<div class=\"content-wrapper\">\n\n\t\t\t\t\t\t\t\t\t\t\t<h3 class=\"feature-title\">Email<\/h3>\n\t\t\t\t\t\n\t\t\t\t\t\t\t\t\t\t\t<p class=\"feature-text\">santechnika@merlana.lt<\/p>\n\t\t\t\t\t\n\t\t\t\t\t\n\t\t\t\t<\/div>\n\n\t\t\t<\/div>\n\n\t\t\t\t\t<\/a>\n\t\t\t\t<!-- End Feature box -->\n\n\t\t<\/div><\/div><div id=\"panel-12312-0-1-5\" class=\"so-panel widget widget_interico_feature_box\" data-index=\"6\" ><div class=\"contact-icons panel-widget-style panel-widget-style-for-12312-0-1-5\" >\n\t\t<!-- Begin Feature box -->\n\t\t\n\t\t\t<div class=\"feature-box icon-large-left box-unboxed\">\n\n\t\t\t\t\t\t\t\t\t<i class=\"fa fa-comments-o\"><\/i>\n\t\t\t\t\n\t\t\t\t<div class=\"content-wrapper\">\n\n\t\t\t\t\t\t\t\t\t\t\t<h3 class=\"feature-title\">We speak<\/h3>\n\t\t\t\t\t\n\t\t\t\t\t\t\t\t\t\t\t<p class=\"feature-text\">LT | RU<\/p>\n\t\t\t\t\t\n\t\t\t\t\t\n\t\t\t\t<\/div>\n\n\t\t\t<\/div>\n\n\t\t\t\t<!-- End Feature box -->\n\n\t\t<\/div><\/div><div id=\"panel-12312-0-1-6\" class=\"so-panel widget widget_interico_feature_box panel-last-child\" data-index=\"7\" ><div class=\"contact-icons panel-widget-style panel-widget-style-for-12312-0-1-6\" >\n\t\t<!-- Begin Feature box -->\n\t\t\t\t\t<a href=\"http:\/\/www.merlana.lt\">\n\t\t\n\t\t\t<div class=\"feature-box icon-large-left box-unboxed\">\n\n\t\t\t\t\t\t\t\t\t<i class=\"fa fa-laptop\"><\/i>\n\t\t\t\t\n\t\t\t\t<div class=\"content-wrapper\">\n\n\t\t\t\t\t\t\t\t\t\t\t<h3 class=\"feature-title\">Website<\/h3>\n\t\t\t\t\t\n\t\t\t\t\t\t\t\t\t\t\t<p class=\"feature-text\">http:\/\/www.merlana.lt<\/p>\n\t\t\t\t\t\n\t\t\t\t\t\n\t\t\t\t<\/div>\n\n\t\t\t<\/div>\n\n\t\t\t\t\t<\/a>\n\t\t\t\t<!-- End Feature box -->\n\n\t\t<\/div><\/div><\/div><div id=\"pgc-12312-0-2\"  class=\"panel-grid-cell panel-grid-cell-empty\" ><\/div><\/div><\/div><div id=\"pg-12312-1\"  class=\"panel-grid panel-has-style\" ><div class=\"contacts atstovai-logo panel-row-style panel-row-style-for-12312-1\" ><div id=\"pgc-12312-1-0\"  class=\"panel-grid-cell panel-grid-cell-empty\" ><\/div><div id=\"pgc-12312-1-1\"  class=\"panel-grid-cell\" ><div id=\"panel-12312-1-1-0\" class=\"so-panel widget widget_sow-editor panel-first-child\" data-index=\"8\" ><div class=\"animate animate-1 panel-widget-style panel-widget-style-for-12312-1-1-0\" ><div\n\t\t\t\n\t\t\tclass=\"so-widget-sow-editor so-widget-sow-editor-base\"\n\t\t\t\n\t\t>\n<div class=\"siteorigin-widget-tinymce textwidget\">\n\t<p><span class=\"subtitle dash-true style-dark\">TRADE REPRESENTATIVE<\/span><\/p>\n<h2>Latvia<\/h2><\/p>\n<\/div>\n<\/div><\/div><\/div><div id=\"panel-12312-1-1-1\" class=\"so-panel widget widget_sow-image\" data-index=\"9\" ><div\n\t\t\t\n\t\t\tclass=\"so-widget-sow-image so-widget-sow-image-default-c43113e78d82-12312\"\n\t\t\t\n\t\t>\n\n<div class=\"sow-image-container\">\n\t\t<img loading=\"lazy\" decoding=\"async\" src=\"data:image\/gif;base64,R0lGODdhAQABAPAAAP\/\/\/wAAACwAAAAAAQABAEACAkQBADs=\" data-lazy-src=\"https:\/\/rubineta.com\/wp-content\/uploads\/2019\/12\/logo_liels.jpg\" width=\"300\" height=\"100\" data-lazy-srcset=\"https:\/\/rubineta.com\/wp-content\/uploads\/2019\/12\/logo_liels.jpg 300w, https:\/\/rubineta.com\/wp-content\/uploads\/2019\/12\/logo_liels-200x67.jpg 200w\" data-lazy-sizes=\"auto, (max-width: 300px) 100vw, 300px\" alt=\"logo_liels\" \t\tclass=\"so-widget-image\"\/><noscript><img loading=\"lazy\" decoding=\"async\" src=\"https:\/\/rubineta.com\/wp-content\/uploads\/2019\/12\/logo_liels.jpg\" width=\"300\" height=\"100\" srcset=\"https:\/\/rubineta.com\/wp-content\/uploads\/2019\/12\/logo_liels.jpg 300w, https:\/\/rubineta.com\/wp-content\/uploads\/2019\/12\/logo_liels-200x67.jpg 200w\" sizes=\"auto, (max-width: 300px) 100vw, 300px\" alt=\"logo_liels\" \t\tclass=\"so-widget-image\"\/><\/noscript>\n\t<\/div>\n\n<\/div><\/div><div id=\"panel-12312-1-1-2\" class=\"so-panel widget widget_interico_feature_box\" data-index=\"10\" ><div class=\"contact-icons panel-widget-style panel-widget-style-for-12312-1-1-2\" >\n\t\t<!-- Begin Feature box -->\n\t\t\n\t\t\t<div class=\"feature-box icon-large-left box-unboxed\">\n\n\t\t\t\t\t\t\t\t\t<i class=\"fa fa-map-marker\"><\/i>\n\t\t\t\t\n\t\t\t\t<div class=\"content-wrapper\">\n\n\t\t\t\t\t\t\t\t\t\t\t<h3 class=\"feature-title\">Address<\/h3>\n\t\t\t\t\t\n\t\t\t\t\t\t\t\t\t\t\t<p class=\"feature-text\">Bie\u0137ensalas iela 21, R\u012bga, LV-1004<\/p>\n\t\t\t\t\t\n\t\t\t\t\t\n\t\t\t\t<\/div>\n\n\t\t\t<\/div>\n\n\t\t\t\t<!-- End Feature box -->\n\n\t\t<\/div><\/div><div id=\"panel-12312-1-1-3\" class=\"so-panel widget widget_interico_feature_box\" data-index=\"11\" ><div class=\"contact-icons panel-widget-style panel-widget-style-for-12312-1-1-3\" >\n\t\t<!-- Begin Feature box -->\n\t\t\t\t\t<a href=\"tel:+371%2067409797\">\n\t\t\n\t\t\t<div class=\"feature-box icon-large-left box-unboxed\">\n\n\t\t\t\t\t\t\t\t\t<i class=\"fa fa-phone\"><\/i>\n\t\t\t\t\n\t\t\t\t<div class=\"content-wrapper\">\n\n\t\t\t\t\t\t\t\t\t\t\t<h3 class=\"feature-title\">Phone<\/h3>\n\t\t\t\t\t\n\t\t\t\t\t\t\t\t\t\t\t<p class=\"feature-text\">+371 67409797<\/p>\n\t\t\t\t\t\n\t\t\t\t\t\n\t\t\t\t<\/div>\n\n\t\t\t<\/div>\n\n\t\t\t\t\t<\/a>\n\t\t\t\t<!-- End Feature box -->\n\n\t\t<\/div><\/div><div id=\"panel-12312-1-1-4\" class=\"so-panel widget widget_interico_feature_box\" data-index=\"12\" ><div class=\"contact-icons panel-widget-style panel-widget-style-for-12312-1-1-4\" >\n\t\t<!-- Begin Feature box -->\n\t\t\t\t\t<a href=\"mailto:jr@santech.lv\">\n\t\t\n\t\t\t<div class=\"feature-box icon-large-left box-unboxed\">\n\n\t\t\t\t\t\t\t\t\t<i class=\"fa fa-envelope\"><\/i>\n\t\t\t\t\n\t\t\t\t<div class=\"content-wrapper\">\n\n\t\t\t\t\t\t\t\t\t\t\t<h3 class=\"feature-title\">Email<\/h3>\n\t\t\t\t\t\n\t\t\t\t\t\t\t\t\t\t\t<p class=\"feature-text\">jr@santech.lv<\/p>\n\t\t\t\t\t\n\t\t\t\t\t\n\t\t\t\t<\/div>\n\n\t\t\t<\/div>\n\n\t\t\t\t\t<\/a>\n\t\t\t\t<!-- End Feature box -->\n\n\t\t<\/div><\/div><div id=\"panel-12312-1-1-5\" class=\"so-panel widget widget_interico_feature_box panel-last-child\" data-index=\"13\" ><div class=\"contact-icons panel-widget-style panel-widget-style-for-12312-1-1-5\" >\n\t\t<!-- Begin Feature box -->\n\t\t\t\t\t<a href=\"http:\/\/www.santehcity.lv\">\n\t\t\n\t\t\t<div class=\"feature-box icon-large-left box-unboxed\">\n\n\t\t\t\t\t\t\t\t\t<i class=\"fa fa-laptop\"><\/i>\n\t\t\t\t\n\t\t\t\t<div class=\"content-wrapper\">\n\n\t\t\t\t\t\t\t\t\t\t\t<h3 class=\"feature-title\">Website<\/h3>\n\t\t\t\t\t\n\t\t\t\t\t\t\t\t\t\t\t<p class=\"feature-text\">www.santehcity.lv<\/p>\n\t\t\t\t\t\n\t\t\t\t\t\n\t\t\t\t<\/div>\n\n\t\t\t<\/div>\n\n\t\t\t\t\t<\/a>\n\t\t\t\t<!-- End Feature box -->\n\n\t\t<\/div><\/div><\/div><div id=\"pgc-12312-1-2\"  class=\"panel-grid-cell\" ><div id=\"panel-12312-1-2-0\" class=\"so-panel widget widget_sow-editor panel-first-child\" data-index=\"14\" ><div class=\"animate animate-1 panel-widget-style panel-widget-style-for-12312-1-2-0\" ><div\n\t\t\t\n\t\t\tclass=\"so-widget-sow-editor so-widget-sow-editor-base\"\n\t\t\t\n\t\t>\n<div class=\"siteorigin-widget-tinymce textwidget\">\n\t<p><span class=\"subtitle dash-true style-dark\">TRADE REPRESENTATIVE<\/span><\/p>\n<h2>Estonia<\/h2><\/p>\n<\/div>\n<\/div><\/div><\/div><div id=\"panel-12312-1-2-1\" class=\"so-panel widget widget_sow-image\" data-index=\"15\" ><div\n\t\t\t\n\t\t\tclass=\"so-widget-sow-image so-widget-sow-image-default-c43113e78d82-12312\"\n\t\t\t\n\t\t>\n\n<div class=\"sow-image-container\">\n\t\t<img loading=\"lazy\" decoding=\"async\" src=\"data:image\/gif;base64,R0lGODdhAQABAPAAAP\/\/\/wAAACwAAAAAAQABAEACAkQBADs=\" data-lazy-src=\"https:\/\/rubineta.com\/wp-content\/uploads\/2020\/11\/Dunven.png\" width=\"228\" height=\"69\" data-lazy-sizes=\"auto, (max-width: 228px) 100vw, 228px\" alt=\"Dunven logo\" \t\tclass=\"so-widget-image\"\/><noscript><img loading=\"lazy\" decoding=\"async\" src=\"https:\/\/rubineta.com\/wp-content\/uploads\/2020\/11\/Dunven.png\" width=\"228\" height=\"69\" sizes=\"auto, (max-width: 228px) 100vw, 228px\" alt=\"Dunven logo\" \t\tclass=\"so-widget-image\"\/><\/noscript>\n\t<\/div>\n\n<\/div><\/div><div id=\"panel-12312-1-2-2\" class=\"so-panel widget widget_interico_feature_box\" data-index=\"16\" ><div class=\"contact-icons panel-widget-style panel-widget-style-for-12312-1-2-2\" >\n\t\t<!-- Begin Feature box -->\n\t\t\n\t\t\t<div class=\"feature-box icon-large-left box-unboxed\">\n\n\t\t\t\t\t\t\t\t\t<i class=\"fa fa-map-marker\"><\/i>\n\t\t\t\t\n\t\t\t\t<div class=\"content-wrapper\">\n\n\t\t\t\t\t\t\t\t\t\t\t<h3 class=\"feature-title\">Address<\/h3>\n\t\t\t\t\t\n\t\t\t\t\t\t\t\t\t\t\t<p class=\"feature-text\">\u00c4\u00e4si 2, Tallinn, Estonia<\/p>\n\t\t\t\t\t\n\t\t\t\t\t\n\t\t\t\t<\/div>\n\n\t\t\t<\/div>\n\n\t\t\t\t<!-- End Feature box -->\n\n\t\t<\/div><\/div><div id=\"panel-12312-1-2-3\" class=\"so-panel widget widget_interico_feature_box\" data-index=\"17\" ><div class=\"contact-icons panel-widget-style panel-widget-style-for-12312-1-2-3\" >\n\t\t<!-- Begin Feature box -->\n\t\t\t\t\t<a href=\"tel:+3726164900\">\n\t\t\n\t\t\t<div class=\"feature-box icon-large-left box-unboxed\">\n\n\t\t\t\t\t\t\t\t\t<i class=\"fa fa-phone\"><\/i>\n\t\t\t\t\n\t\t\t\t<div class=\"content-wrapper\">\n\n\t\t\t\t\t\t\t\t\t\t\t<h3 class=\"feature-title\">Phone<\/h3>\n\t\t\t\t\t\n\t\t\t\t\t\t\t\t\t\t\t<p class=\"feature-text\">+372 616 4900<\/p>\n\t\t\t\t\t\n\t\t\t\t\t\n\t\t\t\t<\/div>\n\n\t\t\t<\/div>\n\n\t\t\t\t\t<\/a>\n\t\t\t\t<!-- End Feature box -->\n\n\t\t<\/div><\/div><div id=\"panel-12312-1-2-4\" class=\"so-panel widget widget_interico_feature_box\" data-index=\"18\" ><div class=\"contact-icons panel-widget-style panel-widget-style-for-12312-1-2-4\" >\n\t\t<!-- Begin Feature box -->\n\t\t\t\t\t<a href=\"mailto:info@dunven.ee\">\n\t\t\n\t\t\t<div class=\"feature-box icon-large-left box-unboxed\">\n\n\t\t\t\t\t\t\t\t\t<i class=\"fa fa-envelope\"><\/i>\n\t\t\t\t\n\t\t\t\t<div class=\"content-wrapper\">\n\n\t\t\t\t\t\t\t\t\t\t\t<h3 class=\"feature-title\">Email<\/h3>\n\t\t\t\t\t\n\t\t\t\t\t\t\t\t\t\t\t<p class=\"feature-text\">info@dunven.ee<\/p>\n\t\t\t\t\t\n\t\t\t\t\t\n\t\t\t\t<\/div>\n\n\t\t\t<\/div>\n\n\t\t\t\t\t<\/a>\n\t\t\t\t<!-- End Feature box -->\n\n\t\t<\/div><\/div><div id=\"panel-12312-1-2-5\" class=\"so-panel widget widget_interico_feature_box\" data-index=\"19\" ><div class=\"contact-icons panel-widget-style panel-widget-style-for-12312-1-2-5\" >\n\t\t<!-- Begin Feature box -->\n\t\t\t\t\t<a href=\"tel:+3726164908\">\n\t\t\n\t\t\t<div class=\"feature-box icon-large-left box-unboxed\">\n\n\t\t\t\t\t\t\t\t\t<i class=\"fa fa-fax\"><\/i>\n\t\t\t\t\n\t\t\t\t<div class=\"content-wrapper\">\n\n\t\t\t\t\t\t\t\t\t\t\t<h3 class=\"feature-title\">Fax<\/h3>\n\t\t\t\t\t\n\t\t\t\t\t\t\t\t\t\t\t<p class=\"feature-text\">+372 616 4908<\/p>\n\t\t\t\t\t\n\t\t\t\t\t\n\t\t\t\t<\/div>\n\n\t\t\t<\/div>\n\n\t\t\t\t\t<\/a>\n\t\t\t\t<!-- End Feature box -->\n\n\t\t<\/div><\/div><div id=\"panel-12312-1-2-6\" class=\"so-panel widget widget_interico_feature_box panel-last-child\" data-index=\"20\" ><div class=\"contact-icons panel-widget-style panel-widget-style-for-12312-1-2-6\" >\n\t\t<!-- Begin Feature box -->\n\t\t\t\t\t<a href=\"http:\/\/www.dunven.ee\">\n\t\t\n\t\t\t<div class=\"feature-box icon-large-left box-unboxed\">\n\n\t\t\t\t\t\t\t\t\t<i class=\"fa fa-laptop\"><\/i>\n\t\t\t\t\n\t\t\t\t<div class=\"content-wrapper\">\n\n\t\t\t\t\t\t\t\t\t\t\t<h3 class=\"feature-title\">Website<\/h3>\n\t\t\t\t\t\n\t\t\t\t\t\t\t\t\t\t\t<p class=\"feature-text\">www.dunven.ee<\/p>\n\t\t\t\t\t\n\t\t\t\t\t\n\t\t\t\t<\/div>\n\n\t\t\t<\/div>\n\n\t\t\t\t\t<\/a>\n\t\t\t\t<!-- End Feature box -->\n\n\t\t<\/div><\/div><\/div><\/div><\/div><\/div>","protected":false},"excerpt":{"rendered":"<p>TRADE REPRESENTATIVELithuania TRADE REPRESENTATIVELatvia TRADE REPRESENTATIVEEstonia<\/p>\n","protected":false},"author":1,"featured_media":0,"parent":0,"menu_order":0,"comment_status":"closed","ping_status":"closed","template":"","meta":{"footnotes":""},"class_list":["post-12312","page","type-page","status-publish","hentry"],"yoast_head":"<!-- This site is optimized with the Yoast SEO plugin v23.9 - https:\/\/yoast.com\/wordpress\/plugins\/seo\/ -->\n<title>Atstovyb\u0117s | RUBINETA<\/title>\n<meta name=\"description\" content=\"Prekybos atstovas Lietuvoje: Motor\u0173 g. 6, LT-02190 Vilnius, Lietuva | Prekybos atstovas Baltarusijoje: V. Ignatovskovo g. 4-123, Minskas, 220055 Baltarusija\" \/>\n<meta name=\"robots\" content=\"index, follow, max-snippet:-1, max-image-preview:large, max-video-preview:-1\" \/>\n<link rel=\"canonical\" href=\"https:\/\/rubineta.com\/en\/representative-offices\/\" \/>\n<meta name=\"twitter:label1\" content=\"Est. reading time\" \/>\n\t<meta name=\"twitter:data1\" content=\"1 minute\" \/>\n<script type=\"application\/ld+json\" class=\"yoast-schema-graph\">{\"@context\":\"https:\/\/schema.org\",\"@graph\":[{\"@type\":\"WebPage\",\"@id\":\"https:\/\/rubineta.com\/en\/representative-offices\/\",\"url\":\"https:\/\/rubineta.com\/en\/representative-offices\/\",\"name\":\"[:lt]Atstovyb\u0117s[:en]Atstovyb\u0117s[:ru]Atstovyb\u0117s[:lv]RUBINETA p\u0101rst\u0101vniec\u012bbas[:] | RUBINETA\",\"isPartOf\":{\"@id\":\"https:\/\/rubineta.com\/#website\"},\"datePublished\":\"2018-08-13T05:33:19+00:00\",\"dateModified\":\"2023-01-12T14:25:16+00:00\",\"description\":\"Prekybos atstovas Lietuvoje: Motor\u0173 g. 6, LT-02190 Vilnius, Lietuva | Prekybos atstovas Baltarusijoje: V. Ignatovskovo g. 4-123, Minskas, 220055 Baltarusija\",\"breadcrumb\":{\"@id\":\"https:\/\/rubineta.com\/en\/representative-offices\/#breadcrumb\"},\"inLanguage\":\"en-US\",\"potentialAction\":[{\"@type\":\"ReadAction\",\"target\":[\"https:\/\/rubineta.com\/en\/representative-offices\/\"]}]},{\"@type\":\"BreadcrumbList\",\"@id\":\"https:\/\/rubineta.com\/en\/representative-offices\/#breadcrumb\",\"itemListElement\":[{\"@type\":\"ListItem\",\"position\":1,\"name\":\"Home\",\"item\":\"https:\/\/rubineta.com\/lv\/\"},{\"@type\":\"ListItem\",\"position\":2,\"name\":\"Atstovyb\u0117s\"}]},{\"@type\":\"WebSite\",\"@id\":\"https:\/\/rubineta.com\/#website\",\"url\":\"https:\/\/rubineta.com\/\",\"name\":\"Rubineta - Quality And Reliable Sanitary Fittings\",\"description\":\"High Quality And Reliable Faucets\",\"publisher\":{\"@id\":\"https:\/\/rubineta.com\/#organization\"},\"potentialAction\":[{\"@type\":\"SearchAction\",\"target\":{\"@type\":\"EntryPoint\",\"urlTemplate\":\"https:\/\/rubineta.com\/?s={search_term_string}\"},\"query-input\":{\"@type\":\"PropertyValueSpecification\",\"valueRequired\":true,\"valueName\":\"search_term_string\"}}],\"inLanguage\":\"en-US\"},{\"@type\":\"Organization\",\"@id\":\"https:\/\/rubineta.com\/#organization\",\"name\":\"RUBINETA\",\"url\":\"https:\/\/rubineta.com\/\",\"logo\":{\"@type\":\"ImageObject\",\"inLanguage\":\"en-US\",\"@id\":\"https:\/\/rubineta.com\/#\/schema\/logo\/image\/\",\"url\":\"https:\/\/rubineta.com\/wp-content\/uploads\/2020\/07\/RUBINETA-logo.jpg\",\"contentUrl\":\"https:\/\/rubineta.com\/wp-content\/uploads\/2020\/07\/RUBINETA-logo.jpg\",\"width\":825,\"height\":456,\"caption\":\"RUBINETA\"},\"image\":{\"@id\":\"https:\/\/rubineta.com\/#\/schema\/logo\/image\/\"}}]}<\/script>\n<!-- \/ Yoast SEO plugin. -->","yoast_head_json":{"title":"[:lt]Atstovyb\u0117s[:en]Atstovyb\u0117s[:ru]Atstovyb\u0117s[:lv]RUBINETA p\u0101rst\u0101vniec\u012bbas[:] | RUBINETA","description":"Prekybos atstovas Lietuvoje: Motor\u0173 g. 6, LT-02190 Vilnius, Lietuva | Prekybos atstovas Baltarusijoje: V. Ignatovskovo g. 4-123, Minskas, 220055 Baltarusija","robots":{"index":"index","follow":"follow","max-snippet":"max-snippet:-1","max-image-preview":"max-image-preview:large","max-video-preview":"max-video-preview:-1"},"canonical":"https:\/\/rubineta.com\/en\/representative-offices\/","twitter_misc":{"Est. reading time":"1 minute"},"schema":{"@context":"https:\/\/schema.org","@graph":[{"@type":"WebPage","@id":"https:\/\/rubineta.com\/en\/representative-offices\/","url":"https:\/\/rubineta.com\/en\/representative-offices\/","name":"[:lt]Atstovyb\u0117s[:en]Atstovyb\u0117s[:ru]Atstovyb\u0117s[:lv]RUBINETA p\u0101rst\u0101vniec\u012bbas[:] | RUBINETA","isPartOf":{"@id":"https:\/\/rubineta.com\/#website"},"datePublished":"2018-08-13T05:33:19+00:00","dateModified":"2023-01-12T14:25:16+00:00","description":"Prekybos atstovas Lietuvoje: Motor\u0173 g. 6, LT-02190 Vilnius, Lietuva | Prekybos atstovas Baltarusijoje: V. Ignatovskovo g. 4-123, Minskas, 220055 Baltarusija","breadcrumb":{"@id":"https:\/\/rubineta.com\/en\/representative-offices\/#breadcrumb"},"inLanguage":"en-US","potentialAction":[{"@type":"ReadAction","target":["https:\/\/rubineta.com\/en\/representative-offices\/"]}]},{"@type":"BreadcrumbList","@id":"https:\/\/rubineta.com\/en\/representative-offices\/#breadcrumb","itemListElement":[{"@type":"ListItem","position":1,"name":"Home","item":"https:\/\/rubineta.com\/lv\/"},{"@type":"ListItem","position":2,"name":"Atstovyb\u0117s"}]},{"@type":"WebSite","@id":"https:\/\/rubineta.com\/#website","url":"https:\/\/rubineta.com\/","name":"Rubineta - Quality And Reliable Sanitary Fittings","description":"High Quality And Reliable Faucets","publisher":{"@id":"https:\/\/rubineta.com\/#organization"},"potentialAction":[{"@type":"SearchAction","target":{"@type":"EntryPoint","urlTemplate":"https:\/\/rubineta.com\/?s={search_term_string}"},"query-input":{"@type":"PropertyValueSpecification","valueRequired":true,"valueName":"search_term_string"}}],"inLanguage":"en-US"},{"@type":"Organization","@id":"https:\/\/rubineta.com\/#organization","name":"RUBINETA","url":"https:\/\/rubineta.com\/","logo":{"@type":"ImageObject","inLanguage":"en-US","@id":"https:\/\/rubineta.com\/#\/schema\/logo\/image\/","url":"https:\/\/rubineta.com\/wp-content\/uploads\/2020\/07\/RUBINETA-logo.jpg","contentUrl":"https:\/\/rubineta.com\/wp-content\/uploads\/2020\/07\/RUBINETA-logo.jpg","width":825,"height":456,"caption":"RUBINETA"},"image":{"@id":"https:\/\/rubineta.com\/#\/schema\/logo\/image\/"}}]}},"_links":{"self":[{"href":"https:\/\/rubineta.com\/en\/wp-json\/wp\/v2\/pages\/12312","targetHints":{"allow":["GET"]}}],"collection":[{"href":"https:\/\/rubineta.com\/en\/wp-json\/wp\/v2\/pages"}],"about":[{"href":"https:\/\/rubineta.com\/en\/wp-json\/wp\/v2\/types\/page"}],"author":[{"embeddable":true,"href":"https:\/\/rubineta.com\/en\/wp-json\/wp\/v2\/users\/1"}],"replies":[{"embeddable":true,"href":"https:\/\/rubineta.com\/en\/wp-json\/wp\/v2\/comments?post=12312"}],"version-history":[{"count":8,"href":"https:\/\/rubineta.com\/en\/wp-json\/wp\/v2\/pages\/12312\/revisions"}],"predecessor-version":[{"id":25557,"href":"https:\/\/rubineta.com\/en\/wp-json\/wp\/v2\/pages\/12312\/revisions\/25557"}],"wp:attachment":[{"href":"https:\/\/rubineta.com\/en\/wp-json\/wp\/v2\/media?parent=12312"}],"curies":[{"name":"wp","href":"https:\/\/api.w.org\/{rel}","templated":true}]}}