{"id":12439,"date":"2018-08-21T02:19:16","date_gmt":"2018-08-21T04:19:16","guid":{"rendered":"http:\/\/rubineta.com\/?page_id=12439"},"modified":"2023-01-26T10:29:10","modified_gmt":"2023-01-26T12:29:10","slug":"tips-how-to-clean-faucets","status":"publish","type":"page","link":"https:\/\/rubineta.com\/en\/tips-how-to-clean-faucets\/","title":{"rendered":"Tips how to clean faucets"},"content":{"rendered":"<div id=\"pl-12439\"  class=\"panel-layout\" ><div id=\"pg-12439-0\"  class=\"panel-grid panel-has-style\" ><div class=\"panel-row-style panel-row-style-for-12439-0\" ><div id=\"pgc-12439-0-0\"  class=\"panel-grid-cell\" ><div id=\"panel-12439-0-0-0\" class=\"so-panel widget widget_nav_menu panel-first-child panel-last-child\" data-index=\"0\" ><div class=\"produktas-sidebar panel-widget-style panel-widget-style-for-12439-0-0-0\" ><h3 class=\"widget-title\">My product<\/h3><div class=\"menu-naudinga-info-container\"><ul id=\"menu-naudinga-info\" class=\"menu\"><li id=\"menu-item-20815\" class=\"menu-item menu-item-type-post_type menu-item-object-page menu-item-20815\"><a href=\"https:\/\/rubineta.com\/en\/my-product\/\">Warranty service<\/a><\/li>\n<li id=\"menu-item-11940\" class=\"menu-item menu-item-type-post_type menu-item-object-page menu-item-11940\"><a href=\"https:\/\/rubineta.com\/en\/civil-liability-insurance\/\">Civil liability insurance<\/a><\/li>\n<li id=\"menu-item-12445\" class=\"menu-item menu-item-type-post_type menu-item-object-page menu-item-12445\"><a href=\"https:\/\/rubineta.com\/en\/tips-how-to-clean-faucets\/\">Tips how to clean faucets<\/a><\/li>\n<li id=\"menu-item-16143\" class=\"menu-item menu-item-type-post_type menu-item-object-page menu-item-16143\"><a href=\"https:\/\/rubineta.com\/en\/kaip-pasirinkti-tinkama-vandens-maisytuva\/\">How to choose a high quality faucet?<\/a><\/li>\n<li id=\"menu-item-24391\" class=\"menu-item menu-item-type-post_type menu-item-object-page menu-item-24391\"><a href=\"https:\/\/rubineta.com\/en\/katalogai-ir-brosiuros\/\">Catalogues and brochures<\/a><\/li>\n<\/ul><\/div><\/div><\/div><\/div><div id=\"pgc-12439-0-1\"  class=\"panel-grid-cell\" ><div id=\"panel-12439-0-1-0\" class=\"so-panel widget widget_sow-editor panel-first-child\" data-index=\"1\" ><div class=\"shadow-box  animate animate-1 download-btn panel-widget-style panel-widget-style-for-12439-0-1-0\" ><div\n\t\t\t\n\t\t\tclass=\"so-widget-sow-editor so-widget-sow-editor-base\"\n\t\t\t\n\t\t>\n<div class=\"siteorigin-widget-tinymce textwidget\">\n\t<h2><strong>Tips how to clean faucets<\/strong><\/h2>\n<div class=\"dash style-dark\"><\/div>\n<p>We recommend to take care of faucets and shower accessories \u2013 in this way, you will extend their lifetime and avoid malfunctions while using a product:<\/p>\n<ol>\n<li style=\"font-weight: 400;\"><span style=\"font-weight: 400;\">Every 1-2 months clean a faucet\u2019s aerator from dirt and lime. Dirt and sediments on the mesh can be cleaned with a strong water stream, and if you find lime build-up, soak the aerator for a couple of hours at high concentration vinegar;<\/span><\/li>\n<li style=\"font-weight: 400;\"><span style=\"font-weight: 400;\">Clean a faucet\u2019s surface once a week using soft sponges or microfiber cloths. The stains on faucets (chrome-plated, coloured, gilded), that occur from the minerals, can be easily cleaned with soap or mild detergent. Wash a faucet with clean water and wipe with a soft cloth;<\/span><\/li>\n<li style=\"font-weight: 400;\"><span style=\"font-weight: 400;\">Mineral deposits may form in a shower head same as in an aerator. If you regularly clean a shower head, it will extend its lifetime. A shower head is cleaned in the same way as an aerator;<\/span><\/li>\n<li style=\"font-weight: 400;\"><span style=\"font-weight: 400;\">Periodically replace standard parts such as spacers, aerators;<\/span><\/li>\n<li style=\"font-weight: 400;\"><span style=\"font-weight: 400;\">We recommend to install cleaning filters to avoid dirt particles in a faucet;<\/span><\/li>\n<li style=\"font-weight: 400;\"><span style=\"font-weight: 400;\">If premises are not heated during winter and the temperature drops below 0 \u00b0C, it is vital to turn off water supply in a faucet and to drain it. <\/span><\/li>\n<\/ol>\n<\/div>\n<\/div><\/div><\/div><div id=\"panel-12439-0-1-1\" class=\"so-panel widget widget_sow-editor panel-last-child\" data-index=\"2\" ><div class=\"shadow-box  animate animate-1 download-btn panel-widget-style panel-widget-style-for-12439-0-1-1\" ><div\n\t\t\t\n\t\t\tclass=\"so-widget-sow-editor so-widget-sow-editor-base\"\n\t\t\t\n\t\t>\n<div class=\"siteorigin-widget-tinymce textwidget\">\n\t<h2><strong><span class=\"ui-provider vk b c d e f g h i j k l m n o p q r s t u v w x y z ab ac ae af ag ah ai aj ak\" dir=\"ltr\">HOW TO CLEAN MATT COLOURED SURFACES<\/span><\/strong><\/h2>\n<div class=\"dash style-dark\"><\/div>\n<p><img loading=\"lazy\" decoding=\"async\" class=\"size-medium wp-image-25598 alignleft\" src=\"data:image\/gif;base64,R0lGODdhAQABAPAAAP\/\/\/wAAACwAAAAAAQABAEACAkQBADs=\" data-lazy-src=\"https:\/\/rubineta.com\/wp-content\/uploads\/2023\/01\/Rubineta_cleaning_matt_surfaces-300x300.jpg\" alt=\"\" width=\"300\" height=\"300\" data-lazy-srcset=\"https:\/\/rubineta.com\/wp-content\/uploads\/2023\/01\/Rubineta_cleaning_matt_surfaces-300x300.jpg 300w, https:\/\/rubineta.com\/wp-content\/uploads\/2023\/01\/Rubineta_cleaning_matt_surfaces-150x150.jpg 150w, https:\/\/rubineta.com\/wp-content\/uploads\/2023\/01\/Rubineta_cleaning_matt_surfaces-72x72.jpg 72w, https:\/\/rubineta.com\/wp-content\/uploads\/2023\/01\/Rubineta_cleaning_matt_surfaces-100x100.jpg 100w\" data-lazy-sizes=\"auto, (max-width: 300px) 100vw, 300px\" \/><noscript><img loading=\"lazy\" decoding=\"async\" class=\"size-medium wp-image-25598 alignleft\" src=\"data:image\/gif;base64,R0lGODdhAQABAPAAAP\/\/\/wAAACwAAAAAAQABAEACAkQBADs=\" data-lazy-src=\"https:\/\/rubineta.com\/wp-content\/uploads\/2023\/01\/Rubineta_cleaning_matt_surfaces-300x300.jpg\" alt=\"\" width=\"300\" height=\"300\" data-lazy-srcset=\"https:\/\/rubineta.com\/wp-content\/uploads\/2023\/01\/Rubineta_cleaning_matt_surfaces-300x300.jpg 300w, https:\/\/rubineta.com\/wp-content\/uploads\/2023\/01\/Rubineta_cleaning_matt_surfaces-150x150.jpg 150w, https:\/\/rubineta.com\/wp-content\/uploads\/2023\/01\/Rubineta_cleaning_matt_surfaces-72x72.jpg 72w, https:\/\/rubineta.com\/wp-content\/uploads\/2023\/01\/Rubineta_cleaning_matt_surfaces-100x100.jpg 100w\" data-lazy-sizes=\"auto, (max-width: 300px) 100vw, 300px\" \/><noscript><img loading=\"lazy\" decoding=\"async\" class=\"size-medium wp-image-25598 alignleft\" src=\"https:\/\/rubineta.com\/wp-content\/uploads\/2023\/01\/Rubineta_cleaning_matt_surfaces-300x300.jpg\" alt=\"\" width=\"300\" height=\"300\" srcset=\"https:\/\/rubineta.com\/wp-content\/uploads\/2023\/01\/Rubineta_cleaning_matt_surfaces-300x300.jpg 300w, https:\/\/rubineta.com\/wp-content\/uploads\/2023\/01\/Rubineta_cleaning_matt_surfaces-150x150.jpg 150w, https:\/\/rubineta.com\/wp-content\/uploads\/2023\/01\/Rubineta_cleaning_matt_surfaces-72x72.jpg 72w, https:\/\/rubineta.com\/wp-content\/uploads\/2023\/01\/Rubineta_cleaning_matt_surfaces-100x100.jpg 100w\" sizes=\"auto, (max-width: 300px) 100vw, 300px\" \/><\/noscript><\/noscript><\/p>\n<p><span style=\"font-weight: 400;\">\u2022 For frequent cleaning we recommend using a mild detergent. For example, vegetable oil-based soap.<\/span><\/p>\n<p>\u2022 Use light and gentle cleaning forward motions from top to bottom. Please use minimum scrubbing. Rinse cleaned surfaces from detergents left with warm water.<\/p>\n<p>\u2022 After shower dry your shower set and showerhead with a soft microfiber cloth. It will help to keep a matt black surface free from limescale for a longer.<\/p>\n<p>\u2022 If there\u2019s still limescale on your tap, just try to use a mild homemade detergent with citric acid or any non-chemical cleanser.<\/p>\n<h5><strong>DON\u2019T DO IT PLEASE<\/strong><\/h5>\n<p>\u2022 Don\u2018t use scourers or any abrasive tools;<\/p>\n<p>\u2022 Don\u2018t use any chemical based cleansers;<\/p>\n<p>\u2022 Don\u2018t use any cleansers with unidentified composition;<\/p>\n<p>\u2022 Don\u2018t use solvents or agressive agents;<\/p>\n<p>\u2022 Don\u2018t bleach;<\/p>\n<p>\u2022 Don\u2018t use detergents that contain hydrochloric acid, acetic acid, chlorine, phosphoric acid or any other aggressive acids.<\/p>\n<p>&nbsp;<\/p>\n<\/div>\n<\/div><\/div><\/div><\/div><\/div><\/div><div id=\"pg-12439-1\"  class=\"panel-grid panel-has-style\" ><div class=\"panel-row-style panel-row-style-for-12439-1\" ><div id=\"pgc-12439-1-0\"  class=\"panel-grid-cell\" ><div id=\"panel-12439-1-0-0\" class=\"so-panel widget widget_media_video panel-first-child\" data-index=\"3\" ><div style=\"width:100%;\" class=\"wp-video\"><!--[if lt IE 9]><script>document.createElement('video');<\/script><![endif]-->\n<video class=\"wp-video-shortcode\" id=\"video-12439-1\" preload=\"metadata\" controls=\"controls\"><source type=\"video\/youtube\" src=\"https:\/\/www.youtube.com\/watch?v=O08lAIkqIKI&#038;_=1\" \/><a href=\"https:\/\/www.youtube.com\/watch?v=O08lAIkqIKI\">https:\/\/www.youtube.com\/watch?v=O08lAIkqIKI<\/a><\/video><\/div><\/div><div id=\"panel-12439-1-0-1\" class=\"so-panel widget widget_sow-editor panel-last-child\" data-index=\"4\" ><div class=\"animate animate-1 panel-widget-style panel-widget-style-for-12439-1-0-1\" ><div\n\t\t\t\n\t\t\tclass=\"so-widget-sow-editor so-widget-sow-editor-base\"\n\t\t\t\n\t\t>\n<div class=\"siteorigin-widget-tinymce textwidget\">\n\t<p><span class=\"subtitle dash-true style-dark\">MAINTENANCE AND CLEANING OF AERATORS <\/span><\/p>\n<\/div>\n<\/div><\/div><\/div><\/div><div id=\"pgc-12439-1-1\"  class=\"panel-grid-cell\" ><div id=\"panel-12439-1-1-0\" class=\"so-panel widget widget_media_video panel-first-child\" data-index=\"5\" ><div style=\"width:100%;\" class=\"wp-video\"><video class=\"wp-video-shortcode\" id=\"video-12439-2\" preload=\"metadata\" controls=\"controls\"><source type=\"video\/youtube\" src=\"https:\/\/youtu.be\/qlIwWCdX5fQ?_=2\" \/><a href=\"https:\/\/youtu.be\/qlIwWCdX5fQ\">https:\/\/youtu.be\/qlIwWCdX5fQ<\/a><\/video><\/div><\/div><div id=\"panel-12439-1-1-1\" class=\"so-panel widget widget_sow-editor panel-last-child\" data-index=\"6\" ><div class=\"animate animate-1 panel-widget-style panel-widget-style-for-12439-1-1-1\" ><div\n\t\t\t\n\t\t\tclass=\"so-widget-sow-editor so-widget-sow-editor-base\"\n\t\t\t\n\t\t>\n<div class=\"siteorigin-widget-tinymce textwidget\">\n\t<p><span class=\"subtitle dash-true style-dark\">MAINTENANCE AND CLEANING OF SHOWER HEAD <\/span><\/p>\n<\/div>\n<\/div><\/div><\/div><\/div><\/div><\/div><div id=\"pg-12439-2\"  class=\"panel-grid panel-has-style\" ><div class=\"cta-home cta-dark siteorigin-panels-stretch lazy rocket-lazyload panel-row-style panel-row-style-for-12439-2\" data-stretch-type=\"full\" data-bg=\"https:\/\/rubineta.com\/wp-content\/uploads\/2018\/08\/rubineta-modena-cta.png\" ><div id=\"pgc-12439-2-0\"  class=\"panel-grid-cell panel-grid-cell-mobile-last\" ><div id=\"panel-12439-2-0-0\" class=\"so-panel widget widget_black-studio-tinymce widget_black_studio_tinymce panel-first-child panel-last-child\" data-index=\"7\" ><div class=\"animate animate-1 panel-widget-style panel-widget-style-for-12439-2-0-0\" ><div class=\"textwidget\"><p><span class=\"subtitle dash-true style-dark\">RUBINETA PRODUCTS<\/span><\/p>\n<h2>View our product catalog<\/h2>\n<p><a href=\"\/series\/\" class=\"btn btn-btn-read-more arrow-right\" target=\"_self\"><span>Read more<\/span><\/a><\/p>\n<\/div><\/div><\/div><\/div><div id=\"pgc-12439-2-1\"  class=\"panel-grid-cell panel-grid-cell-empty\" ><\/div><\/div><\/div><\/div>","protected":false},"excerpt":{"rendered":"<p>Tips how to clean faucets We recommend to take care of faucets and shower accessories \u2013 in this way, you [&hellip;]<\/p>\n","protected":false},"author":1,"featured_media":0,"parent":0,"menu_order":0,"comment_status":"closed","ping_status":"closed","template":"","meta":{"footnotes":""},"class_list":["post-12439","page","type-page","status-publish","hentry"],"yoast_head":"<!-- This site is optimized with the Yoast SEO plugin v23.9 - https:\/\/yoast.com\/wordpress\/plugins\/seo\/ -->\n<title>Tips how to clean faucets | RUBINETA<\/title>\n<meta name=\"description\" content=\"Rekomenduojame r\u016bpintis mai\u0161ytuvu ir du\u0161o \u012franga, nes taip prailginsite j\u0173 tarnavimo trukm\u0119 ir i\u0161vengsite gedim\u0173, atsiradusi\u0173 d\u0117l produkto eksploatacijos.\" \/>\n<meta name=\"robots\" content=\"index, follow, max-snippet:-1, max-image-preview:large, max-video-preview:-1\" \/>\n<link rel=\"canonical\" href=\"https:\/\/rubineta.com\/ru\/tips-how-to-clean-faucets\/\" \/>\n<meta name=\"twitter:label1\" content=\"Est. reading time\" \/>\n\t<meta name=\"twitter:data1\" content=\"6 minutes\" \/>\n<script type=\"application\/ld+json\" class=\"yoast-schema-graph\">{\"@context\":\"https:\/\/schema.org\",\"@graph\":[{\"@type\":\"WebPage\",\"@id\":\"https:\/\/rubineta.com\/ru\/tips-how-to-clean-faucets\/\",\"url\":\"https:\/\/rubineta.com\/ru\/tips-how-to-clean-faucets\/\",\"name\":\"[:lt]Produkcijos prie\u017ei\u016bros rekomendacijos[:en]Tips how to clean faucets[:ru]\u0420\u0435\u043a\u043e\u043c\u0435\u043d\u0434\u0430\u0446\u0438\u0438 \u043f\u043e \u0443\u0445\u043e\u0434\u0443 \u0437\u0430 \u0441\u043c\u0435\u0441\u0438\u0442\u0435\u043b\u044f\u043c\u0438 \u0438 \u0441\u0430\u043d\u0442\u0435\u0445\u043d\u0438\u0447\u0435\u0441\u043a\u0438\u043c\u0438 \u0438\u0437\u0434\u0435\u043b\u0438\u044f\u043c\u0438[:lv]Jauc\u0113jkr\u0101nu un to piederumu apkopes instrukcijas[:] | RUBINETA\",\"isPartOf\":{\"@id\":\"https:\/\/rubineta.com\/#website\"},\"primaryImageOfPage\":{\"@id\":\"https:\/\/rubineta.com\/ru\/tips-how-to-clean-faucets\/#primaryimage\"},\"image\":{\"@id\":\"https:\/\/rubineta.com\/ru\/tips-how-to-clean-faucets\/#primaryimage\"},\"thumbnailUrl\":\"https:\/\/rubineta.com\/wp-content\/uploads\/2023\/01\/Rubineta_cleaning_matt_surfaces-300x300.jpg\",\"datePublished\":\"2018-08-21T04:19:16+00:00\",\"dateModified\":\"2023-01-26T12:29:10+00:00\",\"description\":\"Rekomenduojame r\u016bpintis mai\u0161ytuvu ir du\u0161o \u012franga, nes taip prailginsite j\u0173 tarnavimo trukm\u0119 ir i\u0161vengsite gedim\u0173, atsiradusi\u0173 d\u0117l produkto eksploatacijos.\",\"breadcrumb\":{\"@id\":\"https:\/\/rubineta.com\/ru\/tips-how-to-clean-faucets\/#breadcrumb\"},\"inLanguage\":\"en-US\",\"potentialAction\":[{\"@type\":\"ReadAction\",\"target\":[\"https:\/\/rubineta.com\/ru\/tips-how-to-clean-faucets\/\"]}]},{\"@type\":\"ImageObject\",\"inLanguage\":\"en-US\",\"@id\":\"https:\/\/rubineta.com\/ru\/tips-how-to-clean-faucets\/#primaryimage\",\"url\":\"https:\/\/rubineta.com\/wp-content\/uploads\/2023\/01\/Rubineta_cleaning_matt_surfaces-300x300.jpg\",\"contentUrl\":\"https:\/\/rubineta.com\/wp-content\/uploads\/2023\/01\/Rubineta_cleaning_matt_surfaces-300x300.jpg\"},{\"@type\":\"BreadcrumbList\",\"@id\":\"https:\/\/rubineta.com\/ru\/tips-how-to-clean-faucets\/#breadcrumb\",\"itemListElement\":[{\"@type\":\"ListItem\",\"position\":1,\"name\":\"Home\",\"item\":\"https:\/\/rubineta.com\/lv\/\"},{\"@type\":\"ListItem\",\"position\":2,\"name\":\"\u0420\u0435\u043a\u043e\u043c\u0435\u043d\u0434\u0430\u0446\u0438\u0438 \u043f\u043e \u0443\u0445\u043e\u0434\u0443 \u0437\u0430 \u0441\u043c\u0435\u0441\u0438\u0442\u0435\u043b\u044f\u043c\u0438 \u0438 \u0441\u0430\u043d\u0442\u0435\u0445\u043d\u0438\u0447\u0435\u0441\u043a\u0438\u043c\u0438 \u0438\u0437\u0434\u0435\u043b\u0438\u044f\u043c\u0438\"}]},{\"@type\":\"WebSite\",\"@id\":\"https:\/\/rubineta.com\/#website\",\"url\":\"https:\/\/rubineta.com\/\",\"name\":\"Rubineta - Quality And Reliable Sanitary Fittings\",\"description\":\"High Quality And Reliable Faucets\",\"publisher\":{\"@id\":\"https:\/\/rubineta.com\/#organization\"},\"potentialAction\":[{\"@type\":\"SearchAction\",\"target\":{\"@type\":\"EntryPoint\",\"urlTemplate\":\"https:\/\/rubineta.com\/?s={search_term_string}\"},\"query-input\":{\"@type\":\"PropertyValueSpecification\",\"valueRequired\":true,\"valueName\":\"search_term_string\"}}],\"inLanguage\":\"en-US\"},{\"@type\":\"Organization\",\"@id\":\"https:\/\/rubineta.com\/#organization\",\"name\":\"RUBINETA\",\"url\":\"https:\/\/rubineta.com\/\",\"logo\":{\"@type\":\"ImageObject\",\"inLanguage\":\"en-US\",\"@id\":\"https:\/\/rubineta.com\/#\/schema\/logo\/image\/\",\"url\":\"https:\/\/rubineta.com\/wp-content\/uploads\/2020\/07\/RUBINETA-logo.jpg\",\"contentUrl\":\"https:\/\/rubineta.com\/wp-content\/uploads\/2020\/07\/RUBINETA-logo.jpg\",\"width\":825,\"height\":456,\"caption\":\"RUBINETA\"},\"image\":{\"@id\":\"https:\/\/rubineta.com\/#\/schema\/logo\/image\/\"}}]}<\/script>\n<!-- \/ Yoast SEO plugin. -->","yoast_head_json":{"title":"[:lt]Produkcijos prie\u017ei\u016bros rekomendacijos[:en]Tips how to clean faucets[:ru]\u0420\u0435\u043a\u043e\u043c\u0435\u043d\u0434\u0430\u0446\u0438\u0438 \u043f\u043e \u0443\u0445\u043e\u0434\u0443 \u0437\u0430 \u0441\u043c\u0435\u0441\u0438\u0442\u0435\u043b\u044f\u043c\u0438 \u0438 \u0441\u0430\u043d\u0442\u0435\u0445\u043d\u0438\u0447\u0435\u0441\u043a\u0438\u043c\u0438 \u0438\u0437\u0434\u0435\u043b\u0438\u044f\u043c\u0438[:lv]Jauc\u0113jkr\u0101nu un to piederumu apkopes instrukcijas[:] | RUBINETA","description":"Rekomenduojame r\u016bpintis mai\u0161ytuvu ir du\u0161o \u012franga, nes taip prailginsite j\u0173 tarnavimo trukm\u0119 ir i\u0161vengsite gedim\u0173, atsiradusi\u0173 d\u0117l produkto eksploatacijos.","robots":{"index":"index","follow":"follow","max-snippet":"max-snippet:-1","max-image-preview":"max-image-preview:large","max-video-preview":"max-video-preview:-1"},"canonical":"https:\/\/rubineta.com\/ru\/tips-how-to-clean-faucets\/","twitter_misc":{"Est. reading time":"6 minutes"},"schema":{"@context":"https:\/\/schema.org","@graph":[{"@type":"WebPage","@id":"https:\/\/rubineta.com\/ru\/tips-how-to-clean-faucets\/","url":"https:\/\/rubineta.com\/ru\/tips-how-to-clean-faucets\/","name":"[:lt]Produkcijos prie\u017ei\u016bros rekomendacijos[:en]Tips how to clean faucets[:ru]\u0420\u0435\u043a\u043e\u043c\u0435\u043d\u0434\u0430\u0446\u0438\u0438 \u043f\u043e \u0443\u0445\u043e\u0434\u0443 \u0437\u0430 \u0441\u043c\u0435\u0441\u0438\u0442\u0435\u043b\u044f\u043c\u0438 \u0438 \u0441\u0430\u043d\u0442\u0435\u0445\u043d\u0438\u0447\u0435\u0441\u043a\u0438\u043c\u0438 \u0438\u0437\u0434\u0435\u043b\u0438\u044f\u043c\u0438[:lv]Jauc\u0113jkr\u0101nu un to piederumu apkopes instrukcijas[:] | RUBINETA","isPartOf":{"@id":"https:\/\/rubineta.com\/#website"},"primaryImageOfPage":{"@id":"https:\/\/rubineta.com\/ru\/tips-how-to-clean-faucets\/#primaryimage"},"image":{"@id":"https:\/\/rubineta.com\/ru\/tips-how-to-clean-faucets\/#primaryimage"},"thumbnailUrl":"https:\/\/rubineta.com\/wp-content\/uploads\/2023\/01\/Rubineta_cleaning_matt_surfaces-300x300.jpg","datePublished":"2018-08-21T04:19:16+00:00","dateModified":"2023-01-26T12:29:10+00:00","description":"Rekomenduojame r\u016bpintis mai\u0161ytuvu ir du\u0161o \u012franga, nes taip prailginsite j\u0173 tarnavimo trukm\u0119 ir i\u0161vengsite gedim\u0173, atsiradusi\u0173 d\u0117l produkto eksploatacijos.","breadcrumb":{"@id":"https:\/\/rubineta.com\/ru\/tips-how-to-clean-faucets\/#breadcrumb"},"inLanguage":"en-US","potentialAction":[{"@type":"ReadAction","target":["https:\/\/rubineta.com\/ru\/tips-how-to-clean-faucets\/"]}]},{"@type":"ImageObject","inLanguage":"en-US","@id":"https:\/\/rubineta.com\/ru\/tips-how-to-clean-faucets\/#primaryimage","url":"https:\/\/rubineta.com\/wp-content\/uploads\/2023\/01\/Rubineta_cleaning_matt_surfaces-300x300.jpg","contentUrl":"https:\/\/rubineta.com\/wp-content\/uploads\/2023\/01\/Rubineta_cleaning_matt_surfaces-300x300.jpg"},{"@type":"BreadcrumbList","@id":"https:\/\/rubineta.com\/ru\/tips-how-to-clean-faucets\/#breadcrumb","itemListElement":[{"@type":"ListItem","position":1,"name":"Home","item":"https:\/\/rubineta.com\/lv\/"},{"@type":"ListItem","position":2,"name":"\u0420\u0435\u043a\u043e\u043c\u0435\u043d\u0434\u0430\u0446\u0438\u0438 \u043f\u043e \u0443\u0445\u043e\u0434\u0443 \u0437\u0430 \u0441\u043c\u0435\u0441\u0438\u0442\u0435\u043b\u044f\u043c\u0438 \u0438 \u0441\u0430\u043d\u0442\u0435\u0445\u043d\u0438\u0447\u0435\u0441\u043a\u0438\u043c\u0438 \u0438\u0437\u0434\u0435\u043b\u0438\u044f\u043c\u0438"}]},{"@type":"WebSite","@id":"https:\/\/rubineta.com\/#website","url":"https:\/\/rubineta.com\/","name":"Rubineta - Quality And Reliable Sanitary Fittings","description":"High Quality And Reliable Faucets","publisher":{"@id":"https:\/\/rubineta.com\/#organization"},"potentialAction":[{"@type":"SearchAction","target":{"@type":"EntryPoint","urlTemplate":"https:\/\/rubineta.com\/?s={search_term_string}"},"query-input":{"@type":"PropertyValueSpecification","valueRequired":true,"valueName":"search_term_string"}}],"inLanguage":"en-US"},{"@type":"Organization","@id":"https:\/\/rubineta.com\/#organization","name":"RUBINETA","url":"https:\/\/rubineta.com\/","logo":{"@type":"ImageObject","inLanguage":"en-US","@id":"https:\/\/rubineta.com\/#\/schema\/logo\/image\/","url":"https:\/\/rubineta.com\/wp-content\/uploads\/2020\/07\/RUBINETA-logo.jpg","contentUrl":"https:\/\/rubineta.com\/wp-content\/uploads\/2020\/07\/RUBINETA-logo.jpg","width":825,"height":456,"caption":"RUBINETA"},"image":{"@id":"https:\/\/rubineta.com\/#\/schema\/logo\/image\/"}}]}},"_links":{"self":[{"href":"https:\/\/rubineta.com\/en\/wp-json\/wp\/v2\/pages\/12439","targetHints":{"allow":["GET"]}}],"collection":[{"href":"https:\/\/rubineta.com\/en\/wp-json\/wp\/v2\/pages"}],"about":[{"href":"https:\/\/rubineta.com\/en\/wp-json\/wp\/v2\/types\/page"}],"author":[{"embeddable":true,"href":"https:\/\/rubineta.com\/en\/wp-json\/wp\/v2\/users\/1"}],"replies":[{"embeddable":true,"href":"https:\/\/rubineta.com\/en\/wp-json\/wp\/v2\/comments?post=12439"}],"version-history":[{"count":4,"href":"https:\/\/rubineta.com\/en\/wp-json\/wp\/v2\/pages\/12439\/revisions"}],"predecessor-version":[{"id":25602,"href":"https:\/\/rubineta.com\/en\/wp-json\/wp\/v2\/pages\/12439\/revisions\/25602"}],"wp:attachment":[{"href":"https:\/\/rubineta.com\/en\/wp-json\/wp\/v2\/media?parent=12439"}],"curies":[{"name":"wp","href":"https:\/\/api.w.org\/{rel}","templated":true}]}}