{"id":16139,"date":"2018-10-24T06:01:07","date_gmt":"2018-10-24T08:01:07","guid":{"rendered":"http:\/\/rubineta.com\/?page_id=16139"},"modified":"2020-08-07T18:18:05","modified_gmt":"2020-08-07T20:18:05","slug":"kaip-pasirinkti-tinkama-vandens-maisytuva","status":"publish","type":"page","link":"https:\/\/rubineta.com\/en\/kaip-pasirinkti-tinkama-vandens-maisytuva\/","title":{"rendered":"How to choose a high quality faucet?"},"content":{"rendered":"<div id=\"pl-16139\"  class=\"panel-layout\" ><div id=\"pg-16139-0\"  class=\"panel-grid panel-has-style\" ><div class=\"siteorigin-panels-stretch lazy rocket-lazyload panel-row-style panel-row-style-for-16139-0\" data-stretch-type=\"full\" data-bg=\"https:\/\/rubineta.com\/wp-content\/uploads\/2018\/10\/maisytuvas-Aero.jpg\" ><div id=\"pgc-16139-0-0\"  class=\"panel-grid-cell\" ><div id=\"panel-16139-0-0-0\" class=\"so-panel widget widget_nav_menu panel-first-child panel-last-child\" data-index=\"0\" ><div class=\"produktas-sidebar panel-widget-style panel-widget-style-for-16139-0-0-0\" ><h3 class=\"widget-title\">My product<\/h3><div class=\"menu-naudinga-info-container\"><ul id=\"menu-naudinga-info\" class=\"menu\"><li id=\"menu-item-20815\" class=\"menu-item menu-item-type-post_type menu-item-object-page menu-item-20815\"><a href=\"https:\/\/rubineta.com\/en\/my-product\/\">Warranty service<\/a><\/li>\n<li id=\"menu-item-11940\" class=\"menu-item menu-item-type-post_type menu-item-object-page menu-item-11940\"><a href=\"https:\/\/rubineta.com\/en\/civil-liability-insurance\/\">Civil liability insurance<\/a><\/li>\n<li id=\"menu-item-12445\" class=\"menu-item menu-item-type-post_type menu-item-object-page menu-item-12445\"><a href=\"https:\/\/rubineta.com\/en\/tips-how-to-clean-faucets\/\">Tips how to clean faucets<\/a><\/li>\n<li id=\"menu-item-16143\" class=\"menu-item menu-item-type-post_type menu-item-object-page menu-item-16143\"><a href=\"https:\/\/rubineta.com\/en\/kaip-pasirinkti-tinkama-vandens-maisytuva\/\">How to choose a high quality faucet?<\/a><\/li>\n<li id=\"menu-item-24391\" class=\"menu-item menu-item-type-post_type menu-item-object-page menu-item-24391\"><a href=\"https:\/\/rubineta.com\/en\/katalogai-ir-brosiuros\/\">Catalogues and brochures<\/a><\/li>\n<\/ul><\/div><\/div><\/div><\/div><div id=\"pgc-16139-0-1\"  class=\"panel-grid-cell\" ><div id=\"panel-16139-0-1-0\" class=\"so-panel widget widget_sow-editor panel-first-child panel-last-child\" data-index=\"1\" ><div class=\"shadow-box o animate animate-1 download-btn panel-widget-style panel-widget-style-for-16139-0-1-0\" ><div\n\t\t\t\n\t\t\tclass=\"so-widget-sow-editor so-widget-sow-editor-base\"\n\t\t\t\n\t\t><h3 class=\"widget-title\">How to choose a high quality faucet?<\/h3>\n<div class=\"siteorigin-widget-tinymce textwidget\">\n\t<div class=\"dash style-dark\"><\/div>\n<p>Specialists estimated that the average family switches water on and off in a faucet up to ten thousand times per year. Only a high quality and reliable faucets can withstand such a load.<\/p>\n<p><strong>According to the construction and design, the faucets are divided into several types:<\/strong><\/p>\n<\/div>\n<\/div><\/div><\/div><\/div><\/div><\/div><div id=\"pg-16139-1\"  class=\"panel-grid panel-has-style\" ><div class=\"siteorigin-panels-stretch panel-row-style panel-row-style-for-16139-1\" data-stretch-type=\"full\" ><div id=\"pgc-16139-1-0\"  class=\"panel-grid-cell\" ><div id=\"panel-16139-1-0-0\" class=\"so-panel widget widget_sow-image panel-first-child panel-last-child\" data-index=\"2\" ><div\n\t\t\t\n\t\t\tclass=\"so-widget-sow-image so-widget-sow-image-default-8b5b6f678277-16139\"\n\t\t\t\n\t\t>\n\n<div class=\"sow-image-container\">\n\t\t<img loading=\"lazy\" decoding=\"async\" src=\"data:image\/gif;base64,R0lGODdhAQABAPAAAP\/\/\/wAAACwAAAAAAQABAEACAkQBADs=\" data-lazy-src=\"https:\/\/rubineta.com\/wp-content\/uploads\/2019\/02\/toscana-maisytuvas.jpg\" width=\"1000\" height=\"1000\" data-lazy-srcset=\"https:\/\/rubineta.com\/wp-content\/uploads\/2019\/02\/toscana-maisytuvas.jpg 1000w, https:\/\/rubineta.com\/wp-content\/uploads\/2019\/02\/toscana-maisytuvas-300x300.jpg 300w, https:\/\/rubineta.com\/wp-content\/uploads\/2019\/02\/toscana-maisytuvas-100x100.jpg 100w, https:\/\/rubineta.com\/wp-content\/uploads\/2019\/02\/toscana-maisytuvas-600x600.jpg 600w, https:\/\/rubineta.com\/wp-content\/uploads\/2019\/02\/toscana-maisytuvas-150x150.jpg 150w, https:\/\/rubineta.com\/wp-content\/uploads\/2019\/02\/toscana-maisytuvas-768x768.jpg 768w, https:\/\/rubineta.com\/wp-content\/uploads\/2019\/02\/toscana-maisytuvas-580x580.jpg 580w, https:\/\/rubineta.com\/wp-content\/uploads\/2019\/02\/toscana-maisytuvas-220x220.jpg 220w, https:\/\/rubineta.com\/wp-content\/uploads\/2019\/02\/toscana-maisytuvas-450x450.jpg 450w, https:\/\/rubineta.com\/wp-content\/uploads\/2019\/02\/toscana-maisytuvas-72x72.jpg 72w\" data-lazy-sizes=\"auto, (max-width: 1000px) 100vw, 1000px\" alt=\"toscana-maisytuvas\" \t\tclass=\"so-widget-image\"\/><noscript><img loading=\"lazy\" decoding=\"async\" src=\"https:\/\/rubineta.com\/wp-content\/uploads\/2019\/02\/toscana-maisytuvas.jpg\" width=\"1000\" height=\"1000\" srcset=\"https:\/\/rubineta.com\/wp-content\/uploads\/2019\/02\/toscana-maisytuvas.jpg 1000w, https:\/\/rubineta.com\/wp-content\/uploads\/2019\/02\/toscana-maisytuvas-300x300.jpg 300w, https:\/\/rubineta.com\/wp-content\/uploads\/2019\/02\/toscana-maisytuvas-100x100.jpg 100w, https:\/\/rubineta.com\/wp-content\/uploads\/2019\/02\/toscana-maisytuvas-600x600.jpg 600w, https:\/\/rubineta.com\/wp-content\/uploads\/2019\/02\/toscana-maisytuvas-150x150.jpg 150w, https:\/\/rubineta.com\/wp-content\/uploads\/2019\/02\/toscana-maisytuvas-768x768.jpg 768w, https:\/\/rubineta.com\/wp-content\/uploads\/2019\/02\/toscana-maisytuvas-580x580.jpg 580w, https:\/\/rubineta.com\/wp-content\/uploads\/2019\/02\/toscana-maisytuvas-220x220.jpg 220w, https:\/\/rubineta.com\/wp-content\/uploads\/2019\/02\/toscana-maisytuvas-450x450.jpg 450w, https:\/\/rubineta.com\/wp-content\/uploads\/2019\/02\/toscana-maisytuvas-72x72.jpg 72w\" sizes=\"auto, (max-width: 1000px) 100vw, 1000px\" alt=\"toscana-maisytuvas\" \t\tclass=\"so-widget-image\"\/><\/noscript>\n\t<\/div>\n\n<\/div><\/div><\/div><div id=\"pgc-16139-1-1\"  class=\"panel-grid-cell\" ><div id=\"panel-16139-1-1-0\" class=\"so-panel widget widget_sow-editor panel-first-child panel-last-child\" data-index=\"3\" ><div class=\"shadow-box  animate animate-1 download-btn panel-widget-style panel-widget-style-for-16139-1-1-0\" ><div\n\t\t\t\n\t\t\tclass=\"so-widget-sow-editor so-widget-sow-editor-base\"\n\t\t\t\n\t\t>\n<div class=\"siteorigin-widget-tinymce textwidget\">\n\t<\/p>\n<h2><strong>Two valves<\/strong><\/h2>\n<div class=\"dash style-dark\"><\/div>\n<p><strong> With two valves\/levers for both, hot and cold water.<\/strong><\/p>\n<ul>\n<li><strong><b>Valves<\/b>:<\/strong>\n<ul>\n<li><span style=\"font-weight: 400;\">Affordable price<\/span><\/li>\n<li><span style=\"font-weight: 400;\">Simplicity of construction (for installation and repair) <\/span><\/li>\n<li><span style=\"font-weight: 400;\">More difficult to set the temperature and water pressure<\/span><\/li>\n<\/ul>\n<\/li>\n<li><strong> <b>Ceramic valves<\/b>:<\/strong>\n<ul>\n<li><span style=\"font-weight: 400;\">Longevity<\/span><\/li>\n<li><span style=\"font-weight: 400;\">Simplicity of construction (for installation and repair) <\/span><\/li>\n<li><span style=\"font-weight: 400;\">Convenient pressure and temperature control (rotation angle 180\u00b0)<\/span><\/li>\n<\/ul>\n<\/li>\n<li><strong><b>Ceramic valves with \"Flow control\" function<\/b>:<\/strong>\n<ul>\n<li><span style=\"font-weight: 400;\">Three-stage valves provide a more accurate and convenient adjustment of water pressure, thereby reducing its consumption (rotation angle 270\u00b0)<\/span><\/li>\n<\/ul>\n<\/li>\n<\/ul>\n<\/div>\n<\/div><\/div><\/div><\/div><\/div><\/div><div id=\"pg-16139-2\"  class=\"panel-grid panel-has-style\" ><div class=\"siteorigin-panels-stretch panel-row-style panel-row-style-for-16139-2\" data-stretch-type=\"full\" ><div id=\"pgc-16139-2-0\"  class=\"panel-grid-cell\" ><div id=\"panel-16139-2-0-0\" class=\"so-panel widget widget_sow-editor panel-first-child panel-last-child\" data-index=\"4\" ><div class=\"shadow-box  animate animate-1 download-btn panel-widget-style panel-widget-style-for-16139-2-0-0\" ><div\n\t\t\t\n\t\t\tclass=\"so-widget-sow-editor so-widget-sow-editor-base\"\n\t\t\t\n\t\t>\n<div class=\"siteorigin-widget-tinymce textwidget\">\n\t<\/p>\n<h2><strong>One lever<\/strong><\/h2>\n<div class=\"dash style-dark\"><\/div>\n<p>With this type of faucet, water temperature and pressure are controlled smoothly with one lever. The main element is a ceramic cartridge.<\/p>\n<ul>\n<li style=\"font-weight: 400;\"><span style=\"font-weight: 400;\">Easy one-handed adjustment<\/span><\/li>\n<li style=\"font-weight: 400;\"><span style=\"font-weight: 400;\">Durability (ceramic cartridges average service time \u2013 10 years)<\/span><\/li>\n<\/ul>\n<\/div>\n<\/div><\/div><\/div><\/div><div id=\"pgc-16139-2-1\"  class=\"panel-grid-cell\" ><div id=\"panel-16139-2-1-0\" class=\"so-panel widget widget_sow-image panel-first-child panel-last-child\" data-index=\"5\" ><div\n\t\t\t\n\t\t\tclass=\"so-widget-sow-image so-widget-sow-image-default-8b5b6f678277-16139\"\n\t\t\t\n\t\t>\n\n<div class=\"sow-image-container\">\n\t\t<img loading=\"lazy\" decoding=\"async\" src=\"data:image\/gif;base64,R0lGODdhAQABAPAAAP\/\/\/wAAACwAAAAAAQABAEACAkQBADs=\" data-lazy-src=\"https:\/\/rubineta.com\/wp-content\/uploads\/2018\/10\/Rubineta-serija-Uno-WT.jpg\" width=\"1000\" height=\"1000\" data-lazy-srcset=\"https:\/\/rubineta.com\/wp-content\/uploads\/2018\/10\/Rubineta-serija-Uno-WT.jpg 1000w, https:\/\/rubineta.com\/wp-content\/uploads\/2018\/10\/Rubineta-serija-Uno-WT-300x300.jpg 300w, https:\/\/rubineta.com\/wp-content\/uploads\/2018\/10\/Rubineta-serija-Uno-WT-100x100.jpg 100w, https:\/\/rubineta.com\/wp-content\/uploads\/2018\/10\/Rubineta-serija-Uno-WT-600x600.jpg 600w, https:\/\/rubineta.com\/wp-content\/uploads\/2018\/10\/Rubineta-serija-Uno-WT-150x150.jpg 150w, https:\/\/rubineta.com\/wp-content\/uploads\/2018\/10\/Rubineta-serija-Uno-WT-768x768.jpg 768w, https:\/\/rubineta.com\/wp-content\/uploads\/2018\/10\/Rubineta-serija-Uno-WT-72x72.jpg 72w\" data-lazy-sizes=\"auto, (max-width: 1000px) 100vw, 1000px\" alt=\"\" \t\tclass=\"so-widget-image\"\/><noscript><img loading=\"lazy\" decoding=\"async\" src=\"https:\/\/rubineta.com\/wp-content\/uploads\/2018\/10\/Rubineta-serija-Uno-WT.jpg\" width=\"1000\" height=\"1000\" srcset=\"https:\/\/rubineta.com\/wp-content\/uploads\/2018\/10\/Rubineta-serija-Uno-WT.jpg 1000w, https:\/\/rubineta.com\/wp-content\/uploads\/2018\/10\/Rubineta-serija-Uno-WT-300x300.jpg 300w, https:\/\/rubineta.com\/wp-content\/uploads\/2018\/10\/Rubineta-serija-Uno-WT-100x100.jpg 100w, https:\/\/rubineta.com\/wp-content\/uploads\/2018\/10\/Rubineta-serija-Uno-WT-600x600.jpg 600w, https:\/\/rubineta.com\/wp-content\/uploads\/2018\/10\/Rubineta-serija-Uno-WT-150x150.jpg 150w, https:\/\/rubineta.com\/wp-content\/uploads\/2018\/10\/Rubineta-serija-Uno-WT-768x768.jpg 768w, https:\/\/rubineta.com\/wp-content\/uploads\/2018\/10\/Rubineta-serija-Uno-WT-72x72.jpg 72w\" sizes=\"auto, (max-width: 1000px) 100vw, 1000px\" alt=\"\" \t\tclass=\"so-widget-image\"\/><\/noscript>\n\t<\/div>\n\n<\/div><\/div><\/div><\/div><\/div><div id=\"pg-16139-3\"  class=\"panel-grid panel-has-style\" ><div class=\"siteorigin-panels-stretch panel-row-style panel-row-style-for-16139-3\" data-stretch-type=\"full\" ><div id=\"pgc-16139-3-0\"  class=\"panel-grid-cell\" ><div id=\"panel-16139-3-0-0\" class=\"so-panel widget widget_sow-image panel-first-child panel-last-child\" data-index=\"6\" ><div\n\t\t\t\n\t\t\tclass=\"so-widget-sow-image so-widget-sow-image-default-8b5b6f678277-16139\"\n\t\t\t\n\t\t>\n\n<div class=\"sow-image-container\">\n\t\t<img loading=\"lazy\" decoding=\"async\" src=\"data:image\/gif;base64,R0lGODdhAQABAPAAAP\/\/\/wAAACwAAAAAAQABAEACAkQBADs=\" data-lazy-src=\"https:\/\/rubineta.com\/wp-content\/uploads\/2019\/02\/Thermo.jpg\" width=\"480\" height=\"320\" data-lazy-srcset=\"https:\/\/rubineta.com\/wp-content\/uploads\/2019\/02\/Thermo.jpg 480w, https:\/\/rubineta.com\/wp-content\/uploads\/2019\/02\/Thermo-300x200.jpg 300w, https:\/\/rubineta.com\/wp-content\/uploads\/2019\/02\/Thermo-330x220.jpg 330w, https:\/\/rubineta.com\/wp-content\/uploads\/2019\/02\/Thermo-360x240.jpg 360w, https:\/\/rubineta.com\/wp-content\/uploads\/2019\/02\/Thermo-420x280.jpg 420w, https:\/\/rubineta.com\/wp-content\/uploads\/2019\/02\/Thermo-272x182.jpg 272w\" data-lazy-sizes=\"auto, (max-width: 480px) 100vw, 480px\" alt=\"Thermo\" \t\tclass=\"so-widget-image\"\/><noscript><img loading=\"lazy\" decoding=\"async\" src=\"https:\/\/rubineta.com\/wp-content\/uploads\/2019\/02\/Thermo.jpg\" width=\"480\" height=\"320\" srcset=\"https:\/\/rubineta.com\/wp-content\/uploads\/2019\/02\/Thermo.jpg 480w, https:\/\/rubineta.com\/wp-content\/uploads\/2019\/02\/Thermo-300x200.jpg 300w, https:\/\/rubineta.com\/wp-content\/uploads\/2019\/02\/Thermo-330x220.jpg 330w, https:\/\/rubineta.com\/wp-content\/uploads\/2019\/02\/Thermo-360x240.jpg 360w, https:\/\/rubineta.com\/wp-content\/uploads\/2019\/02\/Thermo-420x280.jpg 420w, https:\/\/rubineta.com\/wp-content\/uploads\/2019\/02\/Thermo-272x182.jpg 272w\" sizes=\"auto, (max-width: 480px) 100vw, 480px\" alt=\"Thermo\" \t\tclass=\"so-widget-image\"\/><\/noscript>\n\t<\/div>\n\n<\/div><\/div><\/div><div id=\"pgc-16139-3-1\"  class=\"panel-grid-cell\" ><div id=\"panel-16139-3-1-0\" class=\"so-panel widget widget_sow-editor panel-first-child panel-last-child\" data-index=\"7\" ><div class=\"shadow-box animate animate-1 download-btn panel-widget-style panel-widget-style-for-16139-3-1-0\" ><div\n\t\t\t\n\t\t\tclass=\"so-widget-sow-editor so-widget-sow-editor-base\"\n\t\t\t\n\t\t>\n<div class=\"siteorigin-widget-tinymce textwidget\">\n\t<\/p>\n<h2><strong>Thermostatic<\/strong><\/h2>\n<div class=\"dash style-dark\"><\/div>\n<p><span style=\"font-weight: 400;\">These faucets are able to provide water with maintaining the set temperature and protect users from potential burns if water temperature and\/or pressure changes.<\/span><\/p>\n<p><span style=\"font-weight: 400;\">The thermostatic faucets have two rotating levers. The first is designed to regulate water pressure, and the second\u00a0\u2013 to accurately set water temperature (temperature scale indicated on it). It is enough to set the temperature once, and then you can only change the pressure.<\/span><\/p>\n<p><span style=\"font-weight: 400;\">Touchless (sensory). A faucet uses infrared signal, which turns on as soon as it detects a user's hand in the sensor's working area.\u00a0<\/span><span style=\"font-weight: 400;\">Such faucets are popular to use in public buildings.<\/span><\/p><\/p>\n<\/div>\n<\/div><\/div><\/div><\/div><\/div><\/div><div id=\"pg-16139-4\"  class=\"panel-grid panel-has-style\" ><div class=\"cta-home cta-dark siteorigin-panels-stretch lazy rocket-lazyload panel-row-style panel-row-style-for-16139-4\" data-stretch-type=\"full\" data-bg=\"https:\/\/rubineta.com\/wp-content\/uploads\/2018\/08\/rubineta-modena-cta.png\" ><div id=\"pgc-16139-4-0\"  class=\"panel-grid-cell panel-grid-cell-mobile-last\" ><div id=\"panel-16139-4-0-0\" class=\"so-panel widget widget_black-studio-tinymce widget_black_studio_tinymce panel-first-child panel-last-child\" data-index=\"8\" ><div class=\"animate animate-1 panel-widget-style panel-widget-style-for-16139-4-0-0\" ><div class=\"textwidget\"><p><span class=\"subtitle dash-true style-dark\">RUBINETA PRODUCTS<\/span><\/p>\n<h2>View our product catalog<\/h2>\n<p><a href=\"\/series\/\" class=\"btn btn-btn-read-more arrow-right\" target=\"_self\"><span>Read more<\/span><\/a><\/p>\n<\/div><\/div><\/div><\/div><div id=\"pgc-16139-4-1\"  class=\"panel-grid-cell panel-grid-cell-empty\" ><\/div><\/div><\/div><\/div>","protected":false},"excerpt":{"rendered":"<p>Specialists estimated that the average family switches water on and off in a faucet up to ten thousand times per [&hellip;]<\/p>\n","protected":false},"author":1,"featured_media":0,"parent":0,"menu_order":0,"comment_status":"closed","ping_status":"closed","template":"","meta":{"footnotes":""},"class_list":["post-16139","page","type-page","status-publish","hentry"],"yoast_head":"<!-- This site is optimized with the Yoast SEO plugin v23.9 - https:\/\/yoast.com\/wordpress\/plugins\/seo\/ -->\n<title>Kaip pasirinkti tinkam\u0105 vandens mai\u0161ytuv\u0105 | RUBINETA<\/title>\n<meta name=\"description\" content=\"Kaip pasirinkti tinkam\u0105 vandens mai\u0161ytuv\u0105? \u012e k\u0105 atkreipti d\u0117mes\u012f? Kuo skiriasi dviej\u0173 ranken\u0117li\u0173 mai\u0161ytuvai nuo vienos ranken\u0117l\u0117s.\" \/>\n<meta name=\"robots\" content=\"index, follow, max-snippet:-1, max-image-preview:large, max-video-preview:-1\" \/>\n<link rel=\"canonical\" href=\"https:\/\/rubineta.com\/kaip-pasirinkti-tinkama-vandens-maisytuva\/\" \/>\n<meta name=\"twitter:label1\" content=\"Est. reading time\" \/>\n\t<meta name=\"twitter:data1\" content=\"5 minutes\" \/>\n<script type=\"application\/ld+json\" class=\"yoast-schema-graph\">{\"@context\":\"https:\/\/schema.org\",\"@graph\":[{\"@type\":\"WebPage\",\"@id\":\"https:\/\/rubineta.com\/kaip-pasirinkti-tinkama-vandens-maisytuva\/\",\"url\":\"https:\/\/rubineta.com\/kaip-pasirinkti-tinkama-vandens-maisytuva\/\",\"name\":\"Kaip pasirinkti tinkam\u0105 vandens mai\u0161ytuv\u0105 | RUBINETA\",\"isPartOf\":{\"@id\":\"https:\/\/rubineta.com\/#website\"},\"datePublished\":\"2018-10-24T08:01:07+00:00\",\"dateModified\":\"2020-08-07T20:18:05+00:00\",\"description\":\"Kaip pasirinkti tinkam\u0105 vandens mai\u0161ytuv\u0105? \u012e k\u0105 atkreipti d\u0117mes\u012f? Kuo skiriasi dviej\u0173 ranken\u0117li\u0173 mai\u0161ytuvai nuo vienos ranken\u0117l\u0117s.\",\"breadcrumb\":{\"@id\":\"https:\/\/rubineta.com\/kaip-pasirinkti-tinkama-vandens-maisytuva\/#breadcrumb\"},\"inLanguage\":\"en-US\",\"potentialAction\":[{\"@type\":\"ReadAction\",\"target\":[\"https:\/\/rubineta.com\/kaip-pasirinkti-tinkama-vandens-maisytuva\/\"]}]},{\"@type\":\"BreadcrumbList\",\"@id\":\"https:\/\/rubineta.com\/kaip-pasirinkti-tinkama-vandens-maisytuva\/#breadcrumb\",\"itemListElement\":[{\"@type\":\"ListItem\",\"position\":1,\"name\":\"Home\",\"item\":\"https:\/\/rubineta.com\/lv\/\"},{\"@type\":\"ListItem\",\"position\":2,\"name\":\"How to choose a high quality faucet?\"}]},{\"@type\":\"WebSite\",\"@id\":\"https:\/\/rubineta.com\/#website\",\"url\":\"https:\/\/rubineta.com\/\",\"name\":\"Rubineta - Quality And Reliable Sanitary Fittings\",\"description\":\"High Quality And Reliable Faucets\",\"publisher\":{\"@id\":\"https:\/\/rubineta.com\/#organization\"},\"potentialAction\":[{\"@type\":\"SearchAction\",\"target\":{\"@type\":\"EntryPoint\",\"urlTemplate\":\"https:\/\/rubineta.com\/?s={search_term_string}\"},\"query-input\":{\"@type\":\"PropertyValueSpecification\",\"valueRequired\":true,\"valueName\":\"search_term_string\"}}],\"inLanguage\":\"en-US\"},{\"@type\":\"Organization\",\"@id\":\"https:\/\/rubineta.com\/#organization\",\"name\":\"RUBINETA\",\"url\":\"https:\/\/rubineta.com\/\",\"logo\":{\"@type\":\"ImageObject\",\"inLanguage\":\"en-US\",\"@id\":\"https:\/\/rubineta.com\/#\/schema\/logo\/image\/\",\"url\":\"https:\/\/rubineta.com\/wp-content\/uploads\/2020\/07\/RUBINETA-logo.jpg\",\"contentUrl\":\"https:\/\/rubineta.com\/wp-content\/uploads\/2020\/07\/RUBINETA-logo.jpg\",\"width\":825,\"height\":456,\"caption\":\"RUBINETA\"},\"image\":{\"@id\":\"https:\/\/rubineta.com\/#\/schema\/logo\/image\/\"}}]}<\/script>\n<!-- \/ Yoast SEO plugin. -->","yoast_head_json":{"title":"Kaip pasirinkti tinkam\u0105 vandens mai\u0161ytuv\u0105 | RUBINETA","description":"Kaip pasirinkti tinkam\u0105 vandens mai\u0161ytuv\u0105? \u012e k\u0105 atkreipti d\u0117mes\u012f? Kuo skiriasi dviej\u0173 ranken\u0117li\u0173 mai\u0161ytuvai nuo vienos ranken\u0117l\u0117s.","robots":{"index":"index","follow":"follow","max-snippet":"max-snippet:-1","max-image-preview":"max-image-preview:large","max-video-preview":"max-video-preview:-1"},"canonical":"https:\/\/rubineta.com\/kaip-pasirinkti-tinkama-vandens-maisytuva\/","twitter_misc":{"Est. reading time":"5 minutes"},"schema":{"@context":"https:\/\/schema.org","@graph":[{"@type":"WebPage","@id":"https:\/\/rubineta.com\/kaip-pasirinkti-tinkama-vandens-maisytuva\/","url":"https:\/\/rubineta.com\/kaip-pasirinkti-tinkama-vandens-maisytuva\/","name":"Kaip pasirinkti tinkam\u0105 vandens mai\u0161ytuv\u0105 | RUBINETA","isPartOf":{"@id":"https:\/\/rubineta.com\/#website"},"datePublished":"2018-10-24T08:01:07+00:00","dateModified":"2020-08-07T20:18:05+00:00","description":"Kaip pasirinkti tinkam\u0105 vandens mai\u0161ytuv\u0105? \u012e k\u0105 atkreipti d\u0117mes\u012f? Kuo skiriasi dviej\u0173 ranken\u0117li\u0173 mai\u0161ytuvai nuo vienos ranken\u0117l\u0117s.","breadcrumb":{"@id":"https:\/\/rubineta.com\/kaip-pasirinkti-tinkama-vandens-maisytuva\/#breadcrumb"},"inLanguage":"en-US","potentialAction":[{"@type":"ReadAction","target":["https:\/\/rubineta.com\/kaip-pasirinkti-tinkama-vandens-maisytuva\/"]}]},{"@type":"BreadcrumbList","@id":"https:\/\/rubineta.com\/kaip-pasirinkti-tinkama-vandens-maisytuva\/#breadcrumb","itemListElement":[{"@type":"ListItem","position":1,"name":"Home","item":"https:\/\/rubineta.com\/lv\/"},{"@type":"ListItem","position":2,"name":"How to choose a high quality faucet?"}]},{"@type":"WebSite","@id":"https:\/\/rubineta.com\/#website","url":"https:\/\/rubineta.com\/","name":"Rubineta - Quality And Reliable Sanitary Fittings","description":"High Quality And Reliable Faucets","publisher":{"@id":"https:\/\/rubineta.com\/#organization"},"potentialAction":[{"@type":"SearchAction","target":{"@type":"EntryPoint","urlTemplate":"https:\/\/rubineta.com\/?s={search_term_string}"},"query-input":{"@type":"PropertyValueSpecification","valueRequired":true,"valueName":"search_term_string"}}],"inLanguage":"en-US"},{"@type":"Organization","@id":"https:\/\/rubineta.com\/#organization","name":"RUBINETA","url":"https:\/\/rubineta.com\/","logo":{"@type":"ImageObject","inLanguage":"en-US","@id":"https:\/\/rubineta.com\/#\/schema\/logo\/image\/","url":"https:\/\/rubineta.com\/wp-content\/uploads\/2020\/07\/RUBINETA-logo.jpg","contentUrl":"https:\/\/rubineta.com\/wp-content\/uploads\/2020\/07\/RUBINETA-logo.jpg","width":825,"height":456,"caption":"RUBINETA"},"image":{"@id":"https:\/\/rubineta.com\/#\/schema\/logo\/image\/"}}]}},"_links":{"self":[{"href":"https:\/\/rubineta.com\/en\/wp-json\/wp\/v2\/pages\/16139","targetHints":{"allow":["GET"]}}],"collection":[{"href":"https:\/\/rubineta.com\/en\/wp-json\/wp\/v2\/pages"}],"about":[{"href":"https:\/\/rubineta.com\/en\/wp-json\/wp\/v2\/types\/page"}],"author":[{"embeddable":true,"href":"https:\/\/rubineta.com\/en\/wp-json\/wp\/v2\/users\/1"}],"replies":[{"embeddable":true,"href":"https:\/\/rubineta.com\/en\/wp-json\/wp\/v2\/comments?post=16139"}],"version-history":[{"count":0,"href":"https:\/\/rubineta.com\/en\/wp-json\/wp\/v2\/pages\/16139\/revisions"}],"wp:attachment":[{"href":"https:\/\/rubineta.com\/en\/wp-json\/wp\/v2\/media?parent=16139"}],"curies":[{"name":"wp","href":"https:\/\/api.w.org\/{rel}","templated":true}]}}