{"id":19749,"date":"2019-01-14T08:34:22","date_gmt":"2019-01-14T10:34:22","guid":{"rendered":"http:\/\/rubineta.com\/produktas\/eccentric-round-cap-plates\/"},"modified":"2019-11-28T08:35:05","modified_gmt":"2019-11-28T10:35:05","slug":"eccentric-round-cap-plates","status":"publish","type":"product","link":"https:\/\/rubineta.com\/en\/catalogue\/atsargines-dalys-ir-aksesuarai2\/eccentric-round-cap-plates\/","title":{"rendered":"Eccentric round cap (plates)"},"content":{"rendered":"","protected":false},"excerpt":{"rendered":"<p>Parts<\/p>\n","protected":false},"featured_media":19750,"comment_status":"closed","ping_status":"closed","template":"","meta":[],"product_cat":[2416],"product_tag":[],"class_list":{"0":"post-19749","1":"product","2":"type-product","3":"status-publish","4":"has-post-thumbnail","6":"product_cat-atsargines-dalys-ir-aksesuarai2","7":"pa_barkodas-2170","8":"pa_garantija-191","9":"pa_paskirtis-kitos-detales","11":"first","12":"instock","13":"shipping-taxable","14":"purchasable","15":"product-type-simple"},"yoast_head":"<!-- This site is optimized with the Yoast SEO plugin v23.9 - https:\/\/yoast.com\/wordpress\/plugins\/seo\/ -->\n<title>Eccentric round cap (plates) | RUBINETA<\/title>\n<meta name=\"robots\" content=\"index, follow, max-snippet:-1, max-image-preview:large, max-video-preview:-1\" \/>\n<link rel=\"canonical\" href=\"https:\/\/rubineta.com\/en\/catalogue\/atsargines-dalys-ir-aksesuarai2\/eccentric-round-cap-plates\/\" \/>\n<script type=\"application\/ld+json\" class=\"yoast-schema-graph\">{\"@context\":\"https:\/\/schema.org\",\"@graph\":[{\"@type\":\"WebPage\",\"@id\":\"https:\/\/rubineta.com\/en\/catalogue\/atsargines-dalys-ir-aksesuarai2\/eccentric-round-cap-plates\/\",\"url\":\"https:\/\/rubineta.com\/en\/catalogue\/atsargines-dalys-ir-aksesuarai2\/eccentric-round-cap-plates\/\",\"name\":\"[:lt]Apvalus ventilio dangtelis (plok\u0161tel\u0117s)[:en]Eccentric round cap (plates)[:ru]\u0414\u0435\u043a\u043e\u0440\u0430\u0442\u0438\u0432\u043d\u0430\u044f \u0442\u0430\u0440\u0435\u043b\u043e\u0447\u043a\u0430 \u0434\u043b\u044f \u0432\u0435\u043d\u0442\u0438\u043b\u044f[:lv]Ekscentrisks apa\u013cais v\u0101ci\u0146\u0161 (pl\u0101ksnes)[:] | RUBINETA\",\"isPartOf\":{\"@id\":\"https:\/\/rubineta.com\/#website\"},\"primaryImageOfPage\":{\"@id\":\"https:\/\/rubineta.com\/en\/catalogue\/atsargines-dalys-ir-aksesuarai2\/eccentric-round-cap-plates\/#primaryimage\"},\"image\":{\"@id\":\"https:\/\/rubineta.com\/en\/catalogue\/atsargines-dalys-ir-aksesuarai2\/eccentric-round-cap-plates\/#primaryimage\"},\"thumbnailUrl\":\"https:\/\/rubineta.com\/wp-content\/uploads\/2019\/01\/eccentric-round-cap-plates0114103423.jpg\",\"datePublished\":\"2019-01-14T10:34:22+00:00\",\"dateModified\":\"2019-11-28T10:35:05+00:00\",\"breadcrumb\":{\"@id\":\"https:\/\/rubineta.com\/en\/catalogue\/atsargines-dalys-ir-aksesuarai2\/eccentric-round-cap-plates\/#breadcrumb\"},\"inLanguage\":\"en-US\",\"potentialAction\":[{\"@type\":\"ReadAction\",\"target\":[\"https:\/\/rubineta.com\/en\/catalogue\/atsargines-dalys-ir-aksesuarai2\/eccentric-round-cap-plates\/\"]}]},{\"@type\":\"ImageObject\",\"inLanguage\":\"en-US\",\"@id\":\"https:\/\/rubineta.com\/en\/catalogue\/atsargines-dalys-ir-aksesuarai2\/eccentric-round-cap-plates\/#primaryimage\",\"url\":\"https:\/\/rubineta.com\/wp-content\/uploads\/2019\/01\/eccentric-round-cap-plates0114103423.jpg\",\"contentUrl\":\"https:\/\/rubineta.com\/wp-content\/uploads\/2019\/01\/eccentric-round-cap-plates0114103423.jpg\",\"width\":800,\"height\":800},{\"@type\":\"BreadcrumbList\",\"@id\":\"https:\/\/rubineta.com\/en\/catalogue\/atsargines-dalys-ir-aksesuarai2\/eccentric-round-cap-plates\/#breadcrumb\",\"itemListElement\":[{\"@type\":\"ListItem\",\"position\":1,\"name\":\"Home\",\"item\":\"https:\/\/rubineta.com\/lv\/\"},{\"@type\":\"ListItem\",\"position\":2,\"name\":\"Katalogs\",\"item\":\"https:\/\/rubineta.com\/lv\/catalogue\/\"},{\"@type\":\"ListItem\",\"position\":3,\"name\":\"Eccentric round cap (plates)\"}]},{\"@type\":\"WebSite\",\"@id\":\"https:\/\/rubineta.com\/#website\",\"url\":\"https:\/\/rubineta.com\/\",\"name\":\"Rubineta - Quality And Reliable Sanitary Fittings\",\"description\":\"High Quality And Reliable Faucets\",\"publisher\":{\"@id\":\"https:\/\/rubineta.com\/#organization\"},\"potentialAction\":[{\"@type\":\"SearchAction\",\"target\":{\"@type\":\"EntryPoint\",\"urlTemplate\":\"https:\/\/rubineta.com\/?s={search_term_string}\"},\"query-input\":{\"@type\":\"PropertyValueSpecification\",\"valueRequired\":true,\"valueName\":\"search_term_string\"}}],\"inLanguage\":\"en-US\"},{\"@type\":\"Organization\",\"@id\":\"https:\/\/rubineta.com\/#organization\",\"name\":\"RUBINETA\",\"url\":\"https:\/\/rubineta.com\/\",\"logo\":{\"@type\":\"ImageObject\",\"inLanguage\":\"en-US\",\"@id\":\"https:\/\/rubineta.com\/#\/schema\/logo\/image\/\",\"url\":\"https:\/\/rubineta.com\/wp-content\/uploads\/2020\/07\/RUBINETA-logo.jpg\",\"contentUrl\":\"https:\/\/rubineta.com\/wp-content\/uploads\/2020\/07\/RUBINETA-logo.jpg\",\"width\":825,\"height\":456,\"caption\":\"RUBINETA\"},\"image\":{\"@id\":\"https:\/\/rubineta.com\/#\/schema\/logo\/image\/\"}}]}<\/script>\n<!-- \/ Yoast SEO plugin. -->","yoast_head_json":{"title":"[:lt]Apvalus ventilio dangtelis (plok\u0161tel\u0117s)[:en]Eccentric round cap (plates)[:ru]\u0414\u0435\u043a\u043e\u0440\u0430\u0442\u0438\u0432\u043d\u0430\u044f \u0442\u0430\u0440\u0435\u043b\u043e\u0447\u043a\u0430 \u0434\u043b\u044f \u0432\u0435\u043d\u0442\u0438\u043b\u044f[:lv]Ekscentrisks apa\u013cais v\u0101ci\u0146\u0161 (pl\u0101ksnes)[:] | RUBINETA","robots":{"index":"index","follow":"follow","max-snippet":"max-snippet:-1","max-image-preview":"max-image-preview:large","max-video-preview":"max-video-preview:-1"},"canonical":"https:\/\/rubineta.com\/en\/catalogue\/atsargines-dalys-ir-aksesuarai2\/eccentric-round-cap-plates\/","schema":{"@context":"https:\/\/schema.org","@graph":[{"@type":"WebPage","@id":"https:\/\/rubineta.com\/en\/catalogue\/atsargines-dalys-ir-aksesuarai2\/eccentric-round-cap-plates\/","url":"https:\/\/rubineta.com\/en\/catalogue\/atsargines-dalys-ir-aksesuarai2\/eccentric-round-cap-plates\/","name":"[:lt]Apvalus ventilio dangtelis (plok\u0161tel\u0117s)[:en]Eccentric round cap (plates)[:ru]\u0414\u0435\u043a\u043e\u0440\u0430\u0442\u0438\u0432\u043d\u0430\u044f \u0442\u0430\u0440\u0435\u043b\u043e\u0447\u043a\u0430 \u0434\u043b\u044f \u0432\u0435\u043d\u0442\u0438\u043b\u044f[:lv]Ekscentrisks apa\u013cais v\u0101ci\u0146\u0161 (pl\u0101ksnes)[:] | RUBINETA","isPartOf":{"@id":"https:\/\/rubineta.com\/#website"},"primaryImageOfPage":{"@id":"https:\/\/rubineta.com\/en\/catalogue\/atsargines-dalys-ir-aksesuarai2\/eccentric-round-cap-plates\/#primaryimage"},"image":{"@id":"https:\/\/rubineta.com\/en\/catalogue\/atsargines-dalys-ir-aksesuarai2\/eccentric-round-cap-plates\/#primaryimage"},"thumbnailUrl":"https:\/\/rubineta.com\/wp-content\/uploads\/2019\/01\/eccentric-round-cap-plates0114103423.jpg","datePublished":"2019-01-14T10:34:22+00:00","dateModified":"2019-11-28T10:35:05+00:00","breadcrumb":{"@id":"https:\/\/rubineta.com\/en\/catalogue\/atsargines-dalys-ir-aksesuarai2\/eccentric-round-cap-plates\/#breadcrumb"},"inLanguage":"en-US","potentialAction":[{"@type":"ReadAction","target":["https:\/\/rubineta.com\/en\/catalogue\/atsargines-dalys-ir-aksesuarai2\/eccentric-round-cap-plates\/"]}]},{"@type":"ImageObject","inLanguage":"en-US","@id":"https:\/\/rubineta.com\/en\/catalogue\/atsargines-dalys-ir-aksesuarai2\/eccentric-round-cap-plates\/#primaryimage","url":"https:\/\/rubineta.com\/wp-content\/uploads\/2019\/01\/eccentric-round-cap-plates0114103423.jpg","contentUrl":"https:\/\/rubineta.com\/wp-content\/uploads\/2019\/01\/eccentric-round-cap-plates0114103423.jpg","width":800,"height":800},{"@type":"BreadcrumbList","@id":"https:\/\/rubineta.com\/en\/catalogue\/atsargines-dalys-ir-aksesuarai2\/eccentric-round-cap-plates\/#breadcrumb","itemListElement":[{"@type":"ListItem","position":1,"name":"Home","item":"https:\/\/rubineta.com\/lv\/"},{"@type":"ListItem","position":2,"name":"Katalogs","item":"https:\/\/rubineta.com\/lv\/catalogue\/"},{"@type":"ListItem","position":3,"name":"Eccentric round cap (plates)"}]},{"@type":"WebSite","@id":"https:\/\/rubineta.com\/#website","url":"https:\/\/rubineta.com\/","name":"Rubineta - Quality And Reliable Sanitary Fittings","description":"High Quality And Reliable Faucets","publisher":{"@id":"https:\/\/rubineta.com\/#organization"},"potentialAction":[{"@type":"SearchAction","target":{"@type":"EntryPoint","urlTemplate":"https:\/\/rubineta.com\/?s={search_term_string}"},"query-input":{"@type":"PropertyValueSpecification","valueRequired":true,"valueName":"search_term_string"}}],"inLanguage":"en-US"},{"@type":"Organization","@id":"https:\/\/rubineta.com\/#organization","name":"RUBINETA","url":"https:\/\/rubineta.com\/","logo":{"@type":"ImageObject","inLanguage":"en-US","@id":"https:\/\/rubineta.com\/#\/schema\/logo\/image\/","url":"https:\/\/rubineta.com\/wp-content\/uploads\/2020\/07\/RUBINETA-logo.jpg","contentUrl":"https:\/\/rubineta.com\/wp-content\/uploads\/2020\/07\/RUBINETA-logo.jpg","width":825,"height":456,"caption":"RUBINETA"},"image":{"@id":"https:\/\/rubineta.com\/#\/schema\/logo\/image\/"}}]}},"_links":{"self":[{"href":"https:\/\/rubineta.com\/en\/wp-json\/wp\/v2\/product\/19749","targetHints":{"allow":["GET"]}}],"collection":[{"href":"https:\/\/rubineta.com\/en\/wp-json\/wp\/v2\/product"}],"about":[{"href":"https:\/\/rubineta.com\/en\/wp-json\/wp\/v2\/types\/product"}],"replies":[{"embeddable":true,"href":"https:\/\/rubineta.com\/en\/wp-json\/wp\/v2\/comments?post=19749"}],"wp:featuredmedia":[{"embeddable":true,"href":"https:\/\/rubineta.com\/en\/wp-json\/wp\/v2\/media\/19750"}],"wp:attachment":[{"href":"https:\/\/rubineta.com\/en\/wp-json\/wp\/v2\/media?parent=19749"}],"wp:term":[{"taxonomy":"product_cat","embeddable":true,"href":"https:\/\/rubineta.com\/en\/wp-json\/wp\/v2\/product_cat?post=19749"},{"taxonomy":"product_tag","embeddable":true,"href":"https:\/\/rubineta.com\/en\/wp-json\/wp\/v2\/product_tag?post=19749"}],"curies":[{"name":"wp","href":"https:\/\/api.w.org\/{rel}","templated":true}]}}