{"id":22111,"date":"2020-03-05T10:31:20","date_gmt":"2020-03-05T12:31:20","guid":{"rendered":"https:\/\/rubineta.com\/?post_type=product&#038;p=22111"},"modified":"2022-01-05T10:04:51","modified_gmt":"2022-01-05T12:04:51","slug":"vonios-sienele-rub-501-150x70","status":"publish","type":"product","link":"https:\/\/rubineta.com\/en\/catalogue\/naujienos\/vonios-sienele-rub-501-150x70\/","title":{"rendered":"Bath screen RUB-501 150&#215;70"},"content":{"rendered":"","protected":false},"excerpt":{"rendered":"<p><strong>\u2022 Safe, tempered 6mm glass with <\/strong>EasyClean <strong>coating on both sides of the tempered glass.<\/strong><br \/>\n<strong>\u2022 Universal bath screen- can be mounted on either left or right side.<\/strong><br \/>\n<strong>\u2022 Chrome-plated polished aluminum profiles.<\/strong><br \/>\n<strong>\u2022 Thicker 1.5mm wall profile for extra strength and stability.<\/strong><br \/>\n<strong>\u2022 Profiles with lifting mechanism allow easy opening and at the same time longevity. When you open the door, it is raised and does not touch the floor by means of a profile and a special lifting mechanism, which makes it easier to open and clean them.<\/strong><br \/>\n<strong>\u2022 Profiles are adjustable up to 20 mm per one side.<\/strong><\/p>\n","protected":false},"featured_media":22103,"comment_status":"closed","ping_status":"closed","template":"","meta":[],"product_cat":[2646,2695],"product_tag":[],"class_list":{"0":"post-22111","1":"product","2":"type-product","3":"status-publish","4":"has-post-thumbnail","6":"product_cat-naujienos","7":"product_cat-duso-kabinos-duso-ir-vonios-sieneles","8":"pa_barkodas-2778","9":"pa_garantija-167","10":"pa_paskirtis-vonios-sienele","12":"first","13":"instock","14":"shipping-taxable","15":"purchasable","16":"product-type-simple"},"yoast_head":"<!-- This site is optimized with the Yoast SEO plugin v23.9 - https:\/\/yoast.com\/wordpress\/plugins\/seo\/ -->\n<title>Vonios sienel\u0117, sienel\u0117 voniai RUB-501, 150x70 cm | RUBINETA<\/title>\n<meta name=\"description\" content=\"Vonios sienel\u0117 (\u012fvairi\u0173 dyd\u017ei\u0173) \u2013 RUBINETA asortimente. Platus pasirinkimas nuo pusapvali\u0173, sta\u010diakampi\u0173 du\u0161o kabin\u0173 iki du\u0161o dur\u0173 ar vonios, du\u0161o sieneli\u0173.\" \/>\n<meta name=\"robots\" content=\"index, follow, max-snippet:-1, max-image-preview:large, max-video-preview:-1\" \/>\n<link rel=\"canonical\" href=\"https:\/\/rubineta.com\/en\/catalogue\/naujienos\/vonios-sienele-rub-501-150x70\/\" \/>\n<script type=\"application\/ld+json\" class=\"yoast-schema-graph\">{\"@context\":\"https:\/\/schema.org\",\"@graph\":[{\"@type\":\"WebPage\",\"@id\":\"https:\/\/rubineta.com\/en\/catalogue\/naujienos\/vonios-sienele-rub-501-150x70\/\",\"url\":\"https:\/\/rubineta.com\/en\/catalogue\/naujienos\/vonios-sienele-rub-501-150x70\/\",\"name\":\"Vonios sienel\u0117, sienel\u0117 voniai RUB-501, 150x70 cm | RUBINETA\",\"isPartOf\":{\"@id\":\"https:\/\/rubineta.com\/#website\"},\"primaryImageOfPage\":{\"@id\":\"https:\/\/rubineta.com\/en\/catalogue\/naujienos\/vonios-sienele-rub-501-150x70\/#primaryimage\"},\"image\":{\"@id\":\"https:\/\/rubineta.com\/en\/catalogue\/naujienos\/vonios-sienele-rub-501-150x70\/#primaryimage\"},\"thumbnailUrl\":\"https:\/\/rubineta.com\/wp-content\/uploads\/2020\/03\/501.jpg\",\"datePublished\":\"2020-03-05T12:31:20+00:00\",\"dateModified\":\"2022-01-05T12:04:51+00:00\",\"description\":\"Vonios sienel\u0117 (\u012fvairi\u0173 dyd\u017ei\u0173) \u2013 RUBINETA asortimente. Platus pasirinkimas nuo pusapvali\u0173, sta\u010diakampi\u0173 du\u0161o kabin\u0173 iki du\u0161o dur\u0173 ar vonios, du\u0161o sieneli\u0173.\",\"breadcrumb\":{\"@id\":\"https:\/\/rubineta.com\/en\/catalogue\/naujienos\/vonios-sienele-rub-501-150x70\/#breadcrumb\"},\"inLanguage\":\"en-US\",\"potentialAction\":[{\"@type\":\"ReadAction\",\"target\":[\"https:\/\/rubineta.com\/en\/catalogue\/naujienos\/vonios-sienele-rub-501-150x70\/\"]}]},{\"@type\":\"ImageObject\",\"inLanguage\":\"en-US\",\"@id\":\"https:\/\/rubineta.com\/en\/catalogue\/naujienos\/vonios-sienele-rub-501-150x70\/#primaryimage\",\"url\":\"https:\/\/rubineta.com\/wp-content\/uploads\/2020\/03\/501.jpg\",\"contentUrl\":\"https:\/\/rubineta.com\/wp-content\/uploads\/2020\/03\/501.jpg\",\"width\":616,\"height\":790,\"caption\":\"Bath screen\"},{\"@type\":\"BreadcrumbList\",\"@id\":\"https:\/\/rubineta.com\/en\/catalogue\/naujienos\/vonios-sienele-rub-501-150x70\/#breadcrumb\",\"itemListElement\":[{\"@type\":\"ListItem\",\"position\":1,\"name\":\"Home\",\"item\":\"https:\/\/rubineta.com\/lv\/\"},{\"@type\":\"ListItem\",\"position\":2,\"name\":\"Katalogs\",\"item\":\"https:\/\/rubineta.com\/lv\/catalogue\/\"},{\"@type\":\"ListItem\",\"position\":3,\"name\":\"Vonios sienel\u0117 RUB-501 150&#215;70\"}]},{\"@type\":\"WebSite\",\"@id\":\"https:\/\/rubineta.com\/#website\",\"url\":\"https:\/\/rubineta.com\/\",\"name\":\"Rubineta - Quality And Reliable Sanitary Fittings\",\"description\":\"High Quality And Reliable Faucets\",\"publisher\":{\"@id\":\"https:\/\/rubineta.com\/#organization\"},\"potentialAction\":[{\"@type\":\"SearchAction\",\"target\":{\"@type\":\"EntryPoint\",\"urlTemplate\":\"https:\/\/rubineta.com\/?s={search_term_string}\"},\"query-input\":{\"@type\":\"PropertyValueSpecification\",\"valueRequired\":true,\"valueName\":\"search_term_string\"}}],\"inLanguage\":\"en-US\"},{\"@type\":\"Organization\",\"@id\":\"https:\/\/rubineta.com\/#organization\",\"name\":\"RUBINETA\",\"url\":\"https:\/\/rubineta.com\/\",\"logo\":{\"@type\":\"ImageObject\",\"inLanguage\":\"en-US\",\"@id\":\"https:\/\/rubineta.com\/#\/schema\/logo\/image\/\",\"url\":\"https:\/\/rubineta.com\/wp-content\/uploads\/2020\/07\/RUBINETA-logo.jpg\",\"contentUrl\":\"https:\/\/rubineta.com\/wp-content\/uploads\/2020\/07\/RUBINETA-logo.jpg\",\"width\":825,\"height\":456,\"caption\":\"RUBINETA\"},\"image\":{\"@id\":\"https:\/\/rubineta.com\/#\/schema\/logo\/image\/\"}}]}<\/script>\n<!-- \/ Yoast SEO plugin. -->","yoast_head_json":{"title":"Vonios sienel\u0117, sienel\u0117 voniai RUB-501, 150x70 cm | RUBINETA","description":"Vonios sienel\u0117 (\u012fvairi\u0173 dyd\u017ei\u0173) \u2013 RUBINETA asortimente. Platus pasirinkimas nuo pusapvali\u0173, sta\u010diakampi\u0173 du\u0161o kabin\u0173 iki du\u0161o dur\u0173 ar vonios, du\u0161o sieneli\u0173.","robots":{"index":"index","follow":"follow","max-snippet":"max-snippet:-1","max-image-preview":"max-image-preview:large","max-video-preview":"max-video-preview:-1"},"canonical":"https:\/\/rubineta.com\/en\/catalogue\/naujienos\/vonios-sienele-rub-501-150x70\/","schema":{"@context":"https:\/\/schema.org","@graph":[{"@type":"WebPage","@id":"https:\/\/rubineta.com\/en\/catalogue\/naujienos\/vonios-sienele-rub-501-150x70\/","url":"https:\/\/rubineta.com\/en\/catalogue\/naujienos\/vonios-sienele-rub-501-150x70\/","name":"Vonios sienel\u0117, sienel\u0117 voniai RUB-501, 150x70 cm | RUBINETA","isPartOf":{"@id":"https:\/\/rubineta.com\/#website"},"primaryImageOfPage":{"@id":"https:\/\/rubineta.com\/en\/catalogue\/naujienos\/vonios-sienele-rub-501-150x70\/#primaryimage"},"image":{"@id":"https:\/\/rubineta.com\/en\/catalogue\/naujienos\/vonios-sienele-rub-501-150x70\/#primaryimage"},"thumbnailUrl":"https:\/\/rubineta.com\/wp-content\/uploads\/2020\/03\/501.jpg","datePublished":"2020-03-05T12:31:20+00:00","dateModified":"2022-01-05T12:04:51+00:00","description":"Vonios sienel\u0117 (\u012fvairi\u0173 dyd\u017ei\u0173) \u2013 RUBINETA asortimente. Platus pasirinkimas nuo pusapvali\u0173, sta\u010diakampi\u0173 du\u0161o kabin\u0173 iki du\u0161o dur\u0173 ar vonios, du\u0161o sieneli\u0173.","breadcrumb":{"@id":"https:\/\/rubineta.com\/en\/catalogue\/naujienos\/vonios-sienele-rub-501-150x70\/#breadcrumb"},"inLanguage":"en-US","potentialAction":[{"@type":"ReadAction","target":["https:\/\/rubineta.com\/en\/catalogue\/naujienos\/vonios-sienele-rub-501-150x70\/"]}]},{"@type":"ImageObject","inLanguage":"en-US","@id":"https:\/\/rubineta.com\/en\/catalogue\/naujienos\/vonios-sienele-rub-501-150x70\/#primaryimage","url":"https:\/\/rubineta.com\/wp-content\/uploads\/2020\/03\/501.jpg","contentUrl":"https:\/\/rubineta.com\/wp-content\/uploads\/2020\/03\/501.jpg","width":616,"height":790,"caption":"Bath screen"},{"@type":"BreadcrumbList","@id":"https:\/\/rubineta.com\/en\/catalogue\/naujienos\/vonios-sienele-rub-501-150x70\/#breadcrumb","itemListElement":[{"@type":"ListItem","position":1,"name":"Home","item":"https:\/\/rubineta.com\/lv\/"},{"@type":"ListItem","position":2,"name":"Katalogs","item":"https:\/\/rubineta.com\/lv\/catalogue\/"},{"@type":"ListItem","position":3,"name":"Vonios sienel\u0117 RUB-501 150&#215;70"}]},{"@type":"WebSite","@id":"https:\/\/rubineta.com\/#website","url":"https:\/\/rubineta.com\/","name":"Rubineta - Quality And Reliable Sanitary Fittings","description":"High Quality And Reliable Faucets","publisher":{"@id":"https:\/\/rubineta.com\/#organization"},"potentialAction":[{"@type":"SearchAction","target":{"@type":"EntryPoint","urlTemplate":"https:\/\/rubineta.com\/?s={search_term_string}"},"query-input":{"@type":"PropertyValueSpecification","valueRequired":true,"valueName":"search_term_string"}}],"inLanguage":"en-US"},{"@type":"Organization","@id":"https:\/\/rubineta.com\/#organization","name":"RUBINETA","url":"https:\/\/rubineta.com\/","logo":{"@type":"ImageObject","inLanguage":"en-US","@id":"https:\/\/rubineta.com\/#\/schema\/logo\/image\/","url":"https:\/\/rubineta.com\/wp-content\/uploads\/2020\/07\/RUBINETA-logo.jpg","contentUrl":"https:\/\/rubineta.com\/wp-content\/uploads\/2020\/07\/RUBINETA-logo.jpg","width":825,"height":456,"caption":"RUBINETA"},"image":{"@id":"https:\/\/rubineta.com\/#\/schema\/logo\/image\/"}}]}},"_links":{"self":[{"href":"https:\/\/rubineta.com\/en\/wp-json\/wp\/v2\/product\/22111","targetHints":{"allow":["GET"]}}],"collection":[{"href":"https:\/\/rubineta.com\/en\/wp-json\/wp\/v2\/product"}],"about":[{"href":"https:\/\/rubineta.com\/en\/wp-json\/wp\/v2\/types\/product"}],"replies":[{"embeddable":true,"href":"https:\/\/rubineta.com\/en\/wp-json\/wp\/v2\/comments?post=22111"}],"wp:featuredmedia":[{"embeddable":true,"href":"https:\/\/rubineta.com\/en\/wp-json\/wp\/v2\/media\/22103"}],"wp:attachment":[{"href":"https:\/\/rubineta.com\/en\/wp-json\/wp\/v2\/media?parent=22111"}],"wp:term":[{"taxonomy":"product_cat","embeddable":true,"href":"https:\/\/rubineta.com\/en\/wp-json\/wp\/v2\/product_cat?post=22111"},{"taxonomy":"product_tag","embeddable":true,"href":"https:\/\/rubineta.com\/en\/wp-json\/wp\/v2\/product_tag?post=22111"}],"curies":[{"name":"wp","href":"https:\/\/api.w.org\/{rel}","templated":true}]}}