{"id":23745,"date":"2021-01-10T11:31:18","date_gmt":"2021-01-10T13:31:18","guid":{"rendered":"https:\/\/rubineta.com\/?post_type=product&#038;p=23745"},"modified":"2026-04-16T04:43:48","modified_gmt":"2026-04-16T06:43:48","slug":"duso-sistema-oloultra-10-sw-bk","status":"publish","type":"product","link":"https:\/\/rubineta.com\/en\/catalogue\/shower-products\/duso-sistema-oloultra-10-sw-bk\/","title":{"rendered":"Shower system OLO+ULTRA-10 (SW) (DV3\/4) (BK)"},"content":{"rendered":"","protected":false},"excerpt":{"rendered":"[embedyt] https:\/\/www.youtube.com\/watch?v=ovURQ7Lodhc[\/embedyt]\n<p>Shower set Olo (BK) + Ultra-10 (SW) (DV3 \/ 4) (BK) is a perfect combination of a shower column and a faucet with a swivel spout, which will not only look stylish in your bathroom, but will also perform its functions perfectly. You can easily match the matte black color to the interior of your bathroom.<\/p>\n<p>Stainless steel rain shower head with easy-to-clean silicone nozzles. Withstands pressures up to 5 Bar.<\/p>\n<p>Innovative compact faucet design &#8211; hiding spout!<\/p>\n<p>The spout acts as a diverter: when the spout is turned one way or another, water can flow through the shower head or the faucet spout;<\/p>\n<p>The faucet can be used not only in the shower, but also in the bath.<\/p>\n<p>RubiBrass\u00a0<strong>is a proprietary and specially composed brass alloy. This durable brass alloy is safe for human health and the enviroment.\u00a0<\/strong>RubiBrass\u00a0<strong>has less lead and other unnecessary compounds that can react with the drinking water.<\/strong><\/p>\n<p>RubiCoat-E\u00a0<strong>is a unique, ultra-strong and long-lasting latest polymer coating.\u00a0<\/strong>RubiCoat-E\u00a0<strong>is an advanced\u00a0<\/strong>RubiCoat\u00a0<strong>technology with an additional electroplating step. The special additional galvanization of the polymer coating gives even more durability and resistance to negative external influences.<\/strong><\/p>\n<p><strong>Cartridge\u00a0<\/strong>CITEC Rubineta<strong>\u00a0(Spain). Reliable and will last a long time. Cartridge standard \u2013 35 mm.<\/strong><\/p>\n<p>Neoperl\u00a0<strong>aerator: low noise level, longer useful life, perfect quality of the water flow, improved resistance to lime.\u00a0<\/strong>Neoperl<strong>\u00a0is the world\u2019s leading aerator manufacturer based in Germany.<\/strong><\/p>\n<p><strong>Additionally before shipping to client every faucet is manually checked at the warehouse.<\/strong><\/p>\n<p><strong>Warranty: 5 years for housing tightness; 5 years for ceramic cartridge; 24 months for components (shower head, shower hose).<\/strong><\/p>\n","protected":false},"featured_media":27531,"comment_status":"closed","ping_status":"closed","template":"","meta":[],"product_cat":[2646,1654],"product_tag":[],"class_list":{"0":"post-23745","1":"product","2":"type-product","3":"status-publish","4":"has-post-thumbnail","6":"product_cat-naujienos","7":"product_cat-shower-products","8":"pa_barkodas-2885","9":"pa_garantija-167","10":"pa_padengimas-polimerine-danga-rubicoat-e","11":"pa_paskirtis-shower-systems","12":"pa_spalva-juoda","14":"first","15":"instock","16":"shipping-taxable","17":"purchasable","18":"product-type-simple"},"yoast_head":"<!-- This site is optimized with the Yoast SEO plugin v23.9 - https:\/\/yoast.com\/wordpress\/plugins\/seo\/ -->\n<title>Shower system OLO+ULTRA-10 (SW) (DV3\/4) (BK) | RUBINETA<\/title>\n<meta name=\"description\" content=\"Rubineta d\u016b\u0161o galva, du\u0161o stovas, mai\u0161ytuvas juodos spalvos. Du\u0161o rinkinys Olo (BK) + Ultra-10 (SW) (DV3\/4) (BK)\" \/>\n<meta name=\"robots\" content=\"index, follow, max-snippet:-1, max-image-preview:large, max-video-preview:-1\" \/>\n<link rel=\"canonical\" href=\"https:\/\/rubineta.com\/catalogue\/shower-products\/duso-sistema-oloultra-10-sw-bk\/\" \/>\n<meta name=\"twitter:label1\" content=\"Est. reading time\" \/>\n\t<meta name=\"twitter:data1\" content=\"1 minute\" \/>\n<script type=\"application\/ld+json\" class=\"yoast-schema-graph\">{\"@context\":\"https:\/\/schema.org\",\"@graph\":[{\"@type\":\"WebPage\",\"@id\":\"https:\/\/rubineta.com\/catalogue\/shower-products\/duso-sistema-oloultra-10-sw-bk\/\",\"url\":\"https:\/\/rubineta.com\/catalogue\/shower-products\/duso-sistema-oloultra-10-sw-bk\/\",\"name\":\"[:lt]Du\u0161o sistema OLO+ULTRA-10 (SW) (DV3\/4) (BK)[:en]Shower system OLO+ULTRA-10 (SW) (DV3\/4) (BK)[:ru]\u0414\u0443\u0448\u0435\u0432\u0430\u044f \u0441\u0438\u0441\u0442\u0435\u043c\u0430 OLO+ULTRA-10 (SW) (DV3\/4) (BK)[:lv]Du\u0161as sist\u0113ma OLO+ULTRA-10 (SW) (DV3\/4) (BK)[:] | RUBINETA\",\"isPartOf\":{\"@id\":\"https:\/\/rubineta.com\/#website\"},\"primaryImageOfPage\":{\"@id\":\"https:\/\/rubineta.com\/catalogue\/shower-products\/duso-sistema-oloultra-10-sw-bk\/#primaryimage\"},\"image\":{\"@id\":\"https:\/\/rubineta.com\/catalogue\/shower-products\/duso-sistema-oloultra-10-sw-bk\/#primaryimage\"},\"thumbnailUrl\":\"https:\/\/rubineta.com\/wp-content\/uploads\/2026\/03\/625123_Olo_Ultra-10_BK_2025-scaled.jpg\",\"datePublished\":\"2021-01-10T13:31:18+00:00\",\"dateModified\":\"2026-04-16T06:43:48+00:00\",\"description\":\"Rubineta d\u016b\u0161o galva, du\u0161o stovas, mai\u0161ytuvas juodos spalvos. Du\u0161o rinkinys Olo (BK) + Ultra-10 (SW) (DV3\/4) (BK)\",\"breadcrumb\":{\"@id\":\"https:\/\/rubineta.com\/catalogue\/shower-products\/duso-sistema-oloultra-10-sw-bk\/#breadcrumb\"},\"inLanguage\":\"en-US\",\"potentialAction\":[{\"@type\":\"ReadAction\",\"target\":[\"https:\/\/rubineta.com\/catalogue\/shower-products\/duso-sistema-oloultra-10-sw-bk\/\"]}]},{\"@type\":\"ImageObject\",\"inLanguage\":\"en-US\",\"@id\":\"https:\/\/rubineta.com\/catalogue\/shower-products\/duso-sistema-oloultra-10-sw-bk\/#primaryimage\",\"url\":\"https:\/\/rubineta.com\/wp-content\/uploads\/2026\/03\/625123_Olo_Ultra-10_BK_2025-scaled.jpg\",\"contentUrl\":\"https:\/\/rubineta.com\/wp-content\/uploads\/2026\/03\/625123_Olo_Ultra-10_BK_2025-scaled.jpg\",\"width\":1046,\"height\":2560},{\"@type\":\"BreadcrumbList\",\"@id\":\"https:\/\/rubineta.com\/catalogue\/shower-products\/duso-sistema-oloultra-10-sw-bk\/#breadcrumb\",\"itemListElement\":[{\"@type\":\"ListItem\",\"position\":1,\"name\":\"Home\",\"item\":\"https:\/\/rubineta.com\/lv\/\"},{\"@type\":\"ListItem\",\"position\":2,\"name\":\"Katalogs\",\"item\":\"https:\/\/rubineta.com\/lv\/catalogue\/\"},{\"@type\":\"ListItem\",\"position\":3,\"name\":\"Shower system OLO+ULTRA-10 (SW) (DV3\/4) (BK)\"}]},{\"@type\":\"WebSite\",\"@id\":\"https:\/\/rubineta.com\/#website\",\"url\":\"https:\/\/rubineta.com\/\",\"name\":\"Rubineta - Quality And Reliable Sanitary Fittings\",\"description\":\"High Quality And Reliable Faucets\",\"publisher\":{\"@id\":\"https:\/\/rubineta.com\/#organization\"},\"potentialAction\":[{\"@type\":\"SearchAction\",\"target\":{\"@type\":\"EntryPoint\",\"urlTemplate\":\"https:\/\/rubineta.com\/?s={search_term_string}\"},\"query-input\":{\"@type\":\"PropertyValueSpecification\",\"valueRequired\":true,\"valueName\":\"search_term_string\"}}],\"inLanguage\":\"en-US\"},{\"@type\":\"Organization\",\"@id\":\"https:\/\/rubineta.com\/#organization\",\"name\":\"RUBINETA\",\"url\":\"https:\/\/rubineta.com\/\",\"logo\":{\"@type\":\"ImageObject\",\"inLanguage\":\"en-US\",\"@id\":\"https:\/\/rubineta.com\/#\/schema\/logo\/image\/\",\"url\":\"https:\/\/rubineta.com\/wp-content\/uploads\/2020\/07\/RUBINETA-logo.jpg\",\"contentUrl\":\"https:\/\/rubineta.com\/wp-content\/uploads\/2020\/07\/RUBINETA-logo.jpg\",\"width\":825,\"height\":456,\"caption\":\"RUBINETA\"},\"image\":{\"@id\":\"https:\/\/rubineta.com\/#\/schema\/logo\/image\/\"}}]}<\/script>\n<!-- \/ Yoast SEO plugin. -->","yoast_head_json":{"title":"[:lt]Du\u0161o sistema OLO+ULTRA-10 (SW) (DV3\/4) (BK)[:en]Shower system OLO+ULTRA-10 (SW) (DV3\/4) (BK)[:ru]\u0414\u0443\u0448\u0435\u0432\u0430\u044f \u0441\u0438\u0441\u0442\u0435\u043c\u0430 OLO+ULTRA-10 (SW) (DV3\/4) (BK)[:lv]Du\u0161as sist\u0113ma OLO+ULTRA-10 (SW) (DV3\/4) (BK)[:] | RUBINETA","description":"Rubineta d\u016b\u0161o galva, du\u0161o stovas, mai\u0161ytuvas juodos spalvos. Du\u0161o rinkinys Olo (BK) + Ultra-10 (SW) (DV3\/4) (BK)","robots":{"index":"index","follow":"follow","max-snippet":"max-snippet:-1","max-image-preview":"max-image-preview:large","max-video-preview":"max-video-preview:-1"},"canonical":"https:\/\/rubineta.com\/catalogue\/shower-products\/duso-sistema-oloultra-10-sw-bk\/","twitter_misc":{"Est. reading time":"1 minute"},"schema":{"@context":"https:\/\/schema.org","@graph":[{"@type":"WebPage","@id":"https:\/\/rubineta.com\/catalogue\/shower-products\/duso-sistema-oloultra-10-sw-bk\/","url":"https:\/\/rubineta.com\/catalogue\/shower-products\/duso-sistema-oloultra-10-sw-bk\/","name":"[:lt]Du\u0161o sistema OLO+ULTRA-10 (SW) (DV3\/4) (BK)[:en]Shower system OLO+ULTRA-10 (SW) (DV3\/4) (BK)[:ru]\u0414\u0443\u0448\u0435\u0432\u0430\u044f \u0441\u0438\u0441\u0442\u0435\u043c\u0430 OLO+ULTRA-10 (SW) (DV3\/4) (BK)[:lv]Du\u0161as sist\u0113ma OLO+ULTRA-10 (SW) (DV3\/4) (BK)[:] | RUBINETA","isPartOf":{"@id":"https:\/\/rubineta.com\/#website"},"primaryImageOfPage":{"@id":"https:\/\/rubineta.com\/catalogue\/shower-products\/duso-sistema-oloultra-10-sw-bk\/#primaryimage"},"image":{"@id":"https:\/\/rubineta.com\/catalogue\/shower-products\/duso-sistema-oloultra-10-sw-bk\/#primaryimage"},"thumbnailUrl":"https:\/\/rubineta.com\/wp-content\/uploads\/2026\/03\/625123_Olo_Ultra-10_BK_2025-scaled.jpg","datePublished":"2021-01-10T13:31:18+00:00","dateModified":"2026-04-16T06:43:48+00:00","description":"Rubineta d\u016b\u0161o galva, du\u0161o stovas, mai\u0161ytuvas juodos spalvos. Du\u0161o rinkinys Olo (BK) + Ultra-10 (SW) (DV3\/4) (BK)","breadcrumb":{"@id":"https:\/\/rubineta.com\/catalogue\/shower-products\/duso-sistema-oloultra-10-sw-bk\/#breadcrumb"},"inLanguage":"en-US","potentialAction":[{"@type":"ReadAction","target":["https:\/\/rubineta.com\/catalogue\/shower-products\/duso-sistema-oloultra-10-sw-bk\/"]}]},{"@type":"ImageObject","inLanguage":"en-US","@id":"https:\/\/rubineta.com\/catalogue\/shower-products\/duso-sistema-oloultra-10-sw-bk\/#primaryimage","url":"https:\/\/rubineta.com\/wp-content\/uploads\/2026\/03\/625123_Olo_Ultra-10_BK_2025-scaled.jpg","contentUrl":"https:\/\/rubineta.com\/wp-content\/uploads\/2026\/03\/625123_Olo_Ultra-10_BK_2025-scaled.jpg","width":1046,"height":2560},{"@type":"BreadcrumbList","@id":"https:\/\/rubineta.com\/catalogue\/shower-products\/duso-sistema-oloultra-10-sw-bk\/#breadcrumb","itemListElement":[{"@type":"ListItem","position":1,"name":"Home","item":"https:\/\/rubineta.com\/lv\/"},{"@type":"ListItem","position":2,"name":"Katalogs","item":"https:\/\/rubineta.com\/lv\/catalogue\/"},{"@type":"ListItem","position":3,"name":"Shower system OLO+ULTRA-10 (SW) (DV3\/4) (BK)"}]},{"@type":"WebSite","@id":"https:\/\/rubineta.com\/#website","url":"https:\/\/rubineta.com\/","name":"Rubineta - Quality And Reliable Sanitary Fittings","description":"High Quality And Reliable Faucets","publisher":{"@id":"https:\/\/rubineta.com\/#organization"},"potentialAction":[{"@type":"SearchAction","target":{"@type":"EntryPoint","urlTemplate":"https:\/\/rubineta.com\/?s={search_term_string}"},"query-input":{"@type":"PropertyValueSpecification","valueRequired":true,"valueName":"search_term_string"}}],"inLanguage":"en-US"},{"@type":"Organization","@id":"https:\/\/rubineta.com\/#organization","name":"RUBINETA","url":"https:\/\/rubineta.com\/","logo":{"@type":"ImageObject","inLanguage":"en-US","@id":"https:\/\/rubineta.com\/#\/schema\/logo\/image\/","url":"https:\/\/rubineta.com\/wp-content\/uploads\/2020\/07\/RUBINETA-logo.jpg","contentUrl":"https:\/\/rubineta.com\/wp-content\/uploads\/2020\/07\/RUBINETA-logo.jpg","width":825,"height":456,"caption":"RUBINETA"},"image":{"@id":"https:\/\/rubineta.com\/#\/schema\/logo\/image\/"}}]}},"_links":{"self":[{"href":"https:\/\/rubineta.com\/en\/wp-json\/wp\/v2\/product\/23745","targetHints":{"allow":["GET"]}}],"collection":[{"href":"https:\/\/rubineta.com\/en\/wp-json\/wp\/v2\/product"}],"about":[{"href":"https:\/\/rubineta.com\/en\/wp-json\/wp\/v2\/types\/product"}],"replies":[{"embeddable":true,"href":"https:\/\/rubineta.com\/en\/wp-json\/wp\/v2\/comments?post=23745"}],"wp:featuredmedia":[{"embeddable":true,"href":"https:\/\/rubineta.com\/en\/wp-json\/wp\/v2\/media\/27531"}],"wp:attachment":[{"href":"https:\/\/rubineta.com\/en\/wp-json\/wp\/v2\/media?parent=23745"}],"wp:term":[{"taxonomy":"product_cat","embeddable":true,"href":"https:\/\/rubineta.com\/en\/wp-json\/wp\/v2\/product_cat?post=23745"},{"taxonomy":"product_tag","embeddable":true,"href":"https:\/\/rubineta.com\/en\/wp-json\/wp\/v2\/product_tag?post=23745"}],"curies":[{"name":"wp","href":"https:\/\/api.w.org\/{rel}","templated":true}]}}