{"id":27307,"date":"2025-11-14T08:30:40","date_gmt":"2025-11-14T10:30:40","guid":{"rendered":"https:\/\/rubineta.com\/?post_type=product&#038;p=27307"},"modified":"2026-01-21T12:16:30","modified_gmt":"2026-01-21T14:16:30","slug":"duso-sistema-olo-ultra-10-sw-graphite-dv34","status":"publish","type":"product","link":"https:\/\/rubineta.com\/en\/catalogue\/shower-products\/duso-sistema-olo-ultra-10-sw-graphite-dv34\/","title":{"rendered":"Shower system OLO+ULTRA-10 (SW) (Graphite) (DV3\/4)"},"content":{"rendered":"","protected":false},"excerpt":{"rendered":"[embedyt] https:\/\/www.youtube.com\/watch?v=CfPw8L4I2us[\/embedyt]\n<p>Shower set Olo + Ultra-10 (SW) (Graphite) (DV3 \/ 4) is a perfect combination of a shower column and a faucet with a swivel spout, which will not only look stylish in your bathroom, but will also perform its functions perfectly.<\/p>\n<p>Stainless steel rain shower head with easy-to-clean silicone nozzles. Withstands pressures up to 5 Bar.<\/p>\n<p>Innovative compact faucet design &#8211; hiding spout!<\/p>\n<p>The spout acts as a diverter: when the spout is turned one way or another, water can flow through the shower head or the faucet spout;<\/p>\n<p>The faucet can be used not only in the shower, but also in the bath.<\/p>\n<p>RubiBrass\u00a0<strong>is a proprietary and specially composed brass alloy. This durable brass alloy is safe for human health and the enviroment.\u00a0<\/strong>RubiBrass\u00a0<strong>has less lead and other unnecessary compounds that can react with the drinking water.<\/strong><\/p>\n<p><strong>Cartridge\u00a0<\/strong>CITEC Rubineta<strong>\u00a0(Spain). Reliable and will last a long time. Cartridge standard \u2013 35 mm.<\/strong><\/p>\n<p>Neoperl\u00a0<strong>aerator: low noise level, longer useful life, perfect quality of the water flow, improved resistance to lime.\u00a0<\/strong>Neoperl<strong>\u00a0is the world\u2019s leading aerator manufacturer based in Germany.<\/strong><\/p>\n<p><strong>Additionally before shipping to client every faucet is manually checked at the warehouse.<\/strong><\/p>\n<p><strong>Warranty: 5 years for housing tightness; 5 years for ceramic cartridge; 24 months for components (shower head, shower hose).<\/strong><\/p>\n<p>&nbsp;<\/p>\n","protected":false},"featured_media":27297,"comment_status":"closed","ping_status":"closed","template":"","meta":[],"product_cat":[2646,1654],"product_tag":[],"class_list":{"0":"post-27307","1":"product","2":"type-product","3":"status-publish","4":"has-post-thumbnail","6":"product_cat-naujienos","7":"product_cat-shower-products","8":"pa_barkodas-3296","9":"pa_garantija-167","10":"pa_paskirtis-shower-systems","11":"pa_spalva-graphite","13":"first","14":"instock","15":"shipping-taxable","16":"purchasable","17":"product-type-simple"},"yoast_head":"<!-- This site is optimized with the Yoast SEO plugin v23.9 - https:\/\/yoast.com\/wordpress\/plugins\/seo\/ -->\n<title>Shower system OLO+ULTRA-10 (SW) (Graphite) (DV3\/4) | RUBINETA<\/title>\n<meta name=\"description\" content=\"Rubineta d\u016b\u0161o galva, du\u0161o stovas, mai\u0161ytuvas juodos spalvos. Du\u0161o rinkinys Olo (BK) + Ultra-10 (SW) (DV3\/4) (BK)\" \/>\n<meta name=\"robots\" content=\"index, follow, max-snippet:-1, max-image-preview:large, max-video-preview:-1\" \/>\n<link rel=\"canonical\" href=\"https:\/\/rubineta.com\/catalogue\/shower-products\/duso-sistema-olo-ultra-10-sw-graphite-dv34\/\" \/>\n<meta name=\"twitter:label1\" content=\"Est. reading time\" \/>\n\t<meta name=\"twitter:data1\" content=\"1 minute\" \/>\n<script type=\"application\/ld+json\" class=\"yoast-schema-graph\">{\"@context\":\"https:\/\/schema.org\",\"@graph\":[{\"@type\":\"WebPage\",\"@id\":\"https:\/\/rubineta.com\/catalogue\/shower-products\/duso-sistema-olo-ultra-10-sw-graphite-dv34\/\",\"url\":\"https:\/\/rubineta.com\/catalogue\/shower-products\/duso-sistema-olo-ultra-10-sw-graphite-dv34\/\",\"name\":\"[:lt]Du\u0161o sistema OLO+ULTRA-10 (SW) (Graphite) (DV3\/4)[:en]Shower system OLO+ULTRA-10 (SW) (Graphite) (DV3\/4)[:ru]\u0414\u0443\u0448\u0435\u0432\u0430\u044f \u0441\u0438\u0441\u0442\u0435\u043c\u0430 OLO+ULTRA-10 (SW) (Graphite) (DV3\/4)[:lv]Du\u0161as sist\u0113ma OLO+ULTRA-10 (SW) (Graphite) (DV3\/4)[:] | RUBINETA\",\"isPartOf\":{\"@id\":\"https:\/\/rubineta.com\/#website\"},\"primaryImageOfPage\":{\"@id\":\"https:\/\/rubineta.com\/catalogue\/shower-products\/duso-sistema-olo-ultra-10-sw-graphite-dv34\/#primaryimage\"},\"image\":{\"@id\":\"https:\/\/rubineta.com\/catalogue\/shower-products\/duso-sistema-olo-ultra-10-sw-graphite-dv34\/#primaryimage\"},\"thumbnailUrl\":\"https:\/\/rubineta.com\/wp-content\/uploads\/2025\/11\/625151_OloUltra-10-SW-DV34_GP-scaled.jpg\",\"datePublished\":\"2025-11-14T10:30:40+00:00\",\"dateModified\":\"2026-01-21T14:16:30+00:00\",\"description\":\"Rubineta d\u016b\u0161o galva, du\u0161o stovas, mai\u0161ytuvas juodos spalvos. Du\u0161o rinkinys Olo (BK) + Ultra-10 (SW) (DV3\/4) (BK)\",\"breadcrumb\":{\"@id\":\"https:\/\/rubineta.com\/catalogue\/shower-products\/duso-sistema-olo-ultra-10-sw-graphite-dv34\/#breadcrumb\"},\"inLanguage\":\"en-US\",\"potentialAction\":[{\"@type\":\"ReadAction\",\"target\":[\"https:\/\/rubineta.com\/catalogue\/shower-products\/duso-sistema-olo-ultra-10-sw-graphite-dv34\/\"]}]},{\"@type\":\"ImageObject\",\"inLanguage\":\"en-US\",\"@id\":\"https:\/\/rubineta.com\/catalogue\/shower-products\/duso-sistema-olo-ultra-10-sw-graphite-dv34\/#primaryimage\",\"url\":\"https:\/\/rubineta.com\/wp-content\/uploads\/2025\/11\/625151_OloUltra-10-SW-DV34_GP-scaled.jpg\",\"contentUrl\":\"https:\/\/rubineta.com\/wp-content\/uploads\/2025\/11\/625151_OloUltra-10-SW-DV34_GP-scaled.jpg\",\"width\":817,\"height\":2560},{\"@type\":\"BreadcrumbList\",\"@id\":\"https:\/\/rubineta.com\/catalogue\/shower-products\/duso-sistema-olo-ultra-10-sw-graphite-dv34\/#breadcrumb\",\"itemListElement\":[{\"@type\":\"ListItem\",\"position\":1,\"name\":\"Home\",\"item\":\"https:\/\/rubineta.com\/lv\/\"},{\"@type\":\"ListItem\",\"position\":2,\"name\":\"Katalogs\",\"item\":\"https:\/\/rubineta.com\/lv\/catalogue\/\"},{\"@type\":\"ListItem\",\"position\":3,\"name\":\"Shower system OLO+ULTRA-10 (SW) (Graphite) (DV3\/4)\"}]},{\"@type\":\"WebSite\",\"@id\":\"https:\/\/rubineta.com\/#website\",\"url\":\"https:\/\/rubineta.com\/\",\"name\":\"Rubineta - Quality And Reliable Sanitary Fittings\",\"description\":\"High Quality And Reliable Faucets\",\"publisher\":{\"@id\":\"https:\/\/rubineta.com\/#organization\"},\"potentialAction\":[{\"@type\":\"SearchAction\",\"target\":{\"@type\":\"EntryPoint\",\"urlTemplate\":\"https:\/\/rubineta.com\/?s={search_term_string}\"},\"query-input\":{\"@type\":\"PropertyValueSpecification\",\"valueRequired\":true,\"valueName\":\"search_term_string\"}}],\"inLanguage\":\"en-US\"},{\"@type\":\"Organization\",\"@id\":\"https:\/\/rubineta.com\/#organization\",\"name\":\"RUBINETA\",\"url\":\"https:\/\/rubineta.com\/\",\"logo\":{\"@type\":\"ImageObject\",\"inLanguage\":\"en-US\",\"@id\":\"https:\/\/rubineta.com\/#\/schema\/logo\/image\/\",\"url\":\"https:\/\/rubineta.com\/wp-content\/uploads\/2020\/07\/RUBINETA-logo.jpg\",\"contentUrl\":\"https:\/\/rubineta.com\/wp-content\/uploads\/2020\/07\/RUBINETA-logo.jpg\",\"width\":825,\"height\":456,\"caption\":\"RUBINETA\"},\"image\":{\"@id\":\"https:\/\/rubineta.com\/#\/schema\/logo\/image\/\"}}]}<\/script>\n<!-- \/ Yoast SEO plugin. -->","yoast_head_json":{"title":"[:lt]Du\u0161o sistema OLO+ULTRA-10 (SW) (Graphite) (DV3\/4)[:en]Shower system OLO+ULTRA-10 (SW) (Graphite) (DV3\/4)[:ru]\u0414\u0443\u0448\u0435\u0432\u0430\u044f \u0441\u0438\u0441\u0442\u0435\u043c\u0430 OLO+ULTRA-10 (SW) (Graphite) (DV3\/4)[:lv]Du\u0161as sist\u0113ma OLO+ULTRA-10 (SW) (Graphite) (DV3\/4)[:] | RUBINETA","description":"Rubineta d\u016b\u0161o galva, du\u0161o stovas, mai\u0161ytuvas juodos spalvos. Du\u0161o rinkinys Olo (BK) + Ultra-10 (SW) (DV3\/4) (BK)","robots":{"index":"index","follow":"follow","max-snippet":"max-snippet:-1","max-image-preview":"max-image-preview:large","max-video-preview":"max-video-preview:-1"},"canonical":"https:\/\/rubineta.com\/catalogue\/shower-products\/duso-sistema-olo-ultra-10-sw-graphite-dv34\/","twitter_misc":{"Est. reading time":"1 minute"},"schema":{"@context":"https:\/\/schema.org","@graph":[{"@type":"WebPage","@id":"https:\/\/rubineta.com\/catalogue\/shower-products\/duso-sistema-olo-ultra-10-sw-graphite-dv34\/","url":"https:\/\/rubineta.com\/catalogue\/shower-products\/duso-sistema-olo-ultra-10-sw-graphite-dv34\/","name":"[:lt]Du\u0161o sistema OLO+ULTRA-10 (SW) (Graphite) (DV3\/4)[:en]Shower system OLO+ULTRA-10 (SW) (Graphite) (DV3\/4)[:ru]\u0414\u0443\u0448\u0435\u0432\u0430\u044f \u0441\u0438\u0441\u0442\u0435\u043c\u0430 OLO+ULTRA-10 (SW) (Graphite) (DV3\/4)[:lv]Du\u0161as sist\u0113ma OLO+ULTRA-10 (SW) (Graphite) (DV3\/4)[:] | RUBINETA","isPartOf":{"@id":"https:\/\/rubineta.com\/#website"},"primaryImageOfPage":{"@id":"https:\/\/rubineta.com\/catalogue\/shower-products\/duso-sistema-olo-ultra-10-sw-graphite-dv34\/#primaryimage"},"image":{"@id":"https:\/\/rubineta.com\/catalogue\/shower-products\/duso-sistema-olo-ultra-10-sw-graphite-dv34\/#primaryimage"},"thumbnailUrl":"https:\/\/rubineta.com\/wp-content\/uploads\/2025\/11\/625151_OloUltra-10-SW-DV34_GP-scaled.jpg","datePublished":"2025-11-14T10:30:40+00:00","dateModified":"2026-01-21T14:16:30+00:00","description":"Rubineta d\u016b\u0161o galva, du\u0161o stovas, mai\u0161ytuvas juodos spalvos. Du\u0161o rinkinys Olo (BK) + Ultra-10 (SW) (DV3\/4) (BK)","breadcrumb":{"@id":"https:\/\/rubineta.com\/catalogue\/shower-products\/duso-sistema-olo-ultra-10-sw-graphite-dv34\/#breadcrumb"},"inLanguage":"en-US","potentialAction":[{"@type":"ReadAction","target":["https:\/\/rubineta.com\/catalogue\/shower-products\/duso-sistema-olo-ultra-10-sw-graphite-dv34\/"]}]},{"@type":"ImageObject","inLanguage":"en-US","@id":"https:\/\/rubineta.com\/catalogue\/shower-products\/duso-sistema-olo-ultra-10-sw-graphite-dv34\/#primaryimage","url":"https:\/\/rubineta.com\/wp-content\/uploads\/2025\/11\/625151_OloUltra-10-SW-DV34_GP-scaled.jpg","contentUrl":"https:\/\/rubineta.com\/wp-content\/uploads\/2025\/11\/625151_OloUltra-10-SW-DV34_GP-scaled.jpg","width":817,"height":2560},{"@type":"BreadcrumbList","@id":"https:\/\/rubineta.com\/catalogue\/shower-products\/duso-sistema-olo-ultra-10-sw-graphite-dv34\/#breadcrumb","itemListElement":[{"@type":"ListItem","position":1,"name":"Home","item":"https:\/\/rubineta.com\/lv\/"},{"@type":"ListItem","position":2,"name":"Katalogs","item":"https:\/\/rubineta.com\/lv\/catalogue\/"},{"@type":"ListItem","position":3,"name":"Shower system OLO+ULTRA-10 (SW) (Graphite) (DV3\/4)"}]},{"@type":"WebSite","@id":"https:\/\/rubineta.com\/#website","url":"https:\/\/rubineta.com\/","name":"Rubineta - Quality And Reliable Sanitary Fittings","description":"High Quality And Reliable Faucets","publisher":{"@id":"https:\/\/rubineta.com\/#organization"},"potentialAction":[{"@type":"SearchAction","target":{"@type":"EntryPoint","urlTemplate":"https:\/\/rubineta.com\/?s={search_term_string}"},"query-input":{"@type":"PropertyValueSpecification","valueRequired":true,"valueName":"search_term_string"}}],"inLanguage":"en-US"},{"@type":"Organization","@id":"https:\/\/rubineta.com\/#organization","name":"RUBINETA","url":"https:\/\/rubineta.com\/","logo":{"@type":"ImageObject","inLanguage":"en-US","@id":"https:\/\/rubineta.com\/#\/schema\/logo\/image\/","url":"https:\/\/rubineta.com\/wp-content\/uploads\/2020\/07\/RUBINETA-logo.jpg","contentUrl":"https:\/\/rubineta.com\/wp-content\/uploads\/2020\/07\/RUBINETA-logo.jpg","width":825,"height":456,"caption":"RUBINETA"},"image":{"@id":"https:\/\/rubineta.com\/#\/schema\/logo\/image\/"}}]}},"_links":{"self":[{"href":"https:\/\/rubineta.com\/en\/wp-json\/wp\/v2\/product\/27307","targetHints":{"allow":["GET"]}}],"collection":[{"href":"https:\/\/rubineta.com\/en\/wp-json\/wp\/v2\/product"}],"about":[{"href":"https:\/\/rubineta.com\/en\/wp-json\/wp\/v2\/types\/product"}],"replies":[{"embeddable":true,"href":"https:\/\/rubineta.com\/en\/wp-json\/wp\/v2\/comments?post=27307"}],"wp:featuredmedia":[{"embeddable":true,"href":"https:\/\/rubineta.com\/en\/wp-json\/wp\/v2\/media\/27297"}],"wp:attachment":[{"href":"https:\/\/rubineta.com\/en\/wp-json\/wp\/v2\/media?parent=27307"}],"wp:term":[{"taxonomy":"product_cat","embeddable":true,"href":"https:\/\/rubineta.com\/en\/wp-json\/wp\/v2\/product_cat?post=27307"},{"taxonomy":"product_tag","embeddable":true,"href":"https:\/\/rubineta.com\/en\/wp-json\/wp\/v2\/product_tag?post=27307"}],"curies":[{"name":"wp","href":"https:\/\/api.w.org\/{rel}","templated":true}]}}