{"id":11705,"date":"2018-07-25T08:41:21","date_gmt":"2018-07-25T10:41:21","guid":{"rendered":"http:\/\/rubineta.com\/?page_id=11705"},"modified":"2022-12-15T09:29:34","modified_gmt":"2022-12-15T11:29:34","slug":"we-offer-clients","status":"publish","type":"page","link":"https:\/\/rubineta.com\/lv\/we-offer-clients\/","title":{"rendered":"Klientiem"},"content":{"rendered":"<div id=\"pl-11705\"  class=\"panel-layout\" ><div id=\"pg-11705-0\"  class=\"panel-grid panel-has-style\" ><div class=\"panel-row-style panel-row-style-for-11705-0\" ><div id=\"pgc-11705-0-0\"  class=\"panel-grid-cell\" ><div class=\"client-icons panel-cell-style panel-cell-style-for-11705-0-0\" ><div id=\"panel-11705-0-0-0\" class=\"so-panel widget widget_sow-image panel-first-child\" data-index=\"0\" ><div class=\"animate panel-widget-style panel-widget-style-for-11705-0-0-0\" ><div\n\t\t\t\n\t\t\tclass=\"so-widget-sow-image so-widget-sow-image-default-ec555a4be1b6-11705\"\n\t\t\t\n\t\t>\n\n<div class=\"sow-image-container\">\n\t\t<img loading=\"lazy\" decoding=\"async\" src=\"data:image\/gif;base64,R0lGODdhAQABAPAAAP\/\/\/wAAACwAAAAAAQABAEACAkQBADs=\" data-lazy-src=\"https:\/\/rubineta.com\/wp-content\/uploads\/2018\/07\/patvirtinta-kokybe.png\" width=\"128\" height=\"128\" data-lazy-srcset=\"https:\/\/rubineta.com\/wp-content\/uploads\/2018\/07\/patvirtinta-kokybe.png 128w, https:\/\/rubineta.com\/wp-content\/uploads\/2018\/07\/patvirtinta-kokybe-100x100.png 100w, https:\/\/rubineta.com\/wp-content\/uploads\/2018\/07\/patvirtinta-kokybe-72x72.png 72w\" data-lazy-sizes=\"auto, (max-width: 128px) 100vw, 128px\" title=\"Patvirtinta kokyb\u0117\" alt=\"\" \t\tclass=\"so-widget-image\"\/><noscript><img loading=\"lazy\" decoding=\"async\" src=\"https:\/\/rubineta.com\/wp-content\/uploads\/2018\/07\/patvirtinta-kokybe.png\" width=\"128\" height=\"128\" srcset=\"https:\/\/rubineta.com\/wp-content\/uploads\/2018\/07\/patvirtinta-kokybe.png 128w, https:\/\/rubineta.com\/wp-content\/uploads\/2018\/07\/patvirtinta-kokybe-100x100.png 100w, https:\/\/rubineta.com\/wp-content\/uploads\/2018\/07\/patvirtinta-kokybe-72x72.png 72w\" sizes=\"auto, (max-width: 128px) 100vw, 128px\" title=\"Patvirtinta kokyb\u0117\" alt=\"\" \t\tclass=\"so-widget-image\"\/><\/noscript>\n\t<\/div>\n\n<\/div><\/div><\/div><div id=\"panel-11705-0-0-1\" class=\"so-panel widget widget_sow-editor panel-last-child\" data-index=\"1\" ><div\n\t\t\t\n\t\t\tclass=\"so-widget-sow-editor so-widget-sow-editor-base\"\n\t\t\t\n\t\t>\n<div class=\"siteorigin-widget-tinymce textwidget\">\n\t<h3><strong>Augsta kvalit\u0101te<\/strong><strong><\/strong><\/h3>\n<div class=\"dash style-dark\"><\/div>\n<p>\u201cTr\u012bsk\u0101r\u0161\u0101s p\u0101rbaudes\u201d kvalit\u0101tes kontroles sist\u0113ma projekt\u0113\u0161anai, ra\u017eo\u0161anai un mont\u0101\u017eai, 100% produkcijas p\u0101rbaude<\/p>\n<\/div>\n<\/div><\/div><\/div><\/div><div id=\"pgc-11705-0-1\"  class=\"panel-grid-cell\" ><div class=\"client-icons panel-cell-style panel-cell-style-for-11705-0-1\" ><div id=\"panel-11705-0-1-0\" class=\"so-panel widget widget_sow-image panel-first-child\" data-index=\"2\" ><div class=\"animate panel-widget-style panel-widget-style-for-11705-0-1-0\" ><div\n\t\t\t\n\t\t\tclass=\"so-widget-sow-image so-widget-sow-image-default-ec555a4be1b6-11705\"\n\t\t\t\n\t\t>\n\n<div class=\"sow-image-container\">\n\t\t<img loading=\"lazy\" decoding=\"async\" src=\"data:image\/gif;base64,R0lGODdhAQABAPAAAP\/\/\/wAAACwAAAAAAQABAEACAkQBADs=\" data-lazy-src=\"https:\/\/rubineta.com\/wp-content\/uploads\/2018\/07\/platus-asortimentas.png\" width=\"128\" height=\"128\" data-lazy-srcset=\"https:\/\/rubineta.com\/wp-content\/uploads\/2018\/07\/platus-asortimentas.png 128w, https:\/\/rubineta.com\/wp-content\/uploads\/2018\/07\/platus-asortimentas-100x100.png 100w, https:\/\/rubineta.com\/wp-content\/uploads\/2018\/07\/platus-asortimentas-72x72.png 72w\" data-lazy-sizes=\"auto, (max-width: 128px) 100vw, 128px\" title=\"Patvirtinta kokyb\u0117\" alt=\"platus asortimentas\" \t\tclass=\"so-widget-image\"\/><noscript><img loading=\"lazy\" decoding=\"async\" src=\"https:\/\/rubineta.com\/wp-content\/uploads\/2018\/07\/platus-asortimentas.png\" width=\"128\" height=\"128\" srcset=\"https:\/\/rubineta.com\/wp-content\/uploads\/2018\/07\/platus-asortimentas.png 128w, https:\/\/rubineta.com\/wp-content\/uploads\/2018\/07\/platus-asortimentas-100x100.png 100w, https:\/\/rubineta.com\/wp-content\/uploads\/2018\/07\/platus-asortimentas-72x72.png 72w\" sizes=\"auto, (max-width: 128px) 100vw, 128px\" title=\"Patvirtinta kokyb\u0117\" alt=\"platus asortimentas\" \t\tclass=\"so-widget-image\"\/><\/noscript>\n\t<\/div>\n\n<\/div><\/div><\/div><div id=\"panel-11705-0-1-1\" class=\"so-panel widget widget_sow-editor panel-last-child\" data-index=\"3\" ><div\n\t\t\t\n\t\t\tclass=\"so-widget-sow-editor so-widget-sow-editor-base\"\n\t\t\t\n\t\t>\n<div class=\"siteorigin-widget-tinymce textwidget\">\n\t<h3><strong>Pla\u0161s sortiments<\/strong><\/h3>\n<p><div class=\"dash style-dark\"><\/div><br \/>\nM\u0113s pal\u012bdzam izveidot popul\u0101r\u0101ko sortimentu klientu vid\u016b, kas nodro\u0161in\u0101s stabilu pe\u013c\u0146u un \u0101tru produkcijas apgroz\u012bjumu<\/p>\n<\/div>\n<\/div><\/div><\/div><\/div><div id=\"pgc-11705-0-2\"  class=\"panel-grid-cell\" ><div class=\"client-icons panel-cell-style panel-cell-style-for-11705-0-2\" ><div id=\"panel-11705-0-2-0\" class=\"so-panel widget widget_sow-image panel-first-child\" data-index=\"4\" ><div class=\"animate panel-widget-style panel-widget-style-for-11705-0-2-0\" ><div\n\t\t\t\n\t\t\tclass=\"so-widget-sow-image so-widget-sow-image-default-ec555a4be1b6-11705\"\n\t\t\t\n\t\t>\n\n<div class=\"sow-image-container\">\n\t\t<img loading=\"lazy\" decoding=\"async\" src=\"data:image\/gif;base64,R0lGODdhAQABAPAAAP\/\/\/wAAACwAAAAAAQABAEACAkQBADs=\" data-lazy-src=\"https:\/\/rubineta.com\/wp-content\/uploads\/2018\/07\/pristatymas.png\" width=\"128\" height=\"128\" data-lazy-srcset=\"https:\/\/rubineta.com\/wp-content\/uploads\/2018\/07\/pristatymas.png 128w, https:\/\/rubineta.com\/wp-content\/uploads\/2018\/07\/pristatymas-100x100.png 100w, https:\/\/rubineta.com\/wp-content\/uploads\/2018\/07\/pristatymas-72x72.png 72w\" data-lazy-sizes=\"auto, (max-width: 128px) 100vw, 128px\" title=\"Patvirtinta kokyb\u0117 \" alt=\"pristatymas\" \t\tclass=\"so-widget-image\"\/><noscript><img loading=\"lazy\" decoding=\"async\" src=\"https:\/\/rubineta.com\/wp-content\/uploads\/2018\/07\/pristatymas.png\" width=\"128\" height=\"128\" srcset=\"https:\/\/rubineta.com\/wp-content\/uploads\/2018\/07\/pristatymas.png 128w, https:\/\/rubineta.com\/wp-content\/uploads\/2018\/07\/pristatymas-100x100.png 100w, https:\/\/rubineta.com\/wp-content\/uploads\/2018\/07\/pristatymas-72x72.png 72w\" sizes=\"auto, (max-width: 128px) 100vw, 128px\" title=\"Patvirtinta kokyb\u0117 \" alt=\"pristatymas\" \t\tclass=\"so-widget-image\"\/><\/noscript>\n\t<\/div>\n\n<\/div><\/div><\/div><div id=\"panel-11705-0-2-1\" class=\"so-panel widget widget_sow-editor panel-last-child\" data-index=\"5\" ><div\n\t\t\t\n\t\t\tclass=\"so-widget-sow-editor so-widget-sow-editor-base\"\n\t\t\t\n\t\t>\n<div class=\"siteorigin-widget-tinymce textwidget\">\n\t<h3><strong>\u0100tra pieg\u0101de<\/strong><strong><\/strong><\/h3>\n<div class=\"dash style-dark\"><\/div>\n<p>M\u0113s \u0101tri rea\u0123\u0113jam uz m\u016bsu partneru piepras\u012bjumiem un, iev\u0113rojot dro\u0161\u012bbas pras\u012bbas, pieg\u0101d\u0101jam m\u016bsu produkciju<\/p>\n<\/div>\n<\/div><\/div><\/div><\/div><\/div><\/div><div id=\"pg-11705-1\"  class=\"panel-grid panel-has-style\" ><div class=\"panel-row-style panel-row-style-for-11705-1\" ><div id=\"pgc-11705-1-0\"  class=\"panel-grid-cell\" ><div class=\"client-icons panel-cell-style panel-cell-style-for-11705-1-0\" ><div id=\"panel-11705-1-0-0\" class=\"so-panel widget widget_sow-image panel-first-child\" data-index=\"6\" ><div class=\"animate panel-widget-style panel-widget-style-for-11705-1-0-0\" ><div\n\t\t\t\n\t\t\tclass=\"so-widget-sow-image so-widget-sow-image-default-ec555a4be1b6-11705\"\n\t\t\t\n\t\t>\n\n<div class=\"sow-image-container\">\n\t\t<img loading=\"lazy\" decoding=\"async\" src=\"data:image\/gif;base64,R0lGODdhAQABAPAAAP\/\/\/wAAACwAAAAAAQABAEACAkQBADs=\" data-lazy-src=\"https:\/\/rubineta.com\/wp-content\/uploads\/2018\/07\/pardavimai.png\" width=\"128\" height=\"128\" data-lazy-srcset=\"https:\/\/rubineta.com\/wp-content\/uploads\/2018\/07\/pardavimai.png 128w, https:\/\/rubineta.com\/wp-content\/uploads\/2018\/07\/pardavimai-100x100.png 100w, https:\/\/rubineta.com\/wp-content\/uploads\/2018\/07\/pardavimai-72x72.png 72w\" data-lazy-sizes=\"auto, (max-width: 128px) 100vw, 128px\" title=\"Patvirtinta kokyb\u0117 \" alt=\"pardavimai\" \t\tclass=\"so-widget-image\"\/><noscript><img loading=\"lazy\" decoding=\"async\" src=\"https:\/\/rubineta.com\/wp-content\/uploads\/2018\/07\/pardavimai.png\" width=\"128\" height=\"128\" srcset=\"https:\/\/rubineta.com\/wp-content\/uploads\/2018\/07\/pardavimai.png 128w, https:\/\/rubineta.com\/wp-content\/uploads\/2018\/07\/pardavimai-100x100.png 100w, https:\/\/rubineta.com\/wp-content\/uploads\/2018\/07\/pardavimai-72x72.png 72w\" sizes=\"auto, (max-width: 128px) 100vw, 128px\" title=\"Patvirtinta kokyb\u0117 \" alt=\"pardavimai\" \t\tclass=\"so-widget-image\"\/><\/noscript>\n\t<\/div>\n\n<\/div><\/div><\/div><div id=\"panel-11705-1-0-1\" class=\"so-panel widget widget_sow-editor panel-last-child\" data-index=\"7\" ><div\n\t\t\t\n\t\t\tclass=\"so-widget-sow-editor so-widget-sow-editor-base\"\n\t\t\t\n\t\t>\n<div class=\"siteorigin-widget-tinymce textwidget\">\n\t<h3><strong>P\u0101rdo\u0161anas veicin\u0101\u0161ana<\/strong><strong><\/strong><\/h3>\n<div class=\"dash style-dark\"><\/div>\n<p>M\u0113s pied\u0101v\u0101jam p\u0101rbaud\u012btu p\u0101rdo\u0161anas modeli, apm\u0101c\u012bbas un motiv\u0113jam J\u016bsu p\u0101rdev\u0113jus, nodro\u0161in\u0101m m\u0101rketinga materi\u0101lus.<\/p>\n<\/div>\n<\/div><\/div><\/div><\/div><div id=\"pgc-11705-1-1\"  class=\"panel-grid-cell\" ><div class=\"client-icons panel-cell-style panel-cell-style-for-11705-1-1\" ><div id=\"panel-11705-1-1-0\" class=\"so-panel widget widget_sow-image panel-first-child\" data-index=\"8\" ><div class=\"animate panel-widget-style panel-widget-style-for-11705-1-1-0\" ><div\n\t\t\t\n\t\t\tclass=\"so-widget-sow-image so-widget-sow-image-default-ec555a4be1b6-11705\"\n\t\t\t\n\t\t>\n\n<div class=\"sow-image-container\">\n\t\t<img loading=\"lazy\" decoding=\"async\" src=\"data:image\/gif;base64,R0lGODdhAQABAPAAAP\/\/\/wAAACwAAAAAAQABAEACAkQBADs=\" data-lazy-src=\"https:\/\/rubineta.com\/wp-content\/uploads\/2018\/07\/garantinis-aptarnavimas.png\" width=\"128\" height=\"128\" data-lazy-srcset=\"https:\/\/rubineta.com\/wp-content\/uploads\/2018\/07\/garantinis-aptarnavimas.png 128w, https:\/\/rubineta.com\/wp-content\/uploads\/2018\/07\/garantinis-aptarnavimas-100x100.png 100w, https:\/\/rubineta.com\/wp-content\/uploads\/2018\/07\/garantinis-aptarnavimas-72x72.png 72w\" data-lazy-sizes=\"auto, (max-width: 128px) 100vw, 128px\" title=\"Patvirtinta kokyb\u0117 \" alt=\"\" \t\tclass=\"so-widget-image\"\/><noscript><img loading=\"lazy\" decoding=\"async\" src=\"https:\/\/rubineta.com\/wp-content\/uploads\/2018\/07\/garantinis-aptarnavimas.png\" width=\"128\" height=\"128\" srcset=\"https:\/\/rubineta.com\/wp-content\/uploads\/2018\/07\/garantinis-aptarnavimas.png 128w, https:\/\/rubineta.com\/wp-content\/uploads\/2018\/07\/garantinis-aptarnavimas-100x100.png 100w, https:\/\/rubineta.com\/wp-content\/uploads\/2018\/07\/garantinis-aptarnavimas-72x72.png 72w\" sizes=\"auto, (max-width: 128px) 100vw, 128px\" title=\"Patvirtinta kokyb\u0117 \" alt=\"\" \t\tclass=\"so-widget-image\"\/><\/noscript>\n\t<\/div>\n\n<\/div><\/div><\/div><div id=\"panel-11705-1-1-1\" class=\"so-panel widget widget_sow-editor panel-last-child\" data-index=\"9\" ><div\n\t\t\t\n\t\t\tclass=\"so-widget-sow-editor so-widget-sow-editor-base\"\n\t\t\t\n\t\t>\n<div class=\"siteorigin-widget-tinymce textwidget\">\n\t<h3><strong>Garantijas serviss<\/strong><strong><\/strong><\/h3>\n<div class=\"dash style-dark\"><\/div>\n<p>M\u0113s atveram servisa centrus J\u016bsu re\u0123ion\u0101, lai nodro\u0161in\u0101tu garantijas un p\u0113cgarantijas apkalpo\u0161anu.<\/p>\n<\/div>\n<\/div><\/div><\/div><\/div><div id=\"pgc-11705-1-2\"  class=\"panel-grid-cell\" ><div class=\"client-icons panel-cell-style panel-cell-style-for-11705-1-2\" ><div id=\"panel-11705-1-2-0\" class=\"so-panel widget widget_sow-image panel-first-child\" data-index=\"10\" ><div class=\"animate panel-widget-style panel-widget-style-for-11705-1-2-0\" ><div\n\t\t\t\n\t\t\tclass=\"so-widget-sow-image so-widget-sow-image-default-ec555a4be1b6-11705\"\n\t\t\t\n\t\t>\n\n<div class=\"sow-image-container\">\n\t\t<img loading=\"lazy\" decoding=\"async\" src=\"data:image\/gif;base64,R0lGODdhAQABAPAAAP\/\/\/wAAACwAAAAAAQABAEACAkQBADs=\" data-lazy-src=\"https:\/\/rubineta.com\/wp-content\/uploads\/2018\/07\/draudimas.png\" width=\"128\" height=\"128\" data-lazy-srcset=\"https:\/\/rubineta.com\/wp-content\/uploads\/2018\/07\/draudimas.png 128w, https:\/\/rubineta.com\/wp-content\/uploads\/2018\/07\/draudimas-100x100.png 100w, https:\/\/rubineta.com\/wp-content\/uploads\/2018\/07\/draudimas-72x72.png 72w\" data-lazy-sizes=\"auto, (max-width: 128px) 100vw, 128px\" title=\"Patvirtinta kokyb\u0117 \" alt=\"\" \t\tclass=\"so-widget-image\"\/><noscript><img loading=\"lazy\" decoding=\"async\" src=\"https:\/\/rubineta.com\/wp-content\/uploads\/2018\/07\/draudimas.png\" width=\"128\" height=\"128\" srcset=\"https:\/\/rubineta.com\/wp-content\/uploads\/2018\/07\/draudimas.png 128w, https:\/\/rubineta.com\/wp-content\/uploads\/2018\/07\/draudimas-100x100.png 100w, https:\/\/rubineta.com\/wp-content\/uploads\/2018\/07\/draudimas-72x72.png 72w\" sizes=\"auto, (max-width: 128px) 100vw, 128px\" title=\"Patvirtinta kokyb\u0117 \" alt=\"\" \t\tclass=\"so-widget-image\"\/><\/noscript>\n\t<\/div>\n\n<\/div><\/div><\/div><div id=\"panel-11705-1-2-1\" class=\"so-panel widget widget_sow-editor panel-last-child\" data-index=\"11\" ><div\n\t\t\t\n\t\t\tclass=\"so-widget-sow-editor so-widget-sow-editor-base\"\n\t\t\t\n\t\t>\n<div class=\"siteorigin-widget-tinymce textwidget\">\n\t<h3><strong>Civiltiesisk\u0101s atbild\u012bbas apdro\u0161in\u0101\u0161ana<\/strong><strong><\/strong><\/h3>\n<div class=\"dash style-dark\"><\/div>\n<p>\u012apa\u0161uma boj\u0101jumu atl\u012bdzin\u0101\u0161ana saska\u0146\u0101 ar pa\u0161reiz\u0113jo civiltiesisk\u0101s atbild\u012bbas apdro\u0161in\u0101\u0161anu.<\/p>\n<\/div>\n<\/div><\/div><\/div><\/div><\/div><\/div><div id=\"pg-11705-2\"  class=\"panel-grid panel-has-style\" ><div class=\"siteorigin-panels-stretch panel-row-style panel-row-style-for-11705-2\" data-stretch-type=\"full\" ><div id=\"pgc-11705-2-0\"  class=\"panel-grid-cell panel-grid-cell-mobile-last\" ><div id=\"panel-11705-2-0-0\" class=\"so-panel widget widget_sow-editor panel-first-child panel-last-child\" data-index=\"12\" ><div class=\"shadow-box panel-widget-style panel-widget-style-for-11705-2-0-0\" ><div\n\t\t\t\n\t\t\tclass=\"so-widget-sow-editor so-widget-sow-editor-base\"\n\t\t\t\n\t\t>\n<div class=\"siteorigin-widget-tinymce textwidget\">\n\t<span class=\"subtitle dash-true style-dark\">V\u0112LATIES K\u013b\u016aT PAR M\u016aSU PARTNERI? <\/span>\n<h2>Aizpildiet veidlapu un m\u0113s ar Jums sazin\u0101simies!<\/h2>\n<div class=\"siteorigin-widget-tinymce textwidget\">\n<div class=\"wpcf7 no-js\" id=\"wpcf7-f21847-o1\" lang=\"lt-LT\" dir=\"ltr\" data-wpcf7-id=\"21847\">\n<div class=\"screen-reader-response\"><p role=\"status\" aria-live=\"polite\" aria-atomic=\"true\"><\/p> <ul><\/ul><\/div>\n<form action=\"\/lv\/wp-json\/wp\/v2\/pages\/11705#wpcf7-f21847-o1\" method=\"post\" class=\"wpcf7-form init\" aria-label=\"Contact form\" novalidate=\"novalidate\" data-status=\"init\">\n<div style=\"display: none;\">\n<input type=\"hidden\" name=\"_wpcf7\" value=\"21847\" \/>\n<input type=\"hidden\" name=\"_wpcf7_version\" value=\"6.0.1\" \/>\n<input type=\"hidden\" name=\"_wpcf7_locale\" value=\"lt_LT\" \/>\n<input type=\"hidden\" name=\"_wpcf7_unit_tag\" value=\"wpcf7-f21847-o1\" \/>\n<input type=\"hidden\" name=\"_wpcf7_container_post\" value=\"0\" \/>\n<input type=\"hidden\" name=\"_wpcf7_posted_data_hash\" value=\"\" \/>\n<input type=\"hidden\" name=\"_wpcf7_recaptcha_response\" value=\"\" \/>\n<\/div>\n<p><label> J\u016bsu uz\u0146\u0113muma nosaukums*<br \/>\n<span class=\"wpcf7-form-control-wrap\" data-name=\"text-817\"><input size=\"40\" maxlength=\"400\" class=\"wpcf7-form-control wpcf7-text wpcf7-validates-as-required custom-registration\" aria-required=\"true\" aria-invalid=\"false\" value=\"\" type=\"text\" name=\"text-817\" \/><\/span> <\/label>\n<\/p>\n<p><label> J\u016bsu v\u0101rds, uzv\u0101rds*<br \/>\n<span class=\"wpcf7-form-control-wrap\" data-name=\"text-818\"><input size=\"40\" maxlength=\"400\" class=\"wpcf7-form-control wpcf7-text wpcf7-validates-as-required custom-registration\" aria-required=\"true\" aria-invalid=\"false\" value=\"\" type=\"text\" name=\"text-818\" \/><\/span> <\/label>\n<\/p>\n<p><label> E-pasts*<br \/>\n<span class=\"wpcf7-form-control-wrap\" data-name=\"email-482\"><input size=\"40\" maxlength=\"400\" class=\"wpcf7-form-control wpcf7-email wpcf7-validates-as-required wpcf7-text wpcf7-validates-as-email custom-registration\" aria-required=\"true\" aria-invalid=\"false\" value=\"\" type=\"email\" name=\"email-482\" \/><\/span> <\/label>\n<\/p>\n<p><label> T\u0101lru\u0146a numurs*<br \/>\n<span class=\"wpcf7-form-control-wrap\" data-name=\"tel-65\"><input size=\"40\" maxlength=\"400\" class=\"wpcf7-form-control wpcf7-tel wpcf7-validates-as-required wpcf7-text wpcf7-validates-as-tel custom-registration\" aria-required=\"true\" aria-invalid=\"false\" value=\"\" type=\"tel\" name=\"tel-65\" \/><\/span> <\/label>\n<\/p>\n<p><label> Plat\u012bba*<br \/>\n<span class=\"wpcf7-form-control-wrap\" data-name=\"menu-788\"><select class=\"wpcf7-form-control wpcf7-select wpcf7-validates-as-required custom-registration\" aria-required=\"true\" aria-invalid=\"false\" name=\"menu-788\"><option value=\"Jauc\u0113jkr\u0101ni\">Jauc\u0113jkr\u0101ni<\/option><option value=\"Citas preces\">Citas preces<\/option><\/select><\/span> <\/label>\n<\/p>\n<p><label> Daudzums*<br \/>\n<span class=\"wpcf7-form-control-wrap\" data-name=\"menu-789\"><select class=\"wpcf7-form-control wpcf7-select wpcf7-validates-as-required custom-registration\" aria-required=\"true\" aria-invalid=\"false\" name=\"menu-789\"><option value=\"250 - 1250\">250 - 1250<\/option><option value=\"1250 - 2500\">1250 - 2500<\/option><option value=\"&lt;2500\">&lt;2500<\/option><\/select><\/span> <\/label>\n<\/p>\n<p><label>Zi\u0146a<\/label><br \/>\n<span class=\"wpcf7-form-control-wrap\" data-name=\"your-message\"><textarea cols=\"5\" rows=\"1\" maxlength=\"2000\" class=\"wpcf7-form-control wpcf7-textarea wpcf7-validates-as-required\" aria-required=\"true\" aria-invalid=\"false\" name=\"your-message\"><\/textarea><\/span>\n<\/p>\n<p><span class=\"wpcf7-form-control-wrap\" data-name=\"acceptance-228\"><span class=\"wpcf7-form-control wpcf7-acceptance\"><span class=\"wpcf7-list-item\"><label><input type=\"checkbox\" name=\"acceptance-228\" value=\"1\" class=\"custom-acceptance\" aria-invalid=\"false\" \/><span class=\"wpcf7-list-item-label\">Es piekr\u012btu, ka mani personas dati tiks apstr\u0101d\u0101ti saska\u0146\u0101 ar Rubineta priv\u0101tuma politiku. J\u016bs vienm\u0113r varat atsaukt \u0161o piekri\u0161anu, uzrakstot v\u0113stuli uz e-pastu: hello@rubineta.com.<\/span><\/label><\/span><\/span><\/span>\n<\/p>\n<p><input class=\"wpcf7-form-control wpcf7-submit has-spinner\" type=\"submit\" value=\"Re\u0123istr\u0101cija\" \/>\n<\/p>\n<p>*Oblig\u0101ti aizpild\u0101mie lauki\n<\/p><div class=\"wpcf7-response-output\" aria-hidden=\"true\"><\/div>\n<\/form>\n<\/div>\n<\/div>\n<\/div>\n<\/div>\n<\/div><\/div><\/div><\/div><div id=\"pgc-11705-2-1\"  class=\"panel-grid-cell panel-grid-cell-empty\" ><\/div><\/div><\/div><\/div>","protected":false},"excerpt":{"rendered":"<p>Augsta kvalit\u0101te \u201cTr\u012bsk\u0101r\u0161\u0101s p\u0101rbaudes\u201d kvalit\u0101tes kontroles sist\u0113ma projekt\u0113\u0161anai, ra\u017eo\u0161anai un mont\u0101\u017eai, 100% produkcijas p\u0101rbaude Pla\u0161s sortiments M\u0113s pal\u012bdzam izveidot popul\u0101r\u0101ko [&hellip;]<\/p>\n","protected":false},"author":1,"featured_media":0,"parent":0,"menu_order":0,"comment_status":"closed","ping_status":"closed","template":"","meta":{"footnotes":""},"class_list":["post-11705","page","type-page","status-publish","hentry"],"yoast_head":"<!-- This site is optimized with the Yoast SEO plugin v23.9 - https:\/\/yoast.com\/wordpress\/plugins\/seo\/ -->\n<title>Klientiem | RUBINETA<\/title>\n<meta name=\"description\" content=\"RUBINETA su visais savo klientais stengiasi u\u017emegzti ilgalaikius, glaud\u017eius, abipusiai naudingus partneryst\u0117s ry\u0161ius ir kartu siekti bendro tikslo.\" \/>\n<meta name=\"robots\" content=\"index, follow, max-snippet:-1, max-image-preview:large, max-video-preview:-1\" \/>\n<link rel=\"canonical\" href=\"https:\/\/rubineta.com\/lv\/we-offer-clients\/\" \/>\n<meta name=\"twitter:label1\" content=\"Est. reading time\" \/>\n\t<meta name=\"twitter:data1\" content=\"3 minutes\" \/>\n<script type=\"application\/ld+json\" class=\"yoast-schema-graph\">{\"@context\":\"https:\/\/schema.org\",\"@graph\":[{\"@type\":\"WebPage\",\"@id\":\"https:\/\/rubineta.com\/lv\/we-offer-clients\/\",\"url\":\"https:\/\/rubineta.com\/lv\/we-offer-clients\/\",\"name\":\"[:lt]Klientams si\u016blome[:en]We Offer For Clients[:ru]\u041c\u044b \u043f\u0440\u0435\u0434\u043b\u0430\u0433\u0430\u0435\u043c \u043a\u043b\u0438\u0435\u043d\u0442\u0430\u043c[:lv]Klientiem[:] | RUBINETA\",\"isPartOf\":{\"@id\":\"https:\/\/rubineta.com\/#website\"},\"datePublished\":\"2018-07-25T10:41:21+00:00\",\"dateModified\":\"2022-12-15T11:29:34+00:00\",\"description\":\"RUBINETA su visais savo klientais stengiasi u\u017emegzti ilgalaikius, glaud\u017eius, abipusiai naudingus partneryst\u0117s ry\u0161ius ir kartu siekti bendro tikslo.\",\"breadcrumb\":{\"@id\":\"https:\/\/rubineta.com\/lv\/we-offer-clients\/#breadcrumb\"},\"inLanguage\":\"lv-LV\",\"potentialAction\":[{\"@type\":\"ReadAction\",\"target\":[\"https:\/\/rubineta.com\/lv\/we-offer-clients\/\"]}]},{\"@type\":\"BreadcrumbList\",\"@id\":\"https:\/\/rubineta.com\/lv\/we-offer-clients\/#breadcrumb\",\"itemListElement\":[{\"@type\":\"ListItem\",\"position\":1,\"name\":\"Home\",\"item\":\"https:\/\/rubineta.com\/lv\/\"},{\"@type\":\"ListItem\",\"position\":2,\"name\":\"Klientiem\"}]},{\"@type\":\"WebSite\",\"@id\":\"https:\/\/rubineta.com\/#website\",\"url\":\"https:\/\/rubineta.com\/\",\"name\":\"Rubineta - Quality And Reliable Sanitary Fittings\",\"description\":\"High Quality And Reliable Faucets\",\"publisher\":{\"@id\":\"https:\/\/rubineta.com\/#organization\"},\"potentialAction\":[{\"@type\":\"SearchAction\",\"target\":{\"@type\":\"EntryPoint\",\"urlTemplate\":\"https:\/\/rubineta.com\/?s={search_term_string}\"},\"query-input\":{\"@type\":\"PropertyValueSpecification\",\"valueRequired\":true,\"valueName\":\"search_term_string\"}}],\"inLanguage\":\"lv-LV\"},{\"@type\":\"Organization\",\"@id\":\"https:\/\/rubineta.com\/#organization\",\"name\":\"RUBINETA\",\"url\":\"https:\/\/rubineta.com\/\",\"logo\":{\"@type\":\"ImageObject\",\"inLanguage\":\"lv-LV\",\"@id\":\"https:\/\/rubineta.com\/#\/schema\/logo\/image\/\",\"url\":\"https:\/\/rubineta.com\/wp-content\/uploads\/2020\/07\/RUBINETA-logo.jpg\",\"contentUrl\":\"https:\/\/rubineta.com\/wp-content\/uploads\/2020\/07\/RUBINETA-logo.jpg\",\"width\":825,\"height\":456,\"caption\":\"RUBINETA\"},\"image\":{\"@id\":\"https:\/\/rubineta.com\/#\/schema\/logo\/image\/\"}}]}<\/script>\n<!-- \/ Yoast SEO plugin. -->","yoast_head_json":{"title":"[:lt]Klientams si\u016blome[:en]We Offer For Clients[:ru]\u041c\u044b \u043f\u0440\u0435\u0434\u043b\u0430\u0433\u0430\u0435\u043c \u043a\u043b\u0438\u0435\u043d\u0442\u0430\u043c[:lv]Klientiem[:] | RUBINETA","description":"RUBINETA su visais savo klientais stengiasi u\u017emegzti ilgalaikius, glaud\u017eius, abipusiai naudingus partneryst\u0117s ry\u0161ius ir kartu siekti bendro tikslo.","robots":{"index":"index","follow":"follow","max-snippet":"max-snippet:-1","max-image-preview":"max-image-preview:large","max-video-preview":"max-video-preview:-1"},"canonical":"https:\/\/rubineta.com\/lv\/we-offer-clients\/","twitter_misc":{"Est. reading time":"3 minutes"},"schema":{"@context":"https:\/\/schema.org","@graph":[{"@type":"WebPage","@id":"https:\/\/rubineta.com\/lv\/we-offer-clients\/","url":"https:\/\/rubineta.com\/lv\/we-offer-clients\/","name":"[:lt]Klientams si\u016blome[:en]We Offer For Clients[:ru]\u041c\u044b \u043f\u0440\u0435\u0434\u043b\u0430\u0433\u0430\u0435\u043c \u043a\u043b\u0438\u0435\u043d\u0442\u0430\u043c[:lv]Klientiem[:] | RUBINETA","isPartOf":{"@id":"https:\/\/rubineta.com\/#website"},"datePublished":"2018-07-25T10:41:21+00:00","dateModified":"2022-12-15T11:29:34+00:00","description":"RUBINETA su visais savo klientais stengiasi u\u017emegzti ilgalaikius, glaud\u017eius, abipusiai naudingus partneryst\u0117s ry\u0161ius ir kartu siekti bendro tikslo.","breadcrumb":{"@id":"https:\/\/rubineta.com\/lv\/we-offer-clients\/#breadcrumb"},"inLanguage":"lv-LV","potentialAction":[{"@type":"ReadAction","target":["https:\/\/rubineta.com\/lv\/we-offer-clients\/"]}]},{"@type":"BreadcrumbList","@id":"https:\/\/rubineta.com\/lv\/we-offer-clients\/#breadcrumb","itemListElement":[{"@type":"ListItem","position":1,"name":"Home","item":"https:\/\/rubineta.com\/lv\/"},{"@type":"ListItem","position":2,"name":"Klientiem"}]},{"@type":"WebSite","@id":"https:\/\/rubineta.com\/#website","url":"https:\/\/rubineta.com\/","name":"Rubineta - Quality And Reliable Sanitary Fittings","description":"High Quality And Reliable Faucets","publisher":{"@id":"https:\/\/rubineta.com\/#organization"},"potentialAction":[{"@type":"SearchAction","target":{"@type":"EntryPoint","urlTemplate":"https:\/\/rubineta.com\/?s={search_term_string}"},"query-input":{"@type":"PropertyValueSpecification","valueRequired":true,"valueName":"search_term_string"}}],"inLanguage":"lv-LV"},{"@type":"Organization","@id":"https:\/\/rubineta.com\/#organization","name":"RUBINETA","url":"https:\/\/rubineta.com\/","logo":{"@type":"ImageObject","inLanguage":"lv-LV","@id":"https:\/\/rubineta.com\/#\/schema\/logo\/image\/","url":"https:\/\/rubineta.com\/wp-content\/uploads\/2020\/07\/RUBINETA-logo.jpg","contentUrl":"https:\/\/rubineta.com\/wp-content\/uploads\/2020\/07\/RUBINETA-logo.jpg","width":825,"height":456,"caption":"RUBINETA"},"image":{"@id":"https:\/\/rubineta.com\/#\/schema\/logo\/image\/"}}]}},"_links":{"self":[{"href":"https:\/\/rubineta.com\/lv\/wp-json\/wp\/v2\/pages\/11705","targetHints":{"allow":["GET"]}}],"collection":[{"href":"https:\/\/rubineta.com\/lv\/wp-json\/wp\/v2\/pages"}],"about":[{"href":"https:\/\/rubineta.com\/lv\/wp-json\/wp\/v2\/types\/page"}],"author":[{"embeddable":true,"href":"https:\/\/rubineta.com\/lv\/wp-json\/wp\/v2\/users\/1"}],"replies":[{"embeddable":true,"href":"https:\/\/rubineta.com\/lv\/wp-json\/wp\/v2\/comments?post=11705"}],"version-history":[{"count":2,"href":"https:\/\/rubineta.com\/lv\/wp-json\/wp\/v2\/pages\/11705\/revisions"}],"predecessor-version":[{"id":25543,"href":"https:\/\/rubineta.com\/lv\/wp-json\/wp\/v2\/pages\/11705\/revisions\/25543"}],"wp:attachment":[{"href":"https:\/\/rubineta.com\/lv\/wp-json\/wp\/v2\/media?parent=11705"}],"curies":[{"name":"wp","href":"https:\/\/api.w.org\/{rel}","templated":true}]}}