{"id":11936,"date":"2018-07-27T08:53:44","date_gmt":"2018-07-27T10:53:44","guid":{"rendered":"http:\/\/rubineta.com\/?page_id=11936"},"modified":"2020-07-20T09:30:42","modified_gmt":"2020-07-20T11:30:42","slug":"civil-liability-insurance","status":"publish","type":"page","link":"https:\/\/rubineta.com\/lv\/civil-liability-insurance\/","title":{"rendered":"Civiltiesisk\u0101s atbild\u012bbas apdro\u0161in\u0101\u0161ana"},"content":{"rendered":"<div id=\"pl-11936\"  class=\"panel-layout\" ><div id=\"pg-11936-0\"  class=\"panel-grid panel-has-style\" ><div class=\"panel-row-style panel-row-style-for-11936-0\" ><div id=\"pgc-11936-0-0\"  class=\"panel-grid-cell\" ><div id=\"panel-11936-0-0-0\" class=\"so-panel widget widget_nav_menu panel-first-child panel-last-child\" data-index=\"0\" ><div class=\"produktas-sidebar panel-widget-style panel-widget-style-for-11936-0-0-0\" ><h3 class=\"widget-title\">Mana prece<\/h3><div class=\"menu-naudinga-info-container\"><ul id=\"menu-naudinga-info\" class=\"menu\"><li id=\"menu-item-20815\" class=\"menu-item menu-item-type-post_type menu-item-object-page menu-item-20815\"><a href=\"https:\/\/rubineta.com\/lv\/my-product\/\">Garantijas serviss<\/a><\/li>\n<li id=\"menu-item-11940\" class=\"menu-item menu-item-type-post_type menu-item-object-page menu-item-11940\"><a href=\"https:\/\/rubineta.com\/lv\/civil-liability-insurance\/\">Civiltiesisk\u0101s atbild\u012bbas apdro\u0161in\u0101\u0161ana<\/a><\/li>\n<li id=\"menu-item-12445\" class=\"menu-item menu-item-type-post_type menu-item-object-page menu-item-12445\"><a href=\"https:\/\/rubineta.com\/lv\/tips-how-to-clean-faucets\/\">Jauc\u0113jkr\u0101nu un to piederumu apkopes instrukcijas<\/a><\/li>\n<li id=\"menu-item-16143\" class=\"menu-item menu-item-type-post_type menu-item-object-page menu-item-16143\"><a href=\"https:\/\/rubineta.com\/lv\/kaip-pasirinkti-tinkama-vandens-maisytuva\/\">K\u0101 izv\u0113l\u0113ties augstas kvalit\u0101tes jauc\u0113jkr\u0101nu?<\/a><\/li>\n<li id=\"menu-item-24391\" class=\"menu-item menu-item-type-post_type menu-item-object-page menu-item-24391\"><a href=\"https:\/\/rubineta.com\/lv\/katalogai-ir-brosiuros\/\">Catalogues and brochures<\/a><\/li>\n<\/ul><\/div><\/div><\/div><\/div><div id=\"pgc-11936-0-1\"  class=\"panel-grid-cell\" ><div id=\"panel-11936-0-1-0\" class=\"so-panel widget widget_sow-editor panel-first-child panel-last-child\" data-index=\"1\" ><div class=\"shadow-box overlap-right animate animate-1 download-btn  panel-widget-style panel-widget-style-for-11936-0-1-0\" ><div\n\t\t\t\n\t\t\tclass=\"so-widget-sow-editor so-widget-sow-editor-base\"\n\t\t\t\n\t\t>\n<div class=\"siteorigin-widget-tinymce textwidget\">\n\t<h2><strong>RUBINETA produkcijai veikta civiltiesisk\u0101s atbild\u012bbas apdro\u0161in\u0101\u0161ana.<\/strong><\/h2>\n<div class=\"dash style-dark\"><\/div>\n<p>Produkcijas civiltiesisk\u0101s atbild\u012bbas apdro\u0161in\u0101\u0161ana aizsarg\u0101 pat\u0113r\u0113t\u0101ju ties\u012bbas un atl\u012bdzina zaud\u0113jumus, kas radu\u0161ies tre\u0161aj\u0101m person\u0101m (pat\u0113r\u0113t\u0101jiem), ja kait\u0113jums ir saist\u012bts ar neatbilsto\u0161u RUBINETA produkcijas kvalit\u0101ti.<\/p>\n<p><strong>Ja ir noticis apdro\u0161in\u0101\u0161anas gad\u012bjums, l\u016bdzam sazin\u0101ties ar mums, izmantojot \u0161\u0101du kontaktinform\u0101ciju:<\/strong><\/p>\n<p>T\u0101lrunis:\u00a0<a href=\"tel:+370 5 230 6036\">+370 5 230 6036<\/a><br \/>\nE-pasts:\u00a0<a href=\"mailto:hello@rubineta.com\">hello@rubineta.com<\/a><\/p>\n<\/div>\n<\/div><\/div><\/div><\/div><div id=\"pgc-11936-0-2\"  class=\"panel-grid-cell\" ><div id=\"panel-11936-0-2-0\" class=\"so-panel widget widget_black-studio-tinymce widget_black_studio_tinymce panel-first-child panel-last-child\" data-index=\"2\" ><div class=\"animate animate-2 panel-widget-style panel-widget-style-for-11936-0-2-0\" ><div class=\"textwidget\"><img loading=\"lazy\" decoding=\"async\" src=\"data:image\/gif;base64,R0lGODdhAQABAPAAAP\/\/\/wAAACwAAAAAAQABAEACAkQBADs=\" data-lazy-src=\"\/wp-content\/uploads\/2018\/07\/civilines-atsakomybes-draudimas-300x300.jpg\" alt=\"civilines atsakomybes draudimas\" width=\"300\" height=\"300\" class=\"alignnone size-medium wp-image-11945\" \/<\/div data-lazy-srcset=\"https:\/\/rubineta.com\/wp-content\/uploads\/2018\/07\/civilines-atsakomybes-draudimas-300x300.jpg 300w, https:\/\/rubineta.com\/wp-content\/uploads\/2018\/07\/civilines-atsakomybes-draudimas-100x100.jpg 100w, https:\/\/rubineta.com\/wp-content\/uploads\/2018\/07\/civilines-atsakomybes-draudimas-150x150.jpg 150w, https:\/\/rubineta.com\/wp-content\/uploads\/2018\/07\/civilines-atsakomybes-draudimas-72x72.jpg 72w\" data-lazy-sizes=\"auto, (max-width: 300px) 100vw, 300px\" \/><noscript><img loading=\"lazy\" decoding=\"async\" src=\"\/wp-content\/uploads\/2018\/07\/civilines-atsakomybes-draudimas-300x300.jpg\" alt=\"civilines atsakomybes draudimas\" width=\"300\" height=\"300\" class=\"alignnone size-medium wp-image-11945\" \/<\/div srcset=\"https:\/\/rubineta.com\/wp-content\/uploads\/2018\/07\/civilines-atsakomybes-draudimas-300x300.jpg 300w, https:\/\/rubineta.com\/wp-content\/uploads\/2018\/07\/civilines-atsakomybes-draudimas-100x100.jpg 100w, https:\/\/rubineta.com\/wp-content\/uploads\/2018\/07\/civilines-atsakomybes-draudimas-150x150.jpg 150w, https:\/\/rubineta.com\/wp-content\/uploads\/2018\/07\/civilines-atsakomybes-draudimas-72x72.jpg 72w\" sizes=\"auto, (max-width: 300px) 100vw, 300px\" \/><\/noscript><\/div><\/div><\/div><\/div><\/div><div id=\"pg-11936-1\"  class=\"panel-grid panel-has-style\" ><div class=\"siteorigin-panels-stretch panel-row-style panel-row-style-for-11936-1\" data-stretch-type=\"full\" ><div id=\"pgc-11936-1-0\"  class=\"panel-grid-cell\" ><div id=\"panel-11936-1-0-0\" class=\"so-panel widget widget_sow-editor panel-first-child panel-last-child\" data-index=\"3\" ><div class=\"shadow-box animate animate-1 download-btn  panel-widget-style panel-widget-style-for-11936-1-0-0\" ><div\n\t\t\t\n\t\t\tclass=\"so-widget-sow-editor so-widget-sow-editor-base\"\n\t\t\t\n\t\t>\n<div class=\"siteorigin-widget-tinymce textwidget\">\n\t<h2><strong>Ko dar\u012bt, ja iest\u0101jies apdro\u0161in\u0101\u0161anas gad\u012bjums:<\/strong><\/h2>\n<div class=\"dash style-dark\"><\/div>\n<\/ol>\n<ol>\n<li>Jums j\u0101iev\u0113ro visas dro\u0161\u012bbas pras\u012bbas;<\/li>\n<li>Izsl\u0113dziet \u016bdens pieg\u0101di;<\/li>\n<li>Nekav\u0113joties sazinieties ar garantijas servisu <a href=\"http:\/\/rubineta.com\/en\/mano-produktas\/\">service<\/a> vai citiem neatliekam\u0101s pal\u012bdz\u012bbas dienestiem.<\/li>\n<li>Nofotograf\u0113jiet jauc\u0113jkr\u0101nu pirms un p\u0113c demont\u0101\u017eas;<\/li>\n<li>Jauc\u0113jkr\u0101na demont\u0101\u017ea j\u0101veic speci\u0101listam, kur\u0161 noteiks darb\u012bbas trauc\u0113juma c\u0113loni un sniegs rakstiskus atzinumus. Speci\u0101lists nosaka, vai uz darb\u012bbas trauc\u0113jumu attiecas vai neattiecas garantija; darb\u012bbas trauc\u0113juma noteik\u0161anai ir nepiecie\u0161ama papildu anal\u012bze.<\/li>\n<\/ol>\n<\/div>\n<\/div><\/div><\/div><\/div><div id=\"pgc-11936-1-1\"  class=\"panel-grid-cell\" ><div id=\"panel-11936-1-1-0\" class=\"so-panel widget widget_sow-editor panel-first-child panel-last-child\" data-index=\"4\" ><div class=\"shadow-box  animate animate-1 download-btn panel-widget-style panel-widget-style-for-11936-1-1-0\" ><div\n\t\t\t\n\t\t\tclass=\"so-widget-sow-editor so-widget-sow-editor-base\"\n\t\t\t\n\t\t>\n<div class=\"siteorigin-widget-tinymce textwidget\">\n\t<\/p>\n<h2><strong>Preces darb\u012bbas trauc\u0113juma gad\u012bjuma noteik\u0161anai ir j\u0101nor\u0101da<\/strong>:<\/h2>\n<div class=\"dash style-dark\"><\/div>\n<ol>\n<li>Rakstiska pras\u012bba. Dz\u012bvok\u013ca\/m\u0101jas\/telpas \u012bpa\u0161niekam j\u0101iesniedz \u0161\u012b pras\u012bba;<\/li>\n<li>Preces nosaukums\/kods, pirkuma dokumenta kopija;<\/li>\n<li>Nor\u0101diet savu kontaktinform\u0101ciju, adresi, datumu, kad noticis atgad\u012bjums, uz kuru attiecas apdro\u0161in\u0101\u0161ana;<\/li>\n<li>Sniedziet boj\u0101t\u0101 \u012bpa\u0161uma att\u0113lus, nor\u0101diet t\u0101 v\u0113rt\u012bbu.<\/li>\n<\/ol>\n<p>Pras\u012bba ar iepriek\u0161 min\u0113to inform\u0101ciju j\u0101iesniedz SIA \u201eRubineta\u201d pa e-pastu: <a href=\"mail:hello@rubineta.com.\">hello@rubineta.com<\/a><\/p>\n<p>P\u0113c J\u016bsu e-pasta sa\u0146em\u0161anas m\u0113s sazin\u0101simies ar Jums 3 darba dienu laik\u0101, lai turpin\u0101tu apdro\u0161in\u0101\u0161anas gad\u012bjuma p\u0101rbaudi un inform\u0113tu par l\u0113mumu pie\u0146em\u0161anas k\u0101rt\u012bbu.<\/p><\/p>\n<\/div>\n<\/div><\/div><\/div><\/div><\/div><\/div><div id=\"pg-11936-2\"  class=\"panel-grid panel-has-style\" ><div class=\"cta-home cta-dark siteorigin-panels-stretch lazy rocket-lazyload panel-row-style panel-row-style-for-11936-2\" data-stretch-type=\"full\" data-bg=\"https:\/\/rubineta.com\/wp-content\/uploads\/2018\/08\/rubineta-modena-cta.png\" ><div id=\"pgc-11936-2-0\"  class=\"panel-grid-cell panel-grid-cell-mobile-last\" ><div id=\"panel-11936-2-0-0\" class=\"so-panel widget widget_black-studio-tinymce widget_black_studio_tinymce panel-first-child panel-last-child\" data-index=\"5\" ><div class=\"animate animate-1 panel-widget-style panel-widget-style-for-11936-2-0-0\" ><div class=\"textwidget\"><p><span class=\"subtitle dash-true style-dark\">IR JAUT\u0100JUMI?<\/span><\/p>\n<h2>Sazinieties ar mums pa e-pastu: <a href=\"mailto:hello@rubineta.com\">hello@rubineta.com<\/a><\/h2>\n<\/div><\/div><\/div><\/div><div id=\"pgc-11936-2-1\"  class=\"panel-grid-cell panel-grid-cell-empty\" ><\/div><\/div><\/div><\/div>","protected":false},"excerpt":{"rendered":"<p>RUBINETA produkcijai veikta civiltiesisk\u0101s atbild\u012bbas apdro\u0161in\u0101\u0161ana. Produkcijas civiltiesisk\u0101s atbild\u012bbas apdro\u0161in\u0101\u0161ana aizsarg\u0101 pat\u0113r\u0113t\u0101ju ties\u012bbas un atl\u012bdzina zaud\u0113jumus, kas radu\u0161ies tre\u0161aj\u0101m person\u0101m [&hellip;]<\/p>\n","protected":false},"author":1,"featured_media":0,"parent":0,"menu_order":0,"comment_status":"closed","ping_status":"closed","template":"","meta":{"footnotes":""},"class_list":["post-11936","page","type-page","status-publish","hentry"],"yoast_head":"<!-- This site is optimized with the Yoast SEO plugin v23.9 - https:\/\/yoast.com\/wordpress\/plugins\/seo\/ -->\n<title>Civiltiesisk\u0101s atbild\u012bbas apdro\u0161in\u0101\u0161ana | RUBINETA<\/title>\n<meta name=\"description\" content=\"Produkto civilin\u0117s atsakomyb\u0117s draudimas gina vartotoj\u0173 teises ir atlygina tre\u010di\u0173j\u0173 asmen\u0173 (vartotoj\u0173) patirt\u0105 \u017eal\u0105, jei \u017eala susijusi su netinkama...\" \/>\n<meta name=\"robots\" content=\"index, follow, max-snippet:-1, max-image-preview:large, max-video-preview:-1\" \/>\n<link rel=\"canonical\" href=\"https:\/\/rubineta.com\/lv\/civil-liability-insurance\/\" \/>\n<meta name=\"twitter:label1\" content=\"Est. reading time\" \/>\n\t<meta name=\"twitter:data1\" content=\"1 minute\" \/>\n<script type=\"application\/ld+json\" class=\"yoast-schema-graph\">{\"@context\":\"https:\/\/schema.org\",\"@graph\":[{\"@type\":\"WebPage\",\"@id\":\"https:\/\/rubineta.com\/lv\/civil-liability-insurance\/\",\"url\":\"https:\/\/rubineta.com\/lv\/civil-liability-insurance\/\",\"name\":\"[:lt]Civilin\u0117s atsakomyb\u0117s draudimas[:en]Civil liability insurance[:ru]C\u0442\u0440\u0430\u0445\u043e\u0432\u0430\u043d\u0438\u0435 \u0433\u0440\u0430\u0436\u0434\u0430\u043d\u0441\u043a\u043e\u0439 \u043e\u0442\u0432\u0435\u0442\u0441\u0442\u0432\u0435\u043d\u043d\u043e\u0441\u0442\u0438[:lv]Civiltiesisk\u0101s atbild\u012bbas apdro\u0161in\u0101\u0161ana[:] | RUBINETA\",\"isPartOf\":{\"@id\":\"https:\/\/rubineta.com\/#website\"},\"datePublished\":\"2018-07-27T10:53:44+00:00\",\"dateModified\":\"2020-07-20T11:30:42+00:00\",\"description\":\"Produkto civilin\u0117s atsakomyb\u0117s draudimas gina vartotoj\u0173 teises ir atlygina tre\u010di\u0173j\u0173 asmen\u0173 (vartotoj\u0173) patirt\u0105 \u017eal\u0105, jei \u017eala susijusi su netinkama...\",\"breadcrumb\":{\"@id\":\"https:\/\/rubineta.com\/lv\/civil-liability-insurance\/#breadcrumb\"},\"inLanguage\":\"lv-LV\",\"potentialAction\":[{\"@type\":\"ReadAction\",\"target\":[\"https:\/\/rubineta.com\/lv\/civil-liability-insurance\/\"]}]},{\"@type\":\"BreadcrumbList\",\"@id\":\"https:\/\/rubineta.com\/lv\/civil-liability-insurance\/#breadcrumb\",\"itemListElement\":[{\"@type\":\"ListItem\",\"position\":1,\"name\":\"Home\",\"item\":\"https:\/\/rubineta.com\/lv\/\"},{\"@type\":\"ListItem\",\"position\":2,\"name\":\"Civiltiesisk\u0101s atbild\u012bbas apdro\u0161in\u0101\u0161ana\"}]},{\"@type\":\"WebSite\",\"@id\":\"https:\/\/rubineta.com\/#website\",\"url\":\"https:\/\/rubineta.com\/\",\"name\":\"Rubineta - Quality And Reliable Sanitary Fittings\",\"description\":\"High Quality And Reliable Faucets\",\"publisher\":{\"@id\":\"https:\/\/rubineta.com\/#organization\"},\"potentialAction\":[{\"@type\":\"SearchAction\",\"target\":{\"@type\":\"EntryPoint\",\"urlTemplate\":\"https:\/\/rubineta.com\/?s={search_term_string}\"},\"query-input\":{\"@type\":\"PropertyValueSpecification\",\"valueRequired\":true,\"valueName\":\"search_term_string\"}}],\"inLanguage\":\"lv-LV\"},{\"@type\":\"Organization\",\"@id\":\"https:\/\/rubineta.com\/#organization\",\"name\":\"RUBINETA\",\"url\":\"https:\/\/rubineta.com\/\",\"logo\":{\"@type\":\"ImageObject\",\"inLanguage\":\"lv-LV\",\"@id\":\"https:\/\/rubineta.com\/#\/schema\/logo\/image\/\",\"url\":\"https:\/\/rubineta.com\/wp-content\/uploads\/2020\/07\/RUBINETA-logo.jpg\",\"contentUrl\":\"https:\/\/rubineta.com\/wp-content\/uploads\/2020\/07\/RUBINETA-logo.jpg\",\"width\":825,\"height\":456,\"caption\":\"RUBINETA\"},\"image\":{\"@id\":\"https:\/\/rubineta.com\/#\/schema\/logo\/image\/\"}}]}<\/script>\n<!-- \/ Yoast SEO plugin. -->","yoast_head_json":{"title":"[:lt]Civilin\u0117s atsakomyb\u0117s draudimas[:en]Civil liability insurance[:ru]C\u0442\u0440\u0430\u0445\u043e\u0432\u0430\u043d\u0438\u0435 \u0433\u0440\u0430\u0436\u0434\u0430\u043d\u0441\u043a\u043e\u0439 \u043e\u0442\u0432\u0435\u0442\u0441\u0442\u0432\u0435\u043d\u043d\u043e\u0441\u0442\u0438[:lv]Civiltiesisk\u0101s atbild\u012bbas apdro\u0161in\u0101\u0161ana[:] | RUBINETA","description":"Produkto civilin\u0117s atsakomyb\u0117s draudimas gina vartotoj\u0173 teises ir atlygina tre\u010di\u0173j\u0173 asmen\u0173 (vartotoj\u0173) patirt\u0105 \u017eal\u0105, jei \u017eala susijusi su netinkama...","robots":{"index":"index","follow":"follow","max-snippet":"max-snippet:-1","max-image-preview":"max-image-preview:large","max-video-preview":"max-video-preview:-1"},"canonical":"https:\/\/rubineta.com\/lv\/civil-liability-insurance\/","twitter_misc":{"Est. reading time":"1 minute"},"schema":{"@context":"https:\/\/schema.org","@graph":[{"@type":"WebPage","@id":"https:\/\/rubineta.com\/lv\/civil-liability-insurance\/","url":"https:\/\/rubineta.com\/lv\/civil-liability-insurance\/","name":"[:lt]Civilin\u0117s atsakomyb\u0117s draudimas[:en]Civil liability insurance[:ru]C\u0442\u0440\u0430\u0445\u043e\u0432\u0430\u043d\u0438\u0435 \u0433\u0440\u0430\u0436\u0434\u0430\u043d\u0441\u043a\u043e\u0439 \u043e\u0442\u0432\u0435\u0442\u0441\u0442\u0432\u0435\u043d\u043d\u043e\u0441\u0442\u0438[:lv]Civiltiesisk\u0101s atbild\u012bbas apdro\u0161in\u0101\u0161ana[:] | RUBINETA","isPartOf":{"@id":"https:\/\/rubineta.com\/#website"},"datePublished":"2018-07-27T10:53:44+00:00","dateModified":"2020-07-20T11:30:42+00:00","description":"Produkto civilin\u0117s atsakomyb\u0117s draudimas gina vartotoj\u0173 teises ir atlygina tre\u010di\u0173j\u0173 asmen\u0173 (vartotoj\u0173) patirt\u0105 \u017eal\u0105, jei \u017eala susijusi su netinkama...","breadcrumb":{"@id":"https:\/\/rubineta.com\/lv\/civil-liability-insurance\/#breadcrumb"},"inLanguage":"lv-LV","potentialAction":[{"@type":"ReadAction","target":["https:\/\/rubineta.com\/lv\/civil-liability-insurance\/"]}]},{"@type":"BreadcrumbList","@id":"https:\/\/rubineta.com\/lv\/civil-liability-insurance\/#breadcrumb","itemListElement":[{"@type":"ListItem","position":1,"name":"Home","item":"https:\/\/rubineta.com\/lv\/"},{"@type":"ListItem","position":2,"name":"Civiltiesisk\u0101s atbild\u012bbas apdro\u0161in\u0101\u0161ana"}]},{"@type":"WebSite","@id":"https:\/\/rubineta.com\/#website","url":"https:\/\/rubineta.com\/","name":"Rubineta - Quality And Reliable Sanitary Fittings","description":"High Quality And Reliable Faucets","publisher":{"@id":"https:\/\/rubineta.com\/#organization"},"potentialAction":[{"@type":"SearchAction","target":{"@type":"EntryPoint","urlTemplate":"https:\/\/rubineta.com\/?s={search_term_string}"},"query-input":{"@type":"PropertyValueSpecification","valueRequired":true,"valueName":"search_term_string"}}],"inLanguage":"lv-LV"},{"@type":"Organization","@id":"https:\/\/rubineta.com\/#organization","name":"RUBINETA","url":"https:\/\/rubineta.com\/","logo":{"@type":"ImageObject","inLanguage":"lv-LV","@id":"https:\/\/rubineta.com\/#\/schema\/logo\/image\/","url":"https:\/\/rubineta.com\/wp-content\/uploads\/2020\/07\/RUBINETA-logo.jpg","contentUrl":"https:\/\/rubineta.com\/wp-content\/uploads\/2020\/07\/RUBINETA-logo.jpg","width":825,"height":456,"caption":"RUBINETA"},"image":{"@id":"https:\/\/rubineta.com\/#\/schema\/logo\/image\/"}}]}},"_links":{"self":[{"href":"https:\/\/rubineta.com\/lv\/wp-json\/wp\/v2\/pages\/11936","targetHints":{"allow":["GET"]}}],"collection":[{"href":"https:\/\/rubineta.com\/lv\/wp-json\/wp\/v2\/pages"}],"about":[{"href":"https:\/\/rubineta.com\/lv\/wp-json\/wp\/v2\/types\/page"}],"author":[{"embeddable":true,"href":"https:\/\/rubineta.com\/lv\/wp-json\/wp\/v2\/users\/1"}],"replies":[{"embeddable":true,"href":"https:\/\/rubineta.com\/lv\/wp-json\/wp\/v2\/comments?post=11936"}],"version-history":[{"count":0,"href":"https:\/\/rubineta.com\/lv\/wp-json\/wp\/v2\/pages\/11936\/revisions"}],"wp:attachment":[{"href":"https:\/\/rubineta.com\/lv\/wp-json\/wp\/v2\/media?parent=11936"}],"curies":[{"name":"wp","href":"https:\/\/api.w.org\/{rel}","templated":true}]}}