{"id":11992,"date":"2018-07-31T07:02:27","date_gmt":"2018-07-31T09:02:27","guid":{"rendered":"http:\/\/rubineta.com\/?page_id=11992"},"modified":"2022-01-10T07:10:02","modified_gmt":"2022-01-10T09:10:02","slug":"apie-rubineta","status":"publish","type":"page","link":"https:\/\/rubineta.com\/lv\/apie-rubineta\/","title":{"rendered":"Par RUBINETA"},"content":{"rendered":"<div id=\"pl-11992\"  class=\"panel-layout\" ><div id=\"pg-11992-0\"  class=\"panel-grid panel-has-style\" ><div class=\"panel-row-style panel-row-style-for-11992-0\" ><div id=\"pgc-11992-0-0\"  class=\"panel-grid-cell\" ><div id=\"panel-11992-0-0-0\" class=\"so-panel widget widget_nav_menu panel-first-child panel-last-child\" data-index=\"0\" ><div class=\"produktas-sidebar panel-widget-style panel-widget-style-for-11992-0-0-0\" ><h3 class=\"widget-title\">Iepaz\u012bstaties<\/h3><div class=\"menu-apie-imone-container\"><ul id=\"menu-apie-imone\" class=\"menu\"><li id=\"menu-item-16190\" class=\"menu-item menu-item-type-post_type menu-item-object-page menu-item-16190\"><a href=\"https:\/\/rubineta.com\/lv\/apie-rubineta\/\">Par komp\u0101nija<\/a><\/li>\n<li id=\"menu-item-16187\" class=\"menu-item menu-item-type-post_type menu-item-object-page menu-item-16187\"><a href=\"https:\/\/rubineta.com\/lv\/timeline\/\">Hronolo\u0123isks p\u0101rskats<\/a><\/li>\n<li id=\"menu-item-16189\" class=\"menu-item menu-item-type-post_type menu-item-object-page menu-item-16189\"><a href=\"https:\/\/rubineta.com\/lv\/kaip-gimsta-rubineta-maisytuvai\/\">K\u0101 tiek izgatavoti RUBINETA jauc\u0113jkr\u0101ni<\/a><\/li>\n<li id=\"menu-item-16188\" class=\"menu-item menu-item-type-post_type menu-item-object-page menu-item-16188\"><a href=\"https:\/\/rubineta.com\/lv\/career\/\">Karjera<\/a><\/li>\n<\/ul><\/div><\/div><\/div><\/div><div id=\"pgc-11992-0-1\"  class=\"panel-grid-cell\" ><div id=\"panel-11992-0-1-0\" class=\"so-panel widget widget_sow-editor panel-first-child\" data-index=\"1\" ><div class=\"shadow-box download-btn  panel-widget-style panel-widget-style-for-11992-0-1-0\" ><div\n\t\t\t\n\t\t\tclass=\"so-widget-sow-editor so-widget-sow-editor-base\"\n\t\t\t\n\t\t>\n<div class=\"siteorigin-widget-tinymce textwidget\">\n\t<h2><strong>Vienota profesion\u0101la komanda<br \/>\n<\/strong><\/h2>\n<div class=\"dash style-dark\"><\/div>\n<p>RUBINETA ir liel\u0101kais jauc\u0113jkr\u0101nu un to piederumu ra\u017eot\u0101js Baltijas valst\u012bs.<\/p>\n<p>RUBINETA tika dibin\u0101ta 1999. gad\u0101 Vi\u013c\u0146\u0101 (Lietuva). Vair\u0101k k\u0101 20 gadus uz\u0146\u0113mums sekm\u012bgi izstr\u0101d\u0101 un ra\u017eo uzticamu un ilgtsp\u0113j\u012bgu santehnikas apr\u012bkojumu. RUBINETA pied\u0101v\u0101 p\u0101rdom\u0101tus vannas un virtuves \u016bdensapg\u0101des sist\u0113mas risin\u0101jumus - s\u0101kot ar jauc\u0113jkr\u0101niem un beidzot ar du\u0161as kab\u012bn\u0113m un vannas aksesu\u0101riem.<br \/>\nRUBINETA produkti tiek p\u0101rdoti vair\u0101k nek\u0101 30 valst\u012bs vis\u0101 pasaul\u0113.<br \/>\nRUBINETA pre\u010du kl\u0101st\u0101 ir pla\u0161s jauc\u0113jkr\u0101nu pied\u0101v\u0101jums, k\u0101 ar\u012b ar to saist\u012btas sanit\u0101rtehnisk\u0101s iek\u0101rtas. RUBINETA ir integr\u0113ta profesion\u0101\u013cu komanda, kas sast\u0101v no projekt\u0113t\u0101jiem, in\u017eenieriem, m\u0101rketinga un p\u0101rdo\u0161anas speci\u0101listiem, kuri m\u0113r\u0137tiec\u012bgi virz\u0101s uz kop\u012bgu m\u0113r\u0137i. Maksim\u0101la uzman\u012bba tiek piev\u0113rsta sara\u017eot\u0101s preces kvalit\u0101tei un past\u0101v\u012bgai uzlabo\u0161anai.<\/p>\n<\/div>\n<\/div><\/div><\/div><div id=\"panel-11992-0-1-1\" class=\"so-panel widget widget_media_video panel-last-child\" data-index=\"2\" ><div style=\"width:100%;\" class=\"wp-video\"><!--[if lt IE 9]><script>document.createElement('video');<\/script><![endif]-->\n<video class=\"wp-video-shortcode\" id=\"video-11992-1\" preload=\"metadata\" controls=\"controls\"><source type=\"video\/youtube\" src=\"https:\/\/www.youtube.com\/watch?v=wROY1Lv9nz4&#038;_=1\" \/><a href=\"https:\/\/www.youtube.com\/watch?v=wROY1Lv9nz4\">https:\/\/www.youtube.com\/watch?v=wROY1Lv9nz4<\/a><\/video><\/div><\/div><\/div><\/div><\/div><div id=\"pg-11992-1\"  class=\"panel-grid panel-has-style\" ><div class=\"cta-home cta-dark siteorigin-panels-stretch lazy rocket-lazyload panel-row-style panel-row-style-for-11992-1\" data-stretch-type=\"full\" data-bg=\"https:\/\/rubineta.com\/wp-content\/uploads\/2018\/08\/rubineta-modena-cta.png\" ><div id=\"pgc-11992-1-0\"  class=\"panel-grid-cell panel-grid-cell-mobile-last\" ><div id=\"panel-11992-1-0-0\" class=\"so-panel widget widget_black-studio-tinymce widget_black_studio_tinymce panel-first-child panel-last-child\" data-index=\"3\" ><div class=\"animate animate-1 panel-widget-style panel-widget-style-for-11992-1-0-0\" ><div class=\"textwidget\"><p><span class=\"subtitle dash-true style-dark\">M\u016aSU PRECES<\/span><\/p>\n<h2>Skat\u012bt m\u016bsu pre\u010du katalogu<\/h2>\n<p><a href=\"\/series\/\" class=\"btn btn-btn-read-more arrow-right\" target=\"_self\"><span>Las\u012bt vair\u0101k<\/span><\/a><\/p>\n<\/div><\/div><\/div><\/div><div id=\"pgc-11992-1-1\"  class=\"panel-grid-cell panel-grid-cell-empty\" ><\/div><\/div><\/div><\/div>","protected":false},"excerpt":{"rendered":"<p>Vienota profesion\u0101la komanda RUBINETA ir liel\u0101kais jauc\u0113jkr\u0101nu un to piederumu ra\u017eot\u0101js Baltijas valst\u012bs. RUBINETA tika dibin\u0101ta 1999. gad\u0101 Vi\u013c\u0146\u0101 (Lietuva). [&hellip;]<\/p>\n","protected":false},"author":1,"featured_media":0,"parent":0,"menu_order":0,"comment_status":"closed","ping_status":"closed","template":"","meta":{"footnotes":""},"class_list":["post-11992","page","type-page","status-publish","hentry"],"yoast_head":"<!-- This site is optimized with the Yoast SEO plugin v23.9 - https:\/\/yoast.com\/wordpress\/plugins\/seo\/ -->\n<title>Apie RUBINET\u0104 | Lietuvos gamybos \u012fmon\u0117s \u012fk\u016brimas, istorija<\/title>\n<meta name=\"description\" content=\"Lietuvos gamybos \u012fmon\u0117s \u012fk\u016brimas, istorija. RUBINETA \u2013 rinkoje jau nuo 1999 met\u0173, \u017einomi daugelyje Europos bei NVS \u0161ali\u0173.\" \/>\n<meta name=\"robots\" content=\"index, follow, max-snippet:-1, max-image-preview:large, max-video-preview:-1\" \/>\n<link rel=\"canonical\" href=\"https:\/\/rubineta.com\/apie-rubineta\/\" \/>\n<meta name=\"twitter:label1\" content=\"Est. reading time\" \/>\n\t<meta name=\"twitter:data1\" content=\"2 minutes\" \/>\n<script type=\"application\/ld+json\" class=\"yoast-schema-graph\">{\"@context\":\"https:\/\/schema.org\",\"@graph\":[{\"@type\":\"WebPage\",\"@id\":\"https:\/\/rubineta.com\/apie-rubineta\/\",\"url\":\"https:\/\/rubineta.com\/apie-rubineta\/\",\"name\":\"Apie RUBINET\u0104 | Lietuvos gamybos \u012fmon\u0117s \u012fk\u016brimas, istorija\",\"isPartOf\":{\"@id\":\"https:\/\/rubineta.com\/#website\"},\"datePublished\":\"2018-07-31T09:02:27+00:00\",\"dateModified\":\"2022-01-10T09:10:02+00:00\",\"description\":\"Lietuvos gamybos \u012fmon\u0117s \u012fk\u016brimas, istorija. RUBINETA \u2013 rinkoje jau nuo 1999 met\u0173, \u017einomi daugelyje Europos bei NVS \u0161ali\u0173.\",\"breadcrumb\":{\"@id\":\"https:\/\/rubineta.com\/apie-rubineta\/#breadcrumb\"},\"inLanguage\":\"lv-LV\",\"potentialAction\":[{\"@type\":\"ReadAction\",\"target\":[\"https:\/\/rubineta.com\/apie-rubineta\/\"]}]},{\"@type\":\"BreadcrumbList\",\"@id\":\"https:\/\/rubineta.com\/apie-rubineta\/#breadcrumb\",\"itemListElement\":[{\"@type\":\"ListItem\",\"position\":1,\"name\":\"Home\",\"item\":\"https:\/\/rubineta.com\/lv\/\"},{\"@type\":\"ListItem\",\"position\":2,\"name\":\"Apie RUBINET\u0104\"}]},{\"@type\":\"WebSite\",\"@id\":\"https:\/\/rubineta.com\/#website\",\"url\":\"https:\/\/rubineta.com\/\",\"name\":\"Rubineta - Quality And Reliable Sanitary Fittings\",\"description\":\"High Quality And Reliable Faucets\",\"publisher\":{\"@id\":\"https:\/\/rubineta.com\/#organization\"},\"potentialAction\":[{\"@type\":\"SearchAction\",\"target\":{\"@type\":\"EntryPoint\",\"urlTemplate\":\"https:\/\/rubineta.com\/?s={search_term_string}\"},\"query-input\":{\"@type\":\"PropertyValueSpecification\",\"valueRequired\":true,\"valueName\":\"search_term_string\"}}],\"inLanguage\":\"lv-LV\"},{\"@type\":\"Organization\",\"@id\":\"https:\/\/rubineta.com\/#organization\",\"name\":\"RUBINETA\",\"url\":\"https:\/\/rubineta.com\/\",\"logo\":{\"@type\":\"ImageObject\",\"inLanguage\":\"lv-LV\",\"@id\":\"https:\/\/rubineta.com\/#\/schema\/logo\/image\/\",\"url\":\"https:\/\/rubineta.com\/wp-content\/uploads\/2020\/07\/RUBINETA-logo.jpg\",\"contentUrl\":\"https:\/\/rubineta.com\/wp-content\/uploads\/2020\/07\/RUBINETA-logo.jpg\",\"width\":825,\"height\":456,\"caption\":\"RUBINETA\"},\"image\":{\"@id\":\"https:\/\/rubineta.com\/#\/schema\/logo\/image\/\"}}]}<\/script>\n<!-- \/ Yoast SEO plugin. -->","yoast_head_json":{"title":"Apie RUBINET\u0104 | Lietuvos gamybos \u012fmon\u0117s \u012fk\u016brimas, istorija","description":"Lietuvos gamybos \u012fmon\u0117s \u012fk\u016brimas, istorija. RUBINETA \u2013 rinkoje jau nuo 1999 met\u0173, \u017einomi daugelyje Europos bei NVS \u0161ali\u0173.","robots":{"index":"index","follow":"follow","max-snippet":"max-snippet:-1","max-image-preview":"max-image-preview:large","max-video-preview":"max-video-preview:-1"},"canonical":"https:\/\/rubineta.com\/apie-rubineta\/","twitter_misc":{"Est. reading time":"2 minutes"},"schema":{"@context":"https:\/\/schema.org","@graph":[{"@type":"WebPage","@id":"https:\/\/rubineta.com\/apie-rubineta\/","url":"https:\/\/rubineta.com\/apie-rubineta\/","name":"Apie RUBINET\u0104 | Lietuvos gamybos \u012fmon\u0117s \u012fk\u016brimas, istorija","isPartOf":{"@id":"https:\/\/rubineta.com\/#website"},"datePublished":"2018-07-31T09:02:27+00:00","dateModified":"2022-01-10T09:10:02+00:00","description":"Lietuvos gamybos \u012fmon\u0117s \u012fk\u016brimas, istorija. RUBINETA \u2013 rinkoje jau nuo 1999 met\u0173, \u017einomi daugelyje Europos bei NVS \u0161ali\u0173.","breadcrumb":{"@id":"https:\/\/rubineta.com\/apie-rubineta\/#breadcrumb"},"inLanguage":"lv-LV","potentialAction":[{"@type":"ReadAction","target":["https:\/\/rubineta.com\/apie-rubineta\/"]}]},{"@type":"BreadcrumbList","@id":"https:\/\/rubineta.com\/apie-rubineta\/#breadcrumb","itemListElement":[{"@type":"ListItem","position":1,"name":"Home","item":"https:\/\/rubineta.com\/lv\/"},{"@type":"ListItem","position":2,"name":"Apie RUBINET\u0104"}]},{"@type":"WebSite","@id":"https:\/\/rubineta.com\/#website","url":"https:\/\/rubineta.com\/","name":"Rubineta - Quality And Reliable Sanitary Fittings","description":"High Quality And Reliable Faucets","publisher":{"@id":"https:\/\/rubineta.com\/#organization"},"potentialAction":[{"@type":"SearchAction","target":{"@type":"EntryPoint","urlTemplate":"https:\/\/rubineta.com\/?s={search_term_string}"},"query-input":{"@type":"PropertyValueSpecification","valueRequired":true,"valueName":"search_term_string"}}],"inLanguage":"lv-LV"},{"@type":"Organization","@id":"https:\/\/rubineta.com\/#organization","name":"RUBINETA","url":"https:\/\/rubineta.com\/","logo":{"@type":"ImageObject","inLanguage":"lv-LV","@id":"https:\/\/rubineta.com\/#\/schema\/logo\/image\/","url":"https:\/\/rubineta.com\/wp-content\/uploads\/2020\/07\/RUBINETA-logo.jpg","contentUrl":"https:\/\/rubineta.com\/wp-content\/uploads\/2020\/07\/RUBINETA-logo.jpg","width":825,"height":456,"caption":"RUBINETA"},"image":{"@id":"https:\/\/rubineta.com\/#\/schema\/logo\/image\/"}}]}},"_links":{"self":[{"href":"https:\/\/rubineta.com\/lv\/wp-json\/wp\/v2\/pages\/11992","targetHints":{"allow":["GET"]}}],"collection":[{"href":"https:\/\/rubineta.com\/lv\/wp-json\/wp\/v2\/pages"}],"about":[{"href":"https:\/\/rubineta.com\/lv\/wp-json\/wp\/v2\/types\/page"}],"author":[{"embeddable":true,"href":"https:\/\/rubineta.com\/lv\/wp-json\/wp\/v2\/users\/1"}],"replies":[{"embeddable":true,"href":"https:\/\/rubineta.com\/lv\/wp-json\/wp\/v2\/comments?post=11992"}],"version-history":[{"count":12,"href":"https:\/\/rubineta.com\/lv\/wp-json\/wp\/v2\/pages\/11992\/revisions"}],"predecessor-version":[{"id":24643,"href":"https:\/\/rubineta.com\/lv\/wp-json\/wp\/v2\/pages\/11992\/revisions\/24643"}],"wp:attachment":[{"href":"https:\/\/rubineta.com\/lv\/wp-json\/wp\/v2\/media?parent=11992"}],"curies":[{"name":"wp","href":"https:\/\/api.w.org\/{rel}","templated":true}]}}