{"id":12050,"date":"2018-07-31T08:47:41","date_gmt":"2018-07-31T10:47:41","guid":{"rendered":"http:\/\/rubineta.com\/?page_id=12050"},"modified":"2021-06-30T09:47:00","modified_gmt":"2021-06-30T11:47:00","slug":"kaip-gimsta-rubineta-maisytuvai","status":"publish","type":"page","link":"https:\/\/rubineta.com\/lv\/kaip-gimsta-rubineta-maisytuvai\/","title":{"rendered":"K\u0101 tiek izgatavoti RUBINETA jauc\u0113jkr\u0101ni"},"content":{"rendered":"<div id=\"pl-12050\"  class=\"panel-layout\" ><div id=\"pg-12050-0\"  class=\"panel-grid panel-has-style\" ><div class=\"siteorigin-panels-stretch lazy rocket-lazyload panel-row-style panel-row-style-for-12050-0\" data-stretch-type=\"full\" data-bg=\"https:\/\/rubineta.com\/wp-content\/uploads\/2018\/08\/rubineta-kaip-gimsta-maisytuvai.jpg\" ><div id=\"pgc-12050-0-0\"  class=\"panel-grid-cell\" ><div id=\"panel-12050-0-0-0\" class=\"so-panel widget widget_nav_menu panel-first-child panel-last-child\" data-index=\"0\" ><div class=\"produktas-sidebar panel-widget-style panel-widget-style-for-12050-0-0-0\" ><h3 class=\"widget-title\">Iepaz\u012bstaties<\/h3><div class=\"menu-apie-imone-container\"><ul id=\"menu-apie-imone\" class=\"menu\"><li id=\"menu-item-16190\" class=\"menu-item menu-item-type-post_type menu-item-object-page menu-item-16190\"><a href=\"https:\/\/rubineta.com\/lv\/apie-rubineta\/\">Par komp\u0101nija<\/a><\/li>\n<li id=\"menu-item-16187\" class=\"menu-item menu-item-type-post_type menu-item-object-page menu-item-16187\"><a href=\"https:\/\/rubineta.com\/lv\/timeline\/\">Hronolo\u0123isks p\u0101rskats<\/a><\/li>\n<li id=\"menu-item-16189\" class=\"menu-item menu-item-type-post_type menu-item-object-page menu-item-16189\"><a href=\"https:\/\/rubineta.com\/lv\/kaip-gimsta-rubineta-maisytuvai\/\">K\u0101 tiek izgatavoti RUBINETA jauc\u0113jkr\u0101ni<\/a><\/li>\n<li id=\"menu-item-16188\" class=\"menu-item menu-item-type-post_type menu-item-object-page menu-item-16188\"><a href=\"https:\/\/rubineta.com\/lv\/career\/\">Karjera<\/a><\/li>\n<\/ul><\/div><\/div><\/div><\/div><div id=\"pgc-12050-0-1\"  class=\"panel-grid-cell\" ><div id=\"panel-12050-0-1-0\" class=\"so-panel widget widget_sow-editor panel-first-child panel-last-child\" data-index=\"1\" ><div class=\"shadow-box o animate animate-1 download-btn panel-widget-style panel-widget-style-for-12050-0-1-0\" ><div\n\t\t\t\n\t\t\tclass=\"so-widget-sow-editor so-widget-sow-editor-base\"\n\t\t\t\n\t\t>\n<div class=\"siteorigin-widget-tinymce textwidget\">\n\t<h2><strong>RUBINETA jauc\u0113jkr\u0101ni<\/strong><\/h2>\n<div class=\"dash style-dark\"><\/div>\n<p>Katra jauna RUBINETA produkta izstr\u0101de s\u0101kas ar visaptvero\u0161u anal\u012bzi, sekojot pa\u0161reiz\u0113j\u0101m tendenc\u0113m un optimiz\u0113jot klientu vajadz\u012bbas.<\/p>\n<\/div>\n<\/div><\/div><\/div><\/div><\/div><\/div><div id=\"pg-12050-1\"  class=\"panel-grid panel-has-style\" ><div class=\"siteorigin-panels-stretch panel-row-style panel-row-style-for-12050-1\" data-stretch-type=\"full\" ><div id=\"pgc-12050-1-0\"  class=\"panel-grid-cell\" ><div id=\"panel-12050-1-0-0\" class=\"so-panel widget widget_media_video panel-first-child panel-last-child\" data-index=\"2\" ><div class=\"shadow-box  panel-widget-style panel-widget-style-for-12050-1-0-0\" ><div style=\"width:100%;\" class=\"wp-video\"><!--[if lt IE 9]><script>document.createElement('video');<\/script><![endif]-->\n<video class=\"wp-video-shortcode\" id=\"video-12050-1\" preload=\"metadata\" controls=\"controls\"><source type=\"video\/youtube\" src=\"https:\/\/www.youtube.com\/watch?v=WgQiDaF7R2k&#038;_=1\" \/><a href=\"https:\/\/www.youtube.com\/watch?v=WgQiDaF7R2k\">https:\/\/www.youtube.com\/watch?v=WgQiDaF7R2k<\/a><\/video><\/div><\/div><\/div><\/div><div id=\"pgc-12050-1-1\"  class=\"panel-grid-cell\" ><div id=\"panel-12050-1-1-0\" class=\"so-panel widget widget_sow-editor panel-first-child panel-last-child\" data-index=\"3\" ><div class=\"shadow-box  animate animate-1 download-btn panel-widget-style panel-widget-style-for-12050-1-1-0\" ><div\n\t\t\t\n\t\t\tclass=\"so-widget-sow-editor so-widget-sow-editor-base\"\n\t\t\t\n\t\t>\n<div class=\"siteorigin-widget-tinymce textwidget\">\n\t<h2><strong>Projekt\u0113\u0161ana<\/strong><\/h2>\n<div class=\"dash style-dark\"><\/div>\n<p>P\u0113c jaunu tenden\u010du un tehnolo\u0123iju izp\u0113tes dizaineri s\u0101k z\u012bm\u0113t jauno RUBINETA jauc\u0113jkr\u0101nu un du\u0161as iek\u0101rtu skices. N\u0101kamais solis ir 3D model\u0113\u0161ana. 3D modelis pal\u012bdz noteikt produkta ergonomiku, lietojam\u012bbu, dizainu un funkcionalit\u0101ti.<\/p>\n<\/div>\n<\/div><\/div><\/div><\/div><\/div><\/div><div id=\"pg-12050-2\"  class=\"panel-grid panel-has-style\" ><div class=\"siteorigin-panels-stretch panel-row-style panel-row-style-for-12050-2\" data-stretch-type=\"full\" ><div id=\"pgc-12050-2-0\"  class=\"panel-grid-cell\" ><div id=\"panel-12050-2-0-0\" class=\"so-panel widget widget_sow-editor panel-first-child panel-last-child\" data-index=\"4\" ><div class=\"shadow-box  animate animate-1 download-btn panel-widget-style panel-widget-style-for-12050-2-0-0\" ><div\n\t\t\t\n\t\t\tclass=\"so-widget-sow-editor so-widget-sow-editor-base\"\n\t\t\t\n\t\t>\n<div class=\"siteorigin-widget-tinymce textwidget\">\n\t<h2><strong>P\u0101rbaude<\/strong><\/h2>\n<div class=\"dash style-dark\"><\/div>\n<p>RUBINETA \u012bsteno stingru kvalit\u0101tes kontroli, izv\u0113loties vispasaules ra\u017eot\u0101ju materi\u0101lus un komponentes. Profesion\u0101\u013cu komanda kontrol\u0113 izejvielu \u0137\u012bmisko sast\u0101vu, fizik\u0101l\u0101s \u012bpa\u0161\u012bbas un ra\u017eo\u0161anas tehnolo\u0123ijas atbilsto\u0161i kvalit\u0101tes standartu pras\u012bb\u0101m. Visi klienti var b\u016bt p\u0101rliecin\u0101ti, ka RUBINETA produkcijai ir augst\u0101k\u0101 kvalit\u0101te - 100% produkcijas ir piln\u012bb\u0101 p\u0101rbaud\u012bti.<\/p>\n<\/div>\n<\/div><\/div><\/div><\/div><div id=\"pgc-12050-2-1\"  class=\"panel-grid-cell\" ><div id=\"panel-12050-2-1-0\" class=\"so-panel widget widget_media_video panel-first-child panel-last-child\" data-index=\"5\" ><div style=\"width:100%;\" class=\"wp-video\"><video class=\"wp-video-shortcode\" id=\"video-12050-2\" preload=\"metadata\" controls=\"controls\"><source type=\"video\/youtube\" src=\"https:\/\/www.youtube.com\/watch?v=ReEFMynVvzs&#038;_=2\" \/><a href=\"https:\/\/www.youtube.com\/watch?v=ReEFMynVvzs\">https:\/\/www.youtube.com\/watch?v=ReEFMynVvzs<\/a><\/video><\/div><\/div><\/div><\/div><\/div><div id=\"pg-12050-3\"  class=\"panel-grid panel-has-style\" ><div class=\"siteorigin-panels-stretch panel-row-style panel-row-style-for-12050-3\" data-stretch-type=\"full\" ><div id=\"pgc-12050-3-0\"  class=\"panel-grid-cell\" ><div id=\"panel-12050-3-0-0\" class=\"so-panel widget widget_media_video panel-first-child panel-last-child\" data-index=\"6\" ><div style=\"width:100%;\" class=\"wp-video\"><video class=\"wp-video-shortcode\" id=\"video-12050-3\" preload=\"metadata\" controls=\"controls\"><source type=\"video\/youtube\" src=\"https:\/\/www.youtube.com\/watch?v=Yi7J2tg6okw&#038;_=3\" \/><a href=\"https:\/\/www.youtube.com\/watch?v=Yi7J2tg6okw\">https:\/\/www.youtube.com\/watch?v=Yi7J2tg6okw<\/a><\/video><\/div><\/div><\/div><div id=\"pgc-12050-3-1\"  class=\"panel-grid-cell\" ><div id=\"panel-12050-3-1-0\" class=\"so-panel widget widget_sow-editor panel-first-child panel-last-child\" data-index=\"7\" ><div class=\"shadow-box animate animate-1 download-btn panel-widget-style panel-widget-style-for-12050-3-1-0\" ><div\n\t\t\t\n\t\t\tclass=\"so-widget-sow-editor so-widget-sow-editor-base\"\n\t\t\t\n\t\t>\n<div class=\"siteorigin-widget-tinymce textwidget\">\n\t<h2><strong>Lo\u0123istika<\/strong><\/h2>\n<div class=\"dash style-dark\"><\/div>\n<p>Katrs klients mums ir svar\u012bgs, t\u0101p\u0113c m\u0113s \u0101tri apstr\u0101d\u0101jam pas\u016bt\u012bjumus un pieg\u0101d\u0101jam gatavo produkciju tie\u0161i no m\u016bsu 2500 kvadr\u0101tmetru pla\u0161\u0101s noliktavas! Pa\u0161laik m\u0113s sadarbojamies ar 32 valst\u012bm Eirop\u0101 un \u0100zij\u0101.<\/p>\n<\/div>\n<\/div><\/div><\/div><\/div><\/div><\/div><div id=\"pg-12050-4\"  class=\"panel-grid panel-has-style\" ><div class=\"cta-home cta-dark siteorigin-panels-stretch lazy rocket-lazyload panel-row-style panel-row-style-for-12050-4\" data-stretch-type=\"full\" data-bg=\"https:\/\/rubineta.com\/wp-content\/uploads\/2018\/08\/rubineta-modena-cta.png\" ><div id=\"pgc-12050-4-0\"  class=\"panel-grid-cell panel-grid-cell-mobile-last\" ><div id=\"panel-12050-4-0-0\" class=\"so-panel widget widget_black-studio-tinymce widget_black_studio_tinymce panel-first-child panel-last-child\" data-index=\"8\" ><div class=\"animate animate-1 panel-widget-style panel-widget-style-for-12050-4-0-0\" ><div class=\"textwidget\"><p><span class=\"subtitle dash-true style-dark\">M\u016aSU PRECES<\/span><\/p>\n<h2>Skat\u012bt m\u016bsu pre\u010du katalogu<\/h2>\n<p><a href=\"\/series\/\" class=\"btn btn-btn-read-more arrow-right\" target=\"_self\"><span>Las\u012bt vair\u0101k<\/span><\/a><\/p>\n<\/div><\/div><\/div><\/div><div id=\"pgc-12050-4-1\"  class=\"panel-grid-cell panel-grid-cell-empty\" ><\/div><\/div><\/div><\/div>","protected":false},"excerpt":{"rendered":"<p>RUBINETA jauc\u0113jkr\u0101ni Katra jauna RUBINETA produkta izstr\u0101de s\u0101kas ar visaptvero\u0161u anal\u012bzi, sekojot pa\u0161reiz\u0113j\u0101m tendenc\u0113m un optimiz\u0113jot klientu vajadz\u012bbas. Projekt\u0113\u0161ana P\u0113c [&hellip;]<\/p>\n","protected":false},"author":1,"featured_media":0,"parent":0,"menu_order":0,"comment_status":"closed","ping_status":"closed","template":"","meta":{"footnotes":""},"class_list":["post-12050","page","type-page","status-publish","hentry"],"yoast_head":"<!-- This site is optimized with the Yoast SEO plugin v23.9 - https:\/\/yoast.com\/wordpress\/plugins\/seo\/ -->\n<title>K\u0101 tiek izgatavoti RUBINETA jauc\u0113jkr\u0101ni | RUBINETA mai\u0161ytuv\u0173 k\u016brimas<\/title>\n<meta name=\"description\" content=\"Kiekvieno naujo RUBINETA produkto k\u016brimas prasideda nuo i\u0161samios analiz\u0117s, \u0161iuolaikini\u0173 tendencij\u0173 steb\u0117jimo ir klient\u0173 poreiki\u0173 i\u0161gryninimo.\" \/>\n<meta name=\"robots\" content=\"index, follow, max-snippet:-1, max-image-preview:large, max-video-preview:-1\" \/>\n<link rel=\"canonical\" href=\"https:\/\/rubineta.com\/kaip-gimsta-rubineta-maisytuvai\/\" \/>\n<meta name=\"twitter:label1\" content=\"Est. reading time\" \/>\n\t<meta name=\"twitter:data1\" content=\"3 minutes\" \/>\n<script type=\"application\/ld+json\" class=\"yoast-schema-graph\">{\"@context\":\"https:\/\/schema.org\",\"@graph\":[{\"@type\":\"WebPage\",\"@id\":\"https:\/\/rubineta.com\/kaip-gimsta-rubineta-maisytuvai\/\",\"url\":\"https:\/\/rubineta.com\/kaip-gimsta-rubineta-maisytuvai\/\",\"name\":\"[:lt]Kaip gimsta RUBINETA mai\u0161ytuvai[:en]How RUBINETA faucets are made[:ru]\u041a\u0430\u043a \u0440\u043e\u0436\u0434\u0430\u044e\u0442\u0441\u044f \u0441\u043c\u0435\u0441\u0438\u0442\u0435\u043b\u0438 RUBINET\u0410[:lv]K\u0101 tiek izgatavoti RUBINETA jauc\u0113jkr\u0101ni[:] | RUBINETA mai\u0161ytuv\u0173 k\u016brimas\",\"isPartOf\":{\"@id\":\"https:\/\/rubineta.com\/#website\"},\"datePublished\":\"2018-07-31T10:47:41+00:00\",\"dateModified\":\"2021-06-30T11:47:00+00:00\",\"description\":\"Kiekvieno naujo RUBINETA produkto k\u016brimas prasideda nuo i\u0161samios analiz\u0117s, \u0161iuolaikini\u0173 tendencij\u0173 steb\u0117jimo ir klient\u0173 poreiki\u0173 i\u0161gryninimo.\",\"breadcrumb\":{\"@id\":\"https:\/\/rubineta.com\/kaip-gimsta-rubineta-maisytuvai\/#breadcrumb\"},\"inLanguage\":\"lv-LV\",\"potentialAction\":[{\"@type\":\"ReadAction\",\"target\":[\"https:\/\/rubineta.com\/kaip-gimsta-rubineta-maisytuvai\/\"]}]},{\"@type\":\"BreadcrumbList\",\"@id\":\"https:\/\/rubineta.com\/kaip-gimsta-rubineta-maisytuvai\/#breadcrumb\",\"itemListElement\":[{\"@type\":\"ListItem\",\"position\":1,\"name\":\"Home\",\"item\":\"https:\/\/rubineta.com\/lv\/\"},{\"@type\":\"ListItem\",\"position\":2,\"name\":\"Kaip gimsta RUBINETA mai\u0161ytuvai\"}]},{\"@type\":\"WebSite\",\"@id\":\"https:\/\/rubineta.com\/#website\",\"url\":\"https:\/\/rubineta.com\/\",\"name\":\"Rubineta - Quality And Reliable Sanitary Fittings\",\"description\":\"High Quality And Reliable Faucets\",\"publisher\":{\"@id\":\"https:\/\/rubineta.com\/#organization\"},\"potentialAction\":[{\"@type\":\"SearchAction\",\"target\":{\"@type\":\"EntryPoint\",\"urlTemplate\":\"https:\/\/rubineta.com\/?s={search_term_string}\"},\"query-input\":{\"@type\":\"PropertyValueSpecification\",\"valueRequired\":true,\"valueName\":\"search_term_string\"}}],\"inLanguage\":\"lv-LV\"},{\"@type\":\"Organization\",\"@id\":\"https:\/\/rubineta.com\/#organization\",\"name\":\"RUBINETA\",\"url\":\"https:\/\/rubineta.com\/\",\"logo\":{\"@type\":\"ImageObject\",\"inLanguage\":\"lv-LV\",\"@id\":\"https:\/\/rubineta.com\/#\/schema\/logo\/image\/\",\"url\":\"https:\/\/rubineta.com\/wp-content\/uploads\/2020\/07\/RUBINETA-logo.jpg\",\"contentUrl\":\"https:\/\/rubineta.com\/wp-content\/uploads\/2020\/07\/RUBINETA-logo.jpg\",\"width\":825,\"height\":456,\"caption\":\"RUBINETA\"},\"image\":{\"@id\":\"https:\/\/rubineta.com\/#\/schema\/logo\/image\/\"}}]}<\/script>\n<!-- \/ Yoast SEO plugin. -->","yoast_head_json":{"title":"[:lt]Kaip gimsta RUBINETA mai\u0161ytuvai[:en]How RUBINETA faucets are made[:ru]\u041a\u0430\u043a \u0440\u043e\u0436\u0434\u0430\u044e\u0442\u0441\u044f \u0441\u043c\u0435\u0441\u0438\u0442\u0435\u043b\u0438 RUBINET\u0410[:lv]K\u0101 tiek izgatavoti RUBINETA jauc\u0113jkr\u0101ni[:] | RUBINETA mai\u0161ytuv\u0173 k\u016brimas","description":"Kiekvieno naujo RUBINETA produkto k\u016brimas prasideda nuo i\u0161samios analiz\u0117s, \u0161iuolaikini\u0173 tendencij\u0173 steb\u0117jimo ir klient\u0173 poreiki\u0173 i\u0161gryninimo.","robots":{"index":"index","follow":"follow","max-snippet":"max-snippet:-1","max-image-preview":"max-image-preview:large","max-video-preview":"max-video-preview:-1"},"canonical":"https:\/\/rubineta.com\/kaip-gimsta-rubineta-maisytuvai\/","twitter_misc":{"Est. reading time":"3 minutes"},"schema":{"@context":"https:\/\/schema.org","@graph":[{"@type":"WebPage","@id":"https:\/\/rubineta.com\/kaip-gimsta-rubineta-maisytuvai\/","url":"https:\/\/rubineta.com\/kaip-gimsta-rubineta-maisytuvai\/","name":"[:lt]Kaip gimsta RUBINETA mai\u0161ytuvai[:en]How RUBINETA faucets are made[:ru]\u041a\u0430\u043a \u0440\u043e\u0436\u0434\u0430\u044e\u0442\u0441\u044f \u0441\u043c\u0435\u0441\u0438\u0442\u0435\u043b\u0438 RUBINET\u0410[:lv]K\u0101 tiek izgatavoti RUBINETA jauc\u0113jkr\u0101ni[:] | RUBINETA mai\u0161ytuv\u0173 k\u016brimas","isPartOf":{"@id":"https:\/\/rubineta.com\/#website"},"datePublished":"2018-07-31T10:47:41+00:00","dateModified":"2021-06-30T11:47:00+00:00","description":"Kiekvieno naujo RUBINETA produkto k\u016brimas prasideda nuo i\u0161samios analiz\u0117s, \u0161iuolaikini\u0173 tendencij\u0173 steb\u0117jimo ir klient\u0173 poreiki\u0173 i\u0161gryninimo.","breadcrumb":{"@id":"https:\/\/rubineta.com\/kaip-gimsta-rubineta-maisytuvai\/#breadcrumb"},"inLanguage":"lv-LV","potentialAction":[{"@type":"ReadAction","target":["https:\/\/rubineta.com\/kaip-gimsta-rubineta-maisytuvai\/"]}]},{"@type":"BreadcrumbList","@id":"https:\/\/rubineta.com\/kaip-gimsta-rubineta-maisytuvai\/#breadcrumb","itemListElement":[{"@type":"ListItem","position":1,"name":"Home","item":"https:\/\/rubineta.com\/lv\/"},{"@type":"ListItem","position":2,"name":"Kaip gimsta RUBINETA mai\u0161ytuvai"}]},{"@type":"WebSite","@id":"https:\/\/rubineta.com\/#website","url":"https:\/\/rubineta.com\/","name":"Rubineta - Quality And Reliable Sanitary Fittings","description":"High Quality And Reliable Faucets","publisher":{"@id":"https:\/\/rubineta.com\/#organization"},"potentialAction":[{"@type":"SearchAction","target":{"@type":"EntryPoint","urlTemplate":"https:\/\/rubineta.com\/?s={search_term_string}"},"query-input":{"@type":"PropertyValueSpecification","valueRequired":true,"valueName":"search_term_string"}}],"inLanguage":"lv-LV"},{"@type":"Organization","@id":"https:\/\/rubineta.com\/#organization","name":"RUBINETA","url":"https:\/\/rubineta.com\/","logo":{"@type":"ImageObject","inLanguage":"lv-LV","@id":"https:\/\/rubineta.com\/#\/schema\/logo\/image\/","url":"https:\/\/rubineta.com\/wp-content\/uploads\/2020\/07\/RUBINETA-logo.jpg","contentUrl":"https:\/\/rubineta.com\/wp-content\/uploads\/2020\/07\/RUBINETA-logo.jpg","width":825,"height":456,"caption":"RUBINETA"},"image":{"@id":"https:\/\/rubineta.com\/#\/schema\/logo\/image\/"}}]}},"_links":{"self":[{"href":"https:\/\/rubineta.com\/lv\/wp-json\/wp\/v2\/pages\/12050","targetHints":{"allow":["GET"]}}],"collection":[{"href":"https:\/\/rubineta.com\/lv\/wp-json\/wp\/v2\/pages"}],"about":[{"href":"https:\/\/rubineta.com\/lv\/wp-json\/wp\/v2\/types\/page"}],"author":[{"embeddable":true,"href":"https:\/\/rubineta.com\/lv\/wp-json\/wp\/v2\/users\/1"}],"replies":[{"embeddable":true,"href":"https:\/\/rubineta.com\/lv\/wp-json\/wp\/v2\/comments?post=12050"}],"version-history":[{"count":4,"href":"https:\/\/rubineta.com\/lv\/wp-json\/wp\/v2\/pages\/12050\/revisions"}],"predecessor-version":[{"id":24298,"href":"https:\/\/rubineta.com\/lv\/wp-json\/wp\/v2\/pages\/12050\/revisions\/24298"}],"wp:attachment":[{"href":"https:\/\/rubineta.com\/lv\/wp-json\/wp\/v2\/media?parent=12050"}],"curies":[{"name":"wp","href":"https:\/\/api.w.org\/{rel}","templated":true}]}}