{"id":12264,"date":"2018-08-13T02:39:38","date_gmt":"2018-08-13T04:39:38","guid":{"rendered":"http:\/\/rubineta.com\/?page_id=12264"},"modified":"2022-06-24T08:05:18","modified_gmt":"2022-06-24T10:05:18","slug":"rubineta-kontaktai","status":"publish","type":"page","link":"https:\/\/rubineta.com\/lv\/rubineta-kontaktai\/","title":{"rendered":"RUBINETA kontaktpersonas"},"content":{"rendered":"<div id=\"pl-12264\"  class=\"panel-layout\" ><div id=\"pg-12264-0\"  class=\"panel-grid panel-has-style\" ><div class=\"contacts panel-row-style panel-row-style-for-12264-0\" ><div id=\"pgc-12264-0-0\"  class=\"panel-grid-cell\" ><div id=\"panel-12264-0-0-0\" class=\"so-panel widget widget_nav_menu panel-first-child panel-last-child\" data-index=\"0\" ><div class=\"produktas-sidebar panel-widget-style panel-widget-style-for-12264-0-0-0\" ><h3 class=\"widget-title\">Kontaktinform\u0101cija<\/h3><div class=\"menu-kontaktine-info-container\"><ul id=\"menu-kontaktine-info\" class=\"menu\"><li id=\"menu-item-12305\" class=\"menu-item menu-item-type-post_type menu-item-object-page menu-item-12305\"><a href=\"https:\/\/rubineta.com\/lv\/rubineta-kontaktai\/\">RUBINETA kontaktpersonas<\/a><\/li>\n<li id=\"menu-item-12341\" class=\"menu-item menu-item-type-post_type menu-item-object-page menu-item-12341\"><a href=\"https:\/\/rubineta.com\/lv\/representative-offices\/\">RUBINETA p\u0101rst\u0101vji<\/a><\/li>\n<li id=\"menu-item-12346\" class=\"menu-item menu-item-type-post_type menu-item-object-page menu-item-12346\"><a href=\"https:\/\/rubineta.com\/lv\/warranty-service\/\">Garantijas apkalpo\u0161ana<\/a><\/li>\n<li id=\"menu-item-12384\" class=\"menu-item menu-item-type-post_type menu-item-object-page menu-item-12384\"><a href=\"https:\/\/rubineta.com\/lv\/career-contacts\/\">Karjera<\/a><\/li>\n<\/ul><\/div><\/div><\/div><\/div><div id=\"pgc-12264-0-1\"  class=\"panel-grid-cell\" ><div id=\"panel-12264-0-1-0\" class=\"so-panel widget widget_black-studio-tinymce widget_black_studio_tinymce panel-first-child\" data-index=\"1\" ><div class=\"textwidget\"><p><span class=\"subtitle dash-true style-dark\">Kontaktinform\u0101cija<\/span><\/p>\n<h2>Kontaktinform\u0101cija<\/h2>\n<\/div><\/div><div id=\"panel-12264-0-1-1\" class=\"so-panel widget widget_interico_feature_box\" data-index=\"2\" ><div class=\"contact-icons panel-widget-style panel-widget-style-for-12264-0-1-1\" >\n\t\t<!-- Begin Feature box -->\n\t\t\n\t\t\t<div class=\"feature-box icon-large-left box-unboxed\">\n\n\t\t\t\t\t\t\t\t\t<i class=\"fa fa-map-marker\"><\/i>\n\t\t\t\t\n\t\t\t\t<div class=\"content-wrapper\">\n\n\t\t\t\t\t\t\t\t\t\t\t<h3 class=\"feature-title\">Adrese<\/h3>\n\t\t\t\t\t\n\t\t\t\t\t\t\t\t\t\t\t<p class=\"feature-text\">Motor\u0173 6, LT-02190, Vi\u013c\u0146a, Lietuva<\/p>\n\t\t\t\t\t\n\t\t\t\t\t\n\t\t\t\t<\/div>\n\n\t\t\t<\/div>\n\n\t\t\t\t<!-- End Feature box -->\n\n\t\t<\/div><\/div><div id=\"panel-12264-0-1-2\" class=\"so-panel widget widget_interico_feature_box\" data-index=\"3\" ><div class=\"contact-icons panel-widget-style panel-widget-style-for-12264-0-1-2\" >\n\t\t<!-- Begin Feature box -->\n\t\t\n\t\t\t<div class=\"feature-box icon-large-left box-unboxed\">\n\n\t\t\t\t\t\t\t\t\t<i class=\"fa fa-phone\"><\/i>\n\t\t\t\t\n\t\t\t\t<div class=\"content-wrapper\">\n\n\t\t\t\t\t\t\t\t\t\t\t<h3 class=\"feature-title\">T\u0101lr.:<\/h3>\n\t\t\t\t\t\n\t\t\t\t\t\t\t\t\t\t\t<p class=\"feature-text\">+370 5 2306036<\/p>\n\t\t\t\t\t\n\t\t\t\t\t\n\t\t\t\t<\/div>\n\n\t\t\t<\/div>\n\n\t\t\t\t<!-- End Feature box -->\n\n\t\t<\/div><\/div><div id=\"panel-12264-0-1-3\" class=\"so-panel widget widget_interico_feature_box panel-last-child\" data-index=\"4\" ><div class=\"contact-icons panel-widget-style panel-widget-style-for-12264-0-1-3\" >\n\t\t<!-- Begin Feature box -->\n\t\t\t\t\t<a href=\"mailto:hello@rubineta.com\">\n\t\t\n\t\t\t<div class=\"feature-box icon-large-left box-unboxed\">\n\n\t\t\t\t\t\t\t\t\t<i class=\"fa fa-envelope\"><\/i>\n\t\t\t\t\n\t\t\t\t<div class=\"content-wrapper\">\n\n\t\t\t\t\t\t\t\t\t\t\t<h3 class=\"feature-title\">E-pasts:<\/h3>\n\t\t\t\t\t\n\t\t\t\t\t\t\t\t\t\t\t<p class=\"feature-text\">hello@rubineta.com<\/p>\n\t\t\t\t\t\n\t\t\t\t\t\n\t\t\t\t<\/div>\n\n\t\t\t<\/div>\n\n\t\t\t\t\t<\/a>\n\t\t\t\t<!-- End Feature box -->\n\n\t\t<\/div><\/div><\/div><div id=\"pgc-12264-0-2\"  class=\"panel-grid-cell\" ><div id=\"panel-12264-0-2-0\" class=\"so-panel widget widget_black-studio-tinymce widget_black_studio_tinymce panel-first-child\" data-index=\"5\" ><div class=\"textwidget\"><p><span class=\"subtitle dash-true style-dark\">REKVIZ\u012aTI<\/span><\/p>\n<h2>UAB Rubineta<\/h2>\n<\/div><\/div><div id=\"panel-12264-0-2-1\" class=\"so-panel widget widget_sow-editor panel-last-child\" data-index=\"6\" ><div\n\t\t\t\n\t\t\tclass=\"so-widget-sow-editor so-widget-sow-editor-base\"\n\t\t\t\n\t\t>\n<div class=\"siteorigin-widget-tinymce textwidget\">\n\t<p>Uz\u0146\u0113muma kods: 124949547<br \/>\nPVN maks\u0101t\u0101ja kods: LT249495410<\/p>\n<p>Banka: SWEDBANK AB<br \/>\nLT047300010116424234<br \/>\nBankas kods: 73000<br \/>\nSWIFT: HABALT22<\/p>\n<\/div>\n<\/div><\/div><\/div><\/div><\/div><div id=\"pg-12264-1\"  class=\"panel-grid panel-no-style\" ><div id=\"pgc-12264-1-0\"  class=\"panel-grid-cell panel-grid-cell-empty\" ><\/div><div id=\"pgc-12264-1-1\"  class=\"panel-grid-cell panel-grid-cell-empty panel-grid-cell-mobile-last\" ><\/div><div id=\"pgc-12264-1-2\"  class=\"panel-grid-cell panel-grid-cell-empty\" ><\/div><\/div><div id=\"pg-12264-2\"  class=\"panel-grid panel-no-style\" ><div id=\"pgc-12264-2-0\"  class=\"panel-grid-cell panel-grid-cell-empty\" ><\/div><div id=\"pgc-12264-2-1\"  class=\"panel-grid-cell panel-grid-cell-mobile-last\" ><div id=\"panel-12264-2-1-0\" class=\"so-panel widget widget_interico_feature_box panel-first-child\" data-index=\"7\" ><div class=\"contact-icons panel-widget-style panel-widget-style-for-12264-2-1-0\" >\n\t\t<!-- Begin Feature box -->\n\t\t\n\t\t\t<div class=\"feature-box icon-large-left box-unboxed\">\n\n\t\t\t\t\t\t\t\t\t<i class=\"fa fa-user\"><\/i>\n\t\t\t\t\n\t\t\t\t<div class=\"content-wrapper\">\n\n\t\t\t\t\t\t\t\t\t\t\t<h3 class=\"feature-title\">P\u0101rst\u0101vis Latvij\u0101 SIA \u201eSANTEHKOMPLEKTS&quot;<\/h3>\n\t\t\t\t\t\n\t\t\t\t\t\n\t\t\t\t\t\n\t\t\t\t<\/div>\n\n\t\t\t<\/div>\n\n\t\t\t\t<!-- End Feature box -->\n\n\t\t<\/div><\/div><div id=\"panel-12264-2-1-1\" class=\"so-panel widget widget_black-studio-tinymce widget_black_studio_tinymce panel-last-child\" data-index=\"8\" ><div class=\"textwidget\"><p>T\u0101lr.:  +37052329329<\/p>\n<\/div><\/div><\/div><div id=\"pgc-12264-2-2\"  class=\"panel-grid-cell panel-grid-cell-empty\" ><\/div><\/div><div id=\"pg-12264-3\"  class=\"panel-grid panel-no-style\" ><div id=\"pgc-12264-3-0\"  class=\"panel-grid-cell panel-grid-cell-empty\" ><\/div><div id=\"pgc-12264-3-1\"  class=\"panel-grid-cell panel-grid-cell-empty panel-grid-cell-mobile-last\" ><\/div><div id=\"pgc-12264-3-2\"  class=\"panel-grid-cell panel-grid-cell-empty\" ><\/div><\/div><div id=\"pg-12264-4\"  class=\"panel-grid panel-no-style\" ><div id=\"pgc-12264-4-0\"  class=\"panel-grid-cell panel-grid-cell-empty\" ><\/div><div id=\"pgc-12264-4-1\"  class=\"panel-grid-cell panel-grid-cell-empty panel-grid-cell-mobile-last\" ><\/div><div id=\"pgc-12264-4-2\"  class=\"panel-grid-cell panel-grid-cell-empty\" ><\/div><\/div><div id=\"pg-12264-5\"  class=\"panel-grid panel-no-style\" ><div id=\"pgc-12264-5-0\"  class=\"panel-grid-cell panel-grid-cell-empty\" ><\/div><div id=\"pgc-12264-5-1\"  class=\"panel-grid-cell panel-grid-cell-empty panel-grid-cell-mobile-last\" ><\/div><div id=\"pgc-12264-5-2\"  class=\"panel-grid-cell panel-grid-cell-empty\" ><\/div><\/div><div id=\"pg-12264-6\"  class=\"panel-grid panel-no-style\" ><div id=\"pgc-12264-6-0\"  class=\"panel-grid-cell panel-grid-cell-empty\" ><\/div><div id=\"pgc-12264-6-1\"  class=\"panel-grid-cell panel-grid-cell-empty panel-grid-cell-mobile-last\" ><\/div><div id=\"pgc-12264-6-2\"  class=\"panel-grid-cell panel-grid-cell-empty\" ><\/div><\/div><div id=\"pg-12264-7\"  class=\"panel-grid panel-no-style\" ><div id=\"pgc-12264-7-0\"  class=\"panel-grid-cell panel-grid-cell-empty\" ><\/div><div id=\"pgc-12264-7-1\"  class=\"panel-grid-cell panel-grid-cell-empty panel-grid-cell-mobile-last\" ><\/div><div id=\"pgc-12264-7-2\"  class=\"panel-grid-cell panel-grid-cell-empty\" ><\/div><\/div><div id=\"pg-12264-8\"  class=\"panel-grid panel-has-style\" ><div class=\"siteorigin-panels-stretch panel-row-style panel-row-style-for-12264-8\" data-stretch-type=\"full\" ><div id=\"pgc-12264-8-0\"  class=\"panel-grid-cell\" ><div id=\"panel-12264-8-0-0\" class=\"so-panel widget widget_black-studio-tinymce widget_black_studio_tinymce panel-first-child panel-last-child\" data-index=\"9\" ><div class=\"shadow-box  animate animate-2 contacts panel-widget-style panel-widget-style-for-12264-8-0-0\" ><div class=\"textwidget\"><div class=\"siteorigin-widget-tinymce textwidget\">\n<div class=\"wpcf7 no-js\" id=\"wpcf7-f6793-o1\" lang=\"en-US\" dir=\"ltr\" data-wpcf7-id=\"6793\">\n<div class=\"screen-reader-response\"><p role=\"status\" aria-live=\"polite\" aria-atomic=\"true\"><\/p> <ul><\/ul><\/div>\n<form action=\"\/lv\/wp-json\/wp\/v2\/pages\/12264#wpcf7-f6793-o1\" method=\"post\" class=\"wpcf7-form init\" aria-label=\"Contact form\" novalidate=\"novalidate\" data-status=\"init\">\n<div style=\"display: none;\">\n<input type=\"hidden\" name=\"_wpcf7\" value=\"6793\" \/>\n<input type=\"hidden\" name=\"_wpcf7_version\" value=\"6.0.1\" \/>\n<input type=\"hidden\" name=\"_wpcf7_locale\" value=\"en_US\" \/>\n<input type=\"hidden\" name=\"_wpcf7_unit_tag\" value=\"wpcf7-f6793-o1\" \/>\n<input type=\"hidden\" name=\"_wpcf7_container_post\" value=\"0\" \/>\n<input type=\"hidden\" name=\"_wpcf7_posted_data_hash\" value=\"\" \/>\n<input type=\"hidden\" name=\"_wpcf7_recaptcha_response\" value=\"\" \/>\n<\/div>\n<p><label>V\u0101rds*<\/label><br \/>\n<span class=\"wpcf7-form-control-wrap\" data-name=\"your-name\"><input size=\"40\" maxlength=\"400\" class=\"wpcf7-form-control wpcf7-text wpcf7-validates-as-required\" aria-required=\"true\" aria-invalid=\"false\" value=\"\" type=\"text\" name=\"your-name\" \/><\/span>\n<\/p>\n<p><label>E-pasts*<\/label><br \/>\n<span class=\"wpcf7-form-control-wrap\" data-name=\"your-email\"><input size=\"40\" maxlength=\"400\" class=\"wpcf7-form-control wpcf7-email wpcf7-validates-as-required wpcf7-text wpcf7-validates-as-email\" aria-required=\"true\" aria-invalid=\"false\" value=\"\" type=\"email\" name=\"your-email\" \/><\/span>\n<\/p>\n<p><label>T\u0101lrunis*<\/label><br \/>\n<span class=\"wpcf7-form-control-wrap\" data-name=\"tel-660\"><input size=\"40\" maxlength=\"400\" class=\"wpcf7-form-control wpcf7-tel wpcf7-validates-as-required wpcf7-text wpcf7-validates-as-tel\" aria-required=\"true\" aria-invalid=\"false\" value=\"\" type=\"tel\" name=\"tel-660\" \/><\/span>\n<\/p>\n<p><label>Valsts*<\/label><br \/>\n<span class=\"wpcf7-form-control-wrap\" data-name=\"your-messag\"><input size=\"40\" maxlength=\"400\" class=\"wpcf7-form-control wpcf7-text wpcf7-validates-as-required\" aria-required=\"true\" aria-invalid=\"false\" value=\"\" type=\"text\" name=\"your-messag\" \/><\/span>\n<\/p>\n<p><label>Zi\u0146a<\/label><br \/>\n<span class=\"wpcf7-form-control-wrap\" data-name=\"your-message\"><textarea cols=\"5\" rows=\"1\" maxlength=\"2000\" class=\"wpcf7-form-control wpcf7-textarea wpcf7-validates-as-required\" aria-required=\"true\" aria-invalid=\"false\" name=\"your-message\"><\/textarea><\/span>\n<\/p>\n<p><span class=\"wpcf7-form-control-wrap\" data-name=\"acceptance-28\"><span class=\"wpcf7-form-control wpcf7-acceptance\"><span class=\"wpcf7-list-item\"><label><input type=\"checkbox\" name=\"acceptance-28\" value=\"1\" aria-invalid=\"false\" \/><span class=\"wpcf7-list-item-label\">Es piekr\u012btu, ka mani personas dati tiks apstr\u0101d\u0101ti saska\u0146\u0101 ar Rubineta priv\u0101tuma politiku. J\u016bs vienm\u0113r varat atsaukt \u0161o piekri\u0161anu, rakstot v\u0113stuli uz e-pastu: hello@rubineta.com.\n<strong><\/a><\/span><\/label><\/span><\/span><\/span>\n<\/p>\n<p><input class=\"wpcf7-form-control wpcf7-submit has-spinner\" type=\"submit\" value=\"S\u016bt\u012bt\" \/>\n<\/p><div class=\"wpcf7-response-output\" aria-hidden=\"true\"><\/div>\n<\/form>\n<\/div>\n<\/div>\n<\/div><\/div><\/div><\/div><div id=\"pgc-12264-8-1\"  class=\"panel-grid-cell\" ><div id=\"panel-12264-8-1-0\" class=\"widget_text so-panel widget widget_custom_html panel-first-child panel-last-child\" data-index=\"10\" ><div class=\"textwidget custom-html-widget\"><iframe loading=\"lazy\" src=\"https:\/\/www.google.com\/maps\/embed?pb=!1m18!1m12!1m3!1d2309.342890782492!2d25.255291516057145!3d54.63317998524443!2m3!1f0!2f0!3f0!3m2!1i1024!2i768!4f13.1!3m3!1m2!1s0x46dd94c24fb48fc3%3A0x94a9549f6d107c23!2sMotor%C5%B3%20g.%206%2C%20Vilnius%2002190!5e0!3m2!1sen!2slt!4v1613637505044!5m2!1sen!2slt\" width=\"600\" height=\"550\" frameborder=\"0\" style=\"border:0;\" allowfullscreen=\"\" aria-hidden=\"false\" tabindex=\"0\"><\/iframe><\/div><\/div><\/div><\/div><\/div><\/div>","protected":false},"excerpt":{"rendered":"<p>Kontaktinform\u0101cija UAB Rubineta Uz\u0146\u0113muma kods: 124949547 PVN maks\u0101t\u0101ja kods: LT249495410 Banka: SWEDBANK AB LT047300010116424234 Bankas kods: 73000 SWIFT: HABALT22<\/p>\n","protected":false},"author":1,"featured_media":0,"parent":0,"menu_order":0,"comment_status":"closed","ping_status":"closed","template":"","meta":{"footnotes":""},"class_list":["post-12264","page","type-page","status-publish","hentry"],"yoast_head":"<!-- This site is optimized with the Yoast SEO plugin v23.9 - https:\/\/yoast.com\/wordpress\/plugins\/seo\/ -->\n<title>RUBINETA kontaktpersonas | RUBINETA kontaktai<\/title>\n<meta name=\"description\" content=\"Kyla klausim\u0173? Buvein\u0117s adresas: Savanori\u0173 pr. 180 Vilnius LT-03154 Lietuva; Telefonas: +370 5 230 6036; El. pa\u0161tas: hello@rubineta.com\" \/>\n<meta name=\"robots\" content=\"index, follow, max-snippet:-1, max-image-preview:large, max-video-preview:-1\" \/>\n<link rel=\"canonical\" href=\"https:\/\/rubineta.com\/rubineta-kontaktai\/\" \/>\n<meta name=\"twitter:label1\" content=\"Est. reading time\" \/>\n\t<meta name=\"twitter:data1\" content=\"2 minutes\" \/>\n<script type=\"application\/ld+json\" class=\"yoast-schema-graph\">{\"@context\":\"https:\/\/schema.org\",\"@graph\":[{\"@type\":\"WebPage\",\"@id\":\"https:\/\/rubineta.com\/rubineta-kontaktai\/\",\"url\":\"https:\/\/rubineta.com\/rubineta-kontaktai\/\",\"name\":\"[:lt]RUBINETA kontaktai[:en]RUBINETA kontaktai[:ru]RUBINETA kontaktai[:lv]RUBINETA kontaktpersonas[:] | RUBINETA kontaktai\",\"isPartOf\":{\"@id\":\"https:\/\/rubineta.com\/#website\"},\"datePublished\":\"2018-08-13T04:39:38+00:00\",\"dateModified\":\"2022-06-24T10:05:18+00:00\",\"description\":\"Kyla klausim\u0173? Buvein\u0117s adresas: Savanori\u0173 pr. 180 Vilnius LT-03154 Lietuva; Telefonas: +370 5 230 6036; El. pa\u0161tas: hello@rubineta.com\",\"breadcrumb\":{\"@id\":\"https:\/\/rubineta.com\/rubineta-kontaktai\/#breadcrumb\"},\"inLanguage\":\"lv-LV\",\"potentialAction\":[{\"@type\":\"ReadAction\",\"target\":[\"https:\/\/rubineta.com\/rubineta-kontaktai\/\"]}]},{\"@type\":\"BreadcrumbList\",\"@id\":\"https:\/\/rubineta.com\/rubineta-kontaktai\/#breadcrumb\",\"itemListElement\":[{\"@type\":\"ListItem\",\"position\":1,\"name\":\"Home\",\"item\":\"https:\/\/rubineta.com\/lv\/\"},{\"@type\":\"ListItem\",\"position\":2,\"name\":\"RUBINETA kontaktai\"}]},{\"@type\":\"WebSite\",\"@id\":\"https:\/\/rubineta.com\/#website\",\"url\":\"https:\/\/rubineta.com\/\",\"name\":\"Rubineta - Quality And Reliable Sanitary Fittings\",\"description\":\"High Quality And Reliable Faucets\",\"publisher\":{\"@id\":\"https:\/\/rubineta.com\/#organization\"},\"potentialAction\":[{\"@type\":\"SearchAction\",\"target\":{\"@type\":\"EntryPoint\",\"urlTemplate\":\"https:\/\/rubineta.com\/?s={search_term_string}\"},\"query-input\":{\"@type\":\"PropertyValueSpecification\",\"valueRequired\":true,\"valueName\":\"search_term_string\"}}],\"inLanguage\":\"lv-LV\"},{\"@type\":\"Organization\",\"@id\":\"https:\/\/rubineta.com\/#organization\",\"name\":\"RUBINETA\",\"url\":\"https:\/\/rubineta.com\/\",\"logo\":{\"@type\":\"ImageObject\",\"inLanguage\":\"lv-LV\",\"@id\":\"https:\/\/rubineta.com\/#\/schema\/logo\/image\/\",\"url\":\"https:\/\/rubineta.com\/wp-content\/uploads\/2020\/07\/RUBINETA-logo.jpg\",\"contentUrl\":\"https:\/\/rubineta.com\/wp-content\/uploads\/2020\/07\/RUBINETA-logo.jpg\",\"width\":825,\"height\":456,\"caption\":\"RUBINETA\"},\"image\":{\"@id\":\"https:\/\/rubineta.com\/#\/schema\/logo\/image\/\"}}]}<\/script>\n<!-- \/ Yoast SEO plugin. -->","yoast_head_json":{"title":"[:lt]RUBINETA kontaktai[:en]RUBINETA kontaktai[:ru]RUBINETA kontaktai[:lv]RUBINETA kontaktpersonas[:] | RUBINETA kontaktai","description":"Kyla klausim\u0173? Buvein\u0117s adresas: Savanori\u0173 pr. 180 Vilnius LT-03154 Lietuva; Telefonas: +370 5 230 6036; El. pa\u0161tas: hello@rubineta.com","robots":{"index":"index","follow":"follow","max-snippet":"max-snippet:-1","max-image-preview":"max-image-preview:large","max-video-preview":"max-video-preview:-1"},"canonical":"https:\/\/rubineta.com\/rubineta-kontaktai\/","twitter_misc":{"Est. reading time":"2 minutes"},"schema":{"@context":"https:\/\/schema.org","@graph":[{"@type":"WebPage","@id":"https:\/\/rubineta.com\/rubineta-kontaktai\/","url":"https:\/\/rubineta.com\/rubineta-kontaktai\/","name":"[:lt]RUBINETA kontaktai[:en]RUBINETA kontaktai[:ru]RUBINETA kontaktai[:lv]RUBINETA kontaktpersonas[:] | RUBINETA kontaktai","isPartOf":{"@id":"https:\/\/rubineta.com\/#website"},"datePublished":"2018-08-13T04:39:38+00:00","dateModified":"2022-06-24T10:05:18+00:00","description":"Kyla klausim\u0173? Buvein\u0117s adresas: Savanori\u0173 pr. 180 Vilnius LT-03154 Lietuva; Telefonas: +370 5 230 6036; El. pa\u0161tas: hello@rubineta.com","breadcrumb":{"@id":"https:\/\/rubineta.com\/rubineta-kontaktai\/#breadcrumb"},"inLanguage":"lv-LV","potentialAction":[{"@type":"ReadAction","target":["https:\/\/rubineta.com\/rubineta-kontaktai\/"]}]},{"@type":"BreadcrumbList","@id":"https:\/\/rubineta.com\/rubineta-kontaktai\/#breadcrumb","itemListElement":[{"@type":"ListItem","position":1,"name":"Home","item":"https:\/\/rubineta.com\/lv\/"},{"@type":"ListItem","position":2,"name":"RUBINETA kontaktai"}]},{"@type":"WebSite","@id":"https:\/\/rubineta.com\/#website","url":"https:\/\/rubineta.com\/","name":"Rubineta - Quality And Reliable Sanitary Fittings","description":"High Quality And Reliable Faucets","publisher":{"@id":"https:\/\/rubineta.com\/#organization"},"potentialAction":[{"@type":"SearchAction","target":{"@type":"EntryPoint","urlTemplate":"https:\/\/rubineta.com\/?s={search_term_string}"},"query-input":{"@type":"PropertyValueSpecification","valueRequired":true,"valueName":"search_term_string"}}],"inLanguage":"lv-LV"},{"@type":"Organization","@id":"https:\/\/rubineta.com\/#organization","name":"RUBINETA","url":"https:\/\/rubineta.com\/","logo":{"@type":"ImageObject","inLanguage":"lv-LV","@id":"https:\/\/rubineta.com\/#\/schema\/logo\/image\/","url":"https:\/\/rubineta.com\/wp-content\/uploads\/2020\/07\/RUBINETA-logo.jpg","contentUrl":"https:\/\/rubineta.com\/wp-content\/uploads\/2020\/07\/RUBINETA-logo.jpg","width":825,"height":456,"caption":"RUBINETA"},"image":{"@id":"https:\/\/rubineta.com\/#\/schema\/logo\/image\/"}}]}},"_links":{"self":[{"href":"https:\/\/rubineta.com\/lv\/wp-json\/wp\/v2\/pages\/12264","targetHints":{"allow":["GET"]}}],"collection":[{"href":"https:\/\/rubineta.com\/lv\/wp-json\/wp\/v2\/pages"}],"about":[{"href":"https:\/\/rubineta.com\/lv\/wp-json\/wp\/v2\/types\/page"}],"author":[{"embeddable":true,"href":"https:\/\/rubineta.com\/lv\/wp-json\/wp\/v2\/users\/1"}],"replies":[{"embeddable":true,"href":"https:\/\/rubineta.com\/lv\/wp-json\/wp\/v2\/comments?post=12264"}],"version-history":[{"count":103,"href":"https:\/\/rubineta.com\/lv\/wp-json\/wp\/v2\/pages\/12264\/revisions"}],"predecessor-version":[{"id":24957,"href":"https:\/\/rubineta.com\/lv\/wp-json\/wp\/v2\/pages\/12264\/revisions\/24957"}],"wp:attachment":[{"href":"https:\/\/rubineta.com\/lv\/wp-json\/wp\/v2\/media?parent=12264"}],"curies":[{"name":"wp","href":"https:\/\/api.w.org\/{rel}","templated":true}]}}