{"id":12379,"date":"2018-08-13T04:36:26","date_gmt":"2018-08-13T06:36:26","guid":{"rendered":"http:\/\/rubineta.com\/?page_id=12379"},"modified":"2019-11-25T06:52:27","modified_gmt":"2019-11-25T08:52:27","slug":"career-contacts","status":"publish","type":"page","link":"https:\/\/rubineta.com\/lv\/career-contacts\/","title":{"rendered":"Karjera kontaktai"},"content":{"rendered":"<div id=\"pl-12379\"  class=\"panel-layout\" ><div id=\"pg-12379-0\"  class=\"panel-grid panel-has-style\" ><div class=\"panel-row-style panel-row-style-for-12379-0\" ><div id=\"pgc-12379-0-0\"  class=\"panel-grid-cell\" ><div id=\"panel-12379-0-0-0\" class=\"so-panel widget widget_nav_menu panel-first-child panel-last-child\" data-index=\"0\" ><div class=\"produktas-sidebar panel-widget-style panel-widget-style-for-12379-0-0-0\" ><h3 class=\"widget-title\">Kontaktinform\u0101cija<\/h3><div class=\"menu-kontaktine-info-container\"><ul id=\"menu-kontaktine-info\" class=\"menu\"><li id=\"menu-item-12305\" class=\"menu-item menu-item-type-post_type menu-item-object-page menu-item-12305\"><a href=\"https:\/\/rubineta.com\/lv\/rubineta-kontaktai\/\">RUBINETA kontaktpersonas<\/a><\/li>\n<li id=\"menu-item-12341\" class=\"menu-item menu-item-type-post_type menu-item-object-page menu-item-12341\"><a href=\"https:\/\/rubineta.com\/lv\/representative-offices\/\">RUBINETA p\u0101rst\u0101vji<\/a><\/li>\n<li id=\"menu-item-12346\" class=\"menu-item menu-item-type-post_type menu-item-object-page menu-item-12346\"><a href=\"https:\/\/rubineta.com\/lv\/warranty-service\/\">Garantijas apkalpo\u0161ana<\/a><\/li>\n<li id=\"menu-item-12384\" class=\"menu-item menu-item-type-post_type menu-item-object-page menu-item-12384\"><a href=\"https:\/\/rubineta.com\/lv\/career-contacts\/\">Karjera<\/a><\/li>\n<\/ul><\/div><\/div><\/div><\/div><div id=\"pgc-12379-0-1\"  class=\"panel-grid-cell\" ><div id=\"panel-12379-0-1-0\" class=\"so-panel widget widget_black-studio-tinymce widget_black_studio_tinymce panel-first-child panel-last-child\" data-index=\"1\" ><div class=\"animate animate-2 panel-widget-style panel-widget-style-for-12379-0-1-0\" ><div class=\"textwidget\"><img decoding=\"async\" src=\"data:image\/gif;base64,R0lGODdhAQABAPAAAP\/\/\/wAAACwAAAAAAQABAEACAkQBADs=\" data-lazy-src=\"http:\/\/rubineta.com\/wp-content\/uploads\/2018\/07\/karjera-rubineta.jpg\" alt=\"\"  class=\"alignnone size-medium wp-image-12114\" \/><noscript><img loading=\"lazy\" decoding=\"async\" width=\"560\" height=\"740\" src=\"data:image\/gif;base64,R0lGODdhAQABAPAAAP\/\/\/wAAACwAAAAAAQABAEACAkQBADs=\" data-lazy-src=\"http:\/\/rubineta.com\/wp-content\/uploads\/2018\/07\/karjera-rubineta.jpg\" alt=\"\"  class=\"alignnone size-medium wp-image-12114\" data-lazy-srcset=\"https:\/\/rubineta.com\/wp-content\/uploads\/2018\/07\/karjera-rubineta.jpg 560w, https:\/\/rubineta.com\/wp-content\/uploads\/2018\/07\/karjera-rubineta-300x396.jpg 300w, https:\/\/rubineta.com\/wp-content\/uploads\/2018\/07\/karjera-rubineta-350x463.jpg 350w\" data-lazy-sizes=\"auto, (max-width: 560px) 100vw, 560px\" \/><noscript><img loading=\"lazy\" decoding=\"async\" width=\"560\" height=\"740\" src=\"http:\/\/rubineta.com\/wp-content\/uploads\/2018\/07\/karjera-rubineta.jpg\" alt=\"\"  class=\"alignnone size-medium wp-image-12114\" srcset=\"https:\/\/rubineta.com\/wp-content\/uploads\/2018\/07\/karjera-rubineta.jpg 560w, https:\/\/rubineta.com\/wp-content\/uploads\/2018\/07\/karjera-rubineta-300x396.jpg 300w, https:\/\/rubineta.com\/wp-content\/uploads\/2018\/07\/karjera-rubineta-350x463.jpg 350w\" sizes=\"auto, (max-width: 560px) 100vw, 560px\" \/><\/noscript><\/noscript><\/div><\/div><\/div><\/div><div id=\"pgc-12379-0-2\"  class=\"panel-grid-cell\" ><div id=\"panel-12379-0-2-0\" class=\"so-panel widget widget_sow-editor panel-first-child panel-last-child\" data-index=\"2\" ><div class=\"shadow-box overlap-left animate animate-1 download-btn  panel-widget-style panel-widget-style-for-12379-0-2-0\" ><div\n\t\t\t\n\t\t\tclass=\"so-widget-sow-editor so-widget-sow-editor-base\"\n\t\t\t\n\t\t>\n<div class=\"siteorigin-widget-tinymce textwidget\">\n\t<h2><strong>Profesionalit\u0101te un iniciat\u012bva<br \/>\n<\/strong><\/h2>\n<div class=\"dash style-dark\"><\/div>\n<p>Cie\u0146a pret sevi un citiem, profesion\u0101la attieksme un iniciat\u012bva - RUBINETA filozofija un galven\u0101s v\u0113rt\u012bbas kop\u0161 1999. gada.<\/p>\n<p>Ja J\u016bs interes\u0113 savu ideju, zin\u0101\u0161anu un pieredzes pielieto\u0161ana darb\u0101 progres\u012bv\u0101 uz\u0146\u0113mum\u0101, jaunu prasmju ieg\u016b\u0161ana uz\u0146\u0113mum\u0101, kas str\u0101d\u0101 daudz\u0101s pasaules valst\u012bs, v\u0113laties b\u016bt ener\u0123isks un iek\u013cauties komand\u0101, sniegt ieguld\u012bjumu ilgtermi\u0146\u0101 un stabilos pan\u0101kumos.<\/p>\n<p>M\u0113s priec\u0101simies str\u0101d\u0101t kop\u0101 - nodro\u0161in\u0101sim nepiecie\u0161amos darba apst\u0101k\u013cus un instrumentus, finansi\u0101l\u0101s un nefinansi\u0101l\u0101s motiv\u0101cijas paketi, karjeras iesp\u0113jas, uz uztic\u012bbu balst\u012btas attiec\u012bbas un cie\u0146u pret J\u016bsu person\u012bbu.<\/p>\n<p>M\u0113s aicin\u0101m profesion\u0101\u013cus pievienoties m\u016bsu augo\u0161ajai komandai!<\/p>\n<p>Ja v\u0113laties realiz\u0113t savas profesion\u0101l\u0101s iesp\u0113jas, ats\u016btiet mums savu CV un motiv\u0101cijas v\u0113stuli uz hello@rubineta.com<\/p>\n<p><strong>Pa\u0161laik nav nevienas br\u012bvas vakances.<\/strong><\/p><\/p>\n<\/div>\n<\/div><\/div><\/div><\/div><\/div><\/div><div id=\"pg-12379-1\"  class=\"panel-grid panel-has-style\" ><div class=\"cta-home cta-dark siteorigin-panels-stretch lazy rocket-lazyload panel-row-style panel-row-style-for-12379-1\" data-stretch-type=\"full\" data-bg=\"https:\/\/rubineta.com\/wp-content\/uploads\/2018\/08\/rubineta-modena-cta.png\" ><div id=\"pgc-12379-1-0\"  class=\"panel-grid-cell panel-grid-cell-mobile-last\" ><div id=\"panel-12379-1-0-0\" class=\"so-panel widget widget_black-studio-tinymce widget_black_studio_tinymce panel-first-child panel-last-child\" data-index=\"3\" ><div class=\"animate animate-1 panel-widget-style panel-widget-style-for-12379-1-0-0\" ><div class=\"textwidget\"><p><span class=\"subtitle dash-true style-dark\">IR JAUT\u0100JUMI?<\/span><\/p>\n<h2>Sazinieties ar mums pa e-pastu:<br \/>\n <a href=\"mailto:hello@rubineta.com\">hello@rubineta.com<\/a><\/h2>\n<\/div><\/div><\/div><\/div><div id=\"pgc-12379-1-1\"  class=\"panel-grid-cell panel-grid-cell-empty\" ><\/div><\/div><\/div><\/div>","protected":false},"excerpt":{"rendered":"<p>Profesionalit\u0101te un iniciat\u012bva Cie\u0146a pret sevi un citiem, profesion\u0101la attieksme un iniciat\u012bva &#8211; RUBINETA filozofija un galven\u0101s v\u0113rt\u012bbas kop\u0161 1999. [&hellip;]<\/p>\n","protected":false},"author":1,"featured_media":0,"parent":0,"menu_order":0,"comment_status":"closed","ping_status":"closed","template":"","meta":{"footnotes":""},"class_list":["post-12379","page","type-page","status-publish","hentry"],"yoast_head":"<!-- This site is optimized with the Yoast SEO plugin v23.9 - https:\/\/yoast.com\/wordpress\/plugins\/seo\/ -->\n<title>Karjera kontaktai | RUBINETA<\/title>\n<meta name=\"description\" content=\"Kvie\u010diame specialistus prisijungti prie m\u016bs\u0173 augan\u010dios komandos! Jei norite realizuoti savo profesines galimybes susisiekite: hello@rubineta.com\" \/>\n<meta name=\"robots\" content=\"index, follow, max-snippet:-1, max-image-preview:large, max-video-preview:-1\" \/>\n<link rel=\"canonical\" href=\"https:\/\/rubineta.com\/en\/career-contacts\/\" \/>\n<meta name=\"twitter:label1\" content=\"Est. reading time\" \/>\n\t<meta name=\"twitter:data1\" content=\"2 minutes\" \/>\n<script type=\"application\/ld+json\" class=\"yoast-schema-graph\">{\"@context\":\"https:\/\/schema.org\",\"@graph\":[{\"@type\":\"WebPage\",\"@id\":\"https:\/\/rubineta.com\/en\/career-contacts\/\",\"url\":\"https:\/\/rubineta.com\/en\/career-contacts\/\",\"name\":\"Karjera kontaktai | RUBINETA\",\"isPartOf\":{\"@id\":\"https:\/\/rubineta.com\/#website\"},\"primaryImageOfPage\":{\"@id\":\"https:\/\/rubineta.com\/en\/career-contacts\/#primaryimage\"},\"image\":{\"@id\":\"https:\/\/rubineta.com\/en\/career-contacts\/#primaryimage\"},\"thumbnailUrl\":\"http:\/\/rubineta.com\/wp-content\/uploads\/2018\/07\/karjera-rubineta.jpg\",\"datePublished\":\"2018-08-13T06:36:26+00:00\",\"dateModified\":\"2019-11-25T08:52:27+00:00\",\"description\":\"Kvie\u010diame specialistus prisijungti prie m\u016bs\u0173 augan\u010dios komandos! Jei norite realizuoti savo profesines galimybes susisiekite: hello@rubineta.com\",\"breadcrumb\":{\"@id\":\"https:\/\/rubineta.com\/en\/career-contacts\/#breadcrumb\"},\"inLanguage\":\"lv-LV\",\"potentialAction\":[{\"@type\":\"ReadAction\",\"target\":[\"https:\/\/rubineta.com\/en\/career-contacts\/\"]}]},{\"@type\":\"ImageObject\",\"inLanguage\":\"lv-LV\",\"@id\":\"https:\/\/rubineta.com\/en\/career-contacts\/#primaryimage\",\"url\":\"http:\/\/rubineta.com\/wp-content\/uploads\/2018\/07\/karjera-rubineta.jpg\",\"contentUrl\":\"http:\/\/rubineta.com\/wp-content\/uploads\/2018\/07\/karjera-rubineta.jpg\"},{\"@type\":\"BreadcrumbList\",\"@id\":\"https:\/\/rubineta.com\/en\/career-contacts\/#breadcrumb\",\"itemListElement\":[{\"@type\":\"ListItem\",\"position\":1,\"name\":\"Home\",\"item\":\"https:\/\/rubineta.com\/lv\/\"},{\"@type\":\"ListItem\",\"position\":2,\"name\":\"Karjera kontaktai\"}]},{\"@type\":\"WebSite\",\"@id\":\"https:\/\/rubineta.com\/#website\",\"url\":\"https:\/\/rubineta.com\/\",\"name\":\"Rubineta - Quality And Reliable Sanitary Fittings\",\"description\":\"High Quality And Reliable Faucets\",\"publisher\":{\"@id\":\"https:\/\/rubineta.com\/#organization\"},\"potentialAction\":[{\"@type\":\"SearchAction\",\"target\":{\"@type\":\"EntryPoint\",\"urlTemplate\":\"https:\/\/rubineta.com\/?s={search_term_string}\"},\"query-input\":{\"@type\":\"PropertyValueSpecification\",\"valueRequired\":true,\"valueName\":\"search_term_string\"}}],\"inLanguage\":\"lv-LV\"},{\"@type\":\"Organization\",\"@id\":\"https:\/\/rubineta.com\/#organization\",\"name\":\"RUBINETA\",\"url\":\"https:\/\/rubineta.com\/\",\"logo\":{\"@type\":\"ImageObject\",\"inLanguage\":\"lv-LV\",\"@id\":\"https:\/\/rubineta.com\/#\/schema\/logo\/image\/\",\"url\":\"https:\/\/rubineta.com\/wp-content\/uploads\/2020\/07\/RUBINETA-logo.jpg\",\"contentUrl\":\"https:\/\/rubineta.com\/wp-content\/uploads\/2020\/07\/RUBINETA-logo.jpg\",\"width\":825,\"height\":456,\"caption\":\"RUBINETA\"},\"image\":{\"@id\":\"https:\/\/rubineta.com\/#\/schema\/logo\/image\/\"}}]}<\/script>\n<!-- \/ Yoast SEO plugin. -->","yoast_head_json":{"title":"Karjera kontaktai | RUBINETA","description":"Kvie\u010diame specialistus prisijungti prie m\u016bs\u0173 augan\u010dios komandos! Jei norite realizuoti savo profesines galimybes susisiekite: hello@rubineta.com","robots":{"index":"index","follow":"follow","max-snippet":"max-snippet:-1","max-image-preview":"max-image-preview:large","max-video-preview":"max-video-preview:-1"},"canonical":"https:\/\/rubineta.com\/en\/career-contacts\/","twitter_misc":{"Est. reading time":"2 minutes"},"schema":{"@context":"https:\/\/schema.org","@graph":[{"@type":"WebPage","@id":"https:\/\/rubineta.com\/en\/career-contacts\/","url":"https:\/\/rubineta.com\/en\/career-contacts\/","name":"Karjera kontaktai | RUBINETA","isPartOf":{"@id":"https:\/\/rubineta.com\/#website"},"primaryImageOfPage":{"@id":"https:\/\/rubineta.com\/en\/career-contacts\/#primaryimage"},"image":{"@id":"https:\/\/rubineta.com\/en\/career-contacts\/#primaryimage"},"thumbnailUrl":"http:\/\/rubineta.com\/wp-content\/uploads\/2018\/07\/karjera-rubineta.jpg","datePublished":"2018-08-13T06:36:26+00:00","dateModified":"2019-11-25T08:52:27+00:00","description":"Kvie\u010diame specialistus prisijungti prie m\u016bs\u0173 augan\u010dios komandos! Jei norite realizuoti savo profesines galimybes susisiekite: hello@rubineta.com","breadcrumb":{"@id":"https:\/\/rubineta.com\/en\/career-contacts\/#breadcrumb"},"inLanguage":"lv-LV","potentialAction":[{"@type":"ReadAction","target":["https:\/\/rubineta.com\/en\/career-contacts\/"]}]},{"@type":"ImageObject","inLanguage":"lv-LV","@id":"https:\/\/rubineta.com\/en\/career-contacts\/#primaryimage","url":"http:\/\/rubineta.com\/wp-content\/uploads\/2018\/07\/karjera-rubineta.jpg","contentUrl":"http:\/\/rubineta.com\/wp-content\/uploads\/2018\/07\/karjera-rubineta.jpg"},{"@type":"BreadcrumbList","@id":"https:\/\/rubineta.com\/en\/career-contacts\/#breadcrumb","itemListElement":[{"@type":"ListItem","position":1,"name":"Home","item":"https:\/\/rubineta.com\/lv\/"},{"@type":"ListItem","position":2,"name":"Karjera kontaktai"}]},{"@type":"WebSite","@id":"https:\/\/rubineta.com\/#website","url":"https:\/\/rubineta.com\/","name":"Rubineta - Quality And Reliable Sanitary Fittings","description":"High Quality And Reliable Faucets","publisher":{"@id":"https:\/\/rubineta.com\/#organization"},"potentialAction":[{"@type":"SearchAction","target":{"@type":"EntryPoint","urlTemplate":"https:\/\/rubineta.com\/?s={search_term_string}"},"query-input":{"@type":"PropertyValueSpecification","valueRequired":true,"valueName":"search_term_string"}}],"inLanguage":"lv-LV"},{"@type":"Organization","@id":"https:\/\/rubineta.com\/#organization","name":"RUBINETA","url":"https:\/\/rubineta.com\/","logo":{"@type":"ImageObject","inLanguage":"lv-LV","@id":"https:\/\/rubineta.com\/#\/schema\/logo\/image\/","url":"https:\/\/rubineta.com\/wp-content\/uploads\/2020\/07\/RUBINETA-logo.jpg","contentUrl":"https:\/\/rubineta.com\/wp-content\/uploads\/2020\/07\/RUBINETA-logo.jpg","width":825,"height":456,"caption":"RUBINETA"},"image":{"@id":"https:\/\/rubineta.com\/#\/schema\/logo\/image\/"}}]}},"_links":{"self":[{"href":"https:\/\/rubineta.com\/lv\/wp-json\/wp\/v2\/pages\/12379","targetHints":{"allow":["GET"]}}],"collection":[{"href":"https:\/\/rubineta.com\/lv\/wp-json\/wp\/v2\/pages"}],"about":[{"href":"https:\/\/rubineta.com\/lv\/wp-json\/wp\/v2\/types\/page"}],"author":[{"embeddable":true,"href":"https:\/\/rubineta.com\/lv\/wp-json\/wp\/v2\/users\/1"}],"replies":[{"embeddable":true,"href":"https:\/\/rubineta.com\/lv\/wp-json\/wp\/v2\/comments?post=12379"}],"version-history":[{"count":0,"href":"https:\/\/rubineta.com\/lv\/wp-json\/wp\/v2\/pages\/12379\/revisions"}],"wp:attachment":[{"href":"https:\/\/rubineta.com\/lv\/wp-json\/wp\/v2\/media?parent=12379"}],"curies":[{"name":"wp","href":"https:\/\/api.w.org\/{rel}","templated":true}]}}