{"id":12439,"date":"2018-08-21T02:19:16","date_gmt":"2018-08-21T04:19:16","guid":{"rendered":"http:\/\/rubineta.com\/?page_id=12439"},"modified":"2023-01-26T10:29:10","modified_gmt":"2023-01-26T12:29:10","slug":"tips-how-to-clean-faucets","status":"publish","type":"page","link":"https:\/\/rubineta.com\/lv\/tips-how-to-clean-faucets\/","title":{"rendered":"Jauc\u0113jkr\u0101nu un to piederumu apkopes instrukcijas"},"content":{"rendered":"<div id=\"pl-12439\"  class=\"panel-layout\" ><div id=\"pg-12439-0\"  class=\"panel-grid panel-has-style\" ><div class=\"panel-row-style panel-row-style-for-12439-0\" ><div id=\"pgc-12439-0-0\"  class=\"panel-grid-cell\" ><div id=\"panel-12439-0-0-0\" class=\"so-panel widget widget_nav_menu panel-first-child panel-last-child\" data-index=\"0\" ><div class=\"produktas-sidebar panel-widget-style panel-widget-style-for-12439-0-0-0\" ><h3 class=\"widget-title\">\u041cana prece<\/h3><div class=\"menu-naudinga-info-container\"><ul id=\"menu-naudinga-info\" class=\"menu\"><li id=\"menu-item-20815\" class=\"menu-item menu-item-type-post_type menu-item-object-page menu-item-20815\"><a href=\"https:\/\/rubineta.com\/lv\/my-product\/\">Garantijas serviss<\/a><\/li>\n<li id=\"menu-item-11940\" class=\"menu-item menu-item-type-post_type menu-item-object-page menu-item-11940\"><a href=\"https:\/\/rubineta.com\/lv\/civil-liability-insurance\/\">Civiltiesisk\u0101s atbild\u012bbas apdro\u0161in\u0101\u0161ana<\/a><\/li>\n<li id=\"menu-item-12445\" class=\"menu-item menu-item-type-post_type menu-item-object-page menu-item-12445\"><a href=\"https:\/\/rubineta.com\/lv\/tips-how-to-clean-faucets\/\">Jauc\u0113jkr\u0101nu un to piederumu apkopes instrukcijas<\/a><\/li>\n<li id=\"menu-item-16143\" class=\"menu-item menu-item-type-post_type menu-item-object-page menu-item-16143\"><a href=\"https:\/\/rubineta.com\/lv\/kaip-pasirinkti-tinkama-vandens-maisytuva\/\">K\u0101 izv\u0113l\u0113ties augstas kvalit\u0101tes jauc\u0113jkr\u0101nu?<\/a><\/li>\n<li id=\"menu-item-24391\" class=\"menu-item menu-item-type-post_type menu-item-object-page menu-item-24391\"><a href=\"https:\/\/rubineta.com\/lv\/katalogai-ir-brosiuros\/\">Catalogues and brochures<\/a><\/li>\n<\/ul><\/div><\/div><\/div><\/div><div id=\"pgc-12439-0-1\"  class=\"panel-grid-cell\" ><div id=\"panel-12439-0-1-0\" class=\"so-panel widget widget_sow-editor panel-first-child\" data-index=\"1\" ><div class=\"shadow-box  animate animate-1 download-btn panel-widget-style panel-widget-style-for-12439-0-1-0\" ><div\n\t\t\t\n\t\t\tclass=\"so-widget-sow-editor so-widget-sow-editor-base\"\n\t\t\t\n\t\t>\n<div class=\"siteorigin-widget-tinymce textwidget\">\n\t<h2><strong>Jauc\u0113jkr\u0101nu un to piederumu apkopes instrukcijas<\/strong><strong><\/strong><\/h2>\n<div class=\"dash style-dark\"><\/div>\n<p>M\u0113s iesak\u0101m r\u016bp\u0113ties par jauc\u0113jkr\u0101niem un du\u0161as piederumiem \u2013 \u0161\u0101d\u0101 veid\u0101 J\u016bs palielin\u0101siet to darba m\u016b\u017eu un izvair\u012bsieties no probl\u0113m\u0101m produkta izmanto\u0161anas laik\u0101:<\/p>\n<ol>\n<li style=\"font-weight: 400;\"><span style=\"font-weight: 400;\">Katrus 1 \u2013 2 m\u0113ne\u0161us izt\u012briet kr\u0101na aeratoru no taj\u0101 eso\u0161ajiem net\u012brumiem un ka\u013c\u0137a. Uz sieti\u0146a eso\u0161os net\u012brumus un nos\u0113dumus iesp\u0113jams izt\u012br\u012bt ar sp\u0113c\u012bgu \u016bdens str\u016bklu; ja pamaniet ka\u013c\u0137akmens nos\u0113dumus, da\u017eas stundas iem\u0113rciet aeratoru augstas koncentr\u0101cijas eti\u0137\u012b;<\/span><\/li>\n<li style=\"font-weight: 400;\"><span style=\"font-weight: 400;\">Reizi ned\u0113\u013c\u0101 not\u012briet kr\u0101na virsmu ar m\u012bkstu s\u016bkli vai mikro\u0161\u0137iedras lupati\u0146u. Uz hrom\u0113ta, kr\u0101sota vai apzelt\u012bta jauc\u0113jkr\u0101na eso\u0161os traipus, kas radu\u0161ies no miner\u0101liem, iesp\u0113jams viegli not\u012br\u012bt ar ziep\u0113m vai maigu mazg\u0101\u0161anas l\u012bdzekli. Not\u012briet jauc\u0113jkr\u0101nu ar t\u012bru \u016bdeni un noslaukiet to ar m\u012bkstu lupati\u0146u;<\/span><\/li>\n<li style=\"font-weight: 400;\"><span style=\"font-weight: 400;\">Miner\u0101lu nogulsnes var rasties gan uz aeratora, gan uz du\u0161as klausules. Ja J\u016bs regul\u0101ri t\u012br\u012bsiet du\u0161as klausuli, palielin\u0101sies t\u0101s kalpo\u0161anas ilgums. Du\u0161as klausule tiek t\u012br\u012bta t\u0101d\u0101 pa\u0161\u0101 veid\u0101 k\u0101 aerators;<\/span><\/li>\n<li style=\"font-weight: 400;\"><span style=\"font-weight: 400;\">Ik pa laikam nomainiet standarta deta\u013cas, piem\u0113ram, starplikas un aeratorus;<\/span><\/li>\n<li style=\"font-weight: 400;\"><span style=\"font-weight: 400;\">M\u0113s iesak\u0101m uzst\u0101d\u012bt filtrus, lai izvair\u012btos no net\u012brumu da\u013ci\u0146\u0101m jauc\u0113jkr\u0101na iek\u0161pus\u0113;<\/span><\/li>\n<li style=\"font-weight: 400;\"><span style=\"font-weight: 400;\">Ja telpas ziemas laik\u0101 netiek apsild\u012btas un temperat\u016bra nokr\u012btas zem 0 \u00b0C, \u0101rk\u0101rt\u012bgi svar\u012bgi ir atsl\u0113gt \u016bdens padevi un izlaist \u016bdeni no caurul\u0113m.<\/span><\/li>\n<\/ol>\n<\/div>\n<\/div><\/div><\/div><div id=\"panel-12439-0-1-1\" class=\"so-panel widget widget_sow-editor panel-last-child\" data-index=\"2\" ><div class=\"shadow-box  animate animate-1 download-btn panel-widget-style panel-widget-style-for-12439-0-1-1\" ><div\n\t\t\t\n\t\t\tclass=\"so-widget-sow-editor so-widget-sow-editor-base\"\n\t\t\t\n\t\t>\n<div class=\"siteorigin-widget-tinymce textwidget\">\n\t<h2><strong><span class=\"ui-provider vk b c d e f g h i j k l m n o p q r s t u v w x y z ab ac ae af ag ah ai aj ak\" dir=\"ltr\">KAIP VALYTI MATINIUS SPALVOTUS PAVIR\u0160IUS<\/span><\/strong><\/h2>\n<div class=\"dash style-dark\"><\/div>\n<p><img loading=\"lazy\" decoding=\"async\" class=\"size-medium wp-image-25598 alignleft\" src=\"data:image\/gif;base64,R0lGODdhAQABAPAAAP\/\/\/wAAACwAAAAAAQABAEACAkQBADs=\" data-lazy-src=\"https:\/\/rubineta.com\/wp-content\/uploads\/2023\/01\/Rubineta_cleaning_matt_surfaces-300x300.jpg\" alt=\"\" width=\"300\" height=\"300\" data-lazy-srcset=\"https:\/\/rubineta.com\/wp-content\/uploads\/2023\/01\/Rubineta_cleaning_matt_surfaces-300x300.jpg 300w, https:\/\/rubineta.com\/wp-content\/uploads\/2023\/01\/Rubineta_cleaning_matt_surfaces-150x150.jpg 150w, https:\/\/rubineta.com\/wp-content\/uploads\/2023\/01\/Rubineta_cleaning_matt_surfaces-72x72.jpg 72w, https:\/\/rubineta.com\/wp-content\/uploads\/2023\/01\/Rubineta_cleaning_matt_surfaces-100x100.jpg 100w\" data-lazy-sizes=\"auto, (max-width: 300px) 100vw, 300px\" \/><noscript><img loading=\"lazy\" decoding=\"async\" class=\"size-medium wp-image-25598 alignleft\" src=\"data:image\/gif;base64,R0lGODdhAQABAPAAAP\/\/\/wAAACwAAAAAAQABAEACAkQBADs=\" data-lazy-src=\"https:\/\/rubineta.com\/wp-content\/uploads\/2023\/01\/Rubineta_cleaning_matt_surfaces-300x300.jpg\" alt=\"\" width=\"300\" height=\"300\" data-lazy-srcset=\"https:\/\/rubineta.com\/wp-content\/uploads\/2023\/01\/Rubineta_cleaning_matt_surfaces-300x300.jpg 300w, https:\/\/rubineta.com\/wp-content\/uploads\/2023\/01\/Rubineta_cleaning_matt_surfaces-150x150.jpg 150w, https:\/\/rubineta.com\/wp-content\/uploads\/2023\/01\/Rubineta_cleaning_matt_surfaces-72x72.jpg 72w, https:\/\/rubineta.com\/wp-content\/uploads\/2023\/01\/Rubineta_cleaning_matt_surfaces-100x100.jpg 100w\" data-lazy-sizes=\"auto, (max-width: 300px) 100vw, 300px\" \/><noscript><img loading=\"lazy\" decoding=\"async\" class=\"size-medium wp-image-25598 alignleft\" src=\"https:\/\/rubineta.com\/wp-content\/uploads\/2023\/01\/Rubineta_cleaning_matt_surfaces-300x300.jpg\" alt=\"\" width=\"300\" height=\"300\" srcset=\"https:\/\/rubineta.com\/wp-content\/uploads\/2023\/01\/Rubineta_cleaning_matt_surfaces-300x300.jpg 300w, https:\/\/rubineta.com\/wp-content\/uploads\/2023\/01\/Rubineta_cleaning_matt_surfaces-150x150.jpg 150w, https:\/\/rubineta.com\/wp-content\/uploads\/2023\/01\/Rubineta_cleaning_matt_surfaces-72x72.jpg 72w, https:\/\/rubineta.com\/wp-content\/uploads\/2023\/01\/Rubineta_cleaning_matt_surfaces-100x100.jpg 100w\" sizes=\"auto, (max-width: 300px) 100vw, 300px\" \/><\/noscript><\/noscript><\/p>\n<p><span style=\"font-weight: 400;\">\u2022 Da\u017enam valymui rekomenduojame naudoti \u0161veln\u0173 plovikl\u012f. Pavyzd\u017eiui, \u016bki\u0161k\u0105 muil\u0105.<\/span><\/p>\n<p>\u2022 Valykite nuo mai\u0161ytuvo\/du\u0161o kolonos vir\u0161aus link apa\u010dios, \u0161velniai braukdami, vengdami stipresnio \u0161veitimo. Po valymo nuplaukite pavir\u0161i\u0173, kad nelikt\u0173 naudoto ploviklio p\u0117dsak\u0173.<\/p>\n<p>\u2022 Pasinaudoj\u0119, nusausinkite mai\u0161ytuv\u0105, du\u0161o kolon\u0105 ar du\u0161o galvut\u0119 mink\u0161tu mikropluo\u0161to audiniu. Tokiu b\u016bdu produktas be apna\u0161\u0173 i\u0161liks ilgesn\u012f laik\u0105.<\/p>\n<p>\u2022 Jei ant J\u016bs\u0173 mai\u0161ytuvo yra kalki\u0173 nuos\u0117d\u0173, galite pabandyti naudoti \u0161veln\u0173, namuose pagamint\u0105 plovikl\u012f, kuriame yra \u0161iek tiek citrinos r\u016bg\u0161ties (i\u0161spaust\u0173 citrinos sul\u010di\u0173), arba valikl\u012f be stipri\u0173 chemini\u0173 med\u017eiag\u0173. <\/p>\n<h5><strong>D\u0116MESIO! NEGALIMA NAUDOTI<\/strong><\/h5>\n<p>\u2022 \u0160veitikli\u0173 su abrazyvin\u0117mis dalel\u0117mis;<\/p>\n<p>\u2022 Nenat\u016brali\u0173 chemini\u0173 med\u017eiag\u0173;<\/p>\n<p>\u2022 Valikli\u0173 su ne\u017einoma chemine sud\u0117timi;<\/p>\n<p>\u2022 \u0116daus tirpiklio;<\/p>\n<p>\u2022 Baliklio;<\/p>\n<p>\u2022 Druskos, chloro, fosforo, koncentruotos acto r\u016bg\u0161ties ar kit\u0173 kenksming\u0173, agresyvi\u0173 r\u016bg\u0161\u010di\u0173. <\/p>\n<p>&nbsp;<\/p>\n<\/div>\n<\/div><\/div><\/div><\/div><\/div><\/div><div id=\"pg-12439-1\"  class=\"panel-grid panel-has-style\" ><div class=\"panel-row-style panel-row-style-for-12439-1\" ><div id=\"pgc-12439-1-0\"  class=\"panel-grid-cell\" ><div id=\"panel-12439-1-0-0\" class=\"so-panel widget widget_media_video panel-first-child\" data-index=\"3\" ><div style=\"width:100%;\" class=\"wp-video\"><!--[if lt IE 9]><script>document.createElement('video');<\/script><![endif]-->\n<video class=\"wp-video-shortcode\" id=\"video-12439-1\" preload=\"metadata\" controls=\"controls\"><source type=\"video\/youtube\" src=\"https:\/\/www.youtube.com\/watch?v=O08lAIkqIKI&#038;_=1\" \/><a href=\"https:\/\/www.youtube.com\/watch?v=O08lAIkqIKI\">https:\/\/www.youtube.com\/watch?v=O08lAIkqIKI<\/a><\/video><\/div><\/div><div id=\"panel-12439-1-0-1\" class=\"so-panel widget widget_sow-editor panel-last-child\" data-index=\"4\" ><div class=\"animate animate-1 panel-widget-style panel-widget-style-for-12439-1-0-1\" ><div\n\t\t\t\n\t\t\tclass=\"so-widget-sow-editor so-widget-sow-editor-base\"\n\t\t\t\n\t\t>\n<div class=\"siteorigin-widget-tinymce textwidget\">\n\t<p><span class=\"subtitle dash-true style-dark\">AERATORU APKOPE UN T\u012aR\u012a\u0160ANA<\/span><\/p>\n<\/div>\n<\/div><\/div><\/div><\/div><div id=\"pgc-12439-1-1\"  class=\"panel-grid-cell\" ><div id=\"panel-12439-1-1-0\" class=\"so-panel widget widget_media_video panel-first-child\" data-index=\"5\" ><div style=\"width:100%;\" class=\"wp-video\"><video class=\"wp-video-shortcode\" id=\"video-12439-2\" preload=\"metadata\" controls=\"controls\"><source type=\"video\/youtube\" src=\"https:\/\/youtu.be\/qlIwWCdX5fQ?_=2\" \/><a href=\"https:\/\/youtu.be\/qlIwWCdX5fQ\">https:\/\/youtu.be\/qlIwWCdX5fQ<\/a><\/video><\/div><\/div><div id=\"panel-12439-1-1-1\" class=\"so-panel widget widget_sow-editor panel-last-child\" data-index=\"6\" ><div class=\"animate animate-1 panel-widget-style panel-widget-style-for-12439-1-1-1\" ><div\n\t\t\t\n\t\t\tclass=\"so-widget-sow-editor so-widget-sow-editor-base\"\n\t\t\t\n\t\t>\n<div class=\"siteorigin-widget-tinymce textwidget\">\n\t<p><span class=\"subtitle dash-true style-dark\">UZTUR\u0112\u0160ANAS UN T\u012aR\u012a\u0160ANAS DU\u0160AS GALVA<\/span><\/p>\n<\/div>\n<\/div><\/div><\/div><\/div><\/div><\/div><div id=\"pg-12439-2\"  class=\"panel-grid panel-has-style\" ><div class=\"cta-home cta-dark siteorigin-panels-stretch lazy rocket-lazyload panel-row-style panel-row-style-for-12439-2\" data-stretch-type=\"full\" data-bg=\"https:\/\/rubineta.com\/wp-content\/uploads\/2018\/08\/rubineta-modena-cta.png\" ><div id=\"pgc-12439-2-0\"  class=\"panel-grid-cell panel-grid-cell-mobile-last\" ><div id=\"panel-12439-2-0-0\" class=\"so-panel widget widget_black-studio-tinymce widget_black_studio_tinymce panel-first-child panel-last-child\" data-index=\"7\" ><div class=\"animate animate-1 panel-widget-style panel-widget-style-for-12439-2-0-0\" ><div class=\"textwidget\"><p><span class=\"subtitle dash-true style-dark\">RUBINETA PRECES<\/span><\/p>\n<h2>Skat\u012bt m\u016bsu pre\u010du katalogu<\/h2>\n<p><a href=\"\/series\/\" class=\"btn btn-btn-read-more arrow-right\" target=\"_self\"><span>Las\u012bt vair\u0101k<\/span><\/a><\/p>\n<\/div><\/div><\/div><\/div><div id=\"pgc-12439-2-1\"  class=\"panel-grid-cell panel-grid-cell-empty\" ><\/div><\/div><\/div><\/div>","protected":false},"excerpt":{"rendered":"<p>Jauc\u0113jkr\u0101nu un to piederumu apkopes instrukcijas M\u0113s iesak\u0101m r\u016bp\u0113ties par jauc\u0113jkr\u0101niem un du\u0161as piederumiem \u2013 \u0161\u0101d\u0101 veid\u0101 J\u016bs palielin\u0101siet to [&hellip;]<\/p>\n","protected":false},"author":1,"featured_media":0,"parent":0,"menu_order":0,"comment_status":"closed","ping_status":"closed","template":"","meta":{"footnotes":""},"class_list":["post-12439","page","type-page","status-publish","hentry"],"yoast_head":"<!-- This site is optimized with the Yoast SEO plugin v23.9 - https:\/\/yoast.com\/wordpress\/plugins\/seo\/ -->\n<title>Jauc\u0113jkr\u0101nu un to piederumu apkopes instrukcijas | RUBINETA<\/title>\n<meta name=\"description\" content=\"Rekomenduojame r\u016bpintis mai\u0161ytuvu ir du\u0161o \u012franga, nes taip prailginsite j\u0173 tarnavimo trukm\u0119 ir i\u0161vengsite gedim\u0173, atsiradusi\u0173 d\u0117l produkto eksploatacijos.\" \/>\n<meta name=\"robots\" content=\"index, follow, max-snippet:-1, max-image-preview:large, max-video-preview:-1\" \/>\n<link rel=\"canonical\" href=\"https:\/\/rubineta.com\/ru\/tips-how-to-clean-faucets\/\" \/>\n<meta name=\"twitter:label1\" content=\"Est. reading time\" \/>\n\t<meta name=\"twitter:data1\" content=\"6 minutes\" \/>\n<script type=\"application\/ld+json\" class=\"yoast-schema-graph\">{\"@context\":\"https:\/\/schema.org\",\"@graph\":[{\"@type\":\"WebPage\",\"@id\":\"https:\/\/rubineta.com\/ru\/tips-how-to-clean-faucets\/\",\"url\":\"https:\/\/rubineta.com\/ru\/tips-how-to-clean-faucets\/\",\"name\":\"[:lt]Produkcijos prie\u017ei\u016bros rekomendacijos[:en]Tips how to clean faucets[:ru]\u0420\u0435\u043a\u043e\u043c\u0435\u043d\u0434\u0430\u0446\u0438\u0438 \u043f\u043e \u0443\u0445\u043e\u0434\u0443 \u0437\u0430 \u0441\u043c\u0435\u0441\u0438\u0442\u0435\u043b\u044f\u043c\u0438 \u0438 \u0441\u0430\u043d\u0442\u0435\u0445\u043d\u0438\u0447\u0435\u0441\u043a\u0438\u043c\u0438 \u0438\u0437\u0434\u0435\u043b\u0438\u044f\u043c\u0438[:lv]Jauc\u0113jkr\u0101nu un to piederumu apkopes instrukcijas[:] | RUBINETA\",\"isPartOf\":{\"@id\":\"https:\/\/rubineta.com\/#website\"},\"primaryImageOfPage\":{\"@id\":\"https:\/\/rubineta.com\/ru\/tips-how-to-clean-faucets\/#primaryimage\"},\"image\":{\"@id\":\"https:\/\/rubineta.com\/ru\/tips-how-to-clean-faucets\/#primaryimage\"},\"thumbnailUrl\":\"https:\/\/rubineta.com\/wp-content\/uploads\/2023\/01\/Rubineta_cleaning_matt_surfaces-300x300.jpg\",\"datePublished\":\"2018-08-21T04:19:16+00:00\",\"dateModified\":\"2023-01-26T12:29:10+00:00\",\"description\":\"Rekomenduojame r\u016bpintis mai\u0161ytuvu ir du\u0161o \u012franga, nes taip prailginsite j\u0173 tarnavimo trukm\u0119 ir i\u0161vengsite gedim\u0173, atsiradusi\u0173 d\u0117l produkto eksploatacijos.\",\"breadcrumb\":{\"@id\":\"https:\/\/rubineta.com\/ru\/tips-how-to-clean-faucets\/#breadcrumb\"},\"inLanguage\":\"lv-LV\",\"potentialAction\":[{\"@type\":\"ReadAction\",\"target\":[\"https:\/\/rubineta.com\/ru\/tips-how-to-clean-faucets\/\"]}]},{\"@type\":\"ImageObject\",\"inLanguage\":\"lv-LV\",\"@id\":\"https:\/\/rubineta.com\/ru\/tips-how-to-clean-faucets\/#primaryimage\",\"url\":\"https:\/\/rubineta.com\/wp-content\/uploads\/2023\/01\/Rubineta_cleaning_matt_surfaces-300x300.jpg\",\"contentUrl\":\"https:\/\/rubineta.com\/wp-content\/uploads\/2023\/01\/Rubineta_cleaning_matt_surfaces-300x300.jpg\"},{\"@type\":\"BreadcrumbList\",\"@id\":\"https:\/\/rubineta.com\/ru\/tips-how-to-clean-faucets\/#breadcrumb\",\"itemListElement\":[{\"@type\":\"ListItem\",\"position\":1,\"name\":\"Home\",\"item\":\"https:\/\/rubineta.com\/lv\/\"},{\"@type\":\"ListItem\",\"position\":2,\"name\":\"\u0420\u0435\u043a\u043e\u043c\u0435\u043d\u0434\u0430\u0446\u0438\u0438 \u043f\u043e \u0443\u0445\u043e\u0434\u0443 \u0437\u0430 \u0441\u043c\u0435\u0441\u0438\u0442\u0435\u043b\u044f\u043c\u0438 \u0438 \u0441\u0430\u043d\u0442\u0435\u0445\u043d\u0438\u0447\u0435\u0441\u043a\u0438\u043c\u0438 \u0438\u0437\u0434\u0435\u043b\u0438\u044f\u043c\u0438\"}]},{\"@type\":\"WebSite\",\"@id\":\"https:\/\/rubineta.com\/#website\",\"url\":\"https:\/\/rubineta.com\/\",\"name\":\"Rubineta - Quality And Reliable Sanitary Fittings\",\"description\":\"High Quality And Reliable Faucets\",\"publisher\":{\"@id\":\"https:\/\/rubineta.com\/#organization\"},\"potentialAction\":[{\"@type\":\"SearchAction\",\"target\":{\"@type\":\"EntryPoint\",\"urlTemplate\":\"https:\/\/rubineta.com\/?s={search_term_string}\"},\"query-input\":{\"@type\":\"PropertyValueSpecification\",\"valueRequired\":true,\"valueName\":\"search_term_string\"}}],\"inLanguage\":\"lv-LV\"},{\"@type\":\"Organization\",\"@id\":\"https:\/\/rubineta.com\/#organization\",\"name\":\"RUBINETA\",\"url\":\"https:\/\/rubineta.com\/\",\"logo\":{\"@type\":\"ImageObject\",\"inLanguage\":\"lv-LV\",\"@id\":\"https:\/\/rubineta.com\/#\/schema\/logo\/image\/\",\"url\":\"https:\/\/rubineta.com\/wp-content\/uploads\/2020\/07\/RUBINETA-logo.jpg\",\"contentUrl\":\"https:\/\/rubineta.com\/wp-content\/uploads\/2020\/07\/RUBINETA-logo.jpg\",\"width\":825,\"height\":456,\"caption\":\"RUBINETA\"},\"image\":{\"@id\":\"https:\/\/rubineta.com\/#\/schema\/logo\/image\/\"}}]}<\/script>\n<!-- \/ Yoast SEO plugin. -->","yoast_head_json":{"title":"[:lt]Produkcijos prie\u017ei\u016bros rekomendacijos[:en]Tips how to clean faucets[:ru]\u0420\u0435\u043a\u043e\u043c\u0435\u043d\u0434\u0430\u0446\u0438\u0438 \u043f\u043e \u0443\u0445\u043e\u0434\u0443 \u0437\u0430 \u0441\u043c\u0435\u0441\u0438\u0442\u0435\u043b\u044f\u043c\u0438 \u0438 \u0441\u0430\u043d\u0442\u0435\u0445\u043d\u0438\u0447\u0435\u0441\u043a\u0438\u043c\u0438 \u0438\u0437\u0434\u0435\u043b\u0438\u044f\u043c\u0438[:lv]Jauc\u0113jkr\u0101nu un to piederumu apkopes instrukcijas[:] | RUBINETA","description":"Rekomenduojame r\u016bpintis mai\u0161ytuvu ir du\u0161o \u012franga, nes taip prailginsite j\u0173 tarnavimo trukm\u0119 ir i\u0161vengsite gedim\u0173, atsiradusi\u0173 d\u0117l produkto eksploatacijos.","robots":{"index":"index","follow":"follow","max-snippet":"max-snippet:-1","max-image-preview":"max-image-preview:large","max-video-preview":"max-video-preview:-1"},"canonical":"https:\/\/rubineta.com\/ru\/tips-how-to-clean-faucets\/","twitter_misc":{"Est. reading time":"6 minutes"},"schema":{"@context":"https:\/\/schema.org","@graph":[{"@type":"WebPage","@id":"https:\/\/rubineta.com\/ru\/tips-how-to-clean-faucets\/","url":"https:\/\/rubineta.com\/ru\/tips-how-to-clean-faucets\/","name":"[:lt]Produkcijos prie\u017ei\u016bros rekomendacijos[:en]Tips how to clean faucets[:ru]\u0420\u0435\u043a\u043e\u043c\u0435\u043d\u0434\u0430\u0446\u0438\u0438 \u043f\u043e \u0443\u0445\u043e\u0434\u0443 \u0437\u0430 \u0441\u043c\u0435\u0441\u0438\u0442\u0435\u043b\u044f\u043c\u0438 \u0438 \u0441\u0430\u043d\u0442\u0435\u0445\u043d\u0438\u0447\u0435\u0441\u043a\u0438\u043c\u0438 \u0438\u0437\u0434\u0435\u043b\u0438\u044f\u043c\u0438[:lv]Jauc\u0113jkr\u0101nu un to piederumu apkopes instrukcijas[:] | RUBINETA","isPartOf":{"@id":"https:\/\/rubineta.com\/#website"},"primaryImageOfPage":{"@id":"https:\/\/rubineta.com\/ru\/tips-how-to-clean-faucets\/#primaryimage"},"image":{"@id":"https:\/\/rubineta.com\/ru\/tips-how-to-clean-faucets\/#primaryimage"},"thumbnailUrl":"https:\/\/rubineta.com\/wp-content\/uploads\/2023\/01\/Rubineta_cleaning_matt_surfaces-300x300.jpg","datePublished":"2018-08-21T04:19:16+00:00","dateModified":"2023-01-26T12:29:10+00:00","description":"Rekomenduojame r\u016bpintis mai\u0161ytuvu ir du\u0161o \u012franga, nes taip prailginsite j\u0173 tarnavimo trukm\u0119 ir i\u0161vengsite gedim\u0173, atsiradusi\u0173 d\u0117l produkto eksploatacijos.","breadcrumb":{"@id":"https:\/\/rubineta.com\/ru\/tips-how-to-clean-faucets\/#breadcrumb"},"inLanguage":"lv-LV","potentialAction":[{"@type":"ReadAction","target":["https:\/\/rubineta.com\/ru\/tips-how-to-clean-faucets\/"]}]},{"@type":"ImageObject","inLanguage":"lv-LV","@id":"https:\/\/rubineta.com\/ru\/tips-how-to-clean-faucets\/#primaryimage","url":"https:\/\/rubineta.com\/wp-content\/uploads\/2023\/01\/Rubineta_cleaning_matt_surfaces-300x300.jpg","contentUrl":"https:\/\/rubineta.com\/wp-content\/uploads\/2023\/01\/Rubineta_cleaning_matt_surfaces-300x300.jpg"},{"@type":"BreadcrumbList","@id":"https:\/\/rubineta.com\/ru\/tips-how-to-clean-faucets\/#breadcrumb","itemListElement":[{"@type":"ListItem","position":1,"name":"Home","item":"https:\/\/rubineta.com\/lv\/"},{"@type":"ListItem","position":2,"name":"\u0420\u0435\u043a\u043e\u043c\u0435\u043d\u0434\u0430\u0446\u0438\u0438 \u043f\u043e \u0443\u0445\u043e\u0434\u0443 \u0437\u0430 \u0441\u043c\u0435\u0441\u0438\u0442\u0435\u043b\u044f\u043c\u0438 \u0438 \u0441\u0430\u043d\u0442\u0435\u0445\u043d\u0438\u0447\u0435\u0441\u043a\u0438\u043c\u0438 \u0438\u0437\u0434\u0435\u043b\u0438\u044f\u043c\u0438"}]},{"@type":"WebSite","@id":"https:\/\/rubineta.com\/#website","url":"https:\/\/rubineta.com\/","name":"Rubineta - Quality And Reliable Sanitary Fittings","description":"High Quality And Reliable Faucets","publisher":{"@id":"https:\/\/rubineta.com\/#organization"},"potentialAction":[{"@type":"SearchAction","target":{"@type":"EntryPoint","urlTemplate":"https:\/\/rubineta.com\/?s={search_term_string}"},"query-input":{"@type":"PropertyValueSpecification","valueRequired":true,"valueName":"search_term_string"}}],"inLanguage":"lv-LV"},{"@type":"Organization","@id":"https:\/\/rubineta.com\/#organization","name":"RUBINETA","url":"https:\/\/rubineta.com\/","logo":{"@type":"ImageObject","inLanguage":"lv-LV","@id":"https:\/\/rubineta.com\/#\/schema\/logo\/image\/","url":"https:\/\/rubineta.com\/wp-content\/uploads\/2020\/07\/RUBINETA-logo.jpg","contentUrl":"https:\/\/rubineta.com\/wp-content\/uploads\/2020\/07\/RUBINETA-logo.jpg","width":825,"height":456,"caption":"RUBINETA"},"image":{"@id":"https:\/\/rubineta.com\/#\/schema\/logo\/image\/"}}]}},"_links":{"self":[{"href":"https:\/\/rubineta.com\/lv\/wp-json\/wp\/v2\/pages\/12439","targetHints":{"allow":["GET"]}}],"collection":[{"href":"https:\/\/rubineta.com\/lv\/wp-json\/wp\/v2\/pages"}],"about":[{"href":"https:\/\/rubineta.com\/lv\/wp-json\/wp\/v2\/types\/page"}],"author":[{"embeddable":true,"href":"https:\/\/rubineta.com\/lv\/wp-json\/wp\/v2\/users\/1"}],"replies":[{"embeddable":true,"href":"https:\/\/rubineta.com\/lv\/wp-json\/wp\/v2\/comments?post=12439"}],"version-history":[{"count":4,"href":"https:\/\/rubineta.com\/lv\/wp-json\/wp\/v2\/pages\/12439\/revisions"}],"predecessor-version":[{"id":25602,"href":"https:\/\/rubineta.com\/lv\/wp-json\/wp\/v2\/pages\/12439\/revisions\/25602"}],"wp:attachment":[{"href":"https:\/\/rubineta.com\/lv\/wp-json\/wp\/v2\/media?parent=12439"}],"curies":[{"name":"wp","href":"https:\/\/api.w.org\/{rel}","templated":true}]}}