{"id":16139,"date":"2018-10-24T06:01:07","date_gmt":"2018-10-24T08:01:07","guid":{"rendered":"http:\/\/rubineta.com\/?page_id=16139"},"modified":"2020-08-07T18:18:05","modified_gmt":"2020-08-07T20:18:05","slug":"kaip-pasirinkti-tinkama-vandens-maisytuva","status":"publish","type":"page","link":"https:\/\/rubineta.com\/lv\/kaip-pasirinkti-tinkama-vandens-maisytuva\/","title":{"rendered":"K\u0101 izv\u0113l\u0113ties augstas kvalit\u0101tes jauc\u0113jkr\u0101nu?"},"content":{"rendered":"<div id=\"pl-16139\"  class=\"panel-layout\" ><div id=\"pg-16139-0\"  class=\"panel-grid panel-has-style\" ><div class=\"siteorigin-panels-stretch lazy rocket-lazyload panel-row-style panel-row-style-for-16139-0\" data-stretch-type=\"full\" data-bg=\"https:\/\/rubineta.com\/wp-content\/uploads\/2018\/10\/maisytuvas-Aero.jpg\" ><div id=\"pgc-16139-0-0\"  class=\"panel-grid-cell\" ><div id=\"panel-16139-0-0-0\" class=\"so-panel widget widget_nav_menu panel-first-child panel-last-child\" data-index=\"0\" ><div class=\"produktas-sidebar panel-widget-style panel-widget-style-for-16139-0-0-0\" ><h3 class=\"widget-title\">\u041cana prece<\/h3><div class=\"menu-naudinga-info-container\"><ul id=\"menu-naudinga-info\" class=\"menu\"><li id=\"menu-item-20815\" class=\"menu-item menu-item-type-post_type menu-item-object-page menu-item-20815\"><a href=\"https:\/\/rubineta.com\/lv\/my-product\/\">Garantijas serviss<\/a><\/li>\n<li id=\"menu-item-11940\" class=\"menu-item menu-item-type-post_type menu-item-object-page menu-item-11940\"><a href=\"https:\/\/rubineta.com\/lv\/civil-liability-insurance\/\">Civiltiesisk\u0101s atbild\u012bbas apdro\u0161in\u0101\u0161ana<\/a><\/li>\n<li id=\"menu-item-12445\" class=\"menu-item menu-item-type-post_type menu-item-object-page menu-item-12445\"><a href=\"https:\/\/rubineta.com\/lv\/tips-how-to-clean-faucets\/\">Jauc\u0113jkr\u0101nu un to piederumu apkopes instrukcijas<\/a><\/li>\n<li id=\"menu-item-16143\" class=\"menu-item menu-item-type-post_type menu-item-object-page menu-item-16143\"><a href=\"https:\/\/rubineta.com\/lv\/kaip-pasirinkti-tinkama-vandens-maisytuva\/\">K\u0101 izv\u0113l\u0113ties augstas kvalit\u0101tes jauc\u0113jkr\u0101nu?<\/a><\/li>\n<li id=\"menu-item-24391\" class=\"menu-item menu-item-type-post_type menu-item-object-page menu-item-24391\"><a href=\"https:\/\/rubineta.com\/lv\/katalogai-ir-brosiuros\/\">Catalogues and brochures<\/a><\/li>\n<\/ul><\/div><\/div><\/div><\/div><div id=\"pgc-16139-0-1\"  class=\"panel-grid-cell\" ><div id=\"panel-16139-0-1-0\" class=\"so-panel widget widget_sow-editor panel-first-child panel-last-child\" data-index=\"1\" ><div class=\"shadow-box o animate animate-1 download-btn panel-widget-style panel-widget-style-for-16139-0-1-0\" ><div\n\t\t\t\n\t\t\tclass=\"so-widget-sow-editor so-widget-sow-editor-base\"\n\t\t\t\n\t\t><h3 class=\"widget-title\">K\u0101 izv\u0113l\u0113ties augstas kvalit\u0101tes jauc\u0113jkr\u0101nu?<\/h3>\n<div class=\"siteorigin-widget-tinymce textwidget\">\n\t<div class=\"dash style-dark\"><\/div>\n<p>Speci\u0101listi l\u0113\u0161, ka vid\u0113j\u0101 \u0123imene iesl\u0113dz un izsl\u0113dz \u016bdens jauc\u0113jkr\u0101nu l\u012bdz desmit t\u016bksto\u0161iem rei\u017eu gad\u0101. Tikai augstas kvalit\u0101tes un uzticami jauc\u0113jkr\u0101ni var iztur\u0113t \u0161\u0101du slodzi.<\/p>\n<p><strong>Saska\u0146\u0101 ar konstrukciju un dizainu jauc\u0113jkr\u0101ni ir sadal\u012bti vair\u0101kos veidos:<\/strong><\/p><\/p>\n<\/div>\n<\/div><\/div><\/div><\/div><\/div><\/div><div id=\"pg-16139-1\"  class=\"panel-grid panel-has-style\" ><div class=\"siteorigin-panels-stretch panel-row-style panel-row-style-for-16139-1\" data-stretch-type=\"full\" ><div id=\"pgc-16139-1-0\"  class=\"panel-grid-cell\" ><div id=\"panel-16139-1-0-0\" class=\"so-panel widget widget_sow-image panel-first-child panel-last-child\" data-index=\"2\" ><div\n\t\t\t\n\t\t\tclass=\"so-widget-sow-image so-widget-sow-image-default-8b5b6f678277-16139\"\n\t\t\t\n\t\t>\n\n<div class=\"sow-image-container\">\n\t\t<img loading=\"lazy\" decoding=\"async\" src=\"data:image\/gif;base64,R0lGODdhAQABAPAAAP\/\/\/wAAACwAAAAAAQABAEACAkQBADs=\" data-lazy-src=\"https:\/\/rubineta.com\/wp-content\/uploads\/2019\/02\/toscana-maisytuvas.jpg\" width=\"1000\" height=\"1000\" data-lazy-srcset=\"https:\/\/rubineta.com\/wp-content\/uploads\/2019\/02\/toscana-maisytuvas.jpg 1000w, https:\/\/rubineta.com\/wp-content\/uploads\/2019\/02\/toscana-maisytuvas-300x300.jpg 300w, https:\/\/rubineta.com\/wp-content\/uploads\/2019\/02\/toscana-maisytuvas-100x100.jpg 100w, https:\/\/rubineta.com\/wp-content\/uploads\/2019\/02\/toscana-maisytuvas-600x600.jpg 600w, https:\/\/rubineta.com\/wp-content\/uploads\/2019\/02\/toscana-maisytuvas-150x150.jpg 150w, https:\/\/rubineta.com\/wp-content\/uploads\/2019\/02\/toscana-maisytuvas-768x768.jpg 768w, https:\/\/rubineta.com\/wp-content\/uploads\/2019\/02\/toscana-maisytuvas-580x580.jpg 580w, https:\/\/rubineta.com\/wp-content\/uploads\/2019\/02\/toscana-maisytuvas-220x220.jpg 220w, https:\/\/rubineta.com\/wp-content\/uploads\/2019\/02\/toscana-maisytuvas-450x450.jpg 450w, https:\/\/rubineta.com\/wp-content\/uploads\/2019\/02\/toscana-maisytuvas-72x72.jpg 72w\" data-lazy-sizes=\"auto, (max-width: 1000px) 100vw, 1000px\" alt=\"toscana-maisytuvas\" \t\tclass=\"so-widget-image\"\/><noscript><img loading=\"lazy\" decoding=\"async\" src=\"https:\/\/rubineta.com\/wp-content\/uploads\/2019\/02\/toscana-maisytuvas.jpg\" width=\"1000\" height=\"1000\" srcset=\"https:\/\/rubineta.com\/wp-content\/uploads\/2019\/02\/toscana-maisytuvas.jpg 1000w, https:\/\/rubineta.com\/wp-content\/uploads\/2019\/02\/toscana-maisytuvas-300x300.jpg 300w, https:\/\/rubineta.com\/wp-content\/uploads\/2019\/02\/toscana-maisytuvas-100x100.jpg 100w, https:\/\/rubineta.com\/wp-content\/uploads\/2019\/02\/toscana-maisytuvas-600x600.jpg 600w, https:\/\/rubineta.com\/wp-content\/uploads\/2019\/02\/toscana-maisytuvas-150x150.jpg 150w, https:\/\/rubineta.com\/wp-content\/uploads\/2019\/02\/toscana-maisytuvas-768x768.jpg 768w, https:\/\/rubineta.com\/wp-content\/uploads\/2019\/02\/toscana-maisytuvas-580x580.jpg 580w, https:\/\/rubineta.com\/wp-content\/uploads\/2019\/02\/toscana-maisytuvas-220x220.jpg 220w, https:\/\/rubineta.com\/wp-content\/uploads\/2019\/02\/toscana-maisytuvas-450x450.jpg 450w, https:\/\/rubineta.com\/wp-content\/uploads\/2019\/02\/toscana-maisytuvas-72x72.jpg 72w\" sizes=\"auto, (max-width: 1000px) 100vw, 1000px\" alt=\"toscana-maisytuvas\" \t\tclass=\"so-widget-image\"\/><\/noscript>\n\t<\/div>\n\n<\/div><\/div><\/div><div id=\"pgc-16139-1-1\"  class=\"panel-grid-cell\" ><div id=\"panel-16139-1-1-0\" class=\"so-panel widget widget_sow-editor panel-first-child panel-last-child\" data-index=\"3\" ><div class=\"shadow-box  animate animate-1 download-btn panel-widget-style panel-widget-style-for-16139-1-1-0\" ><div\n\t\t\t\n\t\t\tclass=\"so-widget-sow-editor so-widget-sow-editor-base\"\n\t\t\t\n\t\t>\n<div class=\"siteorigin-widget-tinymce textwidget\">\n\t<\/p>\n<h2>Divv\u0101rstu<\/h2>\n<div class=\"dash style-dark\"><\/div>\n<p><strong>Ar diviem atsevi\u0161\u0137iem v\u0101rstiem\/svir\u0101m karstajam un aukstajam \u016bdenim.<\/strong><\/p>\n<ul>\n<li><strong>V\u0101rsti:<\/strong>\n<ul>\n<li>Pieejama cena<\/li>\n<li>Konstrukcijas vienk\u0101r\u0161\u012bba (uzst\u0101d\u012b\u0161anai un remontam)<\/li>\n<li>Gr\u016bt\u0101k ir iestat\u012bt temperat\u016bru un \u016bdens spiedienu<\/li>\n<\/ul>\n<\/li>\n<li><strong>Keramikas v\u0101rsti:<\/strong>\n<ul>\n<li>Ilgm\u016b\u017e\u012bba<\/li>\n<li>Konstrukcijas vienk\u0101r\u0161\u012bba (uzst\u0101d\u012b\u0161anai un remontam)<\/li>\n<li>\u0112rta spiediena un temperat\u016bras kontrole (grie\u0161an\u0101s le\u0146\u0137is 180\u00b0)<\/li>\n<\/ul>\n<\/li>\n<li><strong>Keramikas v\u0101rsti ar \"Pl\u016bsmas kontroles\" funkciju:<\/strong>\n<ul>\n<li>Tr\u012bsg\u0101jienu v\u0101rsti nodro\u0161ina prec\u012bz\u0101ku un \u0113rt\u0101ku \u016bdens spiediena regul\u0113\u0161anu, t\u0101d\u0113j\u0101di samazinot \u016bdens pat\u0113ri\u0146u (grie\u0161an\u0101s le\u0146\u0137is 270\u00b0)<\/li>\n<\/ul>\n<\/li>\n<\/ul>\n<\/div>\n<\/div><\/div><\/div><\/div><\/div><\/div><div id=\"pg-16139-2\"  class=\"panel-grid panel-has-style\" ><div class=\"siteorigin-panels-stretch panel-row-style panel-row-style-for-16139-2\" data-stretch-type=\"full\" ><div id=\"pgc-16139-2-0\"  class=\"panel-grid-cell\" ><div id=\"panel-16139-2-0-0\" class=\"so-panel widget widget_sow-editor panel-first-child panel-last-child\" data-index=\"4\" ><div class=\"shadow-box  animate animate-1 download-btn panel-widget-style panel-widget-style-for-16139-2-0-0\" ><div\n\t\t\t\n\t\t\tclass=\"so-widget-sow-editor so-widget-sow-editor-base\"\n\t\t\t\n\t\t>\n<div class=\"siteorigin-widget-tinymce textwidget\">\n\t<\/p>\n<h2>Viensviras<\/h2>\n<div class=\"dash style-dark\"><\/div>\n<p>Izmantojot \u0161\u0101da veida jauc\u0113jkr\u0101nu, \u016bdens temperat\u016bru un spiedienu vienm\u0113r\u012bgi kontrol\u0113 ar vienu sviru. Galvenais elements ir keramikas k\u0101rtrid\u017es.<\/p>\n<ul>\n<li style=\"font-weight: 400;\">Vienk\u0101r\u0161a regul\u0113\u0161ana ar vienu roku<\/li>\n<li style=\"font-weight: 400;\">Iztur\u012bba (keramikas k\u0101rtrid\u017eu vid\u0113jais kalpo\u0161anas laiks - 10 gadi)<\/li>\n<\/ul>\n<\/div>\n<\/div><\/div><\/div><\/div><div id=\"pgc-16139-2-1\"  class=\"panel-grid-cell\" ><div id=\"panel-16139-2-1-0\" class=\"so-panel widget widget_sow-image panel-first-child panel-last-child\" data-index=\"5\" ><div\n\t\t\t\n\t\t\tclass=\"so-widget-sow-image so-widget-sow-image-default-8b5b6f678277-16139\"\n\t\t\t\n\t\t>\n\n<div class=\"sow-image-container\">\n\t\t<img loading=\"lazy\" decoding=\"async\" src=\"data:image\/gif;base64,R0lGODdhAQABAPAAAP\/\/\/wAAACwAAAAAAQABAEACAkQBADs=\" data-lazy-src=\"https:\/\/rubineta.com\/wp-content\/uploads\/2018\/10\/Rubineta-serija-Uno-WT.jpg\" width=\"1000\" height=\"1000\" data-lazy-srcset=\"https:\/\/rubineta.com\/wp-content\/uploads\/2018\/10\/Rubineta-serija-Uno-WT.jpg 1000w, https:\/\/rubineta.com\/wp-content\/uploads\/2018\/10\/Rubineta-serija-Uno-WT-300x300.jpg 300w, https:\/\/rubineta.com\/wp-content\/uploads\/2018\/10\/Rubineta-serija-Uno-WT-100x100.jpg 100w, https:\/\/rubineta.com\/wp-content\/uploads\/2018\/10\/Rubineta-serija-Uno-WT-600x600.jpg 600w, https:\/\/rubineta.com\/wp-content\/uploads\/2018\/10\/Rubineta-serija-Uno-WT-150x150.jpg 150w, https:\/\/rubineta.com\/wp-content\/uploads\/2018\/10\/Rubineta-serija-Uno-WT-768x768.jpg 768w, https:\/\/rubineta.com\/wp-content\/uploads\/2018\/10\/Rubineta-serija-Uno-WT-72x72.jpg 72w\" data-lazy-sizes=\"auto, (max-width: 1000px) 100vw, 1000px\" alt=\"\" \t\tclass=\"so-widget-image\"\/><noscript><img loading=\"lazy\" decoding=\"async\" src=\"https:\/\/rubineta.com\/wp-content\/uploads\/2018\/10\/Rubineta-serija-Uno-WT.jpg\" width=\"1000\" height=\"1000\" srcset=\"https:\/\/rubineta.com\/wp-content\/uploads\/2018\/10\/Rubineta-serija-Uno-WT.jpg 1000w, https:\/\/rubineta.com\/wp-content\/uploads\/2018\/10\/Rubineta-serija-Uno-WT-300x300.jpg 300w, https:\/\/rubineta.com\/wp-content\/uploads\/2018\/10\/Rubineta-serija-Uno-WT-100x100.jpg 100w, https:\/\/rubineta.com\/wp-content\/uploads\/2018\/10\/Rubineta-serija-Uno-WT-600x600.jpg 600w, https:\/\/rubineta.com\/wp-content\/uploads\/2018\/10\/Rubineta-serija-Uno-WT-150x150.jpg 150w, https:\/\/rubineta.com\/wp-content\/uploads\/2018\/10\/Rubineta-serija-Uno-WT-768x768.jpg 768w, https:\/\/rubineta.com\/wp-content\/uploads\/2018\/10\/Rubineta-serija-Uno-WT-72x72.jpg 72w\" sizes=\"auto, (max-width: 1000px) 100vw, 1000px\" alt=\"\" \t\tclass=\"so-widget-image\"\/><\/noscript>\n\t<\/div>\n\n<\/div><\/div><\/div><\/div><\/div><div id=\"pg-16139-3\"  class=\"panel-grid panel-has-style\" ><div class=\"siteorigin-panels-stretch panel-row-style panel-row-style-for-16139-3\" data-stretch-type=\"full\" ><div id=\"pgc-16139-3-0\"  class=\"panel-grid-cell\" ><div id=\"panel-16139-3-0-0\" class=\"so-panel widget widget_sow-image panel-first-child panel-last-child\" data-index=\"6\" ><div\n\t\t\t\n\t\t\tclass=\"so-widget-sow-image so-widget-sow-image-default-8b5b6f678277-16139\"\n\t\t\t\n\t\t>\n\n<div class=\"sow-image-container\">\n\t\t<img loading=\"lazy\" decoding=\"async\" src=\"data:image\/gif;base64,R0lGODdhAQABAPAAAP\/\/\/wAAACwAAAAAAQABAEACAkQBADs=\" data-lazy-src=\"https:\/\/rubineta.com\/wp-content\/uploads\/2019\/02\/Thermo.jpg\" width=\"480\" height=\"320\" data-lazy-srcset=\"https:\/\/rubineta.com\/wp-content\/uploads\/2019\/02\/Thermo.jpg 480w, https:\/\/rubineta.com\/wp-content\/uploads\/2019\/02\/Thermo-300x200.jpg 300w, https:\/\/rubineta.com\/wp-content\/uploads\/2019\/02\/Thermo-330x220.jpg 330w, https:\/\/rubineta.com\/wp-content\/uploads\/2019\/02\/Thermo-360x240.jpg 360w, https:\/\/rubineta.com\/wp-content\/uploads\/2019\/02\/Thermo-420x280.jpg 420w, https:\/\/rubineta.com\/wp-content\/uploads\/2019\/02\/Thermo-272x182.jpg 272w\" data-lazy-sizes=\"auto, (max-width: 480px) 100vw, 480px\" alt=\"Thermo\" \t\tclass=\"so-widget-image\"\/><noscript><img loading=\"lazy\" decoding=\"async\" src=\"https:\/\/rubineta.com\/wp-content\/uploads\/2019\/02\/Thermo.jpg\" width=\"480\" height=\"320\" srcset=\"https:\/\/rubineta.com\/wp-content\/uploads\/2019\/02\/Thermo.jpg 480w, https:\/\/rubineta.com\/wp-content\/uploads\/2019\/02\/Thermo-300x200.jpg 300w, https:\/\/rubineta.com\/wp-content\/uploads\/2019\/02\/Thermo-330x220.jpg 330w, https:\/\/rubineta.com\/wp-content\/uploads\/2019\/02\/Thermo-360x240.jpg 360w, https:\/\/rubineta.com\/wp-content\/uploads\/2019\/02\/Thermo-420x280.jpg 420w, https:\/\/rubineta.com\/wp-content\/uploads\/2019\/02\/Thermo-272x182.jpg 272w\" sizes=\"auto, (max-width: 480px) 100vw, 480px\" alt=\"Thermo\" \t\tclass=\"so-widget-image\"\/><\/noscript>\n\t<\/div>\n\n<\/div><\/div><\/div><div id=\"pgc-16139-3-1\"  class=\"panel-grid-cell\" ><div id=\"panel-16139-3-1-0\" class=\"so-panel widget widget_sow-editor panel-first-child panel-last-child\" data-index=\"7\" ><div class=\"shadow-box animate animate-1 download-btn panel-widget-style panel-widget-style-for-16139-3-1-0\" ><div\n\t\t\t\n\t\t\tclass=\"so-widget-sow-editor so-widget-sow-editor-base\"\n\t\t\t\n\t\t>\n<div class=\"siteorigin-widget-tinymce textwidget\">\n\t<\/p>\n<h2>Termostatiskie<\/h2>\n<div class=\"dash style-dark\"><\/div>\n<p>\u0160ie jauc\u0113jkr\u0101ni sp\u0113j nodro\u0161in\u0101t \u016bdens padevi, uzturot iestat\u012bto temperat\u016bru, un \u0161\u0101di aizsarg\u0101jot lietot\u0101jus no iesp\u0113jamiem apdegumiem, kas rodas, ja main\u0101s \u016bdens temperat\u016bra un\/vai spiediens.<\/p>\n<p>Termostatiskajiem jauc\u0113jkr\u0101niem ir divas rot\u0113jo\u0161as sviras. Pirm\u0101 ir paredz\u0113ta \u016bdens spiediena regul\u0113\u0161anai, bet otr\u0101 - lai prec\u012bzi iestat\u012btu \u016bdens temperat\u016bru (uz t\u0101s nor\u0101d\u012bt\u0101 temperat\u016bras skala). Pietiek vienreiz iestat\u012bt temperat\u016bru, un tad J\u016bs varat main\u012bt tikai spiedienu.<\/p>\n<p>Bezkontakta (ma\u0146u). Jauc\u0113jkr\u0101ns izmanto infrasarkano sign\u0101lu, kas iesl\u0113dzas, tikl\u012bdz sensora darb\u012bbas zon\u0101 ir uztverta lietot\u0101ja roka. \u0160\u0101di jauc\u0113jkr\u0101ni ir iecien\u012bti sabiedriskaj\u0101s \u0113k\u0101s.<\/p><\/p>\n<\/div>\n<\/div><\/div><\/div><\/div><\/div><\/div><div id=\"pg-16139-4\"  class=\"panel-grid panel-has-style\" ><div class=\"cta-home cta-dark siteorigin-panels-stretch lazy rocket-lazyload panel-row-style panel-row-style-for-16139-4\" data-stretch-type=\"full\" data-bg=\"https:\/\/rubineta.com\/wp-content\/uploads\/2018\/08\/rubineta-modena-cta.png\" ><div id=\"pgc-16139-4-0\"  class=\"panel-grid-cell panel-grid-cell-mobile-last\" ><div id=\"panel-16139-4-0-0\" class=\"so-panel widget widget_black-studio-tinymce widget_black_studio_tinymce panel-first-child panel-last-child\" data-index=\"8\" ><div class=\"animate animate-1 panel-widget-style panel-widget-style-for-16139-4-0-0\" ><div class=\"textwidget\"><p><span class=\"subtitle dash-true style-dark\">RUBINETA PRECES<\/span><\/p>\n<h2>Skat\u012bt m\u016bsu pre\u010du katalogu<\/h2>\n<p><a href=\"\/series\/\" class=\"btn btn-btn-read-more arrow-right\" target=\"_self\"><span>Las\u012bt vair\u0101k<\/span><\/a><\/p>\n<\/div><\/div><\/div><\/div><div id=\"pgc-16139-4-1\"  class=\"panel-grid-cell panel-grid-cell-empty\" ><\/div><\/div><\/div><\/div>","protected":false},"excerpt":{"rendered":"<p>Speci\u0101listi l\u0113\u0161, ka vid\u0113j\u0101 \u0123imene iesl\u0113dz un izsl\u0113dz \u016bdens jauc\u0113jkr\u0101nu l\u012bdz desmit t\u016bksto\u0161iem rei\u017eu gad\u0101. Tikai augstas kvalit\u0101tes un uzticami [&hellip;]<\/p>\n","protected":false},"author":1,"featured_media":0,"parent":0,"menu_order":0,"comment_status":"closed","ping_status":"closed","template":"","meta":{"footnotes":""},"class_list":["post-16139","page","type-page","status-publish","hentry"],"yoast_head":"<!-- This site is optimized with the Yoast SEO plugin v23.9 - https:\/\/yoast.com\/wordpress\/plugins\/seo\/ -->\n<title>Kaip pasirinkti tinkam\u0105 vandens mai\u0161ytuv\u0105 | RUBINETA<\/title>\n<meta name=\"description\" content=\"Kaip pasirinkti tinkam\u0105 vandens mai\u0161ytuv\u0105? \u012e k\u0105 atkreipti d\u0117mes\u012f? Kuo skiriasi dviej\u0173 ranken\u0117li\u0173 mai\u0161ytuvai nuo vienos ranken\u0117l\u0117s.\" \/>\n<meta name=\"robots\" content=\"index, follow, max-snippet:-1, max-image-preview:large, max-video-preview:-1\" \/>\n<link rel=\"canonical\" href=\"https:\/\/rubineta.com\/kaip-pasirinkti-tinkama-vandens-maisytuva\/\" \/>\n<meta name=\"twitter:label1\" content=\"Est. reading time\" \/>\n\t<meta name=\"twitter:data1\" content=\"5 minutes\" \/>\n<script type=\"application\/ld+json\" class=\"yoast-schema-graph\">{\"@context\":\"https:\/\/schema.org\",\"@graph\":[{\"@type\":\"WebPage\",\"@id\":\"https:\/\/rubineta.com\/kaip-pasirinkti-tinkama-vandens-maisytuva\/\",\"url\":\"https:\/\/rubineta.com\/kaip-pasirinkti-tinkama-vandens-maisytuva\/\",\"name\":\"Kaip pasirinkti tinkam\u0105 vandens mai\u0161ytuv\u0105 | RUBINETA\",\"isPartOf\":{\"@id\":\"https:\/\/rubineta.com\/#website\"},\"datePublished\":\"2018-10-24T08:01:07+00:00\",\"dateModified\":\"2020-08-07T20:18:05+00:00\",\"description\":\"Kaip pasirinkti tinkam\u0105 vandens mai\u0161ytuv\u0105? \u012e k\u0105 atkreipti d\u0117mes\u012f? Kuo skiriasi dviej\u0173 ranken\u0117li\u0173 mai\u0161ytuvai nuo vienos ranken\u0117l\u0117s.\",\"breadcrumb\":{\"@id\":\"https:\/\/rubineta.com\/kaip-pasirinkti-tinkama-vandens-maisytuva\/#breadcrumb\"},\"inLanguage\":\"lv-LV\",\"potentialAction\":[{\"@type\":\"ReadAction\",\"target\":[\"https:\/\/rubineta.com\/kaip-pasirinkti-tinkama-vandens-maisytuva\/\"]}]},{\"@type\":\"BreadcrumbList\",\"@id\":\"https:\/\/rubineta.com\/kaip-pasirinkti-tinkama-vandens-maisytuva\/#breadcrumb\",\"itemListElement\":[{\"@type\":\"ListItem\",\"position\":1,\"name\":\"Home\",\"item\":\"https:\/\/rubineta.com\/lv\/\"},{\"@type\":\"ListItem\",\"position\":2,\"name\":\"How to choose a high quality faucet?\"}]},{\"@type\":\"WebSite\",\"@id\":\"https:\/\/rubineta.com\/#website\",\"url\":\"https:\/\/rubineta.com\/\",\"name\":\"Rubineta - Quality And Reliable Sanitary Fittings\",\"description\":\"High Quality And Reliable Faucets\",\"publisher\":{\"@id\":\"https:\/\/rubineta.com\/#organization\"},\"potentialAction\":[{\"@type\":\"SearchAction\",\"target\":{\"@type\":\"EntryPoint\",\"urlTemplate\":\"https:\/\/rubineta.com\/?s={search_term_string}\"},\"query-input\":{\"@type\":\"PropertyValueSpecification\",\"valueRequired\":true,\"valueName\":\"search_term_string\"}}],\"inLanguage\":\"lv-LV\"},{\"@type\":\"Organization\",\"@id\":\"https:\/\/rubineta.com\/#organization\",\"name\":\"RUBINETA\",\"url\":\"https:\/\/rubineta.com\/\",\"logo\":{\"@type\":\"ImageObject\",\"inLanguage\":\"lv-LV\",\"@id\":\"https:\/\/rubineta.com\/#\/schema\/logo\/image\/\",\"url\":\"https:\/\/rubineta.com\/wp-content\/uploads\/2020\/07\/RUBINETA-logo.jpg\",\"contentUrl\":\"https:\/\/rubineta.com\/wp-content\/uploads\/2020\/07\/RUBINETA-logo.jpg\",\"width\":825,\"height\":456,\"caption\":\"RUBINETA\"},\"image\":{\"@id\":\"https:\/\/rubineta.com\/#\/schema\/logo\/image\/\"}}]}<\/script>\n<!-- \/ Yoast SEO plugin. -->","yoast_head_json":{"title":"Kaip pasirinkti tinkam\u0105 vandens mai\u0161ytuv\u0105 | RUBINETA","description":"Kaip pasirinkti tinkam\u0105 vandens mai\u0161ytuv\u0105? \u012e k\u0105 atkreipti d\u0117mes\u012f? Kuo skiriasi dviej\u0173 ranken\u0117li\u0173 mai\u0161ytuvai nuo vienos ranken\u0117l\u0117s.","robots":{"index":"index","follow":"follow","max-snippet":"max-snippet:-1","max-image-preview":"max-image-preview:large","max-video-preview":"max-video-preview:-1"},"canonical":"https:\/\/rubineta.com\/kaip-pasirinkti-tinkama-vandens-maisytuva\/","twitter_misc":{"Est. reading time":"5 minutes"},"schema":{"@context":"https:\/\/schema.org","@graph":[{"@type":"WebPage","@id":"https:\/\/rubineta.com\/kaip-pasirinkti-tinkama-vandens-maisytuva\/","url":"https:\/\/rubineta.com\/kaip-pasirinkti-tinkama-vandens-maisytuva\/","name":"Kaip pasirinkti tinkam\u0105 vandens mai\u0161ytuv\u0105 | RUBINETA","isPartOf":{"@id":"https:\/\/rubineta.com\/#website"},"datePublished":"2018-10-24T08:01:07+00:00","dateModified":"2020-08-07T20:18:05+00:00","description":"Kaip pasirinkti tinkam\u0105 vandens mai\u0161ytuv\u0105? \u012e k\u0105 atkreipti d\u0117mes\u012f? Kuo skiriasi dviej\u0173 ranken\u0117li\u0173 mai\u0161ytuvai nuo vienos ranken\u0117l\u0117s.","breadcrumb":{"@id":"https:\/\/rubineta.com\/kaip-pasirinkti-tinkama-vandens-maisytuva\/#breadcrumb"},"inLanguage":"lv-LV","potentialAction":[{"@type":"ReadAction","target":["https:\/\/rubineta.com\/kaip-pasirinkti-tinkama-vandens-maisytuva\/"]}]},{"@type":"BreadcrumbList","@id":"https:\/\/rubineta.com\/kaip-pasirinkti-tinkama-vandens-maisytuva\/#breadcrumb","itemListElement":[{"@type":"ListItem","position":1,"name":"Home","item":"https:\/\/rubineta.com\/lv\/"},{"@type":"ListItem","position":2,"name":"How to choose a high quality faucet?"}]},{"@type":"WebSite","@id":"https:\/\/rubineta.com\/#website","url":"https:\/\/rubineta.com\/","name":"Rubineta - Quality And Reliable Sanitary Fittings","description":"High Quality And Reliable Faucets","publisher":{"@id":"https:\/\/rubineta.com\/#organization"},"potentialAction":[{"@type":"SearchAction","target":{"@type":"EntryPoint","urlTemplate":"https:\/\/rubineta.com\/?s={search_term_string}"},"query-input":{"@type":"PropertyValueSpecification","valueRequired":true,"valueName":"search_term_string"}}],"inLanguage":"lv-LV"},{"@type":"Organization","@id":"https:\/\/rubineta.com\/#organization","name":"RUBINETA","url":"https:\/\/rubineta.com\/","logo":{"@type":"ImageObject","inLanguage":"lv-LV","@id":"https:\/\/rubineta.com\/#\/schema\/logo\/image\/","url":"https:\/\/rubineta.com\/wp-content\/uploads\/2020\/07\/RUBINETA-logo.jpg","contentUrl":"https:\/\/rubineta.com\/wp-content\/uploads\/2020\/07\/RUBINETA-logo.jpg","width":825,"height":456,"caption":"RUBINETA"},"image":{"@id":"https:\/\/rubineta.com\/#\/schema\/logo\/image\/"}}]}},"_links":{"self":[{"href":"https:\/\/rubineta.com\/lv\/wp-json\/wp\/v2\/pages\/16139","targetHints":{"allow":["GET"]}}],"collection":[{"href":"https:\/\/rubineta.com\/lv\/wp-json\/wp\/v2\/pages"}],"about":[{"href":"https:\/\/rubineta.com\/lv\/wp-json\/wp\/v2\/types\/page"}],"author":[{"embeddable":true,"href":"https:\/\/rubineta.com\/lv\/wp-json\/wp\/v2\/users\/1"}],"replies":[{"embeddable":true,"href":"https:\/\/rubineta.com\/lv\/wp-json\/wp\/v2\/comments?post=16139"}],"version-history":[{"count":0,"href":"https:\/\/rubineta.com\/lv\/wp-json\/wp\/v2\/pages\/16139\/revisions"}],"wp:attachment":[{"href":"https:\/\/rubineta.com\/lv\/wp-json\/wp\/v2\/media?parent=16139"}],"curies":[{"name":"wp","href":"https:\/\/api.w.org\/{rel}","templated":true}]}}