{"id":20974,"date":"2019-02-20T07:52:57","date_gmt":"2019-02-20T09:52:57","guid":{"rendered":"http:\/\/rubineta.com\/?page_id=20974"},"modified":"2021-08-12T15:16:44","modified_gmt":"2021-08-12T17:16:44","slug":"for-technical-service-specialists","status":"publish","type":"page","link":"https:\/\/rubineta.com\/lv\/for-clients\/for-technical-service-specialists\/","title":{"rendered":"TEHNISK\u0100S APKALPO\u0160ANAS SPECI\u0100LISTIEM"},"content":{"rendered":"<div id=\"pl-20974\"  class=\"panel-layout\" ><div id=\"pg-20974-0\"  class=\"panel-grid panel-has-style\" ><div class=\"siteorigin-panels-stretch panel-row-style panel-row-style-for-20974-0\" data-stretch-type=\"full\" ><div id=\"pgc-20974-0-0\"  class=\"panel-grid-cell\" ><div id=\"panel-20974-0-0-0\" class=\"so-panel widget widget_black-studio-tinymce widget_black_studio_tinymce panel-first-child panel-last-child\" data-index=\"0\" ><div class=\"textwidget\"><img decoding=\"async\" src=\"data:image\/gif;base64,R0lGODdhAQABAPAAAP\/\/\/wAAACwAAAAAAQABAEACAkQBADs=\" data-lazy-src=\"\/wp-content\/uploads\/2018\/07\/rubineta-specialistams.jpg\" alt=\"rubineta-specialistams\" class=\"alignnone wp-image-11698\" \/><noscript><img loading=\"lazy\" decoding=\"async\" width=\"560\" height=\"740\" src=\"data:image\/gif;base64,R0lGODdhAQABAPAAAP\/\/\/wAAACwAAAAAAQABAEACAkQBADs=\" data-lazy-src=\"\/wp-content\/uploads\/2018\/07\/rubineta-specialistams.jpg\" alt=\"rubineta-specialistams\" class=\"alignnone wp-image-11698\" data-lazy-srcset=\"https:\/\/rubineta.com\/wp-content\/uploads\/2018\/07\/rubineta-specialistams.jpg 560w, https:\/\/rubineta.com\/wp-content\/uploads\/2018\/07\/rubineta-specialistams-300x396.jpg 300w\" data-lazy-sizes=\"auto, (max-width: 560px) 100vw, 560px\" \/><noscript><img loading=\"lazy\" decoding=\"async\" width=\"560\" height=\"740\" src=\"\/wp-content\/uploads\/2018\/07\/rubineta-specialistams.jpg\" alt=\"rubineta-specialistams\" class=\"alignnone wp-image-11698\" srcset=\"https:\/\/rubineta.com\/wp-content\/uploads\/2018\/07\/rubineta-specialistams.jpg 560w, https:\/\/rubineta.com\/wp-content\/uploads\/2018\/07\/rubineta-specialistams-300x396.jpg 300w\" sizes=\"auto, (max-width: 560px) 100vw, 560px\" \/><\/noscript><\/noscript>\n<\/div><\/div><\/div><div id=\"pgc-20974-0-1\"  class=\"panel-grid-cell\" ><div id=\"panel-20974-0-1-0\" class=\"so-panel widget widget_sow-editor panel-first-child panel-last-child\" data-index=\"1\" ><div class=\"shadow-box overlap-left panel-widget-style panel-widget-style-for-20974-0-1-0\" ><div\n\t\t\t\n\t\t\tclass=\"so-widget-sow-editor so-widget-sow-editor-base\"\n\t\t\t\n\t\t>\n<div class=\"siteorigin-widget-tinymce textwidget\">\n\t<span class=\"subtitle dash-true style-dark\">TEHNISK\u0100S APKALPO\u0160ANAS SPECI\u0100LISTIEM<\/span>\n<h2>Inform\u0101cija servisa speci\u0101listiem<\/h2>\n<div class=\"dash style-dark\"><\/div>\n<p>Servisa speci\u0101listi, kas str\u0101d\u0101 ar RUBINETA z\u012bmolu, nodro\u0161ina m\u016bsu produkcijas kvalit\u0101ti. M\u0113s augstu v\u0113rt\u0113jam klientus un vi\u0146u laiku - \u0161aj\u0101 sada\u013c\u0101 J\u016bs atrad\u012bsiet nepiecie\u0161amo un noder\u012bgu inform\u0101ciju.<\/p>\n<p><a href=\"\/faucets-specifications-and-malfunction-instructions\/\" class=\"btn btn-primary arrow-right\" target=\"_self\"><span>Jauc\u0113jkr\u0101nu specifik\u0101cijas un nor\u0101d\u012bjumi darb\u012bbas trauc\u0113jumu gad\u012bjumos<\/span><\/a><br \/>\n<a href=\"\/faucets-installation-instructions\/\" class=\"btn btn-primary arrow-right\" target=\"_self\"><span>Jauc\u0113jkr\u0101nu uzst\u0101d\u012b\u0161anas nor\u0101d\u012bjumi<\/span><\/a><\/p><\/p>\n<\/div>\n<\/div><\/div><\/div><\/div><\/div><\/div><\/div>","protected":false},"excerpt":{"rendered":"<p>Inform\u0101cija servisa speci\u0101listiem Servisa speci\u0101listi, kas str\u0101d\u0101 ar RUBINETA z\u012bmolu, nodro\u0161ina m\u016bsu produkcijas kvalit\u0101ti. M\u0113s augstu v\u0113rt\u0113jam klientus un vi\u0146u [&hellip;]<\/p>\n","protected":false},"author":1,"featured_media":0,"parent":7950,"menu_order":0,"comment_status":"closed","ping_status":"closed","template":"","meta":{"footnotes":""},"class_list":["post-20974","page","type-page","status-publish","hentry"],"yoast_head":"<!-- This site is optimized with the Yoast SEO plugin v23.9 - https:\/\/yoast.com\/wordpress\/plugins\/seo\/ -->\n<title>TEHNISK\u0100S APKALPO\u0160ANAS SPECI\u0100LISTIEM | RUBINETA<\/title>\n<meta name=\"description\" content=\"Reikalinga informacija serviso specialistams: Mai\u0161ytuv\u0173 specifikacijos ir gedim\u0173 instrukcijos; Mai\u0161ytuv\u0173 montavimo instrukcijos.\" \/>\n<meta name=\"robots\" content=\"index, follow, max-snippet:-1, max-image-preview:large, max-video-preview:-1\" \/>\n<link rel=\"canonical\" href=\"https:\/\/rubineta.com\/en\/for-clients\/for-technical-service-specialists\/\" \/>\n<meta name=\"twitter:label1\" content=\"Est. reading time\" \/>\n\t<meta name=\"twitter:data1\" content=\"1 minute\" \/>\n<script type=\"application\/ld+json\" class=\"yoast-schema-graph\">{\"@context\":\"https:\/\/schema.org\",\"@graph\":[{\"@type\":\"WebPage\",\"@id\":\"https:\/\/rubineta.com\/en\/for-clients\/for-technical-service-specialists\/\",\"url\":\"https:\/\/rubineta.com\/en\/for-clients\/for-technical-service-specialists\/\",\"name\":\"[:lt]Serviso specialistams[:en]For technical service specialists[:ru]\u0414\u043b\u044f \u0441\u043f\u0435\u0446\u0438\u0430\u043b\u0438\u0441\u0442\u043e\u0432 \u0441\u0435\u0440\u0432\u0438\u0441\u043d\u044b\u0445 \u0446\u0435\u043d\u0442\u0440\u043e\u0432[:lv]TEHNISK\u0100S APKALPO\u0160ANAS SPECI\u0100LISTIEM[:] | RUBINETA\",\"isPartOf\":{\"@id\":\"https:\/\/rubineta.com\/#website\"},\"datePublished\":\"2019-02-20T09:52:57+00:00\",\"dateModified\":\"2021-08-12T17:16:44+00:00\",\"description\":\"Reikalinga informacija serviso specialistams: Mai\u0161ytuv\u0173 specifikacijos ir gedim\u0173 instrukcijos; Mai\u0161ytuv\u0173 montavimo instrukcijos.\",\"breadcrumb\":{\"@id\":\"https:\/\/rubineta.com\/en\/for-clients\/for-technical-service-specialists\/#breadcrumb\"},\"inLanguage\":\"lv-LV\",\"potentialAction\":[{\"@type\":\"ReadAction\",\"target\":[\"https:\/\/rubineta.com\/en\/for-clients\/for-technical-service-specialists\/\"]}]},{\"@type\":\"BreadcrumbList\",\"@id\":\"https:\/\/rubineta.com\/en\/for-clients\/for-technical-service-specialists\/#breadcrumb\",\"itemListElement\":[{\"@type\":\"ListItem\",\"position\":1,\"name\":\"Home\",\"item\":\"https:\/\/rubineta.com\/lv\/\"},{\"@type\":\"ListItem\",\"position\":2,\"name\":\"For business\",\"item\":\"https:\/\/rubineta.com\/en\/for-clients\/\"},{\"@type\":\"ListItem\",\"position\":3,\"name\":\"For technical service specialists\"}]},{\"@type\":\"WebSite\",\"@id\":\"https:\/\/rubineta.com\/#website\",\"url\":\"https:\/\/rubineta.com\/\",\"name\":\"Rubineta - Quality And Reliable Sanitary Fittings\",\"description\":\"High Quality And Reliable Faucets\",\"publisher\":{\"@id\":\"https:\/\/rubineta.com\/#organization\"},\"potentialAction\":[{\"@type\":\"SearchAction\",\"target\":{\"@type\":\"EntryPoint\",\"urlTemplate\":\"https:\/\/rubineta.com\/?s={search_term_string}\"},\"query-input\":{\"@type\":\"PropertyValueSpecification\",\"valueRequired\":true,\"valueName\":\"search_term_string\"}}],\"inLanguage\":\"lv-LV\"},{\"@type\":\"Organization\",\"@id\":\"https:\/\/rubineta.com\/#organization\",\"name\":\"RUBINETA\",\"url\":\"https:\/\/rubineta.com\/\",\"logo\":{\"@type\":\"ImageObject\",\"inLanguage\":\"lv-LV\",\"@id\":\"https:\/\/rubineta.com\/#\/schema\/logo\/image\/\",\"url\":\"https:\/\/rubineta.com\/wp-content\/uploads\/2020\/07\/RUBINETA-logo.jpg\",\"contentUrl\":\"https:\/\/rubineta.com\/wp-content\/uploads\/2020\/07\/RUBINETA-logo.jpg\",\"width\":825,\"height\":456,\"caption\":\"RUBINETA\"},\"image\":{\"@id\":\"https:\/\/rubineta.com\/#\/schema\/logo\/image\/\"}}]}<\/script>\n<!-- \/ Yoast SEO plugin. -->","yoast_head_json":{"title":"[:lt]Serviso specialistams[:en]For technical service specialists[:ru]\u0414\u043b\u044f \u0441\u043f\u0435\u0446\u0438\u0430\u043b\u0438\u0441\u0442\u043e\u0432 \u0441\u0435\u0440\u0432\u0438\u0441\u043d\u044b\u0445 \u0446\u0435\u043d\u0442\u0440\u043e\u0432[:lv]TEHNISK\u0100S APKALPO\u0160ANAS SPECI\u0100LISTIEM[:] | RUBINETA","description":"Reikalinga informacija serviso specialistams: Mai\u0161ytuv\u0173 specifikacijos ir gedim\u0173 instrukcijos; Mai\u0161ytuv\u0173 montavimo instrukcijos.","robots":{"index":"index","follow":"follow","max-snippet":"max-snippet:-1","max-image-preview":"max-image-preview:large","max-video-preview":"max-video-preview:-1"},"canonical":"https:\/\/rubineta.com\/en\/for-clients\/for-technical-service-specialists\/","twitter_misc":{"Est. reading time":"1 minute"},"schema":{"@context":"https:\/\/schema.org","@graph":[{"@type":"WebPage","@id":"https:\/\/rubineta.com\/en\/for-clients\/for-technical-service-specialists\/","url":"https:\/\/rubineta.com\/en\/for-clients\/for-technical-service-specialists\/","name":"[:lt]Serviso specialistams[:en]For technical service specialists[:ru]\u0414\u043b\u044f \u0441\u043f\u0435\u0446\u0438\u0430\u043b\u0438\u0441\u0442\u043e\u0432 \u0441\u0435\u0440\u0432\u0438\u0441\u043d\u044b\u0445 \u0446\u0435\u043d\u0442\u0440\u043e\u0432[:lv]TEHNISK\u0100S APKALPO\u0160ANAS SPECI\u0100LISTIEM[:] | RUBINETA","isPartOf":{"@id":"https:\/\/rubineta.com\/#website"},"datePublished":"2019-02-20T09:52:57+00:00","dateModified":"2021-08-12T17:16:44+00:00","description":"Reikalinga informacija serviso specialistams: Mai\u0161ytuv\u0173 specifikacijos ir gedim\u0173 instrukcijos; Mai\u0161ytuv\u0173 montavimo instrukcijos.","breadcrumb":{"@id":"https:\/\/rubineta.com\/en\/for-clients\/for-technical-service-specialists\/#breadcrumb"},"inLanguage":"lv-LV","potentialAction":[{"@type":"ReadAction","target":["https:\/\/rubineta.com\/en\/for-clients\/for-technical-service-specialists\/"]}]},{"@type":"BreadcrumbList","@id":"https:\/\/rubineta.com\/en\/for-clients\/for-technical-service-specialists\/#breadcrumb","itemListElement":[{"@type":"ListItem","position":1,"name":"Home","item":"https:\/\/rubineta.com\/lv\/"},{"@type":"ListItem","position":2,"name":"For business","item":"https:\/\/rubineta.com\/en\/for-clients\/"},{"@type":"ListItem","position":3,"name":"For technical service specialists"}]},{"@type":"WebSite","@id":"https:\/\/rubineta.com\/#website","url":"https:\/\/rubineta.com\/","name":"Rubineta - Quality And Reliable Sanitary Fittings","description":"High Quality And Reliable Faucets","publisher":{"@id":"https:\/\/rubineta.com\/#organization"},"potentialAction":[{"@type":"SearchAction","target":{"@type":"EntryPoint","urlTemplate":"https:\/\/rubineta.com\/?s={search_term_string}"},"query-input":{"@type":"PropertyValueSpecification","valueRequired":true,"valueName":"search_term_string"}}],"inLanguage":"lv-LV"},{"@type":"Organization","@id":"https:\/\/rubineta.com\/#organization","name":"RUBINETA","url":"https:\/\/rubineta.com\/","logo":{"@type":"ImageObject","inLanguage":"lv-LV","@id":"https:\/\/rubineta.com\/#\/schema\/logo\/image\/","url":"https:\/\/rubineta.com\/wp-content\/uploads\/2020\/07\/RUBINETA-logo.jpg","contentUrl":"https:\/\/rubineta.com\/wp-content\/uploads\/2020\/07\/RUBINETA-logo.jpg","width":825,"height":456,"caption":"RUBINETA"},"image":{"@id":"https:\/\/rubineta.com\/#\/schema\/logo\/image\/"}}]}},"_links":{"self":[{"href":"https:\/\/rubineta.com\/lv\/wp-json\/wp\/v2\/pages\/20974","targetHints":{"allow":["GET"]}}],"collection":[{"href":"https:\/\/rubineta.com\/lv\/wp-json\/wp\/v2\/pages"}],"about":[{"href":"https:\/\/rubineta.com\/lv\/wp-json\/wp\/v2\/types\/page"}],"author":[{"embeddable":true,"href":"https:\/\/rubineta.com\/lv\/wp-json\/wp\/v2\/users\/1"}],"replies":[{"embeddable":true,"href":"https:\/\/rubineta.com\/lv\/wp-json\/wp\/v2\/comments?post=20974"}],"version-history":[{"count":1,"href":"https:\/\/rubineta.com\/lv\/wp-json\/wp\/v2\/pages\/20974\/revisions"}],"predecessor-version":[{"id":24417,"href":"https:\/\/rubineta.com\/lv\/wp-json\/wp\/v2\/pages\/20974\/revisions\/24417"}],"up":[{"embeddable":true,"href":"https:\/\/rubineta.com\/lv\/wp-json\/wp\/v2\/pages\/7950"}],"wp:attachment":[{"href":"https:\/\/rubineta.com\/lv\/wp-json\/wp\/v2\/media?parent=20974"}],"curies":[{"name":"wp","href":"https:\/\/api.w.org\/{rel}","templated":true}]}}