{"id":21457,"date":"2019-05-13T07:42:03","date_gmt":"2019-05-13T09:42:03","guid":{"rendered":"https:\/\/rubineta.com\/?page_id=21457"},"modified":"2019-09-13T09:18:25","modified_gmt":"2019-09-13T11:18:25","slug":"zemelapis","status":"publish","type":"page","link":"https:\/\/rubineta.com\/lv\/zemelapis\/","title":{"rendered":"\u017dem\u0117lapis"},"content":{"rendered":"<div id=\"pl-21457\"  class=\"panel-layout\" ><div id=\"pg-21457-0\"  class=\"panel-grid panel-has-style\" ><div class=\"siteorigin-panels-stretch panel-row-style panel-row-style-for-21457-0\" id=\"iMap\" data-stretch-type=\"full\" ><div id=\"pgc-21457-0-0\"  class=\"panel-grid-cell\" ><div id=\"panel-21457-0-0-0\" class=\"so-panel widget widget_black-studio-tinymce widget_black_studio_tinymce panel-first-child\" data-index=\"0\" ><div class=\"animate animate-1 panel-widget-style panel-widget-style-for-21457-0-0-0\" ><div class=\"textwidget\"><h2>Raskite artimiausius pardavimo atstovus<\/h2>\n<\/div><\/div><\/div><div class=\"container-fluid search-tab\">\n    <div class=\"row\">\n        <div class=\"col-sm-12 im-form\">\n            <form action=\"\">\n                <div class=\"container-fluid\">\n                    <div class=\"row\">\n\n                        <div class=\"col-sm-2 locate-btn\">\n                            <button type=\"button\" class=\"btn btn-primary\" id=\"imLocate\" lat_max=\"0\"><span>\n\t\t\t\t\t\t\tAtrast manu vietu<\/span>\n                            <\/button>\n                        <\/div>\n\n                        <div class=\"col-sm-8 map-inputs\">\n                            <div class=\"container-fluid\">\n                                <div class=\"row\">\n                                    <div class=\"col-sm-4\">\n                                        <div class=\"im-control\">\n                                            <div class=\"im-input\">\n                                                <label for=\"imCountry\">VALSTS<span> *<\/span><\/label>\n                                                <input type=\"search\" name=\"country\" class=\"form-control\" id=\"imCountry\"\n                                                       placeholder=\"Ievad\u012bt valsts nosaukumu\" autocomplete=\"nope\">\n                                            <\/div>\n                                            <div class=\"im-drop\" id=\"drCountry\"><ul class='list-group'><li class='list-group-item' alt='1'>Lietuva<\/li><\/ul><\/div>\n                                        <\/div>\n                                    <\/div>\n                                    <div class=\"col-sm-4\">\n                                        <div class=\"im-control\">\n                                            <div class=\"im-input\">\n                                                <label for=\"imCity\">PILS\u0112TA<span> *<\/span><\/label>\n                                                <input type=\"search\" name=\"city\" class=\"form-control\" id=\"imCity\"\n                                                       placeholder=\"Ievad\u012bt pils\u0113tas nosaukumu\" autocomplete=\"nope\">\n                                            <\/div>\n                                            <div class=\"im-drop\" id=\"drCity\"><\/div>\n                                        <\/div>\n                                    <\/div>\n                                    <div class=\"col-sm-4\">\n                                        <div class=\"im-control\">\n                                            <div class=\"im-input\">\n                                                <label for=\"imAddress\">ADRESE<\/label>\n                                                <input type=\"text\" name=\"address\" class=\"form-control\" id=\"imAddress\"\n                                                       placeholder=\"Ievad\u012bt adresi\" autocomplete=\"nope\">\n                                            <\/div>\n                                        <\/div>\n                                    <\/div>\n\n                                <\/div>\n                            <\/div>\n                        <\/div>\n\n                        <div class=\"col-sm-2 find-btn\">\n                            <button type=\"button\" class=\"btn btn-primary\" id=\"imFind\"><span>Mekl\u0113t<\/span><\/button>\n                        <\/div>\n                        <div class=\"im-hidden-fields\">\n                            <input type=\"hidden\" name=\"lat_min\" id=\"im_lat_min\" value=\"0\"\/>\n                            <input type=\"hidden\" name=\"lat_max\" id=\"im_lat_max\" value=\"0\"\/>\n                            <input type=\"hidden\" name=\"lng_min\" id=\"im_lng_min\" value=\"0\"\/>\n                            <input type=\"hidden\" name=\"lng_max\" id=\"im_lng_max\" value=\"0\"\/>\n                        <\/div>\n                    <\/div>\n                <\/div>\n            <\/form>\n        <\/div>\n    <\/div>\n<\/div><div class=\"container-fluid mt-5\" style=\"z-index: 0;\" id=\"navCont\"><div class=\"row mt-5\" id=\"navRow\"><div class=\"col-md-6\" id=\"mapCont\"><div id=\"map\"><\/div><\/div><div class=\"col-md-6\"><div id=\"imResult\"><\/div><\/div><\/div><\/div><script>\n      var map, markersArray = [], host = 'rubineta.com';\n      function initMap() {\n        map = new google.maps.Map(document.getElementById('map'), {\n          center: {lat: 55.1694, lng: 23.8813},\n          zoom: 7\n        });                \n      }\n     \n    <\/script><script async defer src='https:\/\/maps.googleapis.com\/maps\/api\/js?key=AIzaSyALt8k7bmP44cnL1f84-o0H-Sl4YIL9_Hg&callback=initMap' type='text\/javascript'><\/script><div id=\"panel-21457-0-0-1\" class=\"so-panel widget widget_black-studio-tinymce widget_black_studio_tinymce panel-last-child\" data-index=\"1\" ><div class=\"textwidget\"><p><\/p>\n<\/div><\/div><\/div><\/div><\/div><\/div>","protected":false},"excerpt":{"rendered":"<p>Raskite artimiausius pardavimo atstovus<\/p>\n","protected":false},"author":1,"featured_media":0,"parent":0,"menu_order":0,"comment_status":"closed","ping_status":"closed","template":"","meta":{"footnotes":""},"class_list":["post-21457","page","type-page","status-publish","hentry"],"yoast_head":"<!-- This site is optimized with the Yoast SEO plugin v23.9 - https:\/\/yoast.com\/wordpress\/plugins\/seo\/ -->\n<title>RUBINETA | Sertifikuot\u0173 mai\u0161ytuv\u0173 prek\u0117s \u017eenklas<\/title>\n<meta name=\"description\" content=\"RUBINETA \u2013 did\u017eiausias mai\u0161ytuv\u0173 bei du\u0161o preki\u0173 ir j\u0173 aksesuar\u0173 gamintojas Baltijos \u0161alyse. Rinkoje jau nuo 1999 met\u0173, \u017einomi daugelyje Europos \u0161ali\u0173.\" \/>\n<meta name=\"robots\" content=\"index, follow, max-snippet:-1, max-image-preview:large, max-video-preview:-1\" \/>\n<link rel=\"canonical\" href=\"https:\/\/rubineta.com\/en\/zemelapis\/\" \/>\n<script type=\"application\/ld+json\" class=\"yoast-schema-graph\">{\"@context\":\"https:\/\/schema.org\",\"@graph\":[{\"@type\":\"WebPage\",\"@id\":\"https:\/\/rubineta.com\/en\/zemelapis\/\",\"url\":\"https:\/\/rubineta.com\/en\/zemelapis\/\",\"name\":\"RUBINETA | Sertifikuot\u0173 mai\u0161ytuv\u0173 prek\u0117s \u017eenklas\",\"isPartOf\":{\"@id\":\"https:\/\/rubineta.com\/#website\"},\"datePublished\":\"2019-05-13T09:42:03+00:00\",\"dateModified\":\"2019-09-13T11:18:25+00:00\",\"description\":\"RUBINETA \u2013 did\u017eiausias mai\u0161ytuv\u0173 bei du\u0161o preki\u0173 ir j\u0173 aksesuar\u0173 gamintojas Baltijos \u0161alyse. Rinkoje jau nuo 1999 met\u0173, \u017einomi daugelyje Europos \u0161ali\u0173.\",\"breadcrumb\":{\"@id\":\"https:\/\/rubineta.com\/en\/zemelapis\/#breadcrumb\"},\"inLanguage\":\"lv-LV\",\"potentialAction\":[{\"@type\":\"ReadAction\",\"target\":[\"https:\/\/rubineta.com\/en\/zemelapis\/\"]}]},{\"@type\":\"BreadcrumbList\",\"@id\":\"https:\/\/rubineta.com\/en\/zemelapis\/#breadcrumb\",\"itemListElement\":[{\"@type\":\"ListItem\",\"position\":1,\"name\":\"Home\",\"item\":\"https:\/\/rubineta.com\/lv\/\"},{\"@type\":\"ListItem\",\"position\":2,\"name\":\"Map\"}]},{\"@type\":\"WebSite\",\"@id\":\"https:\/\/rubineta.com\/#website\",\"url\":\"https:\/\/rubineta.com\/\",\"name\":\"Rubineta - Quality And Reliable Sanitary Fittings\",\"description\":\"High Quality And Reliable Faucets\",\"publisher\":{\"@id\":\"https:\/\/rubineta.com\/#organization\"},\"potentialAction\":[{\"@type\":\"SearchAction\",\"target\":{\"@type\":\"EntryPoint\",\"urlTemplate\":\"https:\/\/rubineta.com\/?s={search_term_string}\"},\"query-input\":{\"@type\":\"PropertyValueSpecification\",\"valueRequired\":true,\"valueName\":\"search_term_string\"}}],\"inLanguage\":\"lv-LV\"},{\"@type\":\"Organization\",\"@id\":\"https:\/\/rubineta.com\/#organization\",\"name\":\"RUBINETA\",\"url\":\"https:\/\/rubineta.com\/\",\"logo\":{\"@type\":\"ImageObject\",\"inLanguage\":\"lv-LV\",\"@id\":\"https:\/\/rubineta.com\/#\/schema\/logo\/image\/\",\"url\":\"https:\/\/rubineta.com\/wp-content\/uploads\/2020\/07\/RUBINETA-logo.jpg\",\"contentUrl\":\"https:\/\/rubineta.com\/wp-content\/uploads\/2020\/07\/RUBINETA-logo.jpg\",\"width\":825,\"height\":456,\"caption\":\"RUBINETA\"},\"image\":{\"@id\":\"https:\/\/rubineta.com\/#\/schema\/logo\/image\/\"}}]}<\/script>\n<!-- \/ Yoast SEO plugin. -->","yoast_head_json":{"title":"RUBINETA | Sertifikuot\u0173 mai\u0161ytuv\u0173 prek\u0117s \u017eenklas","description":"RUBINETA \u2013 did\u017eiausias mai\u0161ytuv\u0173 bei du\u0161o preki\u0173 ir j\u0173 aksesuar\u0173 gamintojas Baltijos \u0161alyse. Rinkoje jau nuo 1999 met\u0173, \u017einomi daugelyje Europos \u0161ali\u0173.","robots":{"index":"index","follow":"follow","max-snippet":"max-snippet:-1","max-image-preview":"max-image-preview:large","max-video-preview":"max-video-preview:-1"},"canonical":"https:\/\/rubineta.com\/en\/zemelapis\/","schema":{"@context":"https:\/\/schema.org","@graph":[{"@type":"WebPage","@id":"https:\/\/rubineta.com\/en\/zemelapis\/","url":"https:\/\/rubineta.com\/en\/zemelapis\/","name":"RUBINETA | Sertifikuot\u0173 mai\u0161ytuv\u0173 prek\u0117s \u017eenklas","isPartOf":{"@id":"https:\/\/rubineta.com\/#website"},"datePublished":"2019-05-13T09:42:03+00:00","dateModified":"2019-09-13T11:18:25+00:00","description":"RUBINETA \u2013 did\u017eiausias mai\u0161ytuv\u0173 bei du\u0161o preki\u0173 ir j\u0173 aksesuar\u0173 gamintojas Baltijos \u0161alyse. Rinkoje jau nuo 1999 met\u0173, \u017einomi daugelyje Europos \u0161ali\u0173.","breadcrumb":{"@id":"https:\/\/rubineta.com\/en\/zemelapis\/#breadcrumb"},"inLanguage":"lv-LV","potentialAction":[{"@type":"ReadAction","target":["https:\/\/rubineta.com\/en\/zemelapis\/"]}]},{"@type":"BreadcrumbList","@id":"https:\/\/rubineta.com\/en\/zemelapis\/#breadcrumb","itemListElement":[{"@type":"ListItem","position":1,"name":"Home","item":"https:\/\/rubineta.com\/lv\/"},{"@type":"ListItem","position":2,"name":"Map"}]},{"@type":"WebSite","@id":"https:\/\/rubineta.com\/#website","url":"https:\/\/rubineta.com\/","name":"Rubineta - Quality And Reliable Sanitary Fittings","description":"High Quality And Reliable Faucets","publisher":{"@id":"https:\/\/rubineta.com\/#organization"},"potentialAction":[{"@type":"SearchAction","target":{"@type":"EntryPoint","urlTemplate":"https:\/\/rubineta.com\/?s={search_term_string}"},"query-input":{"@type":"PropertyValueSpecification","valueRequired":true,"valueName":"search_term_string"}}],"inLanguage":"lv-LV"},{"@type":"Organization","@id":"https:\/\/rubineta.com\/#organization","name":"RUBINETA","url":"https:\/\/rubineta.com\/","logo":{"@type":"ImageObject","inLanguage":"lv-LV","@id":"https:\/\/rubineta.com\/#\/schema\/logo\/image\/","url":"https:\/\/rubineta.com\/wp-content\/uploads\/2020\/07\/RUBINETA-logo.jpg","contentUrl":"https:\/\/rubineta.com\/wp-content\/uploads\/2020\/07\/RUBINETA-logo.jpg","width":825,"height":456,"caption":"RUBINETA"},"image":{"@id":"https:\/\/rubineta.com\/#\/schema\/logo\/image\/"}}]}},"_links":{"self":[{"href":"https:\/\/rubineta.com\/lv\/wp-json\/wp\/v2\/pages\/21457","targetHints":{"allow":["GET"]}}],"collection":[{"href":"https:\/\/rubineta.com\/lv\/wp-json\/wp\/v2\/pages"}],"about":[{"href":"https:\/\/rubineta.com\/lv\/wp-json\/wp\/v2\/types\/page"}],"author":[{"embeddable":true,"href":"https:\/\/rubineta.com\/lv\/wp-json\/wp\/v2\/users\/1"}],"replies":[{"embeddable":true,"href":"https:\/\/rubineta.com\/lv\/wp-json\/wp\/v2\/comments?post=21457"}],"version-history":[{"count":0,"href":"https:\/\/rubineta.com\/lv\/wp-json\/wp\/v2\/pages\/21457\/revisions"}],"wp:attachment":[{"href":"https:\/\/rubineta.com\/lv\/wp-json\/wp\/v2\/media?parent=21457"}],"curies":[{"name":"wp","href":"https:\/\/api.w.org\/{rel}","templated":true}]}}