{"id":7950,"date":"2016-07-28T10:46:34","date_gmt":"2016-07-28T12:46:34","guid":{"rendered":"http:\/\/themicart.com\/interico-wp\/?page_id=15"},"modified":"2023-03-17T06:47:56","modified_gmt":"2023-03-17T08:47:56","slug":"for-clients","status":"publish","type":"page","link":"https:\/\/rubineta.com\/lv\/for-clients\/","title":{"rendered":"Biznesam"},"content":{"rendered":"<div id=\"pl-7950\"  class=\"panel-layout\" ><div id=\"pg-7950-0\"  class=\"panel-grid panel-has-style\" ><div class=\"panel-row-style panel-row-style-for-7950-0\" ><div id=\"pgc-7950-0-0\"  class=\"panel-grid-cell\" ><div id=\"panel-7950-0-0-0\" class=\"so-panel widget widget_sow-editor panel-first-child\" data-index=\"0\" ><div class=\"shadow-box overlap-right animate animate-1 panel-widget-style panel-widget-style-for-7950-0-0-0\" ><div\n\t\t\t\n\t\t\tclass=\"so-widget-sow-editor so-widget-sow-editor-base\"\n\t\t\t\n\t\t>\n<div class=\"siteorigin-widget-tinymce textwidget\">\n\t<span class=\"subtitle dash-true style-dark\">PIEVIENOJIETIES MUMS<\/span>\n<h2>K\u0101p\u0113c Jums j\u0101k\u013c\u016bst par m\u016bsu partneri?<\/h2>\n<div class=\"dash style-dark\"><\/div>\n<p>Ar katru partneri m\u0113s cen\u0161amies nodibin\u0101t ilgtermi\u0146a, cie\u0161u un abpus\u0113ji izdev\u012bgu sadarb\u012bbu, kas ietver pla\u0161u priek\u0161roc\u012bbu kl\u0101stu.<br \/>\nM\u016bsu produkcijas piepras\u012bjums un veiksm\u012bga realiz\u0101cija vienm\u0113r ir atkar\u012bga no klientu apmierin\u0101t\u012bbas: m\u0113s piev\u0113r\u0161am lielu uzman\u012bbu vi\u0146u vajadz\u012bb\u0101m un cer\u012bb\u0101m. M\u016bsu uz\u0146\u0113mums ir nep\u0101rtraukti uzlabojis \u0161\u012bs prasmes vis\u0101 t\u0101 past\u0101v\u0113\u0161anas laik\u0101, un \u0161odien m\u0113s lepojamies ar ieg\u016btaj\u0101m prasm\u0113m un komerci\u0101lo pieredzi.<\/p>\n<a href=\"\/we-offer-clients\/\" class=\"btn btn-primary arrow-right\" target=\"_blank\"><span>Vair\u0101k<\/span><\/a><\/p>\n<\/div>\n<\/div><\/div><\/div><div id=\"panel-7950-0-0-1\" class=\"so-panel widget widget_sow-editor panel-last-child\" data-index=\"1\" ><div class=\"shadow-box overlap-right animate animate-1 panel-widget-style panel-widget-style-for-7950-0-0-1\" ><div\n\t\t\t\n\t\t\tclass=\"so-widget-sow-editor so-widget-sow-editor-base\"\n\t\t\t\n\t\t>\n<div class=\"siteorigin-widget-tinymce textwidget\">\n\t<\/p>\n<h2>BIZNESA PARTNERU PA\u0160APKALPO\u0160AN\u0100S<\/h2>\n<div class=\"dash style-dark\"><\/div>\n<p>B2B klienti var piesl\u0113gties pa\u0161apkalpo\u0161an\u0101s sist\u0113mai.<br \/>\nTas \u013cauj izveidot pas\u016bt\u012bjumu, sekot t\u0101 izpildes gaitai un skat\u012bt datus par eso\u0161ajiem un iepriek\u0161\u0113jiem pas\u016bt\u012bjumiem.<\/p>\n<p>Log in: <a href=\"http:\/\/116.202.53.152:8080\/#\" target=\"_blank\" rel=\"noopener noreferrer\">http:\/\/116.202.53.152:8080<\/a><\/p>\n<p style=\"font-weight: 400;\">Vair\u0101k inform\u0101cijas:\u00a0<a href=\"mailto:hello@rubineta.com\">hello@rubineta.com<\/a><\/p><\/p>\n<\/div>\n<\/div><\/div><\/div><\/div><div id=\"pgc-7950-0-1\"  class=\"panel-grid-cell\" ><div id=\"panel-7950-0-1-0\" class=\"so-panel widget widget_black-studio-tinymce widget_black_studio_tinymce panel-first-child panel-last-child\" data-index=\"2\" ><div class=\"animate animate-2 panel-widget-style panel-widget-style-for-7950-0-1-0\" ><div class=\"textwidget\"><img loading=\"lazy\" decoding=\"async\" class=\"size-full wp-image-25736\" src=\"data:image\/gif;base64,R0lGODdhAQABAPAAAP\/\/\/wAAACwAAAAAAQABAEACAkQBADs=\" data-lazy-src=\"https:\/\/rubineta.com\/wp-content\/uploads\/2023\/03\/businesspeople-shaking-hands.jpg\" alt=\"\" width=\"1200\" height=\"1992\" \/><noscript><img loading=\"lazy\" decoding=\"async\" class=\"size-full wp-image-25736\" src=\"data:image\/gif;base64,R0lGODdhAQABAPAAAP\/\/\/wAAACwAAAAAAQABAEACAkQBADs=\" data-lazy-src=\"https:\/\/rubineta.com\/wp-content\/uploads\/2023\/03\/businesspeople-shaking-hands.jpg\" alt=\"\" width=\"1200\" height=\"1992\" data-lazy-srcset=\"https:\/\/rubineta.com\/wp-content\/uploads\/2023\/03\/businesspeople-shaking-hands.jpg 1200w, https:\/\/rubineta.com\/wp-content\/uploads\/2023\/03\/businesspeople-shaking-hands-617x1024.jpg 617w, https:\/\/rubineta.com\/wp-content\/uploads\/2023\/03\/businesspeople-shaking-hands-768x1275.jpg 768w, https:\/\/rubineta.com\/wp-content\/uploads\/2023\/03\/businesspeople-shaking-hands-925x1536.jpg 925w, https:\/\/rubineta.com\/wp-content\/uploads\/2023\/03\/businesspeople-shaking-hands-349x580.jpg 349w, https:\/\/rubineta.com\/wp-content\/uploads\/2023\/03\/businesspeople-shaking-hands-133x220.jpg 133w, https:\/\/rubineta.com\/wp-content\/uploads\/2023\/03\/businesspeople-shaking-hands-271x450.jpg 271w, https:\/\/rubineta.com\/wp-content\/uploads\/2023\/03\/businesspeople-shaking-hands-300x498.jpg 300w, https:\/\/rubineta.com\/wp-content\/uploads\/2023\/03\/businesspeople-shaking-hands-600x996.jpg 600w\" data-lazy-sizes=\"auto, (max-width: 1200px) 100vw, 1200px\" \/><noscript><img loading=\"lazy\" decoding=\"async\" class=\"size-full wp-image-25736\" src=\"https:\/\/rubineta.com\/wp-content\/uploads\/2023\/03\/businesspeople-shaking-hands.jpg\" alt=\"\" width=\"1200\" height=\"1992\" srcset=\"https:\/\/rubineta.com\/wp-content\/uploads\/2023\/03\/businesspeople-shaking-hands.jpg 1200w, https:\/\/rubineta.com\/wp-content\/uploads\/2023\/03\/businesspeople-shaking-hands-617x1024.jpg 617w, https:\/\/rubineta.com\/wp-content\/uploads\/2023\/03\/businesspeople-shaking-hands-768x1275.jpg 768w, https:\/\/rubineta.com\/wp-content\/uploads\/2023\/03\/businesspeople-shaking-hands-925x1536.jpg 925w, https:\/\/rubineta.com\/wp-content\/uploads\/2023\/03\/businesspeople-shaking-hands-349x580.jpg 349w, https:\/\/rubineta.com\/wp-content\/uploads\/2023\/03\/businesspeople-shaking-hands-133x220.jpg 133w, https:\/\/rubineta.com\/wp-content\/uploads\/2023\/03\/businesspeople-shaking-hands-271x450.jpg 271w, https:\/\/rubineta.com\/wp-content\/uploads\/2023\/03\/businesspeople-shaking-hands-300x498.jpg 300w, https:\/\/rubineta.com\/wp-content\/uploads\/2023\/03\/businesspeople-shaking-hands-600x996.jpg 600w\" sizes=\"auto, (max-width: 1200px) 100vw, 1200px\" \/><\/noscript><\/noscript><\/div><\/div><\/div><\/div><\/div><\/div><\/div>","protected":false},"excerpt":{"rendered":"<p>K\u0101p\u0113c Jums j\u0101k\u013c\u016bst par m\u016bsu partneri? Ar katru partneri m\u0113s cen\u0161amies nodibin\u0101t ilgtermi\u0146a, cie\u0161u un abpus\u0113ji izdev\u012bgu sadarb\u012bbu, kas ietver [&hellip;]<\/p>\n","protected":false},"author":1,"featured_media":0,"parent":0,"menu_order":0,"comment_status":"closed","ping_status":"closed","template":"","meta":{"footnotes":""},"class_list":["post-7950","page","type-page","status-publish","hentry"],"yoast_head":"<!-- This site is optimized with the Yoast SEO plugin v23.9 - https:\/\/yoast.com\/wordpress\/plugins\/seo\/ -->\n<title>Biznesam  | RUBINETA<\/title>\n<meta name=\"description\" content=\"RUBINETA su visais savo partneriais stengiasi u\u017emegzti ilgalaikius, glaud\u017eius, abipusiai naudingus partneryst\u0117s ry\u0161ius ir kartu siekti bendro tikslo.\" \/>\n<meta name=\"robots\" content=\"index, follow, max-snippet:-1, max-image-preview:large, max-video-preview:-1\" \/>\n<link rel=\"canonical\" href=\"https:\/\/rubineta.com\/en\/for-clients\/\" \/>\n<meta name=\"twitter:label1\" content=\"Est. reading time\" \/>\n\t<meta name=\"twitter:data1\" content=\"2 minutes\" \/>\n<script type=\"application\/ld+json\" class=\"yoast-schema-graph\">{\"@context\":\"https:\/\/schema.org\",\"@graph\":[{\"@type\":\"WebPage\",\"@id\":\"https:\/\/rubineta.com\/en\/for-clients\/\",\"url\":\"https:\/\/rubineta.com\/en\/for-clients\/\",\"name\":\"[:lt]Verslui[:en]For business [:ru]\u0414\u043b\u044f \u0431\u0438\u0437\u043d\u0435\u0441a[:lv]Biznesam [:] | RUBINETA\",\"isPartOf\":{\"@id\":\"https:\/\/rubineta.com\/#website\"},\"primaryImageOfPage\":{\"@id\":\"https:\/\/rubineta.com\/en\/for-clients\/#primaryimage\"},\"image\":{\"@id\":\"https:\/\/rubineta.com\/en\/for-clients\/#primaryimage\"},\"thumbnailUrl\":\"https:\/\/rubineta.com\/wp-content\/uploads\/2023\/03\/businesspeople-shaking-hands.jpg\",\"datePublished\":\"2016-07-28T12:46:34+00:00\",\"dateModified\":\"2023-03-17T08:47:56+00:00\",\"description\":\"RUBINETA su visais savo partneriais stengiasi u\u017emegzti ilgalaikius, glaud\u017eius, abipusiai naudingus partneryst\u0117s ry\u0161ius ir kartu siekti bendro tikslo.\",\"breadcrumb\":{\"@id\":\"https:\/\/rubineta.com\/en\/for-clients\/#breadcrumb\"},\"inLanguage\":\"lv-LV\",\"potentialAction\":[{\"@type\":\"ReadAction\",\"target\":[\"https:\/\/rubineta.com\/en\/for-clients\/\"]}]},{\"@type\":\"ImageObject\",\"inLanguage\":\"lv-LV\",\"@id\":\"https:\/\/rubineta.com\/en\/for-clients\/#primaryimage\",\"url\":\"https:\/\/rubineta.com\/wp-content\/uploads\/2023\/03\/businesspeople-shaking-hands.jpg\",\"contentUrl\":\"https:\/\/rubineta.com\/wp-content\/uploads\/2023\/03\/businesspeople-shaking-hands.jpg\"},{\"@type\":\"BreadcrumbList\",\"@id\":\"https:\/\/rubineta.com\/en\/for-clients\/#breadcrumb\",\"itemListElement\":[{\"@type\":\"ListItem\",\"position\":1,\"name\":\"Home\",\"item\":\"https:\/\/rubineta.com\/lv\/\"},{\"@type\":\"ListItem\",\"position\":2,\"name\":\"For business\"}]},{\"@type\":\"WebSite\",\"@id\":\"https:\/\/rubineta.com\/#website\",\"url\":\"https:\/\/rubineta.com\/\",\"name\":\"Rubineta - Quality And Reliable Sanitary Fittings\",\"description\":\"High Quality And Reliable Faucets\",\"publisher\":{\"@id\":\"https:\/\/rubineta.com\/#organization\"},\"potentialAction\":[{\"@type\":\"SearchAction\",\"target\":{\"@type\":\"EntryPoint\",\"urlTemplate\":\"https:\/\/rubineta.com\/?s={search_term_string}\"},\"query-input\":{\"@type\":\"PropertyValueSpecification\",\"valueRequired\":true,\"valueName\":\"search_term_string\"}}],\"inLanguage\":\"lv-LV\"},{\"@type\":\"Organization\",\"@id\":\"https:\/\/rubineta.com\/#organization\",\"name\":\"RUBINETA\",\"url\":\"https:\/\/rubineta.com\/\",\"logo\":{\"@type\":\"ImageObject\",\"inLanguage\":\"lv-LV\",\"@id\":\"https:\/\/rubineta.com\/#\/schema\/logo\/image\/\",\"url\":\"https:\/\/rubineta.com\/wp-content\/uploads\/2020\/07\/RUBINETA-logo.jpg\",\"contentUrl\":\"https:\/\/rubineta.com\/wp-content\/uploads\/2020\/07\/RUBINETA-logo.jpg\",\"width\":825,\"height\":456,\"caption\":\"RUBINETA\"},\"image\":{\"@id\":\"https:\/\/rubineta.com\/#\/schema\/logo\/image\/\"}}]}<\/script>\n<!-- \/ Yoast SEO plugin. -->","yoast_head_json":{"title":"[:lt]Verslui[:en]For business [:ru]\u0414\u043b\u044f \u0431\u0438\u0437\u043d\u0435\u0441a[:lv]Biznesam [:] | RUBINETA","description":"RUBINETA su visais savo partneriais stengiasi u\u017emegzti ilgalaikius, glaud\u017eius, abipusiai naudingus partneryst\u0117s ry\u0161ius ir kartu siekti bendro tikslo.","robots":{"index":"index","follow":"follow","max-snippet":"max-snippet:-1","max-image-preview":"max-image-preview:large","max-video-preview":"max-video-preview:-1"},"canonical":"https:\/\/rubineta.com\/en\/for-clients\/","twitter_misc":{"Est. reading time":"2 minutes"},"schema":{"@context":"https:\/\/schema.org","@graph":[{"@type":"WebPage","@id":"https:\/\/rubineta.com\/en\/for-clients\/","url":"https:\/\/rubineta.com\/en\/for-clients\/","name":"[:lt]Verslui[:en]For business [:ru]\u0414\u043b\u044f \u0431\u0438\u0437\u043d\u0435\u0441a[:lv]Biznesam [:] | RUBINETA","isPartOf":{"@id":"https:\/\/rubineta.com\/#website"},"primaryImageOfPage":{"@id":"https:\/\/rubineta.com\/en\/for-clients\/#primaryimage"},"image":{"@id":"https:\/\/rubineta.com\/en\/for-clients\/#primaryimage"},"thumbnailUrl":"https:\/\/rubineta.com\/wp-content\/uploads\/2023\/03\/businesspeople-shaking-hands.jpg","datePublished":"2016-07-28T12:46:34+00:00","dateModified":"2023-03-17T08:47:56+00:00","description":"RUBINETA su visais savo partneriais stengiasi u\u017emegzti ilgalaikius, glaud\u017eius, abipusiai naudingus partneryst\u0117s ry\u0161ius ir kartu siekti bendro tikslo.","breadcrumb":{"@id":"https:\/\/rubineta.com\/en\/for-clients\/#breadcrumb"},"inLanguage":"lv-LV","potentialAction":[{"@type":"ReadAction","target":["https:\/\/rubineta.com\/en\/for-clients\/"]}]},{"@type":"ImageObject","inLanguage":"lv-LV","@id":"https:\/\/rubineta.com\/en\/for-clients\/#primaryimage","url":"https:\/\/rubineta.com\/wp-content\/uploads\/2023\/03\/businesspeople-shaking-hands.jpg","contentUrl":"https:\/\/rubineta.com\/wp-content\/uploads\/2023\/03\/businesspeople-shaking-hands.jpg"},{"@type":"BreadcrumbList","@id":"https:\/\/rubineta.com\/en\/for-clients\/#breadcrumb","itemListElement":[{"@type":"ListItem","position":1,"name":"Home","item":"https:\/\/rubineta.com\/lv\/"},{"@type":"ListItem","position":2,"name":"For business"}]},{"@type":"WebSite","@id":"https:\/\/rubineta.com\/#website","url":"https:\/\/rubineta.com\/","name":"Rubineta - Quality And Reliable Sanitary Fittings","description":"High Quality And Reliable Faucets","publisher":{"@id":"https:\/\/rubineta.com\/#organization"},"potentialAction":[{"@type":"SearchAction","target":{"@type":"EntryPoint","urlTemplate":"https:\/\/rubineta.com\/?s={search_term_string}"},"query-input":{"@type":"PropertyValueSpecification","valueRequired":true,"valueName":"search_term_string"}}],"inLanguage":"lv-LV"},{"@type":"Organization","@id":"https:\/\/rubineta.com\/#organization","name":"RUBINETA","url":"https:\/\/rubineta.com\/","logo":{"@type":"ImageObject","inLanguage":"lv-LV","@id":"https:\/\/rubineta.com\/#\/schema\/logo\/image\/","url":"https:\/\/rubineta.com\/wp-content\/uploads\/2020\/07\/RUBINETA-logo.jpg","contentUrl":"https:\/\/rubineta.com\/wp-content\/uploads\/2020\/07\/RUBINETA-logo.jpg","width":825,"height":456,"caption":"RUBINETA"},"image":{"@id":"https:\/\/rubineta.com\/#\/schema\/logo\/image\/"}}]}},"_links":{"self":[{"href":"https:\/\/rubineta.com\/lv\/wp-json\/wp\/v2\/pages\/7950","targetHints":{"allow":["GET"]}}],"collection":[{"href":"https:\/\/rubineta.com\/lv\/wp-json\/wp\/v2\/pages"}],"about":[{"href":"https:\/\/rubineta.com\/lv\/wp-json\/wp\/v2\/types\/page"}],"author":[{"embeddable":true,"href":"https:\/\/rubineta.com\/lv\/wp-json\/wp\/v2\/users\/1"}],"replies":[{"embeddable":true,"href":"https:\/\/rubineta.com\/lv\/wp-json\/wp\/v2\/comments?post=7950"}],"version-history":[{"count":13,"href":"https:\/\/rubineta.com\/lv\/wp-json\/wp\/v2\/pages\/7950\/revisions"}],"predecessor-version":[{"id":25747,"href":"https:\/\/rubineta.com\/lv\/wp-json\/wp\/v2\/pages\/7950\/revisions\/25747"}],"wp:attachment":[{"href":"https:\/\/rubineta.com\/lv\/wp-json\/wp\/v2\/media?parent=7950"}],"curies":[{"name":"wp","href":"https:\/\/api.w.org\/{rel}","templated":true}]}}