{"id":17125,"date":"2019-01-11T09:52:24","date_gmt":"2019-01-11T11:52:24","guid":{"rendered":"http:\/\/rubineta.com\/produktas\/milano-1-c-20k\/"},"modified":"2022-07-29T05:12:24","modified_gmt":"2022-07-29T07:12:24","slug":"milano-1-k-c-20","status":"publish","type":"product","link":"https:\/\/rubineta.com\/lv\/catalogue\/maisytuvai\/milano-1-k-c-20\/","title":{"rendered":"MILANO-1 (C-20)(K)"},"content":{"rendered":"","protected":false},"excerpt":{"rendered":"<p>M\u016b\u017e\u012bga klasika \u0113rt\u012bbu un uzticam\u012bbas cien\u012bt\u0101jiem.<\/p>\n","protected":false},"featured_media":17126,"comment_status":"closed","ping_status":"closed","template":"","meta":[],"product_cat":[151],"product_tag":[1630],"class_list":{"0":"post-17125","1":"product","2":"type-product","3":"status-publish","4":"has-post-thumbnail","6":"product_cat-maisytuvai","7":"product_tag-rubi_brass","8":"pa_barkodas-1756","9":"pa_debitas-l-m-13-5-15","10":"pa_garantija-167","11":"pa_padengimas-chrome-plated","12":"pa_pajungimas-3-4","13":"pa_paskirtis-vonios-maisytuvai","14":"pa_segmentas-extra","15":"pa_serija-milano","17":"first","18":"instock","19":"shipping-taxable","20":"purchasable","21":"product-type-simple"},"yoast_head":"<!-- This site is optimized with the Yoast SEO plugin v23.9 - https:\/\/yoast.com\/wordpress\/plugins\/seo\/ -->\n<title>MILANO-1 (C-20)(K) | RUBINETA<\/title>\n<meta name=\"robots\" content=\"index, follow, max-snippet:-1, max-image-preview:large, max-video-preview:-1\" \/>\n<link rel=\"canonical\" href=\"https:\/\/rubineta.com\/ru\/catalogue\/maisytuvai\/milano-1-k-c-20\/\" \/>\n<script type=\"application\/ld+json\" class=\"yoast-schema-graph\">{\"@context\":\"https:\/\/schema.org\",\"@graph\":[{\"@type\":\"WebPage\",\"@id\":\"https:\/\/rubineta.com\/ru\/catalogue\/maisytuvai\/milano-1-k-c-20\/\",\"url\":\"https:\/\/rubineta.com\/ru\/catalogue\/maisytuvai\/milano-1-k-c-20\/\",\"name\":\"MILANO-1 (C-20)(K) | RUBINETA\",\"isPartOf\":{\"@id\":\"https:\/\/rubineta.com\/#website\"},\"primaryImageOfPage\":{\"@id\":\"https:\/\/rubineta.com\/ru\/catalogue\/maisytuvai\/milano-1-k-c-20\/#primaryimage\"},\"image\":{\"@id\":\"https:\/\/rubineta.com\/ru\/catalogue\/maisytuvai\/milano-1-k-c-20\/#primaryimage\"},\"thumbnailUrl\":\"https:\/\/rubineta.com\/wp-content\/uploads\/2019\/01\/milano-1-c-20k0111115224.jpg\",\"datePublished\":\"2019-01-11T11:52:24+00:00\",\"dateModified\":\"2022-07-29T07:12:24+00:00\",\"breadcrumb\":{\"@id\":\"https:\/\/rubineta.com\/ru\/catalogue\/maisytuvai\/milano-1-k-c-20\/#breadcrumb\"},\"inLanguage\":\"lv-LV\",\"potentialAction\":[{\"@type\":\"ReadAction\",\"target\":[\"https:\/\/rubineta.com\/ru\/catalogue\/maisytuvai\/milano-1-k-c-20\/\"]}]},{\"@type\":\"ImageObject\",\"inLanguage\":\"lv-LV\",\"@id\":\"https:\/\/rubineta.com\/ru\/catalogue\/maisytuvai\/milano-1-k-c-20\/#primaryimage\",\"url\":\"https:\/\/rubineta.com\/wp-content\/uploads\/2019\/01\/milano-1-c-20k0111115224.jpg\",\"contentUrl\":\"https:\/\/rubineta.com\/wp-content\/uploads\/2019\/01\/milano-1-c-20k0111115224.jpg\",\"width\":810,\"height\":810},{\"@type\":\"BreadcrumbList\",\"@id\":\"https:\/\/rubineta.com\/ru\/catalogue\/maisytuvai\/milano-1-k-c-20\/#breadcrumb\",\"itemListElement\":[{\"@type\":\"ListItem\",\"position\":1,\"name\":\"Home\",\"item\":\"https:\/\/rubineta.com\/lv\/\"},{\"@type\":\"ListItem\",\"position\":2,\"name\":\"Katalogs\",\"item\":\"https:\/\/rubineta.com\/lv\/catalogue\/\"},{\"@type\":\"ListItem\",\"position\":3,\"name\":\"MILANO-1 (C-20)(K)\"}]},{\"@type\":\"WebSite\",\"@id\":\"https:\/\/rubineta.com\/#website\",\"url\":\"https:\/\/rubineta.com\/\",\"name\":\"Rubineta - Quality And Reliable Sanitary Fittings\",\"description\":\"High Quality And Reliable Faucets\",\"publisher\":{\"@id\":\"https:\/\/rubineta.com\/#organization\"},\"potentialAction\":[{\"@type\":\"SearchAction\",\"target\":{\"@type\":\"EntryPoint\",\"urlTemplate\":\"https:\/\/rubineta.com\/?s={search_term_string}\"},\"query-input\":{\"@type\":\"PropertyValueSpecification\",\"valueRequired\":true,\"valueName\":\"search_term_string\"}}],\"inLanguage\":\"lv-LV\"},{\"@type\":\"Organization\",\"@id\":\"https:\/\/rubineta.com\/#organization\",\"name\":\"RUBINETA\",\"url\":\"https:\/\/rubineta.com\/\",\"logo\":{\"@type\":\"ImageObject\",\"inLanguage\":\"lv-LV\",\"@id\":\"https:\/\/rubineta.com\/#\/schema\/logo\/image\/\",\"url\":\"https:\/\/rubineta.com\/wp-content\/uploads\/2020\/07\/RUBINETA-logo.jpg\",\"contentUrl\":\"https:\/\/rubineta.com\/wp-content\/uploads\/2020\/07\/RUBINETA-logo.jpg\",\"width\":825,\"height\":456,\"caption\":\"RUBINETA\"},\"image\":{\"@id\":\"https:\/\/rubineta.com\/#\/schema\/logo\/image\/\"}}]}<\/script>\n<!-- \/ Yoast SEO plugin. -->","yoast_head_json":{"title":"MILANO-1 (C-20)(K) | RUBINETA","robots":{"index":"index","follow":"follow","max-snippet":"max-snippet:-1","max-image-preview":"max-image-preview:large","max-video-preview":"max-video-preview:-1"},"canonical":"https:\/\/rubineta.com\/ru\/catalogue\/maisytuvai\/milano-1-k-c-20\/","schema":{"@context":"https:\/\/schema.org","@graph":[{"@type":"WebPage","@id":"https:\/\/rubineta.com\/ru\/catalogue\/maisytuvai\/milano-1-k-c-20\/","url":"https:\/\/rubineta.com\/ru\/catalogue\/maisytuvai\/milano-1-k-c-20\/","name":"MILANO-1 (C-20)(K) | RUBINETA","isPartOf":{"@id":"https:\/\/rubineta.com\/#website"},"primaryImageOfPage":{"@id":"https:\/\/rubineta.com\/ru\/catalogue\/maisytuvai\/milano-1-k-c-20\/#primaryimage"},"image":{"@id":"https:\/\/rubineta.com\/ru\/catalogue\/maisytuvai\/milano-1-k-c-20\/#primaryimage"},"thumbnailUrl":"https:\/\/rubineta.com\/wp-content\/uploads\/2019\/01\/milano-1-c-20k0111115224.jpg","datePublished":"2019-01-11T11:52:24+00:00","dateModified":"2022-07-29T07:12:24+00:00","breadcrumb":{"@id":"https:\/\/rubineta.com\/ru\/catalogue\/maisytuvai\/milano-1-k-c-20\/#breadcrumb"},"inLanguage":"lv-LV","potentialAction":[{"@type":"ReadAction","target":["https:\/\/rubineta.com\/ru\/catalogue\/maisytuvai\/milano-1-k-c-20\/"]}]},{"@type":"ImageObject","inLanguage":"lv-LV","@id":"https:\/\/rubineta.com\/ru\/catalogue\/maisytuvai\/milano-1-k-c-20\/#primaryimage","url":"https:\/\/rubineta.com\/wp-content\/uploads\/2019\/01\/milano-1-c-20k0111115224.jpg","contentUrl":"https:\/\/rubineta.com\/wp-content\/uploads\/2019\/01\/milano-1-c-20k0111115224.jpg","width":810,"height":810},{"@type":"BreadcrumbList","@id":"https:\/\/rubineta.com\/ru\/catalogue\/maisytuvai\/milano-1-k-c-20\/#breadcrumb","itemListElement":[{"@type":"ListItem","position":1,"name":"Home","item":"https:\/\/rubineta.com\/lv\/"},{"@type":"ListItem","position":2,"name":"Katalogs","item":"https:\/\/rubineta.com\/lv\/catalogue\/"},{"@type":"ListItem","position":3,"name":"MILANO-1 (C-20)(K)"}]},{"@type":"WebSite","@id":"https:\/\/rubineta.com\/#website","url":"https:\/\/rubineta.com\/","name":"Rubineta - Quality And Reliable Sanitary Fittings","description":"High Quality And Reliable Faucets","publisher":{"@id":"https:\/\/rubineta.com\/#organization"},"potentialAction":[{"@type":"SearchAction","target":{"@type":"EntryPoint","urlTemplate":"https:\/\/rubineta.com\/?s={search_term_string}"},"query-input":{"@type":"PropertyValueSpecification","valueRequired":true,"valueName":"search_term_string"}}],"inLanguage":"lv-LV"},{"@type":"Organization","@id":"https:\/\/rubineta.com\/#organization","name":"RUBINETA","url":"https:\/\/rubineta.com\/","logo":{"@type":"ImageObject","inLanguage":"lv-LV","@id":"https:\/\/rubineta.com\/#\/schema\/logo\/image\/","url":"https:\/\/rubineta.com\/wp-content\/uploads\/2020\/07\/RUBINETA-logo.jpg","contentUrl":"https:\/\/rubineta.com\/wp-content\/uploads\/2020\/07\/RUBINETA-logo.jpg","width":825,"height":456,"caption":"RUBINETA"},"image":{"@id":"https:\/\/rubineta.com\/#\/schema\/logo\/image\/"}}]}},"_links":{"self":[{"href":"https:\/\/rubineta.com\/lv\/wp-json\/wp\/v2\/product\/17125","targetHints":{"allow":["GET"]}}],"collection":[{"href":"https:\/\/rubineta.com\/lv\/wp-json\/wp\/v2\/product"}],"about":[{"href":"https:\/\/rubineta.com\/lv\/wp-json\/wp\/v2\/types\/product"}],"replies":[{"embeddable":true,"href":"https:\/\/rubineta.com\/lv\/wp-json\/wp\/v2\/comments?post=17125"}],"wp:featuredmedia":[{"embeddable":true,"href":"https:\/\/rubineta.com\/lv\/wp-json\/wp\/v2\/media\/17126"}],"wp:attachment":[{"href":"https:\/\/rubineta.com\/lv\/wp-json\/wp\/v2\/media?parent=17125"}],"wp:term":[{"taxonomy":"product_cat","embeddable":true,"href":"https:\/\/rubineta.com\/lv\/wp-json\/wp\/v2\/product_cat?post=17125"},{"taxonomy":"product_tag","embeddable":true,"href":"https:\/\/rubineta.com\/lv\/wp-json\/wp\/v2\/product_tag?post=17125"}],"curies":[{"name":"wp","href":"https:\/\/api.w.org\/{rel}","templated":true}]}}