{"id":18345,"date":"2019-01-14T06:47:57","date_gmt":"2019-01-14T08:47:57","guid":{"rendered":"http:\/\/rubineta.com\/produktas\/aero-10\/"},"modified":"2022-04-27T08:02:00","modified_gmt":"2022-04-27T10:02:00","slug":"aero-10","status":"publish","type":"product","link":"https:\/\/rubineta.com\/lv\/catalogue\/maisytuvai\/aero-10\/","title":{"rendered":"AERO-10"},"content":{"rendered":"","protected":false},"excerpt":{"rendered":"<p>Ekskluz\u012bvs premium dizains. \u016adens pl\u016bsmas le\u0146\u0137iregul\u0113\u0161anas aerators!<\/p>\n<p>RubiBrass<strong>\u00a0\u2013 \u012bpa\u0161a sast\u0101va misi\u0146a sakaus\u0113jums. \u0160aj\u0101 ilgtsp\u0113j\u012bgaj\u0101 un cilv\u0113ka vesel\u012bbai nekait\u012bgaj\u0101 sakaus\u0113jum\u0101 ir maksim\u0101li samazin\u0101ts svina un citu materi\u0101lu, kuri var rea\u0123\u0113t ar dzeramo \u016bdeni, daudzums.<\/strong><\/p>\n<p>SolidChrom<strong>\u00a0\u2013 ilgtsp\u0113j\u012bgs un iztur\u012bgs augst\u0101k\u0101s klases hroma p\u0101rkl\u0101jums. \u0160is pret nodilumu iztur\u012bgais \u012bpa\u0161i biezais (20-25 mikronu) hroma p\u0101rkl\u0101jums ne tikai priec\u0113s j\u016bs daudzus gadus, bet tai ir ar\u012b antibakteri\u0101las \u012bpa\u0161\u012bbas.\u00a0<\/strong><\/p>\n<p><strong>K\u0101rtrid\u017es\u00a0<\/strong>SEDAL Rubineta<strong>\u00a0(Sp\u0101nija). Uzticams un kalpos ilgi. K\u0101rtrid\u017ea standarts \u2013 35 mm.<\/strong><\/p>\n<p><strong>Mikseris ir apr\u012bkots ar <\/strong>Neoperl Slim Air SLC\u00a0<strong>aeratoru. <\/strong>Neoperl Slim Air SLC\u00a0<strong>&#8211; lieliska \u016bdens pl\u016bsma apvienojum\u0101 ar taup\u012b\u0161anas funkciju. \u0160is aerators \u013cauj lietot\u0101jam viegli piel\u0101got \u016bdens pl\u016bsmas le\u0146\u0137i. Aeratoru ir viegli nomain\u012bt, un tam ir \u00b4\u00b4Smart Lime Cleaning\u00b4\u00b4 funkcija.\u00a0<\/strong>Neoperl<strong>\u00a0ir pasaul\u0113 vado\u0161ais aeratoru ra\u017eot\u0101js no V\u0101cijas.<\/strong><\/p>\n<p><strong>Katrs jauc\u0113jkr\u0101ns r\u016bpn\u012bc\u0101 papildus tiek test\u0113ts ar\u012b manu\u0101li.<\/strong><\/p>\n<p><strong>Garantija: 5 gadi\u00a0<\/strong><\/p>\n","protected":false},"featured_media":18346,"comment_status":"closed","ping_status":"closed","template":"","meta":[],"product_cat":[151],"product_tag":[2565,1630,1676],"class_list":{"0":"post-18345","1":"product","2":"type-product","3":"status-publish","4":"has-post-thumbnail","6":"product_cat-maisytuvai","7":"product_tag-neoperl-slim-air","8":"product_tag-rubi_brass","9":"product_tag-sedal_35","10":"pa_barkodas-1844","11":"pa_debitas-l-m-1783","12":"pa_garantija-167","13":"pa_padengimas-chrome-plated","14":"pa_pajungimas-1-2","15":"pa_paskirtis-vonios-maisytuvai","16":"pa_segmentas-premium","17":"pa_serija-aero","19":"first","20":"instock","21":"shipping-taxable","22":"purchasable","23":"product-type-simple"},"yoast_head":"<!-- This site is optimized with the Yoast SEO plugin v23.9 - https:\/\/yoast.com\/wordpress\/plugins\/seo\/ -->\n<title>AERO-10 | RUBINETA<\/title>\n<meta name=\"robots\" content=\"index, follow, max-snippet:-1, max-image-preview:large, max-video-preview:-1\" \/>\n<link rel=\"canonical\" href=\"https:\/\/rubineta.com\/en\/catalogue\/maisytuvai\/aero-10\/\" \/>\n<script type=\"application\/ld+json\" class=\"yoast-schema-graph\">{\"@context\":\"https:\/\/schema.org\",\"@graph\":[{\"@type\":\"WebPage\",\"@id\":\"https:\/\/rubineta.com\/en\/catalogue\/maisytuvai\/aero-10\/\",\"url\":\"https:\/\/rubineta.com\/en\/catalogue\/maisytuvai\/aero-10\/\",\"name\":\"AERO-10 | RUBINETA\",\"isPartOf\":{\"@id\":\"https:\/\/rubineta.com\/#website\"},\"primaryImageOfPage\":{\"@id\":\"https:\/\/rubineta.com\/en\/catalogue\/maisytuvai\/aero-10\/#primaryimage\"},\"image\":{\"@id\":\"https:\/\/rubineta.com\/en\/catalogue\/maisytuvai\/aero-10\/#primaryimage\"},\"thumbnailUrl\":\"https:\/\/rubineta.com\/wp-content\/uploads\/2019\/01\/aero-100114084757.jpg\",\"datePublished\":\"2019-01-14T08:47:57+00:00\",\"dateModified\":\"2022-04-27T10:02:00+00:00\",\"breadcrumb\":{\"@id\":\"https:\/\/rubineta.com\/en\/catalogue\/maisytuvai\/aero-10\/#breadcrumb\"},\"inLanguage\":\"lv-LV\",\"potentialAction\":[{\"@type\":\"ReadAction\",\"target\":[\"https:\/\/rubineta.com\/en\/catalogue\/maisytuvai\/aero-10\/\"]}]},{\"@type\":\"ImageObject\",\"inLanguage\":\"lv-LV\",\"@id\":\"https:\/\/rubineta.com\/en\/catalogue\/maisytuvai\/aero-10\/#primaryimage\",\"url\":\"https:\/\/rubineta.com\/wp-content\/uploads\/2019\/01\/aero-100114084757.jpg\",\"contentUrl\":\"https:\/\/rubineta.com\/wp-content\/uploads\/2019\/01\/aero-100114084757.jpg\",\"width\":800,\"height\":800},{\"@type\":\"BreadcrumbList\",\"@id\":\"https:\/\/rubineta.com\/en\/catalogue\/maisytuvai\/aero-10\/#breadcrumb\",\"itemListElement\":[{\"@type\":\"ListItem\",\"position\":1,\"name\":\"Home\",\"item\":\"https:\/\/rubineta.com\/lv\/\"},{\"@type\":\"ListItem\",\"position\":2,\"name\":\"Katalogs\",\"item\":\"https:\/\/rubineta.com\/lv\/catalogue\/\"},{\"@type\":\"ListItem\",\"position\":3,\"name\":\"AERO-10\"}]},{\"@type\":\"WebSite\",\"@id\":\"https:\/\/rubineta.com\/#website\",\"url\":\"https:\/\/rubineta.com\/\",\"name\":\"Rubineta - Quality And Reliable Sanitary Fittings\",\"description\":\"High Quality And Reliable Faucets\",\"publisher\":{\"@id\":\"https:\/\/rubineta.com\/#organization\"},\"potentialAction\":[{\"@type\":\"SearchAction\",\"target\":{\"@type\":\"EntryPoint\",\"urlTemplate\":\"https:\/\/rubineta.com\/?s={search_term_string}\"},\"query-input\":{\"@type\":\"PropertyValueSpecification\",\"valueRequired\":true,\"valueName\":\"search_term_string\"}}],\"inLanguage\":\"lv-LV\"},{\"@type\":\"Organization\",\"@id\":\"https:\/\/rubineta.com\/#organization\",\"name\":\"RUBINETA\",\"url\":\"https:\/\/rubineta.com\/\",\"logo\":{\"@type\":\"ImageObject\",\"inLanguage\":\"lv-LV\",\"@id\":\"https:\/\/rubineta.com\/#\/schema\/logo\/image\/\",\"url\":\"https:\/\/rubineta.com\/wp-content\/uploads\/2020\/07\/RUBINETA-logo.jpg\",\"contentUrl\":\"https:\/\/rubineta.com\/wp-content\/uploads\/2020\/07\/RUBINETA-logo.jpg\",\"width\":825,\"height\":456,\"caption\":\"RUBINETA\"},\"image\":{\"@id\":\"https:\/\/rubineta.com\/#\/schema\/logo\/image\/\"}}]}<\/script>\n<!-- \/ Yoast SEO plugin. -->","yoast_head_json":{"title":"AERO-10 | RUBINETA","robots":{"index":"index","follow":"follow","max-snippet":"max-snippet:-1","max-image-preview":"max-image-preview:large","max-video-preview":"max-video-preview:-1"},"canonical":"https:\/\/rubineta.com\/en\/catalogue\/maisytuvai\/aero-10\/","schema":{"@context":"https:\/\/schema.org","@graph":[{"@type":"WebPage","@id":"https:\/\/rubineta.com\/en\/catalogue\/maisytuvai\/aero-10\/","url":"https:\/\/rubineta.com\/en\/catalogue\/maisytuvai\/aero-10\/","name":"AERO-10 | RUBINETA","isPartOf":{"@id":"https:\/\/rubineta.com\/#website"},"primaryImageOfPage":{"@id":"https:\/\/rubineta.com\/en\/catalogue\/maisytuvai\/aero-10\/#primaryimage"},"image":{"@id":"https:\/\/rubineta.com\/en\/catalogue\/maisytuvai\/aero-10\/#primaryimage"},"thumbnailUrl":"https:\/\/rubineta.com\/wp-content\/uploads\/2019\/01\/aero-100114084757.jpg","datePublished":"2019-01-14T08:47:57+00:00","dateModified":"2022-04-27T10:02:00+00:00","breadcrumb":{"@id":"https:\/\/rubineta.com\/en\/catalogue\/maisytuvai\/aero-10\/#breadcrumb"},"inLanguage":"lv-LV","potentialAction":[{"@type":"ReadAction","target":["https:\/\/rubineta.com\/en\/catalogue\/maisytuvai\/aero-10\/"]}]},{"@type":"ImageObject","inLanguage":"lv-LV","@id":"https:\/\/rubineta.com\/en\/catalogue\/maisytuvai\/aero-10\/#primaryimage","url":"https:\/\/rubineta.com\/wp-content\/uploads\/2019\/01\/aero-100114084757.jpg","contentUrl":"https:\/\/rubineta.com\/wp-content\/uploads\/2019\/01\/aero-100114084757.jpg","width":800,"height":800},{"@type":"BreadcrumbList","@id":"https:\/\/rubineta.com\/en\/catalogue\/maisytuvai\/aero-10\/#breadcrumb","itemListElement":[{"@type":"ListItem","position":1,"name":"Home","item":"https:\/\/rubineta.com\/lv\/"},{"@type":"ListItem","position":2,"name":"Katalogs","item":"https:\/\/rubineta.com\/lv\/catalogue\/"},{"@type":"ListItem","position":3,"name":"AERO-10"}]},{"@type":"WebSite","@id":"https:\/\/rubineta.com\/#website","url":"https:\/\/rubineta.com\/","name":"Rubineta - Quality And Reliable Sanitary Fittings","description":"High Quality And Reliable Faucets","publisher":{"@id":"https:\/\/rubineta.com\/#organization"},"potentialAction":[{"@type":"SearchAction","target":{"@type":"EntryPoint","urlTemplate":"https:\/\/rubineta.com\/?s={search_term_string}"},"query-input":{"@type":"PropertyValueSpecification","valueRequired":true,"valueName":"search_term_string"}}],"inLanguage":"lv-LV"},{"@type":"Organization","@id":"https:\/\/rubineta.com\/#organization","name":"RUBINETA","url":"https:\/\/rubineta.com\/","logo":{"@type":"ImageObject","inLanguage":"lv-LV","@id":"https:\/\/rubineta.com\/#\/schema\/logo\/image\/","url":"https:\/\/rubineta.com\/wp-content\/uploads\/2020\/07\/RUBINETA-logo.jpg","contentUrl":"https:\/\/rubineta.com\/wp-content\/uploads\/2020\/07\/RUBINETA-logo.jpg","width":825,"height":456,"caption":"RUBINETA"},"image":{"@id":"https:\/\/rubineta.com\/#\/schema\/logo\/image\/"}}]}},"_links":{"self":[{"href":"https:\/\/rubineta.com\/lv\/wp-json\/wp\/v2\/product\/18345","targetHints":{"allow":["GET"]}}],"collection":[{"href":"https:\/\/rubineta.com\/lv\/wp-json\/wp\/v2\/product"}],"about":[{"href":"https:\/\/rubineta.com\/lv\/wp-json\/wp\/v2\/types\/product"}],"replies":[{"embeddable":true,"href":"https:\/\/rubineta.com\/lv\/wp-json\/wp\/v2\/comments?post=18345"}],"wp:featuredmedia":[{"embeddable":true,"href":"https:\/\/rubineta.com\/lv\/wp-json\/wp\/v2\/media\/18346"}],"wp:attachment":[{"href":"https:\/\/rubineta.com\/lv\/wp-json\/wp\/v2\/media?parent=18345"}],"wp:term":[{"taxonomy":"product_cat","embeddable":true,"href":"https:\/\/rubineta.com\/lv\/wp-json\/wp\/v2\/product_cat?post=18345"},{"taxonomy":"product_tag","embeddable":true,"href":"https:\/\/rubineta.com\/lv\/wp-json\/wp\/v2\/product_tag?post=18345"}],"curies":[{"name":"wp","href":"https:\/\/api.w.org\/{rel}","templated":true}]}}