{"id":18446,"date":"2019-01-14T06:53:11","date_gmt":"2019-01-14T08:53:11","guid":{"rendered":"http:\/\/rubineta.com\/produktas\/kubo-2f-uno\/"},"modified":"2022-03-01T10:53:45","modified_gmt":"2022-03-01T12:53:45","slug":"kubo-2f-uno","status":"publish","type":"product","link":"https:\/\/rubineta.com\/lv\/catalogue\/maisytuvai\/kubo-2f-uno\/","title":{"rendered":"KUBO-2F UNO"},"content":{"rendered":"","protected":false},"excerpt":{"rendered":"<p>Du\u0161as mais\u012bt\u0101js sl\u0113ptai uzst\u0101d\u012b\u0161anai.<\/p>\n<p>Dubult\u0101s du\u0161as funkciju sl\u0113dzis &#8211; j\u016bs varat izv\u0113l\u0113ties, vai \u016bdens pl\u016bd\u012bs ar lietus du\u0161as galvu vai rokas du\u0161as galvu.<\/p>\n<p>Smalks dizains, harmoniski ar jebkuru interjeru.<\/p>\n<p>Profesion\u0101\u013cu izv\u0113le.<\/p>\n<p>RubiBrass\u00a0<strong>\u2013 \u012bpa\u0161a sast\u0101va misi\u0146a sakaus\u0113jums. \u0160aj\u0101 ilgtsp\u0113j\u012bgaj\u0101 un cilv\u0113ka vesel\u012bbai nekait\u012bgaj\u0101 sakaus\u0113jum\u0101 ir maksim\u0101li samazin\u0101ts svina un citu materi\u0101lu, kuri var rea\u0123\u0113t ar dzeramo \u016bdeni, daudzums.<\/strong><\/p>\n<p>SolidChrom\u00a0<strong>\u2013 ilgtsp\u0113j\u012bgs un iztur\u012bgs augst\u0101k\u0101s klases hroma p\u0101rkl\u0101jums. \u0160is pret nodilumu iztur\u012bgais \u012bpa\u0161i biezais (20-25 mikronu) hroma p\u0101rkl\u0101jums ne tikai priec\u0113s j\u016bs daudzus gadus, bet tai ir ar\u012b antibakteri\u0101las \u012bpa\u0161\u012bbas.<\/strong><\/p>\n<p><strong>Kasete<\/strong><span class=\"apple-converted-space\"><b>\u00a0<\/b><\/span>SEDAL Rubineta\u00a0<strong>(Sp\u0101nija). Uzticams un kalpos ilgi. Standarta kasete &#8211; 35 mm.<\/strong><\/p>\n<p><strong>Katrs jauc\u0113jkr\u0101ns r\u016bpn\u012bc\u0101 papildus tiek test\u0113ts ar\u012b manu\u0101li.<\/strong><\/p>\n<p><strong>Garantija 5 gadi.<\/strong><\/p>\n","protected":false},"featured_media":18447,"comment_status":"closed","ping_status":"closed","template":"","meta":[],"product_cat":[151],"product_tag":[1651,1630,1676],"class_list":{"0":"post-18446","1":"product","2":"type-product","3":"status-publish","4":"has-post-thumbnail","6":"product_cat-maisytuvai","7":"product_tag-ceramic_diverter","8":"product_tag-rubi_brass","9":"product_tag-sedal_35","10":"pa_barkodas-1859","11":"pa_garantija-167","12":"pa_padengimas-chrome-plated","13":"pa_paskirtis-potinkiniai-maisytuvai","14":"pa_segmentas-premium","15":"pa_serija-kubo","17":"first","18":"instock","19":"shipping-taxable","20":"purchasable","21":"product-type-simple"},"yoast_head":"<!-- This site is optimized with the Yoast SEO plugin v23.9 - https:\/\/yoast.com\/wordpress\/plugins\/seo\/ -->\n<title>KUBO-2F UNO | RUBINETA<\/title>\n<meta name=\"robots\" content=\"index, follow, max-snippet:-1, max-image-preview:large, max-video-preview:-1\" \/>\n<link rel=\"canonical\" href=\"https:\/\/rubineta.com\/en\/catalogue\/maisytuvai\/kubo-2f-uno\/\" \/>\n<script type=\"application\/ld+json\" class=\"yoast-schema-graph\">{\"@context\":\"https:\/\/schema.org\",\"@graph\":[{\"@type\":\"WebPage\",\"@id\":\"https:\/\/rubineta.com\/en\/catalogue\/maisytuvai\/kubo-2f-uno\/\",\"url\":\"https:\/\/rubineta.com\/en\/catalogue\/maisytuvai\/kubo-2f-uno\/\",\"name\":\"KUBO-2F UNO | RUBINETA\",\"isPartOf\":{\"@id\":\"https:\/\/rubineta.com\/#website\"},\"primaryImageOfPage\":{\"@id\":\"https:\/\/rubineta.com\/en\/catalogue\/maisytuvai\/kubo-2f-uno\/#primaryimage\"},\"image\":{\"@id\":\"https:\/\/rubineta.com\/en\/catalogue\/maisytuvai\/kubo-2f-uno\/#primaryimage\"},\"thumbnailUrl\":\"https:\/\/rubineta.com\/wp-content\/uploads\/2019\/01\/kubo-2f-uno0114085311-scaled.jpg\",\"datePublished\":\"2019-01-14T08:53:11+00:00\",\"dateModified\":\"2022-03-01T12:53:45+00:00\",\"breadcrumb\":{\"@id\":\"https:\/\/rubineta.com\/en\/catalogue\/maisytuvai\/kubo-2f-uno\/#breadcrumb\"},\"inLanguage\":\"lv-LV\",\"potentialAction\":[{\"@type\":\"ReadAction\",\"target\":[\"https:\/\/rubineta.com\/en\/catalogue\/maisytuvai\/kubo-2f-uno\/\"]}]},{\"@type\":\"ImageObject\",\"inLanguage\":\"lv-LV\",\"@id\":\"https:\/\/rubineta.com\/en\/catalogue\/maisytuvai\/kubo-2f-uno\/#primaryimage\",\"url\":\"https:\/\/rubineta.com\/wp-content\/uploads\/2019\/01\/kubo-2f-uno0114085311-scaled.jpg\",\"contentUrl\":\"https:\/\/rubineta.com\/wp-content\/uploads\/2019\/01\/kubo-2f-uno0114085311-scaled.jpg\",\"width\":2560,\"height\":1707},{\"@type\":\"BreadcrumbList\",\"@id\":\"https:\/\/rubineta.com\/en\/catalogue\/maisytuvai\/kubo-2f-uno\/#breadcrumb\",\"itemListElement\":[{\"@type\":\"ListItem\",\"position\":1,\"name\":\"Home\",\"item\":\"https:\/\/rubineta.com\/lv\/\"},{\"@type\":\"ListItem\",\"position\":2,\"name\":\"Katalogs\",\"item\":\"https:\/\/rubineta.com\/lv\/catalogue\/\"},{\"@type\":\"ListItem\",\"position\":3,\"name\":\"KUBO-2F UNO\"}]},{\"@type\":\"WebSite\",\"@id\":\"https:\/\/rubineta.com\/#website\",\"url\":\"https:\/\/rubineta.com\/\",\"name\":\"Rubineta - Quality And Reliable Sanitary Fittings\",\"description\":\"High Quality And Reliable Faucets\",\"publisher\":{\"@id\":\"https:\/\/rubineta.com\/#organization\"},\"potentialAction\":[{\"@type\":\"SearchAction\",\"target\":{\"@type\":\"EntryPoint\",\"urlTemplate\":\"https:\/\/rubineta.com\/?s={search_term_string}\"},\"query-input\":{\"@type\":\"PropertyValueSpecification\",\"valueRequired\":true,\"valueName\":\"search_term_string\"}}],\"inLanguage\":\"lv-LV\"},{\"@type\":\"Organization\",\"@id\":\"https:\/\/rubineta.com\/#organization\",\"name\":\"RUBINETA\",\"url\":\"https:\/\/rubineta.com\/\",\"logo\":{\"@type\":\"ImageObject\",\"inLanguage\":\"lv-LV\",\"@id\":\"https:\/\/rubineta.com\/#\/schema\/logo\/image\/\",\"url\":\"https:\/\/rubineta.com\/wp-content\/uploads\/2020\/07\/RUBINETA-logo.jpg\",\"contentUrl\":\"https:\/\/rubineta.com\/wp-content\/uploads\/2020\/07\/RUBINETA-logo.jpg\",\"width\":825,\"height\":456,\"caption\":\"RUBINETA\"},\"image\":{\"@id\":\"https:\/\/rubineta.com\/#\/schema\/logo\/image\/\"}}]}<\/script>\n<!-- \/ Yoast SEO plugin. -->","yoast_head_json":{"title":"KUBO-2F UNO | RUBINETA","robots":{"index":"index","follow":"follow","max-snippet":"max-snippet:-1","max-image-preview":"max-image-preview:large","max-video-preview":"max-video-preview:-1"},"canonical":"https:\/\/rubineta.com\/en\/catalogue\/maisytuvai\/kubo-2f-uno\/","schema":{"@context":"https:\/\/schema.org","@graph":[{"@type":"WebPage","@id":"https:\/\/rubineta.com\/en\/catalogue\/maisytuvai\/kubo-2f-uno\/","url":"https:\/\/rubineta.com\/en\/catalogue\/maisytuvai\/kubo-2f-uno\/","name":"KUBO-2F UNO | RUBINETA","isPartOf":{"@id":"https:\/\/rubineta.com\/#website"},"primaryImageOfPage":{"@id":"https:\/\/rubineta.com\/en\/catalogue\/maisytuvai\/kubo-2f-uno\/#primaryimage"},"image":{"@id":"https:\/\/rubineta.com\/en\/catalogue\/maisytuvai\/kubo-2f-uno\/#primaryimage"},"thumbnailUrl":"https:\/\/rubineta.com\/wp-content\/uploads\/2019\/01\/kubo-2f-uno0114085311-scaled.jpg","datePublished":"2019-01-14T08:53:11+00:00","dateModified":"2022-03-01T12:53:45+00:00","breadcrumb":{"@id":"https:\/\/rubineta.com\/en\/catalogue\/maisytuvai\/kubo-2f-uno\/#breadcrumb"},"inLanguage":"lv-LV","potentialAction":[{"@type":"ReadAction","target":["https:\/\/rubineta.com\/en\/catalogue\/maisytuvai\/kubo-2f-uno\/"]}]},{"@type":"ImageObject","inLanguage":"lv-LV","@id":"https:\/\/rubineta.com\/en\/catalogue\/maisytuvai\/kubo-2f-uno\/#primaryimage","url":"https:\/\/rubineta.com\/wp-content\/uploads\/2019\/01\/kubo-2f-uno0114085311-scaled.jpg","contentUrl":"https:\/\/rubineta.com\/wp-content\/uploads\/2019\/01\/kubo-2f-uno0114085311-scaled.jpg","width":2560,"height":1707},{"@type":"BreadcrumbList","@id":"https:\/\/rubineta.com\/en\/catalogue\/maisytuvai\/kubo-2f-uno\/#breadcrumb","itemListElement":[{"@type":"ListItem","position":1,"name":"Home","item":"https:\/\/rubineta.com\/lv\/"},{"@type":"ListItem","position":2,"name":"Katalogs","item":"https:\/\/rubineta.com\/lv\/catalogue\/"},{"@type":"ListItem","position":3,"name":"KUBO-2F UNO"}]},{"@type":"WebSite","@id":"https:\/\/rubineta.com\/#website","url":"https:\/\/rubineta.com\/","name":"Rubineta - Quality And Reliable Sanitary Fittings","description":"High Quality And Reliable Faucets","publisher":{"@id":"https:\/\/rubineta.com\/#organization"},"potentialAction":[{"@type":"SearchAction","target":{"@type":"EntryPoint","urlTemplate":"https:\/\/rubineta.com\/?s={search_term_string}"},"query-input":{"@type":"PropertyValueSpecification","valueRequired":true,"valueName":"search_term_string"}}],"inLanguage":"lv-LV"},{"@type":"Organization","@id":"https:\/\/rubineta.com\/#organization","name":"RUBINETA","url":"https:\/\/rubineta.com\/","logo":{"@type":"ImageObject","inLanguage":"lv-LV","@id":"https:\/\/rubineta.com\/#\/schema\/logo\/image\/","url":"https:\/\/rubineta.com\/wp-content\/uploads\/2020\/07\/RUBINETA-logo.jpg","contentUrl":"https:\/\/rubineta.com\/wp-content\/uploads\/2020\/07\/RUBINETA-logo.jpg","width":825,"height":456,"caption":"RUBINETA"},"image":{"@id":"https:\/\/rubineta.com\/#\/schema\/logo\/image\/"}}]}},"_links":{"self":[{"href":"https:\/\/rubineta.com\/lv\/wp-json\/wp\/v2\/product\/18446","targetHints":{"allow":["GET"]}}],"collection":[{"href":"https:\/\/rubineta.com\/lv\/wp-json\/wp\/v2\/product"}],"about":[{"href":"https:\/\/rubineta.com\/lv\/wp-json\/wp\/v2\/types\/product"}],"replies":[{"embeddable":true,"href":"https:\/\/rubineta.com\/lv\/wp-json\/wp\/v2\/comments?post=18446"}],"wp:featuredmedia":[{"embeddable":true,"href":"https:\/\/rubineta.com\/lv\/wp-json\/wp\/v2\/media\/18447"}],"wp:attachment":[{"href":"https:\/\/rubineta.com\/lv\/wp-json\/wp\/v2\/media?parent=18446"}],"wp:term":[{"taxonomy":"product_cat","embeddable":true,"href":"https:\/\/rubineta.com\/lv\/wp-json\/wp\/v2\/product_cat?post=18446"},{"taxonomy":"product_tag","embeddable":true,"href":"https:\/\/rubineta.com\/lv\/wp-json\/wp\/v2\/product_tag?post=18446"}],"curies":[{"name":"wp","href":"https:\/\/api.w.org\/{rel}","templated":true}]}}