{"id":20014,"date":"2019-01-14T08:40:37","date_gmt":"2019-01-14T10:40:37","guid":{"rendered":"http:\/\/rubineta.com\/produktas\/221\/"},"modified":"2021-10-01T09:31:41","modified_gmt":"2021-10-01T11:31:41","slug":"221","status":"publish","type":"product","link":"https:\/\/rubineta.com\/lv\/catalogue\/atsargines-dalys-ir-aksesuarai2\/221\/","title":{"rendered":"Aerators Rubineta F22x1"},"content":{"rendered":"","protected":false},"excerpt":{"rendered":"<p>Aerators ar iek\u0161\u0113jo v\u012btni F22<\/p>\n","protected":false},"featured_media":0,"comment_status":"closed","ping_status":"closed","template":"","meta":[],"product_cat":[2416],"product_tag":[],"class_list":{"0":"post-20014","1":"product","2":"type-product","3":"status-publish","5":"product_cat-atsargines-dalys-ir-aksesuarai2","6":"pa_barkodas-2248","7":"pa_garantija-1338","8":"pa_paskirtis-aeratoriai","10":"first","11":"instock","12":"shipping-taxable","13":"purchasable","14":"product-type-simple"},"yoast_head":"<!-- This site is optimized with the Yoast SEO plugin v23.9 - https:\/\/yoast.com\/wordpress\/plugins\/seo\/ -->\n<title>Aerators Rubineta F22x1 | RUBINETA<\/title>\n<meta name=\"robots\" content=\"index, follow, max-snippet:-1, max-image-preview:large, max-video-preview:-1\" \/>\n<link rel=\"canonical\" href=\"https:\/\/rubineta.com\/ru\/catalogue\/atsargines-dalys-ir-aksesuarai2\/221\/\" \/>\n<script type=\"application\/ld+json\" class=\"yoast-schema-graph\">{\"@context\":\"https:\/\/schema.org\",\"@graph\":[{\"@type\":\"WebPage\",\"@id\":\"https:\/\/rubineta.com\/ru\/catalogue\/atsargines-dalys-ir-aksesuarai2\/221\/\",\"url\":\"https:\/\/rubineta.com\/ru\/catalogue\/atsargines-dalys-ir-aksesuarai2\/221\/\",\"name\":\"[:lt]Aeratorius Rubineta F22x1[:en]Aerator Rubineta F22x1[:ru]\u0410\u044d\u0440\u0430\u0442\u043e\u0440 Rubineta F22x1[:lv]Aerators Rubineta F22x1[:] | RUBINETA\",\"isPartOf\":{\"@id\":\"https:\/\/rubineta.com\/#website\"},\"datePublished\":\"2019-01-14T10:40:37+00:00\",\"dateModified\":\"2021-10-01T11:31:41+00:00\",\"breadcrumb\":{\"@id\":\"https:\/\/rubineta.com\/ru\/catalogue\/atsargines-dalys-ir-aksesuarai2\/221\/#breadcrumb\"},\"inLanguage\":\"lv-LV\",\"potentialAction\":[{\"@type\":\"ReadAction\",\"target\":[\"https:\/\/rubineta.com\/ru\/catalogue\/atsargines-dalys-ir-aksesuarai2\/221\/\"]}]},{\"@type\":\"BreadcrumbList\",\"@id\":\"https:\/\/rubineta.com\/ru\/catalogue\/atsargines-dalys-ir-aksesuarai2\/221\/#breadcrumb\",\"itemListElement\":[{\"@type\":\"ListItem\",\"position\":1,\"name\":\"Home\",\"item\":\"https:\/\/rubineta.com\/lv\/\"},{\"@type\":\"ListItem\",\"position\":2,\"name\":\"Katalogs\",\"item\":\"https:\/\/rubineta.com\/lv\/catalogue\/\"},{\"@type\":\"ListItem\",\"position\":3,\"name\":\"\u0410\u044d\u0440\u0430\u0442\u043e\u0440 Rubineta F22x1\"}]},{\"@type\":\"WebSite\",\"@id\":\"https:\/\/rubineta.com\/#website\",\"url\":\"https:\/\/rubineta.com\/\",\"name\":\"Rubineta - Quality And Reliable Sanitary Fittings\",\"description\":\"High Quality And Reliable Faucets\",\"publisher\":{\"@id\":\"https:\/\/rubineta.com\/#organization\"},\"potentialAction\":[{\"@type\":\"SearchAction\",\"target\":{\"@type\":\"EntryPoint\",\"urlTemplate\":\"https:\/\/rubineta.com\/?s={search_term_string}\"},\"query-input\":{\"@type\":\"PropertyValueSpecification\",\"valueRequired\":true,\"valueName\":\"search_term_string\"}}],\"inLanguage\":\"lv-LV\"},{\"@type\":\"Organization\",\"@id\":\"https:\/\/rubineta.com\/#organization\",\"name\":\"RUBINETA\",\"url\":\"https:\/\/rubineta.com\/\",\"logo\":{\"@type\":\"ImageObject\",\"inLanguage\":\"lv-LV\",\"@id\":\"https:\/\/rubineta.com\/#\/schema\/logo\/image\/\",\"url\":\"https:\/\/rubineta.com\/wp-content\/uploads\/2020\/07\/RUBINETA-logo.jpg\",\"contentUrl\":\"https:\/\/rubineta.com\/wp-content\/uploads\/2020\/07\/RUBINETA-logo.jpg\",\"width\":825,\"height\":456,\"caption\":\"RUBINETA\"},\"image\":{\"@id\":\"https:\/\/rubineta.com\/#\/schema\/logo\/image\/\"}}]}<\/script>\n<!-- \/ Yoast SEO plugin. -->","yoast_head_json":{"title":"[:lt]Aeratorius Rubineta F22x1[:en]Aerator Rubineta F22x1[:ru]\u0410\u044d\u0440\u0430\u0442\u043e\u0440 Rubineta F22x1[:lv]Aerators Rubineta F22x1[:] | RUBINETA","robots":{"index":"index","follow":"follow","max-snippet":"max-snippet:-1","max-image-preview":"max-image-preview:large","max-video-preview":"max-video-preview:-1"},"canonical":"https:\/\/rubineta.com\/ru\/catalogue\/atsargines-dalys-ir-aksesuarai2\/221\/","schema":{"@context":"https:\/\/schema.org","@graph":[{"@type":"WebPage","@id":"https:\/\/rubineta.com\/ru\/catalogue\/atsargines-dalys-ir-aksesuarai2\/221\/","url":"https:\/\/rubineta.com\/ru\/catalogue\/atsargines-dalys-ir-aksesuarai2\/221\/","name":"[:lt]Aeratorius Rubineta F22x1[:en]Aerator Rubineta F22x1[:ru]\u0410\u044d\u0440\u0430\u0442\u043e\u0440 Rubineta F22x1[:lv]Aerators Rubineta F22x1[:] | RUBINETA","isPartOf":{"@id":"https:\/\/rubineta.com\/#website"},"datePublished":"2019-01-14T10:40:37+00:00","dateModified":"2021-10-01T11:31:41+00:00","breadcrumb":{"@id":"https:\/\/rubineta.com\/ru\/catalogue\/atsargines-dalys-ir-aksesuarai2\/221\/#breadcrumb"},"inLanguage":"lv-LV","potentialAction":[{"@type":"ReadAction","target":["https:\/\/rubineta.com\/ru\/catalogue\/atsargines-dalys-ir-aksesuarai2\/221\/"]}]},{"@type":"BreadcrumbList","@id":"https:\/\/rubineta.com\/ru\/catalogue\/atsargines-dalys-ir-aksesuarai2\/221\/#breadcrumb","itemListElement":[{"@type":"ListItem","position":1,"name":"Home","item":"https:\/\/rubineta.com\/lv\/"},{"@type":"ListItem","position":2,"name":"Katalogs","item":"https:\/\/rubineta.com\/lv\/catalogue\/"},{"@type":"ListItem","position":3,"name":"\u0410\u044d\u0440\u0430\u0442\u043e\u0440 Rubineta F22x1"}]},{"@type":"WebSite","@id":"https:\/\/rubineta.com\/#website","url":"https:\/\/rubineta.com\/","name":"Rubineta - Quality And Reliable Sanitary Fittings","description":"High Quality And Reliable Faucets","publisher":{"@id":"https:\/\/rubineta.com\/#organization"},"potentialAction":[{"@type":"SearchAction","target":{"@type":"EntryPoint","urlTemplate":"https:\/\/rubineta.com\/?s={search_term_string}"},"query-input":{"@type":"PropertyValueSpecification","valueRequired":true,"valueName":"search_term_string"}}],"inLanguage":"lv-LV"},{"@type":"Organization","@id":"https:\/\/rubineta.com\/#organization","name":"RUBINETA","url":"https:\/\/rubineta.com\/","logo":{"@type":"ImageObject","inLanguage":"lv-LV","@id":"https:\/\/rubineta.com\/#\/schema\/logo\/image\/","url":"https:\/\/rubineta.com\/wp-content\/uploads\/2020\/07\/RUBINETA-logo.jpg","contentUrl":"https:\/\/rubineta.com\/wp-content\/uploads\/2020\/07\/RUBINETA-logo.jpg","width":825,"height":456,"caption":"RUBINETA"},"image":{"@id":"https:\/\/rubineta.com\/#\/schema\/logo\/image\/"}}]}},"_links":{"self":[{"href":"https:\/\/rubineta.com\/lv\/wp-json\/wp\/v2\/product\/20014","targetHints":{"allow":["GET"]}}],"collection":[{"href":"https:\/\/rubineta.com\/lv\/wp-json\/wp\/v2\/product"}],"about":[{"href":"https:\/\/rubineta.com\/lv\/wp-json\/wp\/v2\/types\/product"}],"replies":[{"embeddable":true,"href":"https:\/\/rubineta.com\/lv\/wp-json\/wp\/v2\/comments?post=20014"}],"wp:attachment":[{"href":"https:\/\/rubineta.com\/lv\/wp-json\/wp\/v2\/media?parent=20014"}],"wp:term":[{"taxonomy":"product_cat","embeddable":true,"href":"https:\/\/rubineta.com\/lv\/wp-json\/wp\/v2\/product_cat?post=20014"},{"taxonomy":"product_tag","embeddable":true,"href":"https:\/\/rubineta.com\/lv\/wp-json\/wp\/v2\/product_tag?post=20014"}],"curies":[{"name":"wp","href":"https:\/\/api.w.org\/{rel}","templated":true}]}}