{"id":20320,"date":"2019-01-14T08:52:02","date_gmt":"2019-01-14T10:52:02","guid":{"rendered":"http:\/\/rubineta.com\/produktas\/kubo-1f-ultra\/"},"modified":"2022-03-01T10:55:14","modified_gmt":"2022-03-01T12:55:14","slug":"kubo-1f-ultra","status":"publish","type":"product","link":"https:\/\/rubineta.com\/lv\/catalogue\/maisytuvai\/kubo-1f-ultra\/","title":{"rendered":"KUBO-1F ULTRA"},"content":{"rendered":"","protected":false},"excerpt":{"rendered":"<p>Du\u0161as mais\u012bt\u0101js sl\u0113ptai uzst\u0101d\u012b\u0161anai.<\/p>\n<p>Smalks dizains, harmoniski ar jebkuru interjeru.<\/p>\n<p>Profesion\u0101\u013cu izv\u0113le.<\/p>\n<p>RubiBrass\u00a0<strong>\u2013 \u012bpa\u0161a sast\u0101va misi\u0146a sakaus\u0113jums. \u0160aj\u0101 ilgtsp\u0113j\u012bgaj\u0101 un cilv\u0113ka vesel\u012bbai nekait\u012bgaj\u0101 sakaus\u0113jum\u0101 ir maksim\u0101li samazin\u0101ts svina un citu materi\u0101lu, kuri var rea\u0123\u0113t ar dzeramo \u016bdeni, daudzums.<\/strong><\/p>\n<p>SolidChrom\u00a0<strong>\u2013 ilgtsp\u0113j\u012bgs un iztur\u012bgs augst\u0101k\u0101s klases hroma p\u0101rkl\u0101jums. \u0160is pret nodilumu iztur\u012bgais \u012bpa\u0161i biezais (20-25 mikronu) hroma p\u0101rkl\u0101jums ne tikai priec\u0113s j\u016bs daudzus gadus, bet tai ir ar\u012b antibakteri\u0101las \u012bpa\u0161\u012bbas.<\/strong><\/p>\n<p><strong>Kasete <\/strong>SEDAL Rubineta\u00a0<strong>(Sp\u0101nija). Uzticams un kalpos ilgi. Standarta kasete &#8211; 35 mm.<\/strong><\/p>\n<p><strong>Katrs jauc\u0113jkr\u0101ns r\u016bpn\u012bc\u0101 papildus tiek test\u0113ts ar\u012b manu\u0101li.<\/strong><\/p>\n<p><strong>Garantija 5 gadi.<\/strong><\/p>\n","protected":false},"featured_media":20321,"comment_status":"closed","ping_status":"closed","template":"","meta":[],"product_cat":[151],"product_tag":[1630,1676],"class_list":{"0":"post-20320","1":"product","2":"type-product","3":"status-publish","4":"has-post-thumbnail","6":"product_cat-maisytuvai","7":"product_tag-rubi_brass","8":"product_tag-sedal_35","9":"pa_barkodas-2330","10":"pa_garantija-167","11":"pa_padengimas-chrome-plated","12":"pa_paskirtis-potinkiniai-maisytuvai","13":"pa_segmentas-premium","14":"pa_serija-kubo","16":"first","17":"instock","18":"shipping-taxable","19":"purchasable","20":"product-type-simple"},"yoast_head":"<!-- This site is optimized with the Yoast SEO plugin v23.9 - https:\/\/yoast.com\/wordpress\/plugins\/seo\/ -->\n<title>KUBO-1F ULTRA | RUBINETA<\/title>\n<meta name=\"robots\" content=\"index, follow, max-snippet:-1, max-image-preview:large, max-video-preview:-1\" \/>\n<link rel=\"canonical\" href=\"https:\/\/rubineta.com\/en\/catalogue\/maisytuvai\/kubo-1f-ultra\/\" \/>\n<script type=\"application\/ld+json\" class=\"yoast-schema-graph\">{\"@context\":\"https:\/\/schema.org\",\"@graph\":[{\"@type\":\"WebPage\",\"@id\":\"https:\/\/rubineta.com\/en\/catalogue\/maisytuvai\/kubo-1f-ultra\/\",\"url\":\"https:\/\/rubineta.com\/en\/catalogue\/maisytuvai\/kubo-1f-ultra\/\",\"name\":\"KUBO-1F ULTRA | RUBINETA\",\"isPartOf\":{\"@id\":\"https:\/\/rubineta.com\/#website\"},\"primaryImageOfPage\":{\"@id\":\"https:\/\/rubineta.com\/en\/catalogue\/maisytuvai\/kubo-1f-ultra\/#primaryimage\"},\"image\":{\"@id\":\"https:\/\/rubineta.com\/en\/catalogue\/maisytuvai\/kubo-1f-ultra\/#primaryimage\"},\"thumbnailUrl\":\"https:\/\/rubineta.com\/wp-content\/uploads\/2019\/01\/kubo-1f-ultra0114105203-scaled.jpg\",\"datePublished\":\"2019-01-14T10:52:02+00:00\",\"dateModified\":\"2022-03-01T12:55:14+00:00\",\"breadcrumb\":{\"@id\":\"https:\/\/rubineta.com\/en\/catalogue\/maisytuvai\/kubo-1f-ultra\/#breadcrumb\"},\"inLanguage\":\"lv-LV\",\"potentialAction\":[{\"@type\":\"ReadAction\",\"target\":[\"https:\/\/rubineta.com\/en\/catalogue\/maisytuvai\/kubo-1f-ultra\/\"]}]},{\"@type\":\"ImageObject\",\"inLanguage\":\"lv-LV\",\"@id\":\"https:\/\/rubineta.com\/en\/catalogue\/maisytuvai\/kubo-1f-ultra\/#primaryimage\",\"url\":\"https:\/\/rubineta.com\/wp-content\/uploads\/2019\/01\/kubo-1f-ultra0114105203-scaled.jpg\",\"contentUrl\":\"https:\/\/rubineta.com\/wp-content\/uploads\/2019\/01\/kubo-1f-ultra0114105203-scaled.jpg\",\"width\":2560,\"height\":1707},{\"@type\":\"BreadcrumbList\",\"@id\":\"https:\/\/rubineta.com\/en\/catalogue\/maisytuvai\/kubo-1f-ultra\/#breadcrumb\",\"itemListElement\":[{\"@type\":\"ListItem\",\"position\":1,\"name\":\"Home\",\"item\":\"https:\/\/rubineta.com\/lv\/\"},{\"@type\":\"ListItem\",\"position\":2,\"name\":\"Katalogs\",\"item\":\"https:\/\/rubineta.com\/lv\/catalogue\/\"},{\"@type\":\"ListItem\",\"position\":3,\"name\":\"KUBO-1F ULTRA\"}]},{\"@type\":\"WebSite\",\"@id\":\"https:\/\/rubineta.com\/#website\",\"url\":\"https:\/\/rubineta.com\/\",\"name\":\"Rubineta - Quality And Reliable Sanitary Fittings\",\"description\":\"High Quality And Reliable Faucets\",\"publisher\":{\"@id\":\"https:\/\/rubineta.com\/#organization\"},\"potentialAction\":[{\"@type\":\"SearchAction\",\"target\":{\"@type\":\"EntryPoint\",\"urlTemplate\":\"https:\/\/rubineta.com\/?s={search_term_string}\"},\"query-input\":{\"@type\":\"PropertyValueSpecification\",\"valueRequired\":true,\"valueName\":\"search_term_string\"}}],\"inLanguage\":\"lv-LV\"},{\"@type\":\"Organization\",\"@id\":\"https:\/\/rubineta.com\/#organization\",\"name\":\"RUBINETA\",\"url\":\"https:\/\/rubineta.com\/\",\"logo\":{\"@type\":\"ImageObject\",\"inLanguage\":\"lv-LV\",\"@id\":\"https:\/\/rubineta.com\/#\/schema\/logo\/image\/\",\"url\":\"https:\/\/rubineta.com\/wp-content\/uploads\/2020\/07\/RUBINETA-logo.jpg\",\"contentUrl\":\"https:\/\/rubineta.com\/wp-content\/uploads\/2020\/07\/RUBINETA-logo.jpg\",\"width\":825,\"height\":456,\"caption\":\"RUBINETA\"},\"image\":{\"@id\":\"https:\/\/rubineta.com\/#\/schema\/logo\/image\/\"}}]}<\/script>\n<!-- \/ Yoast SEO plugin. -->","yoast_head_json":{"title":"KUBO-1F ULTRA | RUBINETA","robots":{"index":"index","follow":"follow","max-snippet":"max-snippet:-1","max-image-preview":"max-image-preview:large","max-video-preview":"max-video-preview:-1"},"canonical":"https:\/\/rubineta.com\/en\/catalogue\/maisytuvai\/kubo-1f-ultra\/","schema":{"@context":"https:\/\/schema.org","@graph":[{"@type":"WebPage","@id":"https:\/\/rubineta.com\/en\/catalogue\/maisytuvai\/kubo-1f-ultra\/","url":"https:\/\/rubineta.com\/en\/catalogue\/maisytuvai\/kubo-1f-ultra\/","name":"KUBO-1F ULTRA | RUBINETA","isPartOf":{"@id":"https:\/\/rubineta.com\/#website"},"primaryImageOfPage":{"@id":"https:\/\/rubineta.com\/en\/catalogue\/maisytuvai\/kubo-1f-ultra\/#primaryimage"},"image":{"@id":"https:\/\/rubineta.com\/en\/catalogue\/maisytuvai\/kubo-1f-ultra\/#primaryimage"},"thumbnailUrl":"https:\/\/rubineta.com\/wp-content\/uploads\/2019\/01\/kubo-1f-ultra0114105203-scaled.jpg","datePublished":"2019-01-14T10:52:02+00:00","dateModified":"2022-03-01T12:55:14+00:00","breadcrumb":{"@id":"https:\/\/rubineta.com\/en\/catalogue\/maisytuvai\/kubo-1f-ultra\/#breadcrumb"},"inLanguage":"lv-LV","potentialAction":[{"@type":"ReadAction","target":["https:\/\/rubineta.com\/en\/catalogue\/maisytuvai\/kubo-1f-ultra\/"]}]},{"@type":"ImageObject","inLanguage":"lv-LV","@id":"https:\/\/rubineta.com\/en\/catalogue\/maisytuvai\/kubo-1f-ultra\/#primaryimage","url":"https:\/\/rubineta.com\/wp-content\/uploads\/2019\/01\/kubo-1f-ultra0114105203-scaled.jpg","contentUrl":"https:\/\/rubineta.com\/wp-content\/uploads\/2019\/01\/kubo-1f-ultra0114105203-scaled.jpg","width":2560,"height":1707},{"@type":"BreadcrumbList","@id":"https:\/\/rubineta.com\/en\/catalogue\/maisytuvai\/kubo-1f-ultra\/#breadcrumb","itemListElement":[{"@type":"ListItem","position":1,"name":"Home","item":"https:\/\/rubineta.com\/lv\/"},{"@type":"ListItem","position":2,"name":"Katalogs","item":"https:\/\/rubineta.com\/lv\/catalogue\/"},{"@type":"ListItem","position":3,"name":"KUBO-1F ULTRA"}]},{"@type":"WebSite","@id":"https:\/\/rubineta.com\/#website","url":"https:\/\/rubineta.com\/","name":"Rubineta - Quality And Reliable Sanitary Fittings","description":"High Quality And Reliable Faucets","publisher":{"@id":"https:\/\/rubineta.com\/#organization"},"potentialAction":[{"@type":"SearchAction","target":{"@type":"EntryPoint","urlTemplate":"https:\/\/rubineta.com\/?s={search_term_string}"},"query-input":{"@type":"PropertyValueSpecification","valueRequired":true,"valueName":"search_term_string"}}],"inLanguage":"lv-LV"},{"@type":"Organization","@id":"https:\/\/rubineta.com\/#organization","name":"RUBINETA","url":"https:\/\/rubineta.com\/","logo":{"@type":"ImageObject","inLanguage":"lv-LV","@id":"https:\/\/rubineta.com\/#\/schema\/logo\/image\/","url":"https:\/\/rubineta.com\/wp-content\/uploads\/2020\/07\/RUBINETA-logo.jpg","contentUrl":"https:\/\/rubineta.com\/wp-content\/uploads\/2020\/07\/RUBINETA-logo.jpg","width":825,"height":456,"caption":"RUBINETA"},"image":{"@id":"https:\/\/rubineta.com\/#\/schema\/logo\/image\/"}}]}},"_links":{"self":[{"href":"https:\/\/rubineta.com\/lv\/wp-json\/wp\/v2\/product\/20320","targetHints":{"allow":["GET"]}}],"collection":[{"href":"https:\/\/rubineta.com\/lv\/wp-json\/wp\/v2\/product"}],"about":[{"href":"https:\/\/rubineta.com\/lv\/wp-json\/wp\/v2\/types\/product"}],"replies":[{"embeddable":true,"href":"https:\/\/rubineta.com\/lv\/wp-json\/wp\/v2\/comments?post=20320"}],"wp:featuredmedia":[{"embeddable":true,"href":"https:\/\/rubineta.com\/lv\/wp-json\/wp\/v2\/media\/20321"}],"wp:attachment":[{"href":"https:\/\/rubineta.com\/lv\/wp-json\/wp\/v2\/media?parent=20320"}],"wp:term":[{"taxonomy":"product_cat","embeddable":true,"href":"https:\/\/rubineta.com\/lv\/wp-json\/wp\/v2\/product_cat?post=20320"},{"taxonomy":"product_tag","embeddable":true,"href":"https:\/\/rubineta.com\/lv\/wp-json\/wp\/v2\/product_tag?post=20320"}],"curies":[{"name":"wp","href":"https:\/\/api.w.org\/{rel}","templated":true}]}}