{"id":20375,"date":"2019-01-10T08:54:35","date_gmt":"2019-01-10T10:54:35","guid":{"rendered":"http:\/\/rubineta.com\/produktas\/ecosens-1-2-1-2-1-2\/"},"modified":"2021-08-09T15:57:27","modified_gmt":"2021-08-09T17:57:27","slug":"ecosens-1-2-1-2-1-2","status":"publish","type":"product","link":"https:\/\/rubineta.com\/lv\/catalogue\/atsargines-dalys-ir-aksesuarai2\/ecosens-1-2-1-2-1-2\/","title":{"rendered":"Ecosens 1\/2&#8243;-1\/2&#8243;-1\/2&#8243;"},"content":{"rendered":"","protected":false},"excerpt":{"rendered":"<p>RubiBrass<strong>\u2013 \u012bpa\u0161a sast\u0101va misi\u0146a sakaus\u0113jums. \u0160aj\u0101 ilgtsp\u0113j\u012bgaj\u0101 un cilv\u0113ka vesel\u012bbai nekait\u012bgaj\u0101 sakaus\u0113jum\u0101 ir maksim\u0101li samazin\u0101ts svina un citu materi\u0101lu, kuri var rea\u0123\u0113t ar dzeramo \u016bdeni, daudzums.<\/strong><\/p>\n<p>SolidChrom\u00a0<strong>\u2013 ilgtsp\u0113j\u012bgs un iztur\u012bgs augst\u0101k\u0101s klases hroma p\u0101rkl\u0101jums. \u0160is pret nodilumu iztur\u012bgais \u012bpa\u0161i biezais (20-25 mikronu) hroma p\u0101rkl\u0101jums ne tikai priec\u0113s j\u016bs daudzus gadus, bet tai ir ar\u012b antibakteri\u0101las \u012bpa\u0161\u012bbas.<\/strong><\/p>\n","protected":false},"featured_media":20376,"comment_status":"closed","ping_status":"closed","template":"","meta":[],"product_cat":[2416],"product_tag":[2974],"class_list":{"0":"post-20375","1":"product","2":"type-product","3":"status-publish","4":"has-post-thumbnail","6":"product_cat-atsargines-dalys-ir-aksesuarai2","7":"product_tag-garantija-2","8":"pa_barkodas-2340","9":"pa_garantija-191","10":"pa_paskirtis-kitos-detales","11":"pa_serija-ecosens","13":"first","14":"instock","15":"shipping-taxable","16":"purchasable","17":"product-type-simple"},"yoast_head":"<!-- This site is optimized with the Yoast SEO plugin v23.9 - https:\/\/yoast.com\/wordpress\/plugins\/seo\/ -->\n<title>Ecosens 1\/2&quot;-1\/2&quot;-1\/2&quot; | RUBINETA<\/title>\n<meta name=\"robots\" content=\"index, follow, max-snippet:-1, max-image-preview:large, max-video-preview:-1\" \/>\n<link rel=\"canonical\" href=\"https:\/\/rubineta.com\/en\/catalogue\/atsargines-dalys-ir-aksesuarai2\/ecosens-1-2-1-2-1-2\/\" \/>\n<script type=\"application\/ld+json\" class=\"yoast-schema-graph\">{\"@context\":\"https:\/\/schema.org\",\"@graph\":[{\"@type\":\"WebPage\",\"@id\":\"https:\/\/rubineta.com\/en\/catalogue\/atsargines-dalys-ir-aksesuarai2\/ecosens-1-2-1-2-1-2\/\",\"url\":\"https:\/\/rubineta.com\/en\/catalogue\/atsargines-dalys-ir-aksesuarai2\/ecosens-1-2-1-2-1-2\/\",\"name\":\"Ecosens 1\/2\\\"-1\/2\\\"-1\/2\\\" | RUBINETA\",\"isPartOf\":{\"@id\":\"https:\/\/rubineta.com\/#website\"},\"primaryImageOfPage\":{\"@id\":\"https:\/\/rubineta.com\/en\/catalogue\/atsargines-dalys-ir-aksesuarai2\/ecosens-1-2-1-2-1-2\/#primaryimage\"},\"image\":{\"@id\":\"https:\/\/rubineta.com\/en\/catalogue\/atsargines-dalys-ir-aksesuarai2\/ecosens-1-2-1-2-1-2\/#primaryimage\"},\"thumbnailUrl\":\"https:\/\/rubineta.com\/wp-content\/uploads\/2019\/01\/ecosens-1-2-1-2-1-20114105435.jpg\",\"datePublished\":\"2019-01-10T10:54:35+00:00\",\"dateModified\":\"2021-08-09T17:57:27+00:00\",\"breadcrumb\":{\"@id\":\"https:\/\/rubineta.com\/en\/catalogue\/atsargines-dalys-ir-aksesuarai2\/ecosens-1-2-1-2-1-2\/#breadcrumb\"},\"inLanguage\":\"lv-LV\",\"potentialAction\":[{\"@type\":\"ReadAction\",\"target\":[\"https:\/\/rubineta.com\/en\/catalogue\/atsargines-dalys-ir-aksesuarai2\/ecosens-1-2-1-2-1-2\/\"]}]},{\"@type\":\"ImageObject\",\"inLanguage\":\"lv-LV\",\"@id\":\"https:\/\/rubineta.com\/en\/catalogue\/atsargines-dalys-ir-aksesuarai2\/ecosens-1-2-1-2-1-2\/#primaryimage\",\"url\":\"https:\/\/rubineta.com\/wp-content\/uploads\/2019\/01\/ecosens-1-2-1-2-1-20114105435.jpg\",\"contentUrl\":\"https:\/\/rubineta.com\/wp-content\/uploads\/2019\/01\/ecosens-1-2-1-2-1-20114105435.jpg\",\"width\":1936,\"height\":1728},{\"@type\":\"BreadcrumbList\",\"@id\":\"https:\/\/rubineta.com\/en\/catalogue\/atsargines-dalys-ir-aksesuarai2\/ecosens-1-2-1-2-1-2\/#breadcrumb\",\"itemListElement\":[{\"@type\":\"ListItem\",\"position\":1,\"name\":\"Home\",\"item\":\"https:\/\/rubineta.com\/lv\/\"},{\"@type\":\"ListItem\",\"position\":2,\"name\":\"Katalogs\",\"item\":\"https:\/\/rubineta.com\/lv\/catalogue\/\"},{\"@type\":\"ListItem\",\"position\":3,\"name\":\"Ecosens 1\/2&#8243;-1\/2&#8243;-1\/2&#8243;\"}]},{\"@type\":\"WebSite\",\"@id\":\"https:\/\/rubineta.com\/#website\",\"url\":\"https:\/\/rubineta.com\/\",\"name\":\"Rubineta - Quality And Reliable Sanitary Fittings\",\"description\":\"High Quality And Reliable Faucets\",\"publisher\":{\"@id\":\"https:\/\/rubineta.com\/#organization\"},\"potentialAction\":[{\"@type\":\"SearchAction\",\"target\":{\"@type\":\"EntryPoint\",\"urlTemplate\":\"https:\/\/rubineta.com\/?s={search_term_string}\"},\"query-input\":{\"@type\":\"PropertyValueSpecification\",\"valueRequired\":true,\"valueName\":\"search_term_string\"}}],\"inLanguage\":\"lv-LV\"},{\"@type\":\"Organization\",\"@id\":\"https:\/\/rubineta.com\/#organization\",\"name\":\"RUBINETA\",\"url\":\"https:\/\/rubineta.com\/\",\"logo\":{\"@type\":\"ImageObject\",\"inLanguage\":\"lv-LV\",\"@id\":\"https:\/\/rubineta.com\/#\/schema\/logo\/image\/\",\"url\":\"https:\/\/rubineta.com\/wp-content\/uploads\/2020\/07\/RUBINETA-logo.jpg\",\"contentUrl\":\"https:\/\/rubineta.com\/wp-content\/uploads\/2020\/07\/RUBINETA-logo.jpg\",\"width\":825,\"height\":456,\"caption\":\"RUBINETA\"},\"image\":{\"@id\":\"https:\/\/rubineta.com\/#\/schema\/logo\/image\/\"}}]}<\/script>\n<!-- \/ Yoast SEO plugin. -->","yoast_head_json":{"title":"Ecosens 1\/2\"-1\/2\"-1\/2\" | RUBINETA","robots":{"index":"index","follow":"follow","max-snippet":"max-snippet:-1","max-image-preview":"max-image-preview:large","max-video-preview":"max-video-preview:-1"},"canonical":"https:\/\/rubineta.com\/en\/catalogue\/atsargines-dalys-ir-aksesuarai2\/ecosens-1-2-1-2-1-2\/","schema":{"@context":"https:\/\/schema.org","@graph":[{"@type":"WebPage","@id":"https:\/\/rubineta.com\/en\/catalogue\/atsargines-dalys-ir-aksesuarai2\/ecosens-1-2-1-2-1-2\/","url":"https:\/\/rubineta.com\/en\/catalogue\/atsargines-dalys-ir-aksesuarai2\/ecosens-1-2-1-2-1-2\/","name":"Ecosens 1\/2\"-1\/2\"-1\/2\" | RUBINETA","isPartOf":{"@id":"https:\/\/rubineta.com\/#website"},"primaryImageOfPage":{"@id":"https:\/\/rubineta.com\/en\/catalogue\/atsargines-dalys-ir-aksesuarai2\/ecosens-1-2-1-2-1-2\/#primaryimage"},"image":{"@id":"https:\/\/rubineta.com\/en\/catalogue\/atsargines-dalys-ir-aksesuarai2\/ecosens-1-2-1-2-1-2\/#primaryimage"},"thumbnailUrl":"https:\/\/rubineta.com\/wp-content\/uploads\/2019\/01\/ecosens-1-2-1-2-1-20114105435.jpg","datePublished":"2019-01-10T10:54:35+00:00","dateModified":"2021-08-09T17:57:27+00:00","breadcrumb":{"@id":"https:\/\/rubineta.com\/en\/catalogue\/atsargines-dalys-ir-aksesuarai2\/ecosens-1-2-1-2-1-2\/#breadcrumb"},"inLanguage":"lv-LV","potentialAction":[{"@type":"ReadAction","target":["https:\/\/rubineta.com\/en\/catalogue\/atsargines-dalys-ir-aksesuarai2\/ecosens-1-2-1-2-1-2\/"]}]},{"@type":"ImageObject","inLanguage":"lv-LV","@id":"https:\/\/rubineta.com\/en\/catalogue\/atsargines-dalys-ir-aksesuarai2\/ecosens-1-2-1-2-1-2\/#primaryimage","url":"https:\/\/rubineta.com\/wp-content\/uploads\/2019\/01\/ecosens-1-2-1-2-1-20114105435.jpg","contentUrl":"https:\/\/rubineta.com\/wp-content\/uploads\/2019\/01\/ecosens-1-2-1-2-1-20114105435.jpg","width":1936,"height":1728},{"@type":"BreadcrumbList","@id":"https:\/\/rubineta.com\/en\/catalogue\/atsargines-dalys-ir-aksesuarai2\/ecosens-1-2-1-2-1-2\/#breadcrumb","itemListElement":[{"@type":"ListItem","position":1,"name":"Home","item":"https:\/\/rubineta.com\/lv\/"},{"@type":"ListItem","position":2,"name":"Katalogs","item":"https:\/\/rubineta.com\/lv\/catalogue\/"},{"@type":"ListItem","position":3,"name":"Ecosens 1\/2&#8243;-1\/2&#8243;-1\/2&#8243;"}]},{"@type":"WebSite","@id":"https:\/\/rubineta.com\/#website","url":"https:\/\/rubineta.com\/","name":"Rubineta - Quality And Reliable Sanitary Fittings","description":"High Quality And Reliable Faucets","publisher":{"@id":"https:\/\/rubineta.com\/#organization"},"potentialAction":[{"@type":"SearchAction","target":{"@type":"EntryPoint","urlTemplate":"https:\/\/rubineta.com\/?s={search_term_string}"},"query-input":{"@type":"PropertyValueSpecification","valueRequired":true,"valueName":"search_term_string"}}],"inLanguage":"lv-LV"},{"@type":"Organization","@id":"https:\/\/rubineta.com\/#organization","name":"RUBINETA","url":"https:\/\/rubineta.com\/","logo":{"@type":"ImageObject","inLanguage":"lv-LV","@id":"https:\/\/rubineta.com\/#\/schema\/logo\/image\/","url":"https:\/\/rubineta.com\/wp-content\/uploads\/2020\/07\/RUBINETA-logo.jpg","contentUrl":"https:\/\/rubineta.com\/wp-content\/uploads\/2020\/07\/RUBINETA-logo.jpg","width":825,"height":456,"caption":"RUBINETA"},"image":{"@id":"https:\/\/rubineta.com\/#\/schema\/logo\/image\/"}}]}},"_links":{"self":[{"href":"https:\/\/rubineta.com\/lv\/wp-json\/wp\/v2\/product\/20375","targetHints":{"allow":["GET"]}}],"collection":[{"href":"https:\/\/rubineta.com\/lv\/wp-json\/wp\/v2\/product"}],"about":[{"href":"https:\/\/rubineta.com\/lv\/wp-json\/wp\/v2\/types\/product"}],"replies":[{"embeddable":true,"href":"https:\/\/rubineta.com\/lv\/wp-json\/wp\/v2\/comments?post=20375"}],"wp:featuredmedia":[{"embeddable":true,"href":"https:\/\/rubineta.com\/lv\/wp-json\/wp\/v2\/media\/20376"}],"wp:attachment":[{"href":"https:\/\/rubineta.com\/lv\/wp-json\/wp\/v2\/media?parent=20375"}],"wp:term":[{"taxonomy":"product_cat","embeddable":true,"href":"https:\/\/rubineta.com\/lv\/wp-json\/wp\/v2\/product_cat?post=20375"},{"taxonomy":"product_tag","embeddable":true,"href":"https:\/\/rubineta.com\/lv\/wp-json\/wp\/v2\/product_tag?post=20375"}],"curies":[{"name":"wp","href":"https:\/\/api.w.org\/{rel}","templated":true}]}}