{"id":21143,"date":"2019-03-07T07:03:42","date_gmt":"2019-03-07T09:03:42","guid":{"rendered":"http:\/\/rubineta.com\/?post_type=product&#038;p=21143"},"modified":"2022-02-02T16:43:53","modified_gmt":"2022-02-02T18:43:53","slug":"ultra-15-d","status":"publish","type":"product","link":"https:\/\/rubineta.com\/lv\/catalogue\/maisytuvai\/ultra-15-d\/","title":{"rendered":"Ultra-15\/D"},"content":{"rendered":"","protected":false},"excerpt":{"rendered":"<p>Rubineta ULTRA ir dizaina un tehnolo\u0123iju jaunin\u0101jums. Unik\u0101la intuit\u012bva ergonomiska vad\u012bba, jaun\u0101k\u0101s p\u0101rkl\u0101juma tehnolo\u0123ijas.<\/p>\n<p>RubiBrass<strong>\u00a0<\/strong><strong>\u2013 \u012bpa\u0161a sast\u0101va misi\u0146a sakaus\u0113jums. \u0160aj\u0101 ilgtsp\u0113j\u012bgaj\u0101 un cilv\u0113ka vesel\u012bbai nekait\u012bgaj\u0101 sakaus\u0113jum\u0101 ir maksim\u0101li samazin\u0101ts svina un citu materi\u0101lu, kuri var rea\u0123\u0113t ar dzeramo \u016bdeni, daudzums.<\/strong><\/p>\n<p>SolidChrom<strong>\u00a0<\/strong><strong>\u2013 ilgtsp\u0113j\u012bgs un iztur\u012bgs augst\u0101k\u0101s klases hroma p\u0101rkl\u0101jums. \u0160is pret nodilumu iztur\u012bgais \u012bpa\u0161i biezais (20-25 mikronu) hroma p\u0101rkl\u0101jums ne tikai priec\u0113s j\u016bs daudzus gadus, bet tai ir ar\u012b antibakteri\u0101las \u012bpa\u0161\u012bbas.<\/strong><strong>\u00a0<\/strong><\/p>\n<p><strong>K\u0101rtrid\u017es\u00a0<\/strong>CITEC Rubineta<strong>\u00a0(Sp\u0101nija). Uzticams un kalpos ilgi. K\u0101rtrid\u017ea standarts \u2013 35 mm.<\/strong><\/p>\n<p>Neoperl<strong>\u00a0aerators: zems trok\u0161\u0146a l\u012bmenis, ilg\u0101ks kalpo\u0161anas laiks, nevainojama \u016bdens pl\u016bsmas kvalit\u0101te, uzlabota aizsardz\u012bba pret ka\u013c\u0137akmeni.\u00a0<\/strong>Neoperl<strong>\u00a0ir pasaul\u0113 vado\u0161ais aeratoru ra\u017eot\u0101js no V\u0101cijas.<\/strong><\/p>\n<p><strong>Katrs jauc\u0113jkr\u0101ns r\u016bpn\u012bc\u0101 papildus tiek test\u0113ts ar\u012b manu\u0101li.<\/strong><\/p>\n<p><strong>Garantija 5 gadi.<\/strong><\/p>\n","protected":false},"featured_media":21144,"comment_status":"closed","ping_status":"closed","template":"","meta":[],"product_cat":[151],"product_tag":[2561,1630],"class_list":{"0":"post-21143","1":"product","2":"type-product","3":"status-publish","4":"has-post-thumbnail","6":"product_cat-maisytuvai","7":"product_tag-citec_35","8":"product_tag-rubi_brass","9":"pa_barkodas-2579","10":"pa_garantija-167","11":"pa_padengimas-chrome-plated","12":"pa_pajungimas-1-2","13":"pa_paskirtis-duso-maisytuvai","14":"pa_serija-ultra","16":"first","17":"instock","18":"shipping-taxable","19":"purchasable","20":"product-type-simple"},"yoast_head":"<!-- This site is optimized with the Yoast SEO plugin v23.9 - https:\/\/yoast.com\/wordpress\/plugins\/seo\/ -->\n<title>Ultra-15\/D | RUBINETA<\/title>\n<meta name=\"robots\" content=\"index, follow, max-snippet:-1, max-image-preview:large, max-video-preview:-1\" \/>\n<link rel=\"canonical\" href=\"https:\/\/rubineta.com\/en\/catalogue\/maisytuvai\/ultra-15-d\/\" \/>\n<script type=\"application\/ld+json\" class=\"yoast-schema-graph\">{\"@context\":\"https:\/\/schema.org\",\"@graph\":[{\"@type\":\"WebPage\",\"@id\":\"https:\/\/rubineta.com\/en\/catalogue\/maisytuvai\/ultra-15-d\/\",\"url\":\"https:\/\/rubineta.com\/en\/catalogue\/maisytuvai\/ultra-15-d\/\",\"name\":\"Ultra-15\/D | RUBINETA\",\"isPartOf\":{\"@id\":\"https:\/\/rubineta.com\/#website\"},\"primaryImageOfPage\":{\"@id\":\"https:\/\/rubineta.com\/en\/catalogue\/maisytuvai\/ultra-15-d\/#primaryimage\"},\"image\":{\"@id\":\"https:\/\/rubineta.com\/en\/catalogue\/maisytuvai\/ultra-15-d\/#primaryimage\"},\"thumbnailUrl\":\"https:\/\/rubineta.com\/wp-content\/uploads\/2019\/03\/ultra-15D.jpg\",\"datePublished\":\"2019-03-07T09:03:42+00:00\",\"dateModified\":\"2022-02-02T18:43:53+00:00\",\"breadcrumb\":{\"@id\":\"https:\/\/rubineta.com\/en\/catalogue\/maisytuvai\/ultra-15-d\/#breadcrumb\"},\"inLanguage\":\"lv-LV\",\"potentialAction\":[{\"@type\":\"ReadAction\",\"target\":[\"https:\/\/rubineta.com\/en\/catalogue\/maisytuvai\/ultra-15-d\/\"]}]},{\"@type\":\"ImageObject\",\"inLanguage\":\"lv-LV\",\"@id\":\"https:\/\/rubineta.com\/en\/catalogue\/maisytuvai\/ultra-15-d\/#primaryimage\",\"url\":\"https:\/\/rubineta.com\/wp-content\/uploads\/2019\/03\/ultra-15D.jpg\",\"contentUrl\":\"https:\/\/rubineta.com\/wp-content\/uploads\/2019\/03\/ultra-15D.jpg\",\"width\":2034,\"height\":991},{\"@type\":\"BreadcrumbList\",\"@id\":\"https:\/\/rubineta.com\/en\/catalogue\/maisytuvai\/ultra-15-d\/#breadcrumb\",\"itemListElement\":[{\"@type\":\"ListItem\",\"position\":1,\"name\":\"Home\",\"item\":\"https:\/\/rubineta.com\/lv\/\"},{\"@type\":\"ListItem\",\"position\":2,\"name\":\"Katalogs\",\"item\":\"https:\/\/rubineta.com\/lv\/catalogue\/\"},{\"@type\":\"ListItem\",\"position\":3,\"name\":\"Ultra-15\/D\"}]},{\"@type\":\"WebSite\",\"@id\":\"https:\/\/rubineta.com\/#website\",\"url\":\"https:\/\/rubineta.com\/\",\"name\":\"Rubineta - Quality And Reliable Sanitary Fittings\",\"description\":\"High Quality And Reliable Faucets\",\"publisher\":{\"@id\":\"https:\/\/rubineta.com\/#organization\"},\"potentialAction\":[{\"@type\":\"SearchAction\",\"target\":{\"@type\":\"EntryPoint\",\"urlTemplate\":\"https:\/\/rubineta.com\/?s={search_term_string}\"},\"query-input\":{\"@type\":\"PropertyValueSpecification\",\"valueRequired\":true,\"valueName\":\"search_term_string\"}}],\"inLanguage\":\"lv-LV\"},{\"@type\":\"Organization\",\"@id\":\"https:\/\/rubineta.com\/#organization\",\"name\":\"RUBINETA\",\"url\":\"https:\/\/rubineta.com\/\",\"logo\":{\"@type\":\"ImageObject\",\"inLanguage\":\"lv-LV\",\"@id\":\"https:\/\/rubineta.com\/#\/schema\/logo\/image\/\",\"url\":\"https:\/\/rubineta.com\/wp-content\/uploads\/2020\/07\/RUBINETA-logo.jpg\",\"contentUrl\":\"https:\/\/rubineta.com\/wp-content\/uploads\/2020\/07\/RUBINETA-logo.jpg\",\"width\":825,\"height\":456,\"caption\":\"RUBINETA\"},\"image\":{\"@id\":\"https:\/\/rubineta.com\/#\/schema\/logo\/image\/\"}}]}<\/script>\n<!-- \/ Yoast SEO plugin. -->","yoast_head_json":{"title":"Ultra-15\/D | RUBINETA","robots":{"index":"index","follow":"follow","max-snippet":"max-snippet:-1","max-image-preview":"max-image-preview:large","max-video-preview":"max-video-preview:-1"},"canonical":"https:\/\/rubineta.com\/en\/catalogue\/maisytuvai\/ultra-15-d\/","schema":{"@context":"https:\/\/schema.org","@graph":[{"@type":"WebPage","@id":"https:\/\/rubineta.com\/en\/catalogue\/maisytuvai\/ultra-15-d\/","url":"https:\/\/rubineta.com\/en\/catalogue\/maisytuvai\/ultra-15-d\/","name":"Ultra-15\/D | RUBINETA","isPartOf":{"@id":"https:\/\/rubineta.com\/#website"},"primaryImageOfPage":{"@id":"https:\/\/rubineta.com\/en\/catalogue\/maisytuvai\/ultra-15-d\/#primaryimage"},"image":{"@id":"https:\/\/rubineta.com\/en\/catalogue\/maisytuvai\/ultra-15-d\/#primaryimage"},"thumbnailUrl":"https:\/\/rubineta.com\/wp-content\/uploads\/2019\/03\/ultra-15D.jpg","datePublished":"2019-03-07T09:03:42+00:00","dateModified":"2022-02-02T18:43:53+00:00","breadcrumb":{"@id":"https:\/\/rubineta.com\/en\/catalogue\/maisytuvai\/ultra-15-d\/#breadcrumb"},"inLanguage":"lv-LV","potentialAction":[{"@type":"ReadAction","target":["https:\/\/rubineta.com\/en\/catalogue\/maisytuvai\/ultra-15-d\/"]}]},{"@type":"ImageObject","inLanguage":"lv-LV","@id":"https:\/\/rubineta.com\/en\/catalogue\/maisytuvai\/ultra-15-d\/#primaryimage","url":"https:\/\/rubineta.com\/wp-content\/uploads\/2019\/03\/ultra-15D.jpg","contentUrl":"https:\/\/rubineta.com\/wp-content\/uploads\/2019\/03\/ultra-15D.jpg","width":2034,"height":991},{"@type":"BreadcrumbList","@id":"https:\/\/rubineta.com\/en\/catalogue\/maisytuvai\/ultra-15-d\/#breadcrumb","itemListElement":[{"@type":"ListItem","position":1,"name":"Home","item":"https:\/\/rubineta.com\/lv\/"},{"@type":"ListItem","position":2,"name":"Katalogs","item":"https:\/\/rubineta.com\/lv\/catalogue\/"},{"@type":"ListItem","position":3,"name":"Ultra-15\/D"}]},{"@type":"WebSite","@id":"https:\/\/rubineta.com\/#website","url":"https:\/\/rubineta.com\/","name":"Rubineta - Quality And Reliable Sanitary Fittings","description":"High Quality And Reliable Faucets","publisher":{"@id":"https:\/\/rubineta.com\/#organization"},"potentialAction":[{"@type":"SearchAction","target":{"@type":"EntryPoint","urlTemplate":"https:\/\/rubineta.com\/?s={search_term_string}"},"query-input":{"@type":"PropertyValueSpecification","valueRequired":true,"valueName":"search_term_string"}}],"inLanguage":"lv-LV"},{"@type":"Organization","@id":"https:\/\/rubineta.com\/#organization","name":"RUBINETA","url":"https:\/\/rubineta.com\/","logo":{"@type":"ImageObject","inLanguage":"lv-LV","@id":"https:\/\/rubineta.com\/#\/schema\/logo\/image\/","url":"https:\/\/rubineta.com\/wp-content\/uploads\/2020\/07\/RUBINETA-logo.jpg","contentUrl":"https:\/\/rubineta.com\/wp-content\/uploads\/2020\/07\/RUBINETA-logo.jpg","width":825,"height":456,"caption":"RUBINETA"},"image":{"@id":"https:\/\/rubineta.com\/#\/schema\/logo\/image\/"}}]}},"_links":{"self":[{"href":"https:\/\/rubineta.com\/lv\/wp-json\/wp\/v2\/product\/21143","targetHints":{"allow":["GET"]}}],"collection":[{"href":"https:\/\/rubineta.com\/lv\/wp-json\/wp\/v2\/product"}],"about":[{"href":"https:\/\/rubineta.com\/lv\/wp-json\/wp\/v2\/types\/product"}],"replies":[{"embeddable":true,"href":"https:\/\/rubineta.com\/lv\/wp-json\/wp\/v2\/comments?post=21143"}],"wp:featuredmedia":[{"embeddable":true,"href":"https:\/\/rubineta.com\/lv\/wp-json\/wp\/v2\/media\/21144"}],"wp:attachment":[{"href":"https:\/\/rubineta.com\/lv\/wp-json\/wp\/v2\/media?parent=21143"}],"wp:term":[{"taxonomy":"product_cat","embeddable":true,"href":"https:\/\/rubineta.com\/lv\/wp-json\/wp\/v2\/product_cat?post=21143"},{"taxonomy":"product_tag","embeddable":true,"href":"https:\/\/rubineta.com\/lv\/wp-json\/wp\/v2\/product_tag?post=21143"}],"curies":[{"name":"wp","href":"https:\/\/api.w.org\/{rel}","templated":true}]}}