{"id":22066,"date":"2020-03-03T12:20:18","date_gmt":"2020-03-03T14:20:18","guid":{"rendered":"https:\/\/rubineta.com\/?post_type=product&#038;p=22066"},"modified":"2022-01-05T10:01:36","modified_gmt":"2022-01-05T12:01:36","slug":"duso-kabina-rub-106-190x90x90","status":"publish","type":"product","link":"https:\/\/rubineta.com\/lv\/catalogue\/naujienos\/duso-kabina-rub-106-190x90x90\/","title":{"rendered":"Du\u0161o kabina RUB-106 190x90x90"},"content":{"rendered":"","protected":false},"excerpt":{"rendered":"<p><strong>\u2022 2 stumdomos, vandens nepraleid\u017eian\u010dios durys su vertikaliu silikoniniu-magnetiniu sandarintoju. Universalios durel\u0117s \u2013 gali b\u016bti montuojamos tiek kair\u0117je, tiek de\u0161in\u0117je pus\u0117je.<\/strong><br \/>\n<strong>\u2022 Chromuoti poliruoto aliuminio profiliai ir ner\u016bdijan\u010dio plieno ranken\u0117l\u0117s.<\/strong><br \/>\n<strong>\u2022 Saugus, gr\u016bdintas 6 mm stiklas su <\/strong>EasyClean<strong> padengimu.<\/strong><br \/>\n<strong>\u2022 Tolygaus jud\u0117jimo ratukai su <\/strong>Smooth<strong> (sklandaus jud\u0117jimo) technologija.<\/strong><br \/>\n<strong>\u2022 Profili\u0173 reguliavimo galimyb\u0117s 15 mm ribose vienai pusei. Du\u0161o kabina gali b\u016bti montuojama ant pad\u0117klo arba tiesiai ant grind\u0173 \/ plyteli\u0173.<\/strong><br \/>\n<strong>\u2022 Du\u0161o kabin\u0173 ratukai pagaminti i\u0161 auk\u0161tos kokyb\u0117s ABS plastiko, kuris garantuoja standum\u0105 bei atsparum\u0105 veikiant mechanin\u0117ms j\u0117goms ar esant s\u0105ly\u010diui su stipriais chemikalais. Laikantysis ratuk\u0173 korpusas pagamintas i\u0161 patvaraus cinko ir aliuminio lydinio.<\/strong><\/p>\n","protected":false},"featured_media":22067,"comment_status":"closed","ping_status":"closed","template":"","meta":[],"product_cat":[2646,2695],"product_tag":[],"class_list":{"0":"post-22066","1":"product","2":"type-product","3":"status-publish","4":"has-post-thumbnail","6":"product_cat-naujienos","7":"product_cat-duso-kabinos-duso-ir-vonios-sieneles","8":"pa_barkodas-2784","9":"pa_garantija-167","10":"pa_paskirtis-duso-kabina","12":"first","13":"instock","14":"shipping-taxable","15":"purchasable","16":"product-type-simple"},"yoast_head":"<!-- This site is optimized with the Yoast SEO plugin v23.9 - https:\/\/yoast.com\/wordpress\/plugins\/seo\/ -->\n<title>Du\u0161o kabina RUB-106 190x90x90 | RUBINETA<\/title>\n<meta name=\"robots\" content=\"index, follow, max-snippet:-1, max-image-preview:large, max-video-preview:-1\" \/>\n<link rel=\"canonical\" href=\"https:\/\/rubineta.com\/en\/catalogue\/naujienos\/duso-kabina-rub-106-190x90x90\/\" \/>\n<script type=\"application\/ld+json\" class=\"yoast-schema-graph\">{\"@context\":\"https:\/\/schema.org\",\"@graph\":[{\"@type\":\"WebPage\",\"@id\":\"https:\/\/rubineta.com\/en\/catalogue\/naujienos\/duso-kabina-rub-106-190x90x90\/\",\"url\":\"https:\/\/rubineta.com\/en\/catalogue\/naujienos\/duso-kabina-rub-106-190x90x90\/\",\"name\":\"[:lt]Shower enclosure RUB-106 190x90x90[:en]Shower enclosure RUB-106 190x90x90[:ru]\u0414\u0443\u0448\u0435\u0432\u0430\u044f \u043a\u0430\u0431\u0438\u043d\u0430 RUB-106 190x90x90[:lv]Du\u0161o kabina RUB-106 190x90x90[:] | RUBINETA\",\"isPartOf\":{\"@id\":\"https:\/\/rubineta.com\/#website\"},\"primaryImageOfPage\":{\"@id\":\"https:\/\/rubineta.com\/en\/catalogue\/naujienos\/duso-kabina-rub-106-190x90x90\/#primaryimage\"},\"image\":{\"@id\":\"https:\/\/rubineta.com\/en\/catalogue\/naujienos\/duso-kabina-rub-106-190x90x90\/#primaryimage\"},\"thumbnailUrl\":\"https:\/\/rubineta.com\/wp-content\/uploads\/2020\/03\/106.jpg\",\"datePublished\":\"2020-03-03T14:20:18+00:00\",\"dateModified\":\"2022-01-05T12:01:36+00:00\",\"breadcrumb\":{\"@id\":\"https:\/\/rubineta.com\/en\/catalogue\/naujienos\/duso-kabina-rub-106-190x90x90\/#breadcrumb\"},\"inLanguage\":\"lv-LV\",\"potentialAction\":[{\"@type\":\"ReadAction\",\"target\":[\"https:\/\/rubineta.com\/en\/catalogue\/naujienos\/duso-kabina-rub-106-190x90x90\/\"]}]},{\"@type\":\"ImageObject\",\"inLanguage\":\"lv-LV\",\"@id\":\"https:\/\/rubineta.com\/en\/catalogue\/naujienos\/duso-kabina-rub-106-190x90x90\/#primaryimage\",\"url\":\"https:\/\/rubineta.com\/wp-content\/uploads\/2020\/03\/106.jpg\",\"contentUrl\":\"https:\/\/rubineta.com\/wp-content\/uploads\/2020\/03\/106.jpg\",\"width\":604,\"height\":788,\"caption\":\"Shower enclosure\"},{\"@type\":\"BreadcrumbList\",\"@id\":\"https:\/\/rubineta.com\/en\/catalogue\/naujienos\/duso-kabina-rub-106-190x90x90\/#breadcrumb\",\"itemListElement\":[{\"@type\":\"ListItem\",\"position\":1,\"name\":\"Home\",\"item\":\"https:\/\/rubineta.com\/lv\/\"},{\"@type\":\"ListItem\",\"position\":2,\"name\":\"Katalogs\",\"item\":\"https:\/\/rubineta.com\/lv\/catalogue\/\"},{\"@type\":\"ListItem\",\"position\":3,\"name\":\"\u0414\u0443\u0448\u0435\u0432\u0430\u044f \u043a\u0430\u0431\u0438\u043d\u0430 RUB-106 190x90x90\"}]},{\"@type\":\"WebSite\",\"@id\":\"https:\/\/rubineta.com\/#website\",\"url\":\"https:\/\/rubineta.com\/\",\"name\":\"Rubineta - Quality And Reliable Sanitary Fittings\",\"description\":\"High Quality And Reliable Faucets\",\"publisher\":{\"@id\":\"https:\/\/rubineta.com\/#organization\"},\"potentialAction\":[{\"@type\":\"SearchAction\",\"target\":{\"@type\":\"EntryPoint\",\"urlTemplate\":\"https:\/\/rubineta.com\/?s={search_term_string}\"},\"query-input\":{\"@type\":\"PropertyValueSpecification\",\"valueRequired\":true,\"valueName\":\"search_term_string\"}}],\"inLanguage\":\"lv-LV\"},{\"@type\":\"Organization\",\"@id\":\"https:\/\/rubineta.com\/#organization\",\"name\":\"RUBINETA\",\"url\":\"https:\/\/rubineta.com\/\",\"logo\":{\"@type\":\"ImageObject\",\"inLanguage\":\"lv-LV\",\"@id\":\"https:\/\/rubineta.com\/#\/schema\/logo\/image\/\",\"url\":\"https:\/\/rubineta.com\/wp-content\/uploads\/2020\/07\/RUBINETA-logo.jpg\",\"contentUrl\":\"https:\/\/rubineta.com\/wp-content\/uploads\/2020\/07\/RUBINETA-logo.jpg\",\"width\":825,\"height\":456,\"caption\":\"RUBINETA\"},\"image\":{\"@id\":\"https:\/\/rubineta.com\/#\/schema\/logo\/image\/\"}}]}<\/script>\n<!-- \/ Yoast SEO plugin. -->","yoast_head_json":{"title":"[:lt]Shower enclosure RUB-106 190x90x90[:en]Shower enclosure RUB-106 190x90x90[:ru]\u0414\u0443\u0448\u0435\u0432\u0430\u044f \u043a\u0430\u0431\u0438\u043d\u0430 RUB-106 190x90x90[:lv]Du\u0161o kabina RUB-106 190x90x90[:] | RUBINETA","robots":{"index":"index","follow":"follow","max-snippet":"max-snippet:-1","max-image-preview":"max-image-preview:large","max-video-preview":"max-video-preview:-1"},"canonical":"https:\/\/rubineta.com\/en\/catalogue\/naujienos\/duso-kabina-rub-106-190x90x90\/","schema":{"@context":"https:\/\/schema.org","@graph":[{"@type":"WebPage","@id":"https:\/\/rubineta.com\/en\/catalogue\/naujienos\/duso-kabina-rub-106-190x90x90\/","url":"https:\/\/rubineta.com\/en\/catalogue\/naujienos\/duso-kabina-rub-106-190x90x90\/","name":"[:lt]Shower enclosure RUB-106 190x90x90[:en]Shower enclosure RUB-106 190x90x90[:ru]\u0414\u0443\u0448\u0435\u0432\u0430\u044f \u043a\u0430\u0431\u0438\u043d\u0430 RUB-106 190x90x90[:lv]Du\u0161o kabina RUB-106 190x90x90[:] | RUBINETA","isPartOf":{"@id":"https:\/\/rubineta.com\/#website"},"primaryImageOfPage":{"@id":"https:\/\/rubineta.com\/en\/catalogue\/naujienos\/duso-kabina-rub-106-190x90x90\/#primaryimage"},"image":{"@id":"https:\/\/rubineta.com\/en\/catalogue\/naujienos\/duso-kabina-rub-106-190x90x90\/#primaryimage"},"thumbnailUrl":"https:\/\/rubineta.com\/wp-content\/uploads\/2020\/03\/106.jpg","datePublished":"2020-03-03T14:20:18+00:00","dateModified":"2022-01-05T12:01:36+00:00","breadcrumb":{"@id":"https:\/\/rubineta.com\/en\/catalogue\/naujienos\/duso-kabina-rub-106-190x90x90\/#breadcrumb"},"inLanguage":"lv-LV","potentialAction":[{"@type":"ReadAction","target":["https:\/\/rubineta.com\/en\/catalogue\/naujienos\/duso-kabina-rub-106-190x90x90\/"]}]},{"@type":"ImageObject","inLanguage":"lv-LV","@id":"https:\/\/rubineta.com\/en\/catalogue\/naujienos\/duso-kabina-rub-106-190x90x90\/#primaryimage","url":"https:\/\/rubineta.com\/wp-content\/uploads\/2020\/03\/106.jpg","contentUrl":"https:\/\/rubineta.com\/wp-content\/uploads\/2020\/03\/106.jpg","width":604,"height":788,"caption":"Shower enclosure"},{"@type":"BreadcrumbList","@id":"https:\/\/rubineta.com\/en\/catalogue\/naujienos\/duso-kabina-rub-106-190x90x90\/#breadcrumb","itemListElement":[{"@type":"ListItem","position":1,"name":"Home","item":"https:\/\/rubineta.com\/lv\/"},{"@type":"ListItem","position":2,"name":"Katalogs","item":"https:\/\/rubineta.com\/lv\/catalogue\/"},{"@type":"ListItem","position":3,"name":"\u0414\u0443\u0448\u0435\u0432\u0430\u044f \u043a\u0430\u0431\u0438\u043d\u0430 RUB-106 190x90x90"}]},{"@type":"WebSite","@id":"https:\/\/rubineta.com\/#website","url":"https:\/\/rubineta.com\/","name":"Rubineta - Quality And Reliable Sanitary Fittings","description":"High Quality And Reliable Faucets","publisher":{"@id":"https:\/\/rubineta.com\/#organization"},"potentialAction":[{"@type":"SearchAction","target":{"@type":"EntryPoint","urlTemplate":"https:\/\/rubineta.com\/?s={search_term_string}"},"query-input":{"@type":"PropertyValueSpecification","valueRequired":true,"valueName":"search_term_string"}}],"inLanguage":"lv-LV"},{"@type":"Organization","@id":"https:\/\/rubineta.com\/#organization","name":"RUBINETA","url":"https:\/\/rubineta.com\/","logo":{"@type":"ImageObject","inLanguage":"lv-LV","@id":"https:\/\/rubineta.com\/#\/schema\/logo\/image\/","url":"https:\/\/rubineta.com\/wp-content\/uploads\/2020\/07\/RUBINETA-logo.jpg","contentUrl":"https:\/\/rubineta.com\/wp-content\/uploads\/2020\/07\/RUBINETA-logo.jpg","width":825,"height":456,"caption":"RUBINETA"},"image":{"@id":"https:\/\/rubineta.com\/#\/schema\/logo\/image\/"}}]}},"_links":{"self":[{"href":"https:\/\/rubineta.com\/lv\/wp-json\/wp\/v2\/product\/22066","targetHints":{"allow":["GET"]}}],"collection":[{"href":"https:\/\/rubineta.com\/lv\/wp-json\/wp\/v2\/product"}],"about":[{"href":"https:\/\/rubineta.com\/lv\/wp-json\/wp\/v2\/types\/product"}],"replies":[{"embeddable":true,"href":"https:\/\/rubineta.com\/lv\/wp-json\/wp\/v2\/comments?post=22066"}],"wp:featuredmedia":[{"embeddable":true,"href":"https:\/\/rubineta.com\/lv\/wp-json\/wp\/v2\/media\/22067"}],"wp:attachment":[{"href":"https:\/\/rubineta.com\/lv\/wp-json\/wp\/v2\/media?parent=22066"}],"wp:term":[{"taxonomy":"product_cat","embeddable":true,"href":"https:\/\/rubineta.com\/lv\/wp-json\/wp\/v2\/product_cat?post=22066"},{"taxonomy":"product_tag","embeddable":true,"href":"https:\/\/rubineta.com\/lv\/wp-json\/wp\/v2\/product_tag?post=22066"}],"curies":[{"name":"wp","href":"https:\/\/api.w.org\/{rel}","templated":true}]}}