{"id":23345,"date":"2020-08-13T06:04:36","date_gmt":"2020-08-13T08:04:36","guid":{"rendered":"https:\/\/rubineta.com\/?post_type=product&#038;p=23345"},"modified":"2022-01-27T08:03:59","modified_gmt":"2022-01-27T10:03:59","slug":"ecosens-lifetime","status":"publish","type":"product","link":"https:\/\/rubineta.com\/lv\/catalogue\/maisytuvai\/ecosens-lifetime\/","title":{"rendered":"ECOSENS LIFETIME"},"content":{"rendered":"","protected":false},"excerpt":{"rendered":"<p>Ietaupi \u016bdeni!<\/p>\n<p>Bezkontakta jauc\u0113jkr\u0101ns ar visefekt\u012bv\u0101kajiem \u016bdens taup\u012b\u0161anas risin\u0101jumiem. Att\u0101lin\u0101ti kontrol\u0113ts ar kust\u012bbas sensoru.<\/p>\n<p>Lieliski piem\u0113rots gan sabiedriskai, gan sadz\u012bves lieto\u0161anai.<\/p>\n<p>Aizsarg\u0101ts pret vand\u0101\u013ciem.<\/p>\n<p>German Design Award nomin\u0113ta par izcilu dizainu (2015)<\/p>\n<p>RubiBrass<strong>\u2013 \u012bpa\u0161a sast\u0101va misi\u0146a sakaus\u0113jums. \u0160aj\u0101 ilgtsp\u0113j\u012bgaj\u0101 un cilv\u0113ka vesel\u012bbai nekait\u012bgaj\u0101 sakaus\u0113jum\u0101 ir maksim\u0101li samazin\u0101ts svina un citu materi\u0101lu, kuri var rea\u0123\u0113t ar dzeramo \u016bdeni, daudzums.<\/strong><\/p>\n<p>SolidChrom\u00a0<strong>\u2013 ilgtsp\u0113j\u012bgs un iztur\u012bgs augst\u0101k\u0101s klases hroma p\u0101rkl\u0101jums. \u0160is pret nodilumu iztur\u012bgais \u012bpa\u0161i biezais hroma p\u0101rkl\u0101jums ne tikai priec\u0113s j\u016bs daudzus gadus, bet tai ir ar\u012b antibakteri\u0101las \u012bpa\u0161\u012bbas.<\/strong><\/p>\n<p><strong>Jauc\u0113jkr\u0101ns izmanto <\/strong>Neoperl\u00a0Anti-vandal\u00a0<strong>ar aizsardz\u012bbu pret vand\u0101\u013ciem. Aeratoru var no\u0146emt tikai ar \u012bpa\u0161u atsl\u0113gu (atrodama iepakojum\u0101). <\/strong>Neoperl <strong>aeratorus raksturo zems trok\u0161\u0146a l\u012bmenis, ilg\u0101ks kalpo\u0161anas laiks, nevainojama \u016bdens pl\u016bsmas kvalit\u0101te un uzlabota aizsardz\u012bba pret ka\u013c\u0137akmeni. <\/strong>Neoperl\u00a0<strong>ir pasaul\u0113 vado\u0161ais aeratoru ra\u017eot\u0101js no V\u0101cijas.<\/strong><\/p>\n<p><strong>Savienojuma \u0161\u013c\u016btenes garums 30 cm; 1\/2 \u201d; EPDM, ner\u016bs\u0113jo\u0161\u0101 t\u0113rauda bru\u0146as.<\/strong><\/p>\n<p><strong>Komplekt\u0101 ietilpst 6,75 V t\u012bkla adapteris<\/strong><\/p>\n<p><strong>Katrs mais\u012bt\u0101js papildus tiek manu\u0101li p\u0101rbaud\u012bts r\u016bpn\u012bc\u0101.<\/strong><\/p>\n<p><strong>Garantija: 5 gadi korpusam un t\u0101 herm\u0113tiskumam; 1 gads sensoru elektroniskaj\u0101m da\u013c\u0101m.<\/strong><\/p>\n","protected":false},"featured_media":24209,"comment_status":"closed","ping_status":"closed","template":"","meta":[],"product_cat":[151],"product_tag":[1689,1630],"class_list":{"0":"post-23345","1":"product","2":"type-product","3":"status-publish","4":"has-post-thumbnail","6":"product_cat-maisytuvai","7":"product_tag-hose_30cm","8":"product_tag-rubi_brass","9":"pa_barkodas-1864","10":"pa_debitas-l-m-1-7","11":"pa_garantija-191","12":"pa_padengimas-chrome-plated","13":"pa_pajungimas-1-2","14":"pa_paskirtis-bekontakciai-maisytuvai","15":"pa_segmentas-premium","16":"pa_serija-ecosens","18":"first","19":"instock","20":"shipping-taxable","21":"purchasable","22":"product-type-simple"},"yoast_head":"<!-- This site is optimized with the Yoast SEO plugin v23.9 - https:\/\/yoast.com\/wordpress\/plugins\/seo\/ -->\n<title>ECOSENS LIFETIME  | RUBINETA<\/title>\n<meta name=\"robots\" content=\"index, follow, max-snippet:-1, max-image-preview:large, max-video-preview:-1\" \/>\n<link rel=\"canonical\" href=\"https:\/\/rubineta.com\/en\/catalogue\/maisytuvai\/ecosens-lifetime\/\" \/>\n<script type=\"application\/ld+json\" class=\"yoast-schema-graph\">{\"@context\":\"https:\/\/schema.org\",\"@graph\":[{\"@type\":\"WebPage\",\"@id\":\"https:\/\/rubineta.com\/en\/catalogue\/maisytuvai\/ecosens-lifetime\/\",\"url\":\"https:\/\/rubineta.com\/en\/catalogue\/maisytuvai\/ecosens-lifetime\/\",\"name\":\"[:lt]ECOSENS LIFETIME[:en]ECOSENS LIFETIME[:ru]ECOSENS LIFETIME [:lv]ECOSENS LIFETIME [:] | RUBINETA\",\"isPartOf\":{\"@id\":\"https:\/\/rubineta.com\/#website\"},\"primaryImageOfPage\":{\"@id\":\"https:\/\/rubineta.com\/en\/catalogue\/maisytuvai\/ecosens-lifetime\/#primaryimage\"},\"image\":{\"@id\":\"https:\/\/rubineta.com\/en\/catalogue\/maisytuvai\/ecosens-lifetime\/#primaryimage\"},\"thumbnailUrl\":\"https:\/\/rubineta.com\/wp-content\/uploads\/2021\/06\/540006_Ecosens_adapter_GA.jpg\",\"datePublished\":\"2020-08-13T08:04:36+00:00\",\"dateModified\":\"2022-01-27T10:03:59+00:00\",\"breadcrumb\":{\"@id\":\"https:\/\/rubineta.com\/en\/catalogue\/maisytuvai\/ecosens-lifetime\/#breadcrumb\"},\"inLanguage\":\"lv-LV\",\"potentialAction\":[{\"@type\":\"ReadAction\",\"target\":[\"https:\/\/rubineta.com\/en\/catalogue\/maisytuvai\/ecosens-lifetime\/\"]}]},{\"@type\":\"ImageObject\",\"inLanguage\":\"lv-LV\",\"@id\":\"https:\/\/rubineta.com\/en\/catalogue\/maisytuvai\/ecosens-lifetime\/#primaryimage\",\"url\":\"https:\/\/rubineta.com\/wp-content\/uploads\/2021\/06\/540006_Ecosens_adapter_GA.jpg\",\"contentUrl\":\"https:\/\/rubineta.com\/wp-content\/uploads\/2021\/06\/540006_Ecosens_adapter_GA.jpg\",\"width\":2000,\"height\":2008},{\"@type\":\"BreadcrumbList\",\"@id\":\"https:\/\/rubineta.com\/en\/catalogue\/maisytuvai\/ecosens-lifetime\/#breadcrumb\",\"itemListElement\":[{\"@type\":\"ListItem\",\"position\":1,\"name\":\"Home\",\"item\":\"https:\/\/rubineta.com\/lv\/\"},{\"@type\":\"ListItem\",\"position\":2,\"name\":\"Katalogs\",\"item\":\"https:\/\/rubineta.com\/lv\/catalogue\/\"},{\"@type\":\"ListItem\",\"position\":3,\"name\":\"ECOSENS LIFETIME\"}]},{\"@type\":\"WebSite\",\"@id\":\"https:\/\/rubineta.com\/#website\",\"url\":\"https:\/\/rubineta.com\/\",\"name\":\"Rubineta - Quality And Reliable Sanitary Fittings\",\"description\":\"High Quality And Reliable Faucets\",\"publisher\":{\"@id\":\"https:\/\/rubineta.com\/#organization\"},\"potentialAction\":[{\"@type\":\"SearchAction\",\"target\":{\"@type\":\"EntryPoint\",\"urlTemplate\":\"https:\/\/rubineta.com\/?s={search_term_string}\"},\"query-input\":{\"@type\":\"PropertyValueSpecification\",\"valueRequired\":true,\"valueName\":\"search_term_string\"}}],\"inLanguage\":\"lv-LV\"},{\"@type\":\"Organization\",\"@id\":\"https:\/\/rubineta.com\/#organization\",\"name\":\"RUBINETA\",\"url\":\"https:\/\/rubineta.com\/\",\"logo\":{\"@type\":\"ImageObject\",\"inLanguage\":\"lv-LV\",\"@id\":\"https:\/\/rubineta.com\/#\/schema\/logo\/image\/\",\"url\":\"https:\/\/rubineta.com\/wp-content\/uploads\/2020\/07\/RUBINETA-logo.jpg\",\"contentUrl\":\"https:\/\/rubineta.com\/wp-content\/uploads\/2020\/07\/RUBINETA-logo.jpg\",\"width\":825,\"height\":456,\"caption\":\"RUBINETA\"},\"image\":{\"@id\":\"https:\/\/rubineta.com\/#\/schema\/logo\/image\/\"}}]}<\/script>\n<!-- \/ Yoast SEO plugin. -->","yoast_head_json":{"title":"[:lt]ECOSENS LIFETIME[:en]ECOSENS LIFETIME[:ru]ECOSENS LIFETIME [:lv]ECOSENS LIFETIME [:] | RUBINETA","robots":{"index":"index","follow":"follow","max-snippet":"max-snippet:-1","max-image-preview":"max-image-preview:large","max-video-preview":"max-video-preview:-1"},"canonical":"https:\/\/rubineta.com\/en\/catalogue\/maisytuvai\/ecosens-lifetime\/","schema":{"@context":"https:\/\/schema.org","@graph":[{"@type":"WebPage","@id":"https:\/\/rubineta.com\/en\/catalogue\/maisytuvai\/ecosens-lifetime\/","url":"https:\/\/rubineta.com\/en\/catalogue\/maisytuvai\/ecosens-lifetime\/","name":"[:lt]ECOSENS LIFETIME[:en]ECOSENS LIFETIME[:ru]ECOSENS LIFETIME [:lv]ECOSENS LIFETIME [:] | RUBINETA","isPartOf":{"@id":"https:\/\/rubineta.com\/#website"},"primaryImageOfPage":{"@id":"https:\/\/rubineta.com\/en\/catalogue\/maisytuvai\/ecosens-lifetime\/#primaryimage"},"image":{"@id":"https:\/\/rubineta.com\/en\/catalogue\/maisytuvai\/ecosens-lifetime\/#primaryimage"},"thumbnailUrl":"https:\/\/rubineta.com\/wp-content\/uploads\/2021\/06\/540006_Ecosens_adapter_GA.jpg","datePublished":"2020-08-13T08:04:36+00:00","dateModified":"2022-01-27T10:03:59+00:00","breadcrumb":{"@id":"https:\/\/rubineta.com\/en\/catalogue\/maisytuvai\/ecosens-lifetime\/#breadcrumb"},"inLanguage":"lv-LV","potentialAction":[{"@type":"ReadAction","target":["https:\/\/rubineta.com\/en\/catalogue\/maisytuvai\/ecosens-lifetime\/"]}]},{"@type":"ImageObject","inLanguage":"lv-LV","@id":"https:\/\/rubineta.com\/en\/catalogue\/maisytuvai\/ecosens-lifetime\/#primaryimage","url":"https:\/\/rubineta.com\/wp-content\/uploads\/2021\/06\/540006_Ecosens_adapter_GA.jpg","contentUrl":"https:\/\/rubineta.com\/wp-content\/uploads\/2021\/06\/540006_Ecosens_adapter_GA.jpg","width":2000,"height":2008},{"@type":"BreadcrumbList","@id":"https:\/\/rubineta.com\/en\/catalogue\/maisytuvai\/ecosens-lifetime\/#breadcrumb","itemListElement":[{"@type":"ListItem","position":1,"name":"Home","item":"https:\/\/rubineta.com\/lv\/"},{"@type":"ListItem","position":2,"name":"Katalogs","item":"https:\/\/rubineta.com\/lv\/catalogue\/"},{"@type":"ListItem","position":3,"name":"ECOSENS LIFETIME"}]},{"@type":"WebSite","@id":"https:\/\/rubineta.com\/#website","url":"https:\/\/rubineta.com\/","name":"Rubineta - Quality And Reliable Sanitary Fittings","description":"High Quality And Reliable Faucets","publisher":{"@id":"https:\/\/rubineta.com\/#organization"},"potentialAction":[{"@type":"SearchAction","target":{"@type":"EntryPoint","urlTemplate":"https:\/\/rubineta.com\/?s={search_term_string}"},"query-input":{"@type":"PropertyValueSpecification","valueRequired":true,"valueName":"search_term_string"}}],"inLanguage":"lv-LV"},{"@type":"Organization","@id":"https:\/\/rubineta.com\/#organization","name":"RUBINETA","url":"https:\/\/rubineta.com\/","logo":{"@type":"ImageObject","inLanguage":"lv-LV","@id":"https:\/\/rubineta.com\/#\/schema\/logo\/image\/","url":"https:\/\/rubineta.com\/wp-content\/uploads\/2020\/07\/RUBINETA-logo.jpg","contentUrl":"https:\/\/rubineta.com\/wp-content\/uploads\/2020\/07\/RUBINETA-logo.jpg","width":825,"height":456,"caption":"RUBINETA"},"image":{"@id":"https:\/\/rubineta.com\/#\/schema\/logo\/image\/"}}]}},"_links":{"self":[{"href":"https:\/\/rubineta.com\/lv\/wp-json\/wp\/v2\/product\/23345","targetHints":{"allow":["GET"]}}],"collection":[{"href":"https:\/\/rubineta.com\/lv\/wp-json\/wp\/v2\/product"}],"about":[{"href":"https:\/\/rubineta.com\/lv\/wp-json\/wp\/v2\/types\/product"}],"replies":[{"embeddable":true,"href":"https:\/\/rubineta.com\/lv\/wp-json\/wp\/v2\/comments?post=23345"}],"wp:featuredmedia":[{"embeddable":true,"href":"https:\/\/rubineta.com\/lv\/wp-json\/wp\/v2\/media\/24209"}],"wp:attachment":[{"href":"https:\/\/rubineta.com\/lv\/wp-json\/wp\/v2\/media?parent=23345"}],"wp:term":[{"taxonomy":"product_cat","embeddable":true,"href":"https:\/\/rubineta.com\/lv\/wp-json\/wp\/v2\/product_cat?post=23345"},{"taxonomy":"product_tag","embeddable":true,"href":"https:\/\/rubineta.com\/lv\/wp-json\/wp\/v2\/product_tag?post=23345"}],"curies":[{"name":"wp","href":"https:\/\/api.w.org\/{rel}","templated":true}]}}