{"id":23625,"date":"2021-01-10T07:12:19","date_gmt":"2021-01-10T09:12:19","guid":{"rendered":"https:\/\/rubineta.com\/?post_type=product&#038;p=23625"},"modified":"2026-02-25T09:49:18","modified_gmt":"2026-02-25T11:49:18","slug":"swan-33","status":"publish","type":"product","link":"https:\/\/rubineta.com\/lv\/catalogue\/maisytuvai\/swan-33\/","title":{"rendered":"SWAN-33"},"content":{"rendered":"","protected":false},"excerpt":{"rendered":"<p>Unik\u0101l\u0101 \u016bdens palai\u0161anas sist\u0113ma tiek kontrol\u0113ta, nospie\u017eot pogu!<\/p>\n<p>\u016adens temperat\u016bru var viegli regul\u0113t, izmantojot \u012bpa\u0161u groz\u0101mu pogu.<\/p>\n<p>\u016adens pl\u016bsmas \u0101trumu var viegli regul\u0113t un fiks\u0113t, pagrie\u017eot aeratora galvu uz sn\u012bpi uz vienu vai otru pusi.<\/p>\n<p>Mais\u012bt\u0101ja sn\u012bpi var pagriezt par 360\u00b0.<\/p>\n<ul>\n<li>RubiBrass\u00a0<strong>\u2013 \u012bpa\u0161a sast\u0101va misi\u0146a sakaus\u0113jums. \u0160aj\u0101 ilgtsp\u0113j\u012bgaj\u0101 un cilv\u0113ka vesel\u012bbai nekait\u012bgaj\u0101 sakaus\u0113jum\u0101 ir maksim\u0101li samazin\u0101ts svina un citu materi\u0101lu, kuri var rea\u0123\u0113t ar dzeramo \u016bdeni, daudzums.<\/strong><\/li>\n<li>SolidChrom\u00a0<strong>\u2013 ilgtsp\u0113j\u012bgs un iztur\u012bgs augst\u0101k\u0101s klases hroma p\u0101rkl\u0101jums. \u0160is pret nodilumu iztur\u012bgais \u012bpa\u0161i biezais hroma p\u0101rkl\u0101jums ne tikai priec\u0113s j\u016bs daudzus gadus, bet tai ir ar\u012b antibakteri\u0101las \u012bpa\u0161\u012bbas.<\/strong><\/li>\n<li><strong>Unik\u0101la dizaina kasete\u00a0<\/strong>RubiClick<strong>. Uzticams un kalpos ilgi. Ilgm\u016b\u017e\u012bg\u0101 k\u0101rtrid\u017ea poga iztur vismaz 800 000 ciklu \/ klik\u0161\u0137u.<\/strong><\/li>\n<li>Neoperl\u00a0<strong>aerators: zems trok\u0161\u0146a l\u012bmenis, ilg\u0101ks kalpo\u0161anas laiks, nevainojama \u016bdens pl\u016bsmas kvalit\u0101te, uzlabota aizsardz\u012bba pret ka\u013c\u0137akmeni.\u00a0<\/strong>Neoperl\u00a0<strong>ir pasaul\u0113 vado\u0161ais aeratoru ra\u017eot\u0101js no V\u0101cijas.<\/strong><\/li>\n<li><strong>Katrs jauc\u0113jkr\u0101ns r\u016bpn\u012bc\u0101 papildus tiek test\u0113ts ar\u012b manu\u0101li.<\/strong><\/li>\n<li><strong>Komplekt\u0101 ir ar\u012b lokanas\u00a0<\/strong>Fliesser\u00a0<strong>no poliestera ra\u017eotas 60 cm \u0161\u013c\u016btenes ar iek\u0161\u0113jo cauruli no PeX. Ra\u017eots saska\u0146\u0101 ar jaun\u0101ko Eiropas standartu EN 13618: 2016.<\/strong><\/li>\n<\/ul>\n","protected":false},"featured_media":23622,"comment_status":"closed","ping_status":"closed","template":"","meta":[],"product_cat":[2646,151],"product_tag":[2920],"class_list":{"0":"post-23625","1":"product","2":"type-product","3":"status-publish","4":"has-post-thumbnail","6":"product_cat-naujienos","7":"product_cat-maisytuvai","8":"product_tag-5-m-g","9":"pa_barkodas-2877","10":"pa_debitas-l-m-4-10","11":"pa_garantija-167","12":"pa_padengimas-chrome-plated","13":"pa_pajungimas-1-2","14":"pa_paskirtis-virtuviniai-maisytuvai","15":"pa_serija-swan","17":"first","18":"instock","19":"shipping-taxable","20":"purchasable","21":"product-type-simple"},"yoast_head":"<!-- This site is optimized with the Yoast SEO plugin v23.9 - https:\/\/yoast.com\/wordpress\/plugins\/seo\/ -->\n<title>SWAN-33 | RUBINETA<\/title>\n<meta name=\"robots\" content=\"index, follow, max-snippet:-1, max-image-preview:large, max-video-preview:-1\" \/>\n<link rel=\"canonical\" href=\"https:\/\/rubineta.com\/catalogue\/maisytuvai\/swan-33\/\" \/>\n<meta name=\"twitter:label1\" content=\"Est. reading time\" \/>\n\t<meta name=\"twitter:data1\" content=\"1 minute\" \/>\n<script type=\"application\/ld+json\" class=\"yoast-schema-graph\">{\"@context\":\"https:\/\/schema.org\",\"@graph\":[{\"@type\":\"WebPage\",\"@id\":\"https:\/\/rubineta.com\/catalogue\/maisytuvai\/swan-33\/\",\"url\":\"https:\/\/rubineta.com\/catalogue\/maisytuvai\/swan-33\/\",\"name\":\"SWAN-33 | RUBINETA\",\"isPartOf\":{\"@id\":\"https:\/\/rubineta.com\/#website\"},\"primaryImageOfPage\":{\"@id\":\"https:\/\/rubineta.com\/catalogue\/maisytuvai\/swan-33\/#primaryimage\"},\"image\":{\"@id\":\"https:\/\/rubineta.com\/catalogue\/maisytuvai\/swan-33\/#primaryimage\"},\"thumbnailUrl\":\"https:\/\/rubineta.com\/wp-content\/uploads\/2021\/01\/Swan-scaled.jpg\",\"datePublished\":\"2021-01-10T09:12:19+00:00\",\"dateModified\":\"2026-02-25T11:49:18+00:00\",\"breadcrumb\":{\"@id\":\"https:\/\/rubineta.com\/catalogue\/maisytuvai\/swan-33\/#breadcrumb\"},\"inLanguage\":\"lv-LV\",\"potentialAction\":[{\"@type\":\"ReadAction\",\"target\":[\"https:\/\/rubineta.com\/catalogue\/maisytuvai\/swan-33\/\"]}]},{\"@type\":\"ImageObject\",\"inLanguage\":\"lv-LV\",\"@id\":\"https:\/\/rubineta.com\/catalogue\/maisytuvai\/swan-33\/#primaryimage\",\"url\":\"https:\/\/rubineta.com\/wp-content\/uploads\/2021\/01\/Swan-scaled.jpg\",\"contentUrl\":\"https:\/\/rubineta.com\/wp-content\/uploads\/2021\/01\/Swan-scaled.jpg\",\"width\":1655,\"height\":2560},{\"@type\":\"BreadcrumbList\",\"@id\":\"https:\/\/rubineta.com\/catalogue\/maisytuvai\/swan-33\/#breadcrumb\",\"itemListElement\":[{\"@type\":\"ListItem\",\"position\":1,\"name\":\"Home\",\"item\":\"https:\/\/rubineta.com\/lv\/\"},{\"@type\":\"ListItem\",\"position\":2,\"name\":\"Katalogs\",\"item\":\"https:\/\/rubineta.com\/lv\/catalogue\/\"},{\"@type\":\"ListItem\",\"position\":3,\"name\":\"SWAN-33\"}]},{\"@type\":\"WebSite\",\"@id\":\"https:\/\/rubineta.com\/#website\",\"url\":\"https:\/\/rubineta.com\/\",\"name\":\"Rubineta - Quality And Reliable Sanitary Fittings\",\"description\":\"High Quality And Reliable Faucets\",\"publisher\":{\"@id\":\"https:\/\/rubineta.com\/#organization\"},\"potentialAction\":[{\"@type\":\"SearchAction\",\"target\":{\"@type\":\"EntryPoint\",\"urlTemplate\":\"https:\/\/rubineta.com\/?s={search_term_string}\"},\"query-input\":{\"@type\":\"PropertyValueSpecification\",\"valueRequired\":true,\"valueName\":\"search_term_string\"}}],\"inLanguage\":\"lv-LV\"},{\"@type\":\"Organization\",\"@id\":\"https:\/\/rubineta.com\/#organization\",\"name\":\"RUBINETA\",\"url\":\"https:\/\/rubineta.com\/\",\"logo\":{\"@type\":\"ImageObject\",\"inLanguage\":\"lv-LV\",\"@id\":\"https:\/\/rubineta.com\/#\/schema\/logo\/image\/\",\"url\":\"https:\/\/rubineta.com\/wp-content\/uploads\/2020\/07\/RUBINETA-logo.jpg\",\"contentUrl\":\"https:\/\/rubineta.com\/wp-content\/uploads\/2020\/07\/RUBINETA-logo.jpg\",\"width\":825,\"height\":456,\"caption\":\"RUBINETA\"},\"image\":{\"@id\":\"https:\/\/rubineta.com\/#\/schema\/logo\/image\/\"}}]}<\/script>\n<!-- \/ Yoast SEO plugin. -->","yoast_head_json":{"title":"SWAN-33 | RUBINETA","robots":{"index":"index","follow":"follow","max-snippet":"max-snippet:-1","max-image-preview":"max-image-preview:large","max-video-preview":"max-video-preview:-1"},"canonical":"https:\/\/rubineta.com\/catalogue\/maisytuvai\/swan-33\/","twitter_misc":{"Est. reading time":"1 minute"},"schema":{"@context":"https:\/\/schema.org","@graph":[{"@type":"WebPage","@id":"https:\/\/rubineta.com\/catalogue\/maisytuvai\/swan-33\/","url":"https:\/\/rubineta.com\/catalogue\/maisytuvai\/swan-33\/","name":"SWAN-33 | RUBINETA","isPartOf":{"@id":"https:\/\/rubineta.com\/#website"},"primaryImageOfPage":{"@id":"https:\/\/rubineta.com\/catalogue\/maisytuvai\/swan-33\/#primaryimage"},"image":{"@id":"https:\/\/rubineta.com\/catalogue\/maisytuvai\/swan-33\/#primaryimage"},"thumbnailUrl":"https:\/\/rubineta.com\/wp-content\/uploads\/2021\/01\/Swan-scaled.jpg","datePublished":"2021-01-10T09:12:19+00:00","dateModified":"2026-02-25T11:49:18+00:00","breadcrumb":{"@id":"https:\/\/rubineta.com\/catalogue\/maisytuvai\/swan-33\/#breadcrumb"},"inLanguage":"lv-LV","potentialAction":[{"@type":"ReadAction","target":["https:\/\/rubineta.com\/catalogue\/maisytuvai\/swan-33\/"]}]},{"@type":"ImageObject","inLanguage":"lv-LV","@id":"https:\/\/rubineta.com\/catalogue\/maisytuvai\/swan-33\/#primaryimage","url":"https:\/\/rubineta.com\/wp-content\/uploads\/2021\/01\/Swan-scaled.jpg","contentUrl":"https:\/\/rubineta.com\/wp-content\/uploads\/2021\/01\/Swan-scaled.jpg","width":1655,"height":2560},{"@type":"BreadcrumbList","@id":"https:\/\/rubineta.com\/catalogue\/maisytuvai\/swan-33\/#breadcrumb","itemListElement":[{"@type":"ListItem","position":1,"name":"Home","item":"https:\/\/rubineta.com\/lv\/"},{"@type":"ListItem","position":2,"name":"Katalogs","item":"https:\/\/rubineta.com\/lv\/catalogue\/"},{"@type":"ListItem","position":3,"name":"SWAN-33"}]},{"@type":"WebSite","@id":"https:\/\/rubineta.com\/#website","url":"https:\/\/rubineta.com\/","name":"Rubineta - Quality And Reliable Sanitary Fittings","description":"High Quality And Reliable Faucets","publisher":{"@id":"https:\/\/rubineta.com\/#organization"},"potentialAction":[{"@type":"SearchAction","target":{"@type":"EntryPoint","urlTemplate":"https:\/\/rubineta.com\/?s={search_term_string}"},"query-input":{"@type":"PropertyValueSpecification","valueRequired":true,"valueName":"search_term_string"}}],"inLanguage":"lv-LV"},{"@type":"Organization","@id":"https:\/\/rubineta.com\/#organization","name":"RUBINETA","url":"https:\/\/rubineta.com\/","logo":{"@type":"ImageObject","inLanguage":"lv-LV","@id":"https:\/\/rubineta.com\/#\/schema\/logo\/image\/","url":"https:\/\/rubineta.com\/wp-content\/uploads\/2020\/07\/RUBINETA-logo.jpg","contentUrl":"https:\/\/rubineta.com\/wp-content\/uploads\/2020\/07\/RUBINETA-logo.jpg","width":825,"height":456,"caption":"RUBINETA"},"image":{"@id":"https:\/\/rubineta.com\/#\/schema\/logo\/image\/"}}]}},"_links":{"self":[{"href":"https:\/\/rubineta.com\/lv\/wp-json\/wp\/v2\/product\/23625","targetHints":{"allow":["GET"]}}],"collection":[{"href":"https:\/\/rubineta.com\/lv\/wp-json\/wp\/v2\/product"}],"about":[{"href":"https:\/\/rubineta.com\/lv\/wp-json\/wp\/v2\/types\/product"}],"replies":[{"embeddable":true,"href":"https:\/\/rubineta.com\/lv\/wp-json\/wp\/v2\/comments?post=23625"}],"wp:featuredmedia":[{"embeddable":true,"href":"https:\/\/rubineta.com\/lv\/wp-json\/wp\/v2\/media\/23622"}],"wp:attachment":[{"href":"https:\/\/rubineta.com\/lv\/wp-json\/wp\/v2\/media?parent=23625"}],"wp:term":[{"taxonomy":"product_cat","embeddable":true,"href":"https:\/\/rubineta.com\/lv\/wp-json\/wp\/v2\/product_cat?post=23625"},{"taxonomy":"product_tag","embeddable":true,"href":"https:\/\/rubineta.com\/lv\/wp-json\/wp\/v2\/product_tag?post=23625"}],"curies":[{"name":"wp","href":"https:\/\/api.w.org\/{rel}","templated":true}]}}