{"id":23750,"date":"2021-01-10T11:36:35","date_gmt":"2021-01-10T13:36:35","guid":{"rendered":"https:\/\/rubineta.com\/?post_type=product&#038;p=23750"},"modified":"2024-11-05T09:09:16","modified_gmt":"2024-11-05T11:09:16","slug":"olo-bk-thermo-15-bk","status":"publish","type":"product","link":"https:\/\/rubineta.com\/lv\/catalogue\/shower-products\/olo-bk-thermo-15-bk\/","title":{"rendered":"Du\u0161as sist\u0113ma OLO (BK) + THERMO-15 (BK)"},"content":{"rendered":"","protected":false},"excerpt":{"rendered":"<p>Du\u0161as komplekts OLO (BK)+THERMO-15(BK) \u2013 komplekt\u0101 ir augstas kvalit\u0101tes stienis un termostatiskais mais\u012bt\u0101js. Tas ne tikai lieliski veic savas funkcijas, bet ar\u012b moderni izskat\u0101s.<\/p>\n<p>P\u0101rkl\u0101ts ar elektrostatisku p\u0101rkl\u0101jumu, kas melno mat\u0113to kr\u0101su ilgsto\u0161i saglab\u0101 vienm\u0113r\u012bgi spilgtu.<\/p>\n<p>Ner\u016bs\u0113jo\u0161\u0101 t\u0113rauda lietus du\u0161as galva ar viegli t\u012br\u0101miem silikona caurumi\u0146iem. Notur\u012bga pret 5 bar spiedienu.<\/p>\n<p>Unik\u0101l\u0101 autom\u0101tisk\u0101 temperat\u016bras uztur\u0113\u0161anas sist\u0113ma garant\u0113 past\u0101v\u012bgu, komfortablu un dro\u0161u du\u0161as \u016bdens temperat\u016bru neatkar\u012bgi no karst\u0101 vai aukst\u0101 \u016bdens sv\u0101rst\u012bb\u0101m \u016bdensapg\u0101des sist\u0113m\u0101.<\/p>\n<p><strong>Jauc\u0113jkr\u0101na konstrukcij\u0101 izmantota augst\u0101k\u0101s klases termostata kasete ar termoelementu <\/strong>Vernet<strong> (Francija).<\/strong><\/p>\n<p>RubiBrass<strong> \u2013 \u012bpa\u0161a sast\u0101va misi\u0146a sakaus\u0113jums. \u0160aj\u0101 ilgtsp\u0113j\u012bgaj\u0101 un cilv\u0113ka vesel\u012bbai nekait\u012bgaj\u0101 sakaus\u0113jum\u0101 ir maksim\u0101li samazin\u0101ts svina un citu materi\u0101lu, kuri var rea\u0123\u0113t ar dzeramo \u016bdeni, daudzums.<\/strong><\/p>\n<p>RubiCoat-E<strong> &#8211; unik\u0101ls \u013coti iztur\u012bgs un iztur\u012bgs jaun\u0101kais polim\u0113ru p\u0101rkl\u0101jums. <\/strong>RubiCoat-E<strong> ir uzlabota <\/strong>RubiCoat<strong> tehnolo\u0123ija ar papildu galvaniz\u0101cijas posmu. \u0160is papildu process pie\u0161\u0137ir polim\u0113ru p\u0101rkl\u0101jumam v\u0113l liel\u0101ku iztur\u012bbu un iztur\u012bbu pret nelabv\u0113l\u012bg\u0101m \u0101r\u0113j\u0101m ietekm\u0113m.<\/strong><\/p>\n<p>Neoperl<strong> aerators: zems trok\u0161\u0146a l\u012bmenis, ilg\u0101ks kalpo\u0161anas laiks, ide\u0101la \u016bdens pl\u016bsmas kvalit\u0101te, uzlabota aizsardz\u012bba pret ka\u013c\u0137iem. V\u0101cijas uz\u0146\u0113mums <\/strong>Neoperl<strong> ir pasaul\u0113 vado\u0161ais aeratoru ra\u017eot\u0101js.<\/strong><\/p>\n<p><strong>\u0160\u012b jauc\u0113jkr\u0101na pirc\u0113ji sa\u0146em produkta civiltiesisk\u0101s atbild\u012bbas apdro\u0161in\u0101\u0161anu apdro\u0161in\u0101\u0161anas sabiedr\u012bb\u0101 AB &#8220;Lietuvos draudimas&#8221;. Produkta civiltiesisk\u0101s atbild\u012bbas apdro\u0161in\u0101\u0161ana aizsarg\u0101 pat\u0113r\u0113t\u0101ju ties\u012bbas un atl\u012bdzina tre\u0161aj\u0101m person\u0101m (pat\u0113r\u0113t\u0101jiem) nodar\u012btos zaud\u0113jumus, ja \u0161ie zaud\u0113jumi saist\u012bti ar RUBINETA produkcijas nepien\u0101c\u012bgu kvalit\u0101ti.<\/strong><\/p>\n<p>https:\/\/www.youtube.com\/watch?v=cpJPOU-K5Cs<\/p>\n","protected":false},"featured_media":26814,"comment_status":"closed","ping_status":"closed","template":"","meta":[],"product_cat":[2646,1654],"product_tag":[],"class_list":{"0":"post-23750","1":"product","2":"type-product","3":"status-publish","4":"has-post-thumbnail","6":"product_cat-naujienos","7":"product_cat-shower-products","8":"pa_barkodas-2884","9":"pa_garantija-167","10":"pa_padengimas-elektrolitinis","11":"pa_paskirtis-shower-systems","12":"pa_spalva-juoda","14":"first","15":"instock","16":"shipping-taxable","17":"purchasable","18":"product-type-simple"},"yoast_head":"<!-- This site is optimized with the Yoast SEO plugin v23.9 - https:\/\/yoast.com\/wordpress\/plugins\/seo\/ -->\n<title>Du\u0161as sist\u0113ma OLO (BK) + THERMO-15 (BK) | RUBINETA<\/title>\n<meta name=\"robots\" content=\"index, follow, max-snippet:-1, max-image-preview:large, max-video-preview:-1\" \/>\n<link rel=\"canonical\" href=\"https:\/\/rubineta.com\/catalogue\/shower-products\/olo-bk-thermo-15-bk\/\" \/>\n<script type=\"application\/ld+json\" class=\"yoast-schema-graph\">{\"@context\":\"https:\/\/schema.org\",\"@graph\":[{\"@type\":\"WebPage\",\"@id\":\"https:\/\/rubineta.com\/catalogue\/shower-products\/olo-bk-thermo-15-bk\/\",\"url\":\"https:\/\/rubineta.com\/catalogue\/shower-products\/olo-bk-thermo-15-bk\/\",\"name\":\"[:lt]Du\u0161o sistema OLO (BK) + THERMO-15 (BK)[:en]Shower system OLO (BK) + THERMO-15 (BK)[:ru]\u0414\u0443\u0448\u0435\u0432\u0430\u044f \u0441\u0438\u0441\u0442\u0435\u043c\u0430 OLO (BK) + THERMO-15 (BK)[:lv]Du\u0161as sist\u0113ma OLO (BK) + THERMO-15 (BK)[:] | RUBINETA\",\"isPartOf\":{\"@id\":\"https:\/\/rubineta.com\/#website\"},\"primaryImageOfPage\":{\"@id\":\"https:\/\/rubineta.com\/catalogue\/shower-products\/olo-bk-thermo-15-bk\/#primaryimage\"},\"image\":{\"@id\":\"https:\/\/rubineta.com\/catalogue\/shower-products\/olo-bk-thermo-15-bk\/#primaryimage\"},\"thumbnailUrl\":\"https:\/\/rubineta.com\/wp-content\/uploads\/2024\/10\/625038_Olo_Thermo-15_BK_2023-scaled.jpg\",\"datePublished\":\"2021-01-10T13:36:35+00:00\",\"dateModified\":\"2024-11-05T11:09:16+00:00\",\"breadcrumb\":{\"@id\":\"https:\/\/rubineta.com\/catalogue\/shower-products\/olo-bk-thermo-15-bk\/#breadcrumb\"},\"inLanguage\":\"lv-LV\",\"potentialAction\":[{\"@type\":\"ReadAction\",\"target\":[\"https:\/\/rubineta.com\/catalogue\/shower-products\/olo-bk-thermo-15-bk\/\"]}]},{\"@type\":\"ImageObject\",\"inLanguage\":\"lv-LV\",\"@id\":\"https:\/\/rubineta.com\/catalogue\/shower-products\/olo-bk-thermo-15-bk\/#primaryimage\",\"url\":\"https:\/\/rubineta.com\/wp-content\/uploads\/2024\/10\/625038_Olo_Thermo-15_BK_2023-scaled.jpg\",\"contentUrl\":\"https:\/\/rubineta.com\/wp-content\/uploads\/2024\/10\/625038_Olo_Thermo-15_BK_2023-scaled.jpg\",\"width\":1061,\"height\":2560},{\"@type\":\"BreadcrumbList\",\"@id\":\"https:\/\/rubineta.com\/catalogue\/shower-products\/olo-bk-thermo-15-bk\/#breadcrumb\",\"itemListElement\":[{\"@type\":\"ListItem\",\"position\":1,\"name\":\"Home\",\"item\":\"https:\/\/rubineta.com\/lv\/\"},{\"@type\":\"ListItem\",\"position\":2,\"name\":\"Katalogs\",\"item\":\"https:\/\/rubineta.com\/lv\/catalogue\/\"},{\"@type\":\"ListItem\",\"position\":3,\"name\":\"Shower system OLO (BK) + THERMO-15 (BK)\"}]},{\"@type\":\"WebSite\",\"@id\":\"https:\/\/rubineta.com\/#website\",\"url\":\"https:\/\/rubineta.com\/\",\"name\":\"Rubineta - Quality And Reliable Sanitary Fittings\",\"description\":\"High Quality And Reliable Faucets\",\"publisher\":{\"@id\":\"https:\/\/rubineta.com\/#organization\"},\"potentialAction\":[{\"@type\":\"SearchAction\",\"target\":{\"@type\":\"EntryPoint\",\"urlTemplate\":\"https:\/\/rubineta.com\/?s={search_term_string}\"},\"query-input\":{\"@type\":\"PropertyValueSpecification\",\"valueRequired\":true,\"valueName\":\"search_term_string\"}}],\"inLanguage\":\"lv-LV\"},{\"@type\":\"Organization\",\"@id\":\"https:\/\/rubineta.com\/#organization\",\"name\":\"RUBINETA\",\"url\":\"https:\/\/rubineta.com\/\",\"logo\":{\"@type\":\"ImageObject\",\"inLanguage\":\"lv-LV\",\"@id\":\"https:\/\/rubineta.com\/#\/schema\/logo\/image\/\",\"url\":\"https:\/\/rubineta.com\/wp-content\/uploads\/2020\/07\/RUBINETA-logo.jpg\",\"contentUrl\":\"https:\/\/rubineta.com\/wp-content\/uploads\/2020\/07\/RUBINETA-logo.jpg\",\"width\":825,\"height\":456,\"caption\":\"RUBINETA\"},\"image\":{\"@id\":\"https:\/\/rubineta.com\/#\/schema\/logo\/image\/\"}}]}<\/script>\n<!-- \/ Yoast SEO plugin. -->","yoast_head_json":{"title":"[:lt]Du\u0161o sistema OLO (BK) + THERMO-15 (BK)[:en]Shower system OLO (BK) + THERMO-15 (BK)[:ru]\u0414\u0443\u0448\u0435\u0432\u0430\u044f \u0441\u0438\u0441\u0442\u0435\u043c\u0430 OLO (BK) + THERMO-15 (BK)[:lv]Du\u0161as sist\u0113ma OLO (BK) + THERMO-15 (BK)[:] | RUBINETA","robots":{"index":"index","follow":"follow","max-snippet":"max-snippet:-1","max-image-preview":"max-image-preview:large","max-video-preview":"max-video-preview:-1"},"canonical":"https:\/\/rubineta.com\/catalogue\/shower-products\/olo-bk-thermo-15-bk\/","schema":{"@context":"https:\/\/schema.org","@graph":[{"@type":"WebPage","@id":"https:\/\/rubineta.com\/catalogue\/shower-products\/olo-bk-thermo-15-bk\/","url":"https:\/\/rubineta.com\/catalogue\/shower-products\/olo-bk-thermo-15-bk\/","name":"[:lt]Du\u0161o sistema OLO (BK) + THERMO-15 (BK)[:en]Shower system OLO (BK) + THERMO-15 (BK)[:ru]\u0414\u0443\u0448\u0435\u0432\u0430\u044f \u0441\u0438\u0441\u0442\u0435\u043c\u0430 OLO (BK) + THERMO-15 (BK)[:lv]Du\u0161as sist\u0113ma OLO (BK) + THERMO-15 (BK)[:] | RUBINETA","isPartOf":{"@id":"https:\/\/rubineta.com\/#website"},"primaryImageOfPage":{"@id":"https:\/\/rubineta.com\/catalogue\/shower-products\/olo-bk-thermo-15-bk\/#primaryimage"},"image":{"@id":"https:\/\/rubineta.com\/catalogue\/shower-products\/olo-bk-thermo-15-bk\/#primaryimage"},"thumbnailUrl":"https:\/\/rubineta.com\/wp-content\/uploads\/2024\/10\/625038_Olo_Thermo-15_BK_2023-scaled.jpg","datePublished":"2021-01-10T13:36:35+00:00","dateModified":"2024-11-05T11:09:16+00:00","breadcrumb":{"@id":"https:\/\/rubineta.com\/catalogue\/shower-products\/olo-bk-thermo-15-bk\/#breadcrumb"},"inLanguage":"lv-LV","potentialAction":[{"@type":"ReadAction","target":["https:\/\/rubineta.com\/catalogue\/shower-products\/olo-bk-thermo-15-bk\/"]}]},{"@type":"ImageObject","inLanguage":"lv-LV","@id":"https:\/\/rubineta.com\/catalogue\/shower-products\/olo-bk-thermo-15-bk\/#primaryimage","url":"https:\/\/rubineta.com\/wp-content\/uploads\/2024\/10\/625038_Olo_Thermo-15_BK_2023-scaled.jpg","contentUrl":"https:\/\/rubineta.com\/wp-content\/uploads\/2024\/10\/625038_Olo_Thermo-15_BK_2023-scaled.jpg","width":1061,"height":2560},{"@type":"BreadcrumbList","@id":"https:\/\/rubineta.com\/catalogue\/shower-products\/olo-bk-thermo-15-bk\/#breadcrumb","itemListElement":[{"@type":"ListItem","position":1,"name":"Home","item":"https:\/\/rubineta.com\/lv\/"},{"@type":"ListItem","position":2,"name":"Katalogs","item":"https:\/\/rubineta.com\/lv\/catalogue\/"},{"@type":"ListItem","position":3,"name":"Shower system OLO (BK) + THERMO-15 (BK)"}]},{"@type":"WebSite","@id":"https:\/\/rubineta.com\/#website","url":"https:\/\/rubineta.com\/","name":"Rubineta - Quality And Reliable Sanitary Fittings","description":"High Quality And Reliable Faucets","publisher":{"@id":"https:\/\/rubineta.com\/#organization"},"potentialAction":[{"@type":"SearchAction","target":{"@type":"EntryPoint","urlTemplate":"https:\/\/rubineta.com\/?s={search_term_string}"},"query-input":{"@type":"PropertyValueSpecification","valueRequired":true,"valueName":"search_term_string"}}],"inLanguage":"lv-LV"},{"@type":"Organization","@id":"https:\/\/rubineta.com\/#organization","name":"RUBINETA","url":"https:\/\/rubineta.com\/","logo":{"@type":"ImageObject","inLanguage":"lv-LV","@id":"https:\/\/rubineta.com\/#\/schema\/logo\/image\/","url":"https:\/\/rubineta.com\/wp-content\/uploads\/2020\/07\/RUBINETA-logo.jpg","contentUrl":"https:\/\/rubineta.com\/wp-content\/uploads\/2020\/07\/RUBINETA-logo.jpg","width":825,"height":456,"caption":"RUBINETA"},"image":{"@id":"https:\/\/rubineta.com\/#\/schema\/logo\/image\/"}}]}},"_links":{"self":[{"href":"https:\/\/rubineta.com\/lv\/wp-json\/wp\/v2\/product\/23750","targetHints":{"allow":["GET"]}}],"collection":[{"href":"https:\/\/rubineta.com\/lv\/wp-json\/wp\/v2\/product"}],"about":[{"href":"https:\/\/rubineta.com\/lv\/wp-json\/wp\/v2\/types\/product"}],"replies":[{"embeddable":true,"href":"https:\/\/rubineta.com\/lv\/wp-json\/wp\/v2\/comments?post=23750"}],"wp:featuredmedia":[{"embeddable":true,"href":"https:\/\/rubineta.com\/lv\/wp-json\/wp\/v2\/media\/26814"}],"wp:attachment":[{"href":"https:\/\/rubineta.com\/lv\/wp-json\/wp\/v2\/media?parent=23750"}],"wp:term":[{"taxonomy":"product_cat","embeddable":true,"href":"https:\/\/rubineta.com\/lv\/wp-json\/wp\/v2\/product_cat?post=23750"},{"taxonomy":"product_tag","embeddable":true,"href":"https:\/\/rubineta.com\/lv\/wp-json\/wp\/v2\/product_tag?post=23750"}],"curies":[{"name":"wp","href":"https:\/\/api.w.org\/{rel}","templated":true}]}}