{"id":25813,"date":"2023-06-06T05:48:32","date_gmt":"2023-06-06T07:48:32","guid":{"rendered":"https:\/\/rubineta.com\/?post_type=product&#038;p=25813"},"modified":"2024-04-15T05:34:50","modified_gmt":"2024-04-15T07:34:50","slug":"duso-sistema-etnathermo-10-sw","status":"publish","type":"product","link":"https:\/\/rubineta.com\/lv\/catalogue\/shower-products\/duso-sistema-etnathermo-10-sw\/","title":{"rendered":"Du\u0161as sist\u0113ma Etna+Thermo-10 (SW)"},"content":{"rendered":"","protected":false},"excerpt":{"rendered":"<p>Du\u0161as stienis ETNA un jauc\u0113jkr\u0101ns THERMO-10 (SW) ir ide\u0101li piem\u0113rots klientiem, kuri mekl\u0113 \u0113rt\u012bbas un unik\u0101lu risin\u0101jumu nelielai du\u0161ai. Minim\u0101listiskais dizains, ko iedvesmojis skandin\u0101vu stils, var b\u016bt labs risin\u0101jums ikvienai telpai. \u0160is komplekts ir viegli uzst\u0101d\u0101ms, t\u0101 stiprin\u0101jums ir stabils un dro\u0161s.<br \/>\n\u0160aj\u0101 komplekt\u0101 ir iek\u013cauts viens no popul\u0101r\u0101kajiem THERMO s\u0113rijas jauc\u0113jkr\u0101niem. THERMO-10 (SW) jauc\u0113jkr\u0101ns nodro\u0161ina noteiktas temperat\u016bras \u016bdens padevi un aizsarg\u0101 J\u016bs no iesp\u0113jamiem \u016bdens temperat\u016bras un spiediena kritumiem.<\/p>\n<p><strong>Komplekts:<\/strong><br \/>\n<strong>\u2022 Ner\u016bs\u0113jo\u0161\u0101 t\u0113rauda du\u0161as stienis ETNA<\/strong><br \/>\n<strong>\u2022 Jauc\u0113jkr\u0101ns THERMO-10 (SW)<\/strong><br \/>\n<strong>\u2022 Du\u0161as klausule DINA (\u00d8 &#8211; 225 mm)<\/strong><br \/>\n<strong>\u2022 Rokas du\u0161a DORA (\u00d8 &#8211; 110 mm, 5 funkcijas)<\/strong><br \/>\n<strong>\u2022 150 cm ner\u016bs\u0113jo\u0161\u0101 t\u0113rauda du\u0161as \u0161\u013c\u016btene<\/strong><br \/>\n<strong>\u2022 Keramiskais p\u0101rsl\u0113dz\u0113js<\/strong><\/p>\n<p>Unik\u0101l\u0101 autom\u0101tisk\u0101 temperat\u016bras uztur\u0113\u0161anas sist\u0113ma garant\u0113 past\u0101v\u012bgu, komfortablu un dro\u0161u du\u0161as \u016bdens temperat\u016bru neatkar\u012bgi no karst\u0101 vai aukst\u0101 \u016bdens sv\u0101rst\u012bb\u0101m \u016bdensapg\u0101des sist\u0113m\u0101.<\/p>\n<p>&nbsp;<\/p>\n<p><strong>Garantija: 5 gadi, 2 gadi komponentiem (du\u0161as galva, du\u0161as \u0161\u013c\u016btene).<\/strong><\/p>\n","protected":false},"featured_media":25819,"comment_status":"closed","ping_status":"closed","template":"","meta":[],"product_cat":[2646,1654],"product_tag":[1630,3001],"class_list":{"0":"post-25813","1":"product","2":"type-product","3":"status-publish","4":"has-post-thumbnail","6":"product_cat-naujienos","7":"product_cat-shower-products","8":"product_tag-rubi_brass","9":"product_tag-solidchrom","10":"pa_barkodas-3083","11":"pa_garantija-167","12":"pa_paskirtis-shower-systems","14":"first","15":"instock","16":"shipping-taxable","17":"purchasable","18":"product-type-simple"},"yoast_head":"<!-- This site is optimized with the Yoast SEO plugin v23.9 - https:\/\/yoast.com\/wordpress\/plugins\/seo\/ -->\n<title>Du\u0161as sist\u0113ma Etna+Thermo-10 (SW) | RUBINETA<\/title>\n<meta name=\"robots\" content=\"index, follow, max-snippet:-1, max-image-preview:large, max-video-preview:-1\" \/>\n<link rel=\"canonical\" href=\"https:\/\/rubineta.com\/catalogue\/shower-products\/duso-sistema-etnathermo-10-sw\/\" \/>\n<script type=\"application\/ld+json\" class=\"yoast-schema-graph\">{\"@context\":\"https:\/\/schema.org\",\"@graph\":[{\"@type\":\"WebPage\",\"@id\":\"https:\/\/rubineta.com\/catalogue\/shower-products\/duso-sistema-etnathermo-10-sw\/\",\"url\":\"https:\/\/rubineta.com\/catalogue\/shower-products\/duso-sistema-etnathermo-10-sw\/\",\"name\":\"[:lt]Du\u0161o sistema Etna+Thermo-10 (SW)[:en]Shower system Etna+Thermo-10 (SW)[:ru]\u0414\u0443\u0448\u0435\u0432\u0430\u044f \u0441\u0438\u0441\u0442\u0435\u043c\u0430 Etna+Thermo-10 (SW)[:lv]Du\u0161as sist\u0113ma Etna+Thermo-10 (SW)[:] | RUBINETA\",\"isPartOf\":{\"@id\":\"https:\/\/rubineta.com\/#website\"},\"primaryImageOfPage\":{\"@id\":\"https:\/\/rubineta.com\/catalogue\/shower-products\/duso-sistema-etnathermo-10-sw\/#primaryimage\"},\"image\":{\"@id\":\"https:\/\/rubineta.com\/catalogue\/shower-products\/duso-sistema-etnathermo-10-sw\/#primaryimage\"},\"thumbnailUrl\":\"https:\/\/rubineta.com\/wp-content\/uploads\/2023\/06\/625028_Etna_Thermo_NEW-scaled.jpg\",\"datePublished\":\"2023-06-06T07:48:32+00:00\",\"dateModified\":\"2024-04-15T07:34:50+00:00\",\"breadcrumb\":{\"@id\":\"https:\/\/rubineta.com\/catalogue\/shower-products\/duso-sistema-etnathermo-10-sw\/#breadcrumb\"},\"inLanguage\":\"lv-LV\",\"potentialAction\":[{\"@type\":\"ReadAction\",\"target\":[\"https:\/\/rubineta.com\/catalogue\/shower-products\/duso-sistema-etnathermo-10-sw\/\"]}]},{\"@type\":\"ImageObject\",\"inLanguage\":\"lv-LV\",\"@id\":\"https:\/\/rubineta.com\/catalogue\/shower-products\/duso-sistema-etnathermo-10-sw\/#primaryimage\",\"url\":\"https:\/\/rubineta.com\/wp-content\/uploads\/2023\/06\/625028_Etna_Thermo_NEW-scaled.jpg\",\"contentUrl\":\"https:\/\/rubineta.com\/wp-content\/uploads\/2023\/06\/625028_Etna_Thermo_NEW-scaled.jpg\",\"width\":1356,\"height\":2560},{\"@type\":\"BreadcrumbList\",\"@id\":\"https:\/\/rubineta.com\/catalogue\/shower-products\/duso-sistema-etnathermo-10-sw\/#breadcrumb\",\"itemListElement\":[{\"@type\":\"ListItem\",\"position\":1,\"name\":\"Home\",\"item\":\"https:\/\/rubineta.com\/lv\/\"},{\"@type\":\"ListItem\",\"position\":2,\"name\":\"Katalogs\",\"item\":\"https:\/\/rubineta.com\/lv\/catalogue\/\"},{\"@type\":\"ListItem\",\"position\":3,\"name\":\"Shower system Etna+Thermo-10 (SW)\"}]},{\"@type\":\"WebSite\",\"@id\":\"https:\/\/rubineta.com\/#website\",\"url\":\"https:\/\/rubineta.com\/\",\"name\":\"Rubineta - Quality And Reliable Sanitary Fittings\",\"description\":\"High Quality And Reliable Faucets\",\"publisher\":{\"@id\":\"https:\/\/rubineta.com\/#organization\"},\"potentialAction\":[{\"@type\":\"SearchAction\",\"target\":{\"@type\":\"EntryPoint\",\"urlTemplate\":\"https:\/\/rubineta.com\/?s={search_term_string}\"},\"query-input\":{\"@type\":\"PropertyValueSpecification\",\"valueRequired\":true,\"valueName\":\"search_term_string\"}}],\"inLanguage\":\"lv-LV\"},{\"@type\":\"Organization\",\"@id\":\"https:\/\/rubineta.com\/#organization\",\"name\":\"RUBINETA\",\"url\":\"https:\/\/rubineta.com\/\",\"logo\":{\"@type\":\"ImageObject\",\"inLanguage\":\"lv-LV\",\"@id\":\"https:\/\/rubineta.com\/#\/schema\/logo\/image\/\",\"url\":\"https:\/\/rubineta.com\/wp-content\/uploads\/2020\/07\/RUBINETA-logo.jpg\",\"contentUrl\":\"https:\/\/rubineta.com\/wp-content\/uploads\/2020\/07\/RUBINETA-logo.jpg\",\"width\":825,\"height\":456,\"caption\":\"RUBINETA\"},\"image\":{\"@id\":\"https:\/\/rubineta.com\/#\/schema\/logo\/image\/\"}}]}<\/script>\n<!-- \/ Yoast SEO plugin. -->","yoast_head_json":{"title":"[:lt]Du\u0161o sistema Etna+Thermo-10 (SW)[:en]Shower system Etna+Thermo-10 (SW)[:ru]\u0414\u0443\u0448\u0435\u0432\u0430\u044f \u0441\u0438\u0441\u0442\u0435\u043c\u0430 Etna+Thermo-10 (SW)[:lv]Du\u0161as sist\u0113ma Etna+Thermo-10 (SW)[:] | RUBINETA","robots":{"index":"index","follow":"follow","max-snippet":"max-snippet:-1","max-image-preview":"max-image-preview:large","max-video-preview":"max-video-preview:-1"},"canonical":"https:\/\/rubineta.com\/catalogue\/shower-products\/duso-sistema-etnathermo-10-sw\/","schema":{"@context":"https:\/\/schema.org","@graph":[{"@type":"WebPage","@id":"https:\/\/rubineta.com\/catalogue\/shower-products\/duso-sistema-etnathermo-10-sw\/","url":"https:\/\/rubineta.com\/catalogue\/shower-products\/duso-sistema-etnathermo-10-sw\/","name":"[:lt]Du\u0161o sistema Etna+Thermo-10 (SW)[:en]Shower system Etna+Thermo-10 (SW)[:ru]\u0414\u0443\u0448\u0435\u0432\u0430\u044f \u0441\u0438\u0441\u0442\u0435\u043c\u0430 Etna+Thermo-10 (SW)[:lv]Du\u0161as sist\u0113ma Etna+Thermo-10 (SW)[:] | RUBINETA","isPartOf":{"@id":"https:\/\/rubineta.com\/#website"},"primaryImageOfPage":{"@id":"https:\/\/rubineta.com\/catalogue\/shower-products\/duso-sistema-etnathermo-10-sw\/#primaryimage"},"image":{"@id":"https:\/\/rubineta.com\/catalogue\/shower-products\/duso-sistema-etnathermo-10-sw\/#primaryimage"},"thumbnailUrl":"https:\/\/rubineta.com\/wp-content\/uploads\/2023\/06\/625028_Etna_Thermo_NEW-scaled.jpg","datePublished":"2023-06-06T07:48:32+00:00","dateModified":"2024-04-15T07:34:50+00:00","breadcrumb":{"@id":"https:\/\/rubineta.com\/catalogue\/shower-products\/duso-sistema-etnathermo-10-sw\/#breadcrumb"},"inLanguage":"lv-LV","potentialAction":[{"@type":"ReadAction","target":["https:\/\/rubineta.com\/catalogue\/shower-products\/duso-sistema-etnathermo-10-sw\/"]}]},{"@type":"ImageObject","inLanguage":"lv-LV","@id":"https:\/\/rubineta.com\/catalogue\/shower-products\/duso-sistema-etnathermo-10-sw\/#primaryimage","url":"https:\/\/rubineta.com\/wp-content\/uploads\/2023\/06\/625028_Etna_Thermo_NEW-scaled.jpg","contentUrl":"https:\/\/rubineta.com\/wp-content\/uploads\/2023\/06\/625028_Etna_Thermo_NEW-scaled.jpg","width":1356,"height":2560},{"@type":"BreadcrumbList","@id":"https:\/\/rubineta.com\/catalogue\/shower-products\/duso-sistema-etnathermo-10-sw\/#breadcrumb","itemListElement":[{"@type":"ListItem","position":1,"name":"Home","item":"https:\/\/rubineta.com\/lv\/"},{"@type":"ListItem","position":2,"name":"Katalogs","item":"https:\/\/rubineta.com\/lv\/catalogue\/"},{"@type":"ListItem","position":3,"name":"Shower system Etna+Thermo-10 (SW)"}]},{"@type":"WebSite","@id":"https:\/\/rubineta.com\/#website","url":"https:\/\/rubineta.com\/","name":"Rubineta - Quality And Reliable Sanitary Fittings","description":"High Quality And Reliable Faucets","publisher":{"@id":"https:\/\/rubineta.com\/#organization"},"potentialAction":[{"@type":"SearchAction","target":{"@type":"EntryPoint","urlTemplate":"https:\/\/rubineta.com\/?s={search_term_string}"},"query-input":{"@type":"PropertyValueSpecification","valueRequired":true,"valueName":"search_term_string"}}],"inLanguage":"lv-LV"},{"@type":"Organization","@id":"https:\/\/rubineta.com\/#organization","name":"RUBINETA","url":"https:\/\/rubineta.com\/","logo":{"@type":"ImageObject","inLanguage":"lv-LV","@id":"https:\/\/rubineta.com\/#\/schema\/logo\/image\/","url":"https:\/\/rubineta.com\/wp-content\/uploads\/2020\/07\/RUBINETA-logo.jpg","contentUrl":"https:\/\/rubineta.com\/wp-content\/uploads\/2020\/07\/RUBINETA-logo.jpg","width":825,"height":456,"caption":"RUBINETA"},"image":{"@id":"https:\/\/rubineta.com\/#\/schema\/logo\/image\/"}}]}},"_links":{"self":[{"href":"https:\/\/rubineta.com\/lv\/wp-json\/wp\/v2\/product\/25813","targetHints":{"allow":["GET"]}}],"collection":[{"href":"https:\/\/rubineta.com\/lv\/wp-json\/wp\/v2\/product"}],"about":[{"href":"https:\/\/rubineta.com\/lv\/wp-json\/wp\/v2\/types\/product"}],"replies":[{"embeddable":true,"href":"https:\/\/rubineta.com\/lv\/wp-json\/wp\/v2\/comments?post=25813"}],"wp:featuredmedia":[{"embeddable":true,"href":"https:\/\/rubineta.com\/lv\/wp-json\/wp\/v2\/media\/25819"}],"wp:attachment":[{"href":"https:\/\/rubineta.com\/lv\/wp-json\/wp\/v2\/media?parent=25813"}],"wp:term":[{"taxonomy":"product_cat","embeddable":true,"href":"https:\/\/rubineta.com\/lv\/wp-json\/wp\/v2\/product_cat?post=25813"},{"taxonomy":"product_tag","embeddable":true,"href":"https:\/\/rubineta.com\/lv\/wp-json\/wp\/v2\/product_tag?post=25813"}],"curies":[{"name":"wp","href":"https:\/\/api.w.org\/{rel}","templated":true}]}}