{"id":26290,"date":"2024-09-18T08:19:11","date_gmt":"2024-09-18T10:19:11","guid":{"rendered":"https:\/\/rubineta.com\/?post_type=product&#038;p=26290"},"modified":"2024-09-18T08:55:49","modified_gmt":"2024-09-18T10:55:49","slug":"duso-galvutes-laikiklis-spark-bk","status":"publish","type":"product","link":"https:\/\/rubineta.com\/lv\/catalogue\/shower-products\/duso-galvutes-laikiklis-spark-bk\/","title":{"rendered":"Rokas du\u0161as tur\u0113t\u0101js Spark (BK)"},"content":{"rendered":"<p class=\"qtranxs-available-languages-message qtranxs-available-languages-message-lv\"> Diem\u017e\u0113l \u0161\u012b lapa ir pieejama tikai <a href=\"https:\/\/rubineta.com\/en\/wp-json\/wp\/v2\/product\/26290\" class=\"qtranxs-available-language-link qtranxs-available-language-link-en\" title=\"English\">English<\/a> un <a href=\"https:\/\/rubineta.com\/ru\/wp-json\/wp\/v2\/product\/26290\" class=\"qtranxs-available-language-link qtranxs-available-language-link-ru\" title=\"\u0420\u0443\u0441\u0441\u043a\u0438\u0439\">\u0420\u0443\u0441\u0441\u043a\u0438\u0439<\/a>. For the sake of viewer convenience, the content is shown below in one of the available alternative languages. You may click one of the links to switch the site language to another available language.<\/p><p>Adjustable 360\u00b0 rotation<\/p>","protected":false},"excerpt":{"rendered":"<p class=\"qtranxs-available-languages-message qtranxs-available-languages-message-lv\"> Diem\u017e\u0113l \u0161\u012b lapa ir pieejama tikai <a href=\"https:\/\/rubineta.com\/lt\/wp-json\/wp\/v2\/product\/26290\" class=\"qtranxs-available-language-link qtranxs-available-language-link-lt\" title=\"Lietuvi\u0173\">Lietuvi\u0173<\/a>. For the sake of viewer convenience, the content is shown below in the alternative language. You may click the link to switch the active language.<\/p>\n<p>Laikiklis reguliuojamas 360\u00b0 laipsni\u0173 kampu<\/p>\n","protected":false},"featured_media":26285,"comment_status":"closed","ping_status":"closed","template":"","meta":[],"product_cat":[2646,1654],"product_tag":[],"class_list":{"0":"post-26290","1":"product","2":"type-product","3":"status-publish","4":"has-post-thumbnail","6":"product_cat-naujienos","7":"product_cat-shower-products","8":"pa_barkodas-3124","9":"pa_garantija-191","10":"pa_padengimas-galvaninis","11":"pa_paskirtis-duso-galvuciu-laikikliai","13":"first","14":"instock","15":"shipping-taxable","16":"purchasable","17":"product-type-simple"},"yoast_head":"<!-- This site is optimized with the Yoast SEO plugin v23.9 - https:\/\/yoast.com\/wordpress\/plugins\/seo\/ -->\n<title>Rokas du\u0161as tur\u0113t\u0101js Spark (BK) | RUBINETA<\/title>\n<meta name=\"robots\" content=\"index, follow, max-snippet:-1, max-image-preview:large, max-video-preview:-1\" \/>\n<link rel=\"canonical\" href=\"https:\/\/rubineta.com\/catalogue\/shower-products\/duso-galvutes-laikiklis-spark-bk\/\" \/>\n<meta name=\"twitter:label1\" content=\"Est. reading time\" \/>\n\t<meta name=\"twitter:data1\" content=\"1 minute\" \/>\n<script type=\"application\/ld+json\" class=\"yoast-schema-graph\">{\"@context\":\"https:\/\/schema.org\",\"@graph\":[{\"@type\":\"WebPage\",\"@id\":\"https:\/\/rubineta.com\/catalogue\/shower-products\/duso-galvutes-laikiklis-spark-bk\/\",\"url\":\"https:\/\/rubineta.com\/catalogue\/shower-products\/duso-galvutes-laikiklis-spark-bk\/\",\"name\":\"[:lt]Du\u0161o galvut\u0117s laikiklis Spark (BK)[:en]Handshower holder Spark (BK)[:ru]\u0414\u0435\u0440\u0436\u0430\u0442\u0435\u043b\u044c \u0434\u0443\u0448\u0435\u0432\u043e\u0439 \u043b\u0435\u0439\u043a\u0438 Spark (BK)[:lv]Rokas du\u0161as tur\u0113t\u0101js Spark (BK)[:] | RUBINETA\",\"isPartOf\":{\"@id\":\"https:\/\/rubineta.com\/#website\"},\"primaryImageOfPage\":{\"@id\":\"https:\/\/rubineta.com\/catalogue\/shower-products\/duso-galvutes-laikiklis-spark-bk\/#primaryimage\"},\"image\":{\"@id\":\"https:\/\/rubineta.com\/catalogue\/shower-products\/duso-galvutes-laikiklis-spark-bk\/#primaryimage\"},\"thumbnailUrl\":\"https:\/\/rubineta.com\/wp-content\/uploads\/2024\/09\/623024B_Spark_BK-1-scaled.jpg\",\"datePublished\":\"2024-09-18T10:19:11+00:00\",\"dateModified\":\"2024-09-18T10:55:49+00:00\",\"breadcrumb\":{\"@id\":\"https:\/\/rubineta.com\/catalogue\/shower-products\/duso-galvutes-laikiklis-spark-bk\/#breadcrumb\"},\"inLanguage\":\"lv-LV\",\"potentialAction\":[{\"@type\":\"ReadAction\",\"target\":[\"https:\/\/rubineta.com\/catalogue\/shower-products\/duso-galvutes-laikiklis-spark-bk\/\"]}]},{\"@type\":\"ImageObject\",\"inLanguage\":\"lv-LV\",\"@id\":\"https:\/\/rubineta.com\/catalogue\/shower-products\/duso-galvutes-laikiklis-spark-bk\/#primaryimage\",\"url\":\"https:\/\/rubineta.com\/wp-content\/uploads\/2024\/09\/623024B_Spark_BK-1-scaled.jpg\",\"contentUrl\":\"https:\/\/rubineta.com\/wp-content\/uploads\/2024\/09\/623024B_Spark_BK-1-scaled.jpg\",\"width\":2560,\"height\":2337},{\"@type\":\"BreadcrumbList\",\"@id\":\"https:\/\/rubineta.com\/catalogue\/shower-products\/duso-galvutes-laikiklis-spark-bk\/#breadcrumb\",\"itemListElement\":[{\"@type\":\"ListItem\",\"position\":1,\"name\":\"Home\",\"item\":\"https:\/\/rubineta.com\/lv\/\"},{\"@type\":\"ListItem\",\"position\":2,\"name\":\"Katalogs\",\"item\":\"https:\/\/rubineta.com\/lv\/catalogue\/\"},{\"@type\":\"ListItem\",\"position\":3,\"name\":\"Du\u0161o galvut\u0117s laikiklis Spark (BK)\"}]},{\"@type\":\"WebSite\",\"@id\":\"https:\/\/rubineta.com\/#website\",\"url\":\"https:\/\/rubineta.com\/\",\"name\":\"Rubineta - Quality And Reliable Sanitary Fittings\",\"description\":\"High Quality And Reliable Faucets\",\"publisher\":{\"@id\":\"https:\/\/rubineta.com\/#organization\"},\"potentialAction\":[{\"@type\":\"SearchAction\",\"target\":{\"@type\":\"EntryPoint\",\"urlTemplate\":\"https:\/\/rubineta.com\/?s={search_term_string}\"},\"query-input\":{\"@type\":\"PropertyValueSpecification\",\"valueRequired\":true,\"valueName\":\"search_term_string\"}}],\"inLanguage\":\"lv-LV\"},{\"@type\":\"Organization\",\"@id\":\"https:\/\/rubineta.com\/#organization\",\"name\":\"RUBINETA\",\"url\":\"https:\/\/rubineta.com\/\",\"logo\":{\"@type\":\"ImageObject\",\"inLanguage\":\"lv-LV\",\"@id\":\"https:\/\/rubineta.com\/#\/schema\/logo\/image\/\",\"url\":\"https:\/\/rubineta.com\/wp-content\/uploads\/2020\/07\/RUBINETA-logo.jpg\",\"contentUrl\":\"https:\/\/rubineta.com\/wp-content\/uploads\/2020\/07\/RUBINETA-logo.jpg\",\"width\":825,\"height\":456,\"caption\":\"RUBINETA\"},\"image\":{\"@id\":\"https:\/\/rubineta.com\/#\/schema\/logo\/image\/\"}}]}<\/script>\n<!-- \/ Yoast SEO plugin. -->","yoast_head_json":{"title":"[:lt]Du\u0161o galvut\u0117s laikiklis Spark (BK)[:en]Handshower holder Spark (BK)[:ru]\u0414\u0435\u0440\u0436\u0430\u0442\u0435\u043b\u044c \u0434\u0443\u0448\u0435\u0432\u043e\u0439 \u043b\u0435\u0439\u043a\u0438 Spark (BK)[:lv]Rokas du\u0161as tur\u0113t\u0101js Spark (BK)[:] | RUBINETA","robots":{"index":"index","follow":"follow","max-snippet":"max-snippet:-1","max-image-preview":"max-image-preview:large","max-video-preview":"max-video-preview:-1"},"canonical":"https:\/\/rubineta.com\/catalogue\/shower-products\/duso-galvutes-laikiklis-spark-bk\/","twitter_misc":{"Est. reading time":"1 minute"},"schema":{"@context":"https:\/\/schema.org","@graph":[{"@type":"WebPage","@id":"https:\/\/rubineta.com\/catalogue\/shower-products\/duso-galvutes-laikiklis-spark-bk\/","url":"https:\/\/rubineta.com\/catalogue\/shower-products\/duso-galvutes-laikiklis-spark-bk\/","name":"[:lt]Du\u0161o galvut\u0117s laikiklis Spark (BK)[:en]Handshower holder Spark (BK)[:ru]\u0414\u0435\u0440\u0436\u0430\u0442\u0435\u043b\u044c \u0434\u0443\u0448\u0435\u0432\u043e\u0439 \u043b\u0435\u0439\u043a\u0438 Spark (BK)[:lv]Rokas du\u0161as tur\u0113t\u0101js Spark (BK)[:] | RUBINETA","isPartOf":{"@id":"https:\/\/rubineta.com\/#website"},"primaryImageOfPage":{"@id":"https:\/\/rubineta.com\/catalogue\/shower-products\/duso-galvutes-laikiklis-spark-bk\/#primaryimage"},"image":{"@id":"https:\/\/rubineta.com\/catalogue\/shower-products\/duso-galvutes-laikiklis-spark-bk\/#primaryimage"},"thumbnailUrl":"https:\/\/rubineta.com\/wp-content\/uploads\/2024\/09\/623024B_Spark_BK-1-scaled.jpg","datePublished":"2024-09-18T10:19:11+00:00","dateModified":"2024-09-18T10:55:49+00:00","breadcrumb":{"@id":"https:\/\/rubineta.com\/catalogue\/shower-products\/duso-galvutes-laikiklis-spark-bk\/#breadcrumb"},"inLanguage":"lv-LV","potentialAction":[{"@type":"ReadAction","target":["https:\/\/rubineta.com\/catalogue\/shower-products\/duso-galvutes-laikiklis-spark-bk\/"]}]},{"@type":"ImageObject","inLanguage":"lv-LV","@id":"https:\/\/rubineta.com\/catalogue\/shower-products\/duso-galvutes-laikiklis-spark-bk\/#primaryimage","url":"https:\/\/rubineta.com\/wp-content\/uploads\/2024\/09\/623024B_Spark_BK-1-scaled.jpg","contentUrl":"https:\/\/rubineta.com\/wp-content\/uploads\/2024\/09\/623024B_Spark_BK-1-scaled.jpg","width":2560,"height":2337},{"@type":"BreadcrumbList","@id":"https:\/\/rubineta.com\/catalogue\/shower-products\/duso-galvutes-laikiklis-spark-bk\/#breadcrumb","itemListElement":[{"@type":"ListItem","position":1,"name":"Home","item":"https:\/\/rubineta.com\/lv\/"},{"@type":"ListItem","position":2,"name":"Katalogs","item":"https:\/\/rubineta.com\/lv\/catalogue\/"},{"@type":"ListItem","position":3,"name":"Du\u0161o galvut\u0117s laikiklis Spark (BK)"}]},{"@type":"WebSite","@id":"https:\/\/rubineta.com\/#website","url":"https:\/\/rubineta.com\/","name":"Rubineta - Quality And Reliable Sanitary Fittings","description":"High Quality And Reliable Faucets","publisher":{"@id":"https:\/\/rubineta.com\/#organization"},"potentialAction":[{"@type":"SearchAction","target":{"@type":"EntryPoint","urlTemplate":"https:\/\/rubineta.com\/?s={search_term_string}"},"query-input":{"@type":"PropertyValueSpecification","valueRequired":true,"valueName":"search_term_string"}}],"inLanguage":"lv-LV"},{"@type":"Organization","@id":"https:\/\/rubineta.com\/#organization","name":"RUBINETA","url":"https:\/\/rubineta.com\/","logo":{"@type":"ImageObject","inLanguage":"lv-LV","@id":"https:\/\/rubineta.com\/#\/schema\/logo\/image\/","url":"https:\/\/rubineta.com\/wp-content\/uploads\/2020\/07\/RUBINETA-logo.jpg","contentUrl":"https:\/\/rubineta.com\/wp-content\/uploads\/2020\/07\/RUBINETA-logo.jpg","width":825,"height":456,"caption":"RUBINETA"},"image":{"@id":"https:\/\/rubineta.com\/#\/schema\/logo\/image\/"}}]}},"_links":{"self":[{"href":"https:\/\/rubineta.com\/lv\/wp-json\/wp\/v2\/product\/26290","targetHints":{"allow":["GET"]}}],"collection":[{"href":"https:\/\/rubineta.com\/lv\/wp-json\/wp\/v2\/product"}],"about":[{"href":"https:\/\/rubineta.com\/lv\/wp-json\/wp\/v2\/types\/product"}],"replies":[{"embeddable":true,"href":"https:\/\/rubineta.com\/lv\/wp-json\/wp\/v2\/comments?post=26290"}],"wp:featuredmedia":[{"embeddable":true,"href":"https:\/\/rubineta.com\/lv\/wp-json\/wp\/v2\/media\/26285"}],"wp:attachment":[{"href":"https:\/\/rubineta.com\/lv\/wp-json\/wp\/v2\/media?parent=26290"}],"wp:term":[{"taxonomy":"product_cat","embeddable":true,"href":"https:\/\/rubineta.com\/lv\/wp-json\/wp\/v2\/product_cat?post=26290"},{"taxonomy":"product_tag","embeddable":true,"href":"https:\/\/rubineta.com\/lv\/wp-json\/wp\/v2\/product_tag?post=26290"}],"curies":[{"name":"wp","href":"https:\/\/api.w.org\/{rel}","templated":true}]}}