{"id":27198,"date":"2025-08-05T04:15:05","date_gmt":"2025-08-05T06:15:05","guid":{"rendered":"https:\/\/rubineta.com\/?post_type=product&#038;p=27198"},"modified":"2026-03-05T12:20:47","modified_gmt":"2026-03-05T14:20:47","slug":"ultra-10-k-sw-gd","status":"publish","type":"product","link":"https:\/\/rubineta.com\/lv\/catalogue\/maisytuvai\/ultra-10-k-sw-gd\/","title":{"rendered":"ULTRA-10\/K (SW) (GD)"},"content":{"rendered":"","protected":false},"excerpt":{"rendered":"<p>Inovat\u012bvs kompakts jauc\u0113jkr\u0101na dizains &#8211; sl\u0113pts kn\u0101bis!<\/p>\n<p>Kn\u0101bis darbojas k\u0101 novirz\u012bt\u0101js: pagrie\u017eot kn\u0101bi, \u016bdens var pl\u016bst caur du\u0161as galvu vai jauc\u0113jkr\u0101na kn\u0101bi;<\/p>\n<p>Jauc\u0113jkr\u0101nu var izmantot ne tikai du\u0161\u0101, bet ar\u012b vannas istab\u0101.<\/p>\n<p>RubiBrass<strong>\u00a0\u2013 \u012bpa\u0161a sast\u0101va misi\u0146a sakaus\u0113jums. \u0160aj\u0101 ilgtsp\u0113j\u012bgaj\u0101 un cilv\u0113ka vesel\u012bbai nekait\u012bgaj\u0101 sakaus\u0113jum\u0101 ir maksim\u0101li samazin\u0101ts svina un citu materi\u0101lu, kuri var rea\u0123\u0113t ar dzeramo \u016bdeni, daudzums.<\/strong><\/p>\n<p><strong>K\u0101rtrid\u017es\u00a0<\/strong>CITEC Rubineta<strong>\u00a0(Sp\u0101nija). Uzticams un kalpos ilgi. K\u0101rtrid\u017ea standarts \u2013 35 mm.<\/strong><\/p>\n<p>Neoperl<strong>\u00a0aerators: zems trok\u0161\u0146a l\u012bmenis, ilg\u0101ks kalpo\u0161anas laiks, nevainojama \u016bdens pl\u016bsmas kvalit\u0101te, uzlabota aizsardz\u012bba pret ka\u013c\u0137akmeni.\u00a0<\/strong>Neoperl<strong>\u00a0ir pasaul\u0113 vado\u0161ais aeratoru ra\u017eot\u0101js no V\u0101cijas.<\/strong><\/p>\n<p><strong>Katrs jauc\u0113jkr\u0101ns r\u016bpn\u012bc\u0101 papildus tiek test\u0113ts ar\u012b manu\u0101li.<\/strong><\/p>\n<p><strong>Garantija: 5 gadi korpusa herm\u0113tiskumam; 5 gadi keramikas kasetnei; 24 m\u0113ne\u0161i komponentiem (du\u0161as galva, du\u0161as \u0161\u013c\u016btene).<\/strong><\/p>\n","protected":false},"featured_media":27200,"comment_status":"closed","ping_status":"closed","template":"","meta":[],"product_cat":[2646,151],"product_tag":[2561,1653,1630],"class_list":{"0":"post-27198","1":"product","2":"type-product","3":"status-publish","4":"has-post-thumbnail","6":"product_cat-naujienos","7":"product_cat-maisytuvai","8":"product_tag-citec_35","9":"product_tag-neoperl-honeycomb","10":"product_tag-rubi_brass","11":"pa_garantija-167","12":"pa_padengimas-pvd","13":"pa_pajungimas-1-2","14":"pa_paskirtis-vonios-maisytuvai","15":"pa_serija-ultra","16":"pa_spalva-auksine","18":"first","19":"instock","20":"shipping-taxable","21":"purchasable","22":"product-type-simple"},"yoast_head":"<!-- This site is optimized with the Yoast SEO plugin v23.9 - https:\/\/yoast.com\/wordpress\/plugins\/seo\/ -->\n<title>ULTRA-10\/K (SW) (GD) | RUBINETA<\/title>\n<meta name=\"robots\" content=\"index, follow, max-snippet:-1, max-image-preview:large, max-video-preview:-1\" \/>\n<link rel=\"canonical\" href=\"https:\/\/rubineta.com\/catalogue\/maisytuvai\/ultra-10-k-sw-gd\/\" \/>\n<meta name=\"twitter:label1\" content=\"Est. reading time\" \/>\n\t<meta name=\"twitter:data1\" content=\"1 minute\" \/>\n<script type=\"application\/ld+json\" class=\"yoast-schema-graph\">{\"@context\":\"https:\/\/schema.org\",\"@graph\":[{\"@type\":\"WebPage\",\"@id\":\"https:\/\/rubineta.com\/catalogue\/maisytuvai\/ultra-10-k-sw-gd\/\",\"url\":\"https:\/\/rubineta.com\/catalogue\/maisytuvai\/ultra-10-k-sw-gd\/\",\"name\":\"ULTRA-10\/K (SW) (GD) | RUBINETA\",\"isPartOf\":{\"@id\":\"https:\/\/rubineta.com\/#website\"},\"primaryImageOfPage\":{\"@id\":\"https:\/\/rubineta.com\/catalogue\/maisytuvai\/ultra-10-k-sw-gd\/#primaryimage\"},\"image\":{\"@id\":\"https:\/\/rubineta.com\/catalogue\/maisytuvai\/ultra-10-k-sw-gd\/#primaryimage\"},\"thumbnailUrl\":\"https:\/\/rubineta.com\/wp-content\/uploads\/2025\/08\/4772034014617_U1KPGD8_Olo-Ultra-10_SW_GD_open_K-scaled.jpg\",\"datePublished\":\"2025-08-05T06:15:05+00:00\",\"dateModified\":\"2026-03-05T14:20:47+00:00\",\"breadcrumb\":{\"@id\":\"https:\/\/rubineta.com\/catalogue\/maisytuvai\/ultra-10-k-sw-gd\/#breadcrumb\"},\"inLanguage\":\"lv-LV\",\"potentialAction\":[{\"@type\":\"ReadAction\",\"target\":[\"https:\/\/rubineta.com\/catalogue\/maisytuvai\/ultra-10-k-sw-gd\/\"]}]},{\"@type\":\"ImageObject\",\"inLanguage\":\"lv-LV\",\"@id\":\"https:\/\/rubineta.com\/catalogue\/maisytuvai\/ultra-10-k-sw-gd\/#primaryimage\",\"url\":\"https:\/\/rubineta.com\/wp-content\/uploads\/2025\/08\/4772034014617_U1KPGD8_Olo-Ultra-10_SW_GD_open_K-scaled.jpg\",\"contentUrl\":\"https:\/\/rubineta.com\/wp-content\/uploads\/2025\/08\/4772034014617_U1KPGD8_Olo-Ultra-10_SW_GD_open_K-scaled.jpg\",\"width\":2560,\"height\":2036},{\"@type\":\"BreadcrumbList\",\"@id\":\"https:\/\/rubineta.com\/catalogue\/maisytuvai\/ultra-10-k-sw-gd\/#breadcrumb\",\"itemListElement\":[{\"@type\":\"ListItem\",\"position\":1,\"name\":\"Home\",\"item\":\"https:\/\/rubineta.com\/lv\/\"},{\"@type\":\"ListItem\",\"position\":2,\"name\":\"Katalogs\",\"item\":\"https:\/\/rubineta.com\/lv\/catalogue\/\"},{\"@type\":\"ListItem\",\"position\":3,\"name\":\"ULTRA-10\/K (SW) (GD)\"}]},{\"@type\":\"WebSite\",\"@id\":\"https:\/\/rubineta.com\/#website\",\"url\":\"https:\/\/rubineta.com\/\",\"name\":\"Rubineta - Quality And Reliable Sanitary Fittings\",\"description\":\"High Quality And Reliable Faucets\",\"publisher\":{\"@id\":\"https:\/\/rubineta.com\/#organization\"},\"potentialAction\":[{\"@type\":\"SearchAction\",\"target\":{\"@type\":\"EntryPoint\",\"urlTemplate\":\"https:\/\/rubineta.com\/?s={search_term_string}\"},\"query-input\":{\"@type\":\"PropertyValueSpecification\",\"valueRequired\":true,\"valueName\":\"search_term_string\"}}],\"inLanguage\":\"lv-LV\"},{\"@type\":\"Organization\",\"@id\":\"https:\/\/rubineta.com\/#organization\",\"name\":\"RUBINETA\",\"url\":\"https:\/\/rubineta.com\/\",\"logo\":{\"@type\":\"ImageObject\",\"inLanguage\":\"lv-LV\",\"@id\":\"https:\/\/rubineta.com\/#\/schema\/logo\/image\/\",\"url\":\"https:\/\/rubineta.com\/wp-content\/uploads\/2020\/07\/RUBINETA-logo.jpg\",\"contentUrl\":\"https:\/\/rubineta.com\/wp-content\/uploads\/2020\/07\/RUBINETA-logo.jpg\",\"width\":825,\"height\":456,\"caption\":\"RUBINETA\"},\"image\":{\"@id\":\"https:\/\/rubineta.com\/#\/schema\/logo\/image\/\"}}]}<\/script>\n<!-- \/ Yoast SEO plugin. -->","yoast_head_json":{"title":"ULTRA-10\/K (SW) (GD) | RUBINETA","robots":{"index":"index","follow":"follow","max-snippet":"max-snippet:-1","max-image-preview":"max-image-preview:large","max-video-preview":"max-video-preview:-1"},"canonical":"https:\/\/rubineta.com\/catalogue\/maisytuvai\/ultra-10-k-sw-gd\/","twitter_misc":{"Est. reading time":"1 minute"},"schema":{"@context":"https:\/\/schema.org","@graph":[{"@type":"WebPage","@id":"https:\/\/rubineta.com\/catalogue\/maisytuvai\/ultra-10-k-sw-gd\/","url":"https:\/\/rubineta.com\/catalogue\/maisytuvai\/ultra-10-k-sw-gd\/","name":"ULTRA-10\/K (SW) (GD) | RUBINETA","isPartOf":{"@id":"https:\/\/rubineta.com\/#website"},"primaryImageOfPage":{"@id":"https:\/\/rubineta.com\/catalogue\/maisytuvai\/ultra-10-k-sw-gd\/#primaryimage"},"image":{"@id":"https:\/\/rubineta.com\/catalogue\/maisytuvai\/ultra-10-k-sw-gd\/#primaryimage"},"thumbnailUrl":"https:\/\/rubineta.com\/wp-content\/uploads\/2025\/08\/4772034014617_U1KPGD8_Olo-Ultra-10_SW_GD_open_K-scaled.jpg","datePublished":"2025-08-05T06:15:05+00:00","dateModified":"2026-03-05T14:20:47+00:00","breadcrumb":{"@id":"https:\/\/rubineta.com\/catalogue\/maisytuvai\/ultra-10-k-sw-gd\/#breadcrumb"},"inLanguage":"lv-LV","potentialAction":[{"@type":"ReadAction","target":["https:\/\/rubineta.com\/catalogue\/maisytuvai\/ultra-10-k-sw-gd\/"]}]},{"@type":"ImageObject","inLanguage":"lv-LV","@id":"https:\/\/rubineta.com\/catalogue\/maisytuvai\/ultra-10-k-sw-gd\/#primaryimage","url":"https:\/\/rubineta.com\/wp-content\/uploads\/2025\/08\/4772034014617_U1KPGD8_Olo-Ultra-10_SW_GD_open_K-scaled.jpg","contentUrl":"https:\/\/rubineta.com\/wp-content\/uploads\/2025\/08\/4772034014617_U1KPGD8_Olo-Ultra-10_SW_GD_open_K-scaled.jpg","width":2560,"height":2036},{"@type":"BreadcrumbList","@id":"https:\/\/rubineta.com\/catalogue\/maisytuvai\/ultra-10-k-sw-gd\/#breadcrumb","itemListElement":[{"@type":"ListItem","position":1,"name":"Home","item":"https:\/\/rubineta.com\/lv\/"},{"@type":"ListItem","position":2,"name":"Katalogs","item":"https:\/\/rubineta.com\/lv\/catalogue\/"},{"@type":"ListItem","position":3,"name":"ULTRA-10\/K (SW) (GD)"}]},{"@type":"WebSite","@id":"https:\/\/rubineta.com\/#website","url":"https:\/\/rubineta.com\/","name":"Rubineta - Quality And Reliable Sanitary Fittings","description":"High Quality And Reliable Faucets","publisher":{"@id":"https:\/\/rubineta.com\/#organization"},"potentialAction":[{"@type":"SearchAction","target":{"@type":"EntryPoint","urlTemplate":"https:\/\/rubineta.com\/?s={search_term_string}"},"query-input":{"@type":"PropertyValueSpecification","valueRequired":true,"valueName":"search_term_string"}}],"inLanguage":"lv-LV"},{"@type":"Organization","@id":"https:\/\/rubineta.com\/#organization","name":"RUBINETA","url":"https:\/\/rubineta.com\/","logo":{"@type":"ImageObject","inLanguage":"lv-LV","@id":"https:\/\/rubineta.com\/#\/schema\/logo\/image\/","url":"https:\/\/rubineta.com\/wp-content\/uploads\/2020\/07\/RUBINETA-logo.jpg","contentUrl":"https:\/\/rubineta.com\/wp-content\/uploads\/2020\/07\/RUBINETA-logo.jpg","width":825,"height":456,"caption":"RUBINETA"},"image":{"@id":"https:\/\/rubineta.com\/#\/schema\/logo\/image\/"}}]}},"_links":{"self":[{"href":"https:\/\/rubineta.com\/lv\/wp-json\/wp\/v2\/product\/27198","targetHints":{"allow":["GET"]}}],"collection":[{"href":"https:\/\/rubineta.com\/lv\/wp-json\/wp\/v2\/product"}],"about":[{"href":"https:\/\/rubineta.com\/lv\/wp-json\/wp\/v2\/types\/product"}],"replies":[{"embeddable":true,"href":"https:\/\/rubineta.com\/lv\/wp-json\/wp\/v2\/comments?post=27198"}],"wp:featuredmedia":[{"embeddable":true,"href":"https:\/\/rubineta.com\/lv\/wp-json\/wp\/v2\/media\/27200"}],"wp:attachment":[{"href":"https:\/\/rubineta.com\/lv\/wp-json\/wp\/v2\/media?parent=27198"}],"wp:term":[{"taxonomy":"product_cat","embeddable":true,"href":"https:\/\/rubineta.com\/lv\/wp-json\/wp\/v2\/product_cat?post=27198"},{"taxonomy":"product_tag","embeddable":true,"href":"https:\/\/rubineta.com\/lv\/wp-json\/wp\/v2\/product_tag?post=27198"}],"curies":[{"name":"wp","href":"https:\/\/api.w.org\/{rel}","templated":true}]}}