{"id":27307,"date":"2025-11-14T08:30:40","date_gmt":"2025-11-14T10:30:40","guid":{"rendered":"https:\/\/rubineta.com\/?post_type=product&#038;p=27307"},"modified":"2026-01-21T12:16:30","modified_gmt":"2026-01-21T14:16:30","slug":"duso-sistema-olo-ultra-10-sw-graphite-dv34","status":"publish","type":"product","link":"https:\/\/rubineta.com\/lv\/catalogue\/shower-products\/duso-sistema-olo-ultra-10-sw-graphite-dv34\/","title":{"rendered":"Du\u0161as sist\u0113ma OLO+ULTRA-10 (SW) (Graphite) (DV3\/4)"},"content":{"rendered":"","protected":false},"excerpt":{"rendered":"<p>Du\u0161as komplekts Olo + Ultra-10 (SW) (Graphite) (DV3\/4) \u2013 komplekt\u0101 stienis un jauc\u0113jkr\u0101ns ar pagrie\u017eamu sn\u012bpi. Komplekts ne tikai stil\u012bgi izskat\u012bsies J\u016bsu vannas istab\u0101, bet ar\u012b lieliski veiks savas funkcijas.<\/p>\n<p>Ner\u016bs\u0113jo\u0161\u0101 t\u0113rauda lietus du\u0161as galva ar viegli t\u012br\u0101miem silikona caurumi\u0146iem. Notur\u012bga pret 5 bar spiedienu.<\/p>\n<p>Inovat\u012bvs kompakts jauc\u0113jkr\u0101na dizains &#8211; sl\u0113pts kn\u0101bis!<\/p>\n<p>Kn\u0101bis darbojas k\u0101 novirz\u012bt\u0101js: pagrie\u017eot kn\u0101bi, \u016bdens var pl\u016bst caur du\u0161as galvu vai jauc\u0113jkr\u0101na kn\u0101bi;<\/p>\n<p>Jauc\u0113jkr\u0101nu var izmantot ne tikai du\u0161\u0101, bet ar\u012b vannas istab\u0101.<\/p>\n<p>RubiBrass<strong>\u00a0\u2013 \u012bpa\u0161a sast\u0101va misi\u0146a sakaus\u0113jums. \u0160aj\u0101 ilgtsp\u0113j\u012bgaj\u0101 un cilv\u0113ka vesel\u012bbai nekait\u012bgaj\u0101 sakaus\u0113jum\u0101 ir maksim\u0101li samazin\u0101ts svina un citu materi\u0101lu, kuri var rea\u0123\u0113t ar dzeramo \u016bdeni, daudzums.<\/strong><\/p>\n<p><strong>K\u0101rtrid\u017es\u00a0<\/strong>CITEC Rubineta<strong>\u00a0(Sp\u0101nija). Uzticams un kalpos ilgi. K\u0101rtrid\u017ea standarts \u2013 35 mm.<\/strong><\/p>\n<p>Neoperl<strong>\u00a0aerators: zems trok\u0161\u0146a l\u012bmenis, ilg\u0101ks kalpo\u0161anas laiks, nevainojama \u016bdens pl\u016bsmas kvalit\u0101te, uzlabota aizsardz\u012bba pret ka\u013c\u0137akmeni.\u00a0<\/strong>Neoperl<strong>\u00a0ir pasaul\u0113 vado\u0161ais aeratoru ra\u017eot\u0101js no V\u0101cijas.<\/strong><\/p>\n<p><strong>Katrs jauc\u0113jkr\u0101ns r\u016bpn\u012bc\u0101 papildus tiek test\u0113ts ar\u012b manu\u0101li.<\/strong><\/p>\n<p><strong>Garantija: 5 gadi korpusa herm\u0113tiskumam; 5 gadi keramikas kasetnei; 24 m\u0113ne\u0161i komponentiem (du\u0161as galva, du\u0161as \u0161\u013c\u016btene).<\/strong><\/p>\n","protected":false},"featured_media":27297,"comment_status":"closed","ping_status":"closed","template":"","meta":[],"product_cat":[2646,1654],"product_tag":[],"class_list":{"0":"post-27307","1":"product","2":"type-product","3":"status-publish","4":"has-post-thumbnail","6":"product_cat-naujienos","7":"product_cat-shower-products","8":"pa_barkodas-3296","9":"pa_garantija-167","10":"pa_paskirtis-shower-systems","11":"pa_spalva-graphite","13":"first","14":"instock","15":"shipping-taxable","16":"purchasable","17":"product-type-simple"},"yoast_head":"<!-- This site is optimized with the Yoast SEO plugin v23.9 - https:\/\/yoast.com\/wordpress\/plugins\/seo\/ -->\n<title>Du\u0161as sist\u0113ma OLO+ULTRA-10 (SW) (Graphite) (DV3\/4) | RUBINETA<\/title>\n<meta name=\"description\" content=\"Rubineta d\u016b\u0161o galva, du\u0161o stovas, mai\u0161ytuvas juodos spalvos. Du\u0161o rinkinys Olo (BK) + Ultra-10 (SW) (DV3\/4) (BK)\" \/>\n<meta name=\"robots\" content=\"index, follow, max-snippet:-1, max-image-preview:large, max-video-preview:-1\" \/>\n<link rel=\"canonical\" href=\"https:\/\/rubineta.com\/catalogue\/shower-products\/duso-sistema-olo-ultra-10-sw-graphite-dv34\/\" \/>\n<meta name=\"twitter:label1\" content=\"Est. reading time\" \/>\n\t<meta name=\"twitter:data1\" content=\"1 minute\" \/>\n<script type=\"application\/ld+json\" class=\"yoast-schema-graph\">{\"@context\":\"https:\/\/schema.org\",\"@graph\":[{\"@type\":\"WebPage\",\"@id\":\"https:\/\/rubineta.com\/catalogue\/shower-products\/duso-sistema-olo-ultra-10-sw-graphite-dv34\/\",\"url\":\"https:\/\/rubineta.com\/catalogue\/shower-products\/duso-sistema-olo-ultra-10-sw-graphite-dv34\/\",\"name\":\"[:lt]Du\u0161o sistema OLO+ULTRA-10 (SW) (Graphite) (DV3\/4)[:en]Shower system OLO+ULTRA-10 (SW) (Graphite) (DV3\/4)[:ru]\u0414\u0443\u0448\u0435\u0432\u0430\u044f \u0441\u0438\u0441\u0442\u0435\u043c\u0430 OLO+ULTRA-10 (SW) (Graphite) (DV3\/4)[:lv]Du\u0161as sist\u0113ma OLO+ULTRA-10 (SW) (Graphite) (DV3\/4)[:] | RUBINETA\",\"isPartOf\":{\"@id\":\"https:\/\/rubineta.com\/#website\"},\"primaryImageOfPage\":{\"@id\":\"https:\/\/rubineta.com\/catalogue\/shower-products\/duso-sistema-olo-ultra-10-sw-graphite-dv34\/#primaryimage\"},\"image\":{\"@id\":\"https:\/\/rubineta.com\/catalogue\/shower-products\/duso-sistema-olo-ultra-10-sw-graphite-dv34\/#primaryimage\"},\"thumbnailUrl\":\"https:\/\/rubineta.com\/wp-content\/uploads\/2025\/11\/625151_OloUltra-10-SW-DV34_GP-scaled.jpg\",\"datePublished\":\"2025-11-14T10:30:40+00:00\",\"dateModified\":\"2026-01-21T14:16:30+00:00\",\"description\":\"Rubineta d\u016b\u0161o galva, du\u0161o stovas, mai\u0161ytuvas juodos spalvos. Du\u0161o rinkinys Olo (BK) + Ultra-10 (SW) (DV3\/4) (BK)\",\"breadcrumb\":{\"@id\":\"https:\/\/rubineta.com\/catalogue\/shower-products\/duso-sistema-olo-ultra-10-sw-graphite-dv34\/#breadcrumb\"},\"inLanguage\":\"lv-LV\",\"potentialAction\":[{\"@type\":\"ReadAction\",\"target\":[\"https:\/\/rubineta.com\/catalogue\/shower-products\/duso-sistema-olo-ultra-10-sw-graphite-dv34\/\"]}]},{\"@type\":\"ImageObject\",\"inLanguage\":\"lv-LV\",\"@id\":\"https:\/\/rubineta.com\/catalogue\/shower-products\/duso-sistema-olo-ultra-10-sw-graphite-dv34\/#primaryimage\",\"url\":\"https:\/\/rubineta.com\/wp-content\/uploads\/2025\/11\/625151_OloUltra-10-SW-DV34_GP-scaled.jpg\",\"contentUrl\":\"https:\/\/rubineta.com\/wp-content\/uploads\/2025\/11\/625151_OloUltra-10-SW-DV34_GP-scaled.jpg\",\"width\":817,\"height\":2560},{\"@type\":\"BreadcrumbList\",\"@id\":\"https:\/\/rubineta.com\/catalogue\/shower-products\/duso-sistema-olo-ultra-10-sw-graphite-dv34\/#breadcrumb\",\"itemListElement\":[{\"@type\":\"ListItem\",\"position\":1,\"name\":\"Home\",\"item\":\"https:\/\/rubineta.com\/lv\/\"},{\"@type\":\"ListItem\",\"position\":2,\"name\":\"Katalogs\",\"item\":\"https:\/\/rubineta.com\/lv\/catalogue\/\"},{\"@type\":\"ListItem\",\"position\":3,\"name\":\"Shower system OLO+ULTRA-10 (SW) (Graphite) (DV3\/4)\"}]},{\"@type\":\"WebSite\",\"@id\":\"https:\/\/rubineta.com\/#website\",\"url\":\"https:\/\/rubineta.com\/\",\"name\":\"Rubineta - Quality And Reliable Sanitary Fittings\",\"description\":\"High Quality And Reliable Faucets\",\"publisher\":{\"@id\":\"https:\/\/rubineta.com\/#organization\"},\"potentialAction\":[{\"@type\":\"SearchAction\",\"target\":{\"@type\":\"EntryPoint\",\"urlTemplate\":\"https:\/\/rubineta.com\/?s={search_term_string}\"},\"query-input\":{\"@type\":\"PropertyValueSpecification\",\"valueRequired\":true,\"valueName\":\"search_term_string\"}}],\"inLanguage\":\"lv-LV\"},{\"@type\":\"Organization\",\"@id\":\"https:\/\/rubineta.com\/#organization\",\"name\":\"RUBINETA\",\"url\":\"https:\/\/rubineta.com\/\",\"logo\":{\"@type\":\"ImageObject\",\"inLanguage\":\"lv-LV\",\"@id\":\"https:\/\/rubineta.com\/#\/schema\/logo\/image\/\",\"url\":\"https:\/\/rubineta.com\/wp-content\/uploads\/2020\/07\/RUBINETA-logo.jpg\",\"contentUrl\":\"https:\/\/rubineta.com\/wp-content\/uploads\/2020\/07\/RUBINETA-logo.jpg\",\"width\":825,\"height\":456,\"caption\":\"RUBINETA\"},\"image\":{\"@id\":\"https:\/\/rubineta.com\/#\/schema\/logo\/image\/\"}}]}<\/script>\n<!-- \/ Yoast SEO plugin. -->","yoast_head_json":{"title":"[:lt]Du\u0161o sistema OLO+ULTRA-10 (SW) (Graphite) (DV3\/4)[:en]Shower system OLO+ULTRA-10 (SW) (Graphite) (DV3\/4)[:ru]\u0414\u0443\u0448\u0435\u0432\u0430\u044f \u0441\u0438\u0441\u0442\u0435\u043c\u0430 OLO+ULTRA-10 (SW) (Graphite) (DV3\/4)[:lv]Du\u0161as sist\u0113ma OLO+ULTRA-10 (SW) (Graphite) (DV3\/4)[:] | RUBINETA","description":"Rubineta d\u016b\u0161o galva, du\u0161o stovas, mai\u0161ytuvas juodos spalvos. Du\u0161o rinkinys Olo (BK) + Ultra-10 (SW) (DV3\/4) (BK)","robots":{"index":"index","follow":"follow","max-snippet":"max-snippet:-1","max-image-preview":"max-image-preview:large","max-video-preview":"max-video-preview:-1"},"canonical":"https:\/\/rubineta.com\/catalogue\/shower-products\/duso-sistema-olo-ultra-10-sw-graphite-dv34\/","twitter_misc":{"Est. reading time":"1 minute"},"schema":{"@context":"https:\/\/schema.org","@graph":[{"@type":"WebPage","@id":"https:\/\/rubineta.com\/catalogue\/shower-products\/duso-sistema-olo-ultra-10-sw-graphite-dv34\/","url":"https:\/\/rubineta.com\/catalogue\/shower-products\/duso-sistema-olo-ultra-10-sw-graphite-dv34\/","name":"[:lt]Du\u0161o sistema OLO+ULTRA-10 (SW) (Graphite) (DV3\/4)[:en]Shower system OLO+ULTRA-10 (SW) (Graphite) (DV3\/4)[:ru]\u0414\u0443\u0448\u0435\u0432\u0430\u044f \u0441\u0438\u0441\u0442\u0435\u043c\u0430 OLO+ULTRA-10 (SW) (Graphite) (DV3\/4)[:lv]Du\u0161as sist\u0113ma OLO+ULTRA-10 (SW) (Graphite) (DV3\/4)[:] | RUBINETA","isPartOf":{"@id":"https:\/\/rubineta.com\/#website"},"primaryImageOfPage":{"@id":"https:\/\/rubineta.com\/catalogue\/shower-products\/duso-sistema-olo-ultra-10-sw-graphite-dv34\/#primaryimage"},"image":{"@id":"https:\/\/rubineta.com\/catalogue\/shower-products\/duso-sistema-olo-ultra-10-sw-graphite-dv34\/#primaryimage"},"thumbnailUrl":"https:\/\/rubineta.com\/wp-content\/uploads\/2025\/11\/625151_OloUltra-10-SW-DV34_GP-scaled.jpg","datePublished":"2025-11-14T10:30:40+00:00","dateModified":"2026-01-21T14:16:30+00:00","description":"Rubineta d\u016b\u0161o galva, du\u0161o stovas, mai\u0161ytuvas juodos spalvos. Du\u0161o rinkinys Olo (BK) + Ultra-10 (SW) (DV3\/4) (BK)","breadcrumb":{"@id":"https:\/\/rubineta.com\/catalogue\/shower-products\/duso-sistema-olo-ultra-10-sw-graphite-dv34\/#breadcrumb"},"inLanguage":"lv-LV","potentialAction":[{"@type":"ReadAction","target":["https:\/\/rubineta.com\/catalogue\/shower-products\/duso-sistema-olo-ultra-10-sw-graphite-dv34\/"]}]},{"@type":"ImageObject","inLanguage":"lv-LV","@id":"https:\/\/rubineta.com\/catalogue\/shower-products\/duso-sistema-olo-ultra-10-sw-graphite-dv34\/#primaryimage","url":"https:\/\/rubineta.com\/wp-content\/uploads\/2025\/11\/625151_OloUltra-10-SW-DV34_GP-scaled.jpg","contentUrl":"https:\/\/rubineta.com\/wp-content\/uploads\/2025\/11\/625151_OloUltra-10-SW-DV34_GP-scaled.jpg","width":817,"height":2560},{"@type":"BreadcrumbList","@id":"https:\/\/rubineta.com\/catalogue\/shower-products\/duso-sistema-olo-ultra-10-sw-graphite-dv34\/#breadcrumb","itemListElement":[{"@type":"ListItem","position":1,"name":"Home","item":"https:\/\/rubineta.com\/lv\/"},{"@type":"ListItem","position":2,"name":"Katalogs","item":"https:\/\/rubineta.com\/lv\/catalogue\/"},{"@type":"ListItem","position":3,"name":"Shower system OLO+ULTRA-10 (SW) (Graphite) (DV3\/4)"}]},{"@type":"WebSite","@id":"https:\/\/rubineta.com\/#website","url":"https:\/\/rubineta.com\/","name":"Rubineta - Quality And Reliable Sanitary Fittings","description":"High Quality And Reliable Faucets","publisher":{"@id":"https:\/\/rubineta.com\/#organization"},"potentialAction":[{"@type":"SearchAction","target":{"@type":"EntryPoint","urlTemplate":"https:\/\/rubineta.com\/?s={search_term_string}"},"query-input":{"@type":"PropertyValueSpecification","valueRequired":true,"valueName":"search_term_string"}}],"inLanguage":"lv-LV"},{"@type":"Organization","@id":"https:\/\/rubineta.com\/#organization","name":"RUBINETA","url":"https:\/\/rubineta.com\/","logo":{"@type":"ImageObject","inLanguage":"lv-LV","@id":"https:\/\/rubineta.com\/#\/schema\/logo\/image\/","url":"https:\/\/rubineta.com\/wp-content\/uploads\/2020\/07\/RUBINETA-logo.jpg","contentUrl":"https:\/\/rubineta.com\/wp-content\/uploads\/2020\/07\/RUBINETA-logo.jpg","width":825,"height":456,"caption":"RUBINETA"},"image":{"@id":"https:\/\/rubineta.com\/#\/schema\/logo\/image\/"}}]}},"_links":{"self":[{"href":"https:\/\/rubineta.com\/lv\/wp-json\/wp\/v2\/product\/27307","targetHints":{"allow":["GET"]}}],"collection":[{"href":"https:\/\/rubineta.com\/lv\/wp-json\/wp\/v2\/product"}],"about":[{"href":"https:\/\/rubineta.com\/lv\/wp-json\/wp\/v2\/types\/product"}],"replies":[{"embeddable":true,"href":"https:\/\/rubineta.com\/lv\/wp-json\/wp\/v2\/comments?post=27307"}],"wp:featuredmedia":[{"embeddable":true,"href":"https:\/\/rubineta.com\/lv\/wp-json\/wp\/v2\/media\/27297"}],"wp:attachment":[{"href":"https:\/\/rubineta.com\/lv\/wp-json\/wp\/v2\/media?parent=27307"}],"wp:term":[{"taxonomy":"product_cat","embeddable":true,"href":"https:\/\/rubineta.com\/lv\/wp-json\/wp\/v2\/product_cat?post=27307"},{"taxonomy":"product_tag","embeddable":true,"href":"https:\/\/rubineta.com\/lv\/wp-json\/wp\/v2\/product_tag?post=27307"}],"curies":[{"name":"wp","href":"https:\/\/api.w.org\/{rel}","templated":true}]}}