{"id":27320,"date":"2025-11-17T12:25:41","date_gmt":"2025-11-17T14:25:41","guid":{"rendered":"https:\/\/rubineta.com\/?post_type=product&#038;p=27320"},"modified":"2025-11-17T12:31:31","modified_gmt":"2025-11-17T14:31:31","slug":"silverflow-shelf","status":"publish","type":"product","link":"https:\/\/rubineta.com\/lv\/catalogue\/shower-products\/silverflow-shelf\/","title":{"rendered":"Silverflow ar plauktu"},"content":{"rendered":"","protected":false},"excerpt":{"rendered":"<p class=\"qtranxs-available-languages-message qtranxs-available-languages-message-lv\"> Diem\u017e\u0113l \u0161\u012b lapa ir pieejama tikai <a href=\"https:\/\/rubineta.com\/lt\/wp-json\/wp\/v2\/product\/27320\" class=\"qtranxs-available-language-link qtranxs-available-language-link-lt\" title=\"Lietuvi\u0173\">Lietuvi\u0173<\/a>, <a href=\"https:\/\/rubineta.com\/en\/wp-json\/wp\/v2\/product\/27320\" class=\"qtranxs-available-language-link qtranxs-available-language-link-en\" title=\"English\">English<\/a> un <a href=\"https:\/\/rubineta.com\/ru\/wp-json\/wp\/v2\/product\/27320\" class=\"qtranxs-available-language-link qtranxs-available-language-link-ru\" title=\"\u0420\u0443\u0441\u0441\u043a\u0438\u0439\">\u0420\u0443\u0441\u0441\u043a\u0438\u0439<\/a>. For the sake of viewer convenience, the content is shown below in this site default language. You may click one of the links to switch the site language to another available language.<\/p>\n<p>Du\u0161o kolona SILVERFLOW su lentyn\u0117le. Rinkinyje: ner\u016bdijan\u010dio plieno du\u0161o kolona SILVERFLOW; du\u0161o galvut\u0117 LUMA (\u00d8116 mm, 3 funkcijos); du\u0161o galva SILVERFLOW (\u00d8224 mm); 150 cm ir 80 cm ner\u016bdijan\u010dio plieno du\u0161o \u017earnos; keramikinis divertorius, lentyn\u0117l\u0117.<\/p>\n","protected":false},"featured_media":27319,"comment_status":"closed","ping_status":"closed","template":"","meta":[],"product_cat":[1654],"product_tag":[],"class_list":{"0":"post-27320","1":"product","2":"type-product","3":"status-publish","4":"has-post-thumbnail","6":"product_cat-shower-products","7":"pa_barkodas-3299","8":"pa_garantija-191","9":"pa_padengimas-chrome-plated","10":"pa_paskirtis-shower-columns-and-sliding-bars","12":"first","13":"instock","14":"shipping-taxable","15":"purchasable","16":"product-type-simple"},"yoast_head":"<!-- This site is optimized with the Yoast SEO plugin v23.9 - https:\/\/yoast.com\/wordpress\/plugins\/seo\/ -->\n<title>Silverflow ar plauktu | RUBINETA<\/title>\n<meta name=\"robots\" content=\"index, follow, max-snippet:-1, max-image-preview:large, max-video-preview:-1\" \/>\n<link rel=\"canonical\" href=\"https:\/\/rubineta.com\/catalogue\/shower-products\/silverflow-shelf\/\" \/>\n<meta name=\"twitter:label1\" content=\"Est. reading time\" \/>\n\t<meta name=\"twitter:data1\" content=\"1 minute\" \/>\n<script type=\"application\/ld+json\" class=\"yoast-schema-graph\">{\"@context\":\"https:\/\/schema.org\",\"@graph\":[{\"@type\":\"WebPage\",\"@id\":\"https:\/\/rubineta.com\/catalogue\/shower-products\/silverflow-shelf\/\",\"url\":\"https:\/\/rubineta.com\/catalogue\/shower-products\/silverflow-shelf\/\",\"name\":\"[:lt]Du\u0161o kolona Silverflow su lentyn\u0117le[:en]Shower column Silverflow with shelf[:ru]\u0414\u0443\u0448\u0435\u0432\u0430\u044f \u043a\u043e\u043b\u043e\u043d\u043d\u0430 Silverflow \u0441 \u043f\u043e\u043b\u043e\u0447\u043a\u043e\u0439[:lv]Silverflow ar plauktu[:] | RUBINETA\",\"isPartOf\":{\"@id\":\"https:\/\/rubineta.com\/#website\"},\"primaryImageOfPage\":{\"@id\":\"https:\/\/rubineta.com\/catalogue\/shower-products\/silverflow-shelf\/#primaryimage\"},\"image\":{\"@id\":\"https:\/\/rubineta.com\/catalogue\/shower-products\/silverflow-shelf\/#primaryimage\"},\"thumbnailUrl\":\"https:\/\/rubineta.com\/wp-content\/uploads\/2025\/11\/624147_Silverflow_shelve-scaled.jpg\",\"datePublished\":\"2025-11-17T14:25:41+00:00\",\"dateModified\":\"2025-11-17T14:31:31+00:00\",\"breadcrumb\":{\"@id\":\"https:\/\/rubineta.com\/catalogue\/shower-products\/silverflow-shelf\/#breadcrumb\"},\"inLanguage\":\"lv-LV\",\"potentialAction\":[{\"@type\":\"ReadAction\",\"target\":[\"https:\/\/rubineta.com\/catalogue\/shower-products\/silverflow-shelf\/\"]}]},{\"@type\":\"ImageObject\",\"inLanguage\":\"lv-LV\",\"@id\":\"https:\/\/rubineta.com\/catalogue\/shower-products\/silverflow-shelf\/#primaryimage\",\"url\":\"https:\/\/rubineta.com\/wp-content\/uploads\/2025\/11\/624147_Silverflow_shelve-scaled.jpg\",\"contentUrl\":\"https:\/\/rubineta.com\/wp-content\/uploads\/2025\/11\/624147_Silverflow_shelve-scaled.jpg\",\"width\":1257,\"height\":2560},{\"@type\":\"BreadcrumbList\",\"@id\":\"https:\/\/rubineta.com\/catalogue\/shower-products\/silverflow-shelf\/#breadcrumb\",\"itemListElement\":[{\"@type\":\"ListItem\",\"position\":1,\"name\":\"Home\",\"item\":\"https:\/\/rubineta.com\/lv\/\"},{\"@type\":\"ListItem\",\"position\":2,\"name\":\"Katalogs\",\"item\":\"https:\/\/rubineta.com\/lv\/catalogue\/\"},{\"@type\":\"ListItem\",\"position\":3,\"name\":\"Shower column Silverflow with shelf\"}]},{\"@type\":\"WebSite\",\"@id\":\"https:\/\/rubineta.com\/#website\",\"url\":\"https:\/\/rubineta.com\/\",\"name\":\"Rubineta - Quality And Reliable Sanitary Fittings\",\"description\":\"High Quality And Reliable Faucets\",\"publisher\":{\"@id\":\"https:\/\/rubineta.com\/#organization\"},\"potentialAction\":[{\"@type\":\"SearchAction\",\"target\":{\"@type\":\"EntryPoint\",\"urlTemplate\":\"https:\/\/rubineta.com\/?s={search_term_string}\"},\"query-input\":{\"@type\":\"PropertyValueSpecification\",\"valueRequired\":true,\"valueName\":\"search_term_string\"}}],\"inLanguage\":\"lv-LV\"},{\"@type\":\"Organization\",\"@id\":\"https:\/\/rubineta.com\/#organization\",\"name\":\"RUBINETA\",\"url\":\"https:\/\/rubineta.com\/\",\"logo\":{\"@type\":\"ImageObject\",\"inLanguage\":\"lv-LV\",\"@id\":\"https:\/\/rubineta.com\/#\/schema\/logo\/image\/\",\"url\":\"https:\/\/rubineta.com\/wp-content\/uploads\/2020\/07\/RUBINETA-logo.jpg\",\"contentUrl\":\"https:\/\/rubineta.com\/wp-content\/uploads\/2020\/07\/RUBINETA-logo.jpg\",\"width\":825,\"height\":456,\"caption\":\"RUBINETA\"},\"image\":{\"@id\":\"https:\/\/rubineta.com\/#\/schema\/logo\/image\/\"}}]}<\/script>\n<!-- \/ Yoast SEO plugin. -->","yoast_head_json":{"title":"[:lt]Du\u0161o kolona Silverflow su lentyn\u0117le[:en]Shower column Silverflow with shelf[:ru]\u0414\u0443\u0448\u0435\u0432\u0430\u044f \u043a\u043e\u043b\u043e\u043d\u043d\u0430 Silverflow \u0441 \u043f\u043e\u043b\u043e\u0447\u043a\u043e\u0439[:lv]Silverflow ar plauktu[:] | RUBINETA","robots":{"index":"index","follow":"follow","max-snippet":"max-snippet:-1","max-image-preview":"max-image-preview:large","max-video-preview":"max-video-preview:-1"},"canonical":"https:\/\/rubineta.com\/catalogue\/shower-products\/silverflow-shelf\/","twitter_misc":{"Est. reading time":"1 minute"},"schema":{"@context":"https:\/\/schema.org","@graph":[{"@type":"WebPage","@id":"https:\/\/rubineta.com\/catalogue\/shower-products\/silverflow-shelf\/","url":"https:\/\/rubineta.com\/catalogue\/shower-products\/silverflow-shelf\/","name":"[:lt]Du\u0161o kolona Silverflow su lentyn\u0117le[:en]Shower column Silverflow with shelf[:ru]\u0414\u0443\u0448\u0435\u0432\u0430\u044f \u043a\u043e\u043b\u043e\u043d\u043d\u0430 Silverflow \u0441 \u043f\u043e\u043b\u043e\u0447\u043a\u043e\u0439[:lv]Silverflow ar plauktu[:] | RUBINETA","isPartOf":{"@id":"https:\/\/rubineta.com\/#website"},"primaryImageOfPage":{"@id":"https:\/\/rubineta.com\/catalogue\/shower-products\/silverflow-shelf\/#primaryimage"},"image":{"@id":"https:\/\/rubineta.com\/catalogue\/shower-products\/silverflow-shelf\/#primaryimage"},"thumbnailUrl":"https:\/\/rubineta.com\/wp-content\/uploads\/2025\/11\/624147_Silverflow_shelve-scaled.jpg","datePublished":"2025-11-17T14:25:41+00:00","dateModified":"2025-11-17T14:31:31+00:00","breadcrumb":{"@id":"https:\/\/rubineta.com\/catalogue\/shower-products\/silverflow-shelf\/#breadcrumb"},"inLanguage":"lv-LV","potentialAction":[{"@type":"ReadAction","target":["https:\/\/rubineta.com\/catalogue\/shower-products\/silverflow-shelf\/"]}]},{"@type":"ImageObject","inLanguage":"lv-LV","@id":"https:\/\/rubineta.com\/catalogue\/shower-products\/silverflow-shelf\/#primaryimage","url":"https:\/\/rubineta.com\/wp-content\/uploads\/2025\/11\/624147_Silverflow_shelve-scaled.jpg","contentUrl":"https:\/\/rubineta.com\/wp-content\/uploads\/2025\/11\/624147_Silverflow_shelve-scaled.jpg","width":1257,"height":2560},{"@type":"BreadcrumbList","@id":"https:\/\/rubineta.com\/catalogue\/shower-products\/silverflow-shelf\/#breadcrumb","itemListElement":[{"@type":"ListItem","position":1,"name":"Home","item":"https:\/\/rubineta.com\/lv\/"},{"@type":"ListItem","position":2,"name":"Katalogs","item":"https:\/\/rubineta.com\/lv\/catalogue\/"},{"@type":"ListItem","position":3,"name":"Shower column Silverflow with shelf"}]},{"@type":"WebSite","@id":"https:\/\/rubineta.com\/#website","url":"https:\/\/rubineta.com\/","name":"Rubineta - Quality And Reliable Sanitary Fittings","description":"High Quality And Reliable Faucets","publisher":{"@id":"https:\/\/rubineta.com\/#organization"},"potentialAction":[{"@type":"SearchAction","target":{"@type":"EntryPoint","urlTemplate":"https:\/\/rubineta.com\/?s={search_term_string}"},"query-input":{"@type":"PropertyValueSpecification","valueRequired":true,"valueName":"search_term_string"}}],"inLanguage":"lv-LV"},{"@type":"Organization","@id":"https:\/\/rubineta.com\/#organization","name":"RUBINETA","url":"https:\/\/rubineta.com\/","logo":{"@type":"ImageObject","inLanguage":"lv-LV","@id":"https:\/\/rubineta.com\/#\/schema\/logo\/image\/","url":"https:\/\/rubineta.com\/wp-content\/uploads\/2020\/07\/RUBINETA-logo.jpg","contentUrl":"https:\/\/rubineta.com\/wp-content\/uploads\/2020\/07\/RUBINETA-logo.jpg","width":825,"height":456,"caption":"RUBINETA"},"image":{"@id":"https:\/\/rubineta.com\/#\/schema\/logo\/image\/"}}]}},"_links":{"self":[{"href":"https:\/\/rubineta.com\/lv\/wp-json\/wp\/v2\/product\/27320","targetHints":{"allow":["GET"]}}],"collection":[{"href":"https:\/\/rubineta.com\/lv\/wp-json\/wp\/v2\/product"}],"about":[{"href":"https:\/\/rubineta.com\/lv\/wp-json\/wp\/v2\/types\/product"}],"replies":[{"embeddable":true,"href":"https:\/\/rubineta.com\/lv\/wp-json\/wp\/v2\/comments?post=27320"}],"wp:featuredmedia":[{"embeddable":true,"href":"https:\/\/rubineta.com\/lv\/wp-json\/wp\/v2\/media\/27319"}],"wp:attachment":[{"href":"https:\/\/rubineta.com\/lv\/wp-json\/wp\/v2\/media?parent=27320"}],"wp:term":[{"taxonomy":"product_cat","embeddable":true,"href":"https:\/\/rubineta.com\/lv\/wp-json\/wp\/v2\/product_cat?post=27320"},{"taxonomy":"product_tag","embeddable":true,"href":"https:\/\/rubineta.com\/lv\/wp-json\/wp\/v2\/product_tag?post=27320"}],"curies":[{"name":"wp","href":"https:\/\/api.w.org\/{rel}","templated":true}]}}