{"id":27448,"date":"2026-02-18T05:05:20","date_gmt":"2026-02-18T07:05:20","guid":{"rendered":"https:\/\/rubineta.com\/?post_type=product&#038;p=27448"},"modified":"2026-02-18T06:42:21","modified_gmt":"2026-02-18T08:42:21","slug":"olosqthermo-2f","status":"publish","type":"product","link":"https:\/\/rubineta.com\/lv\/catalogue\/shower-products\/olosqthermo-2f\/","title":{"rendered":"OLO(SQ)+THERMO-2F"},"content":{"rendered":"","protected":false},"excerpt":{"rendered":"<p>Zemapmetuma sien\u0101 mont\u0113jams du\u0161as jauc\u0113jkr\u0101ns, nav vajadz\u012bga sare\u017e\u0123\u012bta uztur\u0113\u0161ana.<\/p>\n<p>Viegli vad\u0101ms ar tausti\u0146iem. Tikai vienu reizi nospie\u017eot tausti\u0146u varat izv\u0113l\u0113ties \u016bdens pl\u016bsmu no lietus du\u0161as, rokas du\u0161as vai jauc\u0113jkr\u0101na.<\/p>\n<p>\u016adens pl\u016bsma tiek regul\u0113ta, pagrie\u017eot \u0101r\u0113jo gredzenu.<\/p>\n<p>Unik\u0101l\u0101 autom\u0101tisk\u0101 temperat\u016bras uztur\u0113\u0161anas sist\u0113ma garant\u0113 past\u0101v\u012bgu, komfortablu un dro\u0161u du\u0161as \u016bdens temperat\u016bru neatkar\u012bgi no karst\u0101 vai aukst\u0101 \u016bdens sv\u0101rst\u012bb\u0101m \u016bdensapg\u0101des sist\u0113m\u0101.<\/p>\n<p><strong>Jauc\u0113jkr\u0101na konstrukcij\u0101 izmantota augst\u0101k\u0101s klases termostata kasete ar termoelementu <\/strong>Vernet<strong> (Francija).<\/strong><\/p>\n<p>RubiBrass<strong> \u2013 \u012bpa\u0161a sast\u0101va misi\u0146a sakaus\u0113jums. \u0160aj\u0101 ilgtsp\u0113j\u012bgaj\u0101 un cilv\u0113ka vesel\u012bbai nekait\u012bgaj\u0101 sakaus\u0113jum\u0101 ir maksim\u0101li samazin\u0101ts svina un citu materi\u0101lu, kuri var rea\u0123\u0113t ar dzeramo \u016bdeni, daudzums.<\/strong><\/p>\n<p>SolidChrom<strong> \u2013 ilgtsp\u0113j\u012bgs un iztur\u012bgs augst\u0101k\u0101s klases hroma p\u0101rkl\u0101jums. \u0160is pret nodilumu iztur\u012bgais \u012bpa\u0161i biezais (20-25 mikronu) hroma p\u0101rkl\u0101jums ne tikai priec\u0113s j\u016bs daudzus gadus, bet tai ir ar\u012b antibakteri\u0101las \u012bpa\u0161\u012bbas.<\/strong><\/p>\n<p><strong>\u00a0Papildinform\u0101ciju skatiet uzst\u0101d\u012b\u0161anas instrukcij\u0101s.<\/strong><\/p>\n","protected":false},"featured_media":27449,"comment_status":"closed","ping_status":"closed","template":"","meta":[],"product_cat":[2646,1654],"product_tag":[1630],"class_list":{"0":"post-27448","1":"product","2":"type-product","3":"status-publish","4":"has-post-thumbnail","6":"product_cat-naujienos","7":"product_cat-shower-products","8":"product_tag-rubi_brass","9":"pa_barkodas-3314","10":"pa_garantija-167","11":"pa_padengimas-chrome-plated","12":"pa_pajungimas-1-2","13":"pa_paskirtis-potinkiniai-maisytuvai","14":"pa_paskirtis-shower-systems","15":"pa_serija-thermo-concealed","17":"first","18":"instock","19":"shipping-taxable","20":"purchasable","21":"product-type-simple"},"yoast_head":"<!-- This site is optimized with the Yoast SEO plugin v23.9 - https:\/\/yoast.com\/wordpress\/plugins\/seo\/ -->\n<title>OLO(SQ)+THERMO-2F | RUBINETA<\/title>\n<meta name=\"robots\" content=\"index, follow, max-snippet:-1, max-image-preview:large, max-video-preview:-1\" \/>\n<link rel=\"canonical\" href=\"https:\/\/rubineta.com\/catalogue\/shower-products\/olosqthermo-2f\/\" \/>\n<meta name=\"twitter:label1\" content=\"Est. reading time\" \/>\n\t<meta name=\"twitter:data1\" content=\"1 minute\" \/>\n<script type=\"application\/ld+json\" class=\"yoast-schema-graph\">{\"@context\":\"https:\/\/schema.org\",\"@graph\":[{\"@type\":\"WebPage\",\"@id\":\"https:\/\/rubineta.com\/catalogue\/shower-products\/olosqthermo-2f\/\",\"url\":\"https:\/\/rubineta.com\/catalogue\/shower-products\/olosqthermo-2f\/\",\"name\":\"OLO(SQ)+THERMO-2F | RUBINETA\",\"isPartOf\":{\"@id\":\"https:\/\/rubineta.com\/#website\"},\"primaryImageOfPage\":{\"@id\":\"https:\/\/rubineta.com\/catalogue\/shower-products\/olosqthermo-2f\/#primaryimage\"},\"image\":{\"@id\":\"https:\/\/rubineta.com\/catalogue\/shower-products\/olosqthermo-2f\/#primaryimage\"},\"thumbnailUrl\":\"https:\/\/rubineta.com\/wp-content\/uploads\/2026\/02\/625055_Thermo-2F_Olo_SQ-scaled.jpg\",\"datePublished\":\"2026-02-18T07:05:20+00:00\",\"dateModified\":\"2026-02-18T08:42:21+00:00\",\"breadcrumb\":{\"@id\":\"https:\/\/rubineta.com\/catalogue\/shower-products\/olosqthermo-2f\/#breadcrumb\"},\"inLanguage\":\"lv-LV\",\"potentialAction\":[{\"@type\":\"ReadAction\",\"target\":[\"https:\/\/rubineta.com\/catalogue\/shower-products\/olosqthermo-2f\/\"]}]},{\"@type\":\"ImageObject\",\"inLanguage\":\"lv-LV\",\"@id\":\"https:\/\/rubineta.com\/catalogue\/shower-products\/olosqthermo-2f\/#primaryimage\",\"url\":\"https:\/\/rubineta.com\/wp-content\/uploads\/2026\/02\/625055_Thermo-2F_Olo_SQ-scaled.jpg\",\"contentUrl\":\"https:\/\/rubineta.com\/wp-content\/uploads\/2026\/02\/625055_Thermo-2F_Olo_SQ-scaled.jpg\",\"width\":2560,\"height\":1846},{\"@type\":\"BreadcrumbList\",\"@id\":\"https:\/\/rubineta.com\/catalogue\/shower-products\/olosqthermo-2f\/#breadcrumb\",\"itemListElement\":[{\"@type\":\"ListItem\",\"position\":1,\"name\":\"Home\",\"item\":\"https:\/\/rubineta.com\/lv\/\"},{\"@type\":\"ListItem\",\"position\":2,\"name\":\"Katalogs\",\"item\":\"https:\/\/rubineta.com\/lv\/catalogue\/\"},{\"@type\":\"ListItem\",\"position\":3,\"name\":\"OLO(SQ)+THERMO-2F\"}]},{\"@type\":\"WebSite\",\"@id\":\"https:\/\/rubineta.com\/#website\",\"url\":\"https:\/\/rubineta.com\/\",\"name\":\"Rubineta - Quality And Reliable Sanitary Fittings\",\"description\":\"High Quality And Reliable Faucets\",\"publisher\":{\"@id\":\"https:\/\/rubineta.com\/#organization\"},\"potentialAction\":[{\"@type\":\"SearchAction\",\"target\":{\"@type\":\"EntryPoint\",\"urlTemplate\":\"https:\/\/rubineta.com\/?s={search_term_string}\"},\"query-input\":{\"@type\":\"PropertyValueSpecification\",\"valueRequired\":true,\"valueName\":\"search_term_string\"}}],\"inLanguage\":\"lv-LV\"},{\"@type\":\"Organization\",\"@id\":\"https:\/\/rubineta.com\/#organization\",\"name\":\"RUBINETA\",\"url\":\"https:\/\/rubineta.com\/\",\"logo\":{\"@type\":\"ImageObject\",\"inLanguage\":\"lv-LV\",\"@id\":\"https:\/\/rubineta.com\/#\/schema\/logo\/image\/\",\"url\":\"https:\/\/rubineta.com\/wp-content\/uploads\/2020\/07\/RUBINETA-logo.jpg\",\"contentUrl\":\"https:\/\/rubineta.com\/wp-content\/uploads\/2020\/07\/RUBINETA-logo.jpg\",\"width\":825,\"height\":456,\"caption\":\"RUBINETA\"},\"image\":{\"@id\":\"https:\/\/rubineta.com\/#\/schema\/logo\/image\/\"}}]}<\/script>\n<!-- \/ Yoast SEO plugin. -->","yoast_head_json":{"title":"OLO(SQ)+THERMO-2F | RUBINETA","robots":{"index":"index","follow":"follow","max-snippet":"max-snippet:-1","max-image-preview":"max-image-preview:large","max-video-preview":"max-video-preview:-1"},"canonical":"https:\/\/rubineta.com\/catalogue\/shower-products\/olosqthermo-2f\/","twitter_misc":{"Est. reading time":"1 minute"},"schema":{"@context":"https:\/\/schema.org","@graph":[{"@type":"WebPage","@id":"https:\/\/rubineta.com\/catalogue\/shower-products\/olosqthermo-2f\/","url":"https:\/\/rubineta.com\/catalogue\/shower-products\/olosqthermo-2f\/","name":"OLO(SQ)+THERMO-2F | RUBINETA","isPartOf":{"@id":"https:\/\/rubineta.com\/#website"},"primaryImageOfPage":{"@id":"https:\/\/rubineta.com\/catalogue\/shower-products\/olosqthermo-2f\/#primaryimage"},"image":{"@id":"https:\/\/rubineta.com\/catalogue\/shower-products\/olosqthermo-2f\/#primaryimage"},"thumbnailUrl":"https:\/\/rubineta.com\/wp-content\/uploads\/2026\/02\/625055_Thermo-2F_Olo_SQ-scaled.jpg","datePublished":"2026-02-18T07:05:20+00:00","dateModified":"2026-02-18T08:42:21+00:00","breadcrumb":{"@id":"https:\/\/rubineta.com\/catalogue\/shower-products\/olosqthermo-2f\/#breadcrumb"},"inLanguage":"lv-LV","potentialAction":[{"@type":"ReadAction","target":["https:\/\/rubineta.com\/catalogue\/shower-products\/olosqthermo-2f\/"]}]},{"@type":"ImageObject","inLanguage":"lv-LV","@id":"https:\/\/rubineta.com\/catalogue\/shower-products\/olosqthermo-2f\/#primaryimage","url":"https:\/\/rubineta.com\/wp-content\/uploads\/2026\/02\/625055_Thermo-2F_Olo_SQ-scaled.jpg","contentUrl":"https:\/\/rubineta.com\/wp-content\/uploads\/2026\/02\/625055_Thermo-2F_Olo_SQ-scaled.jpg","width":2560,"height":1846},{"@type":"BreadcrumbList","@id":"https:\/\/rubineta.com\/catalogue\/shower-products\/olosqthermo-2f\/#breadcrumb","itemListElement":[{"@type":"ListItem","position":1,"name":"Home","item":"https:\/\/rubineta.com\/lv\/"},{"@type":"ListItem","position":2,"name":"Katalogs","item":"https:\/\/rubineta.com\/lv\/catalogue\/"},{"@type":"ListItem","position":3,"name":"OLO(SQ)+THERMO-2F"}]},{"@type":"WebSite","@id":"https:\/\/rubineta.com\/#website","url":"https:\/\/rubineta.com\/","name":"Rubineta - Quality And Reliable Sanitary Fittings","description":"High Quality And Reliable Faucets","publisher":{"@id":"https:\/\/rubineta.com\/#organization"},"potentialAction":[{"@type":"SearchAction","target":{"@type":"EntryPoint","urlTemplate":"https:\/\/rubineta.com\/?s={search_term_string}"},"query-input":{"@type":"PropertyValueSpecification","valueRequired":true,"valueName":"search_term_string"}}],"inLanguage":"lv-LV"},{"@type":"Organization","@id":"https:\/\/rubineta.com\/#organization","name":"RUBINETA","url":"https:\/\/rubineta.com\/","logo":{"@type":"ImageObject","inLanguage":"lv-LV","@id":"https:\/\/rubineta.com\/#\/schema\/logo\/image\/","url":"https:\/\/rubineta.com\/wp-content\/uploads\/2020\/07\/RUBINETA-logo.jpg","contentUrl":"https:\/\/rubineta.com\/wp-content\/uploads\/2020\/07\/RUBINETA-logo.jpg","width":825,"height":456,"caption":"RUBINETA"},"image":{"@id":"https:\/\/rubineta.com\/#\/schema\/logo\/image\/"}}]}},"_links":{"self":[{"href":"https:\/\/rubineta.com\/lv\/wp-json\/wp\/v2\/product\/27448","targetHints":{"allow":["GET"]}}],"collection":[{"href":"https:\/\/rubineta.com\/lv\/wp-json\/wp\/v2\/product"}],"about":[{"href":"https:\/\/rubineta.com\/lv\/wp-json\/wp\/v2\/types\/product"}],"replies":[{"embeddable":true,"href":"https:\/\/rubineta.com\/lv\/wp-json\/wp\/v2\/comments?post=27448"}],"wp:featuredmedia":[{"embeddable":true,"href":"https:\/\/rubineta.com\/lv\/wp-json\/wp\/v2\/media\/27449"}],"wp:attachment":[{"href":"https:\/\/rubineta.com\/lv\/wp-json\/wp\/v2\/media?parent=27448"}],"wp:term":[{"taxonomy":"product_cat","embeddable":true,"href":"https:\/\/rubineta.com\/lv\/wp-json\/wp\/v2\/product_cat?post=27448"},{"taxonomy":"product_tag","embeddable":true,"href":"https:\/\/rubineta.com\/lv\/wp-json\/wp\/v2\/product_tag?post=27448"}],"curies":[{"name":"wp","href":"https:\/\/api.w.org\/{rel}","templated":true}]}}