{"id":27548,"date":"2026-03-19T09:35:16","date_gmt":"2026-03-19T11:35:16","guid":{"rendered":"https:\/\/rubineta.com\/?post_type=product&#038;p=27548"},"modified":"2026-03-19T11:09:16","modified_gmt":"2026-03-19T13:09:16","slug":"ultra-1f-n","status":"publish","type":"product","link":"https:\/\/rubineta.com\/lv\/catalogue\/maisytuvai\/ultra-1f-n\/","title":{"rendered":"ULTRA-1F (N)"},"content":{"rendered":"","protected":false},"excerpt":{"rendered":"<p>Du\u0161as mais\u012bt\u0101js sl\u0113ptai uzst\u0101d\u012b\u0161anai.<\/p>\n<p data-start=\"2611\" data-end=\"2760\">Minim\u0101listisks dizains, kas viegli iek\u013caujas jebkur\u0101 vannas istabas interjer\u0101. T\u012bras l\u012bnijas un sl\u0113pt\u0101 uzst\u0101d\u012b\u0161ana rada modernu un sak\u0101rtotu izskatu.<\/p>\n<p data-start=\"2762\" data-end=\"2852\">Paredz\u0113ts prec\u012bzai un vienm\u0113r\u012bgai \u016bdens pl\u016bsmas un temperat\u016bras regul\u0113\u0161anai.<\/p>\n<p data-start=\"2854\" data-end=\"2949\">Izgatavots no augstas kvalit\u0101tes misi\u0146a, nodro\u0161inot ilgm\u016b\u017e\u012bbu un uzticam\u012bbu ikdienas lieto\u0161an\u0101.<\/p>\n<p data-start=\"2951\" data-end=\"3039\"><strong>SolidChrom<\/strong> hroma p\u0101rkl\u0101jums ir iztur\u012bgs pret nodilumu un saglab\u0101 sp\u012bdumu ilgtermi\u0146\u0101.<\/p>\n<p data-start=\"3041\" data-end=\"3145\">Apr\u012bkots ar uzticamu <strong>Citec keramikas kasetni (35 mm)<\/strong>, kas nodro\u0161ina vienm\u0113r\u012bgu un ilgm\u016b\u017e\u012bgu darb\u012bbu.<\/p>\n<p data-start=\"3147\" data-end=\"3211\">Katrs jauc\u0113jkr\u0101ns tiek individu\u0101li p\u0101rbaud\u012bts pirms nos\u016bt\u012b\u0161anas.<\/p>\n<p data-start=\"3213\" data-end=\"3232\">Garantija \u2013 <strong>5 gadi<\/strong>.<\/p>\n","protected":false},"featured_media":27549,"comment_status":"closed","ping_status":"closed","template":"","meta":[],"product_cat":[151],"product_tag":[2561,1630,3001],"class_list":{"0":"post-27548","1":"product","2":"type-product","3":"status-publish","4":"has-post-thumbnail","6":"product_cat-maisytuvai","7":"product_tag-citec_35","8":"product_tag-rubi_brass","9":"product_tag-solidchrom","10":"pa_barkodas-3321","11":"pa_garantija-167","12":"pa_padengimas-chrome-plated","13":"pa_paskirtis-potinkiniai-maisytuvai","15":"first","16":"instock","17":"shipping-taxable","18":"product-type-simple"},"yoast_head":"<!-- This site is optimized with the Yoast SEO plugin v23.9 - https:\/\/yoast.com\/wordpress\/plugins\/seo\/ -->\n<title>ULTRA-1F (N) | RUBINETA<\/title>\n<meta name=\"robots\" content=\"index, follow, max-snippet:-1, max-image-preview:large, max-video-preview:-1\" \/>\n<link rel=\"canonical\" href=\"https:\/\/rubineta.com\/catalogue\/maisytuvai\/ultra-1f-n\/\" \/>\n<meta name=\"twitter:label1\" content=\"Est. reading time\" \/>\n\t<meta name=\"twitter:data1\" content=\"1 minute\" \/>\n<script type=\"application\/ld+json\" class=\"yoast-schema-graph\">{\"@context\":\"https:\/\/schema.org\",\"@graph\":[{\"@type\":\"WebPage\",\"@id\":\"https:\/\/rubineta.com\/catalogue\/maisytuvai\/ultra-1f-n\/\",\"url\":\"https:\/\/rubineta.com\/catalogue\/maisytuvai\/ultra-1f-n\/\",\"name\":\"ULTRA-1F (N) | RUBINETA\",\"isPartOf\":{\"@id\":\"https:\/\/rubineta.com\/#website\"},\"primaryImageOfPage\":{\"@id\":\"https:\/\/rubineta.com\/catalogue\/maisytuvai\/ultra-1f-n\/#primaryimage\"},\"image\":{\"@id\":\"https:\/\/rubineta.com\/catalogue\/maisytuvai\/ultra-1f-n\/#primaryimage\"},\"thumbnailUrl\":\"https:\/\/rubineta.com\/wp-content\/uploads\/2026\/03\/PM0020_Ultra-1F_N-scaled.jpg\",\"datePublished\":\"2026-03-19T11:35:16+00:00\",\"dateModified\":\"2026-03-19T13:09:16+00:00\",\"breadcrumb\":{\"@id\":\"https:\/\/rubineta.com\/catalogue\/maisytuvai\/ultra-1f-n\/#breadcrumb\"},\"inLanguage\":\"lv-LV\",\"potentialAction\":[{\"@type\":\"ReadAction\",\"target\":[\"https:\/\/rubineta.com\/catalogue\/maisytuvai\/ultra-1f-n\/\"]}]},{\"@type\":\"ImageObject\",\"inLanguage\":\"lv-LV\",\"@id\":\"https:\/\/rubineta.com\/catalogue\/maisytuvai\/ultra-1f-n\/#primaryimage\",\"url\":\"https:\/\/rubineta.com\/wp-content\/uploads\/2026\/03\/PM0020_Ultra-1F_N-scaled.jpg\",\"contentUrl\":\"https:\/\/rubineta.com\/wp-content\/uploads\/2026\/03\/PM0020_Ultra-1F_N-scaled.jpg\",\"width\":2170,\"height\":2560},{\"@type\":\"BreadcrumbList\",\"@id\":\"https:\/\/rubineta.com\/catalogue\/maisytuvai\/ultra-1f-n\/#breadcrumb\",\"itemListElement\":[{\"@type\":\"ListItem\",\"position\":1,\"name\":\"Home\",\"item\":\"https:\/\/rubineta.com\/lv\/\"},{\"@type\":\"ListItem\",\"position\":2,\"name\":\"Katalogs\",\"item\":\"https:\/\/rubineta.com\/lv\/catalogue\/\"},{\"@type\":\"ListItem\",\"position\":3,\"name\":\"ULTRA-1F (N)\"}]},{\"@type\":\"WebSite\",\"@id\":\"https:\/\/rubineta.com\/#website\",\"url\":\"https:\/\/rubineta.com\/\",\"name\":\"Rubineta - Quality And Reliable Sanitary Fittings\",\"description\":\"High Quality And Reliable Faucets\",\"publisher\":{\"@id\":\"https:\/\/rubineta.com\/#organization\"},\"potentialAction\":[{\"@type\":\"SearchAction\",\"target\":{\"@type\":\"EntryPoint\",\"urlTemplate\":\"https:\/\/rubineta.com\/?s={search_term_string}\"},\"query-input\":{\"@type\":\"PropertyValueSpecification\",\"valueRequired\":true,\"valueName\":\"search_term_string\"}}],\"inLanguage\":\"lv-LV\"},{\"@type\":\"Organization\",\"@id\":\"https:\/\/rubineta.com\/#organization\",\"name\":\"RUBINETA\",\"url\":\"https:\/\/rubineta.com\/\",\"logo\":{\"@type\":\"ImageObject\",\"inLanguage\":\"lv-LV\",\"@id\":\"https:\/\/rubineta.com\/#\/schema\/logo\/image\/\",\"url\":\"https:\/\/rubineta.com\/wp-content\/uploads\/2020\/07\/RUBINETA-logo.jpg\",\"contentUrl\":\"https:\/\/rubineta.com\/wp-content\/uploads\/2020\/07\/RUBINETA-logo.jpg\",\"width\":825,\"height\":456,\"caption\":\"RUBINETA\"},\"image\":{\"@id\":\"https:\/\/rubineta.com\/#\/schema\/logo\/image\/\"}}]}<\/script>\n<!-- \/ Yoast SEO plugin. -->","yoast_head_json":{"title":"ULTRA-1F (N) | RUBINETA","robots":{"index":"index","follow":"follow","max-snippet":"max-snippet:-1","max-image-preview":"max-image-preview:large","max-video-preview":"max-video-preview:-1"},"canonical":"https:\/\/rubineta.com\/catalogue\/maisytuvai\/ultra-1f-n\/","twitter_misc":{"Est. reading time":"1 minute"},"schema":{"@context":"https:\/\/schema.org","@graph":[{"@type":"WebPage","@id":"https:\/\/rubineta.com\/catalogue\/maisytuvai\/ultra-1f-n\/","url":"https:\/\/rubineta.com\/catalogue\/maisytuvai\/ultra-1f-n\/","name":"ULTRA-1F (N) | RUBINETA","isPartOf":{"@id":"https:\/\/rubineta.com\/#website"},"primaryImageOfPage":{"@id":"https:\/\/rubineta.com\/catalogue\/maisytuvai\/ultra-1f-n\/#primaryimage"},"image":{"@id":"https:\/\/rubineta.com\/catalogue\/maisytuvai\/ultra-1f-n\/#primaryimage"},"thumbnailUrl":"https:\/\/rubineta.com\/wp-content\/uploads\/2026\/03\/PM0020_Ultra-1F_N-scaled.jpg","datePublished":"2026-03-19T11:35:16+00:00","dateModified":"2026-03-19T13:09:16+00:00","breadcrumb":{"@id":"https:\/\/rubineta.com\/catalogue\/maisytuvai\/ultra-1f-n\/#breadcrumb"},"inLanguage":"lv-LV","potentialAction":[{"@type":"ReadAction","target":["https:\/\/rubineta.com\/catalogue\/maisytuvai\/ultra-1f-n\/"]}]},{"@type":"ImageObject","inLanguage":"lv-LV","@id":"https:\/\/rubineta.com\/catalogue\/maisytuvai\/ultra-1f-n\/#primaryimage","url":"https:\/\/rubineta.com\/wp-content\/uploads\/2026\/03\/PM0020_Ultra-1F_N-scaled.jpg","contentUrl":"https:\/\/rubineta.com\/wp-content\/uploads\/2026\/03\/PM0020_Ultra-1F_N-scaled.jpg","width":2170,"height":2560},{"@type":"BreadcrumbList","@id":"https:\/\/rubineta.com\/catalogue\/maisytuvai\/ultra-1f-n\/#breadcrumb","itemListElement":[{"@type":"ListItem","position":1,"name":"Home","item":"https:\/\/rubineta.com\/lv\/"},{"@type":"ListItem","position":2,"name":"Katalogs","item":"https:\/\/rubineta.com\/lv\/catalogue\/"},{"@type":"ListItem","position":3,"name":"ULTRA-1F (N)"}]},{"@type":"WebSite","@id":"https:\/\/rubineta.com\/#website","url":"https:\/\/rubineta.com\/","name":"Rubineta - Quality And Reliable Sanitary Fittings","description":"High Quality And Reliable Faucets","publisher":{"@id":"https:\/\/rubineta.com\/#organization"},"potentialAction":[{"@type":"SearchAction","target":{"@type":"EntryPoint","urlTemplate":"https:\/\/rubineta.com\/?s={search_term_string}"},"query-input":{"@type":"PropertyValueSpecification","valueRequired":true,"valueName":"search_term_string"}}],"inLanguage":"lv-LV"},{"@type":"Organization","@id":"https:\/\/rubineta.com\/#organization","name":"RUBINETA","url":"https:\/\/rubineta.com\/","logo":{"@type":"ImageObject","inLanguage":"lv-LV","@id":"https:\/\/rubineta.com\/#\/schema\/logo\/image\/","url":"https:\/\/rubineta.com\/wp-content\/uploads\/2020\/07\/RUBINETA-logo.jpg","contentUrl":"https:\/\/rubineta.com\/wp-content\/uploads\/2020\/07\/RUBINETA-logo.jpg","width":825,"height":456,"caption":"RUBINETA"},"image":{"@id":"https:\/\/rubineta.com\/#\/schema\/logo\/image\/"}}]}},"_links":{"self":[{"href":"https:\/\/rubineta.com\/lv\/wp-json\/wp\/v2\/product\/27548","targetHints":{"allow":["GET"]}}],"collection":[{"href":"https:\/\/rubineta.com\/lv\/wp-json\/wp\/v2\/product"}],"about":[{"href":"https:\/\/rubineta.com\/lv\/wp-json\/wp\/v2\/types\/product"}],"replies":[{"embeddable":true,"href":"https:\/\/rubineta.com\/lv\/wp-json\/wp\/v2\/comments?post=27548"}],"wp:featuredmedia":[{"embeddable":true,"href":"https:\/\/rubineta.com\/lv\/wp-json\/wp\/v2\/media\/27549"}],"wp:attachment":[{"href":"https:\/\/rubineta.com\/lv\/wp-json\/wp\/v2\/media?parent=27548"}],"wp:term":[{"taxonomy":"product_cat","embeddable":true,"href":"https:\/\/rubineta.com\/lv\/wp-json\/wp\/v2\/product_cat?post=27548"},{"taxonomy":"product_tag","embeddable":true,"href":"https:\/\/rubineta.com\/lv\/wp-json\/wp\/v2\/product_tag?post=27548"}],"curies":[{"name":"wp","href":"https:\/\/api.w.org\/{rel}","templated":true}]}}