{"id":11936,"date":"2018-07-27T08:53:44","date_gmt":"2018-07-27T10:53:44","guid":{"rendered":"http:\/\/rubineta.com\/?page_id=11936"},"modified":"2020-07-20T09:30:42","modified_gmt":"2020-07-20T11:30:42","slug":"civil-liability-insurance","status":"publish","type":"page","link":"https:\/\/rubineta.com\/ru\/civil-liability-insurance\/","title":{"rendered":"C\u0442\u0440\u0430\u0445\u043e\u0432\u0430\u043d\u0438\u0435 \u0433\u0440\u0430\u0436\u0434\u0430\u043d\u0441\u043a\u043e\u0439 \u043e\u0442\u0432\u0435\u0442\u0441\u0442\u0432\u0435\u043d\u043d\u043e\u0441\u0442\u0438"},"content":{"rendered":"<div id=\"pl-11936\"  class=\"panel-layout\" ><div id=\"pg-11936-0\"  class=\"panel-grid panel-has-style\" ><div class=\"panel-row-style panel-row-style-for-11936-0\" ><div id=\"pgc-11936-0-0\"  class=\"panel-grid-cell\" ><div id=\"panel-11936-0-0-0\" class=\"so-panel widget widget_nav_menu panel-first-child panel-last-child\" data-index=\"0\" ><div class=\"produktas-sidebar panel-widget-style panel-widget-style-for-11936-0-0-0\" ><h3 class=\"widget-title\">\u041c\u043e\u0439 \u043f\u0440\u043e\u0434\u0443\u043a\u0442<\/h3><div class=\"menu-naudinga-info-container\"><ul id=\"menu-naudinga-info\" class=\"menu\"><li id=\"menu-item-20815\" class=\"menu-item menu-item-type-post_type menu-item-object-page menu-item-20815\"><a href=\"https:\/\/rubineta.com\/ru\/my-product\/\">\u0413\u0430\u0440\u0430\u043d\u0442\u0438\u0439\u043d\u043e\u0435 \u043e\u0431\u0441\u043b\u0443\u0436\u0438\u0432\u0430\u043d\u0438\u0435<\/a><\/li>\n<li id=\"menu-item-11940\" class=\"menu-item menu-item-type-post_type menu-item-object-page menu-item-11940\"><a href=\"https:\/\/rubineta.com\/ru\/civil-liability-insurance\/\">C\u0442\u0440\u0430\u0445\u043e\u0432\u0430\u043d\u0438\u0435 \u0433\u0440\u0430\u0436\u0434\u0430\u043d\u0441\u043a\u043e\u0439 \u043e\u0442\u0432\u0435\u0442\u0441\u0442\u0432\u0435\u043d\u043d\u043e\u0441\u0442\u0438<\/a><\/li>\n<li id=\"menu-item-12445\" class=\"menu-item menu-item-type-post_type menu-item-object-page menu-item-12445\"><a href=\"https:\/\/rubineta.com\/ru\/tips-how-to-clean-faucets\/\">\u0420\u0435\u043a\u043e\u043c\u0435\u043d\u0434\u0430\u0446\u0438\u0438 \u043f\u043e \u0443\u0445\u043e\u0434\u0443 \u0437\u0430 \u0441\u043c\u0435\u0441\u0438\u0442\u0435\u043b\u044f\u043c\u0438 \u0438 \u0441\u0430\u043d\u0442\u0435\u0445\u043d\u0438\u0447\u0435\u0441\u043a\u0438\u043c\u0438 \u0438\u0437\u0434\u0435\u043b\u0438\u044f\u043c\u0438<\/a><\/li>\n<li id=\"menu-item-16143\" class=\"menu-item menu-item-type-post_type menu-item-object-page menu-item-16143\"><a href=\"https:\/\/rubineta.com\/ru\/kaip-pasirinkti-tinkama-vandens-maisytuva\/\">\u041a\u0430\u043a \u0432\u044b\u0431\u0440\u0430\u0442\u044c \u043a\u0430\u0447\u0435\u0441\u0442\u0432\u0435\u043d\u043d\u044b\u0439 \u0441\u043c\u0435\u0441\u0438\u0442\u0435\u043b\u044c?<\/a><\/li>\n<li id=\"menu-item-24391\" class=\"menu-item menu-item-type-post_type menu-item-object-page menu-item-24391\"><a href=\"https:\/\/rubineta.com\/ru\/katalogai-ir-brosiuros\/\">\u041a\u0430\u0442\u0430\u043b\u043e\u0433\u0438 \u0438 \u0431\u0440\u043e\u0448\u044e\u0440\u044b<\/a><\/li>\n<\/ul><\/div><\/div><\/div><\/div><div id=\"pgc-11936-0-1\"  class=\"panel-grid-cell\" ><div id=\"panel-11936-0-1-0\" class=\"so-panel widget widget_sow-editor panel-first-child panel-last-child\" data-index=\"1\" ><div class=\"shadow-box overlap-right animate animate-1 download-btn  panel-widget-style panel-widget-style-for-11936-0-1-0\" ><div\n\t\t\t\n\t\t\tclass=\"so-widget-sow-editor so-widget-sow-editor-base\"\n\t\t\t\n\t\t>\n<div class=\"siteorigin-widget-tinymce textwidget\">\n\t<h2><strong>\u041f\u0440\u043e\u0438\u0437\u0432\u043e\u0434\u0441\u0442\u0432\u043e RUBINETA \u0438\u043c\u0435\u0435\u0442 \u0441\u0442\u0440\u0430\u0445\u043e\u0432\u0430\u043d\u0438\u0435 \u0433\u0440\u0430\u0436\u0434\u0430\u043d\u0441\u043a\u043e\u0439 \u043e\u0442\u0432\u0435\u0442\u0441\u0442\u0432\u0435\u043d\u043d\u043e\u0441\u0442\u0438.<\/strong><\/h2>\n<div class=\"dash style-dark\"><\/div>\n<p>\u041f\u0440\u0438 \u0441\u0442\u0440\u0430\u0445\u043e\u0432\u0430\u043d\u0438\u0438 \u043e\u0442\u0432\u0435\u0442\u0441\u0442\u0432\u0435\u043d\u043d\u043e\u0441\u0442\u0438 \u043a\u0430\u0447\u0435\u0441\u0442\u0432\u0430 \u043f\u0440\u043e\u0434\u0443\u043a\u0446\u0438\u0438, \u0437\u0430\u0449\u0438\u0449\u0430\u044e\u0442\u0441\u044f \u0438\u043d\u0442\u0435\u0440\u0435\u0441\u044b \u043f\u043e\u0442\u0440\u0435\u0431\u0438\u0442\u0435\u043b\u0435\u0439, \u043f\u043e\u043b\u0443\u0447\u0430\u044e\u0449\u0438\u0445 \u0434\u043e\u043f\u043e\u043b\u043d\u0438\u0442\u0435\u043b\u044c\u043d\u044b\u0435 \u0433\u0430\u0440\u0430\u043d\u0442\u0438\u0438 \u0440\u0435\u0430\u043b\u0438\u0437\u0430\u0446\u0438\u0438 \u0441\u0432\u043e\u0438\u0445 \u0437\u0430\u043a\u043e\u043d\u043d\u044b\u0445 \u043f\u0440\u0430\u0432 \u043f\u0443\u0442\u0435\u043c \u043a\u043e\u043c\u043f\u0435\u043d\u0441\u0430\u0446\u0438\u0438 \u0441\u0442\u0440\u0430\u0445\u043e\u0432\u044b\u043c\u0438 \u0432\u044b\u043f\u043b\u0430\u0442\u0430\u043c\u0438 \u043f\u043e\u043b\u0443\u0447\u0435\u043d\u043d\u043e\u0433\u043e \u0443\u0449\u0435\u0440\u0431\u0430.<\/p>\n<p><strong>\u041d\u0430 \u043f\u0440\u043e\u0434\u0443\u043a\u0446\u0438\u044e RUBINETA \u0440\u0430\u0441\u043f\u0440\u043e\u0441\u0442\u0440\u0430\u043d\u044f\u0435\u0442\u0441\u044f \u0434\u0435\u0439\u0441\u0442\u0432\u0438\u0435 \u0434\u043e\u0433\u043e\u0432\u043e\u0440\u0430 \u0441\u0442\u0440\u0430\u0445\u043e\u0432\u0430\u043d\u0438\u044f \u0433\u0440\u0430\u0436\u0434\u0430\u043d\u0441\u043a\u043e\u0439 \u043e\u0442\u0432\u0435\u0442\u0441\u0442\u0432\u0435\u043d\u043d\u043e\u0441\u0442\u0438 \u043f\u0440\u043e\u0438\u0437\u0432\u043e\u0434\u0438\u0442\u0435\u043b\u044f.<\/strong><\/p>\n<p>\u0411\u043b\u0430\u0433\u043e\u0434\u0430\u0440\u044f \u0441\u0442\u0440\u0430\u0445\u043e\u0432\u0430\u043d\u0438\u044e \u0433\u0440\u0430\u0436\u0434\u0430\u043d\u0441\u043a\u043e\u0439 \u043e\u0442\u0432\u0435\u0442\u0441\u0442\u0432\u0435\u043d\u043d\u043e\u0441\u0442\u0438 \u043e\u0441\u0443\u0449\u0435\u0441\u0442\u0432\u043b\u044f\u0435\u0442\u0441\u044f \u0437\u0430\u0449\u0438\u0442\u0430 \u043f\u0440\u0430\u0432 \u043f\u043e\u0442\u0440\u0435\u0431\u0438\u0442\u0435\u043b\u0435\u0439 \u0438 \u043f\u0440\u043e\u0438\u0437\u0432\u043e\u0434\u0438\u0442\u0441\u044f \u043a\u043e\u043c\u043f\u0435\u043d\u0441\u0430\u0446\u0438\u044f \u043f\u043e \u043d\u0435 \u0441\u0435\u043d\u043d\u043e\u0433\u043e \u0442\u0440\u0435\u0442\u044c\u0438\u043c\u0438 \u043b\u0438\u0446\u0430\u043c\u0438 (\u043f\u043e\u0442\u0440\u0435\u0431\u0438\u0442\u0435\u043b\u044f\u043c\u0438) \u0443\u0449\u0435\u0440\u0431\u0430, \u0435\u0441\u043b\u0438 \u0443\u0449\u0435\u0440\u0431 \u0441\u0432\u044f\u0437\u0430\u043d \u0441 \u043d\u0435\u043d\u0430\u0434\u043b\u0435\u0436\u0430\u0449\u0438\u043c \u043a\u0430\u0447\u0435\u0441\u0442\u0432\u043e\u043c \u043f\u0440\u043e\u0434\u0443\u043a\u0446\u0438\u0438 RUBINETA.<\/p>\n<p><strong>\u0412 \u0441\u043b\u0443\u0447\u0430\u0435 \u043d\u0430\u0441\u0442\u0443\u043f\u043b\u0435\u043d\u0438\u044f \u0441\u0442\u0440\u0430\u0445\u043e\u0432\u043e\u0433\u043e \u0441\u043b\u0443\u0447\u0430\u044f \u0432\u043e\u0441\u043f\u043e\u043b\u044c\u0437\u0443\u0439\u0442\u0435\u0441\u044c, \u043f\u043e\u0436\u0430\u043b\u0443\u0439\u0441\u0442\u0430, \u043d\u0438\u0436\u0435 \u0441\u043b\u0435\u0434\u0443\u044e\u0449\u0438\u043c\u0438 \u043a\u043e\u043d\u0442\u0430\u043a\u0442\u043d\u044b\u043c\u0438 \u0434\u0430\u043d\u043d\u044b\u043c\u0438:<\/strong><\/p>\n<p>\u0442\u0435\u043b.:\u00a0<a href=\"tel:+370 5 230 6036\">+370 5 230 6036<\/a><br \/>\n\u044d\u043b. \u043f\u043e\u0447\u0442\u0430:\u00a0<a href=\"mailto:hello@rubineta.com\">hello@rubineta.com<\/a><\/p>\n<\/div>\n<\/div><\/div><\/div><\/div><div id=\"pgc-11936-0-2\"  class=\"panel-grid-cell\" ><div id=\"panel-11936-0-2-0\" class=\"so-panel widget widget_black-studio-tinymce widget_black_studio_tinymce panel-first-child panel-last-child\" data-index=\"2\" ><div class=\"animate animate-2 panel-widget-style panel-widget-style-for-11936-0-2-0\" ><div class=\"textwidget\"><img loading=\"lazy\" decoding=\"async\" src=\"data:image\/gif;base64,R0lGODdhAQABAPAAAP\/\/\/wAAACwAAAAAAQABAEACAkQBADs=\" data-lazy-src=\"\/wp-content\/uploads\/2018\/07\/civilines-atsakomybes-draudimas-300x300.jpg\" alt=\"civilines atsakomybes draudimas\" width=\"300\" height=\"300\" class=\"alignnone size-medium wp-image-11945\" \/<\/div data-lazy-srcset=\"https:\/\/rubineta.com\/wp-content\/uploads\/2018\/07\/civilines-atsakomybes-draudimas-300x300.jpg 300w, https:\/\/rubineta.com\/wp-content\/uploads\/2018\/07\/civilines-atsakomybes-draudimas-100x100.jpg 100w, https:\/\/rubineta.com\/wp-content\/uploads\/2018\/07\/civilines-atsakomybes-draudimas-150x150.jpg 150w, https:\/\/rubineta.com\/wp-content\/uploads\/2018\/07\/civilines-atsakomybes-draudimas-72x72.jpg 72w\" data-lazy-sizes=\"auto, (max-width: 300px) 100vw, 300px\" \/><noscript><img loading=\"lazy\" decoding=\"async\" src=\"\/wp-content\/uploads\/2018\/07\/civilines-atsakomybes-draudimas-300x300.jpg\" alt=\"civilines atsakomybes draudimas\" width=\"300\" height=\"300\" class=\"alignnone size-medium wp-image-11945\" \/<\/div srcset=\"https:\/\/rubineta.com\/wp-content\/uploads\/2018\/07\/civilines-atsakomybes-draudimas-300x300.jpg 300w, https:\/\/rubineta.com\/wp-content\/uploads\/2018\/07\/civilines-atsakomybes-draudimas-100x100.jpg 100w, https:\/\/rubineta.com\/wp-content\/uploads\/2018\/07\/civilines-atsakomybes-draudimas-150x150.jpg 150w, https:\/\/rubineta.com\/wp-content\/uploads\/2018\/07\/civilines-atsakomybes-draudimas-72x72.jpg 72w\" sizes=\"auto, (max-width: 300px) 100vw, 300px\" \/><\/noscript><\/div><\/div><\/div><\/div><\/div><div id=\"pg-11936-1\"  class=\"panel-grid panel-has-style\" ><div class=\"siteorigin-panels-stretch panel-row-style panel-row-style-for-11936-1\" data-stretch-type=\"full\" ><div id=\"pgc-11936-1-0\"  class=\"panel-grid-cell\" ><div id=\"panel-11936-1-0-0\" class=\"so-panel widget widget_sow-editor panel-first-child panel-last-child\" data-index=\"3\" ><div class=\"shadow-box animate animate-1 download-btn  panel-widget-style panel-widget-style-for-11936-1-0-0\" ><div\n\t\t\t\n\t\t\tclass=\"so-widget-sow-editor so-widget-sow-editor-base\"\n\t\t\t\n\t\t>\n<div class=\"siteorigin-widget-tinymce textwidget\">\n\t<h2><strong>\u041a\u0430\u043a \u043f\u043e\u0441\u0442\u0443\u043f\u0430\u0442\u044c \u0432 \u0441\u043b\u0443\u0447\u0430\u0435 \u043d\u0430\u0441\u0442\u0443\u043f\u043b\u0435\u043d\u0438\u044f \u0441\u0442\u0440\u0430\u0445\u043e\u0432\u043e\u0433\u043e \u0441\u043b\u0443\u0447\u0430\u044f:<\/strong><\/h2>\n<div class=\"dash style-dark\"><\/div>\n<ol>\n<li>\u041d\u0435\u043e\u0431\u0445\u043e\u0434\u0438\u043c\u043e \u0441\u043e\u0431\u043b\u044e\u0434\u0430\u0442\u044c \u0432\u0441\u0435 \u0442\u0440\u0435\u0431\u043e\u0432\u0430\u043d\u0438\u044f \u043f\u043e \u0431\u0435\u0437\u043e\u043f\u0430\u0441\u043d\u043e\u0441\u0442\u0438;<\/li>\n<li>\u041f\u0435\u0440\u0435\u043a\u0440\u044b\u0442\u044c \u043f\u043e\u0434\u0430\u0447\u0443 \u0432\u043e\u0434\u044b;<\/li>\n<li>\u0411\u0435\u0437 \u043f\u0440\u043e\u043c\u0435\u0434\u043b\u0435\u043d\u0438\u044f \u043e\u0431\u0440\u0430\u0442\u0438\u0442\u044c\u0441\u044f \u0432 \u0441\u043b\u0443\u0436\u0431\u0443 <a href=\"\/mano-produktas\/\">\u0433\u0430\u0440\u0430\u043d\u0442\u0438\u0439\u043d\u043e\u0433\u043e \u043e\u0431\u0441\u043b\u0443\u0436\u0438\u0432\u0430\u043d\u0438\u044f<\/a> \u0438\u043b\u0438 \u0432 \u0434\u0440\u0443\u0433\u0443\u044e \u0430\u0432\u0430\u0440\u0438\u0439\u043d\u043e \u2013 \u0441\u043f\u0430\u0441\u0430\u0442\u0435\u043b\u044c\u043d\u0443\u044e \u0441\u043b\u0443\u0436\u0431\u0443.<\/li>\n<li>\u0421\u0444\u043e\u0442\u043e\u0433\u0440\u0430\u0444\u0438\u0440\u0443\u0439\u0442\u0435 \u0441\u043c\u0435\u0441\u0438\u0442\u0435\u043b\u044c \u043f\u0435\u0440\u0435\u0434\u043d\u0435\u0433\u043e \u0434\u0435\u043c\u043e\u043d\u0442\u0430\u0436\u0435\u043c \u0438 \u043f\u043e\u0441\u043b\u0435 \u0434\u0435\u043c\u043e\u043d\u0442\u0430\u0436\u0430;<\/li>\n<li>\u0414\u0435\u043c\u043e\u043d\u0442\u0430\u0436 \u0441\u043c\u0435\u0441\u0438\u0442\u0435\u043b\u044f \u0434\u043e\u043b\u0436\u0435\u043d \u0432\u044b\u043f\u043e\u043b\u043d\u044f\u0442\u044c\u0441\u044f \u0441\u043f\u0435\u0446\u0438\u0430\u043b\u0438\u0441\u0442\u043e\u043c \u043f\u043e\u0441\u043b\u0435\u043f\u0440\u043e\u0434\u0430\u0436\u043d\u043e\u0433\u043e \u043e\u0431\u0441\u043b\u0443\u0436\u0438\u0432\u0430\u043d\u0438\u044f, \u043a\u043e\u0442\u043e\u0440\u044b\u0439 \u043e\u043f\u0440\u0435\u0434\u0435\u043b\u0438\u0442 \u043f\u0440\u0438\u0447\u0438\u043d\u0443 \u043d\u0435\u0438\u0441\u043f\u0440\u0430\u0432\u043d\u043e\u0441\u0442\u0438 \u0438 \u043f\u0440\u0435\u0434\u043e\u0441\u0442\u0430\u0432\u0438\u0442 \u043f\u0438\u0441\u044c\u043c\u0435\u043d\u043d\u043e\u0435 \u0437\u0430\u043a\u043b\u044e\u0447\u0435\u043d\u0438\u0435.<\/li>\n<\/ol>\n<\/div>\n<\/div><\/div><\/div><\/div><div id=\"pgc-11936-1-1\"  class=\"panel-grid-cell\" ><div id=\"panel-11936-1-1-0\" class=\"so-panel widget widget_sow-editor panel-first-child panel-last-child\" data-index=\"4\" ><div class=\"shadow-box  animate animate-1 download-btn panel-widget-style panel-widget-style-for-11936-1-1-0\" ><div\n\t\t\t\n\t\t\tclass=\"so-widget-sow-editor so-widget-sow-editor-base\"\n\t\t\t\n\t\t>\n<div class=\"siteorigin-widget-tinymce textwidget\">\n\t<\/p>\n<h2>\u0414\u043b\u044f \u043e\u043f\u0440\u0435\u0434\u0435\u043b\u0435\u043d\u0438\u044f \u0443\u0449\u0435\u0440\u0431\u0430 \u0442\u0440\u0435\u0431\u0443\u0435\u0442\u0441\u044f \u043f\u0440\u0435\u0434\u043e\u0441\u0442\u0430\u0432\u0438\u0442\u044c:<\/h2>\n<div class=\"dash style-dark\"><\/div>\n<ol>\n<li>\u00a0\u041f\u0438\u0441\u044c\u043c\u0435\u043d\u043d\u0443\u044e \u043f\u0440\u0435\u0442\u0435\u043d\u0437\u0438\u044e. \u0415\u0435 \u0434\u043e\u043b\u0436\u0435\u043d \u043f\u0440\u0435\u0434\u043e\u0441\u0442\u0430\u0432\u0438\u0442\u044c \u0432\u043b\u0430\u0434\u0435\u043b\u0435\u0446 \u043a\u0432\u0430\u0440\u0442\u0438\u0440\u044b\/ \u0434\u043e\u043c\u0430\/ \u043f\u043e\u043c\u0435\u0449\u0435\u043d\u0438\u044f;<\/li>\n<li>\u00a0\u041d\u0430\u0437\u0432\u0430\u043d\u0438\u0435\/ \u043a\u043e\u0434 \u043f\u0440\u043e\u0434\u0443\u043a\u0442\u0430, \u043a\u043e\u043f\u0438\u044e \u0434\u043e\u043a\u0443\u043c\u0435\u043d\u0442\u0430, \u043f\u043e\u0434\u0442\u0432\u0435\u0440\u0436\u0434\u0430\u044e\u0449\u0435\u0433\u043e \u0444\u0430\u043a\u0442 \u0435\u0433\u043e \u043f\u043e\u043a\u0443\u043f\u043a\u0438;<\/li>\n<li>\u00a0\u0423\u043a\u0430\u0437\u0430\u0442\u044c \u0441\u0432\u043e\u0438 \u043a\u043e\u043d\u0442\u0430\u043a\u0442\u043d\u044b\u0435 \u0434\u0430\u043d\u043d\u044b\u0435, \u0430\u0434\u0440\u0435\u0441, \u0434\u0430\u0442\u0443 \u0441\u0442\u0440\u0430\u0445\u043e\u0432\u043e\u0433\u043e \u0441\u043b\u0443\u0447\u0430\u044f;<\/li>\n<li>\u00a0\u041f\u0440\u0435\u0434\u043e\u0441\u0442\u0430\u0432\u0438\u0442\u044c \u0444\u043e\u0442\u043e\u0433\u0440\u0430\u0444\u0438\u0438 \u0438 \u0441 \u043f\u043e\u0440\u0447\u0435\u043d\u043d\u043e\u0433\u043e \u0438\u043c\u0443\u0449\u0435\u0441\u0442\u0432\u0430, \u0443\u043a\u0430\u0437\u0430\u0442\u044c \u0435\u0433\u043e \u0441\u0442\u043e\u0438\u043c\u043e\u0441\u0442\u044c.<\/li>\n<\/ol>\n<p>\u041f\u0440\u0435\u0442\u0435\u043d\u0437\u0438\u044e \u0441 \u0432\u044b\u0448\u0435\u0443\u043a\u0430\u0437\u0430\u043d\u043d\u043e\u0439 \u0438\u043d\u0444\u043e\u0440\u043c\u0430\u0446\u0438\u0435\u0439 \u0441\u043b\u0435\u0434\u0443\u0435\u0442 \u043f\u0440\u0435\u0434\u043e\u0441\u0442\u0430\u0432\u0438\u0442\u044c \u0417\u0410\u041e Rubineta \u043f\u043e \u0430\u0434\u0440\u0435\u0441\u0443 \u044d\u043b. \u043f\u043e\u0447\u0442\u044b: <a href=\"mail:hello@rubineta.com.\">hello@rubineta.com<\/a><\/p>\n<p>\u041f\u043e\u043b\u0443\u0447\u0438\u0432 \u0412\u0430\u0448\u0435 \u0443\u0432\u0435\u0434\u043e\u043c\u043b\u0435\u043d\u0438\u0435, \u0432 \u0442\u0435\u0447\u0435\u043d\u0438\u0435 3 \u0440\u0430\u0431\u043e\u0447\u0438\u0445 \u0434\u043d\u0435\u0439 \u043c\u044b \u0441\u0432\u044f\u0436\u0435\u043c\u0441\u044f \u0441 \u0412\u0430\u043c\u0438 \u043f\u043e \u0432\u043e\u043f\u0440\u043e\u0441\u0443 \u0434\u0430\u043b\u044c\u043d\u0435\u0439\u0448\u0435\u0433\u043e \u0440\u0430\u0441\u0441\u043c\u043e\u0442\u0440\u0435\u043d\u0438\u044f \u0441\u0442\u0440\u0430\u0445\u043e\u0432\u043e\u0433\u043e \u0441\u043b\u0443\u0447\u0430\u044f \u0438 \u0443\u0432\u0435\u0434\u043e\u043c\u0438\u043c \u0412\u0430\u0441 \u043e \u043f\u043e\u0440\u044f\u0434\u043a\u0435 \u043f\u0440\u0438\u043d\u044f\u0442\u0438\u044f \u0440\u0435\u0448\u0435\u043d\u0438\u044f.<\/p><\/p>\n<\/div>\n<\/div><\/div><\/div><\/div><\/div><\/div><div id=\"pg-11936-2\"  class=\"panel-grid panel-has-style\" ><div class=\"cta-home cta-dark siteorigin-panels-stretch lazy rocket-lazyload panel-row-style panel-row-style-for-11936-2\" data-stretch-type=\"full\" data-bg=\"https:\/\/rubineta.com\/wp-content\/uploads\/2018\/08\/rubineta-modena-cta.png\" ><div id=\"pgc-11936-2-0\"  class=\"panel-grid-cell panel-grid-cell-mobile-last\" ><div id=\"panel-11936-2-0-0\" class=\"so-panel widget widget_black-studio-tinymce widget_black_studio_tinymce panel-first-child panel-last-child\" data-index=\"5\" ><div class=\"animate animate-1 panel-widget-style panel-widget-style-for-11936-2-0-0\" ><div class=\"textwidget\"><p><span class=\"subtitle dash-true style-dark\">\u0415\u0421\u0422\u042c \u0412\u041e\u041f\u0420\u041e\u0421\u042b?<\/span><\/p>\n<h2>\u0421\u0432\u044f\u0436\u0438\u0442\u0435\u0441\u044c \u0441 \u043d\u0430\u043c\u0438 \u043f\u043e \u044d\u043b\u0435\u043a\u0442\u0440\u043e\u043d\u043d\u043e\u0439 \u043f\u043e\u0447\u0442\u0435: <a href=\"mailto:hello@rubineta.com\">hello@rubineta.com<\/a><\/h2>\n<\/div><\/div><\/div><\/div><div id=\"pgc-11936-2-1\"  class=\"panel-grid-cell panel-grid-cell-empty\" ><\/div><\/div><\/div><\/div>","protected":false},"excerpt":{"rendered":"<p>\u041f\u0440\u043e\u0438\u0437\u0432\u043e\u0434\u0441\u0442\u0432\u043e RUBINETA \u0438\u043c\u0435\u0435\u0442 \u0441\u0442\u0440\u0430\u0445\u043e\u0432\u0430\u043d\u0438\u0435 \u0433\u0440\u0430\u0436\u0434\u0430\u043d\u0441\u043a\u043e\u0439 \u043e\u0442\u0432\u0435\u0442\u0441\u0442\u0432\u0435\u043d\u043d\u043e\u0441\u0442\u0438. \u041f\u0440\u0438 \u0441\u0442\u0440\u0430\u0445\u043e\u0432\u0430\u043d\u0438\u0438 \u043e\u0442\u0432\u0435\u0442\u0441\u0442\u0432\u0435\u043d\u043d\u043e\u0441\u0442\u0438 \u043a\u0430\u0447\u0435\u0441\u0442\u0432\u0430 \u043f\u0440\u043e\u0434\u0443\u043a\u0446\u0438\u0438, \u0437\u0430\u0449\u0438\u0449\u0430\u044e\u0442\u0441\u044f \u0438\u043d\u0442\u0435\u0440\u0435\u0441\u044b \u043f\u043e\u0442\u0440\u0435\u0431\u0438\u0442\u0435\u043b\u0435\u0439, \u043f\u043e\u043b\u0443\u0447\u0430\u044e\u0449\u0438\u0445 \u0434\u043e\u043f\u043e\u043b\u043d\u0438\u0442\u0435\u043b\u044c\u043d\u044b\u0435 \u0433\u0430\u0440\u0430\u043d\u0442\u0438\u0438 \u0440\u0435\u0430\u043b\u0438\u0437\u0430\u0446\u0438\u0438 \u0441\u0432\u043e\u0438\u0445 \u0437\u0430\u043a\u043e\u043d\u043d\u044b\u0445 [&hellip;]<\/p>\n","protected":false},"author":1,"featured_media":0,"parent":0,"menu_order":0,"comment_status":"closed","ping_status":"closed","template":"","meta":{"footnotes":""},"class_list":["post-11936","page","type-page","status-publish","hentry"],"yoast_head":"<!-- This site is optimized with the Yoast SEO plugin v23.9 - https:\/\/yoast.com\/wordpress\/plugins\/seo\/ -->\n<title>C\u0442\u0440\u0430\u0445\u043e\u0432\u0430\u043d\u0438\u0435 \u0433\u0440\u0430\u0436\u0434\u0430\u043d\u0441\u043a\u043e\u0439 \u043e\u0442\u0432\u0435\u0442\u0441\u0442\u0432\u0435\u043d\u043d\u043e\u0441\u0442\u0438 | RUBINETA<\/title>\n<meta name=\"description\" content=\"Produkto civilin\u0117s atsakomyb\u0117s draudimas gina vartotoj\u0173 teises ir atlygina tre\u010di\u0173j\u0173 asmen\u0173 (vartotoj\u0173) patirt\u0105 \u017eal\u0105, jei \u017eala susijusi su netinkama...\" \/>\n<meta name=\"robots\" content=\"index, follow, max-snippet:-1, max-image-preview:large, max-video-preview:-1\" \/>\n<link rel=\"canonical\" href=\"https:\/\/rubineta.com\/lv\/civil-liability-insurance\/\" \/>\n<meta name=\"twitter:label1\" content=\"\u041f\u0440\u0438\u043c\u0435\u0440\u043d\u043e\u0435 \u0432\u0440\u0435\u043c\u044f \u0434\u043b\u044f \u0447\u0442\u0435\u043d\u0438\u044f\" \/>\n\t<meta name=\"twitter:data1\" content=\"1 \u043c\u0438\u043d\u0443\u0442\u0430\" \/>\n<script type=\"application\/ld+json\" class=\"yoast-schema-graph\">{\"@context\":\"https:\/\/schema.org\",\"@graph\":[{\"@type\":\"WebPage\",\"@id\":\"https:\/\/rubineta.com\/lv\/civil-liability-insurance\/\",\"url\":\"https:\/\/rubineta.com\/lv\/civil-liability-insurance\/\",\"name\":\"[:lt]Civilin\u0117s atsakomyb\u0117s draudimas[:en]Civil liability insurance[:ru]C\u0442\u0440\u0430\u0445\u043e\u0432\u0430\u043d\u0438\u0435 \u0433\u0440\u0430\u0436\u0434\u0430\u043d\u0441\u043a\u043e\u0439 \u043e\u0442\u0432\u0435\u0442\u0441\u0442\u0432\u0435\u043d\u043d\u043e\u0441\u0442\u0438[:lv]Civiltiesisk\u0101s atbild\u012bbas apdro\u0161in\u0101\u0161ana[:] | RUBINETA\",\"isPartOf\":{\"@id\":\"https:\/\/rubineta.com\/#website\"},\"datePublished\":\"2018-07-27T10:53:44+00:00\",\"dateModified\":\"2020-07-20T11:30:42+00:00\",\"description\":\"Produkto civilin\u0117s atsakomyb\u0117s draudimas gina vartotoj\u0173 teises ir atlygina tre\u010di\u0173j\u0173 asmen\u0173 (vartotoj\u0173) patirt\u0105 \u017eal\u0105, jei \u017eala susijusi su netinkama...\",\"breadcrumb\":{\"@id\":\"https:\/\/rubineta.com\/lv\/civil-liability-insurance\/#breadcrumb\"},\"inLanguage\":\"ru-RU\",\"potentialAction\":[{\"@type\":\"ReadAction\",\"target\":[\"https:\/\/rubineta.com\/lv\/civil-liability-insurance\/\"]}]},{\"@type\":\"BreadcrumbList\",\"@id\":\"https:\/\/rubineta.com\/lv\/civil-liability-insurance\/#breadcrumb\",\"itemListElement\":[{\"@type\":\"ListItem\",\"position\":1,\"name\":\"Home\",\"item\":\"https:\/\/rubineta.com\/lv\/\"},{\"@type\":\"ListItem\",\"position\":2,\"name\":\"Civiltiesisk\u0101s atbild\u012bbas apdro\u0161in\u0101\u0161ana\"}]},{\"@type\":\"WebSite\",\"@id\":\"https:\/\/rubineta.com\/#website\",\"url\":\"https:\/\/rubineta.com\/\",\"name\":\"Rubineta - Quality And Reliable Sanitary Fittings\",\"description\":\"High Quality And Reliable Faucets\",\"publisher\":{\"@id\":\"https:\/\/rubineta.com\/#organization\"},\"potentialAction\":[{\"@type\":\"SearchAction\",\"target\":{\"@type\":\"EntryPoint\",\"urlTemplate\":\"https:\/\/rubineta.com\/?s={search_term_string}\"},\"query-input\":{\"@type\":\"PropertyValueSpecification\",\"valueRequired\":true,\"valueName\":\"search_term_string\"}}],\"inLanguage\":\"ru-RU\"},{\"@type\":\"Organization\",\"@id\":\"https:\/\/rubineta.com\/#organization\",\"name\":\"RUBINETA\",\"url\":\"https:\/\/rubineta.com\/\",\"logo\":{\"@type\":\"ImageObject\",\"inLanguage\":\"ru-RU\",\"@id\":\"https:\/\/rubineta.com\/#\/schema\/logo\/image\/\",\"url\":\"https:\/\/rubineta.com\/wp-content\/uploads\/2020\/07\/RUBINETA-logo.jpg\",\"contentUrl\":\"https:\/\/rubineta.com\/wp-content\/uploads\/2020\/07\/RUBINETA-logo.jpg\",\"width\":825,\"height\":456,\"caption\":\"RUBINETA\"},\"image\":{\"@id\":\"https:\/\/rubineta.com\/#\/schema\/logo\/image\/\"}}]}<\/script>\n<!-- \/ Yoast SEO plugin. -->","yoast_head_json":{"title":"[:lt]Civilin\u0117s atsakomyb\u0117s draudimas[:en]Civil liability insurance[:ru]C\u0442\u0440\u0430\u0445\u043e\u0432\u0430\u043d\u0438\u0435 \u0433\u0440\u0430\u0436\u0434\u0430\u043d\u0441\u043a\u043e\u0439 \u043e\u0442\u0432\u0435\u0442\u0441\u0442\u0432\u0435\u043d\u043d\u043e\u0441\u0442\u0438[:lv]Civiltiesisk\u0101s atbild\u012bbas apdro\u0161in\u0101\u0161ana[:] | RUBINETA","description":"Produkto civilin\u0117s atsakomyb\u0117s draudimas gina vartotoj\u0173 teises ir atlygina tre\u010di\u0173j\u0173 asmen\u0173 (vartotoj\u0173) patirt\u0105 \u017eal\u0105, jei \u017eala susijusi su netinkama...","robots":{"index":"index","follow":"follow","max-snippet":"max-snippet:-1","max-image-preview":"max-image-preview:large","max-video-preview":"max-video-preview:-1"},"canonical":"https:\/\/rubineta.com\/lv\/civil-liability-insurance\/","twitter_misc":{"\u041f\u0440\u0438\u043c\u0435\u0440\u043d\u043e\u0435 \u0432\u0440\u0435\u043c\u044f \u0434\u043b\u044f \u0447\u0442\u0435\u043d\u0438\u044f":"1 \u043c\u0438\u043d\u0443\u0442\u0430"},"schema":{"@context":"https:\/\/schema.org","@graph":[{"@type":"WebPage","@id":"https:\/\/rubineta.com\/lv\/civil-liability-insurance\/","url":"https:\/\/rubineta.com\/lv\/civil-liability-insurance\/","name":"[:lt]Civilin\u0117s atsakomyb\u0117s draudimas[:en]Civil liability insurance[:ru]C\u0442\u0440\u0430\u0445\u043e\u0432\u0430\u043d\u0438\u0435 \u0433\u0440\u0430\u0436\u0434\u0430\u043d\u0441\u043a\u043e\u0439 \u043e\u0442\u0432\u0435\u0442\u0441\u0442\u0432\u0435\u043d\u043d\u043e\u0441\u0442\u0438[:lv]Civiltiesisk\u0101s atbild\u012bbas apdro\u0161in\u0101\u0161ana[:] | RUBINETA","isPartOf":{"@id":"https:\/\/rubineta.com\/#website"},"datePublished":"2018-07-27T10:53:44+00:00","dateModified":"2020-07-20T11:30:42+00:00","description":"Produkto civilin\u0117s atsakomyb\u0117s draudimas gina vartotoj\u0173 teises ir atlygina tre\u010di\u0173j\u0173 asmen\u0173 (vartotoj\u0173) patirt\u0105 \u017eal\u0105, jei \u017eala susijusi su netinkama...","breadcrumb":{"@id":"https:\/\/rubineta.com\/lv\/civil-liability-insurance\/#breadcrumb"},"inLanguage":"ru-RU","potentialAction":[{"@type":"ReadAction","target":["https:\/\/rubineta.com\/lv\/civil-liability-insurance\/"]}]},{"@type":"BreadcrumbList","@id":"https:\/\/rubineta.com\/lv\/civil-liability-insurance\/#breadcrumb","itemListElement":[{"@type":"ListItem","position":1,"name":"Home","item":"https:\/\/rubineta.com\/lv\/"},{"@type":"ListItem","position":2,"name":"Civiltiesisk\u0101s atbild\u012bbas apdro\u0161in\u0101\u0161ana"}]},{"@type":"WebSite","@id":"https:\/\/rubineta.com\/#website","url":"https:\/\/rubineta.com\/","name":"Rubineta - Quality And Reliable Sanitary Fittings","description":"High Quality And Reliable Faucets","publisher":{"@id":"https:\/\/rubineta.com\/#organization"},"potentialAction":[{"@type":"SearchAction","target":{"@type":"EntryPoint","urlTemplate":"https:\/\/rubineta.com\/?s={search_term_string}"},"query-input":{"@type":"PropertyValueSpecification","valueRequired":true,"valueName":"search_term_string"}}],"inLanguage":"ru-RU"},{"@type":"Organization","@id":"https:\/\/rubineta.com\/#organization","name":"RUBINETA","url":"https:\/\/rubineta.com\/","logo":{"@type":"ImageObject","inLanguage":"ru-RU","@id":"https:\/\/rubineta.com\/#\/schema\/logo\/image\/","url":"https:\/\/rubineta.com\/wp-content\/uploads\/2020\/07\/RUBINETA-logo.jpg","contentUrl":"https:\/\/rubineta.com\/wp-content\/uploads\/2020\/07\/RUBINETA-logo.jpg","width":825,"height":456,"caption":"RUBINETA"},"image":{"@id":"https:\/\/rubineta.com\/#\/schema\/logo\/image\/"}}]}},"_links":{"self":[{"href":"https:\/\/rubineta.com\/ru\/wp-json\/wp\/v2\/pages\/11936","targetHints":{"allow":["GET"]}}],"collection":[{"href":"https:\/\/rubineta.com\/ru\/wp-json\/wp\/v2\/pages"}],"about":[{"href":"https:\/\/rubineta.com\/ru\/wp-json\/wp\/v2\/types\/page"}],"author":[{"embeddable":true,"href":"https:\/\/rubineta.com\/ru\/wp-json\/wp\/v2\/users\/1"}],"replies":[{"embeddable":true,"href":"https:\/\/rubineta.com\/ru\/wp-json\/wp\/v2\/comments?post=11936"}],"version-history":[{"count":0,"href":"https:\/\/rubineta.com\/ru\/wp-json\/wp\/v2\/pages\/11936\/revisions"}],"wp:attachment":[{"href":"https:\/\/rubineta.com\/ru\/wp-json\/wp\/v2\/media?parent=11936"}],"curies":[{"name":"wp","href":"https:\/\/api.w.org\/{rel}","templated":true}]}}