{"id":11992,"date":"2018-07-31T07:02:27","date_gmt":"2018-07-31T09:02:27","guid":{"rendered":"http:\/\/rubineta.com\/?page_id=11992"},"modified":"2022-01-10T07:10:02","modified_gmt":"2022-01-10T09:10:02","slug":"apie-rubineta","status":"publish","type":"page","link":"https:\/\/rubineta.com\/ru\/apie-rubineta\/","title":{"rendered":"\u041e RUBINETA"},"content":{"rendered":"<div id=\"pl-11992\"  class=\"panel-layout\" ><div id=\"pg-11992-0\"  class=\"panel-grid panel-has-style\" ><div class=\"panel-row-style panel-row-style-for-11992-0\" ><div id=\"pgc-11992-0-0\"  class=\"panel-grid-cell\" ><div id=\"panel-11992-0-0-0\" class=\"so-panel widget widget_nav_menu panel-first-child panel-last-child\" data-index=\"0\" ><div class=\"produktas-sidebar panel-widget-style panel-widget-style-for-11992-0-0-0\" ><h3 class=\"widget-title\">\u041e\u0437\u043d\u0430\u043a\u043e\u043c\u0438\u0442\u044c\u0441\u044f<\/h3><div class=\"menu-apie-imone-container\"><ul id=\"menu-apie-imone\" class=\"menu\"><li id=\"menu-item-16190\" class=\"menu-item menu-item-type-post_type menu-item-object-page menu-item-16190\"><a href=\"https:\/\/rubineta.com\/ru\/apie-rubineta\/\">O \u043a\u043e\u043c\u043f\u0430\u043d\u0438\u0438<\/a><\/li>\n<li id=\"menu-item-16187\" class=\"menu-item menu-item-type-post_type menu-item-object-page menu-item-16187\"><a href=\"https:\/\/rubineta.com\/ru\/timeline\/\">\u0418\u0441\u0442\u043e\u0440\u0438\u044f<\/a><\/li>\n<li id=\"menu-item-16189\" class=\"menu-item menu-item-type-post_type menu-item-object-page menu-item-16189\"><a href=\"https:\/\/rubineta.com\/ru\/kaip-gimsta-rubineta-maisytuvai\/\">\u041a\u0430\u043a \u0440\u043e\u0436\u0434\u0430\u044e\u0442\u0441\u044f \u0441\u043c\u0435\u0441\u0438\u0442\u0435\u043b\u0438 RUBINET\u0410<\/a><\/li>\n<li id=\"menu-item-16188\" class=\"menu-item menu-item-type-post_type menu-item-object-page menu-item-16188\"><a href=\"https:\/\/rubineta.com\/ru\/career\/\">\u041a\u0430\u0440\u044c\u0435\u0440\u0430<\/a><\/li>\n<\/ul><\/div><\/div><\/div><\/div><div id=\"pgc-11992-0-1\"  class=\"panel-grid-cell\" ><div id=\"panel-11992-0-1-0\" class=\"so-panel widget widget_sow-editor panel-first-child\" data-index=\"1\" ><div class=\"shadow-box download-btn  panel-widget-style panel-widget-style-for-11992-0-1-0\" ><div\n\t\t\t\n\t\t\tclass=\"so-widget-sow-editor so-widget-sow-editor-base\"\n\t\t\t\n\t\t>\n<div class=\"siteorigin-widget-tinymce textwidget\">\n\t<h2><strong>\u0415\u0434\u0438\u043d\u0430\u044f \u043a\u043e\u043c\u0430\u043d\u0434\u0430 \u043f\u0440\u043e\u0444\u0435\u0441\u0441\u0438\u043e\u043d\u0430\u043b\u043e\u0432<\/strong><\/h2>\n<div class=\"dash style-dark\"><\/div>\n<p>RUBINETA \u2013 \u043a\u0440\u0443\u043f\u043d\u0435\u0439\u0448\u0438\u0439 \u043f\u0440\u043e\u0438\u0437\u0432\u043e\u0434\u0438\u0442\u0435\u043b\u044c \u0441\u043c\u0435\u0441\u0438\u0442\u0435\u043b\u0435\u0439 \u0438 \u0438\u0445 \u0430\u043a\u0441\u0435\u0441\u0441\u0443\u0430\u0440\u043e\u0432 \u0432 \u0441\u0442\u0440\u0430\u043d\u0430\u0445 \u0411\u0430\u043b\u0442\u0438\u0438.<\/p>\n<p>RUBINETA \u0431\u044b\u043b\u0430 \u043e\u0441\u043d\u043e\u0432\u0430\u043d\u0430 \u0432 1999 \u0433\u043e\u0434\u0443 \u0432 \u0412\u0438\u043b\u044c\u043d\u044e\u0441\u0435 (\u041b\u0438\u0442\u0432\u0430). \u0411\u043e\u043b\u0435\u0435 20 \u043b\u0435\u0442 \u043a\u043e\u043c\u043f\u0430\u043d\u0438\u044f \u0443\u0441\u043f\u0435\u0448\u043d\u043e \u0440\u0430\u0437\u0440\u0430\u0431\u0430\u0442\u044b\u0432\u0430\u0435\u0442 \u0438 \u043f\u0440\u043e\u0438\u0437\u0432\u043e\u0434\u0438\u0442 \u043d\u0430\u0434\u0451\u0436\u043d\u043e\u0435 \u0438 \u0434\u043e\u043b\u0433\u043e\u0432\u0435\u0447\u043d\u043e\u0435 \u0441\u0430\u043d\u0442\u0435\u0445\u043d\u0438\u0447\u0435\u0441\u043a\u043e\u0435 \u043e\u0431\u043e\u0440\u0443\u0434\u043e\u0432\u0430\u043d\u0438\u0435. RUBINETA \u043f\u0440\u0435\u0434\u043b\u0430\u0433\u0430\u0435\u0442 \u043a\u043e\u043c\u043f\u043b\u0435\u043a\u0441\u043d\u044b\u0435 \u0440\u0435\u0448\u0435\u043d\u0438\u044f \u0434\u043b\u044f \u0432\u0430\u043d\u043d\u044b\u0445 \u043a\u043e\u043c\u043d\u0430\u0442 \u0438 \u043a\u0443\u0445\u043e\u043d\u044c - \u043e\u0442 \u0441\u043c\u0435\u0441\u0438\u0442\u0435\u043b\u0435\u0439 \u0434\u043e \u0434\u0443\u0448\u0435\u0432\u044b\u0445 \u043a\u0430\u0431\u0438\u043d \u0438 \u0430\u043a\u0441\u0435\u0441\u0441\u0443\u0430\u0440\u043e\u0432 \u0434\u043b\u044f \u0432\u0430\u043d\u043d\u044b\u0445 \u043a\u043e\u043c\u043d\u0430\u0442. \u041f\u0440\u043e\u0434\u0443\u043a\u0446\u0438\u044f RUBINETA \u043f\u0440\u043e\u0434\u0430\u0435\u0442\u0441\u044f \u0431\u043e\u043b\u0435\u0435 \u0447\u0435\u043c \u0432 30 \u0441\u0442\u0440\u0430\u043d\u0430\u0445 \u043c\u0438\u0440\u0430.<br \/>\nRUBINETA \u2013 \u043e\u0431\u044a\u0435\u0434\u0438\u043d\u0435\u043d\u043d\u0430\u044f \u043a\u043e\u043c\u0430\u043d\u0434\u0430 \u043f\u0440\u043e\u0444\u0435\u0441\u0441\u0438\u043e\u043d\u0430\u043b\u043e\u0432, \u0441\u043e\u0441\u0442\u043e\u044f\u0449\u0430\u044f \u0438\u0437 \u0434\u0438\u0437\u0430\u0439\u043d\u0435\u0440\u043e\u0432, \u043a\u043e\u043d\u0441\u0442\u0440\u0443\u043a\u0442\u043e\u0440\u043e\u0432, \u0438\u043d\u0436\u0435\u043d\u0435\u0440\u043e\u0432, \u0441\u043f\u0435\u0446\u0438\u0430\u043b\u0438\u0441\u0442\u043e\u0432 \u043f\u043e \u043c\u0430\u0440\u043a\u0435\u0442\u0438\u043d\u0433\u0443 \u0438 \u043f\u0440\u043e\u0434\u0430\u0436\u0430\u043c, \u043a\u043e\u0442\u043e\u0440\u044b\u0435 \u0446\u0435\u043b\u0435\u043d\u0430\u043f\u0440\u0430\u0432\u043b\u0435\u043d\u043d\u043e \u043f\u0440\u043e\u0434\u0432\u0438\u0433\u0430\u044e\u0442\u0441\u044f \u043a \u043e\u0431\u0449\u0435\u0439 \u0446\u0435\u043b\u0438. \u041c\u0430\u043a\u0441\u0438\u043c\u0443\u043c \u0432\u043d\u0438\u043c\u0430\u043d\u0438\u044f \u0443\u0434\u0435\u043b\u044f\u0435\u0442\u0441\u044f \u043a\u0430\u0447\u0435\u0441\u0442\u0432\u0443 \u0438 \u043f\u043e\u0441\u0442\u043e\u044f\u043d\u043d\u043e\u043c\u0443 \u0441\u043e\u0432\u0435\u0440\u0448\u0435\u043d\u0441\u0442\u0432\u043e\u0432\u0430\u043d\u0438\u044e \u043f\u0440\u043e\u0438\u0437\u0432\u043e\u0434\u0438\u043c\u043e\u0439 \u043f\u0440\u043e\u0434\u0443\u043a\u0446\u0438\u0438.<\/p>\n<\/div>\n<\/div><\/div><\/div><div id=\"panel-11992-0-1-1\" class=\"so-panel widget widget_media_video panel-last-child\" data-index=\"2\" ><div style=\"width:100%;\" class=\"wp-video\"><!--[if lt IE 9]><script>document.createElement('video');<\/script><![endif]-->\n<video class=\"wp-video-shortcode\" id=\"video-11992-1\" preload=\"metadata\" controls=\"controls\"><source type=\"video\/youtube\" src=\"https:\/\/www.youtube.com\/watch?v=wROY1Lv9nz4&#038;_=1\" \/><a href=\"https:\/\/www.youtube.com\/watch?v=wROY1Lv9nz4\">https:\/\/www.youtube.com\/watch?v=wROY1Lv9nz4<\/a><\/video><\/div><\/div><\/div><\/div><\/div><div id=\"pg-11992-1\"  class=\"panel-grid panel-has-style\" ><div class=\"cta-home cta-dark siteorigin-panels-stretch lazy rocket-lazyload panel-row-style panel-row-style-for-11992-1\" data-stretch-type=\"full\" data-bg=\"https:\/\/rubineta.com\/wp-content\/uploads\/2018\/08\/rubineta-modena-cta.png\" ><div id=\"pgc-11992-1-0\"  class=\"panel-grid-cell panel-grid-cell-mobile-last\" ><div id=\"panel-11992-1-0-0\" class=\"so-panel widget widget_black-studio-tinymce widget_black_studio_tinymce panel-first-child panel-last-child\" data-index=\"3\" ><div class=\"animate animate-1 panel-widget-style panel-widget-style-for-11992-1-0-0\" ><div class=\"textwidget\"><p><span class=\"subtitle dash-true style-dark\">\u041f\u0420\u041e\u0414\u0423\u041a\u0426\u0418\u042f RUBINETA<\/span><\/p>\n<h2>\u041f\u043e\u0441\u043c\u043e\u0442\u0440\u0438\u0442\u0435 \u043a\u0430\u0442\u0430\u043b\u043e\u0433 \u043d\u0430\u0448\u0435\u0439 \u043f\u0440\u043e\u0434\u0443\u043a\u0446\u0438\u0438<\/h2>\n<p><a href=\"\/series\/\" class=\"btn btn-btn-read-more arrow-right\" target=\"_self\"><span>\u041f\u0440\u043e\u0447\u0438\u0442\u0430\u0439\u0442\u0435 \u0434\u0430\u043b\u044c\u0448\u0435<\/span><\/a><\/p>\n<\/div><\/div><\/div><\/div><div id=\"pgc-11992-1-1\"  class=\"panel-grid-cell panel-grid-cell-empty\" ><\/div><\/div><\/div><\/div>","protected":false},"excerpt":{"rendered":"<p>\u0415\u0434\u0438\u043d\u0430\u044f \u043a\u043e\u043c\u0430\u043d\u0434\u0430 \u043f\u0440\u043e\u0444\u0435\u0441\u0441\u0438\u043e\u043d\u0430\u043b\u043e\u0432 RUBINETA \u2013 \u043a\u0440\u0443\u043f\u043d\u0435\u0439\u0448\u0438\u0439 \u043f\u0440\u043e\u0438\u0437\u0432\u043e\u0434\u0438\u0442\u0435\u043b\u044c \u0441\u043c\u0435\u0441\u0438\u0442\u0435\u043b\u0435\u0439 \u0438 \u0438\u0445 \u0430\u043a\u0441\u0435\u0441\u0441\u0443\u0430\u0440\u043e\u0432 \u0432 \u0441\u0442\u0440\u0430\u043d\u0430\u0445 \u0411\u0430\u043b\u0442\u0438\u0438. RUBINETA \u0431\u044b\u043b\u0430 \u043e\u0441\u043d\u043e\u0432\u0430\u043d\u0430 \u0432 1999 \u0433\u043e\u0434\u0443 [&hellip;]<\/p>\n","protected":false},"author":1,"featured_media":0,"parent":0,"menu_order":0,"comment_status":"closed","ping_status":"closed","template":"","meta":{"footnotes":""},"class_list":["post-11992","page","type-page","status-publish","hentry"],"yoast_head":"<!-- This site is optimized with the Yoast SEO plugin v23.9 - https:\/\/yoast.com\/wordpress\/plugins\/seo\/ -->\n<title>Apie RUBINET\u0104 | Lietuvos gamybos \u012fmon\u0117s \u012fk\u016brimas, istorija<\/title>\n<meta name=\"description\" content=\"Lietuvos gamybos \u012fmon\u0117s \u012fk\u016brimas, istorija. RUBINETA \u2013 rinkoje jau nuo 1999 met\u0173, \u017einomi daugelyje Europos bei NVS \u0161ali\u0173.\" \/>\n<meta name=\"robots\" content=\"index, follow, max-snippet:-1, max-image-preview:large, max-video-preview:-1\" \/>\n<link rel=\"canonical\" href=\"https:\/\/rubineta.com\/apie-rubineta\/\" \/>\n<meta name=\"twitter:label1\" content=\"\u041f\u0440\u0438\u043c\u0435\u0440\u043d\u043e\u0435 \u0432\u0440\u0435\u043c\u044f \u0434\u043b\u044f \u0447\u0442\u0435\u043d\u0438\u044f\" \/>\n\t<meta name=\"twitter:data1\" content=\"2 \u043c\u0438\u043d\u0443\u0442\u044b\" \/>\n<script type=\"application\/ld+json\" class=\"yoast-schema-graph\">{\"@context\":\"https:\/\/schema.org\",\"@graph\":[{\"@type\":\"WebPage\",\"@id\":\"https:\/\/rubineta.com\/apie-rubineta\/\",\"url\":\"https:\/\/rubineta.com\/apie-rubineta\/\",\"name\":\"Apie RUBINET\u0104 | Lietuvos gamybos \u012fmon\u0117s \u012fk\u016brimas, istorija\",\"isPartOf\":{\"@id\":\"https:\/\/rubineta.com\/#website\"},\"datePublished\":\"2018-07-31T09:02:27+00:00\",\"dateModified\":\"2022-01-10T09:10:02+00:00\",\"description\":\"Lietuvos gamybos \u012fmon\u0117s \u012fk\u016brimas, istorija. RUBINETA \u2013 rinkoje jau nuo 1999 met\u0173, \u017einomi daugelyje Europos bei NVS \u0161ali\u0173.\",\"breadcrumb\":{\"@id\":\"https:\/\/rubineta.com\/apie-rubineta\/#breadcrumb\"},\"inLanguage\":\"ru-RU\",\"potentialAction\":[{\"@type\":\"ReadAction\",\"target\":[\"https:\/\/rubineta.com\/apie-rubineta\/\"]}]},{\"@type\":\"BreadcrumbList\",\"@id\":\"https:\/\/rubineta.com\/apie-rubineta\/#breadcrumb\",\"itemListElement\":[{\"@type\":\"ListItem\",\"position\":1,\"name\":\"Home\",\"item\":\"https:\/\/rubineta.com\/lv\/\"},{\"@type\":\"ListItem\",\"position\":2,\"name\":\"Apie RUBINET\u0104\"}]},{\"@type\":\"WebSite\",\"@id\":\"https:\/\/rubineta.com\/#website\",\"url\":\"https:\/\/rubineta.com\/\",\"name\":\"Rubineta - Quality And Reliable Sanitary Fittings\",\"description\":\"High Quality And Reliable Faucets\",\"publisher\":{\"@id\":\"https:\/\/rubineta.com\/#organization\"},\"potentialAction\":[{\"@type\":\"SearchAction\",\"target\":{\"@type\":\"EntryPoint\",\"urlTemplate\":\"https:\/\/rubineta.com\/?s={search_term_string}\"},\"query-input\":{\"@type\":\"PropertyValueSpecification\",\"valueRequired\":true,\"valueName\":\"search_term_string\"}}],\"inLanguage\":\"ru-RU\"},{\"@type\":\"Organization\",\"@id\":\"https:\/\/rubineta.com\/#organization\",\"name\":\"RUBINETA\",\"url\":\"https:\/\/rubineta.com\/\",\"logo\":{\"@type\":\"ImageObject\",\"inLanguage\":\"ru-RU\",\"@id\":\"https:\/\/rubineta.com\/#\/schema\/logo\/image\/\",\"url\":\"https:\/\/rubineta.com\/wp-content\/uploads\/2020\/07\/RUBINETA-logo.jpg\",\"contentUrl\":\"https:\/\/rubineta.com\/wp-content\/uploads\/2020\/07\/RUBINETA-logo.jpg\",\"width\":825,\"height\":456,\"caption\":\"RUBINETA\"},\"image\":{\"@id\":\"https:\/\/rubineta.com\/#\/schema\/logo\/image\/\"}}]}<\/script>\n<!-- \/ Yoast SEO plugin. -->","yoast_head_json":{"title":"Apie RUBINET\u0104 | Lietuvos gamybos \u012fmon\u0117s \u012fk\u016brimas, istorija","description":"Lietuvos gamybos \u012fmon\u0117s \u012fk\u016brimas, istorija. RUBINETA \u2013 rinkoje jau nuo 1999 met\u0173, \u017einomi daugelyje Europos bei NVS \u0161ali\u0173.","robots":{"index":"index","follow":"follow","max-snippet":"max-snippet:-1","max-image-preview":"max-image-preview:large","max-video-preview":"max-video-preview:-1"},"canonical":"https:\/\/rubineta.com\/apie-rubineta\/","twitter_misc":{"\u041f\u0440\u0438\u043c\u0435\u0440\u043d\u043e\u0435 \u0432\u0440\u0435\u043c\u044f \u0434\u043b\u044f \u0447\u0442\u0435\u043d\u0438\u044f":"2 \u043c\u0438\u043d\u0443\u0442\u044b"},"schema":{"@context":"https:\/\/schema.org","@graph":[{"@type":"WebPage","@id":"https:\/\/rubineta.com\/apie-rubineta\/","url":"https:\/\/rubineta.com\/apie-rubineta\/","name":"Apie RUBINET\u0104 | Lietuvos gamybos \u012fmon\u0117s \u012fk\u016brimas, istorija","isPartOf":{"@id":"https:\/\/rubineta.com\/#website"},"datePublished":"2018-07-31T09:02:27+00:00","dateModified":"2022-01-10T09:10:02+00:00","description":"Lietuvos gamybos \u012fmon\u0117s \u012fk\u016brimas, istorija. RUBINETA \u2013 rinkoje jau nuo 1999 met\u0173, \u017einomi daugelyje Europos bei NVS \u0161ali\u0173.","breadcrumb":{"@id":"https:\/\/rubineta.com\/apie-rubineta\/#breadcrumb"},"inLanguage":"ru-RU","potentialAction":[{"@type":"ReadAction","target":["https:\/\/rubineta.com\/apie-rubineta\/"]}]},{"@type":"BreadcrumbList","@id":"https:\/\/rubineta.com\/apie-rubineta\/#breadcrumb","itemListElement":[{"@type":"ListItem","position":1,"name":"Home","item":"https:\/\/rubineta.com\/lv\/"},{"@type":"ListItem","position":2,"name":"Apie RUBINET\u0104"}]},{"@type":"WebSite","@id":"https:\/\/rubineta.com\/#website","url":"https:\/\/rubineta.com\/","name":"Rubineta - Quality And Reliable Sanitary Fittings","description":"High Quality And Reliable Faucets","publisher":{"@id":"https:\/\/rubineta.com\/#organization"},"potentialAction":[{"@type":"SearchAction","target":{"@type":"EntryPoint","urlTemplate":"https:\/\/rubineta.com\/?s={search_term_string}"},"query-input":{"@type":"PropertyValueSpecification","valueRequired":true,"valueName":"search_term_string"}}],"inLanguage":"ru-RU"},{"@type":"Organization","@id":"https:\/\/rubineta.com\/#organization","name":"RUBINETA","url":"https:\/\/rubineta.com\/","logo":{"@type":"ImageObject","inLanguage":"ru-RU","@id":"https:\/\/rubineta.com\/#\/schema\/logo\/image\/","url":"https:\/\/rubineta.com\/wp-content\/uploads\/2020\/07\/RUBINETA-logo.jpg","contentUrl":"https:\/\/rubineta.com\/wp-content\/uploads\/2020\/07\/RUBINETA-logo.jpg","width":825,"height":456,"caption":"RUBINETA"},"image":{"@id":"https:\/\/rubineta.com\/#\/schema\/logo\/image\/"}}]}},"_links":{"self":[{"href":"https:\/\/rubineta.com\/ru\/wp-json\/wp\/v2\/pages\/11992","targetHints":{"allow":["GET"]}}],"collection":[{"href":"https:\/\/rubineta.com\/ru\/wp-json\/wp\/v2\/pages"}],"about":[{"href":"https:\/\/rubineta.com\/ru\/wp-json\/wp\/v2\/types\/page"}],"author":[{"embeddable":true,"href":"https:\/\/rubineta.com\/ru\/wp-json\/wp\/v2\/users\/1"}],"replies":[{"embeddable":true,"href":"https:\/\/rubineta.com\/ru\/wp-json\/wp\/v2\/comments?post=11992"}],"version-history":[{"count":12,"href":"https:\/\/rubineta.com\/ru\/wp-json\/wp\/v2\/pages\/11992\/revisions"}],"predecessor-version":[{"id":24643,"href":"https:\/\/rubineta.com\/ru\/wp-json\/wp\/v2\/pages\/11992\/revisions\/24643"}],"wp:attachment":[{"href":"https:\/\/rubineta.com\/ru\/wp-json\/wp\/v2\/media?parent=11992"}],"curies":[{"name":"wp","href":"https:\/\/api.w.org\/{rel}","templated":true}]}}