{"id":12022,"date":"2018-07-31T07:45:41","date_gmt":"2018-07-31T09:45:41","guid":{"rendered":"http:\/\/rubineta.com\/?page_id=12022"},"modified":"2021-06-30T10:06:06","modified_gmt":"2021-06-30T12:06:06","slug":"timeline","status":"publish","type":"page","link":"https:\/\/rubineta.com\/ru\/timeline\/","title":{"rendered":"\u0418\u0441\u0442\u043e\u0440\u0438\u044f"},"content":{"rendered":"<div id=\"pl-12022\"  class=\"panel-layout\" ><div id=\"pg-12022-0\"  class=\"panel-grid panel-has-style\" ><div class=\"panel-row-style panel-row-style-for-12022-0\" ><div id=\"pgc-12022-0-0\"  class=\"panel-grid-cell\" ><div id=\"panel-12022-0-0-0\" class=\"so-panel widget widget_nav_menu panel-first-child panel-last-child\" data-index=\"0\" ><div class=\"produktas-sidebar panel-widget-style panel-widget-style-for-12022-0-0-0\" ><h3 class=\"widget-title\">\u041e\u0437\u043d\u0430\u043a\u043e\u043c\u0438\u0442\u044c\u0441\u044f<\/h3><div class=\"menu-apie-imone-container\"><ul id=\"menu-apie-imone\" class=\"menu\"><li id=\"menu-item-16190\" class=\"menu-item menu-item-type-post_type menu-item-object-page menu-item-16190\"><a href=\"https:\/\/rubineta.com\/ru\/apie-rubineta\/\">O \u043a\u043e\u043c\u043f\u0430\u043d\u0438\u0438<\/a><\/li>\n<li id=\"menu-item-16187\" class=\"menu-item menu-item-type-post_type menu-item-object-page menu-item-16187\"><a href=\"https:\/\/rubineta.com\/ru\/timeline\/\">\u0418\u0441\u0442\u043e\u0440\u0438\u044f<\/a><\/li>\n<li id=\"menu-item-16189\" class=\"menu-item menu-item-type-post_type menu-item-object-page menu-item-16189\"><a href=\"https:\/\/rubineta.com\/ru\/kaip-gimsta-rubineta-maisytuvai\/\">\u041a\u0430\u043a \u0440\u043e\u0436\u0434\u0430\u044e\u0442\u0441\u044f \u0441\u043c\u0435\u0441\u0438\u0442\u0435\u043b\u0438 RUBINET\u0410<\/a><\/li>\n<li id=\"menu-item-16188\" class=\"menu-item menu-item-type-post_type menu-item-object-page menu-item-16188\"><a href=\"https:\/\/rubineta.com\/ru\/career\/\">\u041a\u0430\u0440\u044c\u0435\u0440\u0430<\/a><\/li>\n<\/ul><\/div><\/div><\/div><\/div><div id=\"pgc-12022-0-1\"  class=\"panel-grid-cell\" ><div id=\"panel-12022-0-1-0\" class=\"so-panel widget widget_sow-editor panel-first-child panel-last-child\" data-index=\"1\" ><div class=\"shadow-box  animate animate-1 download-btn panel-widget-style panel-widget-style-for-12022-0-1-0\" ><div\n\t\t\t\n\t\t\tclass=\"so-widget-sow-editor so-widget-sow-editor-base\"\n\t\t\t\n\t\t>\n<div class=\"siteorigin-widget-tinymce textwidget\">\n\t<div class=\"tm_timeline tm_timeline-layout-vertical tm_timeline-layout-vertical-chessOrder\">\n\n\t<div class=\"tm_timeline__container\">\n\n\t\t<div class=\"tm_timeline__body\">\n\n\t\t\t<div class=\"tm_timeline__tense\"><\/div>\n\n\t\t\n\t\t\t\t<div class=\"tm_timeline__event tm_timeline__event-odd\">\n\t\t\t\t\t\t\t\t\t\t<div class=\"tm_timeline__event__dot\"><\/div>\n\t\t\t\t\t\t\t\t\t\t<div class=\"tm_timeline__event__date\">1999<\/div>\n\t\t\t\t\t\t\t\t\t\t\t<div class=\"tm_timeline__event__title\">\n\t\t\t\t\t\t\t\u0421\u043e\u0437\u0434\u0430\u043d \u043f\u0440\u043e\u0438\u0437\u0432\u043e\u0434\u0438\u0442\u0435\u043b\u044c \u0441\u043c\u0435\u0441\u0438\u0442\u0435\u043b\u0435\u0439 RUBINETA\t\t\t\t\t\t<\/div>\n\t\t\t\t\t\t\t\t\t\t<div class=\"tm_timeline__event__description\">\n\t\t\t\t\t\t\t\t\t\t\t<\/div>\n\t\t\t\t<\/div>\n\n\t\t\t\t\t\t\t\n\t\t\t\t<div class=\"tm_timeline__event tm_timeline__event-even\">\n\t\t\t\t\t\t\t\t\t\t<div class=\"tm_timeline__event__dot\"><\/div>\n\t\t\t\t\t\t\t\t\t\t<div class=\"tm_timeline__event__date\">2000<\/div>\n\t\t\t\t\t\t\t\t\t\t\t<div class=\"tm_timeline__event__title\">\n\t\t\t\t\t\t\t\u041d\u0430\u0447\u0430\u043b\u0441\u044f \u044d\u043a\u0441\u043f\u043e\u0440\u0442 \u0432 \u041b\u0430\u0442\u0432\u0438\u044e \u0438 \u0411\u0435\u043b\u0430\u0440\u0443\u0441\u044c\t\t\t\t\t\t<\/div>\n\t\t\t\t\t\t\t\t\t\t<div class=\"tm_timeline__event__description\">\n\t\t\t\t\t\t\t\t\t\t\t<\/div>\n\t\t\t\t<\/div>\n\n\t\t\t\t\t\t\t\n\t\t\t\t<div class=\"tm_timeline__event tm_timeline__event-odd\">\n\t\t\t\t\t\t\t\t\t\t<div class=\"tm_timeline__event__dot\"><\/div>\n\t\t\t\t\t\t\t\t\t\t<div class=\"tm_timeline__event__date\">2001<\/div>\n\t\t\t\t\t\t\t\t\t\t\t<div class=\"tm_timeline__event__title\">\n\t\t\t\t\t\t\t\u0412 \u0411\u0435\u043b\u0430\u0440\u0443\u0441\u0438 \u0441\u043e\u0437\u0434\u0430\u043d\u043e \u043f\u043e\u0434\u0440\u0430\u0437\u0434\u0435\u043b\u0435\u043d\u0438\u0435 RUBINETA\t\t\t\t\t\t<\/div>\n\t\t\t\t\t\t\t\t\t\t<div class=\"tm_timeline__event__description\">\n\t\t\t\t\t\t\t\t\t\t\t<\/div>\n\t\t\t\t<\/div>\n\n\t\t\t\t\t\t\t\n\t\t\t\t<div class=\"tm_timeline__event tm_timeline__event-even\">\n\t\t\t\t\t\t\t\t\t\t<div class=\"tm_timeline__event__dot\"><\/div>\n\t\t\t\t\t\t\t\t\t\t<div class=\"tm_timeline__event__date\">2002<\/div>\n\t\t\t\t\t\t\t\t\t\t\t<div class=\"tm_timeline__event__title\">\n\t\t\t\t\t\t\t\u0412\u043d\u0435\u0434\u0440\u0435\u043d\u0430 \u0443\u043d\u0438\u043a\u0430\u043b\u044c\u043d\u0430\u044f \u0441\u0438\u0441\u0442\u0435\u043c\u0430 \u043a\u0430\u0447\u0435\u0441\u0442\u0432\u0430 \u043f\u0440\u043e\u0434\u0443\u043a\u0446\u0438\u0438 \u201eTriple check\u201c\t\t\t\t\t\t<\/div>\n\t\t\t\t\t\t\t\t\t\t<div class=\"tm_timeline__event__description\">\n\t\t\t\t\t\t\t\t\t\t\t<\/div>\n\t\t\t\t<\/div>\n\n\t\t\t\t\t\t\t\n\t\t\t\t<div class=\"tm_timeline__event tm_timeline__event-odd\">\n\t\t\t\t\t\t\t\t\t\t<div class=\"tm_timeline__event__dot\"><\/div>\n\t\t\t\t\t\t\t\t\t\t<div class=\"tm_timeline__event__date\">2008<\/div>\n\t\t\t\t\t\t\t\t\t\t\t<div class=\"tm_timeline__event__title\">\n\t\t\t\t\t\t\t\u041f\u043e\u043b\u0443\u0447\u0435\u043d \u0441\u0435\u0440\u0442\u0438\u0444\u0438\u043a\u0430\u0442 \u0443\u043f\u0440\u0430\u0432\u043b\u0435\u043d\u0438\u044f ISO 9001:2008\t\t\t\t\t\t<\/div>\n\t\t\t\t\t\t\t\t\t\t<div class=\"tm_timeline__event__description\">\n\t\t\t\t\t\t\t\t\t\t\t<\/div>\n\t\t\t\t<\/div>\n\n\t\t\t\t\t\t\t\n\t\t\t\t<div class=\"tm_timeline__event tm_timeline__event-even\">\n\t\t\t\t\t\t\t\t\t\t<div class=\"tm_timeline__event__dot\"><\/div>\n\t\t\t\t\t\t\t\t\t\t<div class=\"tm_timeline__event__date\">2010<\/div>\n\t\t\t\t\t\t\t\t\t\t\t<div class=\"tm_timeline__event__title\">\n\t\t\t\t\t\t\t\u041d\u0430\u0447\u0430\u043b\u0441\u044f \u044d\u043a\u0441\u043f\u043e\u0440\u0442 \u0432 \u0441\u0442\u0440\u0430\u043d\u044b \u0417\u0430\u043f\u0430\u0434\u043d\u043e\u0439 \u0415\u0432\u0440\u043e\u043f\u044b\t\t\t\t\t\t<\/div>\n\t\t\t\t\t\t\t\t\t\t<div class=\"tm_timeline__event__description\">\n\t\t\t\t\t\t\t\t\t\t\t<\/div>\n\t\t\t\t<\/div>\n\n\t\t\t\t\t\t\t\n\t\t\t\t<div class=\"tm_timeline__event tm_timeline__event-odd\">\n\t\t\t\t\t\t\t\t\t\t<div class=\"tm_timeline__event__dot\"><\/div>\n\t\t\t\t\t\t\t\t\t\t<div class=\"tm_timeline__event__date\">2014<\/div>\n\t\t\t\t\t\t\t\t\t\t\t<div class=\"tm_timeline__event__title\">\n\t\t\t\t\t\t\t\u0421\u043c\u0435\u0441\u0438\u0442\u0435\u043b\u044c AERO-18 \u043d\u0430\u0433\u0440\u0430\u0436\u0434\u0435\u043d \u0432\u044b\u0441\u0448\u0435\u0439 \u043d\u0430\u0433\u0440\u0430\u0434\u043e\u0439 \u0432 \u043c\u0435\u0436\u0434\u0443\u043d\u0430\u0440\u043e\u0434\u043d\u043e\u043c \u043a\u043e\u043d\u043a\u0443\u0440\u0441\u0435 \u0434\u0438\u0437\u0430\u0439\u043d\u0430 GOOD DESIGN \u2122 Awards 2014 \u0432 \u0427\u0438\u043a\u0430\u0433\u043e, \u0421\u0428\u0410\t\t\t\t\t\t<\/div>\n\t\t\t\t\t\t\t\t\t\t<div class=\"tm_timeline__event__description\">\n\t\t\t\t\t\t\t\t\t\t\t<\/div>\n\t\t\t\t<\/div>\n\n\t\t\t\t\t\t\t\n\t\t\t\t<div class=\"tm_timeline__event tm_timeline__event-even\">\n\t\t\t\t\t\t\t\t\t\t<div class=\"tm_timeline__event__dot\"><\/div>\n\t\t\t\t\t\t\t\t\t\t<div class=\"tm_timeline__event__date\">2014<\/div>\n\t\t\t\t\t\t\t\t\t\t\t<div class=\"tm_timeline__event__title\">\n\t\t\t\t\t\t\t\u0421\u0440\u0435\u0434\u0441\u0442\u0432\u0430\u043c\u0438 RUBINETA \u043f\u043e\u0441\u0442\u0440\u043e\u0435\u043d\u0430 \u0438 \u043e\u0431\u043e\u0440\u0443\u0434\u043e\u0432\u0430\u043d\u0430 \u0448\u043a\u043e\u043b\u0430 \u0432 \u0417\u0430\u043c\u0431\u0438\u0438\t\t\t\t\t\t<\/div>\n\t\t\t\t\t\t\t\t\t\t<div class=\"tm_timeline__event__description\">\n\t\t\t\t\t\t\t\t\t\t\t<\/div>\n\t\t\t\t<\/div>\n\n\t\t\t\t\t\t\t\n\t\t\t\t<div class=\"tm_timeline__event tm_timeline__event-odd\">\n\t\t\t\t\t\t\t\t\t\t<div class=\"tm_timeline__event__dot\"><\/div>\n\t\t\t\t\t\t\t\t\t\t<div class=\"tm_timeline__event__date\">2014<\/div>\n\t\t\t\t\t\t\t\t\t\t\t<div class=\"tm_timeline__event__title\">\n\t\t\t\t\t\t\t\u0420\u0430\u0437\u0440\u0430\u0431\u043e\u0442\u0430\u043d \u0431\u0435\u0441\u043a\u043e\u043d\u0442\u0430\u043a\u0442\u043d\u044b\u0439 \u0441\u043c\u0435\u0441\u0438\u0442\u0435\u043b\u044c Ecosens, \u043e\u043d \u0441\u0442\u0430\u043b \u043d\u043e\u043c\u0438\u043d\u0430\u043d\u0442\u043e\u043c \u043d\u0430 \u043f\u0440\u0435\u043c\u0438\u044e German Design Award 2015\t\t\t\t\t\t<\/div>\n\t\t\t\t\t\t\t\t\t\t<div class=\"tm_timeline__event__description\">\n\t\t\t\t\t\t\t\t\t\t\t<\/div>\n\t\t\t\t<\/div>\n\n\t\t\t\t\t\t\t\n\t\t\t\t<div class=\"tm_timeline__event tm_timeline__event-even\">\n\t\t\t\t\t\t\t\t\t\t<div class=\"tm_timeline__event__dot\"><\/div>\n\t\t\t\t\t\t\t\t\t\t<div class=\"tm_timeline__event__date\">2015<\/div>\n\t\t\t\t\t\t\t\t\t\t\t<div class=\"tm_timeline__event__title\">\n\t\t\t\t\t\t\t\u0410\u0432\u0442\u043e\u0437\u0430\u043f\u0440\u0430\u0432\u043e\u0447\u043d\u044b\u0435 \u0441\u0442\u0430\u043d\u0446\u0438\u0438 \u00abStatoil\u00bb (\u0442\u0435\u043f\u0435\u0440\u044c \u00abCircle K\u00bb) \u0438 \u00abBaltic Petroleum\u00bb \u043e\u0441\u043d\u0430\u0449\u0435\u043d\u044b \u0431\u0435\u0441\u043a\u043e\u043d\u0442\u0430\u043a\u0442\u043d\u044b\u043c\u0438 \u0441\u043c\u0435\u0441\u0438\u0442\u0435\u043b\u044f\u043c\u0438 Ecosense\t\t\t\t\t\t<\/div>\n\t\t\t\t\t\t\t\t\t\t<div class=\"tm_timeline__event__description\">\n\t\t\t\t\t\t\t\t\t\t\t<\/div>\n\t\t\t\t<\/div>\n\n\t\t\t\t\t\t\t\n\t\t\t\t<div class=\"tm_timeline__event tm_timeline__event-odd\">\n\t\t\t\t\t\t\t\t\t\t<div class=\"tm_timeline__event__dot\"><\/div>\n\t\t\t\t\t\t\t\t\t\t<div class=\"tm_timeline__event__date\">2015<\/div>\n\t\t\t\t\t\t\t\t\t\t\t<div class=\"tm_timeline__event__title\">\n\t\t\t\t\t\t\tRUBINETA \u0441\u0442\u0430\u043b\u0430 \u043d\u043e\u043c\u0438\u043d\u0430\u043d\u0442\u043e\u043c \u043a\u043e\u043d\u043a\u0443\u0440\u0441\u0430 \u00abGazel\u0435\u00bb 2015\t\t\t\t\t\t<\/div>\n\t\t\t\t\t\t\t\t\t\t<div class=\"tm_timeline__event__description\">\n\t\t\t\t\t\t\t\t\t\t\t<\/div>\n\t\t\t\t<\/div>\n\n\t\t\t\t\t\t\t\n\t\t\t\t<div class=\"tm_timeline__event tm_timeline__event-even\">\n\t\t\t\t\t\t\t\t\t\t<div class=\"tm_timeline__event__dot\"><\/div>\n\t\t\t\t\t\t\t\t\t\t<div class=\"tm_timeline__event__date\">2016<\/div>\n\t\t\t\t\t\t\t\t\t\t\t<div class=\"tm_timeline__event__title\">\n\t\t\t\t\t\t\t\u041e\u0431\u043d\u043e\u0432\u043b\u0435\u043d \u0441\u0435\u0440\u0442\u0438\u0444\u0438\u043a\u0430\u0442 \u0441\u0438\u0441\u0442\u0435\u043c\u044b \u0443\u043f\u0440\u0430\u0432\u043b\u0435\u043d\u0438\u044f ISO 9001:2015\t\t\t\t\t\t<\/div>\n\t\t\t\t\t\t\t\t\t\t<div class=\"tm_timeline__event__description\">\n\t\t\t\t\t\t\t\t\t\t\t<\/div>\n\t\t\t\t<\/div>\n\n\t\t\t\t\t\t\t\n\t\t\t\t<div class=\"tm_timeline__event tm_timeline__event-odd\">\n\t\t\t\t\t\t\t\t\t\t<div class=\"tm_timeline__event__dot\"><\/div>\n\t\t\t\t\t\t\t\t\t\t<div class=\"tm_timeline__event__date\">2018<\/div>\n\t\t\t\t\t\t\t\t\t\t\t<div class=\"tm_timeline__event__title\">\n\t\t\t\t\t\t\t\u041f\u0440\u0435\u0434\u043e\u0441\u0442\u0430\u0432\u043b\u0435\u043d \u043f\u0440\u0435\u0441\u0442\u0438\u0436\u043d\u044b\u0439 DVGW \u0441\u0435\u0440\u0442\u0438\u0444\u0438\u043a\u0430\u0442 \u043a\u0430\u0447\u0435\u0441\u0442\u0432\u0430 \u043f\u0440\u043e\u0434\u0443\u043a\u0446\u0438\u0438\t\t\t\t\t\t<\/div>\n\t\t\t\t\t\t\t\t\t\t<div class=\"tm_timeline__event__description\">\n\t\t\t\t\t\t\t\t\t\t\t<\/div>\n\t\t\t\t<\/div>\n\n\t\t\t\t\t\t\t\t\t\t\n\t\t<\/div>\n\t<\/div>\n<\/div>\n\n<\/div>\n<\/div><\/div><\/div><\/div><\/div><\/div><div id=\"pg-12022-1\"  class=\"panel-grid panel-has-style\" ><div class=\"cta-home cta-dark siteorigin-panels-stretch lazy rocket-lazyload panel-row-style panel-row-style-for-12022-1\" data-stretch-type=\"full\" data-bg=\"https:\/\/rubineta.com\/wp-content\/uploads\/2018\/08\/rubineta-modena-cta.png\" ><div id=\"pgc-12022-1-0\"  class=\"panel-grid-cell panel-grid-cell-mobile-last\" ><div id=\"panel-12022-1-0-0\" class=\"so-panel widget widget_black-studio-tinymce widget_black_studio_tinymce panel-first-child panel-last-child\" data-index=\"2\" ><div class=\"animate animate-1 panel-widget-style panel-widget-style-for-12022-1-0-0\" ><div class=\"textwidget\"><p><span class=\"subtitle dash-true style-dark\">\u041f\u0420\u041e\u0414\u0423\u041a\u0426\u0418\u042f RUBINETA<\/span><\/p>\n<h2>\u041f\u043e\u0441\u043c\u043e\u0442\u0440\u0438\u0442\u0435 \u043a\u0430\u0442\u0430\u043b\u043e\u0433 \u043d\u0430\u0448\u0435\u0439 \u043f\u0440\u043e\u0434\u0443\u043a\u0446\u0438\u0438<\/h2>\n<p><a href=\"\/series\/\" class=\"btn btn-btn-read-more arrow-right\" target=\"_self\"><span>\u041f\u0440\u043e\u0447\u0438\u0442\u0430\u0439\u0442\u0435 \u0434\u0430\u043b\u044c\u0448\u0435<\/span><\/a><\/p>\n<\/div><\/div><\/div><\/div><div id=\"pgc-12022-1-1\"  class=\"panel-grid-cell panel-grid-cell-empty\" ><\/div><\/div><\/div><\/div>","protected":false},"excerpt":{"rendered":"<p>\u041f\u0420\u041e\u0414\u0423\u041a\u0426\u0418\u042f RUBINETA \u041f\u043e\u0441\u043c\u043e\u0442\u0440\u0438\u0442\u0435 \u043a\u0430\u0442\u0430\u043b\u043e\u0433 \u043d\u0430\u0448\u0435\u0439 \u043f\u0440\u043e\u0434\u0443\u043a\u0446\u0438\u0438 \u041f\u0440\u043e\u0447\u0438\u0442\u0430\u0439\u0442\u0435 \u0434\u0430\u043b\u044c\u0448\u0435<\/p>\n","protected":false},"author":1,"featured_media":0,"parent":0,"menu_order":0,"comment_status":"closed","ping_status":"closed","template":"","meta":{"footnotes":""},"class_list":["post-12022","page","type-page","status-publish","hentry"],"yoast_head":"<!-- This site is optimized with the Yoast SEO plugin v23.9 - https:\/\/yoast.com\/wordpress\/plugins\/seo\/ -->\n<title>\u0418\u0441\u0442\u043e\u0440\u0438\u044f | RUBINETA<\/title>\n<meta name=\"description\" content=\"1999 \u012ekurta gamybos \u012fmon\u0117 RUBINETA | 2000 Prad\u0117tas eksportas \u012f Latvij\u0105 bei Baltarusij\u0105 | 2001 Baltarusijoje \u012fsteigtas RUBINETA filialas | 2002 \u012ediegta...\" \/>\n<meta name=\"robots\" content=\"index, follow, max-snippet:-1, max-image-preview:large, max-video-preview:-1\" \/>\n<link rel=\"canonical\" href=\"https:\/\/rubineta.com\/timeline\/\" \/>\n<script type=\"application\/ld+json\" class=\"yoast-schema-graph\">{\"@context\":\"https:\/\/schema.org\",\"@graph\":[{\"@type\":\"WebPage\",\"@id\":\"https:\/\/rubineta.com\/timeline\/\",\"url\":\"https:\/\/rubineta.com\/timeline\/\",\"name\":\"[:lt]Laiko juosta[:en]Timeline [:ru]\u0418\u0441\u0442\u043e\u0440\u0438\u044f[:lv]Hronolo\u0123isks p\u0101rskats[:] | RUBINETA\",\"isPartOf\":{\"@id\":\"https:\/\/rubineta.com\/#website\"},\"datePublished\":\"2018-07-31T09:45:41+00:00\",\"dateModified\":\"2021-06-30T12:06:06+00:00\",\"description\":\"1999 \u012ekurta gamybos \u012fmon\u0117 RUBINETA | 2000 Prad\u0117tas eksportas \u012f Latvij\u0105 bei Baltarusij\u0105 | 2001 Baltarusijoje \u012fsteigtas RUBINETA filialas | 2002 \u012ediegta...\",\"breadcrumb\":{\"@id\":\"https:\/\/rubineta.com\/timeline\/#breadcrumb\"},\"inLanguage\":\"ru-RU\",\"potentialAction\":[{\"@type\":\"ReadAction\",\"target\":[\"https:\/\/rubineta.com\/timeline\/\"]}]},{\"@type\":\"BreadcrumbList\",\"@id\":\"https:\/\/rubineta.com\/timeline\/#breadcrumb\",\"itemListElement\":[{\"@type\":\"ListItem\",\"position\":1,\"name\":\"Home\",\"item\":\"https:\/\/rubineta.com\/lv\/\"},{\"@type\":\"ListItem\",\"position\":2,\"name\":\"Laiko juosta\"}]},{\"@type\":\"WebSite\",\"@id\":\"https:\/\/rubineta.com\/#website\",\"url\":\"https:\/\/rubineta.com\/\",\"name\":\"Rubineta - Quality And Reliable Sanitary Fittings\",\"description\":\"High Quality And Reliable Faucets\",\"publisher\":{\"@id\":\"https:\/\/rubineta.com\/#organization\"},\"potentialAction\":[{\"@type\":\"SearchAction\",\"target\":{\"@type\":\"EntryPoint\",\"urlTemplate\":\"https:\/\/rubineta.com\/?s={search_term_string}\"},\"query-input\":{\"@type\":\"PropertyValueSpecification\",\"valueRequired\":true,\"valueName\":\"search_term_string\"}}],\"inLanguage\":\"ru-RU\"},{\"@type\":\"Organization\",\"@id\":\"https:\/\/rubineta.com\/#organization\",\"name\":\"RUBINETA\",\"url\":\"https:\/\/rubineta.com\/\",\"logo\":{\"@type\":\"ImageObject\",\"inLanguage\":\"ru-RU\",\"@id\":\"https:\/\/rubineta.com\/#\/schema\/logo\/image\/\",\"url\":\"https:\/\/rubineta.com\/wp-content\/uploads\/2020\/07\/RUBINETA-logo.jpg\",\"contentUrl\":\"https:\/\/rubineta.com\/wp-content\/uploads\/2020\/07\/RUBINETA-logo.jpg\",\"width\":825,\"height\":456,\"caption\":\"RUBINETA\"},\"image\":{\"@id\":\"https:\/\/rubineta.com\/#\/schema\/logo\/image\/\"}}]}<\/script>\n<!-- \/ Yoast SEO plugin. -->","yoast_head_json":{"title":"[:lt]Laiko juosta[:en]Timeline [:ru]\u0418\u0441\u0442\u043e\u0440\u0438\u044f[:lv]Hronolo\u0123isks p\u0101rskats[:] | RUBINETA","description":"1999 \u012ekurta gamybos \u012fmon\u0117 RUBINETA | 2000 Prad\u0117tas eksportas \u012f Latvij\u0105 bei Baltarusij\u0105 | 2001 Baltarusijoje \u012fsteigtas RUBINETA filialas | 2002 \u012ediegta...","robots":{"index":"index","follow":"follow","max-snippet":"max-snippet:-1","max-image-preview":"max-image-preview:large","max-video-preview":"max-video-preview:-1"},"canonical":"https:\/\/rubineta.com\/timeline\/","schema":{"@context":"https:\/\/schema.org","@graph":[{"@type":"WebPage","@id":"https:\/\/rubineta.com\/timeline\/","url":"https:\/\/rubineta.com\/timeline\/","name":"[:lt]Laiko juosta[:en]Timeline [:ru]\u0418\u0441\u0442\u043e\u0440\u0438\u044f[:lv]Hronolo\u0123isks p\u0101rskats[:] | RUBINETA","isPartOf":{"@id":"https:\/\/rubineta.com\/#website"},"datePublished":"2018-07-31T09:45:41+00:00","dateModified":"2021-06-30T12:06:06+00:00","description":"1999 \u012ekurta gamybos \u012fmon\u0117 RUBINETA | 2000 Prad\u0117tas eksportas \u012f Latvij\u0105 bei Baltarusij\u0105 | 2001 Baltarusijoje \u012fsteigtas RUBINETA filialas | 2002 \u012ediegta...","breadcrumb":{"@id":"https:\/\/rubineta.com\/timeline\/#breadcrumb"},"inLanguage":"ru-RU","potentialAction":[{"@type":"ReadAction","target":["https:\/\/rubineta.com\/timeline\/"]}]},{"@type":"BreadcrumbList","@id":"https:\/\/rubineta.com\/timeline\/#breadcrumb","itemListElement":[{"@type":"ListItem","position":1,"name":"Home","item":"https:\/\/rubineta.com\/lv\/"},{"@type":"ListItem","position":2,"name":"Laiko juosta"}]},{"@type":"WebSite","@id":"https:\/\/rubineta.com\/#website","url":"https:\/\/rubineta.com\/","name":"Rubineta - Quality And Reliable Sanitary Fittings","description":"High Quality And Reliable Faucets","publisher":{"@id":"https:\/\/rubineta.com\/#organization"},"potentialAction":[{"@type":"SearchAction","target":{"@type":"EntryPoint","urlTemplate":"https:\/\/rubineta.com\/?s={search_term_string}"},"query-input":{"@type":"PropertyValueSpecification","valueRequired":true,"valueName":"search_term_string"}}],"inLanguage":"ru-RU"},{"@type":"Organization","@id":"https:\/\/rubineta.com\/#organization","name":"RUBINETA","url":"https:\/\/rubineta.com\/","logo":{"@type":"ImageObject","inLanguage":"ru-RU","@id":"https:\/\/rubineta.com\/#\/schema\/logo\/image\/","url":"https:\/\/rubineta.com\/wp-content\/uploads\/2020\/07\/RUBINETA-logo.jpg","contentUrl":"https:\/\/rubineta.com\/wp-content\/uploads\/2020\/07\/RUBINETA-logo.jpg","width":825,"height":456,"caption":"RUBINETA"},"image":{"@id":"https:\/\/rubineta.com\/#\/schema\/logo\/image\/"}}]}},"_links":{"self":[{"href":"https:\/\/rubineta.com\/ru\/wp-json\/wp\/v2\/pages\/12022","targetHints":{"allow":["GET"]}}],"collection":[{"href":"https:\/\/rubineta.com\/ru\/wp-json\/wp\/v2\/pages"}],"about":[{"href":"https:\/\/rubineta.com\/ru\/wp-json\/wp\/v2\/types\/page"}],"author":[{"embeddable":true,"href":"https:\/\/rubineta.com\/ru\/wp-json\/wp\/v2\/users\/1"}],"replies":[{"embeddable":true,"href":"https:\/\/rubineta.com\/ru\/wp-json\/wp\/v2\/comments?post=12022"}],"version-history":[{"count":6,"href":"https:\/\/rubineta.com\/ru\/wp-json\/wp\/v2\/pages\/12022\/revisions"}],"predecessor-version":[{"id":24306,"href":"https:\/\/rubineta.com\/ru\/wp-json\/wp\/v2\/pages\/12022\/revisions\/24306"}],"wp:attachment":[{"href":"https:\/\/rubineta.com\/ru\/wp-json\/wp\/v2\/media?parent=12022"}],"curies":[{"name":"wp","href":"https:\/\/api.w.org\/{rel}","templated":true}]}}