{"id":12347,"date":"2018-08-13T04:16:42","date_gmt":"2018-08-13T06:16:42","guid":{"rendered":"http:\/\/rubineta.com\/?page_id=12347"},"modified":"2022-12-08T06:07:20","modified_gmt":"2022-12-08T08:07:20","slug":"our-team","status":"publish","type":"page","link":"https:\/\/rubineta.com\/ru\/our-team\/","title":{"rendered":"\u041d\u0430\u0448\u0430 \u043a\u043e\u043c\u0430\u043d\u0434\u0430"},"content":{"rendered":"<div id=\"pl-12347\"  class=\"panel-layout\" ><div id=\"pg-12347-0\"  class=\"panel-grid panel-has-style\" ><div class=\"contacts atstovai-logo panel-row-style panel-row-style-for-12347-0\" ><div id=\"pgc-12347-0-0\"  class=\"panel-grid-cell\" ><div id=\"panel-12347-0-0-0\" class=\"so-panel widget widget_nav_menu panel-first-child panel-last-child\" data-index=\"0\" ><div class=\"produktas-sidebar panel-widget-style panel-widget-style-for-12347-0-0-0\" ><h3 class=\"widget-title\">\u041a\u043e\u043d\u0442\u0430\u043a\u0442\u043d\u0430\u044f \u0438\u043d\u0444\u043e\u0440\u043c\u0430\u0446\u0438\u044f<\/h3><div class=\"menu-kontaktine-info-container\"><ul id=\"menu-kontaktine-info\" class=\"menu\"><li id=\"menu-item-12305\" class=\"menu-item menu-item-type-post_type menu-item-object-page menu-item-12305\"><a href=\"https:\/\/rubineta.com\/ru\/rubineta-kontaktai\/\">RUBINETA \u043a\u043e\u043d\u0442\u0430\u043a\u0442\u044b<\/a><\/li>\n<li id=\"menu-item-12341\" class=\"menu-item menu-item-type-post_type menu-item-object-page menu-item-12341\"><a href=\"https:\/\/rubineta.com\/ru\/representative-offices\/\">\u041f\u0440\u0435\u0434\u0441\u0442\u0430\u0432\u0438\u0442\u0435\u043b\u0438 RUBINETA<\/a><\/li>\n<li id=\"menu-item-12346\" class=\"menu-item menu-item-type-post_type menu-item-object-page menu-item-12346\"><a href=\"https:\/\/rubineta.com\/ru\/warranty-service\/\">\u0413\u0430\u0440\u0430\u043d\u0442\u0438\u0439\u043d\u043e\u0435 \u043e\u0431\u0441\u043b\u0443\u0436\u0438\u0432\u0430\u043d\u0438\u0435<\/a><\/li>\n<li id=\"menu-item-12384\" class=\"menu-item menu-item-type-post_type menu-item-object-page menu-item-12384\"><a href=\"https:\/\/rubineta.com\/ru\/career-contacts\/\">\u041a\u0430\u0440\u044c\u0435\u0440\u0430<\/a><\/li>\n<\/ul><\/div><\/div><\/div><\/div><div id=\"pgc-12347-0-1\"  class=\"panel-grid-cell\" ><div id=\"panel-12347-0-1-0\" class=\"so-panel widget widget_black-studio-tinymce widget_black_studio_tinymce panel-first-child\" data-index=\"1\" ><div class=\"animate animate-1 panel-widget-style panel-widget-style-for-12347-0-1-0\" ><div class=\"textwidget\"><h2>\u041e\u0442\u0434\u0435\u043b \u043f\u0440\u043e\u0434\u0430\u0436<\/h2>\n<\/div><\/div><\/div><div id=\"panel-12347-0-1-1\" class=\"so-panel widget widget_interico_feature_box\" data-index=\"2\" ><div class=\"contact-icons panel-widget-style panel-widget-style-for-12347-0-1-1\" >\n\t\t<!-- Begin Feature box -->\n\t\t\n\t\t\t<div class=\"feature-box icon-large-left box-unboxed\">\n\n\t\t\t\t\t\t\t\t\t<i class=\"fa fa-user\"><\/i>\n\t\t\t\t\n\t\t\t\t<div class=\"content-wrapper\">\n\n\t\t\t\t\t\t\t\t\t\t\t<h3 class=\"feature-title\">\u041b\u0438\u0442\u0432\u0430, \u041b\u0430\u0442\u0432\u0438\u044f, \u042d\u0441\u0442\u043e\u043d\u0438\u044f<\/h3>\n\t\t\t\t\t\n\t\t\t\t\t\n\t\t\t\t\t\n\t\t\t\t<\/div>\n\n\t\t\t<\/div>\n\n\t\t\t\t<!-- End Feature box -->\n\n\t\t<\/div><\/div><div id=\"panel-12347-0-1-2\" class=\"so-panel widget widget_black-studio-tinymce widget_black_studio_tinymce\" data-index=\"3\" ><div class=\"animate animate-1 panel-widget-style panel-widget-style-for-12347-0-1-2\" ><div class=\"textwidget\"><p>Laimis Stasi\u0161kis<br \/>\n<a href=\"mailto:laimis.stasiskis@rubineta.com\">laimis.stasiskis@rubineta.com<\/a><\/p>\n<\/div><\/div><\/div><div id=\"panel-12347-0-1-3\" class=\"so-panel widget widget_interico_feature_box\" data-index=\"4\" ><div class=\"contact-icons panel-widget-style panel-widget-style-for-12347-0-1-3\" >\n\t\t<!-- Begin Feature box -->\n\t\t\n\t\t\t<div class=\"feature-box icon-large-left box-unboxed\">\n\n\t\t\t\t\t\t\t\t\t<i class=\"fa fa-user\"><\/i>\n\t\t\t\t\n\t\t\t\t<div class=\"content-wrapper\">\n\n\t\t\t\t\t\t\t\t\t\t\t<h3 class=\"feature-title\">\u0413\u0435\u0440\u043c\u0430\u043d\u0438\u044f, \u0428\u0432\u0435\u0446\u0438\u044f, \u041d\u043e\u0440\u0432\u0435\u0433\u0438\u044f, \u0414\u0430\u043d\u0438\u044f, \u0424\u0438\u043d\u043b\u044f\u043d\u0434\u0438\u044f<\/h3>\n\t\t\t\t\t\n\t\t\t\t\t\n\t\t\t\t\t\n\t\t\t\t<\/div>\n\n\t\t\t<\/div>\n\n\t\t\t\t<!-- End Feature box -->\n\n\t\t<\/div><\/div><div id=\"panel-12347-0-1-4\" class=\"so-panel widget widget_black-studio-tinymce widget_black_studio_tinymce\" data-index=\"5\" ><div class=\"animate animate-1 panel-widget-style panel-widget-style-for-12347-0-1-4\" ><div class=\"textwidget\"><p><strong>Alij Aleksandrovi\u010d<\/strong><br \/>\n<a href=\"mailto:alij@rubineta.com\">alij@rubineta.com<\/a><\/p>\n<\/div><\/div><\/div><div id=\"panel-12347-0-1-5\" class=\"so-panel widget widget_interico_feature_box\" data-index=\"6\" ><div class=\"contact-icons panel-widget-style panel-widget-style-for-12347-0-1-5\" >\n\t\t<!-- Begin Feature box -->\n\t\t\n\t\t\t<div class=\"feature-box icon-large-left box-unboxed\">\n\n\t\t\t\t\t\t\t\t\t<i class=\"fa fa-user\"><\/i>\n\t\t\t\t\n\t\t\t\t<div class=\"content-wrapper\">\n\n\t\t\t\t\t\t\t\t\t\t\t<h3 class=\"feature-title\">\u041f\u043e\u043b\u044c\u0448\u0430, \u0427\u0435\u0445\u0438\u044f, \u0421\u043b\u043e\u0432\u0430\u043a\u0438\u044f, \u0421\u043b\u043e\u0432\u0435\u043d\u0438\u044f, \u0425\u043e\u0440\u0432\u0430\u0442\u0438\u044f, \u0411\u043e\u0441\u043d\u0438\u044f \u0438 \u0413\u0435\u0440\u0446\u0435\u0433\u043e\u0432\u0438\u043d\u0430<\/h3>\n\t\t\t\t\t\n\t\t\t\t\t\n\t\t\t\t\t\n\t\t\t\t<\/div>\n\n\t\t\t<\/div>\n\n\t\t\t\t<!-- End Feature box -->\n\n\t\t<\/div><\/div><div id=\"panel-12347-0-1-6\" class=\"so-panel widget widget_black-studio-tinymce widget_black_studio_tinymce\" data-index=\"7\" ><div class=\"animate animate-1 panel-widget-style panel-widget-style-for-12347-0-1-6\" ><div class=\"textwidget\"><p><strong>Marek Boravski<\/strong><br \/>\n<a href=\"mailto:marek.boravski@rubineta.com\">marek.boravski@rubineta.com<\/a><\/p>\n<\/div><\/div><\/div><div id=\"panel-12347-0-1-7\" class=\"so-panel widget widget_interico_feature_box\" data-index=\"8\" ><div class=\"contact-icons panel-widget-style panel-widget-style-for-12347-0-1-7\" >\n\t\t<!-- Begin Feature box -->\n\t\t\n\t\t\t<div class=\"feature-box icon-large-left box-unboxed\">\n\n\t\t\t\t\t\t\t\t\t<i class=\"fa fa-user\"><\/i>\n\t\t\t\t\n\t\t\t\t<div class=\"content-wrapper\">\n\n\t\t\t\t\t\t\t\t\t\t\t<h3 class=\"feature-title\">\u0421\u0435\u0440\u0431\u0438\u044f, \u0411\u043b\u0438\u0436\u043d\u0438\u0439 \u0412\u043e\u0441\u0442\u043e\u043a, \u0427\u0435\u0440\u043d\u043e\u0433\u043e\u0440\u0438\u044f, \u041c\u0430\u043a\u0435\u0434\u043e\u043d\u0438\u044f, \u0410\u043b\u0431\u0430\u043d\u0438\u044f, \u0411\u043e\u043b\u0433\u0430\u0440\u0438\u044f<\/h3>\n\t\t\t\t\t\n\t\t\t\t\t\n\t\t\t\t\t\n\t\t\t\t<\/div>\n\n\t\t\t<\/div>\n\n\t\t\t\t<!-- End Feature box -->\n\n\t\t<\/div><\/div><div id=\"panel-12347-0-1-8\" class=\"so-panel widget widget_black-studio-tinymce widget_black_studio_tinymce\" data-index=\"9\" ><div class=\"animate animate-1 panel-widget-style panel-widget-style-for-12347-0-1-8\" ><div class=\"textwidget\"><p><strong>Egl\u0117 Cic\u0117nait\u0117<\/strong><br \/>\n<a href=\"mailto:egle.cicenaite@rubineta.com\">egle.cicenaite@rubineta.com<\/a><\/p>\n<\/div><\/div><\/div><div id=\"panel-12347-0-1-9\" class=\"so-panel widget widget_interico_feature_box\" data-index=\"10\" ><div class=\"contact-icons panel-widget-style panel-widget-style-for-12347-0-1-9\" >\n\t\t<!-- Begin Feature box -->\n\t\t\n\t\t\t<div class=\"feature-box icon-large-left box-unboxed\">\n\n\t\t\t\t\t\t\t\t\t<i class=\"fa fa-user\"><\/i>\n\t\t\t\t\n\t\t\t\t<div class=\"content-wrapper\">\n\n\t\t\t\t\t\t\t\t\t\t\t<h3 class=\"feature-title\">\u0411\u0435\u043b\u0430\u0440\u0443\u0441\u044c, \u0423\u043a\u0440\u0430\u0438\u043d\u0430, \u0420\u043e\u0441\u0441\u0438\u044f, \u041a\u0430\u0437\u0430\u0445\u0441\u0442\u0430\u043d, \u041c\u043e\u043b\u0434\u043e\u0432\u0430, \u0413\u0440\u0443\u0437\u0438\u044f<\/h3>\n\t\t\t\t\t\n\t\t\t\t\t\n\t\t\t\t\t\n\t\t\t\t<\/div>\n\n\t\t\t<\/div>\n\n\t\t\t\t<!-- End Feature box -->\n\n\t\t<\/div><\/div><div id=\"panel-12347-0-1-10\" class=\"so-panel widget widget_black-studio-tinymce widget_black_studio_tinymce\" data-index=\"11\" ><div class=\"animate animate-1 panel-widget-style panel-widget-style-for-12347-0-1-10\" ><div class=\"textwidget\"><p><strong>Marina Mackevi\u010dien\u0117<\/strong><br \/>\n<a href=\"mailto:marina@rubineta.com\">marina@rubineta.com<\/a><\/p>\n<\/div><\/div><\/div><div id=\"panel-12347-0-1-11\" class=\"so-panel widget widget_black-studio-tinymce widget_black_studio_tinymce\" data-index=\"12\" ><div class=\"animate animate-1 panel-widget-style panel-widget-style-for-12347-0-1-11\" ><div class=\"textwidget\"><h2>\u0420\u0443\u043a\u043e\u0432\u043e\u0434\u0438\u0442\u0435\u043b\u044c \u043e\u0442\u0434\u0435\u043b\u0430 \u0437\u0430\u043a\u0443\u043f\u043e\u043a \u0438 \u043f\u0440\u043e\u0434\u0443\u043a\u0442\u043e\u0432<\/h2>\n<\/div><\/div><\/div><div id=\"panel-12347-0-1-12\" class=\"so-panel widget widget_interico_feature_box\" data-index=\"13\" ><div class=\"contact-icons panel-widget-style panel-widget-style-for-12347-0-1-12\" >\n\t\t<!-- Begin Feature box -->\n\t\t\n\t\t\t<div class=\"feature-box icon-large-left box-unboxed\">\n\n\t\t\t\t\t\t\t\t\t<i class=\"fa fa-user\"><\/i>\n\t\t\t\t\n\t\t\t\t<div class=\"content-wrapper\">\n\n\t\t\t\t\t\t\t\t\t\t\t<h3 class=\"feature-title\">Laima Kundrotien\u0117<\/h3>\n\t\t\t\t\t\n\t\t\t\t\t\n\t\t\t\t\t\n\t\t\t\t<\/div>\n\n\t\t\t<\/div>\n\n\t\t\t\t<!-- End Feature box -->\n\n\t\t<\/div><\/div><div id=\"panel-12347-0-1-13\" class=\"so-panel widget widget_black-studio-tinymce widget_black_studio_tinymce panel-last-child\" data-index=\"14\" ><div class=\"animate animate-1 panel-widget-style panel-widget-style-for-12347-0-1-13\" ><div class=\"textwidget\"><p><a href=\"mailto:import@rubineta.com\">import@rubineta.com<\/a><\/p>\n<\/div><\/div><\/div><\/div><\/div><\/div><\/div>","protected":false},"excerpt":{"rendered":"<p>\u041e\u0442\u0434\u0435\u043b \u043f\u0440\u043e\u0434\u0430\u0436 Laimis Stasi\u0161kis laimis.stasiskis@rubineta.com Alij Aleksandrovi\u010d alij@rubineta.com Marek Boravski marek.boravski@rubineta.com Egl\u0117 Cic\u0117nait\u0117 egle.cicenaite@rubineta.com Marina Mackevi\u010dien\u0117 marina@rubineta.com \u0420\u0443\u043a\u043e\u0432\u043e\u0434\u0438\u0442\u0435\u043b\u044c \u043e\u0442\u0434\u0435\u043b\u0430 \u0437\u0430\u043a\u0443\u043f\u043e\u043a [&hellip;]<\/p>\n","protected":false},"author":1,"featured_media":0,"parent":0,"menu_order":0,"comment_status":"closed","ping_status":"closed","template":"","meta":{"footnotes":""},"class_list":["post-12347","page","type-page","status-publish","hentry"],"yoast_head":"<!-- This site is optimized with the Yoast SEO plugin v23.9 - https:\/\/yoast.com\/wordpress\/plugins\/seo\/ -->\n<title>\u041d\u0430\u0448\u0430 \u043a\u043e\u043c\u0430\u043d\u0434\u0430 | RUBINETA<\/title>\n<meta name=\"robots\" content=\"index, follow, max-snippet:-1, max-image-preview:large, max-video-preview:-1\" \/>\n<link rel=\"canonical\" href=\"https:\/\/rubineta.com\/ru\/our-team\/\" \/>\n<meta name=\"twitter:label1\" content=\"\u041f\u0440\u0438\u043c\u0435\u0440\u043d\u043e\u0435 \u0432\u0440\u0435\u043c\u044f \u0434\u043b\u044f \u0447\u0442\u0435\u043d\u0438\u044f\" \/>\n\t<meta name=\"twitter:data1\" content=\"1 \u043c\u0438\u043d\u0443\u0442\u0430\" \/>\n<script type=\"application\/ld+json\" class=\"yoast-schema-graph\">{\"@context\":\"https:\/\/schema.org\",\"@graph\":[{\"@type\":\"WebPage\",\"@id\":\"https:\/\/rubineta.com\/ru\/our-team\/\",\"url\":\"https:\/\/rubineta.com\/ru\/our-team\/\",\"name\":\"[:lt]M\u016bs\u0173 komanda[:en]Our Team[:ru]\u041d\u0430\u0448\u0430 \u043a\u043e\u043c\u0430\u043d\u0434\u0430[:lv]M\u016bsu komanda[:] | RUBINETA\",\"isPartOf\":{\"@id\":\"https:\/\/rubineta.com\/#website\"},\"datePublished\":\"2018-08-13T06:16:42+00:00\",\"dateModified\":\"2022-12-08T08:07:20+00:00\",\"breadcrumb\":{\"@id\":\"https:\/\/rubineta.com\/ru\/our-team\/#breadcrumb\"},\"inLanguage\":\"ru-RU\",\"potentialAction\":[{\"@type\":\"ReadAction\",\"target\":[\"https:\/\/rubineta.com\/ru\/our-team\/\"]}]},{\"@type\":\"BreadcrumbList\",\"@id\":\"https:\/\/rubineta.com\/ru\/our-team\/#breadcrumb\",\"itemListElement\":[{\"@type\":\"ListItem\",\"position\":1,\"name\":\"Home\",\"item\":\"https:\/\/rubineta.com\/lv\/\"},{\"@type\":\"ListItem\",\"position\":2,\"name\":\"\u041d\u0430\u0448\u0430 \u043a\u043e\u043c\u0430\u043d\u0434\u0430\"}]},{\"@type\":\"WebSite\",\"@id\":\"https:\/\/rubineta.com\/#website\",\"url\":\"https:\/\/rubineta.com\/\",\"name\":\"Rubineta - Quality And Reliable Sanitary Fittings\",\"description\":\"High Quality And Reliable Faucets\",\"publisher\":{\"@id\":\"https:\/\/rubineta.com\/#organization\"},\"potentialAction\":[{\"@type\":\"SearchAction\",\"target\":{\"@type\":\"EntryPoint\",\"urlTemplate\":\"https:\/\/rubineta.com\/?s={search_term_string}\"},\"query-input\":{\"@type\":\"PropertyValueSpecification\",\"valueRequired\":true,\"valueName\":\"search_term_string\"}}],\"inLanguage\":\"ru-RU\"},{\"@type\":\"Organization\",\"@id\":\"https:\/\/rubineta.com\/#organization\",\"name\":\"RUBINETA\",\"url\":\"https:\/\/rubineta.com\/\",\"logo\":{\"@type\":\"ImageObject\",\"inLanguage\":\"ru-RU\",\"@id\":\"https:\/\/rubineta.com\/#\/schema\/logo\/image\/\",\"url\":\"https:\/\/rubineta.com\/wp-content\/uploads\/2020\/07\/RUBINETA-logo.jpg\",\"contentUrl\":\"https:\/\/rubineta.com\/wp-content\/uploads\/2020\/07\/RUBINETA-logo.jpg\",\"width\":825,\"height\":456,\"caption\":\"RUBINETA\"},\"image\":{\"@id\":\"https:\/\/rubineta.com\/#\/schema\/logo\/image\/\"}}]}<\/script>\n<!-- \/ Yoast SEO plugin. -->","yoast_head_json":{"title":"[:lt]M\u016bs\u0173 komanda[:en]Our Team[:ru]\u041d\u0430\u0448\u0430 \u043a\u043e\u043c\u0430\u043d\u0434\u0430[:lv]M\u016bsu komanda[:] | RUBINETA","robots":{"index":"index","follow":"follow","max-snippet":"max-snippet:-1","max-image-preview":"max-image-preview:large","max-video-preview":"max-video-preview:-1"},"canonical":"https:\/\/rubineta.com\/ru\/our-team\/","twitter_misc":{"\u041f\u0440\u0438\u043c\u0435\u0440\u043d\u043e\u0435 \u0432\u0440\u0435\u043c\u044f \u0434\u043b\u044f \u0447\u0442\u0435\u043d\u0438\u044f":"1 \u043c\u0438\u043d\u0443\u0442\u0430"},"schema":{"@context":"https:\/\/schema.org","@graph":[{"@type":"WebPage","@id":"https:\/\/rubineta.com\/ru\/our-team\/","url":"https:\/\/rubineta.com\/ru\/our-team\/","name":"[:lt]M\u016bs\u0173 komanda[:en]Our Team[:ru]\u041d\u0430\u0448\u0430 \u043a\u043e\u043c\u0430\u043d\u0434\u0430[:lv]M\u016bsu komanda[:] | RUBINETA","isPartOf":{"@id":"https:\/\/rubineta.com\/#website"},"datePublished":"2018-08-13T06:16:42+00:00","dateModified":"2022-12-08T08:07:20+00:00","breadcrumb":{"@id":"https:\/\/rubineta.com\/ru\/our-team\/#breadcrumb"},"inLanguage":"ru-RU","potentialAction":[{"@type":"ReadAction","target":["https:\/\/rubineta.com\/ru\/our-team\/"]}]},{"@type":"BreadcrumbList","@id":"https:\/\/rubineta.com\/ru\/our-team\/#breadcrumb","itemListElement":[{"@type":"ListItem","position":1,"name":"Home","item":"https:\/\/rubineta.com\/lv\/"},{"@type":"ListItem","position":2,"name":"\u041d\u0430\u0448\u0430 \u043a\u043e\u043c\u0430\u043d\u0434\u0430"}]},{"@type":"WebSite","@id":"https:\/\/rubineta.com\/#website","url":"https:\/\/rubineta.com\/","name":"Rubineta - Quality And Reliable Sanitary Fittings","description":"High Quality And Reliable Faucets","publisher":{"@id":"https:\/\/rubineta.com\/#organization"},"potentialAction":[{"@type":"SearchAction","target":{"@type":"EntryPoint","urlTemplate":"https:\/\/rubineta.com\/?s={search_term_string}"},"query-input":{"@type":"PropertyValueSpecification","valueRequired":true,"valueName":"search_term_string"}}],"inLanguage":"ru-RU"},{"@type":"Organization","@id":"https:\/\/rubineta.com\/#organization","name":"RUBINETA","url":"https:\/\/rubineta.com\/","logo":{"@type":"ImageObject","inLanguage":"ru-RU","@id":"https:\/\/rubineta.com\/#\/schema\/logo\/image\/","url":"https:\/\/rubineta.com\/wp-content\/uploads\/2020\/07\/RUBINETA-logo.jpg","contentUrl":"https:\/\/rubineta.com\/wp-content\/uploads\/2020\/07\/RUBINETA-logo.jpg","width":825,"height":456,"caption":"RUBINETA"},"image":{"@id":"https:\/\/rubineta.com\/#\/schema\/logo\/image\/"}}]}},"_links":{"self":[{"href":"https:\/\/rubineta.com\/ru\/wp-json\/wp\/v2\/pages\/12347","targetHints":{"allow":["GET"]}}],"collection":[{"href":"https:\/\/rubineta.com\/ru\/wp-json\/wp\/v2\/pages"}],"about":[{"href":"https:\/\/rubineta.com\/ru\/wp-json\/wp\/v2\/types\/page"}],"author":[{"embeddable":true,"href":"https:\/\/rubineta.com\/ru\/wp-json\/wp\/v2\/users\/1"}],"replies":[{"embeddable":true,"href":"https:\/\/rubineta.com\/ru\/wp-json\/wp\/v2\/comments?post=12347"}],"version-history":[{"count":6,"href":"https:\/\/rubineta.com\/ru\/wp-json\/wp\/v2\/pages\/12347\/revisions"}],"predecessor-version":[{"id":25520,"href":"https:\/\/rubineta.com\/ru\/wp-json\/wp\/v2\/pages\/12347\/revisions\/25520"}],"wp:attachment":[{"href":"https:\/\/rubineta.com\/ru\/wp-json\/wp\/v2\/media?parent=12347"}],"curies":[{"name":"wp","href":"https:\/\/api.w.org\/{rel}","templated":true}]}}