{"id":20661,"date":"2019-02-04T03:51:18","date_gmt":"2019-02-04T05:51:18","guid":{"rendered":"http:\/\/rubineta.com\/?page_id=20661"},"modified":"2019-11-27T07:43:41","modified_gmt":"2019-11-27T09:43:41","slug":"faucets-installation-instructions","status":"publish","type":"page","link":"https:\/\/rubineta.com\/ru\/faucets-installation-instructions\/","title":{"rendered":"Mai\u0161ytuv\u0173 specifikacijos ir gedim\u0173 instrukcijos"},"content":{"rendered":"<div id=\"pl-20661\"  class=\"panel-layout\" ><div id=\"pg-20661-0\"  class=\"panel-grid panel-has-style\" ><div class=\"equal-height siteorigin-panels-stretch panel-row-style panel-row-style-for-20661-0\" data-stretch-type=\"full\" ><div id=\"pgc-20661-0-0\"  class=\"panel-grid-cell\" ><div id=\"panel-20661-0-0-0\" class=\"so-panel widget widget_sow-image panel-first-child\" data-index=\"0\" ><div class=\"equal-img panel-widget-style panel-widget-style-for-20661-0-0-0\" ><div\n\t\t\t\n\t\t\tclass=\"so-widget-sow-image so-widget-sow-image-default-8b5b6f678277-20661\"\n\t\t\t\n\t\t>\n\n<div class=\"sow-image-container\">\n\t\t<img loading=\"lazy\" decoding=\"async\" src=\"data:image\/gif;base64,R0lGODdhAQABAPAAAP\/\/\/wAAACwAAAAAAQABAEACAkQBADs=\" data-lazy-src=\"https:\/\/rubineta.com\/wp-content\/uploads\/2019\/02\/mai\u0161ytuv\u0173-montavimo-instrukcijos.jpg\" width=\"1000\" height=\"1000\" data-lazy-srcset=\"https:\/\/rubineta.com\/wp-content\/uploads\/2019\/02\/mai\u0161ytuv\u0173-montavimo-instrukcijos.jpg 1000w, https:\/\/rubineta.com\/wp-content\/uploads\/2019\/02\/mai\u0161ytuv\u0173-montavimo-instrukcijos-300x300.jpg 300w, https:\/\/rubineta.com\/wp-content\/uploads\/2019\/02\/mai\u0161ytuv\u0173-montavimo-instrukcijos-100x100.jpg 100w, https:\/\/rubineta.com\/wp-content\/uploads\/2019\/02\/mai\u0161ytuv\u0173-montavimo-instrukcijos-600x600.jpg 600w, https:\/\/rubineta.com\/wp-content\/uploads\/2019\/02\/mai\u0161ytuv\u0173-montavimo-instrukcijos-150x150.jpg 150w, https:\/\/rubineta.com\/wp-content\/uploads\/2019\/02\/mai\u0161ytuv\u0173-montavimo-instrukcijos-768x768.jpg 768w, https:\/\/rubineta.com\/wp-content\/uploads\/2019\/02\/mai\u0161ytuv\u0173-montavimo-instrukcijos-580x580.jpg 580w, https:\/\/rubineta.com\/wp-content\/uploads\/2019\/02\/mai\u0161ytuv\u0173-montavimo-instrukcijos-220x220.jpg 220w, https:\/\/rubineta.com\/wp-content\/uploads\/2019\/02\/mai\u0161ytuv\u0173-montavimo-instrukcijos-450x450.jpg 450w, https:\/\/rubineta.com\/wp-content\/uploads\/2019\/02\/mai\u0161ytuv\u0173-montavimo-instrukcijos-72x72.jpg 72w\" data-lazy-sizes=\"auto, (max-width: 1000px) 100vw, 1000px\" alt=\"mai\u0161ytuv\u0173-montavimo-instrukcijos\" \t\tclass=\"so-widget-image\"\/><noscript><img loading=\"lazy\" decoding=\"async\" src=\"https:\/\/rubineta.com\/wp-content\/uploads\/2019\/02\/mai\u0161ytuv\u0173-montavimo-instrukcijos.jpg\" width=\"1000\" height=\"1000\" srcset=\"https:\/\/rubineta.com\/wp-content\/uploads\/2019\/02\/mai\u0161ytuv\u0173-montavimo-instrukcijos.jpg 1000w, https:\/\/rubineta.com\/wp-content\/uploads\/2019\/02\/mai\u0161ytuv\u0173-montavimo-instrukcijos-300x300.jpg 300w, https:\/\/rubineta.com\/wp-content\/uploads\/2019\/02\/mai\u0161ytuv\u0173-montavimo-instrukcijos-100x100.jpg 100w, https:\/\/rubineta.com\/wp-content\/uploads\/2019\/02\/mai\u0161ytuv\u0173-montavimo-instrukcijos-600x600.jpg 600w, https:\/\/rubineta.com\/wp-content\/uploads\/2019\/02\/mai\u0161ytuv\u0173-montavimo-instrukcijos-150x150.jpg 150w, https:\/\/rubineta.com\/wp-content\/uploads\/2019\/02\/mai\u0161ytuv\u0173-montavimo-instrukcijos-768x768.jpg 768w, https:\/\/rubineta.com\/wp-content\/uploads\/2019\/02\/mai\u0161ytuv\u0173-montavimo-instrukcijos-580x580.jpg 580w, https:\/\/rubineta.com\/wp-content\/uploads\/2019\/02\/mai\u0161ytuv\u0173-montavimo-instrukcijos-220x220.jpg 220w, https:\/\/rubineta.com\/wp-content\/uploads\/2019\/02\/mai\u0161ytuv\u0173-montavimo-instrukcijos-450x450.jpg 450w, https:\/\/rubineta.com\/wp-content\/uploads\/2019\/02\/mai\u0161ytuv\u0173-montavimo-instrukcijos-72x72.jpg 72w\" sizes=\"auto, (max-width: 1000px) 100vw, 1000px\" alt=\"mai\u0161ytuv\u0173-montavimo-instrukcijos\" \t\tclass=\"so-widget-image\"\/><\/noscript>\n\t<\/div>\n\n<\/div><\/div><\/div><div id=\"panel-20661-0-0-1\" class=\"so-panel widget widget_sow-editor\" data-index=\"1\" ><div class=\"button-show panel-widget-style panel-widget-style-for-20661-0-0-1\" id=\"maisytuvai-btn\" ><div\n\t\t\t\n\t\t\tclass=\"so-widget-sow-editor so-widget-sow-editor-base\"\n\t\t\t\n\t\t>\n<div class=\"siteorigin-widget-tinymce textwidget\">\n\t<div class=\"main-btn\"><span>C\u043c\u0435\u0441\u0438\u0442\u0435\u043b\u0438<\/span><\/div>\n<\/div>\n<\/div><\/div><\/div><div id=\"panel-20661-0-0-2\" class=\"so-panel widget widget_sow-editor panel-last-child\" data-index=\"2\" ><div class=\"table-ins panel-widget-style panel-widget-style-for-20661-0-0-2\" id=\"maisytuvai\" ><div\n\t\t\t\n\t\t\tclass=\"so-widget-sow-editor so-widget-sow-editor-base\"\n\t\t\t\n\t\t>\n<div class=\"siteorigin-widget-tinymce textwidget\">\n\t<table>\n<tbody>\n<tr>\n<td><a href=\"\/wp-content\/uploads\/2019\/02\/Aero_serie_manual_print.pdf\" download>Aero<\/a><\/td>\n<td><a href=\"\/wp-content\/uploads\/2019\/02\/Artis_serie_manual_print_.pdf\" download>Artis<\/a><\/td>\n<td><a href=\"\/wp-content\/uploads\/2019\/02\/Arus_serie_manual_print_.pdf\" download>Arus<\/a><\/td>\n<\/tr>\n<tr>\n<td><a href=\"\/wp-content\/uploads\/2019\/02\/Viva_Axe_serie_manual_print_-1.pdf\" download>AXE<\/a><\/td>\n<td><a href=\"\/wp-content\/uploads\/2019\/02\/ecosens_serie_manual_print.pdf\" download>Ecosens<\/a><br \/>\n<a href=\"\/wp-content\/uploads\/2019\/02\/ecosens_taisymas_2_spaudai_lt.pdf\" download>Ecosens taisymas<\/a>\n<\/td>\n<td><a href=\"\/wp-content\/uploads\/2019\/02\/FLexy_serie_manual_print_NEW.pdf\" download>Flexy<\/a><\/td>\n<\/tr>\n<tr>\n<td><a href=\"\/wp-content\/uploads\/2019\/02\/Forte_serie_manual_print.pdf\" download>Forte<\/a><\/td>\n<td><a href=\"\/wp-content\/uploads\/2019\/02\/Kapri_Wave_serie_manual_print_.pdf\" download>Kapri<\/a><\/td>\n<td><a href=\"\/wp-content\/uploads\/2019\/02\/Kubo_Consealed_plastic_seria_manual_.pdf\" download>Kubo<\/a><br \/>\n<a href=\"\/wp-content\/uploads\/2019\/02\/Kubo_2Consealed_plastic_seria_manual_2017.pdf\" download>Kubo2<\/a>\n<\/td>\n<\/tr>\n<tr>\n<td><a href=\"\/wp-content\/uploads\/2019\/02\/Lotos_serie_manual_print.pdf\" download>Lotos<\/a><\/td>\n<td><a href=\"\/wp-content\/uploads\/2019\/02\/Milano_seria_manual_print.pdf\" download>Milano<\/a><\/td>\n<td><a href=\"\/wp-content\/uploads\/2019\/02\/Modena_seria_manual_print2.pdf\" download>Modena<\/a><\/td>\n<\/tr>\n<tr>\n<td><a href=\"\/wp-content\/uploads\/2019\/02\/Optima_serie_manual_print.pdf\" download>Optima<\/a><\/td>\n<td><a href=\"\/wp-content\/uploads\/2019\/02\/Prince_serie_manual_new.pdf\" download>Prince<\/a><br \/>\n<a href=\"\/wp-content\/uploads\/2019\/02\/p_25_montavimo_instrukcija.pdf\" download>P-25<\/a><\/td>\n<td><a href=\"\/wp-content\/uploads\/2019\/02\/Rubin_Rubin_ceramic_serie_manual_print.pdf\" download>Rubin<\/a><\/td>\n<\/tr>\n<tr>\n<td><a href=\"\/wp-content\/uploads\/2019\/02\/Rubin_Rubin_ceramic_serie_manual_print.pdf\" download>Rubin Ceramic<\/a><\/td>\n<td><a href=\"\/wp-content\/uploads\/2019\/02\/Static_serie_manual_print.pdf\" download>Static<\/a><\/td>\n<td><a href=\"\/wp-content\/uploads\/2019\/02\/Thermo_serie_manual_print.pdf\" download>Thermo<\/a><\/td>\n<\/tr>\n<tr>\n<td><a href=\"\/wp-content\/uploads\/2019\/02\/Tornado_serie_manual_print.pdf\" download>Tornado<\/a><\/td>\n<td><a href=\"\/wp-content\/uploads\/2019\/02\/Toscana-ir-Venezia_seria_manual_print.pdf\" download>Toscana<\/a><\/td>\n<td><a href=\"\/wp-content\/uploads\/2019\/02\/Turbo_serie_manual_print_.pdf\" download>Turbo<\/a><\/td>\n<\/tr>\n<tr>\n<td><a href=\"\/wp-content\/uploads\/2019\/02\/Ultima_seria_manual_print.pdf\" download>Ultima<\/a><\/td>\n<td><a href=\"\/wp-content\/uploads\/2019\/02\/Ultra_seria_manual_print2.pdf\" download>Ultra<\/a><\/td>\n<td><a href=\"\/wp-content\/uploads\/2019\/02\/Uno_Vito_serie_manual_print.pdf\" download>Uno<\/a><\/td>\n<\/tr>\n<tr>\n<td><a href=\"\/wp-content\/uploads\/2019\/02\/Toscana-ir-Venezia_seria_manual_print.pdf\" download>Venezia<\/a><\/td>\n<td><a href=\"\/wp-content\/uploads\/2019\/02\/Uno_Vito_serie_manual_print.pdf\" download>Vito<\/a><\/td>\n<td><a href=\"\/wp-content\/uploads\/2019\/02\/Viva_Axe_serie_manual_print_-1.pdf\" download>Viva<\/a><\/td>\n<\/tr>\n<tr>\n<td><a href=\"\/wp-content\/uploads\/2019\/02\/Kapri_Wave_serie_manual_print_.pdf\" download>Wave<\/a><\/td>\n<td><a href=\"\/wp-content\/uploads\/2019\/02\/Yuta_series_manual_print.pdf\" download>Yuta<\/a> <\/td>\n<td> <\/td>\n<\/tr>\n<\/tbody>\n<\/table>\n<\/div>\n<\/div><\/div><\/div><\/div><div id=\"pgc-20661-0-1\"  class=\"panel-grid-cell\" ><div id=\"panel-20661-0-1-0\" class=\"so-panel widget widget_sow-image panel-first-child\" data-index=\"3\" ><div class=\"equal-img panel-widget-style panel-widget-style-for-20661-0-1-0\" ><div\n\t\t\t\n\t\t\tclass=\"so-widget-sow-image so-widget-sow-image-default-8b5b6f678277-20661\"\n\t\t\t\n\t\t>\n\n<div class=\"sow-image-container\">\n\t\t<img loading=\"lazy\" decoding=\"async\" src=\"data:image\/gif;base64,R0lGODdhAQABAPAAAP\/\/\/wAAACwAAAAAAQABAEACAkQBADs=\" data-lazy-src=\"https:\/\/rubineta.com\/wp-content\/uploads\/2019\/02\/Du\u0161o-kolonos-ir-kitos-prek\u0117s.jpg\" width=\"1000\" height=\"512\" data-lazy-srcset=\"https:\/\/rubineta.com\/wp-content\/uploads\/2019\/02\/Du\u0161o-kolonos-ir-kitos-prek\u0117s.jpg 1000w, https:\/\/rubineta.com\/wp-content\/uploads\/2019\/02\/Du\u0161o-kolonos-ir-kitos-prek\u0117s-300x154.jpg 300w, https:\/\/rubineta.com\/wp-content\/uploads\/2019\/02\/Du\u0161o-kolonos-ir-kitos-prek\u0117s-600x307.jpg 600w, https:\/\/rubineta.com\/wp-content\/uploads\/2019\/02\/Du\u0161o-kolonos-ir-kitos-prek\u0117s-768x393.jpg 768w, https:\/\/rubineta.com\/wp-content\/uploads\/2019\/02\/Du\u0161o-kolonos-ir-kitos-prek\u0117s-430x220.jpg 430w, https:\/\/rubineta.com\/wp-content\/uploads\/2019\/02\/Du\u0161o-kolonos-ir-kitos-prek\u0117s-879x450.jpg 879w\" data-lazy-sizes=\"auto, (max-width: 1000px) 100vw, 1000px\" alt=\"Du\u0161o-kolonos-ir-kitos-prek\u0117s\" \t\tclass=\"so-widget-image\"\/><noscript><img loading=\"lazy\" decoding=\"async\" src=\"https:\/\/rubineta.com\/wp-content\/uploads\/2019\/02\/Du\u0161o-kolonos-ir-kitos-prek\u0117s.jpg\" width=\"1000\" height=\"512\" srcset=\"https:\/\/rubineta.com\/wp-content\/uploads\/2019\/02\/Du\u0161o-kolonos-ir-kitos-prek\u0117s.jpg 1000w, https:\/\/rubineta.com\/wp-content\/uploads\/2019\/02\/Du\u0161o-kolonos-ir-kitos-prek\u0117s-300x154.jpg 300w, https:\/\/rubineta.com\/wp-content\/uploads\/2019\/02\/Du\u0161o-kolonos-ir-kitos-prek\u0117s-600x307.jpg 600w, https:\/\/rubineta.com\/wp-content\/uploads\/2019\/02\/Du\u0161o-kolonos-ir-kitos-prek\u0117s-768x393.jpg 768w, https:\/\/rubineta.com\/wp-content\/uploads\/2019\/02\/Du\u0161o-kolonos-ir-kitos-prek\u0117s-430x220.jpg 430w, https:\/\/rubineta.com\/wp-content\/uploads\/2019\/02\/Du\u0161o-kolonos-ir-kitos-prek\u0117s-879x450.jpg 879w\" sizes=\"auto, (max-width: 1000px) 100vw, 1000px\" alt=\"Du\u0161o-kolonos-ir-kitos-prek\u0117s\" \t\tclass=\"so-widget-image\"\/><\/noscript>\n\t<\/div>\n\n<\/div><\/div><\/div><div id=\"panel-20661-0-1-1\" class=\"so-panel widget widget_sow-editor\" data-index=\"4\" ><div class=\"button-show  panel-widget-style panel-widget-style-for-20661-0-1-1\" id=\"duso-btn\" ><div\n\t\t\t\n\t\t\tclass=\"so-widget-sow-editor so-widget-sow-editor-base\"\n\t\t\t\n\t\t>\n<div class=\"siteorigin-widget-tinymce textwidget\">\n\t<div class=\"main-btn\"><span>\u0414\u0443\u0448\u0435\u0432\u044b\u0435 \u043a\u043e\u043b\u043e\u043d\u043d\u044b \u0438 \u0434\u0440\u0443\u0433\u0438\u0435 \u043f\u0440\u043e\u0434\u0443\u043a\u0442\u044b<\/span><\/div>\n<\/div>\n<\/div><\/div><\/div><div id=\"panel-20661-0-1-2\" class=\"so-panel widget widget_sow-editor panel-last-child\" data-index=\"5\" ><div class=\"table-ins panel-widget-style panel-widget-style-for-20661-0-1-2\" id=\"duso\" ><div\n\t\t\t\n\t\t\tclass=\"so-widget-sow-editor so-widget-sow-editor-base\"\n\t\t\t\n\t\t>\n<div class=\"siteorigin-widget-tinymce textwidget\">\n\t<table>\n<tbody>\n<tr>\n<td><a href=\"\/wp-content\/uploads\/2019\/02\/Aneta_Montavimo_instrukcija_Aneta_210x297.pdf\" download=\"\">Aneta<\/a><\/td>\n<td><a href=\"\/wp-content\/uploads\/2019\/02\/Dina_Montavimo_instrukcija_Dina_ultra15_210x297.pdf\" download=\"\">Dina<\/a><\/td>\n<td><a href=\"\/wp-content\/uploads\/2019\/02\/Etna_Montavimo_instrukcija_eTNA_210x297.pdf\" download=\"\">Etna<\/a><\/td>\n<\/tr>\n<tr>\n<td><a href=\"\/wp-content\/uploads\/2019\/02\/Stream_Montavimo_instrukcija_Stream_210x297.pdf\" download=\"\">Stream<\/a><\/td>\n<td><a href=\"\/wp-content\/uploads\/2019\/02\/Voztuvas_pop_up_valve_manual_new_design.pdf\" download=\"\">Vo\u017etuvas Pop Up Valve<\/a><\/td>\n<td><\/td>\n<\/tr>\n<\/tbody>\n<\/table>\n<\/div>\n<\/div><\/div><\/div><\/div><\/div><\/div><\/div>","protected":false},"excerpt":{"rendered":"<p>C\u043c\u0435\u0441\u0438\u0442\u0435\u043b\u0438 Aero Artis Arus AXE Ecosens Ecosens taisymas Flexy Forte Kapri Kubo Kubo2 Lotos Milano Modena Optima Prince P-25 Rubin [&hellip;]<\/p>\n","protected":false},"author":1,"featured_media":0,"parent":0,"menu_order":0,"comment_status":"closed","ping_status":"closed","template":"","meta":{"footnotes":""},"class_list":["post-20661","page","type-page","status-publish","hentry"],"yoast_head":"<!-- This site is optimized with the Yoast SEO plugin v23.9 - https:\/\/yoast.com\/wordpress\/plugins\/seo\/ -->\n<title>Mai\u0161ytuv\u0173 specifikacijos ir gedim\u0173 instrukcijos | RUBINETA<\/title>\n<meta name=\"robots\" content=\"index, follow, max-snippet:-1, max-image-preview:large, max-video-preview:-1\" \/>\n<link rel=\"canonical\" href=\"https:\/\/rubineta.com\/faucets-installation-instructions\/\" \/>\n<script type=\"application\/ld+json\" class=\"yoast-schema-graph\">{\"@context\":\"https:\/\/schema.org\",\"@graph\":[{\"@type\":\"WebPage\",\"@id\":\"https:\/\/rubineta.com\/faucets-installation-instructions\/\",\"url\":\"https:\/\/rubineta.com\/faucets-installation-instructions\/\",\"name\":\"[:lt]Mai\u0161ytuv\u0173 montavimo instrukcijos[:en]Faucets\u2018 installation instructions[:ru]Mai\u0161ytuv\u0173 specifikacijos ir gedim\u0173 instrukcijos[:lv]Specifik\u0101cijas un nor\u0101d\u012bjumi r\u012bc\u012bbai darb\u012bbas trauc\u0113jumu gad\u012bjumos[:] | RUBINETA\",\"isPartOf\":{\"@id\":\"https:\/\/rubineta.com\/#website\"},\"datePublished\":\"2019-02-04T05:51:18+00:00\",\"dateModified\":\"2019-11-27T09:43:41+00:00\",\"breadcrumb\":{\"@id\":\"https:\/\/rubineta.com\/faucets-installation-instructions\/#breadcrumb\"},\"inLanguage\":\"ru-RU\",\"potentialAction\":[{\"@type\":\"ReadAction\",\"target\":[\"https:\/\/rubineta.com\/faucets-installation-instructions\/\"]}]},{\"@type\":\"BreadcrumbList\",\"@id\":\"https:\/\/rubineta.com\/faucets-installation-instructions\/#breadcrumb\",\"itemListElement\":[{\"@type\":\"ListItem\",\"position\":1,\"name\":\"Home\",\"item\":\"https:\/\/rubineta.com\/lv\/\"},{\"@type\":\"ListItem\",\"position\":2,\"name\":\"Faucets\u2018 installation instructions\"}]},{\"@type\":\"WebSite\",\"@id\":\"https:\/\/rubineta.com\/#website\",\"url\":\"https:\/\/rubineta.com\/\",\"name\":\"Rubineta - Quality And Reliable Sanitary Fittings\",\"description\":\"High Quality And Reliable Faucets\",\"publisher\":{\"@id\":\"https:\/\/rubineta.com\/#organization\"},\"potentialAction\":[{\"@type\":\"SearchAction\",\"target\":{\"@type\":\"EntryPoint\",\"urlTemplate\":\"https:\/\/rubineta.com\/?s={search_term_string}\"},\"query-input\":{\"@type\":\"PropertyValueSpecification\",\"valueRequired\":true,\"valueName\":\"search_term_string\"}}],\"inLanguage\":\"ru-RU\"},{\"@type\":\"Organization\",\"@id\":\"https:\/\/rubineta.com\/#organization\",\"name\":\"RUBINETA\",\"url\":\"https:\/\/rubineta.com\/\",\"logo\":{\"@type\":\"ImageObject\",\"inLanguage\":\"ru-RU\",\"@id\":\"https:\/\/rubineta.com\/#\/schema\/logo\/image\/\",\"url\":\"https:\/\/rubineta.com\/wp-content\/uploads\/2020\/07\/RUBINETA-logo.jpg\",\"contentUrl\":\"https:\/\/rubineta.com\/wp-content\/uploads\/2020\/07\/RUBINETA-logo.jpg\",\"width\":825,\"height\":456,\"caption\":\"RUBINETA\"},\"image\":{\"@id\":\"https:\/\/rubineta.com\/#\/schema\/logo\/image\/\"}}]}<\/script>\n<!-- \/ Yoast SEO plugin. -->","yoast_head_json":{"title":"[:lt]Mai\u0161ytuv\u0173 montavimo instrukcijos[:en]Faucets\u2018 installation instructions[:ru]Mai\u0161ytuv\u0173 specifikacijos ir gedim\u0173 instrukcijos[:lv]Specifik\u0101cijas un nor\u0101d\u012bjumi r\u012bc\u012bbai darb\u012bbas trauc\u0113jumu gad\u012bjumos[:] | RUBINETA","robots":{"index":"index","follow":"follow","max-snippet":"max-snippet:-1","max-image-preview":"max-image-preview:large","max-video-preview":"max-video-preview:-1"},"canonical":"https:\/\/rubineta.com\/faucets-installation-instructions\/","schema":{"@context":"https:\/\/schema.org","@graph":[{"@type":"WebPage","@id":"https:\/\/rubineta.com\/faucets-installation-instructions\/","url":"https:\/\/rubineta.com\/faucets-installation-instructions\/","name":"[:lt]Mai\u0161ytuv\u0173 montavimo instrukcijos[:en]Faucets\u2018 installation instructions[:ru]Mai\u0161ytuv\u0173 specifikacijos ir gedim\u0173 instrukcijos[:lv]Specifik\u0101cijas un nor\u0101d\u012bjumi r\u012bc\u012bbai darb\u012bbas trauc\u0113jumu gad\u012bjumos[:] | RUBINETA","isPartOf":{"@id":"https:\/\/rubineta.com\/#website"},"datePublished":"2019-02-04T05:51:18+00:00","dateModified":"2019-11-27T09:43:41+00:00","breadcrumb":{"@id":"https:\/\/rubineta.com\/faucets-installation-instructions\/#breadcrumb"},"inLanguage":"ru-RU","potentialAction":[{"@type":"ReadAction","target":["https:\/\/rubineta.com\/faucets-installation-instructions\/"]}]},{"@type":"BreadcrumbList","@id":"https:\/\/rubineta.com\/faucets-installation-instructions\/#breadcrumb","itemListElement":[{"@type":"ListItem","position":1,"name":"Home","item":"https:\/\/rubineta.com\/lv\/"},{"@type":"ListItem","position":2,"name":"Faucets\u2018 installation instructions"}]},{"@type":"WebSite","@id":"https:\/\/rubineta.com\/#website","url":"https:\/\/rubineta.com\/","name":"Rubineta - Quality And Reliable Sanitary Fittings","description":"High Quality And Reliable Faucets","publisher":{"@id":"https:\/\/rubineta.com\/#organization"},"potentialAction":[{"@type":"SearchAction","target":{"@type":"EntryPoint","urlTemplate":"https:\/\/rubineta.com\/?s={search_term_string}"},"query-input":{"@type":"PropertyValueSpecification","valueRequired":true,"valueName":"search_term_string"}}],"inLanguage":"ru-RU"},{"@type":"Organization","@id":"https:\/\/rubineta.com\/#organization","name":"RUBINETA","url":"https:\/\/rubineta.com\/","logo":{"@type":"ImageObject","inLanguage":"ru-RU","@id":"https:\/\/rubineta.com\/#\/schema\/logo\/image\/","url":"https:\/\/rubineta.com\/wp-content\/uploads\/2020\/07\/RUBINETA-logo.jpg","contentUrl":"https:\/\/rubineta.com\/wp-content\/uploads\/2020\/07\/RUBINETA-logo.jpg","width":825,"height":456,"caption":"RUBINETA"},"image":{"@id":"https:\/\/rubineta.com\/#\/schema\/logo\/image\/"}}]}},"_links":{"self":[{"href":"https:\/\/rubineta.com\/ru\/wp-json\/wp\/v2\/pages\/20661","targetHints":{"allow":["GET"]}}],"collection":[{"href":"https:\/\/rubineta.com\/ru\/wp-json\/wp\/v2\/pages"}],"about":[{"href":"https:\/\/rubineta.com\/ru\/wp-json\/wp\/v2\/types\/page"}],"author":[{"embeddable":true,"href":"https:\/\/rubineta.com\/ru\/wp-json\/wp\/v2\/users\/1"}],"replies":[{"embeddable":true,"href":"https:\/\/rubineta.com\/ru\/wp-json\/wp\/v2\/comments?post=20661"}],"version-history":[{"count":0,"href":"https:\/\/rubineta.com\/ru\/wp-json\/wp\/v2\/pages\/20661\/revisions"}],"wp:attachment":[{"href":"https:\/\/rubineta.com\/ru\/wp-json\/wp\/v2\/media?parent=20661"}],"curies":[{"name":"wp","href":"https:\/\/api.w.org\/{rel}","templated":true}]}}