{"id":20729,"date":"2019-02-06T04:17:04","date_gmt":"2019-02-06T06:17:04","guid":{"rendered":"http:\/\/rubineta.com\/?page_id=20729"},"modified":"2025-12-16T08:36:58","modified_gmt":"2025-12-16T10:36:58","slug":"katalogai-ir-brosiuros","status":"publish","type":"page","link":"https:\/\/rubineta.com\/ru\/katalogai-ir-brosiuros\/","title":{"rendered":"\u041a\u0430\u0442\u0430\u043b\u043e\u0433\u0438 \u0438 \u0431\u0440\u043e\u0448\u044e\u0440\u044b"},"content":{"rendered":"<div id=\"pl-20729\"  class=\"panel-layout\" ><div id=\"pg-20729-0\"  class=\"panel-grid panel-has-style\" ><div class=\"panel-row-style panel-row-style-for-20729-0\" ><div id=\"pgc-20729-0-0\"  class=\"panel-grid-cell\" ><div id=\"panel-20729-0-0-0\" class=\"so-panel widget widget_black-studio-tinymce widget_black_studio_tinymce panel-first-child\" data-index=\"0\" ><div class=\"textwidget\"><p><span class=\"subtitle dash-true style-dark\">\u041a\u0430\u0442\u0430\u043b\u043e\u0433\u0438 \u0438 \u0431\u0440\u043e\u0448\u044e\u0440\u044b<\/span><\/p>\n<h2>Rubineta \u0432\u0441\u0435\u0433\u0434\u0430 \u043f\u0440\u0435\u0437\u0435\u043d\u0442\u0443\u0435\u0442 \u0441\u0432\u043e\u0438 \u043d\u043e\u0432\u0435\u0439\u0448\u0438\u0435 \u043f\u0440\u043e\u0434\u0443\u043a\u0442\u044b. \u041d\u0438\u0436\u0435 \u043f\u0440\u0435\u0434\u0441\u0442\u0430\u0432\u043b\u0435\u043d\u044b \u043a\u0430\u0442\u0430\u043b\u043e\u0433\u0438 \u0438 \u0431\u0440\u043e\u0448\u044e\u0440\u044b, \u0430 \u0442\u0430\u043a\u0436\u0435 \u0432\u0441\u044f \u043d\u0435\u043e\u0431\u0445\u043e\u0434\u0438\u043c\u0430\u044f \u0438\u043d\u0444\u043e\u0440\u043c\u0430\u0446\u0438\u044f \u0438 \u0438\u0434\u0435\u0438 \u0434\u043b\u044f \u0438\u043d\u0442\u0435\u0440\u044c\u0435\u0440\u0430.<\/h2>\n<\/div><\/div><div id=\"panel-20729-0-0-1\" class=\"so-panel widget widget_sow-editor panel-last-child\" data-index=\"1\" ><div class=\"shadow-box  download-btn panel-widget-style panel-widget-style-for-20729-0-0-1\" ><div\n\t\t\t\n\t\t\tclass=\"so-widget-sow-editor so-widget-sow-editor-base\"\n\t\t\t\n\t\t>\n<div class=\"siteorigin-widget-tinymce textwidget\">\n\t<table class=\"table-catalog\">\n<tbody>\n<tr class=\"heading-table\">\n<td>\u0413\u043e\u0434<\/td>\n<td>\u041d\u0430\u0437\u0432\u0430\u043d\u0438\u0435<\/td>\n<td>\u0421\u043a\u0430\u0447\u0430\u0442\u044c<\/td>\n<\/tr>\n<tr>\n<td>2026<\/td>\n<td>Rubineta \u043d\u043e\u0432\u0438\u043d\u043a\u0438 2026 EN<\/td>\n<td><a href=\"https:\/\/rubineta.com\/wp-content\/uploads\/2025\/12\/Rubineta_NEWS_2026_EN.pdf\">\u0421\u043a\u0430\u0447\u0430\u0442\u044c<\/a><\/td>\n<\/tr>\n<tr>\n<td>2025<\/td>\n<td>Rubineta \u043d\u043e\u0432\u0438\u043d\u043a\u0438 2025 EN<\/td>\n<td><a href=\"https:\/\/rubineta.com\/wp-content\/uploads\/2025\/02\/Rubineta_NEWS_2025_EN_WEB.pdf\">\u0421\u043a\u0430\u0447\u0430\u0442\u044c<\/a><\/td>\n<\/tr>\n<tr>\n<td>2023<\/td>\n<td>Rubineta \u043a\u0430\u0442\u0430\u043b\u043e\u0433 2023 EN<\/td>\n<td><a href=\"https:\/\/rubineta.com\/rubineta_catalogue_2023_en\/\">\u0421\u043a\u0430\u0447\u0430\u0442\u044c<\/a><\/td>\n<\/tr>\n<tr>\n<td>2023<\/td>\n<td>Rubineta \u043d\u043e\u0432\u0438\u043d\u043a\u0438 2023 EN<\/td>\n<td><a href=\"https:\/\/rubineta.com\/rubineta_news_en_2023\/\">\u0421\u043a\u0430\u0447\u0430\u0442\u044c<\/a><\/td>\n<\/tr>\n<tr>\n<td>2023<\/td>\n<td>Rubineta \u043d\u043e\u0432\u0438\u043d\u043a\u0438 2023 LT<\/td>\n<td><a href=\"https:\/\/rubineta.com\/rubineta_naujienos_lt_2023\/\">\u0421\u043a\u0430\u0447\u0430\u0442\u044c<\/a><\/td>\n<\/tr>\n<tr>\n<td>2022<\/td>\n<td>Rubineta \u043a\u0430\u0442\u0430\u043b\u043e\u0433 2022 EN<\/td>\n<td><a href=\"https:\/\/rubineta.com\/wp-content\/uploads\/2023\/06\/Rubineta_katalogas_2022_EN.pdf\">\u0421\u043a\u0430\u0447\u0430\u0442\u044c<\/a><\/td>\n<\/tr>\n<tr>\n<td>2021<\/td>\n<td>Rubineta \u043a\u0430\u0442\u0430\u043b\u043e\u0433 2021 RU<\/td>\n<td><a href=\"https:\/\/rubineta.com\/wp-content\/uploads\/2021\/03\/Rubineta_katalogas_2021_a4_RU_WEB.pdf\">\u0421\u043a\u0430\u0447\u0430\u0442\u044c<\/a><\/td>\n<\/tr>\n<tr>\n<td>2021<\/td>\n<td>Rubineta \u043a\u0430\u0442\u0430\u043b\u043e\u0433 2021 LT\/LV\/EE<\/td>\n<td><a href=\"https:\/\/rubineta.com\/wp-content\/uploads\/2021\/05\/Rubineta_katalogas_LT_2021_WEB.pdf\">\u0421\u043a\u0430\u0447\u0430\u0442\u044c<\/a><\/td>\n<\/tr>\n<tr>\n<td>2020<\/td>\n<td>\u041a\u0430\u0442\u0430\u043b\u043e\u0433 \u0430\u043a\u0441\u0435\u0441\u0441\u0443\u0430\u0440\u043e\u0432 Rubineta 2020 RU<\/td>\n<td><a href=\"https:\/\/rubineta.com\/wp-content\/uploads\/2020\/06\/Rubineta_aksesuarai_RU_16x24cm_2020_06_12_WEB.pdf\">\u0421\u043a\u0430\u0447\u0430\u0442\u044c<\/a><\/td>\n<\/tr>\n<tr>\n<td>2020<\/td>\n<td>\u041a\u0430\u0442\u0430\u043b\u043e\u0433 \u0430\u043a\u0441\u0435\u0441\u0441\u0443\u0430\u0440\u043e\u0432 Rubineta 2020 EN<\/td>\n<td><a href=\"https:\/\/rubineta.com\/wp-content\/uploads\/2020\/06\/Rubineta_aksesuarai_EN_16x24cm_2020_06_12_WEB.pdf\">\u0421\u043a\u0430\u0447\u0430\u0442\u044c<\/a><\/td>\n<\/tr>\n<tr>\n<td>2020<\/td>\n<td>\u041a\u0430\u0442\u0430\u043b\u043e\u0433 \u0430\u043a\u0441\u0435\u0441\u0441\u0443\u0430\u0440\u043e\u0432 Rubineta 2020 LT<\/td>\n<td><a href=\"https:\/\/rubineta.com\/wp-content\/uploads\/2020\/06\/Rubineta_aksesuarai_LT_16x24cm_2020_06_12_WEB.pdf\">\u0421\u043a\u0430\u0447\u0430\u0442\u044c<\/a><\/td>\n<\/tr>\n<tr>\n<td>2020<\/td>\n<td>\u041a\u0430\u0442\u0430\u043b\u043e\u0433 \u0430\u043a\u0441\u0435\u0441\u0441\u0443\u0430\u0440\u043e\u0432 Rubineta 2020 RS<\/td>\n<td><a href=\"https:\/\/rubineta.com\/wp-content\/uploads\/2020\/06\/Rubineta_aksesuarai_SRB_16x24cm_WEB.pdf\">\u0421\u043a\u0430\u0447\u0430\u0442\u044c<\/a><\/td>\n<\/tr>\n<tr>\n<td>2020<\/td>\n<td>\u041a\u0430\u0442\u0430\u043b\u043e\u0433 \u0430\u043a\u0441\u0435\u0441\u0441\u0443\u0430\u0440\u043e\u0432 Rubineta 2020 LV<\/td>\n<td><a href=\"https:\/\/rubineta.com\/wp-content\/uploads\/2020\/06\/Rubineta_aksesuarai_LV_16x24cm_2020_06_12_WEB.pdf\">\u0421\u043a\u0430\u0447\u0430\u0442\u044c<\/a><\/td>\n<\/tr>\n<tr>\n<td>2020<\/td>\n<td>\u041a\u0430\u0442\u0430\u043b\u043e\u0433 \u0430\u043a\u0441\u0435\u0441\u0441\u0443\u0430\u0440\u043e\u0432 Rubineta 2020 EE<\/td>\n<td><a href=\"https:\/\/rubineta.com\/wp-content\/uploads\/2020\/06\/Rubineta_aksesuarai_EE_16x24cm_2020_06_12_WEB.pdf\">\u0421\u043a\u0430\u0447\u0430\u0442\u044c<\/a><\/td>\n<\/tr>\n<tr>\n<td>2020<\/td>\n<td>\u041a\u0430\u0442\u0430\u043b\u043e\u0433 \u0434\u0443\u0448\u0435\u0432\u044b\u0445 \u043a\u0430\u0431\u0438\u043d Rubineta 2020 LT<\/td>\n<td><a href=\"https:\/\/rubineta.com\/wp-content\/uploads\/2020\/04\/Rubineta_duso_kabinos_2020_04_01_WEB.pdf\">\u0421\u043a\u0430\u0447\u0430\u0442\u044c<\/a><\/td>\n<\/tr>\n<tr>\n<td>2020<\/td>\n<td>\u041a\u0430\u0442\u0430\u043b\u043e\u0433 \u0434\u0443\u0448\u0435\u0432\u044b\u0445 \u043a\u0430\u0431\u0438\u043d Rubineta 2020 LV<\/td>\n<td><a href=\"https:\/\/rubineta.com\/wp-content\/uploads\/2020\/05\/Rubineta_duso_kabinos_LV_WEB.pdf\">\u0421\u043a\u0430\u0447\u0430\u0442\u044c<\/a><\/td>\n<\/tr>\n<tr>\n<td>2020<\/td>\n<td>\u041a\u0430\u0442\u0430\u043b\u043e\u0433 \u0434\u0443\u0448\u0435\u0432\u044b\u0445 \u043a\u0430\u0431\u0438\u043d Rubineta 2020 EE<\/td>\n<td><a href=\"https:\/\/rubineta.com\/wp-content\/uploads\/2020\/05\/Rubineta_duso_kabinos_EE_WEB.pdf\">\u0421\u043a\u0430\u0447\u0430\u0442\u044c<\/a><\/td>\n<\/tr>\n<tr>\n<td>2020<\/td>\n<td>\u041a\u0430\u0442\u0430\u043b\u043e\u0433 \u0434\u0443\u0448\u0435\u0432\u044b\u0445 \u043a\u0430\u0431\u0438\u043d Rubineta 2020 RU<\/td>\n<td><a href=\"https:\/\/rubineta.com\/wp-content\/uploads\/2020\/05\/Rubineta_duso_kabinos_RU_2020WEB.pdf\">\u0421\u043a\u0430\u0447\u0430\u0442\u044c<\/a><\/td>\n<\/tr>\n<tr>\n<td>2017<\/td>\n<td>\u041a\u0430\u0442\u0430\u043b\u043e\u0433 \u0432\u0430\u043d\u043d Rubineta 2017<\/td>\n<td><a href=\"https:\/\/rubineta.com\/wp-content\/uploads\/2019\/02\/RUBINETA_Bath-catalogue.pdf\">\u0421\u043a\u0430\u0447\u0430\u0442\u044c<\/a><\/td>\n<\/tr>\n<\/tbody>\n<\/table>\n<\/div>\n<\/div><\/div><\/div><\/div><\/div><\/div><div id=\"pg-20729-1\"  class=\"panel-grid panel-has-style\" ><div class=\"cta-home cta-dark siteorigin-panels-stretch lazy rocket-lazyload panel-row-style panel-row-style-for-20729-1\" data-stretch-type=\"full\" data-bg=\"https:\/\/rubineta.com\/wp-content\/uploads\/2018\/08\/rubineta-modena-cta.png\" ><div id=\"pgc-20729-1-0\"  class=\"panel-grid-cell panel-grid-cell-mobile-last\" ><div id=\"panel-20729-1-0-0\" class=\"so-panel widget widget_black-studio-tinymce widget_black_studio_tinymce panel-first-child panel-last-child\" data-index=\"2\" ><div class=\"animate animate-1 panel-widget-style panel-widget-style-for-20729-1-0-0\" ><div class=\"textwidget\"><p><span class=\"subtitle dash-true style-dark\">\u041f\u0420\u041e\u0414\u0423\u041a\u0426\u0418\u042f RUBINETA<\/span><\/p>\n<h2>\u041f\u043e\u0441\u043c\u043e\u0442\u0440\u0438\u0442\u0435 \u043a\u0430\u0442\u0430\u043b\u043e\u0433 \u043d\u0430\u0448\u0435\u0439 \u043f\u0440\u043e\u0434\u0443\u043a\u0446\u0438\u0438<\/h2>\n<p><a href=\"\/serijos\/\" class=\"btn btn-btn-read-more arrow-right\" target=\"_self\"><span>\u041f\u0440\u043e\u0447\u0438\u0442\u0430\u0439\u0442\u0435 \u0434\u0430\u043b\u044c\u0448\u0435<\/span><\/a><\/p>\n<\/div><\/div><\/div><\/div><div id=\"pgc-20729-1-1\"  class=\"panel-grid-cell panel-grid-cell-empty\" ><\/div><\/div><\/div><\/div>","protected":false},"excerpt":{"rendered":"<p>Rubineta \u0432\u0441\u0435\u0433\u0434\u0430 \u043f\u0440\u0435\u0437\u0435\u043d\u0442\u0443\u0435\u0442 \u0441\u0432\u043e\u0438 \u043d\u043e\u0432\u0435\u0439\u0448\u0438\u0435 \u043f\u0440\u043e\u0434\u0443\u043a\u0442\u044b. \u041d\u0438\u0436\u0435 \u043f\u0440\u0435\u0434\u0441\u0442\u0430\u0432\u043b\u0435\u043d\u044b \u043a\u0430\u0442\u0430\u043b\u043e\u0433\u0438 \u0438 \u0431\u0440\u043e\u0448\u044e\u0440\u044b, \u0430 \u0442\u0430\u043a\u0436\u0435 \u0432\u0441\u044f \u043d\u0435\u043e\u0431\u0445\u043e\u0434\u0438\u043c\u0430\u044f \u0438\u043d\u0444\u043e\u0440\u043c\u0430\u0446\u0438\u044f \u0438 \u0438\u0434\u0435\u0438 \u0434\u043b\u044f \u0438\u043d\u0442\u0435\u0440\u044c\u0435\u0440\u0430.<\/p>\n","protected":false},"author":1,"featured_media":0,"parent":0,"menu_order":0,"comment_status":"closed","ping_status":"closed","template":"","meta":{"footnotes":""},"class_list":["post-20729","page","type-page","status-publish","hentry"],"yoast_head":"<!-- This site is optimized with the Yoast SEO plugin v23.9 - https:\/\/yoast.com\/wordpress\/plugins\/seo\/ -->\n<title>RUBINETA | Katalogai ir bro\u0161i\u016bros, naujien\u0173 pristatyma<\/title>\n<meta name=\"description\" content=\"Rubineta visada pristato savo naujausius produktus. \u017demiau patalpinti katalogai ir bro\u0161i\u016bros bei visa reikalinga informacija ir interjero id\u0117jos.\" \/>\n<meta name=\"robots\" content=\"index, follow, max-snippet:-1, max-image-preview:large, max-video-preview:-1\" \/>\n<link rel=\"canonical\" href=\"https:\/\/rubineta.com\/katalogai-ir-brosiuros\/\" \/>\n<meta name=\"twitter:label1\" content=\"\u041f\u0440\u0438\u043c\u0435\u0440\u043d\u043e\u0435 \u0432\u0440\u0435\u043c\u044f \u0434\u043b\u044f \u0447\u0442\u0435\u043d\u0438\u044f\" \/>\n\t<meta name=\"twitter:data1\" content=\"3 \u043c\u0438\u043d\u0443\u0442\u044b\" \/>\n<script type=\"application\/ld+json\" class=\"yoast-schema-graph\">{\"@context\":\"https:\/\/schema.org\",\"@graph\":[{\"@type\":\"WebPage\",\"@id\":\"https:\/\/rubineta.com\/katalogai-ir-brosiuros\/\",\"url\":\"https:\/\/rubineta.com\/katalogai-ir-brosiuros\/\",\"name\":\"RUBINETA | Katalogai ir bro\u0161i\u016bros, naujien\u0173 pristatyma\",\"isPartOf\":{\"@id\":\"https:\/\/rubineta.com\/#website\"},\"datePublished\":\"2019-02-06T06:17:04+00:00\",\"dateModified\":\"2025-12-16T10:36:58+00:00\",\"description\":\"Rubineta visada pristato savo naujausius produktus. \u017demiau patalpinti katalogai ir bro\u0161i\u016bros bei visa reikalinga informacija ir interjero id\u0117jos.\",\"breadcrumb\":{\"@id\":\"https:\/\/rubineta.com\/katalogai-ir-brosiuros\/#breadcrumb\"},\"inLanguage\":\"ru-RU\",\"potentialAction\":[{\"@type\":\"ReadAction\",\"target\":[\"https:\/\/rubineta.com\/katalogai-ir-brosiuros\/\"]}]},{\"@type\":\"BreadcrumbList\",\"@id\":\"https:\/\/rubineta.com\/katalogai-ir-brosiuros\/#breadcrumb\",\"itemListElement\":[{\"@type\":\"ListItem\",\"position\":1,\"name\":\"Home\",\"item\":\"https:\/\/rubineta.com\/lv\/\"},{\"@type\":\"ListItem\",\"position\":2,\"name\":\"Katalogai ir bro\u0161i\u016bros\"}]},{\"@type\":\"WebSite\",\"@id\":\"https:\/\/rubineta.com\/#website\",\"url\":\"https:\/\/rubineta.com\/\",\"name\":\"Rubineta - Quality And Reliable Sanitary Fittings\",\"description\":\"High Quality And Reliable Faucets\",\"publisher\":{\"@id\":\"https:\/\/rubineta.com\/#organization\"},\"potentialAction\":[{\"@type\":\"SearchAction\",\"target\":{\"@type\":\"EntryPoint\",\"urlTemplate\":\"https:\/\/rubineta.com\/?s={search_term_string}\"},\"query-input\":{\"@type\":\"PropertyValueSpecification\",\"valueRequired\":true,\"valueName\":\"search_term_string\"}}],\"inLanguage\":\"ru-RU\"},{\"@type\":\"Organization\",\"@id\":\"https:\/\/rubineta.com\/#organization\",\"name\":\"RUBINETA\",\"url\":\"https:\/\/rubineta.com\/\",\"logo\":{\"@type\":\"ImageObject\",\"inLanguage\":\"ru-RU\",\"@id\":\"https:\/\/rubineta.com\/#\/schema\/logo\/image\/\",\"url\":\"https:\/\/rubineta.com\/wp-content\/uploads\/2020\/07\/RUBINETA-logo.jpg\",\"contentUrl\":\"https:\/\/rubineta.com\/wp-content\/uploads\/2020\/07\/RUBINETA-logo.jpg\",\"width\":825,\"height\":456,\"caption\":\"RUBINETA\"},\"image\":{\"@id\":\"https:\/\/rubineta.com\/#\/schema\/logo\/image\/\"}}]}<\/script>\n<!-- \/ Yoast SEO plugin. -->","yoast_head_json":{"title":"RUBINETA | Katalogai ir bro\u0161i\u016bros, naujien\u0173 pristatyma","description":"Rubineta visada pristato savo naujausius produktus. \u017demiau patalpinti katalogai ir bro\u0161i\u016bros bei visa reikalinga informacija ir interjero id\u0117jos.","robots":{"index":"index","follow":"follow","max-snippet":"max-snippet:-1","max-image-preview":"max-image-preview:large","max-video-preview":"max-video-preview:-1"},"canonical":"https:\/\/rubineta.com\/katalogai-ir-brosiuros\/","twitter_misc":{"\u041f\u0440\u0438\u043c\u0435\u0440\u043d\u043e\u0435 \u0432\u0440\u0435\u043c\u044f \u0434\u043b\u044f \u0447\u0442\u0435\u043d\u0438\u044f":"3 \u043c\u0438\u043d\u0443\u0442\u044b"},"schema":{"@context":"https:\/\/schema.org","@graph":[{"@type":"WebPage","@id":"https:\/\/rubineta.com\/katalogai-ir-brosiuros\/","url":"https:\/\/rubineta.com\/katalogai-ir-brosiuros\/","name":"RUBINETA | Katalogai ir bro\u0161i\u016bros, naujien\u0173 pristatyma","isPartOf":{"@id":"https:\/\/rubineta.com\/#website"},"datePublished":"2019-02-06T06:17:04+00:00","dateModified":"2025-12-16T10:36:58+00:00","description":"Rubineta visada pristato savo naujausius produktus. \u017demiau patalpinti katalogai ir bro\u0161i\u016bros bei visa reikalinga informacija ir interjero id\u0117jos.","breadcrumb":{"@id":"https:\/\/rubineta.com\/katalogai-ir-brosiuros\/#breadcrumb"},"inLanguage":"ru-RU","potentialAction":[{"@type":"ReadAction","target":["https:\/\/rubineta.com\/katalogai-ir-brosiuros\/"]}]},{"@type":"BreadcrumbList","@id":"https:\/\/rubineta.com\/katalogai-ir-brosiuros\/#breadcrumb","itemListElement":[{"@type":"ListItem","position":1,"name":"Home","item":"https:\/\/rubineta.com\/lv\/"},{"@type":"ListItem","position":2,"name":"Katalogai ir bro\u0161i\u016bros"}]},{"@type":"WebSite","@id":"https:\/\/rubineta.com\/#website","url":"https:\/\/rubineta.com\/","name":"Rubineta - Quality And Reliable Sanitary Fittings","description":"High Quality And Reliable Faucets","publisher":{"@id":"https:\/\/rubineta.com\/#organization"},"potentialAction":[{"@type":"SearchAction","target":{"@type":"EntryPoint","urlTemplate":"https:\/\/rubineta.com\/?s={search_term_string}"},"query-input":{"@type":"PropertyValueSpecification","valueRequired":true,"valueName":"search_term_string"}}],"inLanguage":"ru-RU"},{"@type":"Organization","@id":"https:\/\/rubineta.com\/#organization","name":"RUBINETA","url":"https:\/\/rubineta.com\/","logo":{"@type":"ImageObject","inLanguage":"ru-RU","@id":"https:\/\/rubineta.com\/#\/schema\/logo\/image\/","url":"https:\/\/rubineta.com\/wp-content\/uploads\/2020\/07\/RUBINETA-logo.jpg","contentUrl":"https:\/\/rubineta.com\/wp-content\/uploads\/2020\/07\/RUBINETA-logo.jpg","width":825,"height":456,"caption":"RUBINETA"},"image":{"@id":"https:\/\/rubineta.com\/#\/schema\/logo\/image\/"}}]}},"_links":{"self":[{"href":"https:\/\/rubineta.com\/ru\/wp-json\/wp\/v2\/pages\/20729","targetHints":{"allow":["GET"]}}],"collection":[{"href":"https:\/\/rubineta.com\/ru\/wp-json\/wp\/v2\/pages"}],"about":[{"href":"https:\/\/rubineta.com\/ru\/wp-json\/wp\/v2\/types\/page"}],"author":[{"embeddable":true,"href":"https:\/\/rubineta.com\/ru\/wp-json\/wp\/v2\/users\/1"}],"replies":[{"embeddable":true,"href":"https:\/\/rubineta.com\/ru\/wp-json\/wp\/v2\/comments?post=20729"}],"version-history":[{"count":22,"href":"https:\/\/rubineta.com\/ru\/wp-json\/wp\/v2\/pages\/20729\/revisions"}],"predecessor-version":[{"id":27348,"href":"https:\/\/rubineta.com\/ru\/wp-json\/wp\/v2\/pages\/20729\/revisions\/27348"}],"wp:attachment":[{"href":"https:\/\/rubineta.com\/ru\/wp-json\/wp\/v2\/media?parent=20729"}],"curies":[{"name":"wp","href":"https:\/\/api.w.org\/{rel}","templated":true}]}}