{"id":20974,"date":"2019-02-20T07:52:57","date_gmt":"2019-02-20T09:52:57","guid":{"rendered":"http:\/\/rubineta.com\/?page_id=20974"},"modified":"2021-08-12T15:16:44","modified_gmt":"2021-08-12T17:16:44","slug":"for-technical-service-specialists","status":"publish","type":"page","link":"https:\/\/rubineta.com\/ru\/for-clients\/for-technical-service-specialists\/","title":{"rendered":"\u0414\u043b\u044f \u0441\u043f\u0435\u0446\u0438\u0430\u043b\u0438\u0441\u0442\u043e\u0432 \u0441\u0435\u0440\u0432\u0438\u0441\u043d\u044b\u0445 \u0446\u0435\u043d\u0442\u0440\u043e\u0432"},"content":{"rendered":"<div id=\"pl-20974\"  class=\"panel-layout\" ><div id=\"pg-20974-0\"  class=\"panel-grid panel-has-style\" ><div class=\"siteorigin-panels-stretch panel-row-style panel-row-style-for-20974-0\" data-stretch-type=\"full\" ><div id=\"pgc-20974-0-0\"  class=\"panel-grid-cell\" ><div id=\"panel-20974-0-0-0\" class=\"so-panel widget widget_black-studio-tinymce widget_black_studio_tinymce panel-first-child panel-last-child\" data-index=\"0\" ><div class=\"textwidget\"><img decoding=\"async\" src=\"data:image\/gif;base64,R0lGODdhAQABAPAAAP\/\/\/wAAACwAAAAAAQABAEACAkQBADs=\" data-lazy-src=\"\/wp-content\/uploads\/2018\/07\/rubineta-specialistams.jpg\" alt=\"rubineta-specialistams\" class=\"alignnone wp-image-11698\" \/><noscript><img loading=\"lazy\" decoding=\"async\" width=\"560\" height=\"740\" src=\"data:image\/gif;base64,R0lGODdhAQABAPAAAP\/\/\/wAAACwAAAAAAQABAEACAkQBADs=\" data-lazy-src=\"\/wp-content\/uploads\/2018\/07\/rubineta-specialistams.jpg\" alt=\"rubineta-specialistams\" class=\"alignnone wp-image-11698\" data-lazy-srcset=\"https:\/\/rubineta.com\/wp-content\/uploads\/2018\/07\/rubineta-specialistams.jpg 560w, https:\/\/rubineta.com\/wp-content\/uploads\/2018\/07\/rubineta-specialistams-300x396.jpg 300w\" data-lazy-sizes=\"auto, (max-width: 560px) 100vw, 560px\" \/><noscript><img loading=\"lazy\" decoding=\"async\" width=\"560\" height=\"740\" src=\"\/wp-content\/uploads\/2018\/07\/rubineta-specialistams.jpg\" alt=\"rubineta-specialistams\" class=\"alignnone wp-image-11698\" srcset=\"https:\/\/rubineta.com\/wp-content\/uploads\/2018\/07\/rubineta-specialistams.jpg 560w, https:\/\/rubineta.com\/wp-content\/uploads\/2018\/07\/rubineta-specialistams-300x396.jpg 300w\" sizes=\"auto, (max-width: 560px) 100vw, 560px\" \/><\/noscript><\/noscript>\n<\/div><\/div><\/div><div id=\"pgc-20974-0-1\"  class=\"panel-grid-cell\" ><div id=\"panel-20974-0-1-0\" class=\"so-panel widget widget_sow-editor panel-first-child panel-last-child\" data-index=\"1\" ><div class=\"shadow-box overlap-left panel-widget-style panel-widget-style-for-20974-0-1-0\" ><div\n\t\t\t\n\t\t\tclass=\"so-widget-sow-editor so-widget-sow-editor-base\"\n\t\t\t\n\t\t>\n<div class=\"siteorigin-widget-tinymce textwidget\">\n\t<\/p>\n<span class=\"subtitle dash-true style-dark\">\u0414\u043b\u044f \u0441\u043f\u0435\u0446\u0438\u0430\u043b\u0438\u0441\u0442\u043e\u0432 \u0441\u0435\u0440\u0432\u0438\u0441\u043d\u044b\u0445 \u0446\u0435\u043d\u0442\u0440\u043e\u0432<\/span>\n<h2><strong>\u0418\u043d\u0444\u043e\u0440\u043c\u0430\u0446\u0438\u044f <\/strong><\/h2>\n<div class=\"dash style-dark\"><\/div>\n<p>\u0421\u0435\u0440\u0432\u0438\u0441\u043d\u044b\u0439 \u0441\u043f\u0435\u0446\u0438\u0430\u043b\u0438\u0441\u0442, \u043e\u0431\u0441\u043b\u0443\u0436\u0438\u0432\u0430\u044e\u0449\u0438\u0439 \u0441\u043c\u0435\u0441\u0438\u0442\u0435\u043b\u0438 RUBINETA, \u044f\u0432\u043b\u044f\u0435\u0442\u0441\u044f \u0433\u0430\u0440\u0430\u043d\u0442\u043e\u043c \u043d\u0430\u0448\u0435\u0433\u043e \u0441\u0435\u0440\u0432\u0438\u0441\u0430. \u041c\u044b \u0446\u0435\u043d\u0438\u043c \u043d\u0430\u0448\u0438\u0445 \u043a\u043b\u0438\u0435\u043d\u0442\u043e\u0432 \u0438 \u0432\u0430\u0448\u0435 \u0432\u0440\u0435\u043c\u044f, \u043f\u043e\u044d\u0442\u043e\u043c\u0443 \u043f\u0440\u0435\u0434\u043e\u0441\u0442\u0430\u0432\u043b\u044f\u0435\u043c \u0432\u0430\u043c \u043f\u043e\u043b\u0435\u0437\u043d\u0443\u044e \u0438 \u043d\u0435\u043e\u0431\u0445\u043e\u0434\u0438\u043c\u0443\u044e \u0438\u043d\u0444\u043e\u0440\u043c\u0430\u0446\u0438\u044e.<\/p>\n<p><a href=\"\/faucets-specifications-and-malfunction-instructions\/\" class=\"btn btn-primary arrow-right\" target=\"_self\"><span>\u0422\u0435\u0445\u043d\u0438\u0447\u0435\u0441\u043a\u0438\u0435 \u0445\u0430\u0440\u0430\u043a\u0442\u0435\u0440\u0438\u0441\u0442\u0438\u043a\u0438 \u0441\u043c\u0435\u0441\u0438\u0442\u0435\u043b\u0435\u0439 \u0438 \u0438\u043d\u0441\u0442\u0440\u0443\u043a\u0446\u0438\u0438 \u043f\u043e \u043d\u0435\u0438\u0441\u043f\u0440\u0430\u0432\u043d\u043e\u0441\u0442\u0438 <\/span><\/a><br \/>\n<a href=\"\/faucets-installation-instructions\/\" class=\"btn btn-primary arrow-right\" target=\"_self\"><span>\u0418\u043d\u0441\u0442\u0440\u0443\u043a\u0446\u0438\u0438 \u043f\u043e \u0438\u043d\u0441\u0442\u0430\u043b\u043b\u044f\u0446\u0438\u0438 \u0441\u043c\u0435\u0441\u0438\u0442\u0435\u043b\u0435\u0439<\/span><\/a><\/p><\/p>\n<\/div>\n<\/div><\/div><\/div><\/div><\/div><\/div><\/div>","protected":false},"excerpt":{"rendered":"<p>\u0418\u043d\u0444\u043e\u0440\u043c\u0430\u0446\u0438\u044f \u0421\u0435\u0440\u0432\u0438\u0441\u043d\u044b\u0439 \u0441\u043f\u0435\u0446\u0438\u0430\u043b\u0438\u0441\u0442, \u043e\u0431\u0441\u043b\u0443\u0436\u0438\u0432\u0430\u044e\u0449\u0438\u0439 \u0441\u043c\u0435\u0441\u0438\u0442\u0435\u043b\u0438 RUBINETA, \u044f\u0432\u043b\u044f\u0435\u0442\u0441\u044f \u0433\u0430\u0440\u0430\u043d\u0442\u043e\u043c \u043d\u0430\u0448\u0435\u0433\u043e \u0441\u0435\u0440\u0432\u0438\u0441\u0430. \u041c\u044b \u0446\u0435\u043d\u0438\u043c \u043d\u0430\u0448\u0438\u0445 \u043a\u043b\u0438\u0435\u043d\u0442\u043e\u0432 \u0438 \u0432\u0430\u0448\u0435 \u0432\u0440\u0435\u043c\u044f, \u043f\u043e\u044d\u0442\u043e\u043c\u0443 \u043f\u0440\u0435\u0434\u043e\u0441\u0442\u0430\u0432\u043b\u044f\u0435\u043c \u0432\u0430\u043c [&hellip;]<\/p>\n","protected":false},"author":1,"featured_media":0,"parent":7950,"menu_order":0,"comment_status":"closed","ping_status":"closed","template":"","meta":{"footnotes":""},"class_list":["post-20974","page","type-page","status-publish","hentry"],"yoast_head":"<!-- This site is optimized with the Yoast SEO plugin v23.9 - https:\/\/yoast.com\/wordpress\/plugins\/seo\/ -->\n<title>\u0414\u043b\u044f \u0441\u043f\u0435\u0446\u0438\u0430\u043b\u0438\u0441\u0442\u043e\u0432 \u0441\u0435\u0440\u0432\u0438\u0441\u043d\u044b\u0445 \u0446\u0435\u043d\u0442\u0440\u043e\u0432 | RUBINETA<\/title>\n<meta name=\"description\" content=\"Reikalinga informacija serviso specialistams: Mai\u0161ytuv\u0173 specifikacijos ir gedim\u0173 instrukcijos; Mai\u0161ytuv\u0173 montavimo instrukcijos.\" \/>\n<meta name=\"robots\" content=\"index, follow, max-snippet:-1, max-image-preview:large, max-video-preview:-1\" \/>\n<link rel=\"canonical\" href=\"https:\/\/rubineta.com\/en\/for-clients\/for-technical-service-specialists\/\" \/>\n<meta name=\"twitter:label1\" content=\"\u041f\u0440\u0438\u043c\u0435\u0440\u043d\u043e\u0435 \u0432\u0440\u0435\u043c\u044f \u0434\u043b\u044f \u0447\u0442\u0435\u043d\u0438\u044f\" \/>\n\t<meta name=\"twitter:data1\" content=\"1 \u043c\u0438\u043d\u0443\u0442\u0430\" \/>\n<script type=\"application\/ld+json\" class=\"yoast-schema-graph\">{\"@context\":\"https:\/\/schema.org\",\"@graph\":[{\"@type\":\"WebPage\",\"@id\":\"https:\/\/rubineta.com\/en\/for-clients\/for-technical-service-specialists\/\",\"url\":\"https:\/\/rubineta.com\/en\/for-clients\/for-technical-service-specialists\/\",\"name\":\"[:lt]Serviso specialistams[:en]For technical service specialists[:ru]\u0414\u043b\u044f \u0441\u043f\u0435\u0446\u0438\u0430\u043b\u0438\u0441\u0442\u043e\u0432 \u0441\u0435\u0440\u0432\u0438\u0441\u043d\u044b\u0445 \u0446\u0435\u043d\u0442\u0440\u043e\u0432[:lv]TEHNISK\u0100S APKALPO\u0160ANAS SPECI\u0100LISTIEM[:] | RUBINETA\",\"isPartOf\":{\"@id\":\"https:\/\/rubineta.com\/#website\"},\"datePublished\":\"2019-02-20T09:52:57+00:00\",\"dateModified\":\"2021-08-12T17:16:44+00:00\",\"description\":\"Reikalinga informacija serviso specialistams: Mai\u0161ytuv\u0173 specifikacijos ir gedim\u0173 instrukcijos; Mai\u0161ytuv\u0173 montavimo instrukcijos.\",\"breadcrumb\":{\"@id\":\"https:\/\/rubineta.com\/en\/for-clients\/for-technical-service-specialists\/#breadcrumb\"},\"inLanguage\":\"ru-RU\",\"potentialAction\":[{\"@type\":\"ReadAction\",\"target\":[\"https:\/\/rubineta.com\/en\/for-clients\/for-technical-service-specialists\/\"]}]},{\"@type\":\"BreadcrumbList\",\"@id\":\"https:\/\/rubineta.com\/en\/for-clients\/for-technical-service-specialists\/#breadcrumb\",\"itemListElement\":[{\"@type\":\"ListItem\",\"position\":1,\"name\":\"Home\",\"item\":\"https:\/\/rubineta.com\/lv\/\"},{\"@type\":\"ListItem\",\"position\":2,\"name\":\"For business\",\"item\":\"https:\/\/rubineta.com\/en\/for-clients\/\"},{\"@type\":\"ListItem\",\"position\":3,\"name\":\"For technical service specialists\"}]},{\"@type\":\"WebSite\",\"@id\":\"https:\/\/rubineta.com\/#website\",\"url\":\"https:\/\/rubineta.com\/\",\"name\":\"Rubineta - Quality And Reliable Sanitary Fittings\",\"description\":\"High Quality And Reliable Faucets\",\"publisher\":{\"@id\":\"https:\/\/rubineta.com\/#organization\"},\"potentialAction\":[{\"@type\":\"SearchAction\",\"target\":{\"@type\":\"EntryPoint\",\"urlTemplate\":\"https:\/\/rubineta.com\/?s={search_term_string}\"},\"query-input\":{\"@type\":\"PropertyValueSpecification\",\"valueRequired\":true,\"valueName\":\"search_term_string\"}}],\"inLanguage\":\"ru-RU\"},{\"@type\":\"Organization\",\"@id\":\"https:\/\/rubineta.com\/#organization\",\"name\":\"RUBINETA\",\"url\":\"https:\/\/rubineta.com\/\",\"logo\":{\"@type\":\"ImageObject\",\"inLanguage\":\"ru-RU\",\"@id\":\"https:\/\/rubineta.com\/#\/schema\/logo\/image\/\",\"url\":\"https:\/\/rubineta.com\/wp-content\/uploads\/2020\/07\/RUBINETA-logo.jpg\",\"contentUrl\":\"https:\/\/rubineta.com\/wp-content\/uploads\/2020\/07\/RUBINETA-logo.jpg\",\"width\":825,\"height\":456,\"caption\":\"RUBINETA\"},\"image\":{\"@id\":\"https:\/\/rubineta.com\/#\/schema\/logo\/image\/\"}}]}<\/script>\n<!-- \/ Yoast SEO plugin. -->","yoast_head_json":{"title":"[:lt]Serviso specialistams[:en]For technical service specialists[:ru]\u0414\u043b\u044f \u0441\u043f\u0435\u0446\u0438\u0430\u043b\u0438\u0441\u0442\u043e\u0432 \u0441\u0435\u0440\u0432\u0438\u0441\u043d\u044b\u0445 \u0446\u0435\u043d\u0442\u0440\u043e\u0432[:lv]TEHNISK\u0100S APKALPO\u0160ANAS SPECI\u0100LISTIEM[:] | RUBINETA","description":"Reikalinga informacija serviso specialistams: Mai\u0161ytuv\u0173 specifikacijos ir gedim\u0173 instrukcijos; Mai\u0161ytuv\u0173 montavimo instrukcijos.","robots":{"index":"index","follow":"follow","max-snippet":"max-snippet:-1","max-image-preview":"max-image-preview:large","max-video-preview":"max-video-preview:-1"},"canonical":"https:\/\/rubineta.com\/en\/for-clients\/for-technical-service-specialists\/","twitter_misc":{"\u041f\u0440\u0438\u043c\u0435\u0440\u043d\u043e\u0435 \u0432\u0440\u0435\u043c\u044f \u0434\u043b\u044f \u0447\u0442\u0435\u043d\u0438\u044f":"1 \u043c\u0438\u043d\u0443\u0442\u0430"},"schema":{"@context":"https:\/\/schema.org","@graph":[{"@type":"WebPage","@id":"https:\/\/rubineta.com\/en\/for-clients\/for-technical-service-specialists\/","url":"https:\/\/rubineta.com\/en\/for-clients\/for-technical-service-specialists\/","name":"[:lt]Serviso specialistams[:en]For technical service specialists[:ru]\u0414\u043b\u044f \u0441\u043f\u0435\u0446\u0438\u0430\u043b\u0438\u0441\u0442\u043e\u0432 \u0441\u0435\u0440\u0432\u0438\u0441\u043d\u044b\u0445 \u0446\u0435\u043d\u0442\u0440\u043e\u0432[:lv]TEHNISK\u0100S APKALPO\u0160ANAS SPECI\u0100LISTIEM[:] | RUBINETA","isPartOf":{"@id":"https:\/\/rubineta.com\/#website"},"datePublished":"2019-02-20T09:52:57+00:00","dateModified":"2021-08-12T17:16:44+00:00","description":"Reikalinga informacija serviso specialistams: Mai\u0161ytuv\u0173 specifikacijos ir gedim\u0173 instrukcijos; Mai\u0161ytuv\u0173 montavimo instrukcijos.","breadcrumb":{"@id":"https:\/\/rubineta.com\/en\/for-clients\/for-technical-service-specialists\/#breadcrumb"},"inLanguage":"ru-RU","potentialAction":[{"@type":"ReadAction","target":["https:\/\/rubineta.com\/en\/for-clients\/for-technical-service-specialists\/"]}]},{"@type":"BreadcrumbList","@id":"https:\/\/rubineta.com\/en\/for-clients\/for-technical-service-specialists\/#breadcrumb","itemListElement":[{"@type":"ListItem","position":1,"name":"Home","item":"https:\/\/rubineta.com\/lv\/"},{"@type":"ListItem","position":2,"name":"For business","item":"https:\/\/rubineta.com\/en\/for-clients\/"},{"@type":"ListItem","position":3,"name":"For technical service specialists"}]},{"@type":"WebSite","@id":"https:\/\/rubineta.com\/#website","url":"https:\/\/rubineta.com\/","name":"Rubineta - Quality And Reliable Sanitary Fittings","description":"High Quality And Reliable Faucets","publisher":{"@id":"https:\/\/rubineta.com\/#organization"},"potentialAction":[{"@type":"SearchAction","target":{"@type":"EntryPoint","urlTemplate":"https:\/\/rubineta.com\/?s={search_term_string}"},"query-input":{"@type":"PropertyValueSpecification","valueRequired":true,"valueName":"search_term_string"}}],"inLanguage":"ru-RU"},{"@type":"Organization","@id":"https:\/\/rubineta.com\/#organization","name":"RUBINETA","url":"https:\/\/rubineta.com\/","logo":{"@type":"ImageObject","inLanguage":"ru-RU","@id":"https:\/\/rubineta.com\/#\/schema\/logo\/image\/","url":"https:\/\/rubineta.com\/wp-content\/uploads\/2020\/07\/RUBINETA-logo.jpg","contentUrl":"https:\/\/rubineta.com\/wp-content\/uploads\/2020\/07\/RUBINETA-logo.jpg","width":825,"height":456,"caption":"RUBINETA"},"image":{"@id":"https:\/\/rubineta.com\/#\/schema\/logo\/image\/"}}]}},"_links":{"self":[{"href":"https:\/\/rubineta.com\/ru\/wp-json\/wp\/v2\/pages\/20974","targetHints":{"allow":["GET"]}}],"collection":[{"href":"https:\/\/rubineta.com\/ru\/wp-json\/wp\/v2\/pages"}],"about":[{"href":"https:\/\/rubineta.com\/ru\/wp-json\/wp\/v2\/types\/page"}],"author":[{"embeddable":true,"href":"https:\/\/rubineta.com\/ru\/wp-json\/wp\/v2\/users\/1"}],"replies":[{"embeddable":true,"href":"https:\/\/rubineta.com\/ru\/wp-json\/wp\/v2\/comments?post=20974"}],"version-history":[{"count":1,"href":"https:\/\/rubineta.com\/ru\/wp-json\/wp\/v2\/pages\/20974\/revisions"}],"predecessor-version":[{"id":24417,"href":"https:\/\/rubineta.com\/ru\/wp-json\/wp\/v2\/pages\/20974\/revisions\/24417"}],"up":[{"embeddable":true,"href":"https:\/\/rubineta.com\/ru\/wp-json\/wp\/v2\/pages\/7950"}],"wp:attachment":[{"href":"https:\/\/rubineta.com\/ru\/wp-json\/wp\/v2\/media?parent=20974"}],"curies":[{"name":"wp","href":"https:\/\/api.w.org\/{rel}","templated":true}]}}