{"id":7950,"date":"2016-07-28T10:46:34","date_gmt":"2016-07-28T12:46:34","guid":{"rendered":"http:\/\/themicart.com\/interico-wp\/?page_id=15"},"modified":"2023-03-17T06:47:56","modified_gmt":"2023-03-17T08:47:56","slug":"for-clients","status":"publish","type":"page","link":"https:\/\/rubineta.com\/ru\/for-clients\/","title":{"rendered":"\u0414\u043b\u044f \u0431\u0438\u0437\u043d\u0435\u0441a"},"content":{"rendered":"<div id=\"pl-7950\"  class=\"panel-layout\" ><div id=\"pg-7950-0\"  class=\"panel-grid panel-has-style\" ><div class=\"panel-row-style panel-row-style-for-7950-0\" ><div id=\"pgc-7950-0-0\"  class=\"panel-grid-cell\" ><div id=\"panel-7950-0-0-0\" class=\"so-panel widget widget_sow-editor panel-first-child\" data-index=\"0\" ><div class=\"shadow-box overlap-right animate animate-1 panel-widget-style panel-widget-style-for-7950-0-0-0\" ><div\n\t\t\t\n\t\t\tclass=\"so-widget-sow-editor so-widget-sow-editor-base\"\n\t\t\t\n\t\t>\n<div class=\"siteorigin-widget-tinymce textwidget\">\n\t<span class=\"subtitle dash-true style-dark\">\u041f\u0420\u0418\u0421\u041e\u0415\u0414\u0418\u041d\u042f\u0419\u0422\u0415\u0421\u042c \u041a \u041d\u0410\u041c<\/span>\n<h2><strong>\u041f\u043e\u0447\u0435\u043c\u0443 \u0441\u0442\u043e\u0438\u0442 \u0441\u0442\u0430\u0442\u044c \u043d\u0430\u0448\u0438\u043c \u043f\u0430\u0440\u0442\u043d\u0435\u0440\u043e\u043c?<\/strong><\/h2>\n<div class=\"dash style-dark\"><\/div>\n<p>\u0421 \u043a\u0430\u0436\u0434\u044b\u043c \u043f\u0430\u0440\u0442\u043d\u0435\u0440\u043e\u043c \u043c\u044b \u0441\u0442\u0440\u0435\u043c\u0438\u043c\u0441\u044f \u0443\u0441\u0442\u0430\u043d\u043e\u0432\u0438\u0442\u044c \u0434\u043e\u043b\u0433\u043e\u0441\u0440\u043e\u0447\u043d\u043e\u0435, \u0442\u0435\u0441\u043d\u043e\u0435 \u0438 \u0432\u0437\u0430\u0438\u043c\u043e\u0432\u044b\u0433\u043e\u0434\u043d\u043e\u0435 \u0441\u043e\u0442\u0440\u0443\u0434\u043d\u0438\u0447\u0435\u0441\u0442\u0432\u043e, \u043a\u043e\u0442\u043e\u0440\u043e\u0435 \u0432\u043a\u043b\u044e\u0447\u0430\u0435\u0442 \u0432 \u0441\u0435\u0431\u044f \u0448\u0438\u0440\u043e\u043a\u0438\u0439 \u0441\u043f\u0435\u043a\u0442\u0440 \u043f\u0440\u0435\u0438\u043c\u0443\u0449\u0435\u0441\u0442\u0432.<br \/>\n\u0421\u043f\u0440\u043e\u0441 \u043d\u0430 \u043b\u044e\u0431\u043e\u0439 \u043f\u0440\u043e\u0434\u0443\u043a\u0442 \u0438 \u0435\u0433\u043e \u0443\u0441\u043f\u0435\u0448\u043d\u0430\u044f \u0440\u0435\u0430\u043b\u0438\u0437\u0430\u0446\u0438\u044f \u0432\u0441\u0435\u0433\u0434\u0430 \u0437\u0430\u0432\u0438\u0441\u044f\u0442 \u043e\u0442 \u0443\u0434\u043e\u0432\u043b\u0435\u0442\u0432\u043e\u0440\u0435\u043d\u0438\u044f \u0442\u0440\u0435\u0431\u043e\u0432\u0430\u043d\u0438\u0439 \u0438 \u043e\u0436\u0438\u0434\u0430\u043d\u0438\u0439 \u043a\u043e\u043d\u0435\u0447\u043d\u043e\u0433\u043e \u043f\u043e\u043b\u044c\u0437\u043e\u0432\u0430\u0442\u0435\u043b\u044f, \u043a\u043e\u0442\u043e\u0440\u043e\u0433\u043e \u043a\u043e\u043c\u043f\u0430\u043d\u0438\u044f \u0441\u043e\u0432\u0435\u0440\u0448\u0435\u043d\u0441\u0442\u0432\u043e\u0432\u0430\u043b\u0430 \u043d\u0430 \u043f\u0440\u043e\u0442\u044f\u0436\u0435\u043d\u0438\u0438 \u0432\u0441\u0435\u0439 \u0441\u0432\u043e\u0435\u0439 \u0438\u0441\u0442\u043e\u0440\u0438\u0438, \u0438 \u0441\u0435\u0433\u043e\u0434\u043d\u044f \u043e\u0442\u043b\u0438\u0447\u0430\u0435\u0442\u0441\u044f \u0431\u043b\u0430\u0433\u043e\u0434\u0430\u0440\u044f \u0432\u044b\u0441\u043e\u043a\u0438\u043c \u043a\u043e\u043c\u043f\u0435\u0442\u0435\u043d\u0446\u0438\u044f\u043c \u0438 \u043e\u043f\u044b\u0442\u0443 \u0432\u0435\u0434\u0435\u043d\u0438\u044f \u0431\u0438\u0437\u043d\u0435\u0441\u0430.<\/p>\n<a href=\"\/we-offer-clients\/\" class=\"btn btn-primary arrow-right\" target=\"_blank\"><span>\u041f\u043e\u0434\u0440\u043e\u0431\u043d\u0435\u0435<\/span><\/a><\/p>\n<\/div>\n<\/div><\/div><\/div><div id=\"panel-7950-0-0-1\" class=\"so-panel widget widget_sow-editor panel-last-child\" data-index=\"1\" ><div class=\"shadow-box overlap-right animate animate-1 panel-widget-style panel-widget-style-for-7950-0-0-1\" ><div\n\t\t\t\n\t\t\tclass=\"so-widget-sow-editor so-widget-sow-editor-base\"\n\t\t\t\n\t\t>\n<div class=\"siteorigin-widget-tinymce textwidget\">\n\t<\/p>\n<h2><strong>\u0421\u0410\u041c\u041e\u041e\u0411\u0421\u041b\u0423\u0416\u0418\u0412\u0410\u041d\u0418\u0415 \u0411\u0418\u0417\u041d\u0415\u0421-\u041f\u0410\u0420\u0422\u041d\u0415\u0420\u041e\u0412<br \/>\n<\/strong><\/h2>\n<div class=\"dash style-dark\"><\/div>\n<p>\u041a\u043b\u0438\u0435\u043d\u0442\u044b B2B \u043c\u043e\u0433\u0443\u0442 \u043f\u043e\u0434\u043a\u043b\u044e\u0447\u0438\u0442\u044c\u0441\u044f \u043a \u0441\u0438\u0441\u0442\u0435\u043c\u0435 \u0441\u0430\u043c\u043e\u043e\u0431\u0441\u043b\u0443\u0436\u0438\u0432\u0430\u043d\u0438\u044f.<br \/>\n\u042d\u0442\u043e \u043f\u043e\u0437\u0432\u043e\u043b\u044f\u0435\u0442 \u0441\u043e\u0437\u0434\u0430\u0442\u044c \u0437\u0430\u043a\u0430\u0437, \u043e\u0442\u0441\u043b\u0435\u0436\u0438\u0432\u0430\u0442\u044c \u0435\u0433\u043e \u0432\u044b\u043f\u043e\u043b\u043d\u0435\u043d\u0438\u0435 \u0438 \u043f\u0440\u043e\u0441\u043c\u0430\u0442\u0440\u0438\u0432\u0430\u0442\u044c \u0434\u0430\u043d\u043d\u044b\u0435 \u043e \u0441\u0443\u0449\u0435\u0441\u0442\u0432\u0443\u044e\u0449\u0438\u0445 \u0438 \u043f\u0440\u0435\u0434\u044b\u0434\u0443\u0449\u0438\u0445 \u0437\u0430\u043a\u0430\u0437\u0430\u0445.<\/p>\n<p>Log in: <a href=\"http:\/\/116.202.53.152:8080\/#\" target=\"_blank\" rel=\"noopener noreferrer\">http:\/\/116.202.53.152:8080<\/a><\/p>\n<p style=\"font-weight: 400;\">\u0411\u043e\u043b\u044c\u0448\u0435 \u0438\u043d\u0444\u043e\u0440\u043c\u0430\u0446\u0438\u0438:\u00a0<a href=\"mailto:hello@rubineta.com\">hello@rubineta.com<\/a><\/p><\/p>\n<\/div>\n<\/div><\/div><\/div><\/div><div id=\"pgc-7950-0-1\"  class=\"panel-grid-cell\" ><div id=\"panel-7950-0-1-0\" class=\"so-panel widget widget_black-studio-tinymce widget_black_studio_tinymce panel-first-child panel-last-child\" data-index=\"2\" ><div class=\"animate animate-2 panel-widget-style panel-widget-style-for-7950-0-1-0\" ><div class=\"textwidget\"><img loading=\"lazy\" decoding=\"async\" class=\"size-full wp-image-25736\" src=\"data:image\/gif;base64,R0lGODdhAQABAPAAAP\/\/\/wAAACwAAAAAAQABAEACAkQBADs=\" data-lazy-src=\"https:\/\/rubineta.com\/wp-content\/uploads\/2023\/03\/businesspeople-shaking-hands.jpg\" alt=\"\" width=\"1200\" height=\"1992\" \/><noscript><img loading=\"lazy\" decoding=\"async\" class=\"size-full wp-image-25736\" src=\"data:image\/gif;base64,R0lGODdhAQABAPAAAP\/\/\/wAAACwAAAAAAQABAEACAkQBADs=\" data-lazy-src=\"https:\/\/rubineta.com\/wp-content\/uploads\/2023\/03\/businesspeople-shaking-hands.jpg\" alt=\"\" width=\"1200\" height=\"1992\" data-lazy-srcset=\"https:\/\/rubineta.com\/wp-content\/uploads\/2023\/03\/businesspeople-shaking-hands.jpg 1200w, https:\/\/rubineta.com\/wp-content\/uploads\/2023\/03\/businesspeople-shaking-hands-617x1024.jpg 617w, https:\/\/rubineta.com\/wp-content\/uploads\/2023\/03\/businesspeople-shaking-hands-768x1275.jpg 768w, https:\/\/rubineta.com\/wp-content\/uploads\/2023\/03\/businesspeople-shaking-hands-925x1536.jpg 925w, https:\/\/rubineta.com\/wp-content\/uploads\/2023\/03\/businesspeople-shaking-hands-349x580.jpg 349w, https:\/\/rubineta.com\/wp-content\/uploads\/2023\/03\/businesspeople-shaking-hands-133x220.jpg 133w, https:\/\/rubineta.com\/wp-content\/uploads\/2023\/03\/businesspeople-shaking-hands-271x450.jpg 271w, https:\/\/rubineta.com\/wp-content\/uploads\/2023\/03\/businesspeople-shaking-hands-300x498.jpg 300w, https:\/\/rubineta.com\/wp-content\/uploads\/2023\/03\/businesspeople-shaking-hands-600x996.jpg 600w\" data-lazy-sizes=\"auto, (max-width: 1200px) 100vw, 1200px\" \/><noscript><img loading=\"lazy\" decoding=\"async\" class=\"size-full wp-image-25736\" src=\"https:\/\/rubineta.com\/wp-content\/uploads\/2023\/03\/businesspeople-shaking-hands.jpg\" alt=\"\" width=\"1200\" height=\"1992\" srcset=\"https:\/\/rubineta.com\/wp-content\/uploads\/2023\/03\/businesspeople-shaking-hands.jpg 1200w, https:\/\/rubineta.com\/wp-content\/uploads\/2023\/03\/businesspeople-shaking-hands-617x1024.jpg 617w, https:\/\/rubineta.com\/wp-content\/uploads\/2023\/03\/businesspeople-shaking-hands-768x1275.jpg 768w, https:\/\/rubineta.com\/wp-content\/uploads\/2023\/03\/businesspeople-shaking-hands-925x1536.jpg 925w, https:\/\/rubineta.com\/wp-content\/uploads\/2023\/03\/businesspeople-shaking-hands-349x580.jpg 349w, https:\/\/rubineta.com\/wp-content\/uploads\/2023\/03\/businesspeople-shaking-hands-133x220.jpg 133w, https:\/\/rubineta.com\/wp-content\/uploads\/2023\/03\/businesspeople-shaking-hands-271x450.jpg 271w, https:\/\/rubineta.com\/wp-content\/uploads\/2023\/03\/businesspeople-shaking-hands-300x498.jpg 300w, https:\/\/rubineta.com\/wp-content\/uploads\/2023\/03\/businesspeople-shaking-hands-600x996.jpg 600w\" sizes=\"auto, (max-width: 1200px) 100vw, 1200px\" \/><\/noscript><\/noscript><\/div><\/div><\/div><\/div><\/div><\/div><\/div>","protected":false},"excerpt":{"rendered":"<p>\u041f\u043e\u0447\u0435\u043c\u0443 \u0441\u0442\u043e\u0438\u0442 \u0441\u0442\u0430\u0442\u044c \u043d\u0430\u0448\u0438\u043c \u043f\u0430\u0440\u0442\u043d\u0435\u0440\u043e\u043c? \u0421 \u043a\u0430\u0436\u0434\u044b\u043c \u043f\u0430\u0440\u0442\u043d\u0435\u0440\u043e\u043c \u043c\u044b \u0441\u0442\u0440\u0435\u043c\u0438\u043c\u0441\u044f \u0443\u0441\u0442\u0430\u043d\u043e\u0432\u0438\u0442\u044c \u0434\u043e\u043b\u0433\u043e\u0441\u0440\u043e\u0447\u043d\u043e\u0435, \u0442\u0435\u0441\u043d\u043e\u0435 \u0438 \u0432\u0437\u0430\u0438\u043c\u043e\u0432\u044b\u0433\u043e\u0434\u043d\u043e\u0435 \u0441\u043e\u0442\u0440\u0443\u0434\u043d\u0438\u0447\u0435\u0441\u0442\u0432\u043e, \u043a\u043e\u0442\u043e\u0440\u043e\u0435 \u0432\u043a\u043b\u044e\u0447\u0430\u0435\u0442 \u0432 \u0441\u0435\u0431\u044f [&hellip;]<\/p>\n","protected":false},"author":1,"featured_media":0,"parent":0,"menu_order":0,"comment_status":"closed","ping_status":"closed","template":"","meta":{"footnotes":""},"class_list":["post-7950","page","type-page","status-publish","hentry"],"yoast_head":"<!-- This site is optimized with the Yoast SEO plugin v23.9 - https:\/\/yoast.com\/wordpress\/plugins\/seo\/ -->\n<title>\u0414\u043b\u044f \u0431\u0438\u0437\u043d\u0435\u0441a | RUBINETA<\/title>\n<meta name=\"description\" content=\"RUBINETA su visais savo partneriais stengiasi u\u017emegzti ilgalaikius, glaud\u017eius, abipusiai naudingus partneryst\u0117s ry\u0161ius ir kartu siekti bendro tikslo.\" \/>\n<meta name=\"robots\" content=\"index, follow, max-snippet:-1, max-image-preview:large, max-video-preview:-1\" \/>\n<link rel=\"canonical\" href=\"https:\/\/rubineta.com\/en\/for-clients\/\" \/>\n<meta name=\"twitter:label1\" content=\"\u041f\u0440\u0438\u043c\u0435\u0440\u043d\u043e\u0435 \u0432\u0440\u0435\u043c\u044f \u0434\u043b\u044f \u0447\u0442\u0435\u043d\u0438\u044f\" \/>\n\t<meta name=\"twitter:data1\" content=\"2 \u043c\u0438\u043d\u0443\u0442\u044b\" \/>\n<script type=\"application\/ld+json\" class=\"yoast-schema-graph\">{\"@context\":\"https:\/\/schema.org\",\"@graph\":[{\"@type\":\"WebPage\",\"@id\":\"https:\/\/rubineta.com\/en\/for-clients\/\",\"url\":\"https:\/\/rubineta.com\/en\/for-clients\/\",\"name\":\"[:lt]Verslui[:en]For business [:ru]\u0414\u043b\u044f \u0431\u0438\u0437\u043d\u0435\u0441a[:lv]Biznesam [:] | RUBINETA\",\"isPartOf\":{\"@id\":\"https:\/\/rubineta.com\/#website\"},\"primaryImageOfPage\":{\"@id\":\"https:\/\/rubineta.com\/en\/for-clients\/#primaryimage\"},\"image\":{\"@id\":\"https:\/\/rubineta.com\/en\/for-clients\/#primaryimage\"},\"thumbnailUrl\":\"https:\/\/rubineta.com\/wp-content\/uploads\/2023\/03\/businesspeople-shaking-hands.jpg\",\"datePublished\":\"2016-07-28T12:46:34+00:00\",\"dateModified\":\"2023-03-17T08:47:56+00:00\",\"description\":\"RUBINETA su visais savo partneriais stengiasi u\u017emegzti ilgalaikius, glaud\u017eius, abipusiai naudingus partneryst\u0117s ry\u0161ius ir kartu siekti bendro tikslo.\",\"breadcrumb\":{\"@id\":\"https:\/\/rubineta.com\/en\/for-clients\/#breadcrumb\"},\"inLanguage\":\"ru-RU\",\"potentialAction\":[{\"@type\":\"ReadAction\",\"target\":[\"https:\/\/rubineta.com\/en\/for-clients\/\"]}]},{\"@type\":\"ImageObject\",\"inLanguage\":\"ru-RU\",\"@id\":\"https:\/\/rubineta.com\/en\/for-clients\/#primaryimage\",\"url\":\"https:\/\/rubineta.com\/wp-content\/uploads\/2023\/03\/businesspeople-shaking-hands.jpg\",\"contentUrl\":\"https:\/\/rubineta.com\/wp-content\/uploads\/2023\/03\/businesspeople-shaking-hands.jpg\"},{\"@type\":\"BreadcrumbList\",\"@id\":\"https:\/\/rubineta.com\/en\/for-clients\/#breadcrumb\",\"itemListElement\":[{\"@type\":\"ListItem\",\"position\":1,\"name\":\"Home\",\"item\":\"https:\/\/rubineta.com\/lv\/\"},{\"@type\":\"ListItem\",\"position\":2,\"name\":\"For business\"}]},{\"@type\":\"WebSite\",\"@id\":\"https:\/\/rubineta.com\/#website\",\"url\":\"https:\/\/rubineta.com\/\",\"name\":\"Rubineta - Quality And Reliable Sanitary Fittings\",\"description\":\"High Quality And Reliable Faucets\",\"publisher\":{\"@id\":\"https:\/\/rubineta.com\/#organization\"},\"potentialAction\":[{\"@type\":\"SearchAction\",\"target\":{\"@type\":\"EntryPoint\",\"urlTemplate\":\"https:\/\/rubineta.com\/?s={search_term_string}\"},\"query-input\":{\"@type\":\"PropertyValueSpecification\",\"valueRequired\":true,\"valueName\":\"search_term_string\"}}],\"inLanguage\":\"ru-RU\"},{\"@type\":\"Organization\",\"@id\":\"https:\/\/rubineta.com\/#organization\",\"name\":\"RUBINETA\",\"url\":\"https:\/\/rubineta.com\/\",\"logo\":{\"@type\":\"ImageObject\",\"inLanguage\":\"ru-RU\",\"@id\":\"https:\/\/rubineta.com\/#\/schema\/logo\/image\/\",\"url\":\"https:\/\/rubineta.com\/wp-content\/uploads\/2020\/07\/RUBINETA-logo.jpg\",\"contentUrl\":\"https:\/\/rubineta.com\/wp-content\/uploads\/2020\/07\/RUBINETA-logo.jpg\",\"width\":825,\"height\":456,\"caption\":\"RUBINETA\"},\"image\":{\"@id\":\"https:\/\/rubineta.com\/#\/schema\/logo\/image\/\"}}]}<\/script>\n<!-- \/ Yoast SEO plugin. -->","yoast_head_json":{"title":"[:lt]Verslui[:en]For business [:ru]\u0414\u043b\u044f \u0431\u0438\u0437\u043d\u0435\u0441a[:lv]Biznesam [:] | RUBINETA","description":"RUBINETA su visais savo partneriais stengiasi u\u017emegzti ilgalaikius, glaud\u017eius, abipusiai naudingus partneryst\u0117s ry\u0161ius ir kartu siekti bendro tikslo.","robots":{"index":"index","follow":"follow","max-snippet":"max-snippet:-1","max-image-preview":"max-image-preview:large","max-video-preview":"max-video-preview:-1"},"canonical":"https:\/\/rubineta.com\/en\/for-clients\/","twitter_misc":{"\u041f\u0440\u0438\u043c\u0435\u0440\u043d\u043e\u0435 \u0432\u0440\u0435\u043c\u044f \u0434\u043b\u044f \u0447\u0442\u0435\u043d\u0438\u044f":"2 \u043c\u0438\u043d\u0443\u0442\u044b"},"schema":{"@context":"https:\/\/schema.org","@graph":[{"@type":"WebPage","@id":"https:\/\/rubineta.com\/en\/for-clients\/","url":"https:\/\/rubineta.com\/en\/for-clients\/","name":"[:lt]Verslui[:en]For business [:ru]\u0414\u043b\u044f \u0431\u0438\u0437\u043d\u0435\u0441a[:lv]Biznesam [:] | RUBINETA","isPartOf":{"@id":"https:\/\/rubineta.com\/#website"},"primaryImageOfPage":{"@id":"https:\/\/rubineta.com\/en\/for-clients\/#primaryimage"},"image":{"@id":"https:\/\/rubineta.com\/en\/for-clients\/#primaryimage"},"thumbnailUrl":"https:\/\/rubineta.com\/wp-content\/uploads\/2023\/03\/businesspeople-shaking-hands.jpg","datePublished":"2016-07-28T12:46:34+00:00","dateModified":"2023-03-17T08:47:56+00:00","description":"RUBINETA su visais savo partneriais stengiasi u\u017emegzti ilgalaikius, glaud\u017eius, abipusiai naudingus partneryst\u0117s ry\u0161ius ir kartu siekti bendro tikslo.","breadcrumb":{"@id":"https:\/\/rubineta.com\/en\/for-clients\/#breadcrumb"},"inLanguage":"ru-RU","potentialAction":[{"@type":"ReadAction","target":["https:\/\/rubineta.com\/en\/for-clients\/"]}]},{"@type":"ImageObject","inLanguage":"ru-RU","@id":"https:\/\/rubineta.com\/en\/for-clients\/#primaryimage","url":"https:\/\/rubineta.com\/wp-content\/uploads\/2023\/03\/businesspeople-shaking-hands.jpg","contentUrl":"https:\/\/rubineta.com\/wp-content\/uploads\/2023\/03\/businesspeople-shaking-hands.jpg"},{"@type":"BreadcrumbList","@id":"https:\/\/rubineta.com\/en\/for-clients\/#breadcrumb","itemListElement":[{"@type":"ListItem","position":1,"name":"Home","item":"https:\/\/rubineta.com\/lv\/"},{"@type":"ListItem","position":2,"name":"For business"}]},{"@type":"WebSite","@id":"https:\/\/rubineta.com\/#website","url":"https:\/\/rubineta.com\/","name":"Rubineta - Quality And Reliable Sanitary Fittings","description":"High Quality And Reliable Faucets","publisher":{"@id":"https:\/\/rubineta.com\/#organization"},"potentialAction":[{"@type":"SearchAction","target":{"@type":"EntryPoint","urlTemplate":"https:\/\/rubineta.com\/?s={search_term_string}"},"query-input":{"@type":"PropertyValueSpecification","valueRequired":true,"valueName":"search_term_string"}}],"inLanguage":"ru-RU"},{"@type":"Organization","@id":"https:\/\/rubineta.com\/#organization","name":"RUBINETA","url":"https:\/\/rubineta.com\/","logo":{"@type":"ImageObject","inLanguage":"ru-RU","@id":"https:\/\/rubineta.com\/#\/schema\/logo\/image\/","url":"https:\/\/rubineta.com\/wp-content\/uploads\/2020\/07\/RUBINETA-logo.jpg","contentUrl":"https:\/\/rubineta.com\/wp-content\/uploads\/2020\/07\/RUBINETA-logo.jpg","width":825,"height":456,"caption":"RUBINETA"},"image":{"@id":"https:\/\/rubineta.com\/#\/schema\/logo\/image\/"}}]}},"_links":{"self":[{"href":"https:\/\/rubineta.com\/ru\/wp-json\/wp\/v2\/pages\/7950","targetHints":{"allow":["GET"]}}],"collection":[{"href":"https:\/\/rubineta.com\/ru\/wp-json\/wp\/v2\/pages"}],"about":[{"href":"https:\/\/rubineta.com\/ru\/wp-json\/wp\/v2\/types\/page"}],"author":[{"embeddable":true,"href":"https:\/\/rubineta.com\/ru\/wp-json\/wp\/v2\/users\/1"}],"replies":[{"embeddable":true,"href":"https:\/\/rubineta.com\/ru\/wp-json\/wp\/v2\/comments?post=7950"}],"version-history":[{"count":13,"href":"https:\/\/rubineta.com\/ru\/wp-json\/wp\/v2\/pages\/7950\/revisions"}],"predecessor-version":[{"id":25747,"href":"https:\/\/rubineta.com\/ru\/wp-json\/wp\/v2\/pages\/7950\/revisions\/25747"}],"wp:attachment":[{"href":"https:\/\/rubineta.com\/ru\/wp-json\/wp\/v2\/media?parent=7950"}],"curies":[{"name":"wp","href":"https:\/\/api.w.org\/{rel}","templated":true}]}}