{"id":27345,"date":"2025-12-05T06:42:52","date_gmt":"2025-12-05T08:42:52","guid":{"rendered":"https:\/\/rubineta.com\/?post_type=product&#038;p=27345"},"modified":"2026-03-05T11:54:32","modified_gmt":"2026-03-05T13:54:32","slug":"ultra-18-d-n-bk-38","status":"publish","type":"product","link":"https:\/\/rubineta.com\/ru\/catalogue\/maisytuvai\/ultra-18-d-n-bk-38\/","title":{"rendered":"Ultra-18\/D (N) (BK) (3\/8)"},"content":{"rendered":"","protected":false},"excerpt":{"rendered":"<p class=\"qtranxs-available-languages-message qtranxs-available-languages-message-ru\">\u0418\u0437\u0432\u0438\u043d\u0438\u0442\u0435, \u044d\u0442\u043e\u0442 \u0442\u0435\u0445\u0442 \u0434\u043e\u0441\u0442\u0443\u043f\u0435\u043d \u0442\u043e\u043b\u044c\u043a\u043e \u0432 \u201c<a href=\"https:\/\/rubineta.com\/lt\/wp-json\/wp\/v2\/product\/27345\" class=\"qtranxs-available-language-link qtranxs-available-language-link-lt\" title=\"Lietuvi\u0173\">Lietuvi\u0173<\/a>\u201d \u0438 \u201c<a href=\"https:\/\/rubineta.com\/en\/wp-json\/wp\/v2\/product\/27345\" class=\"qtranxs-available-language-link qtranxs-available-language-link-en\" title=\"English\">English<\/a>\u201d. For the sake of viewer convenience, the content is shown below in this site default language. You may click one of the links to switch the site language to another available language.<\/p>\n<p class=\"\" data-start=\"83\" data-end=\"405\"><strong data-start=\"83\" data-end=\"206\">Ultra-18\/D (N) (3\/8) \u2013 mai\u0161ytuvas, kuris sujungia subtil\u0173 dizain\u0105 ir patikim\u0105 funkcionalum\u0105.<\/strong><\/p>\n<p class=\"\" data-start=\"541\" data-end=\"704\"><strong data-start=\"541\" data-end=\"589\">Patikimi 70 cm lankst\u016bs pajungimo vamzdeliai<\/strong> su vidiniu PeX vamzdeliu i\u0161 <em data-start=\"618\" data-end=\"628\">Fliesser<\/em> (Vokietija). Pagaminta pagal naujausi\u0105 Europos standart\u0105 <strong data-start=\"686\" data-end=\"703\">EN 13618:2016<\/strong>.<\/p>\n<p class=\"\" data-start=\"706\" data-end=\"795\"><strong data-start=\"706\" data-end=\"733\">Kaset\u0117 \u2013 CITEC Rubineta<\/strong> (Ispanija). Patikima ir ilgaam\u017e\u0117. Kaset\u0117s standartas \u2013 35 mm.<\/p>\n<p class=\"\" data-start=\"797\" data-end=\"1185\"><strong data-start=\"797\" data-end=\"828\">Neoperl Slim Air aeratorius<\/strong> \u2013 plonesnis ir ma\u017eiau pastebimas nei \u012fprasti aeratoriai. <em data-start=\"886\" data-end=\"904\">Neoperl Slim Air<\/em> u\u017etikrina puiki\u0105 vandens srov\u0119, geresn\u0119 apsaug\u0105 nuo kalki\u0173, ilgesn\u012f tarnavimo laik\u0105 bei patentuot\u0105 <strong data-start=\"1004\" data-end=\"1025\">PCA\u00ae technologij\u0105<\/strong>, ma\u017einan\u010di\u0105 vandens sunaudojim\u0105. \u0160is aeratorius leid\u017eia patogiai reguliuoti vandens srov\u0117s krypt\u012f. <em data-start=\"1125\" data-end=\"1134\">Neoperl<\/em> \u2013 pirmaujantis aeratori\u0173 gamintojas i\u0161 Vokietijos.<\/p>\n<p class=\"\" data-start=\"1187\" data-end=\"1209\"><strong data-start=\"1187\" data-end=\"1209\">Garantija: 5 metai<\/strong><\/p>\n","protected":false},"featured_media":27343,"comment_status":"closed","ping_status":"closed","template":"","meta":[],"product_cat":[2646,151],"product_tag":[2561],"class_list":{"0":"post-27345","1":"product","2":"type-product","3":"status-publish","4":"has-post-thumbnail","6":"product_cat-naujienos","7":"product_cat-maisytuvai","8":"product_tag-citec_35","9":"pa_barkodas-3303","10":"pa_debitas-l-m-1808","11":"pa_garantija-167","12":"pa_pajungimas-3-8","13":"pa_paskirtis-praustuviniai-maisytuvai","14":"pa_serija-ultra","15":"pa_spalva-juoda","17":"first","18":"instock","19":"shipping-taxable","20":"purchasable","21":"product-type-simple"},"yoast_head":"<!-- This site is optimized with the Yoast SEO plugin v23.9 - https:\/\/yoast.com\/wordpress\/plugins\/seo\/ -->\n<title>Ultra-18\/D (N) (BK) (3\/8) | RUBINETA<\/title>\n<meta name=\"robots\" content=\"index, follow, max-snippet:-1, max-image-preview:large, max-video-preview:-1\" \/>\n<link rel=\"canonical\" href=\"https:\/\/rubineta.com\/catalogue\/maisytuvai\/ultra-18-d-n-bk-38\/\" \/>\n<meta name=\"twitter:label1\" content=\"\u041f\u0440\u0438\u043c\u0435\u0440\u043d\u043e\u0435 \u0432\u0440\u0435\u043c\u044f \u0434\u043b\u044f \u0447\u0442\u0435\u043d\u0438\u044f\" \/>\n\t<meta name=\"twitter:data1\" content=\"1 \u043c\u0438\u043d\u0443\u0442\u0430\" \/>\n<script type=\"application\/ld+json\" class=\"yoast-schema-graph\">{\"@context\":\"https:\/\/schema.org\",\"@graph\":[{\"@type\":\"WebPage\",\"@id\":\"https:\/\/rubineta.com\/catalogue\/maisytuvai\/ultra-18-d-n-bk-38\/\",\"url\":\"https:\/\/rubineta.com\/catalogue\/maisytuvai\/ultra-18-d-n-bk-38\/\",\"name\":\"Ultra-18\/D (N) (BK) (3\/8) | RUBINETA\",\"isPartOf\":{\"@id\":\"https:\/\/rubineta.com\/#website\"},\"primaryImageOfPage\":{\"@id\":\"https:\/\/rubineta.com\/catalogue\/maisytuvai\/ultra-18-d-n-bk-38\/#primaryimage\"},\"image\":{\"@id\":\"https:\/\/rubineta.com\/catalogue\/maisytuvai\/ultra-18-d-n-bk-38\/#primaryimage\"},\"thumbnailUrl\":\"https:\/\/rubineta.com\/wp-content\/uploads\/2025\/12\/UD0068N_UD0168N_Ultra-18D_BK_N-scaled.jpg\",\"datePublished\":\"2025-12-05T08:42:52+00:00\",\"dateModified\":\"2026-03-05T13:54:32+00:00\",\"breadcrumb\":{\"@id\":\"https:\/\/rubineta.com\/catalogue\/maisytuvai\/ultra-18-d-n-bk-38\/#breadcrumb\"},\"inLanguage\":\"ru-RU\",\"potentialAction\":[{\"@type\":\"ReadAction\",\"target\":[\"https:\/\/rubineta.com\/catalogue\/maisytuvai\/ultra-18-d-n-bk-38\/\"]}]},{\"@type\":\"ImageObject\",\"inLanguage\":\"ru-RU\",\"@id\":\"https:\/\/rubineta.com\/catalogue\/maisytuvai\/ultra-18-d-n-bk-38\/#primaryimage\",\"url\":\"https:\/\/rubineta.com\/wp-content\/uploads\/2025\/12\/UD0068N_UD0168N_Ultra-18D_BK_N-scaled.jpg\",\"contentUrl\":\"https:\/\/rubineta.com\/wp-content\/uploads\/2025\/12\/UD0068N_UD0168N_Ultra-18D_BK_N-scaled.jpg\",\"width\":1624,\"height\":2560},{\"@type\":\"BreadcrumbList\",\"@id\":\"https:\/\/rubineta.com\/catalogue\/maisytuvai\/ultra-18-d-n-bk-38\/#breadcrumb\",\"itemListElement\":[{\"@type\":\"ListItem\",\"position\":1,\"name\":\"Home\",\"item\":\"https:\/\/rubineta.com\/lv\/\"},{\"@type\":\"ListItem\",\"position\":2,\"name\":\"Katalogs\",\"item\":\"https:\/\/rubineta.com\/lv\/catalogue\/\"},{\"@type\":\"ListItem\",\"position\":3,\"name\":\"Ultra-18\/D (N) (BK) (3\/8)\"}]},{\"@type\":\"WebSite\",\"@id\":\"https:\/\/rubineta.com\/#website\",\"url\":\"https:\/\/rubineta.com\/\",\"name\":\"Rubineta - Quality And Reliable Sanitary Fittings\",\"description\":\"High Quality And Reliable Faucets\",\"publisher\":{\"@id\":\"https:\/\/rubineta.com\/#organization\"},\"potentialAction\":[{\"@type\":\"SearchAction\",\"target\":{\"@type\":\"EntryPoint\",\"urlTemplate\":\"https:\/\/rubineta.com\/?s={search_term_string}\"},\"query-input\":{\"@type\":\"PropertyValueSpecification\",\"valueRequired\":true,\"valueName\":\"search_term_string\"}}],\"inLanguage\":\"ru-RU\"},{\"@type\":\"Organization\",\"@id\":\"https:\/\/rubineta.com\/#organization\",\"name\":\"RUBINETA\",\"url\":\"https:\/\/rubineta.com\/\",\"logo\":{\"@type\":\"ImageObject\",\"inLanguage\":\"ru-RU\",\"@id\":\"https:\/\/rubineta.com\/#\/schema\/logo\/image\/\",\"url\":\"https:\/\/rubineta.com\/wp-content\/uploads\/2020\/07\/RUBINETA-logo.jpg\",\"contentUrl\":\"https:\/\/rubineta.com\/wp-content\/uploads\/2020\/07\/RUBINETA-logo.jpg\",\"width\":825,\"height\":456,\"caption\":\"RUBINETA\"},\"image\":{\"@id\":\"https:\/\/rubineta.com\/#\/schema\/logo\/image\/\"}}]}<\/script>\n<!-- \/ Yoast SEO plugin. -->","yoast_head_json":{"title":"Ultra-18\/D (N) (BK) (3\/8) | RUBINETA","robots":{"index":"index","follow":"follow","max-snippet":"max-snippet:-1","max-image-preview":"max-image-preview:large","max-video-preview":"max-video-preview:-1"},"canonical":"https:\/\/rubineta.com\/catalogue\/maisytuvai\/ultra-18-d-n-bk-38\/","twitter_misc":{"\u041f\u0440\u0438\u043c\u0435\u0440\u043d\u043e\u0435 \u0432\u0440\u0435\u043c\u044f \u0434\u043b\u044f \u0447\u0442\u0435\u043d\u0438\u044f":"1 \u043c\u0438\u043d\u0443\u0442\u0430"},"schema":{"@context":"https:\/\/schema.org","@graph":[{"@type":"WebPage","@id":"https:\/\/rubineta.com\/catalogue\/maisytuvai\/ultra-18-d-n-bk-38\/","url":"https:\/\/rubineta.com\/catalogue\/maisytuvai\/ultra-18-d-n-bk-38\/","name":"Ultra-18\/D (N) (BK) (3\/8) | RUBINETA","isPartOf":{"@id":"https:\/\/rubineta.com\/#website"},"primaryImageOfPage":{"@id":"https:\/\/rubineta.com\/catalogue\/maisytuvai\/ultra-18-d-n-bk-38\/#primaryimage"},"image":{"@id":"https:\/\/rubineta.com\/catalogue\/maisytuvai\/ultra-18-d-n-bk-38\/#primaryimage"},"thumbnailUrl":"https:\/\/rubineta.com\/wp-content\/uploads\/2025\/12\/UD0068N_UD0168N_Ultra-18D_BK_N-scaled.jpg","datePublished":"2025-12-05T08:42:52+00:00","dateModified":"2026-03-05T13:54:32+00:00","breadcrumb":{"@id":"https:\/\/rubineta.com\/catalogue\/maisytuvai\/ultra-18-d-n-bk-38\/#breadcrumb"},"inLanguage":"ru-RU","potentialAction":[{"@type":"ReadAction","target":["https:\/\/rubineta.com\/catalogue\/maisytuvai\/ultra-18-d-n-bk-38\/"]}]},{"@type":"ImageObject","inLanguage":"ru-RU","@id":"https:\/\/rubineta.com\/catalogue\/maisytuvai\/ultra-18-d-n-bk-38\/#primaryimage","url":"https:\/\/rubineta.com\/wp-content\/uploads\/2025\/12\/UD0068N_UD0168N_Ultra-18D_BK_N-scaled.jpg","contentUrl":"https:\/\/rubineta.com\/wp-content\/uploads\/2025\/12\/UD0068N_UD0168N_Ultra-18D_BK_N-scaled.jpg","width":1624,"height":2560},{"@type":"BreadcrumbList","@id":"https:\/\/rubineta.com\/catalogue\/maisytuvai\/ultra-18-d-n-bk-38\/#breadcrumb","itemListElement":[{"@type":"ListItem","position":1,"name":"Home","item":"https:\/\/rubineta.com\/lv\/"},{"@type":"ListItem","position":2,"name":"Katalogs","item":"https:\/\/rubineta.com\/lv\/catalogue\/"},{"@type":"ListItem","position":3,"name":"Ultra-18\/D (N) (BK) (3\/8)"}]},{"@type":"WebSite","@id":"https:\/\/rubineta.com\/#website","url":"https:\/\/rubineta.com\/","name":"Rubineta - Quality And Reliable Sanitary Fittings","description":"High Quality And Reliable Faucets","publisher":{"@id":"https:\/\/rubineta.com\/#organization"},"potentialAction":[{"@type":"SearchAction","target":{"@type":"EntryPoint","urlTemplate":"https:\/\/rubineta.com\/?s={search_term_string}"},"query-input":{"@type":"PropertyValueSpecification","valueRequired":true,"valueName":"search_term_string"}}],"inLanguage":"ru-RU"},{"@type":"Organization","@id":"https:\/\/rubineta.com\/#organization","name":"RUBINETA","url":"https:\/\/rubineta.com\/","logo":{"@type":"ImageObject","inLanguage":"ru-RU","@id":"https:\/\/rubineta.com\/#\/schema\/logo\/image\/","url":"https:\/\/rubineta.com\/wp-content\/uploads\/2020\/07\/RUBINETA-logo.jpg","contentUrl":"https:\/\/rubineta.com\/wp-content\/uploads\/2020\/07\/RUBINETA-logo.jpg","width":825,"height":456,"caption":"RUBINETA"},"image":{"@id":"https:\/\/rubineta.com\/#\/schema\/logo\/image\/"}}]}},"_links":{"self":[{"href":"https:\/\/rubineta.com\/ru\/wp-json\/wp\/v2\/product\/27345","targetHints":{"allow":["GET"]}}],"collection":[{"href":"https:\/\/rubineta.com\/ru\/wp-json\/wp\/v2\/product"}],"about":[{"href":"https:\/\/rubineta.com\/ru\/wp-json\/wp\/v2\/types\/product"}],"replies":[{"embeddable":true,"href":"https:\/\/rubineta.com\/ru\/wp-json\/wp\/v2\/comments?post=27345"}],"wp:featuredmedia":[{"embeddable":true,"href":"https:\/\/rubineta.com\/ru\/wp-json\/wp\/v2\/media\/27343"}],"wp:attachment":[{"href":"https:\/\/rubineta.com\/ru\/wp-json\/wp\/v2\/media?parent=27345"}],"wp:term":[{"taxonomy":"product_cat","embeddable":true,"href":"https:\/\/rubineta.com\/ru\/wp-json\/wp\/v2\/product_cat?post=27345"},{"taxonomy":"product_tag","embeddable":true,"href":"https:\/\/rubineta.com\/ru\/wp-json\/wp\/v2\/product_tag?post=27345"}],"curies":[{"name":"wp","href":"https:\/\/api.w.org\/{rel}","templated":true}]}}